{"id":928,"date":"2019-12-12T19:20:41","date_gmt":"2019-12-12T19:20:41","guid":{"rendered":"http:\/\/pepsyna.com\/?page_id=928"},"modified":"2020-01-09T21:51:08","modified_gmt":"2020-01-09T21:51:08","slug":"sloik-typ-3a-n-50ml","status":"publish","type":"page","link":"https:\/\/pepsyna.com\/index.php\/pojemniki-plastikowe\/sloiki\/sloik-typ-3a-n-50ml\/","title":{"rendered":"S\u0142oik Typ 3A N 50ml"},"content":{"rendered":"\t\t<div data-elementor-type=\"wp-page\" data-elementor-id=\"928\" class=\"elementor elementor-928\" data-elementor-settings=\"[]\">\n\t\t\t<div class=\"elementor-inner\">\n\t\t\t\t<div class=\"elementor-section-wrap\">\n\t\t\t\t\t\t\t<section class=\"elementor-element elementor-element-5de97842 elementor-section-boxed elementor-section-height-default elementor-section-height-default elementor-section elementor-top-section\" data-id=\"5de97842\" data-element_type=\"section\">\n\t\t\t\t\t\t<div class=\"elementor-container elementor-column-gap-default\">\n\t\t\t\t<div class=\"elementor-row\">\n\t\t\t\t<div class=\"elementor-element elementor-element-445bb97e elementor-column elementor-col-100 elementor-top-column\" data-id=\"445bb97e\" data-element_type=\"column\">\n\t\t\t<div class=\"elementor-column-wrap  elementor-element-populated\">\n\t\t\t\t\t<div class=\"elementor-widget-wrap\">\n\t\t\t\t<div class=\"elementor-element elementor-element-eadb3da elementor-widget elementor-widget-text-editor\" data-id=\"eadb3da\" data-element_type=\"widget\" data-widget_type=\"text-editor.default\">\n\t\t\t\t<div class=\"elementor-widget-container\">\n\t\t\t\t\t<div class=\"elementor-text-editor elementor-clearfix\"><p><!-- wp:image {\"id\":929,\"sizeSlug\":\"large\"} --><\/p>\n<figure class=\"wp-block-image size-large\">\n<figure id=\"attachment_929\" aria-describedby=\"caption-attachment-929\" style=\"width: 292px\" class=\"wp-caption alignnone\"><img loading=\"lazy\" class=\"wp-image-929 size-full\" title=\"S\u0142oik Typ 3A N 50ml\" src=\"http:\/\/pepsyna.com\/wp-content\/uploads\/2019\/12\/obraz-2.png\" alt=\"S\u0142oik Typ 3A N 50ml\" width=\"292\" height=\"284\" \/><figcaption id=\"caption-attachment-929\" class=\"wp-caption-text\">S\u0142oik Typ 3A N 50ml<\/figcaption><\/figure>\n<\/figure>\n<h5>Dost\u0119pne przek\u0142adki dla tego produktu<\/h5>\n<h6>Przek\u0142adka uszczelniaj\u0105ca &#8220;EPE&#8221;\u00a0\u00a0\u00a0\u00a0\u00a0\u00a0\u00a0\u00a0\u00a0 <img loading=\"lazy\" class=\"\" src=\"https:\/\/www.polipack.com.pl\/images\/products\/789-263-separator.jpg\" alt=\"Przek\u0142adka uszczelniaj\u0105ca &quot;EPE&quot;\" width=\"116\" height=\"116\" \/><\/h6>\n<h6>Przek\u0142adka uszczelniaj\u0105ca &#8220;Poly Seal&#8221; <img loading=\"lazy\" class=\"\" src=\"https:\/\/www.polipack.com.pl\/images\/products\/791-263-separator.jpg\" alt=\"Przek\u0142adka uszczelniaj\u0105ca &quot;Poly Seal&quot;\" width=\"119\" height=\"119\" \/><\/h6>\n<p>\u00a0<\/p>\n<p><!-- \/wp:image --><\/p><\/div>\n\t\t\t\t<\/div>\n\t\t\t\t<\/div>\n\t\t\t\t\t\t<\/div>\n\t\t\t<\/div>\n\t\t<\/div>\n\t\t\t\t\t\t<\/div>\n\t\t\t<\/div>\n\t\t<\/section>\n\t\t\t\t<section class=\"elementor-element elementor-element-867e84e elementor-section-boxed elementor-section-height-default elementor-section-height-default elementor-section elementor-top-section\" data-id=\"867e84e\" data-element_type=\"section\">\n\t\t\t\t\t\t<div class=\"elementor-container elementor-column-gap-default\">\n\t\t\t\t<div class=\"elementor-row\">\n\t\t\t\t<div class=\"elementor-element elementor-element-22ef2f4 elementor-column elementor-col-100 elementor-top-column\" data-id=\"22ef2f4\" data-element_type=\"column\">\n\t\t\t<div class=\"elementor-column-wrap  elementor-element-populated\">\n\t\t\t\t\t<div class=\"elementor-widget-wrap\">\n\t\t\t\t<div class=\"elementor-element elementor-element-efdb75f elementor-widget elementor-widget-text-editor\" data-id=\"efdb75f\" data-element_type=\"widget\" data-widget_type=\"text-editor.default\">\n\t\t\t\t<div class=\"elementor-widget-container\">\n\t\t\t\t\t<div class=\"elementor-text-editor elementor-clearfix\"><table>\n<tbody>\n<tr>\n<th colspan=\"2\">Sp\u00f3d<\/th>\n<\/tr>\n<tr>\n<td>Materia\u0142:<\/td>\n<td>SAN<\/td>\n<\/tr>\n<tr>\n<td>\u015arednica:<\/td>\n<td>56.00 mm<\/td>\n<\/tr>\n<tr>\n<td>Wysoko\u015b\u0107:<\/td>\n<td>34.80 mm<\/td>\n<\/tr>\n<tr>\n<td>Waga:<\/td>\n<td>19.80 g<\/td>\n<\/tr>\n<tr>\n<th colspan=\"2\">Nakr\u0119tka<\/th>\n<\/tr>\n<tr>\n<td>Materia\u0142:<\/td>\n<td>SAN<\/td>\n<\/tr>\n<tr>\n<td>\u015arednica:<\/td>\n<td>56.50 mm<\/td>\n<\/tr>\n<tr>\n<td>Wysoko\u015b\u0107:<\/td>\n<td>14.20 mm<\/td>\n<\/tr>\n<tr>\n<td>Waga:<\/td>\n<td>6.65 g<\/td>\n<\/tr>\n<tr>\n<th colspan=\"2\">Komplet<\/th>\n<\/tr>\n<tr>\n<td>Pojemno\u015b\u0107:<\/td>\n<td>50 ml<\/td>\n<\/tr>\n<tr>\n<td>Pojemno\u015b\u0107 ca\u0142kowita<\/td>\n<td>60 ml<\/td>\n<\/tr>\n<tr>\n<td>Materia\u0142:<\/td>\n<td>SAN\/SAN<\/td>\n<\/tr>\n<tr>\n<td>Wysoko\u015b\u0107:<\/td>\n<td>39.80 mm<\/td>\n<\/tr>\n<tr>\n<td>\u015arednica:<\/td>\n<td>56.50 mm<\/td>\n<\/tr>\n<tr>\n<td>Waga:<\/td>\n<td>26.45 g<\/td>\n<\/tr>\n<\/tbody>\n<\/table>\n<div id=\"_detail_spec_table\">\n<p>Opakowanie jest przeznaczone m.in. do produkt\u00f3w kosmetycznych.<\/p>\n<h2>Pakowanie:<\/h2>\n<table id=\"_technic_table\">\n<thead>\n<tr>\n<th>Nazwa<\/th>\n<th>Pakowanie <small>szt.<\/small><\/th>\n<th>Wymiar kartonu <small>[mm]<\/small><\/th>\n<th>Masa kartonu<sup>*<\/sup>\u00a0<small>[kg]<\/small><\/th>\n<th>Ilo\u015b\u0107 karton\u00f3w na palecie <small>szt.<\/small><\/th>\n<th>Ilo\u015b\u0107 sztuk na palecie <small>szt.<\/small><\/th>\n<th>Pakowanie zgrzewka <small>szt.<\/small><\/th>\n<th>Ilo\u015b\u0107 na palecie <small>szt.<\/small><\/th>\n<\/tr>\n<\/thead>\n<tbody>\n<tr>\n<td>Sp\u00f3d<\/td>\n<td>500<\/td>\n<td>580x380x360<\/td>\n<td>10.8<\/td>\n<td>20<\/td>\n<td>10000<\/td>\n<td>0<\/td>\n<td>0<\/td>\n<\/tr>\n<tr>\n<td>Nakr\u0119tka<\/td>\n<td>1000<\/td>\n<td>580x380x360<\/td>\n<td>7.6<\/td>\n<td>20<\/td>\n<td>20000<\/td>\n<td>\u00a0<\/td>\n<td>\u00a0<\/td>\n<\/tr>\n<\/tbody>\n<\/table>\n<p><small>*Podane warto\u015bci maj\u0105 charakter orientacyjny i nie mog\u0105 by\u0107 podstaw\u0105 do roszcze\u0144<\/small><\/p>\n<h2>Mo\u017cliwo\u015bci zadruku:<\/h2>\n<div class=\"hidden-lg\">\n<div class=\"_flex_table pl\">\n<div>\n<table>\n<thead>\n<tr>\n<th rowspan=\"2\">Nazwa detalu<\/th>\n<th colspan=\"3\">Pole zadruku &#8211; SITODRUK<\/th>\n<\/tr>\n<tr>\n<th>dno <small>[mm]<\/small><\/th>\n<th>obw\u00f3d <small>[mm]<\/small><\/th>\n<th>g\u00f3ra <small>[mm]<\/small><\/th>\n<\/tr>\n<\/thead>\n<tbody>\n<tr>\n<td>Sp\u00f3d<\/td>\n<td>x<\/td>\n<td>13 x 160<\/td>\n<td>x<\/td>\n<\/tr>\n<\/tbody>\n<\/table>\n<\/div>\n<div>\n<table>\n<thead>\n<tr>\n<th class=\"hidden-lg\" rowspan=\"2\">Nazwa detalu<\/th>\n<th colspan=\"3\">Pole zadruku &#8211; TAMPODRUK<\/th>\n<\/tr>\n<tr>\n<th>dno <small>[mm]<\/small><\/th>\n<th>obw\u00f3d <small>[mm]<\/small><\/th>\n<th>g\u00f3ra <small>[mm]<\/small><\/th>\n<\/tr>\n<\/thead>\n<tbody>\n<tr>\n<td class=\"hidden-lg\">Sp\u00f3d<\/td>\n<td>25<\/td>\n<td>x<\/td>\n<td>x<\/td>\n<\/tr>\n<\/tbody>\n<\/table>\n<\/div>\n<div>\n<table>\n<thead>\n<tr>\n<th class=\"hidden-lg\" rowspan=\"2\">Nazwa detalu<\/th>\n<th colspan=\"2\">Mo\u017cliwo\u015b\u0107 zastosowania HS <small>(wtop)<\/small><\/th>\n<\/tr>\n<tr>\n<th>na obwodzie<\/th>\n<th>na g\u00f3rze<\/th>\n<\/tr>\n<\/thead>\n<tbody>\n<tr>\n<td class=\"hidden-lg\">Sp\u00f3d<\/td>\n<td>**<\/td>\n<td>x<\/td>\n<\/tr>\n<\/tbody>\n<\/table>\n<\/div>\n<div>\n<table>\n<thead>\n<tr>\n<th class=\"hidden-lg\" rowspan=\"2\">Nazwa detalu<\/th>\n<th colspan=\"3\">Pole zadruku &#8211; ETYKIETA<\/th>\n<\/tr>\n<tr>\n<th>dno <small>[mm]<\/small><\/th>\n<th>obw\u00f3d <small>[mm]<\/small><\/th>\n<th>g\u00f3ra <small>[mm]<\/small><\/th>\n<\/tr>\n<\/thead>\n<tbody>\n<tr>\n<td class=\"hidden-lg\">Sp\u00f3d<\/td>\n<td>28<\/td>\n<td>13 x 160<\/td>\n<td>x<\/td>\n<\/tr>\n<\/tbody>\n<\/table>\n<\/div>\n<\/div>\n<\/div>\n<p><small>**Do ustalenia po otrzymaniu projektu<\/small><\/p>\n<p><small>x Brak mo\u017cliwo\u015bci zadruku<\/small><\/p>\n<p><small>Podane wymiary zadruku (mm) (wysoko\u015b\u0107 x d\u0142ugo\u015b\u0107)<\/small><\/p>\n<p><small>***Mo\u017cliwo\u015bci etykietowania okre\u015blone przez odbiorc\u0119<\/small><\/p>\n<\/div><\/div>\n\t\t\t\t<\/div>\n\t\t\t\t<\/div>\n\t\t\t\t\t\t<\/div>\n\t\t\t<\/div>\n\t\t<\/div>\n\t\t\t\t\t\t<\/div>\n\t\t\t<\/div>\n\t\t<\/section>\n\t\t\t\t\t\t<\/div>\n\t\t\t<\/div>\n\t\t<\/div>\n\t\t","protected":false},"excerpt":{"rendered":"<p>Sp\u00f3d Materia\u0142: SAN \u015arednica: 56.00 mm Wysoko\u015b\u0107: 34.80 mm Waga: 19.80 g Nakr\u0119tka Materia\u0142: SAN \u015arednica: 56.50 mm Wysoko\u015b\u0107: 14.20 mm Waga: 6.65 g Komplet Pojemno\u015b\u0107: 50 ml Pojemno\u015b\u0107 ca\u0142kowita 60 ml Materia\u0142: SAN\/SAN Wysoko\u015b\u0107: 39.80 mm \u015arednica: 56.50 mm Waga: 26.45 g Opakowanie jest przeznaczone m.in. do produkt\u00f3w kosmetycznych. Pakowanie: Nazwa Pakowanie szt. Wymiar [&hellip;]<\/p>\n","protected":false},"author":1,"featured_media":0,"parent":1028,"menu_order":15,"comment_status":"closed","ping_status":"closed","template":"","meta":[],"_links":{"self":[{"href":"https:\/\/pepsyna.com\/index.php\/wp-json\/wp\/v2\/pages\/928"}],"collection":[{"href":"https:\/\/pepsyna.com\/index.php\/wp-json\/wp\/v2\/pages"}],"about":[{"href":"https:\/\/pepsyna.com\/index.php\/wp-json\/wp\/v2\/types\/page"}],"author":[{"embeddable":true,"href":"https:\/\/pepsyna.com\/index.php\/wp-json\/wp\/v2\/users\/1"}],"replies":[{"embeddable":true,"href":"https:\/\/pepsyna.com\/index.php\/wp-json\/wp\/v2\/comments?post=928"}],"version-history":[{"count":3,"href":"https:\/\/pepsyna.com\/index.php\/wp-json\/wp\/v2\/pages\/928\/revisions"}],"predecessor-version":[{"id":1373,"href":"https:\/\/pepsyna.com\/index.php\/wp-json\/wp\/v2\/pages\/928\/revisions\/1373"}],"up":[{"embeddable":true,"href":"https:\/\/pepsyna.com\/index.php\/wp-json\/wp\/v2\/pages\/1028"}],"wp:attachment":[{"href":"https:\/\/pepsyna.com\/index.php\/wp-json\/wp\/v2\/media?parent=928"}],"curies":[{"name":"wp","href":"https:\/\/api.w.org\/{rel}","templated":true}]}}