{"id":912,"date":"2019-12-12T19:10:32","date_gmt":"2019-12-12T19:10:32","guid":{"rendered":"http:\/\/pepsyna.com\/?page_id=912"},"modified":"2020-01-09T21:32:06","modified_gmt":"2020-01-09T21:32:06","slug":"sloik-typ-26-z-termosem-15ml","status":"publish","type":"page","link":"https:\/\/pepsyna.com\/index.php\/pojemniki-plastikowe\/sloiki\/sloik-typ-26-z-termosem-15ml\/","title":{"rendered":"S\u0142oik Typ 26 z termosem 15ml"},"content":{"rendered":"\t\t<div data-elementor-type=\"wp-page\" data-elementor-id=\"912\" class=\"elementor elementor-912\" data-elementor-settings=\"[]\">\n\t\t\t<div class=\"elementor-inner\">\n\t\t\t\t<div class=\"elementor-section-wrap\">\n\t\t\t\t\t\t\t<section class=\"elementor-element elementor-element-594ebcdb elementor-section-boxed elementor-section-height-default elementor-section-height-default elementor-section elementor-top-section\" data-id=\"594ebcdb\" data-element_type=\"section\">\n\t\t\t\t\t\t<div class=\"elementor-container elementor-column-gap-default\">\n\t\t\t\t<div class=\"elementor-row\">\n\t\t\t\t<div class=\"elementor-element elementor-element-59233fe6 elementor-column elementor-col-100 elementor-top-column\" data-id=\"59233fe6\" data-element_type=\"column\">\n\t\t\t<div class=\"elementor-column-wrap  elementor-element-populated\">\n\t\t\t\t\t<div class=\"elementor-widget-wrap\">\n\t\t\t\t<div class=\"elementor-element elementor-element-6a7a352e elementor-widget elementor-widget-text-editor\" data-id=\"6a7a352e\" data-element_type=\"widget\" data-widget_type=\"text-editor.default\">\n\t\t\t\t<div class=\"elementor-widget-container\">\n\t\t\t\t\t<div class=\"elementor-text-editor elementor-clearfix\"><p><!-- wp:paragraph --><\/p>\n<figure style=\"width: 438px\" class=\"wp-caption alignnone\"><a href=\"www.pepsyna.com\"><img loading=\"lazy\" title=\"S\u0142oik Typ 26 z termosem 15ml\" src=\"data:image\/png;base64,iVBORw0KGgoAAAANSUhEUgAAAbYAAACBCAYAAACsAZ\/RAAAgAElEQVR4nO2d51dTW7eH+YPvGPcU21H0iEpRARHBBiIKItKkQ3oPIRAgvYcQQgex6zveccfvfsiZ66xsdoomuAOsD89Agexk14c511xzVaXTaQgEAoFAcFqoUvoDCAQCgUBQTqrW19chEAgEAsFpQYhNIBAIBKeKqlQqBYFAIBAITgtCbAKBQCA4VQixCQQCgeBUIcQmOHWsra2VRKHtF8rvK73\/AsFZR4hNIBAIBKcKITaB4AcpNeITCATHS1WpaRuB4KyRTCbzovTnEwjOOkJsglPH6upqSRTavhCbQFDZVBW6SQWCk0apYlP68wsEgtKoUvoDCATlptS\/9krdvtL7LxCcdaqU\/gACQbkptR1Poe0LsQkElU1VIpGAQFBO6OG+urqKRCKBeDyeBX8BUvpP+vpcopCmDNfWMlWIJKV0Oo2NjY28lCqmQmKkDuM0p40\/HtJUJ7\/vdHzkjolAICgeITZB2ZGOWUm\/L\/dQz7UNkhcJjEcqss3NTWxubuLw8PBYeffuXV74idq8LIsd41P6\/AkEJx0hNkHZicfjSCTkRcY\/vPkojn6fJEAiS6fT2NzcxNbWFnZ2drCzs4P9\/X0cHBzg4OAA7969Y8J5\/\/493r9\/jw8fPuTl8+fPJVFo+\/v7+9jf38fe3h729vawu7vLPvv29vYR8eWKXAUCwc9RJU0TCQSlEovFEI9nyy2RSGT9jP83CY0ktrOzg93dXezt7WF\/f5\/Ji6T18eNHfPz4EZ8+fcKnT5+YcL58+YIvX74UjLhIgLkoJK5Cr6fPQ5+PPu\/Hjx\/x4cMHHBwcYH9\/H7u7u9ja2kI6ncba2ho7RvwNqvS5FAhOIkJsgmMnFoshFoshGo0iEomw7ycSCSSTSaTTaWxtbWFvbw8HBwdZEpFK7NOnTwUlVUhMheBFJAf\/WeQoJEOS3eHhIfb397Gzs4PNzU02LidN1UqPo9LnUyCodKroZhEIygVdXLFYRmbRaDTr+8lkkqUZSWjv3r1jUuIlwUc6RKliKySuUikUMfL78\/79ezZuR+nVzc1NbGxsIJ1OI5VKMcnRMRUIBPkRYhOUHTmpra6uYn19HRsbG9je3sbu7i4ODg5weHjIZCMVj1y0Q2IoRSylphpLTWUWgiS3t7eH7e1tbGxsZAlO6fMrEFQ6QmyCskNii0QiiEajSCQSWF9fx\/b2Niv8oJQcjYtRUcbPiEcuIiqFUiO+QhGlXDQqHaP7+PEj3r9\/n5WqpIITpc+vQFDpVEUiEUihv7R\/FrltCn4dSp+fYDDIxoYCgQCi0Sh2d3dZ4cRxR0zHTakR2Y8gJ2+ai+fz+ZBIZOb9BYNBxONxhMNhxa+\/475+lb6+T\/r9qfT+\/Yr9F2I7hSh9fij9SF\/T6TQODw+LKpUXYitObOl0GoFAALFYJkIOBoNYXV0VYjsBz5+T\/vlPwvmTFZtAUAqJRII9YNPpNN69e8eqCYuRm9LiqiSxyR2P7e1t7O3tsYdAOBxGMBjE2traqRCbQFAqVeFwGAJBOYlGowgEAojH43j37h2bW3ZwcJCzHF6IrXjJ0TgiRWjBYBDBYBCpVAqhUEjx8y8QKI0Qm6DshEIhBAIBpFIpfPnyBd+\/f8fBwQF2d3dFxFYiHz9+xNevX\/H582c2phYKhRAMBpFMJhEMBhU\/\/wKB0lSFQiEIBOUkEomwB+3795kqP+qj+OXLFyG2n5AZz\/fv37G\/vw+fz4dgMMgi5EQigWAwqPj5FwiURlZslNr4WZTeqbOO0ucnGo3C6\/XC4\/EgHo9jd3cX79+\/x8ePH4XYflJq0u4mq6ursNls8Hq9WdWnSl97v+L6Vfr6Pun3p9L79yv2X4jtFKL0+YlGo3C5XDCbzXA6nVhdXWWRWzHzxJQWV6WL7d27d\/D5fNBoNFhZWcHq6ir8fj8ikUwhidLX33Ffv0pf3yf9\/lR6\/36J2Er9EGeRQgc1EAiUhNL7Vyp+fwabbQ4qlQYOhxOJRBJ7ewf4\/PkrPn78zPjw4RM+fPiE9+8\/4vDwAw4PPxyZuCxtOVWqLI5DcrkmeBfqLyndT36SOT9xnSLer1+\/wm63Q6PRQKPRIBwOw+PxsK9+v7\/k60vpB9tJR+n7+7jfX+n9KwYhtp9AiC0\/gUAIgUAIVqsd09OzMJks8Hh8iEbjSKXSODg4xOHhB3z48AmfPn3Bp09f8PHjZyY3ucjoRzqDKCE2qcTkxExyltuHjx8\/shUKvn37xjqYfPnyBf\/973\/x5csXpFIpuN1u2Gw2WbF5vd6yXF9CbKVe\/0JsSlNV6kP4LFLqiT\/9\/Cu2qakZ6PVGLCy4sLLigd8fRCqVxsbGFvb2DvDhwyd8\/vwVnz9\/ZYIrVDxRqozKteBortSk9Gf8HD5+SRt+X\/jf+\/DhA6sm\/fr1K\/b39xGPx+FyuWCxWGCxWKBSqaBWqxEKheDxeBCJRFgxyXFf3+L6P17E8S2dKr\/fD8GPUeigKv35lCcTtdntDszOqmEyWeByLWNlxQOfL4BAIIRIJIZkMoWtrR0cHBzi48fP+Pz5K758+Zazl2Kx66n9CrHlG3OTWz+OXy9OLkXJS4\/6ZR4eHiKdTsPn88HhcMBqtcJms8FsNmN2dhYqlUpWbMd9fYvr\/3gRx7d0hNh+AnHh5YfkNTc3D7VaC4vFhuVlNzweH\/z+ILxeP\/z+IEKhCGKxBFKpNLa2drC\/\/w7v3r0v2JhY6eKRQqlSqZSlqUgS1+fPn\/H161d8+\/YNX758YdHa4eEh1tbW4Ha7sbCwAJfLhaWlJTgcDhiNRphMJszOzmJ2dhbBYBBut1uI7RQhjm\/pVPl8Pgh+jEIHVenPpzR+fxDBYJiJzWy2wuVaZnILhSIIBsOMSCSGeHwVa2vrWF\/fYCtnkwT4iOfr169lqzQsB3whiHTlbPoefW7iP\/\/5D75\/\/45v376xOX5bW1tIJpOIxWIIhULwer1wuVxYWFhgOByOIxEbiY3G2gKBwLFf3+L6P+77RxzfUqnyer0Q\/BjHfVKU3r\/S8cPvDx5JRZLYwuFoFpFIDNFoHPH4KhKJJNbW1pBKpdjabfxCpOWWUSnw6UNKM1IlI\/2bIrJv377h+\/fv+P79OysM2dnZQSqVQjQahc\/nw\/LyMhYXF+FwOLC8vAy\/3w+v1wun0wmbzQa73Y6FhQU2xkZiW1lZQSgUgtvtLsv1Ja7f430+FHp9IbEd9\/srvf1yIMR2DCf2rD8Y3G4vvF4\/rFY7ZmZUMJutWF52w+v1IxgMs4guHI4iFksgkUhidXWNQasCJBKJrNW2Nzc3sbW1VVYhlQIvMz4i+7\/\/+z\/897\/\/ZdWNBwcH2N7eZitiBwIBeL1eLC8vw+VyYXFxEUtLS1hZWYHH42GSozSk2+2G2+3G\/Pw8TCYTrFbrEbHR12Kuz+O+vpW+\/pRGiE35cyArNo\/Hk5dS37TU7Rd6\/XFvX+mTpvTxL7x9H9xuL5zORUxMTMHhcMLpXITPF4DX60coFEE4HGVR2urqGpLJFGNtbY2RSqWQSqWwvr7OSCYzUV06ncbW1taR1bjl0oB81PSf\/\/yHQVEU\/fzbt2+yP\/\/69WtWNEYpx\/fv3+Pdu3fY39\/H7u4udnZ2sLq6ikQiwTqBUHow37kgeRErKytYXl5muFwuzM\/Pw263w2QyYWZmBkajEW63m22rmIdeOa4Ppe8vpV9f6fdnpe\/frzh+Qmxn8MI4KWIjqUnFRqTT6Sw2NjbYWmX0f4rytre3sb29jZ2dnSMVjnxhx8HBAfb397PY29tj0tre3mbvs76+jrW1NSYyWoOOFlmNRCJMbPzYiNy5KJfYfsX9qfT9pfTrK\/3+rPT9+xXHr6rUi1ggOErpYssnNV5eqVTm95PJJFZXV7NIJpMsuuO3t7W1ha2tLWxubjJIViQsHul7JBIJJq9YLHaklRUJjsQmnXsk9xD6EbGZzeYjYvN4MilMt9tdAedfIFCWKukNJRCUSqliyyU1aYRGyImIf600opOTWa5t0\/ZTqRQTJUECJcmR6PgFQOU6cfys2JxOJ+bm5lhVpNFoZONyHs+\/YhMIzjpCbIKyUy6xFSM1XliEXCqT3x5FbNLITSo+\/vsUHaZSKRaxSYVG5JMalfLnExv9f2VlhbG0tJRXbG53JnJbWVlR\/PwLBEpTxd88AkE5KFVs+cbSpFGWNF1YDHJS48XGvxcfsVE6Uio2Elo0GmXRWikRWy6x0Vw2qdjodz0eD5aXlxU\/\/wKB0lTx6Q6i0IvkXvMjlLr9Unf6uD9fpXPc+1dOsclJjZeQ3BiYXKEJT66xtVwRIMlNKkh+zE2aioxGo1li+5ExNq\/Xm\/V\/OieFxOZ2u7G0tHTs14fS95fSr6\/0+7PS9+9XHD8htjN4YZxEsUllI5VRLolJ05GpVEo21chviyooCYrs+JSknNhIaqUWj9D3+e8tL8uLbXl5mf1ciO103N+nff9+xfGTFVupLC0t5UXpHRccLzTheGFhAVNTU5ibm8Pc3By83szkznA4jEgkkjUJm4+EShVbKpXE2tpqFqlUEuvra0inU9jYWM\/L5mYam5tpbG1tYHMzjY2NdaTTKayvryGVSiKZTCCZTGB1NY5EIoZEIoZ4PIpYLJIhGkYsGkY0EkIkHEQo6Ecw4EPA70XA74Xf52H4vG74vG54PSuMlZWVI9Ha4uIinE4nE5tKpYLJZGI\/X1paYoI7bsT9fbaPz0nYPyE2QdkRYitNbNKBcDqmcmKjY+5yuX7ZX+Pi\/j7bx+ck7F9VoQ8pEPwoQmzlFxuV+8\/Pz+cVm9LnXiCoBKpcLhcEgnIixFa62Pixt5WVFbhcmU7\/cmJbWsr8MUGCEwjOOkJsgrIjxFaa2KRdFCgSI7FRd38Sm8uVkR4JTunzLxAoTdXi4iIEgnIjxFa62Kg6kheb0+nMEtvS0hJcLhdbCWBhYUHxcy8QKE0Vv5BhuSj0psfxnoLKYXFRiK1UsfHTAaiMf3FxMafYnE4nE9uvOL\/i\/j67x+ck7J8Qm+BYzr8Q28+LTTrPrZDY6Pv09VecX3F\/n93jcxL2r8rpdEIgKCcLC5m02NzcHPR6PYxGIxYXF9mSLaFQCOFwGNFoFPF4HIlEIqsbf65uI\/m6hWRPzF7LC4mrELnERrIkuZHg4vFohlgE8X8EF42EEA4FmNx4wfGSI8H5vG52nKTjbIuLi6x4ZHp6GnNzc1hYWMDc3BxcLhccDofi514gqASE2ARlp5DYKGIjsUmXmPkZsWXL7WSLTdqNhMRGKUchNoEgP0JsgrJD6QoSm8FgkBWbXCoylUr9kNjk5Xbyxcb3f+RL\/p1OJ0wmExOb0+lkYqP\/CwRnnar5+XkIBOXE6cyM99jtduh0OhgMBiwsLLBxo1xio16OhcRWeD21VF4qXWyFekWaTCZMTU3BbrfD6cyIjf6QUPrcCwSVgBCboOxIxabX65nYPB5P1hibVGz5OvoXL7eTLTa\/3w+fz3dkgrbD4YDNZoPRaGRim5\/PrKpNx1vpcy8QVAJVDocDAkE5mZ+fx8LCAux2O7RaLfR6PZxOJxs7CgQCCAaDLGpbXV39oYgt1zpq\/1Jc1WMli42P2mgStsORW2x0vOfn5xU\/\/wKB0gixCcoOic1msx0Rm9udqfoLBAIIhUJHorZiikfyLRJ6GsRWaAVto9GIyclJ2Gw2zM\/Pw2azMbEpfe4FgkpAiE1QdgqJzev1wu\/3s6iNr4z8EbHxcjtNYuObuS4v\/7u+FhWPCLEJBPmposmzAkG5sNsdmJ9fgNVqh0ajg1arh8PhhNfrh88XQDAYZguNRqNxRCIxhMNRRCIxRKPxLKmRyGjRz52dHYbcIqB8VWQqlWQTs\/nJ2dvbmz8ECY7G6Gi7UsHRZG1+cnYuqfl9nkyXEfcyVpZdWHItwLXoxOLC\/JFekdJ5bDqdDhMTEyz1aLVa2VeHw6H4+RcIlEaITVB2bLY5Jja1WguNRpcltlAogkgkhlgsgXh8FbFYgv17dXXtyLw2vrBkfX09a2VrKRnJrbMoi2RGERhJKh98VEfb4qM1Xpxy0VtyNY7VRAzxWATRSAihoB8Bv5d1GFlZdsG9ssTwuJfhcS9ndR7JJTaHwyHEJhAUQIhNUHZstjk4HM4jYvN4fExs0WgciUTyH5FlWFtbRyqVRiKRYN1I5JBrs8WnKklo0kiNZFVqxMbLjI\/WKBXJR2oBvzezFM3KElaWXVheWmRiI5n5vG74fR4WzfFi4xshk9i0Wu0RsTkcDlitVsXPvUBQCVTZ7XYIBOWExGax2GTFFgyGEYnEWISWTKawtraO9fUNpNObkr6PqSPwfSXlfs4LZ3U1jmQywfpFplJJFrnlotAYGy+xWCyCaDSMSCTEkBs\/43tBSsfYpP0i+ZZavNioy4hWq8X4+DgbYyOxWSwWzM3NKX7+BQKlEWITlB2r1Y65uXlYLDaoVBqo1VrMzc3D4\/HB6\/UjEAghFIogFkuwqC2ZTCGVSiOdLn6+GolvbW2NpS4zUd2\/410ELzgSX7HQ9khihcRGTZD5ZshEJBw8EtHx423ulSUmNr4RMk3QloqNhEZflT73AkElUGWz2SAQlJNcYnO7vfB6\/fD7gywdGY+vMrlR1JZrMjbBj7GR9LKju\/zd\/Slyy4X0tdJ0Y6FU5FoykTXOFouGCxaS8NEdTdCWis3pdMJut0Oj0WBsbOxIpGY2m2G32xU\/\/wKB0gixCcoOic1stsqKLRAIIRyOsoiNF1smajta6s8XiFBFJF9Akh3d\/Vs4IldAUsyYmjQ1yacjCxWP8OX+JLRcIiOy0pM\/IDYSmhCbQPAvQmyCsiMVm0qlgd3ugNvthcfjY1WR\/1ZBruUUG1\/uT2X+hea2yVVF\/qjYpJKTjrPlK\/fnU488lJostqWWEJtA8HNUWa1WCATlxGKxYW5uHkajGSaTBSMjo7DbHVhedsPr9R8pHpGOsUmlJjchWzr2lqsJstyk7ELFIwRfEZlLbLKLjkomaPNz2ih6y0cgEGByI8HxxSMzMzPQarUwmUywWq2w2WyKn3OBoJIQYhOUHanYhoffwmabE2Iro9g0Gg0Tm0AgyEaITVB2eLEZjeYssXk8PiG2MonNaDRKjrtF8XMvEFQCVRaLBQJBOTGbrbDbHUfEtrS0IsRWZrFZLBmZKX3OBYJKQohNUHZIbAaDCUajGUNDI7Ba7VhaWoHb7RViK1Fs09PTUKvVTGwCgSCbKrPZDIGgnJhMFthsczAYTDAYTExsLteyEFsZxWYwGGA2m2GxWNix5\/8tEJxVhNgEZYfEptcbhdiOQWxTU1M5xSYQCITYBMeAENvxi02lUjGxCQSCbITYBD+NyWQ6gtFozBKbXm\/E4OAwG2OjCdq0HlsikWRNkFOpNFIp+a79ueQmL7b8C5VS15Jc0PvkXu9tPatPJfWqpNUHYrHIkR6S4XAQoVAAoVAAgYAvL8FgEMFgGIFACIFACH5\/EG63FwsLLtjtDkxMTEGl0sBoNMNstsJgMEGvzxx3q9Wu+HUhECiNEJvgp5EK7V\/MsFrt0OkM0OkMQmw\/LLZwUWIzGEwwmSxCbAKBBCE2wRHkIjEe6e+Q0AwGAwyGjMxMJgtbPXtgYAgWiw1LSyvwev1CbCWKbXJyGiqVhqV6KTI2Gs2wWGyKXz8CgdJUFXqICQTZ0ZjxyPcNBgP0ej30ej10Oh3Uai0MBhNmZ9VQq7Xo7x8QYuPEFgz6C1BYbDMzKmg0Ouh0Bmi1euh0BiY36Xki6KZX+noSCI4bITZBTqSRGMlL+n+dTgetVguNRgONRsMeutPTs5idVeP16zcwm61CbGUUGx1bWj1BrdZygss+T3J\/lAgEp5kq6V\/jAoHJlDsa4yGZqdVqqFQqzM7OYnZ2lqXKJiamMD09i76+fphMFiG2f8RWiGLG2CYmpjA5OY2pqZksyalUmT8utFottFotO1e5RCcQnEaqlP4AgspDTmwkMj4yI6HNzMxgenoaU1NTmJqawtjYBKanZzE2NoGpqRm8evUaJpMFLteyEFsZxDY2NsEYH5\/MEtz09CxUKhVUKhXUajU7V7zklL6+BILjpkrpDyCoXHipSSM0OalNTk5iYmICo6PjmJqawejoOCYnp9Hb2yfEVmaxvX07hrdvxzA6Os7kRszMzLDomRcc\/WGi9HUlEBw3VT\/zIkpp5ELpnTrpHPfxpTx0rvfmRSYnM3poykltYiLz0B0efovh4bfo7x\/As2fPYbc7sLDg+kVNkEsTGy1oKl2hm7ZVSGzxeBTxeJTJjQQXDgeLFFxmIdZwOAq\/Pwiv1w+32wuncxEWiw0TE1MYGRnF4OAwRkZGMTY2wQQ3NTWD8fFxTExMYHJyElNTU5iZmWGCk0ruJKYqlX7+KP3+SnMS9r\/qtO7YSeZXiC3f++VKOZLU+LTj5OQkxsfHMTY2htHRUYyOjmJkZBRDQyMYGhrB69dv0NnZBZtt7kyKjY\/cShXbwoILFosNY2MTGBwcxps3gxgaGsHISOaYv307homJKYyNjWXJbXp6mkVvKpWKnVc+RUnjqHq9XvHrX+n7o9LfX2lOwv5XndYdO8n8quPLb5N\/sEmFxkdoMzMzLDIjob19+xYjIyMYHh7G8PAwe+gODAzh1avX6Oh4BqvVDqdz8RctNFoZYuOjth9LSeYX28jIKPr7B\/Dq1Wv09w9gcDBzzIeGRv5JUb7F6OgoxsbGsuRGKUrpGFyuyK1S72+lP5\/S7680J2H\/qwp9SMHpRjqGptVqfyhCe\/v2LYaHhzE0NISBgQEMDAygv38AfX396Ovrx8uXvXj8+CksFtuZERvrGSmTjuQjt9xkxh8jkRgCgRC8Xj88Hh8T2+DgMF69eo2enlfo6+tHf3\/mmA8MDP2TAh7GyMgIE9z4+DhLS1JqkpecVHD8HznFiE4gqDSE2M4ocnPQaAxGOoZG42fj4+OyUhscHPxHaP3o7+9nD92enld4\/vwFHj58DLPZeibFlitq+xGx+XwBeDw+LC4uwWq1482bQfT29uHFix709vaxPyL+jd4GMTg4iKGhIYyMjLDojdKTJDg+RSkde5NGcUJwgpNElfSvs2IotNGf2abg1x\/fXHPRpEUhUpnxqcfBwUG8efMGr1+\/Rl9fH169eoWXL3vR3f0S3d0v0dnZhba2hzCZLHA6F+HzBU692LI6\/UuiNl5wuZATm9frZ2J7\/foNXrzoQVdXN5Nbb28fS0329\/fjzZs3GBgYwNDQEIaHh4+kJ6UpSun0AGmBCX9tnpX7o1LfX2lOwv4LsVUgv+L4SqWWq9JRbhxtaGiIpR77+\/vR19eH3t5e9PT04OXLjNC6urrR1dWNp0870draBqPRjPn5hTMjNpKbtIikGLFFIjHEYglEo3EEg2E2zra4uASbbQ49Pa\/Q1dWNjo5n6OrqZn9EvHzZi1evXuP16wz9\/f1ZcqP0pDR6k0Zu0upJIbbKen+lOQn7L8RWgRz38ZXOS5OL1Kamplj6MVPpOJI1lvbmzZssqWWE1o3nz5\/j+fMX6OzswrNnz\/HkSQfu338Ag8F0ZsWWa6xNnggikYis2FyuZdhsc3jxogcdHc\/w5EkHOju72B8Rz5+\/+GfcrQ99fX14\/fo13rx5w9KSJDc+NSmN2vJN7lb6vvhV90elv7\/SnIT9\/ymxCSqbXBVu9HNpkUiu+WgUqfHjaG\/evMkrta6uLnR3d6OjowOPHz9GZ2cnbt26BafTCafTCa\/Xi2AwiHA4jHg8zmSQTCaRSqWOSE1u8nSpYiNxFSKX2GjbJDcSXDKZRDKZRCKRQCKRQDweRywWQywWQzQaZdKKRqN5SSQSCIfDCAQCCIfDiEajCAQCWFxchM1mQ3d3Nx4\/fowHDx7g0aNH6OzsRFdXF7q6uvD8+XO8ePECL1++RE9PD169epUluMHBwazCEmnlJEVvfARXaWITCAohxHYKkRMb\/zPpuNrMzAyTGl8oIhUbCY0fT+vp6cGLFy+Y1J49e4Znz57hyZMnePjwIZ48eYKbN2\/CbrfD6XTC4\/EgGAwiEomUVWxycpPrYPKrxUZy+1GxRSIRhEIhhtfrhdPphNVqxfPnz\/Ho0SM8ePAADx8+REdHBzvuz58\/R3d3N168eHFEbAMDAxgcHJRNS1LVpJzYNBrNkUISgaCSEWI7heR6CNH3+XlqfDm\/VGqUguTH0zJVj6\/YmBpJ7dmzZ+jo6GCR2sOHD1lEcfPmTej1eiwsLJRdbLnklktqv1JsfNRG0ipGbPQaklsgEIDb7cb8\/DysVis6OzvR3t6O1tZWPHz4EE+fPkVHRweL3Lq7u9Hd3Y2XL1+it7cXfX19WQUlNN+Q0pJynUpIbrnmugkElYwQ2ykkl9SkLbL4NKSc1KTRGkVqVCQildqTJ0\/w+PFjtLe3o62tDffv30d7eztu3bqF6elpuFwueL1ehEKZsaREIsGktra2hvX19aLElq9npBT+d+h1xy22f8v+j6Yjo9Eo+38+6HXhcBh+vx8ej4elIikNScf38ePHePLkCZ4+fYpnz55lpST5qI3kxo+58XPdck3mLjTPTSCoNITYTiHSh490vTS+tJ+itWKl9urVK7x48YKNqUml9ujRI7S1taG9vR33799HW1sb6uvrMTw8jJWVFfh8PoRCIZZyIxmQ2HghFRJbIbnJSe1Xi00uaiskNYpm4\/E4wuEwi9qWlpZgtVrR1taGlpYW3Lt3D21tbXj06BEePnyIx48fs7RkPrlRSpLmueWqlMwlN6Wvb4GgEEJsp5BcYpM2MuajNZLa2NgYRkZGjqQgSWq9vb0s1dXV1YXOzk48ffqUSY1SkO3t7WhpacGDBw\/Q0NCA3t5euN1uFrHxYqPKwmLFli9yk4P\/Xb7q8bjEli9qo2gsH1RYQxFbJBJBOByGy+WCXq9HS0sLmpub0dzczI51W1sbS0t2dnYyuUlTkn19fVnjbdJJ3GNjY1kTuElu\/BQApa9vgaAQQmynnHwLgrZ8Y3YAABMvSURBVFLRiNy4mjRa48fV+ApIObFRpHbv3j20tLSgvr4eHR0dWFlZwcrKCqv049OQ\/PhaMWIrVm5Sqf0qsZHcpEUkxYiNxtmi0SgbjwyHw3A4HBgfH0dTUxMaGxvR3NyM1tZWtLW1obW1Fe3t7Xjy5Akbb6NiEj5qk463yU3glrbfks5xU\/qaFggKIcR2yimmuwg\/X210dJTNV5OKraenpyixUaTW1NSE5uZm1NXV4eHDh1haWsLS0hLC4TBisRhWV1dZtEZiI4EUIzapePKJTW6e2q8SmzRqKyQ2+p1IJMJK\/kOhECwWC968eYPGxkbcvXsXTU1NaG1tZeNtbW1tTGyUkuTF1tvbi1evXrEiILkqydHRUVYdm2vyttLXtEBQCCG2UwhfvZarvD9XdxG+qfHPRmytra24d+8e7t27h+bmZty+fRstLS0YHx9HIBBgUQiRTCaZdFKpFDY2NmQjs52dHezv7x+RT77orRSx5dp+sWNsUrERVDlJovt3gdJM6jEYDLLX0py\/YDCI2dlZtLa24s6dO2hsbMS9e\/dw\/\/59JjcaZ5OrkqR5bb29vSWLLV8\/SYGgEhBiO4UUIzZ+7ppc0cjPpCIfPnzIIjYaA2pqakJ9fT0aGhrQ1dUFlUqFlZUVJJNJ7O3tYXNzkxVWJJNJpNNpJrHd3V3s7e1hd3c3SzJy4pGL3uTSkOUWG9+BJJ\/YeLmFQiEmtEQiwYpKVldX2bYjkQgTXCwWg8lkwpMnT3Dt2jXcvn2bia2lpQX3798vSmy9vb1MbHLz2ihi58Uml4oUYhNUOkJsp5BCYpPr3M+LrdgxNr4ikqI1qoYksTU3N6O+vh43btzAnTt38PjxY\/h8Pvj9fgSDQcTjcWxtbeHg4AA7OztYW1vLSkPu7e1hf3+fRWpyVY1y89xySa2cYuOjNvnWWvJyW1tbY6lGEhof+VFhzfr6OmKxGIxGIzo7O9HQ0ID6+nrcvn0bd+\/eRXNzMxMbjbEVEhulIosZY8tXGSnEJqhkhNhOIT8iNhpjy14BO7svJN8+i6oi84mN5NbS0oKWlhY0Njbi1q1buHnzJurr69HZ2QmNRoN4PI6dnR2kUinE43FsbGzg8PCQCYOit93dXezv72Nvb49FchTF5YvcckVq9PpcFBIbP9YmTUcWE7nJVUzG43FWJRqLxbC9vY3V1VXMzs6ira2NRWlNTU2yYqPqSCr5zzfGRm3RSGzSFluFqiKF2ASVjhDbKaQYsRWqiiyl3P\/Ro0ey42x1dXWora3FX3\/9hfb2dmi1WoRCoaxUXiqVwvb29pGmxSS3\/f39oiWUK0orp9hyRW355Ob1ehGPx7G5ucnSjoFAgEWv6XQaHo8Hb9++RVNTE27cuIGGhgY0NDTg+vXrecfYClVFktgKlfvzfSPlmiILsQkqGSG2U0ghsfFRW65xtnzpSOo6Iic3Gmu7f\/8+K0unryS3pqYmXLt2DVevXkVnZyecTie2trawt7eHdDqNnZ0dloLkx9f4yC2XiKTRm5zU9vb28lJMcUquqC3fnDa+fRg\/rkjbjcVi8Hg8UKvVrHn0jRs3cOPGDVy9ehU1NTWsIrK5uTlLasWmIaXz2OQ6\/hebhhRiE1QqQmynkB8Rm3ScTbr2mlRsfNm\/tKXW06dPWfPjBw8e4N69e0xsTU1NuHPnDurr61FfX4+bN2+ipqYGt27dQnNzM3p7e+FwOLC5uYl4PI50Oo39\/X029kZjawcHB0xAhaKsXJFaOcRGcpMWkRQTue3u7iKRSMDn8yEYDDKhzc7Ooru7G7W1taiursa1a9dQX1+P2tpaXLlyBbW1tXj69Cmamppw7949Noetvb2dRWudnZ2MXGIbGBjIOb42Pj7OojVebHJSE2ITVCrHKjaDzvhTXwWlUYzY8vWJLLRCNo210XI1FLWR3PgOJJSKbG5uxp07d1g6sq6uDg0NDbh16xYuX76Mixcvsonci4uLCIVC2NraYkUj1LyYFxsvt0Ji4yVYbrHlGmvLNd7m8\/mQTCaxsbEBn8+HsbExtLS04Pr167h69Sr+\/vtv3LhxAzdv3sTNmzfR0NCA5uZmNDY2ora2lo2tUaRG6V\/qFZmr8wgvtlz9IuXElitaE2ITVCpVBp0RPPQDnUGbE61ekxOdTgej3gSDzgijxgStWge9ygCNSgu9ygCtWgeT1gyDzpjzq9IH5bRDhQD5xtnk5Ebzn\/hUpDRie\/r0KSsioY4YVP5PaTSq7qurq2PptuvXr7P05OXLl9HU1IShoSEsLCwgmUwyKW1vb2elI+WisVwpSUJuXI1SnwcHB2wsj5cnvz3pJHASG4lsc3MTqVSKFYpQIQylIN1uN9RqNTo6OnDr1i1cuXIF1dXV+Pvvv3H9+nUmtdra2qwqSIp+79+\/n1Uw8ujRI9YEuaOjg42BSjuOUK9IWgGdpMb3iZSriJSKTenrVyAoRJVRbwKPwWCA3qj7aQwGA3QaPQzqjNhMWjMseiusBhtsRjvspjmYtOacCLEdP7nWYsvVCFm6ajaV\/fMd\/ilq6+zszCok4eVG0dvdu3dx584dNDQ0ZMmtpqaGPdirq6tx4cIFXL58GY2NjRgYGMD8\/DxisRhSqRQ2Nzexv7+PDx8+4NOnT3j\/\/j329\/exvb2Ng4MDWUGRpN69e8eQ+71CvSf5VQj4QhX6N98qjCI0vV6Pnp4e1mKspqYGf\/31Fy5evIjLly+zSO3atWssouWlRunHe\/fu4cGDBywFSVLjC0ZIanykxnf3l1tNWyo1flVt0d1fcNKokksvqLWqvGh06pxotVpo1Tpo1TroNHqGVq2DRqWFRqWFNErMFTUKjgeqbpN2+M+1Hpt0BW1pWpJfQfv58+es3JymAbS3t+PBgwdobW1lc9yooEQqOD6Co+jtr7\/+wuXLl1FdXY2rV6\/i0aNH6O7uxujoKMxmM9xuNyvE4CMlaqzMV1bu7e3Jdvnn58AdHh7i8PDwiPxIfLzEKB1JEkskEnA6ndBoNOjt7cX9+\/dRV1eHmpoaJq4\/\/\/wTFy5cwNWrV1mq8fbt27h9+zarfuSjNJqIzReK8JOxaTyNFhnlu4xIu\/rTemz5FhqlCfxi2RrBSaXKYNLDaDSC\/1owKjPp82IymWAymWAxWWE2m2E2WjIrOeuM0Ol0YoxNYeTK\/0lulJbk+0fy89qkK2nLVUrSas5SubW1tbG+hhTBNTU14e7du7h9+zYrLOHHl0hy1dXVuHjxIs6fP48LFy7g0qVLqK6uxs2bN9HY2Ij29nY8e\/YML1++hFqthk6ng8lkgsPhwPLyMvx+P1sOhlYRoAngFOGRwEh0FJ3xLbCoNH9lZQVWqxVTU1Po6enBgwcPUFdXx8bHqqurce7cOfz222\/4\/fffce7cOVy8eBGXLl1iv3Pr1i3U1tay\/bx16xbq6uqy0o5U0i+N0mgNNul8Nb7DCKUfpeX90mIRfg02XmhyUhNiE5wEqlT6WWh0atBXjU5dMGIrxKx6BirNbCYy0GUeMjpDJjdf6Kvg+JFbcJTG2+RSk7zchoeHs9KSFLnJpSbl5EbRGwmOl9udO3ey5rvRA1865vT333\/jypUrOH\/+PH7\/\/Xf87\/\/+L37\/\/XecP38ely5dwm+\/\/YY\/\/vgDFy5cQHV1NWpqalBfX89SehT1UBVhV1cX+7ydnZ1Z0qWIkv88f\/75J86dO4fz588zWfH8z\/\/8D3777TdcvHgR165dY2lWikClUqupqcGNGzdw+\/ZtFs02NzdnSY0vEskntZ6enqzxNH5hUZqfSNWvUqlJW2dJx9aE2AQnhSqdWQsphSKyQhGdzqCF2pBJWc7qZjKy080wgeoMWmiMatmvQnDHDz2gCk0DkHb+p4KSwcFBlpqUTt6maQC5upPQ2Jt0\/I1PT9KDnb7X0NCAmpoaXLlyhaXwqqurc0JRnZSLFy\/i4sWL+OOPP7LkdP78eZw7dw5\/\/vkn\/vjjD5w7d47x559\/HoG2Q1y4cCFrG7W1taipqUF1dTVLo9LY2e3bt3Hz5k3U1dXhzp07uHv3LovQpMv98BOv+QKRYlpm5WtyLLdatnQStnQyNl0zQmyCk0AVf8H+SrQ6LbQGDdQmFTRGNftKglP6wJx2pHIjwfHVkvl6SVJnEmlqklpvUQQnNx2A5rvRZG5pgcmDBw\/Q3NyMhoYGFiXV1dWhsbERLS0tqKurY8UVtbW1bALzX3\/9hQsXLrCxrKtXr+LKlSu4fPkyLl26xCTEC4mkRGI6d+5clggvXbrE5HT58mVcuXKFCfHSpUu4cuUKrl27huvXr7PIi4pBampqWEqVjz4pWuPH1khyjY2NLKLNVRySa4VsudSj3ARsvlCkUEm\/9L5V+roVCIpBMbERapMqCyG2XweJTSq3Qi23CKqa5AtLpILj5cbPsZKuCkDjb62trSwNR70maaI3jcNR30k5aZDk8nHlyhUmPJIVFaZcu3ZNNgrkX3\/t2jVWms\/z999\/M0hqfMk+LQ5KY4wUldKcNIrM+LSjNOVIkbC0nJ+EJh1Pk5b0yxWKyE3AlrtXlb5eBYJiUVxsWp0War0KOqsWWosG05opJjaj0QiTyQS9Xs9uPIPBoPhBK5VCx0Tp11PkJrd2GxWW8FEcH72R4PjqSbniEj6Co+iNb6TMi44vNuGnC9CYHM2L4+fG8UgFKBWSHDU1NQxemjTeR9vmS\/NpeR6KwPgojLqvSDvy80Uh0pQjCY3Sjfw4Gl\/xyDc0zlUcwpfx56t81Gg0it8flX7\/CSqfksSm1Wuh1mfGzWYNMwyNWY0Z\/TS0Fg10Vi0mNRN4Oz2CcdUYRmdGMauekRWcxqCGwzWXmVLAVWJRRKHT6WA0nvzKyUoXGx+9SeUmNy1AujgpLzm5MTh+PbefkRw\/\/kaTvnnZUck8yYaER0jFl4\/a2loGnwIlifEio89BEuOLQCj6lFY4SgtCqHxfLt3Idw\/p6+vLKg6hlGO+tKNUaLn6QCp9f1T6\/SeofKoMVj2m1JNQ69U5UxA\/GoFpDGpMaScxrZuCzqqFwa6HxqyGxqyG3qbD8MQQDCaD7OsnpsZZBxOp1JQ+WOWi0sXGH\/dcVZNyq2\/Tg5Xg05SUonz9+jXrNSntYFKM6KhVV2tr65FojiI6XiyNjY1Z8qOpBcXCR148tF1eXvzCn9KIjERGzYp5kfHjZ3LRmbRziFx3fmmURlG1tOpRWvl4FqsehdhOP1VakwY6felCkzKjn8a4agwz+mnobTqojLNMdHaXDaMzo9BwApOD0o50sVE0ofRBK5VKFxv\/e7zgpCtwy\/WZlI7BSdOUAwMDRyZ485IrRnR8dSXJgqI6qfQIipj4sa1iIGHxURcffdF7yQmMj8ZIZNJCEH5itVyqUVoQwqcc5RoYT0xMZK2nJi3lzzeepvR9cVLuP0HlU6XTl1dohNFihNakgUo\/C\/OcCTqzFrO6GZjnTJjWTGFGO41J1QQmVROZaQYFogf6wEJsx\/96fhyTjj9fYJJraoBUctLuJZSupDE4vtCEl1wx0RwvOj6q4yM7XnwkP6rALAYSJS8tHpJXLoFJS\/OlFY2FZCYXnfHz0eSkNjk5eSQ6k46hnfUHuRDb6edYi0e0Bg3GZ8agNWmgNqgwqZqA3qKD3qKDec6EWd0MRiaGM5WQRVxsBoPhVFx4J0ls\/O9LJ3bLpSn5KE4ukpOOx0mrKUl0uSI6avBL7bt44fHS4+XHC5CP+IpBKiuSKC8vEhcvLxKYVGKFRMa3vuIrG\/kxNH6CtXQcbWpq6sgE67MeoZX7\/hFUPlli02q16OvrQ\/fr5+jqf4bnb7owNjVWktxmVNMwmg0wW01QaWZhshgxMTUOvVEH25wVBpMeaq0q6zVdXV2YnJw8crGdhsIRvb7yxZbrd6VznKRFJtIojo\/keNnJrSDAiy7X9AF+yZxc0Z0UEiBJkG\/WXAg5SZFIpZEXLy6Sl1RgRL6IjBfY27dvs6IyvspRrmExRWmF5qKd9Qf7Wd\/\/s4BsxDarm8GMfjonfAWkWp8\/2pqencr0j7QYMaOahlavgd1hY\/0JLRYLrFZr1ms0Gg3evn0Lg8EAi8WSFUmchgvvpIhN+n3pg1IugpNKTiq6XONyvOTkZMdLThrd8cIjkZD0SHw8cgLMh1RYuaIvEhgvMmk0lmuumTS1yIuMLwShVGOuvo7UJ7PYP1bO4oP9rO\/\/WeCI2LR6HTRGLesCIodKPwutSQOdOdM6a1Y3829LLBlJWu2WTNusf\/L7BoMBem0GWodNrzlaJak36qDSzGJu3g6NTn1EbGJ1gMpEGslJU5XSaI4kx4\/N5Yrq+CV0+LE6gk9l8ilNgo\/4ciF9vRwkVl5aUnHxKUWCr2LMVcnIS0y6NlqusTORYhQI\/iVbbAYdNCZd3kVGdYbMsjYWm5k1PLbNWaE36jA5PQGDMfsvohntNMxWE1vSxmDILDqqVetgUGekZtZZYNQaj0YIOi1m1TOYm7djVj1zZIK2VGi0npuQm7LkarLMC04uXck\/2HnRSVt58YUoBC8PXipy8iuVfNLix8T4tKJUZnJFH\/w4Wa4lZKTRmVhORiA4yv8Df8uFib+niUQAAAAASUVORK5CYII=\" alt=\"S\u0142oik Typ 26 z termosem 15ml\" width=\"438\" height=\"129\" \/><\/a><figcaption class=\"wp-caption-text\">S\u0142oik Typ 26 z termosem 15ml<\/figcaption><\/figure>\n<h5>Dost\u0119pne przek\u0142adki dla tego produktu<\/h5>\n<h6>Przek\u0142adka uszczelniaj\u0105ca &#8220;EPE&#8221;\u00a0\u00a0 <img loading=\"lazy\" class=\"\" src=\"https:\/\/www.polipack.com.pl\/images\/products\/789-263-separator.jpg\" alt=\"Przek\u0142adka uszczelniaj\u0105ca &quot;EPE&quot;\" width=\"102\" height=\"102\" \/><\/h6>\n<p>\u00a0<\/p>\n<p><!-- \/wp:paragraph --><\/p><\/div>\n\t\t\t\t<\/div>\n\t\t\t\t<\/div>\n\t\t\t\t\t\t<\/div>\n\t\t\t<\/div>\n\t\t<\/div>\n\t\t\t\t\t\t<\/div>\n\t\t\t<\/div>\n\t\t<\/section>\n\t\t\t\t<section class=\"elementor-element elementor-element-1a1a824 elementor-section-boxed elementor-section-height-default elementor-section-height-default elementor-section elementor-top-section\" data-id=\"1a1a824\" data-element_type=\"section\">\n\t\t\t\t\t\t<div class=\"elementor-container elementor-column-gap-default\">\n\t\t\t\t<div class=\"elementor-row\">\n\t\t\t\t<div class=\"elementor-element elementor-element-da011f2 elementor-column elementor-col-100 elementor-top-column\" data-id=\"da011f2\" data-element_type=\"column\">\n\t\t\t<div class=\"elementor-column-wrap  elementor-element-populated\">\n\t\t\t\t\t<div class=\"elementor-widget-wrap\">\n\t\t\t\t<div class=\"elementor-element elementor-element-9ce6776 elementor-widget elementor-widget-text-editor\" data-id=\"9ce6776\" data-element_type=\"widget\" data-widget_type=\"text-editor.default\">\n\t\t\t\t<div class=\"elementor-widget-container\">\n\t\t\t\t\t<div class=\"elementor-text-editor elementor-clearfix\"><table>\n<tbody>\n<tr>\n<th colspan=\"2\">Sp\u00f3d<\/th>\n<\/tr>\n<tr>\n<td>Materia\u0142:<\/td>\n<td>PP\/PP<\/td>\n<\/tr>\n<tr>\n<td>\u015arednica:<\/td>\n<td>42.00 mm<\/td>\n<\/tr>\n<tr>\n<td>Wysoko\u015b\u0107:<\/td>\n<td>34.00 mm<\/td>\n<\/tr>\n<tr>\n<td>Waga:<\/td>\n<td>10.60 g<\/td>\n<\/tr>\n<tr>\n<th colspan=\"2\">Nakr\u0119tka<\/th>\n<\/tr>\n<tr>\n<td>Materia\u0142:<\/td>\n<td>PP\/PP<\/td>\n<\/tr>\n<tr>\n<td>\u015arednica:<\/td>\n<td>42.10 mm<\/td>\n<\/tr>\n<tr>\n<td>Wysoko\u015b\u0107:<\/td>\n<td>13.50 mm<\/td>\n<\/tr>\n<tr>\n<td>Waga:<\/td>\n<td>3.20 g<\/td>\n<\/tr>\n<tr>\n<th colspan=\"2\">Komplet<\/th>\n<\/tr>\n<tr>\n<td>Pojemno\u015b\u0107:<\/td>\n<td>15 ml<\/td>\n<\/tr>\n<tr>\n<td>Pojemno\u015b\u0107 ca\u0142kowita<\/td>\n<td>17 ml<\/td>\n<\/tr>\n<tr>\n<td>Materia\u0142:<\/td>\n<td>PP\/PP<\/td>\n<\/tr>\n<tr>\n<td>Wysoko\u015b\u0107:<\/td>\n<td>38.00 mm<\/td>\n<\/tr>\n<tr>\n<td>\u015arednica:<\/td>\n<td>42.10 mm<\/td>\n<\/tr>\n<tr>\n<td>Waga:<\/td>\n<td>13.80 g<\/td>\n<\/tr>\n<\/tbody>\n<\/table>\n<p>Opakowanie jest przeznaczone m.in. do produkt\u00f3w kosmetycznych.<\/p>\n<h2>Pakowanie:<\/h2>\n<table id=\"_technic_table\">\n<thead>\n<tr>\n<th>Nazwa<\/th>\n<th>Pakowanie <small>szt.<\/small><\/th>\n<th>Wymiar kartonu <small>[mm]<\/small><\/th>\n<th>Masa kartonu<sup>*<\/sup>\u00a0<small>[kg]<\/small><\/th>\n<th>Ilo\u015b\u0107 karton\u00f3w na palecie <small>szt.<\/small><\/th>\n<th>Ilo\u015b\u0107 sztuk na palecie <small>szt.<\/small><\/th>\n<th>Pakowanie zgrzewka <small>szt.<\/small><\/th>\n<th>Ilo\u015b\u0107 na palecie <small>szt.<\/small><\/th>\n<\/tr>\n<\/thead>\n<tbody>\n<tr>\n<td>Sp\u00f3d<\/td>\n<td>1000<\/td>\n<td>580x380x360<\/td>\n<td>11.5<\/td>\n<td>20<\/td>\n<td>20000<\/td>\n<td>0<\/td>\n<td>0<\/td>\n<\/tr>\n<tr>\n<td>Nakr\u0119tka<\/td>\n<td>1500<\/td>\n<td>580x380x230<\/td>\n<td>5.6<\/td>\n<td>32<\/td>\n<td>48000<\/td>\n<td>\u00a0<\/td>\n<td>\u00a0<\/td>\n<\/tr>\n<\/tbody>\n<\/table>\n<p><small>*Podane warto\u015bci maj\u0105 charakter orientacyjny i nie mog\u0105 by\u0107 podstaw\u0105 do roszcze\u0144<\/small><\/p>\n<h2>Mo\u017cliwo\u015bci zadruku:<\/h2>\n<div class=\"hidden-lg\">\n<div class=\"_flex_table pl\">\n<div>\n<table>\n<thead>\n<tr>\n<th rowspan=\"2\">Nazwa detalu<\/th>\n<th colspan=\"3\">Pole zadruku &#8211; SITODRUK<\/th>\n<\/tr>\n<tr>\n<th>dno <small>[mm]<\/small><\/th>\n<th>obw\u00f3d <small>[mm]<\/small><\/th>\n<th>g\u00f3ra <small>[mm]<\/small><\/th>\n<\/tr>\n<\/thead>\n<tbody>\n<tr>\n<td>Sp\u00f3d<\/td>\n<td>x<\/td>\n<td>16 x 120<\/td>\n<td>x<\/td>\n<\/tr>\n<\/tbody>\n<\/table>\n<\/div>\n<div>\n<table>\n<thead>\n<tr>\n<th class=\"hidden-lg\" rowspan=\"2\">Nazwa detalu<\/th>\n<th colspan=\"3\">Pole zadruku &#8211; TAMPODRUK<\/th>\n<\/tr>\n<tr>\n<th>dno <small>[mm]<\/small><\/th>\n<th>obw\u00f3d <small>[mm]<\/small><\/th>\n<th>g\u00f3ra <small>[mm]<\/small><\/th>\n<\/tr>\n<\/thead>\n<tbody>\n<tr>\n<td class=\"hidden-lg\">Sp\u00f3d<\/td>\n<td>x<\/td>\n<td>x<\/td>\n<td>x<\/td>\n<\/tr>\n<\/tbody>\n<\/table>\n<\/div>\n<div>\n<table>\n<thead>\n<tr>\n<th class=\"hidden-lg\" rowspan=\"2\">Nazwa detalu<\/th>\n<th colspan=\"2\">Mo\u017cliwo\u015b\u0107 zastosowania HS <small>(wtop)<\/small><\/th>\n<\/tr>\n<tr>\n<th>na obwodzie<\/th>\n<th>na g\u00f3rze<\/th>\n<\/tr>\n<\/thead>\n<tbody>\n<tr>\n<td class=\"hidden-lg\">Sp\u00f3d<\/td>\n<td>**<\/td>\n<td>x<\/td>\n<\/tr>\n<\/tbody>\n<\/table>\n<\/div>\n<div>\n<table>\n<thead>\n<tr>\n<th class=\"hidden-lg\" rowspan=\"2\">Nazwa detalu<\/th>\n<th colspan=\"3\">Pole zadruku &#8211; ETYKIETA<\/th>\n<\/tr>\n<tr>\n<th>dno <small>[mm]<\/small><\/th>\n<th>obw\u00f3d <small>[mm]<\/small><\/th>\n<th>g\u00f3ra <small>[mm]<\/small><\/th>\n<\/tr>\n<\/thead>\n<tbody>\n<tr>\n<td class=\"hidden-lg\">Sp\u00f3d<\/td>\n<td>***<\/td>\n<td>16 x 120<\/td>\n<td>x<\/td>\n<\/tr>\n<\/tbody>\n<\/table>\n<\/div>\n<\/div>\n<\/div>\n<p><small>**Do ustalenia po otrzymaniu projektu<\/small><\/p>\n<p><small>x Brak mo\u017cliwo\u015bci zadruku<\/small><\/p>\n<p><small>Podane wymiary zadruku (mm) (wysoko\u015b\u0107 x d\u0142ugo\u015b\u0107)<\/small><\/p>\n<p><small>***Mo\u017cliwo\u015bci etykietowania okre\u015blone przez odbiorc\u0119<\/small><\/p><\/div>\n\t\t\t\t<\/div>\n\t\t\t\t<\/div>\n\t\t\t\t\t\t<\/div>\n\t\t\t<\/div>\n\t\t<\/div>\n\t\t\t\t\t\t<\/div>\n\t\t\t<\/div>\n\t\t<\/section>\n\t\t\t\t\t\t<\/div>\n\t\t\t<\/div>\n\t\t<\/div>\n\t\t","protected":false},"excerpt":{"rendered":"<p>Dost\u0119pne przek\u0142adki dla tego produktu Przek\u0142adka uszczelniaj\u0105ca &#8220;EPE&#8221;\u00a0\u00a0 \u00a0 Sp\u00f3d Materia\u0142: PP\/PP \u015arednica: 42.00 mm Wysoko\u015b\u0107: 34.00 mm Waga: 10.60 g Nakr\u0119tka Materia\u0142: PP\/PP \u015arednica: 42.10 mm Wysoko\u015b\u0107: 13.50 mm Waga: 3.20 g Komplet Pojemno\u015b\u0107: 15 ml Pojemno\u015b\u0107 ca\u0142kowita 17 ml Materia\u0142: PP\/PP Wysoko\u015b\u0107: 38.00 mm \u015arednica: 42.10 mm Waga: 13.80 g Opakowanie jest przeznaczone [&hellip;]<\/p>\n","protected":false},"author":1,"featured_media":0,"parent":1028,"menu_order":10,"comment_status":"closed","ping_status":"closed","template":"","meta":[],"_links":{"self":[{"href":"https:\/\/pepsyna.com\/index.php\/wp-json\/wp\/v2\/pages\/912"}],"collection":[{"href":"https:\/\/pepsyna.com\/index.php\/wp-json\/wp\/v2\/pages"}],"about":[{"href":"https:\/\/pepsyna.com\/index.php\/wp-json\/wp\/v2\/types\/page"}],"author":[{"embeddable":true,"href":"https:\/\/pepsyna.com\/index.php\/wp-json\/wp\/v2\/users\/1"}],"replies":[{"embeddable":true,"href":"https:\/\/pepsyna.com\/index.php\/wp-json\/wp\/v2\/comments?post=912"}],"version-history":[{"count":2,"href":"https:\/\/pepsyna.com\/index.php\/wp-json\/wp\/v2\/pages\/912\/revisions"}],"predecessor-version":[{"id":1360,"href":"https:\/\/pepsyna.com\/index.php\/wp-json\/wp\/v2\/pages\/912\/revisions\/1360"}],"up":[{"embeddable":true,"href":"https:\/\/pepsyna.com\/index.php\/wp-json\/wp\/v2\/pages\/1028"}],"wp:attachment":[{"href":"https:\/\/pepsyna.com\/index.php\/wp-json\/wp\/v2\/media?parent=912"}],"curies":[{"name":"wp","href":"https:\/\/api.w.org\/{rel}","templated":true}]}}