{"id":884,"date":"2019-12-11T10:41:30","date_gmt":"2019-12-11T10:41:30","guid":{"rendered":"http:\/\/pepsyna.com\/?page_id=884"},"modified":"2020-01-09T21:29:42","modified_gmt":"2020-01-09T21:29:42","slug":"sloik-typ-26-z-termosem-5-ml","status":"publish","type":"page","link":"https:\/\/pepsyna.com\/index.php\/pojemniki-plastikowe\/sloiki\/sloik-typ-26-z-termosem-5-ml\/","title":{"rendered":"S\u0142oik Typ 26 z termosem 5 ml"},"content":{"rendered":"\t\t<div data-elementor-type=\"wp-page\" data-elementor-id=\"884\" class=\"elementor elementor-884\" data-elementor-settings=\"[]\">\n\t\t\t<div class=\"elementor-inner\">\n\t\t\t\t<div class=\"elementor-section-wrap\">\n\t\t\t\t\t\t\t<section class=\"elementor-element elementor-element-6ac73f8 elementor-section-boxed elementor-section-height-default elementor-section-height-default elementor-section elementor-top-section\" data-id=\"6ac73f8\" data-element_type=\"section\">\n\t\t\t\t\t\t<div class=\"elementor-container elementor-column-gap-default\">\n\t\t\t\t<div class=\"elementor-row\">\n\t\t\t\t<div class=\"elementor-element elementor-element-c4b16cf elementor-column elementor-col-100 elementor-top-column\" data-id=\"c4b16cf\" data-element_type=\"column\">\n\t\t\t<div class=\"elementor-column-wrap  elementor-element-populated\">\n\t\t\t\t\t<div class=\"elementor-widget-wrap\">\n\t\t\t\t<div class=\"elementor-element elementor-element-0efae99 elementor-widget elementor-widget-text-editor\" data-id=\"0efae99\" data-element_type=\"widget\" data-widget_type=\"text-editor.default\">\n\t\t\t\t<div class=\"elementor-widget-container\">\n\t\t\t\t\t<div class=\"elementor-text-editor elementor-clearfix\"><figure style=\"width: 170px\" class=\"wp-caption alignleft\"><a href=\"www.pepsyna.com\"><img loading=\"lazy\" title=\" S\u0142oik Typ 26 z termosem 5 ml\" src=\"data:image\/png;base64,iVBORw0KGgoAAAANSUhEUgAAAKoAAACFCAYAAADLjGNhAAAgAElEQVR4nO2d6VdT2dLG\/YPv27fbGURFmUUGZRZEkHmUeRYIkBDCmIHMISGEGQQU1F697nreD3RtK5tzksiQgObDsxSIGM758eyq2rXr3AoEAogrruuuW7F+A3HFFYlura2tIa64rrvioMZ1I3TL7\/cjrriuu+KgxnUjFAc1rhuhW6urqziPLhpzxPoHj+tmKe6ocd0InRvU8zoxKdY\/eFw3S+de+n0+34V0UdDj+r10blBvqrxe74UU\/wWNjW5d9MLfNMUa1LjOp1uxfgPRVqydIdY\/\/03VrVi\/gWjromW1OKix0a2VlRVEU3SzvV6v+Bz93ePxiI99vh\/u5\/V64fF44Ha7Q954eh19j9XV0+pCIBDA+vp6RLooiD+bzYaCmF8jj8cDj8cjQpBo37dYK+qgyhda7WMufqP4azjM\/Mb7\/X6sra0JQDc2NrC5uYnNzU0cHBxcqT59+hRSSpDKcIZSrIH5bUB1u91wu90CulDir+GJDHdKgnB7exvb29vY398XIjg4SEdHRyF1fHx8IX3+\/Dmkdnd3hXZ2doTo\/fOdO4L4d4d0ZWUFt8ipoiWXywW32y3g4\/ASwLTM01LHodze3sbOzg52d3ext7cnQDw8PFQE7cuXL0EK54iHh4cXUqS\/CPR+ZJD39\/ext7eHnZ0dbG5uIhAIYHV19cwvLn38uyjqoBKk5BRutxsulwsulyvodfSatbU1bG5uYnd3F\/v7+0E3nW4uB\/Ho6OgMPD\/jqBdVOEcl0evl90rwHhwcYG9vD9vb29jY2EAgEMDa2tqZ+JVfV\/6L\/qvpFnezaImW8ZWVFbhcLjidTng8nqB4MxAIYHNzEzs7O9jf38fh4eEZKOWbrnTjfxbUSEELB6Ca1N4XhSkyxPQ1Cmc2Njawvr6OQCAAv98flETG4l5GS1EHlZyTLq7T6YTb7Ybf78fW1pZY2mlZp+U0Ekc6ODgIC1K4pf+ijhru+4f7GcJ9f4J2d3cXW1tbWF9fDwI21kD9MqA6HA4Bq9vthtPpxMrKCjY2NoLiTXJPiucicSu6kUox52U5ZjjJMbEsGU4ZZKXVgoNMCdvh4WFQaEAJWKyBujJQnU4noimbzSZiK6vVCpfLhZ2dHRwdHZ2JQcMtnddRVx0DK10LDjrVgi0WC1ZWVrC6ugqbzQaPxwOHwxH2\/lC+oKZo80KKOqiU9dOfgUAABwcHOD4+\/qmbc111HUANBAKwWq1wu0+TK5vNBq\/XGwf1Z7SysiIuWCAQEAkELfNxUM8HK2lrawu7u7sCKofDAZvNhtXV1YhAva665XA4EE25XC5YrVZ4PB58+vQJJycnODg4wP7+flAMFwf1fNBSwkYOarPZYLPZ4Pf7Ybfbo3qvL1NRB9Vut8NqtcLv9+Pk5ATfv3\/H\/v4+dnZ24o56QX3+\/Blfv37F8fGxiEntdjtsNht8Ph9sNlvMgTs3qHa7HdGU0+kUF+7w8DSLpRriyclJHNRzwMn1\/ft37O3twWKxwGaziRVsZWUFNpstqvf6MhV1UF0uF8xmM0wmEzweD3Z2dnB4eFqOioN6PkjlEpjX64VWq4XZbA6qrkRyfyhUUNNvBer8\/DwmJiZgMBjg9XqFs\/7szs51VKxB\/fTpEywWC4aHh7G0tASv14vl5WWRWN1YUMO9scuW1WqH1WqHTqfH0NAIZmZm4fWuYm\/vE05OvuHz52Oho6MvODr6gsPDzzg4OMLBwdGZQri8xRhrUJWgVdtiDbdJIP+cfHfr5ORExPS0In39+hU6nQ7Dw8MYHh6Gw+GAyWQSfy4vL0f1Xp+PDyusVmvsQbXZHLDZHNBqp9HfP4iJiSmYzctwu1ewtraO\/f0DHBwc4ejoC758OcGXLyf4\/PlYwKrkXByEWMOp5q4cSqVfNPplU1pVPn\/+jOPjY5ycnODbt29iK\/jk5AT\/\/PMPTk5O4Pf7YTQaodVqFUE1m82wWq0xB\/HcoNIXoiUOam9vP0ZHxzE7O4+lJROWl23w+wNYX9\/E7u4+jo6+4Pj4K46PvwpgwyUT4eC56sZpta1bkvw1XkPmLYD8Z+GvOzo6EtWSr1+\/Ym9vDx6PB\/Pz85icnMTk5CQGBwcxNDQEu90Ok8kEp9Mpkqto3+\/zcxIM8K3l5WVEVzax9A8MDEGjmcT8\/CKWlkywWKywWu1wOt3w+fzY3NzG\/v4BPn8+xvHxV5ycfFPdC4+0qSSakCqBKvfPcrekZFIOCTjE9DMeHBwgEAjAYrFAr9djamoKWq0WExMTGBgYwODgoCKo0b\/f55MMbtRBJRinp2cwNDSCyUktFheNMBrNsFisMJtPYbbbnXC7V+D3B7C5uY29vU\/49OnwXK11lwnqRZZ9vvTT+5aXfgLx+PgYX79+xbdv33ByciLc9ODgAKurqzAajZidncX8\/DwWFhag1+sxPj4OjUaDgYEBDAwMwGazwWg0\/hqgWiwWRFc\/QB0cHMbExBTm5hYErHa7U4QHNpsDTqcbHo8Xq6trWFtbF539dFO5I339+jVsd9NF487zdlIpnTjg75v0999\/4\/v37\/j27ZuoMW9ubsLn88HtdsNut8NsNmN+fh6zs7NCer3+jKMSqBSrWq3WKN\/r80sG95bZbEY0ZTKdwkrJ1Pj4BObmFrCwsASj0QyHwxUkp9MNl8sDj8eLlZUf56XW19fFvjb1rV5GY3M4hWvjU1quaVmnTJ3+To757ds3fP\/+Hd+\/fxeJ0vb2Nvx+P1wuFywWCxYXFzE3Nwe9Xo\/FxUUsLy\/DbDbDYDBAq9VCp9NhdnZWxKgE6tLSEux2O4xGIywWS1Tv9XmkBm7UQV1aMsFksmByUou+vgFoNJNYWFiCyWSB1WrH8vJpZcDhcMHtXsHKig9e76oQP3Pl8\/nOHPK76n7TSA\/5cTi5Y\/7vf\/\/DP\/\/8I7L3\/f19bG1tiY59q9UKs9mMxcVFzM\/PY25uDgsLC1haWoLJZBLQ0rJvNBphNBoxMzMDjUaDqampM6DSn7GG8EaBajJZYDSaYTDMobu7F3q9AQbDnIhP7XYnHA6XcFGvdxU+n19I6Qw9HxBB5\/nX1tbEYUD5EKAcSyotwzJo5Hx\/\/\/13kMgJ6evkml++fMHh4SE+ffokDuttb2+Ls060U0TLsfK1MsFkMgkYSUtLS1hcXBSan5\/HzMwMdDodNBoN+vv7MT4+DqPRKL4XOXCsRT+TmtT+3Y0FlZ+P56DS417UBkzQ+X4SP\/6yu7sbVEmgBGdvb0+IH3dWOvJM\/488aIN6cKlp3Ol0ClBPk0zLGWAvG9RQIFx7UMP9w8vXxUFVg3RtbQ1bW1vY3NwMOgTHJ1zL4FLIQMBSFs6PeRB48kgfpaER\/CgzHbXhW5cELIEq1zYvCurExMQZUClkMBqNUb7Xl6db8kW4al0U1HBOKjum7J5qjkrVBL5cy0eV1cbxKM1KUprywiHlLXhc5wXVYDBgenpaZP3j4+MiruWg3lTdWFCVIOVLPndKgpHA45KXf9lRyZ3JWbno\/+TvRWlABD+kFgpSKj2FApU+XlpaElpYWAgJKjnr0tJSzIE7N6j8B46GLgqqvNQrQRpKMqQ0DohiVD6phIcRJBlO2WVlUAlQ+czReR1VDVSqpcqg0mtNJhMWFxejeq8vU7f4EhINXSaoak4qux9\/HTksd1qaI0AdWDKo\/HspAao2XlJt6Xe5XEGg\/kyMajabgz6mMCAcqEajEQsLC1G910oKB6Tav\/slQA3nmBzMcEs\/9Q3w+U88MZPBV3oskRKo\/OTtRZIp+jz\/nBqoi4uL4us3HtSFhQVwXfUbpf9jdnYW3d3d0Gq1mJ6ehsVigdVqhcNxelKSF\/W5U4UDNVQyFS6h2tnZOTOJhEN6Kr\/Q2toq1tZW4ff7hHy+Ffh8K\/B6PVhZcWNlxQ2PxwW323kqlwNulwMupx1Ohw122zJsVgusy2ZYl81YtpiELGYjLGYjzKYlIR5n0o2dm5uDwWAQoA4ODkKj0YivLywsCGBvqqIO6vz8vAC1p6cHOp1OgLq8vBwHNQyocpIRClR+zUO51U3QGVCvWmqgUlH6OoFKWf91B5XKUzMzMyFBjfa9vkzdmp+fRzQ1NzcnQO3t7cX09LQA1WKxxBxUKk\/JoP6ANfag8th1aWlJdFIpgbqwsCCuebTv9WUqJqDSxbvOoMp11B+wxhZUeceGl6dmZmZE9xSBShDTNY81cOcGdW5uDtEUv2h9fX3Q6\/XQ6\/Ui0401qHIjCa8UXCdQKfvnoBoMhiBQKdSiTqvZ2dmo3uvL1BlQeTPuVUkJVLr41wFUXp462zsQe1B5+YrKTpRQKYFqMBgEqDdVUQfVYDCIC9vf34+ZmRkBqslkujag0pgheXcq1qDKddZwoNLn6c9YA3duUA0GA6Kp2dnTZWh6ehqjo6MYHx\/H3NycaHGz208HedGwX\/mJKBxSeV9fCUC+z09S253a3d0NC+r6+pqQDOza2ipWV71YXfUKWAlYj8d1KrcTnn+BdTntcNitAlYOLIeWgLWYf3Tpy3Hq3NyciFH7+\/uh1+vFiYCFhQXMzMwIo7iJunagkqPyEer8sT2\/O6jybhWBSkt8HNRLBHVubk6AOjY2pgiq0tLPu6Z+Z1D5\/j0vURkMBtGPqtfrMTs7K0Clj2MN3LlBnZmZQTRlMJzGSzqdDh8\/fsTY2BhmZ2fDZv1ye9\/vCmoke\/19fX2Ynp4Wn5ufn4der4fBYIjqvb5MxRzU0dFRAarJZAqKUWVQ5UTqdwSVjq3IBX86Lq3RaASoBsNpjyqFWjcaVCoPRUszM6exkk6nw8jICEZHR2EwGETsReNcyFXpsF7cUX+Ayl2VivqhQKVQy2AwRPVeX6ZiBqpWqz0DqtFoFF1UNKJSjlN\/d1DDdfhrNBr09vZCp9PBYDBAp9MJUGdmZmIO3C8DKjWnkKvyzD8OqvFMpxvBSsnULwsq7bVHSzqdHjMzs5ia0mF4+CNGRkah1xtgNp\/OpaLhEy6XBy6XB06nO2hiCgdVqfFZflozL\/BvbGyceQ1\/APDe3p6Y78Rb\/fjO1MZGIEgyuFT4l4Gl4j8v9qtBumwxne5CGRextDiPhflZzM8ZMDc7o3hCk9dRR0dH0d3dDZ1Oh5mZGUxNTYk\/9Xp9VO\/1ZSrqoGq10wLUoaERDA9\/DALVbnfC6XTD7V6Bx+OF270i\/u71rgZtACiVrGT3VHNTJddV20INt9fPd6f4x0ru6vN64F1xw+N2wuW0w25bhnXZLHaglhbnYVxaEDIZF2EyLgbtTKmBqtfr8fHjRwGqXq\/H5OQk9Hp9HNTzgKrXG86ASjOp7HYnXC7PmVE+q6tr8PsDYreKxDcEfD5f2FOo4RyVL\/281Y9cdXNzPaSjcji5m9LSz53Uumw+bd1bWsDS4jwWF+YEqASnxWzEssUk3JaDyhtTZFC1Wu2vBapOp0M0RaBOTmoVQeUT\/Oi8FE3yCwQ2zpz6lKsB4SanKMWpajEqgcodOFyMyqF0u51wuRxwOu1CSvEn38uXY1R5v59voXJQZ2dnMT09HRbUaN\/vy1LUQZ2a0mF6egaTk1oMDg5jaGgE09MzMJksMJuXYbXaxWxUctXT8\/wBBAIbQY6ppFBn7pVOjhLY9Hoa2yP3otLXKdbkDSe86SQcqNSUwptTSE6H7Yzj8njVuLSgOPaHCv7T09MYGRlBV1cXpqamMD19es5\/enoak5OTmJ6ejjlw5wZVq9UimlID1Wg0gw\/x5aMmaelfW1M+o88zfaVYlAMsnxqVKwj0b9UmpPAlnSdJpHBL\/6pvJShOdbscYRMr7r5U8JdBpQw\/HKjRvt+XpZiBOjExpQiq1WoPGjnJQfX7A2fgUotFf0Y8TqXBZ0qQ86xfXv6VWv+UkileniJA1cAkBYUDcVBjA+rg4DB0Oj2MxtNJf5T1U4wqJ1PhylPyeX6lJIqXr+hjPnuKYlQOLilUIhVJeYov9VwUCkS6hRoK1M7OTkxNTUGnO53uR8Ce5gixh+5coE5NTSGampiYgk6nx\/j4BDSaSbS3d0Cn04MeNiEnU3KMypMjeYhEJOKQKjkqn5ailEwpgcodlYOq2EQtFfx5TZXcNZSUxlTyZKq\/vx8jIyNiqO+pOUT3Hl+F4qD+gqAODw8LUH8VxQzUsTENxscn0Nb2QYBqNi\/HQb0kUMfHx4Ou++TkZMxhuxCo9BCtaEmjmYRWOx0EqlY7jcVFYxzUSwaV4Iz2Pb4KxQzU0dFxjI1pgkA1mSxxUC8Ial9fH4aGhgSov4puTUxMIJoaH58IArW1tR1a7bR4Mkoc1MsBdWxsDBMTE5icnBTXnv\/9pikmoE5N6YJAnZrSxUG9JFB7e3tVQb3JioP6C4I6ODgoQP1VdGWgajSaMzp9VuePGHV0dBwtLW1BoPJBvisrPtGU4vcH\/oU1clDDFfvPB6p6X4E8Ml2ePu31ekVPAO8BcDhssNutsNutsFotIUWPkrda7eIBckajGbOz89Dp9Oju7sXg4DDGxycwMTGFsTENRkdPr\/vUlC7mwF1rUMfHx5lOHfXjxzF8\/DgWB\/WnQXVEBOrYmAYazeTvC6qSU3KpQTo2NoaxsVM4NZpJ0d3f3NyKyUktFhaWzoxGj4P686D29PRhcHBYhFa0co2PT2ByUhtz4M4NajjwwinYLccVAR0dHcXo6Cg+fvyIoaERjI1pMDAwhKGhETQ2NsdBZaDabMthFB7U\/v5BDA9\/xMePYxgZGcXHj2MCVvk+cYOJxIhipXODKjslwSh\/\/PHjR4yMjGB4eBjDw8PiIvb1DWBgYAgNDU2YmJiKg3qJoNK1pe60oaERBmzwfVIymeuoW7IjhlMot+QiOIeGhjA4OIiBgQEMDAyIpam7uxd9fQOor28EPWE6Dmp4RRKjdnf3oqenD729\/UHQDg6emsXIyAhGRkbEvVID9zrpUkAlMLlzEqD9\/f3o6+tDb28vent70dnZjb6+AXR2dqO3tx91dQ3QaCYxP78YB\/USQO3s7Bbq6uoJAravb0A8In1oaEjcKw5trIG8NFCVIJUdVAnSnp4edHd3o6OjC729\/ejo6EJPTx9qa+vjoF4yqB8+dOLDh050dHQJWEn9\/f1idePAktHEGsiIQVVLkghODqYanEqAdnV1oaurCx0dXWhv70B7eweamlpQWVmF6ekZzM0tRNSUojR0gkMZSTf\/RUDlUnpKYDhQ5fNUBKzDYYsQWKeYdbC8bIPZvCweMDc5qUV3dy\/a2zvQ0tKG9vYOdHZ2C2B7e\/vR1dWF7u5u9PT0oLe3F\/39\/QJYEjktDwuuJagynFxqSzzFoX19fYqQdnZ2oqOjA21tH9DS0obW1nY0NDShoqISWu00DIa5iHamfiVQubNeFNTZ2XlMTmrR2dmNlpY2NDW1oLW1XZjChw+d6O7uRWdnZxCsfX19wl3lsIBCgusA6xlQlQClhGl0dPQMoLSMkJP29PQEAdrR0YEPHz6gvb0d7e3taG5uRWNjMxobm1FbW4+ysnJMTmoxMzMLo9H824CqdEr1MkBtb+9AY2Mz6uoa0NjYjJaWNmEMpyHBB3R0dKCzszMI1lAhAcHKky41XRmoof5TOQYdGRlRdFBKlHp6esQS39nZKQBtbW1FS0sLWlpa0NjYjPr6RtTXN+L9+1qUlr4RoP4OjirP9efLP3dWdbnEqCOr1Q6zeRkmk0WA2tLShrq6BtTU1KG+vlGYQnNzK9raPqCtrQ3t7e0C2K6uLhEGUChA0BKwvErATSsScC9LiqAq1UApfuEO2tfXpxCDdpwBtKmpCY2NjWhoaEB9fSNqa+tRW1uPqqr3KCkpw+SkFrOz8xEdRfmVQFVz1Z8B1WKxwmSyYG5uAVNTOjQ1taC2th7V1TWora0XpvDDXU8No7W1Fe3t7cJdKRzo7e0V4ZvsrmqlrWgAe0v+DVGDlBxUTpR4\/EmAtrW1obW1Fc3NzWhsbER9fT3q6upQW1srLmJ1dQ0qK6tQVFSCiYkpzM7OY3nZ9suDqvS0FHJVeViFkpRANZuXBagNDU3i2hKstbX1IhRobGxEU1MTmpub0draira2tqBwgEI3AlZ2VyVgOaxqPF1UiqDKkMouKkMqA9rS0hIEaW1tLd6\/f4\/q6mpUVb1HZWUVKiurUF7+FgUFRRgfnwA9Cv13AJUPpeBJVSSg0gA5l8sDm80h4tS5uQVotdOoqakT17aysgpVVe9RVfUe79\/Xoq6uAQ0Np2psbAyClcIBuSqgBGuo+DVqoMp1USUn7e3tDUqWlCBtampCQ0MD6urqUFNT8y+kPwAtL3+L0tI3yM9\/jdHRcTHR73cDVS1WVZbz30ncZ0Gdn1+EVjuN6uoalJe\/RVlZOSoqKoUpvHtX\/W\/cWo\/6+no0NDSgqalJhAEEK4VwcgkrlLMqxa6XDqocl8pJk1JNtLu7WzhpW1tbEJwUj3Inraqqwrt371BZWYmqqiqUl5ejtLQUFRUVSE1NFU++MJvNsNlscDgcYoCv999pfX6\/X3V4b6jivix5oIQM6adPn8QTpmn0JMEqS2kTgBf++ZwrmjZIUwg9Hg\/cbjfcbjdcLpeA0OVyhZTP54PD4RDDjunvNKe\/pqYGb968QVFREUpLS\/H27VtUVlaisrIS7969w\/v371FTU4Pa2lrU19cHOSvFrWqVAYpb5UQraqCGikv7+\/sFpHJdlIManDDVBzkpQfr27Vu8ffsWZWVlKC4uRllZGVJSUqDT6cTUaXnS9K8MKsH6M6B6PB44nU7xUA6HwwGz2QyD4fQZU9XV1SgtLUVhYSFKSkpQUVEhrntlZSWqq6sFrHV1dUHO2tLSEhQGUJLFwwClEpacWF3p0k\/\/Ga+T8vKTUvGeMnuKRxsbG0XSxCF9+\/YtysvLhZMWFxejoKAAJSUlSElJwejo6ZNRfidQuasShJGAKstut8NkMkGv10Oj0aCiogJFRUV4\/fo1ioqKUFZWhjdv3qC8vBxv377Fu3fvUFVVherq6jOwNjU1oa2tTcBK5Ss5DCBY5Vj1KmG9xZ1UyU3lEhTP8LmbkpPW1NSIxIlDWlZWhtLSUhQVFaGwsBCvXr1CUVERUlNT0dfXh\/n5efGISafTeWaydKi5\/TcJ1B9lqrPLv8vlEh+riZ4WQ85qs9lgNpsxOzuLqakplJSU4PXr18jPzxeuWlJSgrKyMgErhWDV1dWora0VsDY2NgbFrLzWqrQ5EGpj4NJBlftFeSmK3DRSSOvq6kTSpARpSUkJCgsLUVRUhFevXqGwsBAZGRloa2vD0tLpkFr5aSgcVHnk5E0HVclVw4FK18btdsNut8NqtcJqtWJxcRE6nQ4FBQXIy8tDbm4uCgoKUFRUhKKiIpSUlKC8vFyEAgTr+\/fvRbxaX1+P5ubmoDorDwF4nVUN1isHlTeWyAV9grSzs1NsharVSauqqv7N7itRUVGBN2\/eCEhpyS8qKkJ+fj4KCgqQmZmJ2tpa8USUUI\/t+RVADeWq5JShRE80dLlc4plcdrsdCwsLGB8fR15eHl6+fImcnByx\/BcWFqK4uFiAWlFRcQbUurrTigDVWJU2BTo7O0XVh8PKS1ZXBqpagzMlUUpxqeymPC7lGb4SqOSkeXl5yM\/PR0ZGBsrLy8VjaOipfXzZl+PTmw4qwSonVZGASgmVy+USWb\/D4YBer0d3dzdycnKQnZ0tQC0sLPwpUCPZEODbrXJ9Naqg8pIUr5eedj+1BW2N8lppJKCSk+bk5CA3Nxfp6ekoLi4Wz05yOBxBT+zjoPKa5a8Cquyq4UClGJUSKZfLBYfDgYmJCTQ0NODly5cC1IKCAhQWFqKgoCAIVKWln4NKJSu5CtDR0XFm5ypmoIbafaLYVAnUSB21oKAA+fn5yMvLQ05ODjIyMpCfn4+urq5\/z6zbRKnG6XTC5\/MJMPx+P9bX14MapQmW7e1t7O3tnSnkE4gkevqJmmRQ5WG+lxWjyqCSqDJA4P5ouHbD4XDAZrOJf0uOarPZMDAwgNevX+PFixd4+fIl8vLy8OrVK7x+\/VqAWlpaKioAsqtSbfWioFJSftmVAEVQee1UKYk6z9JfXFwslv7c3Fzk5OTg5cuXSEtLQ0ZGBt69e4fh4WEsLS3B5\/Nhd3cXGxsbwj18Ph8CgYCAkrsjdzwlZ71qUDmsap3+oUDlsNrtdgEoxaIUCtH3pmyfANZoNCgrK8OTJ0+QlZUlQM3Pz8erV68iAvW0D6M2aOnnoNKKykFVWvqjBqpSZ5RS00k4UHnGT25K9T3KSslRnz17hhcvXqCsrAwWi0Xsung8HmxubmJ\/fx\/b29tYXV0NOnrCwdve3g6CWAnSywZVCVb5WIr6VqoyrKurq2KJJ0C5M1Oiuba2BrfbjfHxcVRUVCAzMxMZGRnIyspCdnY2cnNzBaiUVIUDta6uLuIYNVTmH3VQKUYlUOV9fbnxhLL+UKBSaSo\/Px\/5+fnIzs5GamoqUlJSkJGRgYqKCgwPD8Pj8WB7ext+vx8ejwfr6+s4ODgQAJC77uzsBO3Ln9dJIwWVHFsNVn6OSl7+I3FWpYoAPQTO5\/PB7XZja2sLXq8XAwMDKCwsFC6ak5OjCCpVWkpLS8XGCxX\/qfBPoFLhn0CVt1TDZf1RBTVc1n+R8lRxcbFw1fz8fOTm5iIrKwtpaWlIS0tDQkICioqKMDIyArvdHrR0+v1+bG1tBcWEW1tbAlZKfs4L6c+Aqgar0nOulEBVg9VsNsPj8Qh3djqdsFqtYnUJBAIwmUz48OEDcnJy8Pz5c2RmZiIzMxPJyckhY1Qq+lNCxUGtq6sToIYrT0XSr3rloHJXDddzqrT8\/2jnOwsr7UzxODU3NxcvX75EVlYW0tPTkZOTgydPnuDx48eoqKiAwWDA5uYmdnd3Qc86Jfh4fMqdVQ1SDt95QQ0FK\/0SqblqqJoq3y7mcTn9ArjdbphMJgwNDYlmnufPn+P58+d4\/Pgxnj17JjL+3NzcIEgjXfblOiqPT6noH2sVZDcAAAp3SURBVOmyH1VQ5ThV7j2VQeVlKnkL9c2bNygrK0NhYWFQnErAvnjxQiRWKSkpePbsGVJTU5Gbm4va2lro9XpsbGzA4\/GAnrBHsSvFpvRYSDVILwvUULDy1j85qYrEWXd2drCysgKL5XRyHwE6MDCAqqoqpKWlISkpCU+ePEFGRgbS0tLw6NEjpKWl4c2bN8jJyUFeXp6ooRYVFQk3pRpqKFCbm5tV49Ouri7hphxUJUijAmqofX41UIO7+H+095GrEqwUqxYUFIhYNTc3Fy9evEBqairS0tKQnp6OzMxMpKamIjExEQ8ePBAbA3Nzc7Db7djc3BRJ1MbGRkhQCdLLBFUtXpVBVYtV1eJVi8UiHj5ssVjQ2dmJ\/Px8JCcn4\/Hjx3j69CmeP3+OlJQUpKSkIDMzU6xKaWlpIjYlJy0uLkZJSQnevHmDt2\/fhq2j8mVf3u9XAlXNTS8dVPkT\/GyUWpyqBCvV3\/jSLzsqB5WclUClZYuy1\/T0dLG8JScni3Dg0aNHyM3NRVtbG+bm5rC6uirAJHB2d3fPNEBzCDmIVOQ\/PDzE0dFR0NeUwgj6uxq0vAIgL\/+0eeH1ekWCRNDS54xGI4aGhlBeXo7U1FQ8evQISUlJePr0KZKTkwWktPpQ8kTJ1KtXr4ISKGpIoWWfcggem1IjdWNjo+hLJUjl49VKiRQH9TKgjAhUtV5UtcYUSqoIVipT8Q4qctWKioqgxIrDSqFAdnY2Xrx4gczMzCBYnz17huTkZKSkpODx48d48OABHj16hJycHDQ3N2NmZkZUCngyJcN7cHAQFkbupDKYPJHjk1pI4Sa58L6FtbU12Gw2aDQaNDY2ori4WJTrEhIS8ODBAyQmJgonffLkiVhxOKS03Ofl5YndKA4pT6AIUu6kBGlTU1NQt7\/cPM0TKT64IirdU0qg8iMo4fpR5Q5\/OQzgHf7v3r0T5REqW1EY8Pr16zObATKwVMZ69uyZcNfExEQkJiaKuO3Vq1d4\/\/49RkZGYLFYsLa2FnQEhTYFCFxyU+6oBwcH4nPyIyf552TgeZ2VHHVtbS2ohjo1NYW+vj5UV1cjJycHz549Q1JSknDOO3fu4P79+3j8+LFY2rOyspCVlSWye+6iVD3hiRMv7lM8Sn2ofBeKQ0qxabjGabVjKVEHValcJZ+VCnVeinf6K1UCqNtchpX2pClupS3W7OxsZGVlISMjQyRaKSkpAtrk5GQkJSXh4cOHuHfvHpKSkoLcKDU1FcXFxWhpacHQ0BAMBgMWFk4fJ+5yucQmAsFLDshrsltbW2IZJ5cm9\/T5fKJAT9uZS0tLmJqaQk9PD2pqalBQUID09HSxIjx58gQPHjzAnTt3cPv2bdy7dw8JCQliiX\/+\/LmI11NSUsTH6enpQcs8laBkFy0tLQ3qP6UyFN+B4uemeFwqJ0+8B5UDqgRp1EFV2wRQCgU4rG1tbUFhAD+SIocCSrCSuxKwHNYXL16IEhZ3Vjlmu3\/\/vrjpBPCdO3fwxx9\/4D\/\/+Q\/u37+PxMREJCcnIz09HS9fvhQdXcXFxWc6iORNDZ4AZmdnIyMjIyg8uXv3Lu7evYt79+7h\/v37ePDgAR4+fIiHDx8iISEB\/\/d\/\/4fbt2+L90AgPn36FElJSWcgpZ8xKysrqKTHIeVJUyhIa2pqguJRfriP6uNU3ZEhlbdK5dg06qCqzTcN11lFCRadvVHaDOCnUZV2r\/imgJxsUThAbkIJGMV0iYmJuH\/\/PrKzs5Geni5c6+7du0hISBA3+\/bt27h9+\/YZmEh\/\/vkn\/vrrL\/G627dv488\/\/8R\/\/\/tf\/PHHH7h3756A8e7du7hz545wxtu3b+Phw4fie92\/f\/\/M6ykxTExMFF97+PAhkpOTBZzp6el48eIFsrOzhYPK7ZG8kM8Tpki2SEM1nSh188tFfbVhFFEFVQlWeVJKuF4A9Skp9UHJllL5iuqt1MgiJ1yvX78WPQLkYmlpacjOzkZeXh4SEhLw5MkTpKamilAhKSkJ9+7dw19\/\/RVUPUhISMDDhw9x\/\/59IXI\/GTiS7JQJCQlITEzEo0eP8OjRI\/H1hw8fikSIZ+tPnz4V28VU4aBdOVot0tLSgmJTgvbly5dixVFLlqj0JO86KS31SgV9pfNR4Qr6UT3cpwSr0uS+cFusJKWj1DKwHFZe45O7rih+JUhp6eOVAkq6yIUyMzORlpYmdm8oNKBy19OnT\/H48WOhJ0+eiMyaYKYkhxKdpKQkkbzR5\/i\/p++hpOTkZOGmtJmRlpYWBCY5J60ivCZKzsmXeXmJp5Uq1OE9pTopQaqUOCkV9GVAo3JcWs1N1RRuUK\/aeB8KCeiCycDyZIs7LD9vxWuwvFKgVN6imJZci9dmuSg5o1iRgAqlZ8+eCdEvAokSPb55Qf8\/uSS9P54Y0S8g73jiSZK8xCsd1FPK6HmDiVqyxMtOoTL7qzxqcumghht9zqsC8k6W2sgftX7W80DLt2VpE4HDSyUegocAJskghxIt2QSkDCUHk94HQclXBuokkzN4OUGicpPS8s53l3hCyJf4UMu8DKjaPv6NATXU8DS1SdNym6Bcf6WQoKGhQfQKyDtckYBLJwhev359xm15DyyJkjOCiEphkYo7I5ec9NH\/TzDKjklgUvMIB1Pp+Ig8RELO5JVOksqAhpuNGu2s\/tJB5a9TGo2uNExNCVh5NCWVguQNAw5tJODy6gHdfHJdGWISORqPDSMRAchdkbsj\/V9KQHK3JDDlxIgX6pWWdjlB4ku8UkMJHXeWd5h4bfQqW\/WiCqrSCCCecIWDlR+9lmuwra2tQfOrlKCNxG05uNx1ufNykAlmqjBEIgKfQ8hFMKoBKZeS5Iw9HJxK7snroUqQ9vT0nHFPOQaNdpIUFVD56\/lwtVDuygetKbms0lRAHhpQDKbkuNRwQdu1HGAOMYeZA80dORLJ8NEvBYeRH1EmGOXBZQRlODD5VifP3HkMygv2chxKj0iXHypxHR300pZ++bXyD6o0tpLHsWrwhqoa0A1SKnfxFkM195VFQBPUvHkmnJSg44PgOIQcRIJRBpIUyjE5kHQqmHffUxav1EBCLhquFvoz9\/9GgKqUYI2MjJyZ\/6\/W7yoPByapdWoRtGqzWAla2X05wAQGQUwgcykBHUoygGruSEByMGW3VKt1yks5B5MnRrS0q+3LDw0N\/ZT5XGtQr1pKM65kpw0X26q5Lm855LEuiYcOPIQgcUc+rwg+PtlZCUS+hMtz9WW35EByKOXeULXY8zov6dcWVLWml3DhAb9RHFx565YnZiQOA4dECeaLKhSEPKbky7gMp1ISxONMtZY72T2jORH6lwNVDhXk8pYcHig5rdJgYdlxufMSzFwcEg7PRaUGHgdQKeGRxcHkUIbL2pWeb0rX\/ipn7P9yoKoBy0tcciOMWmyrBrESzLIIEjXAzyv+feWlmkt2R3n7UglI2S3D7cFzQOUR+DdNMQNVBlZtB0wGmZdXlFyY32g5hCAolGAmoJWgOo+UIAwHJB\/mIAMZqrUu3NIeB\/UKgA0HsdJpR9mFlRxYSUpAX1TyL4qc5KglPUqzm5QU6\/sUK\/0\/fRdbLPjNzdIAAAAASUVORK5CYII=\" alt=\" S\u0142oik Typ 26 z termosem 5 ml\" width=\"170\" height=\"133\" \/><\/a><figcaption class=\"wp-caption-text\">S\u0142oik Typ 26 z termosem 5 ml<\/figcaption><\/figure><h5>Dost\u0119pne przek\u0142adki dla tego produktu<\/h5><h6>Przek\u0142adka uszczelniaj\u0105ca &#8220;EPE&#8221;\u00a0\u00a0 <img loading=\"lazy\" class=\"\" src=\"https:\/\/www.polipack.com.pl\/images\/products\/789-263-separator.jpg\" alt=\"Przek\u0142adka uszczelniaj\u0105ca &quot;EPE&quot;\" width=\"100\" height=\"100\" \/><\/h6><\/div>\n\t\t\t\t<\/div>\n\t\t\t\t<\/div>\n\t\t\t\t\t\t<\/div>\n\t\t\t<\/div>\n\t\t<\/div>\n\t\t\t\t\t\t<\/div>\n\t\t\t<\/div>\n\t\t<\/section>\n\t\t\t\t<section class=\"elementor-element elementor-element-97065a2 elementor-section-boxed elementor-section-height-default elementor-section-height-default elementor-section elementor-top-section\" data-id=\"97065a2\" data-element_type=\"section\">\n\t\t\t\t\t\t<div class=\"elementor-container elementor-column-gap-default\">\n\t\t\t\t<div class=\"elementor-row\">\n\t\t\t\t<div class=\"elementor-element elementor-element-c7f02a9 elementor-column elementor-col-100 elementor-top-column\" data-id=\"c7f02a9\" data-element_type=\"column\">\n\t\t\t<div class=\"elementor-column-wrap  elementor-element-populated\">\n\t\t\t\t\t<div class=\"elementor-widget-wrap\">\n\t\t\t\t<div class=\"elementor-element elementor-element-3ed8d7d elementor-widget elementor-widget-text-editor\" data-id=\"3ed8d7d\" data-element_type=\"widget\" data-widget_type=\"text-editor.default\">\n\t\t\t\t<div class=\"elementor-widget-container\">\n\t\t\t\t\t<div class=\"elementor-text-editor elementor-clearfix\"><table><tbody><tr><th colspan=\"2\">Sp\u00f3d<\/th><\/tr><tr><td>Materia\u0142:<\/td><td>PP\/PP<\/td><\/tr><tr><td>\u015arednica:<\/td><td>34.00 mm<\/td><\/tr><tr><td>Wysoko\u015b\u0107:<\/td><td>25.80 mm<\/td><\/tr><tr><td>Waga:<\/td><td>6.14 g<\/td><\/tr><tr><th colspan=\"2\">Nakr\u0119tka<\/th><\/tr><tr><td>Materia\u0142:<\/td><td>PP<\/td><\/tr><tr><td>\u015arednica:<\/td><td>34.00 mm<\/td><\/tr><tr><td>Wysoko\u015b\u0107:<\/td><td>12.00 mm<\/td><\/tr><tr><td>Waga:<\/td><td>2.60 g<\/td><\/tr><tr><th colspan=\"2\">Komplet<\/th><\/tr><tr><td>Pojemno\u015b\u0107:<\/td><td>5 ml<\/td><\/tr><tr><td>Pojemno\u015b\u0107 ca\u0142kowita<\/td><td>6 ml<\/td><\/tr><tr><td>Materia\u0142:<\/td><td>PP\/PP<\/td><\/tr><tr><td>Wysoko\u015b\u0107:<\/td><td>30.50 mm<\/td><\/tr><tr><td>\u015arednica:<\/td><td>34.00 mm<\/td><\/tr><tr><td>Waga:<\/td><td>8.74 g<\/td><\/tr><\/tbody><\/table><div id=\"_detail_spec_table\"><p>Opakowanie dost\u0119pne w wersji matowej lub b\u0142yszcz\u0105cej.<\/p><h2>Mo\u017cliwo\u015bci zadruku:<\/h2><div class=\"hidden-lg\"><div class=\"_flex_table pl\"><div><table><thead><tr><th rowspan=\"2\">Nazwa detalu<\/th><th colspan=\"3\">Pole zadruku &#8211; SITODRUK<\/th><\/tr><tr><th>dno <small>[mm]<\/small><\/th><th>obw\u00f3d <small>[mm]<\/small><\/th><th>g\u00f3ra <small>[mm]<\/small><\/th><\/tr><\/thead><tbody><tr><td>Sp\u00f3d<\/td><td>X<\/td><td>12mm x 100mm<\/td><td>X<\/td><\/tr><\/tbody><\/table><\/div><div><table><thead><tr><th class=\"hidden-lg\" rowspan=\"2\">Nazwa detalu<\/th><th colspan=\"3\">Pole zadruku &#8211; TAMPODRUK<\/th><\/tr><tr><th>dno <small>[mm]<\/small><\/th><th>obw\u00f3d <small>[mm]<\/small><\/th><th>g\u00f3ra <small>[mm]<\/small><\/th><\/tr><\/thead><tbody><tr><td class=\"hidden-lg\">Sp\u00f3d<\/td><td>X<\/td><td>X<\/td><td>X<\/td><\/tr><\/tbody><\/table><\/div><div><table><thead><tr><th class=\"hidden-lg\" rowspan=\"2\">Nazwa detalu<\/th><th colspan=\"2\">Mo\u017cliwo\u015b\u0107 zastosowania HS <small>(wtop)<\/small><\/th><\/tr><tr><th>na obwodzie<\/th><th>na g\u00f3rze<\/th><\/tr><\/thead><tbody><tr><td class=\"hidden-lg\">Sp\u00f3d<\/td><td>**<\/td><td>X<\/td><\/tr><\/tbody><\/table><\/div><div><table><thead><tr><th class=\"hidden-lg\" rowspan=\"2\">Nazwa detalu<\/th><th colspan=\"3\">Pole zadruku &#8211; ETYKIETA<\/th><\/tr><tr><th>dno <small>[mm]<\/small><\/th><th>obw\u00f3d <small>[mm]<\/small><\/th><th>g\u00f3ra <small>[mm]<\/small><\/th><\/tr><\/thead><tbody><tr><td class=\"hidden-lg\">Sp\u00f3d<\/td><td>***<\/td><td>12 x 100<\/td><td>X<\/td><\/tr><\/tbody><\/table><\/div><\/div><\/div><p><small>**Do ustalenia po otrzymaniu projektu<\/small><\/p><p><small>x Brak mo\u017cliwo\u015bci zadruku<\/small><\/p><p><small>Podane wymiary zadruku (mm) (wysoko\u015b\u0107 x d\u0142ugo\u015b\u0107)<\/small><\/p><p><small>***Mo\u017cliwo\u015bci etykietowania okre\u015blone przez odbiorc\u0119<\/small><\/p><\/div><\/div>\n\t\t\t\t<\/div>\n\t\t\t\t<\/div>\n\t\t\t\t\t\t<\/div>\n\t\t\t<\/div>\n\t\t<\/div>\n\t\t\t\t\t\t<\/div>\n\t\t\t<\/div>\n\t\t<\/section>\n\t\t\t\t\t\t<\/div>\n\t\t\t<\/div>\n\t\t<\/div>\n\t\t","protected":false},"excerpt":{"rendered":"<p>Dost\u0119pne przek\u0142adki dla tego produktu Przek\u0142adka uszczelniaj\u0105ca &#8220;EPE&#8221;\u00a0\u00a0 Sp\u00f3d Materia\u0142: PP\/PP \u015arednica: 34.00 mm Wysoko\u015b\u0107: 25.80 mm Waga: 6.14 g Nakr\u0119tka Materia\u0142: PP \u015arednica: 34.00 mm Wysoko\u015b\u0107: 12.00 mm Waga: 2.60 g Komplet Pojemno\u015b\u0107: 5 ml Pojemno\u015b\u0107 ca\u0142kowita 6 ml Materia\u0142: PP\/PP Wysoko\u015b\u0107: 30.50 mm \u015arednica: 34.00 mm Waga: 8.74 g Opakowanie dost\u0119pne w wersji [&hellip;]<\/p>\n","protected":false},"author":1,"featured_media":0,"parent":1028,"menu_order":4,"comment_status":"closed","ping_status":"closed","template":"","meta":[],"_links":{"self":[{"href":"https:\/\/pepsyna.com\/index.php\/wp-json\/wp\/v2\/pages\/884"}],"collection":[{"href":"https:\/\/pepsyna.com\/index.php\/wp-json\/wp\/v2\/pages"}],"about":[{"href":"https:\/\/pepsyna.com\/index.php\/wp-json\/wp\/v2\/types\/page"}],"author":[{"embeddable":true,"href":"https:\/\/pepsyna.com\/index.php\/wp-json\/wp\/v2\/users\/1"}],"replies":[{"embeddable":true,"href":"https:\/\/pepsyna.com\/index.php\/wp-json\/wp\/v2\/comments?post=884"}],"version-history":[{"count":2,"href":"https:\/\/pepsyna.com\/index.php\/wp-json\/wp\/v2\/pages\/884\/revisions"}],"predecessor-version":[{"id":1347,"href":"https:\/\/pepsyna.com\/index.php\/wp-json\/wp\/v2\/pages\/884\/revisions\/1347"}],"up":[{"embeddable":true,"href":"https:\/\/pepsyna.com\/index.php\/wp-json\/wp\/v2\/pages\/1028"}],"wp:attachment":[{"href":"https:\/\/pepsyna.com\/index.php\/wp-json\/wp\/v2\/media?parent=884"}],"curies":[{"name":"wp","href":"https:\/\/api.w.org\/{rel}","templated":true}]}}