{"id":597,"date":"2019-11-29T12:49:14","date_gmt":"2019-11-29T12:49:14","guid":{"rendered":"http:\/\/pepsyna.com\/?page_id=597"},"modified":"2019-11-29T12:49:37","modified_gmt":"2019-11-29T12:49:37","slug":"sloik-typ-23-pet-70-400-z-nakretka-ryflowana-300-ml-2","status":"publish","type":"page","link":"https:\/\/pepsyna.com\/index.php\/pojemniki-plastikowe\/sloiki-pet\/sloik-typ-23-pet-70-400-z-nakretka-ryflowana-300-ml-2\/","title":{"rendered":"S\u0142oik Typ 23 PET 70-400 z nakr\u0119tk\u0105 ryflowan\u0105 300 ml"},"content":{"rendered":"\n<p>mmmm<\/p>\n","protected":false},"excerpt":{"rendered":"<p>mmmm<\/p>\n","protected":false},"author":1,"featured_media":0,"parent":442,"menu_order":35,"comment_status":"closed","ping_status":"closed","template":"","meta":[],"_links":{"self":[{"href":"https:\/\/pepsyna.com\/index.php\/wp-json\/wp\/v2\/pages\/597"}],"collection":[{"href":"https:\/\/pepsyna.com\/index.php\/wp-json\/wp\/v2\/pages"}],"about":[{"href":"https:\/\/pepsyna.com\/index.php\/wp-json\/wp\/v2\/types\/page"}],"author":[{"embeddable":true,"href":"https:\/\/pepsyna.com\/index.php\/wp-json\/wp\/v2\/users\/1"}],"replies":[{"embeddable":true,"href":"https:\/\/pepsyna.com\/index.php\/wp-json\/wp\/v2\/comments?post=597"}],"version-history":[{"count":1,"href":"https:\/\/pepsyna.com\/index.php\/wp-json\/wp\/v2\/pages\/597\/revisions"}],"predecessor-version":[{"id":598,"href":"https:\/\/pepsyna.com\/index.php\/wp-json\/wp\/v2\/pages\/597\/revisions\/598"}],"up":[{"embeddable":true,"href":"https:\/\/pepsyna.com\/index.php\/wp-json\/wp\/v2\/pages\/442"}],"wp:attachment":[{"href":"https:\/\/pepsyna.com\/index.php\/wp-json\/wp\/v2\/media?parent=597"}],"curies":[{"name":"wp","href":"https:\/\/api.w.org\/{rel}","templated":true}]}}