{"id":530,"date":"2019-11-29T11:29:42","date_gmt":"2019-11-29T11:29:42","guid":{"rendered":"http:\/\/pepsyna.com\/?page_id=530"},"modified":"2019-12-04T15:18:27","modified_gmt":"2019-12-04T15:18:27","slug":"sloik-typ-9-pet-z-termosem-15-ml","status":"publish","type":"page","link":"https:\/\/pepsyna.com\/index.php\/pojemniki-plastikowe\/sloiki-pet\/sloik-typ-9-pet-z-termosem-15-ml\/","title":{"rendered":"S\u0142oik Typ 9 PET z termosem 15 ml"},"content":{"rendered":"\t\t<div data-elementor-type=\"wp-page\" data-elementor-id=\"530\" class=\"elementor elementor-530\" data-elementor-settings=\"[]\">\n\t\t\t<div class=\"elementor-inner\">\n\t\t\t\t<div class=\"elementor-section-wrap\">\n\t\t\t\t\t\t\t<section class=\"elementor-element elementor-element-14a63293 elementor-section-boxed elementor-section-height-default elementor-section-height-default elementor-section elementor-top-section\" data-id=\"14a63293\" data-element_type=\"section\">\n\t\t\t\t\t\t<div class=\"elementor-container elementor-column-gap-default\">\n\t\t\t\t<div class=\"elementor-row\">\n\t\t\t\t<div class=\"elementor-element elementor-element-4d02764 elementor-column elementor-col-100 elementor-top-column\" data-id=\"4d02764\" data-element_type=\"column\">\n\t\t\t<div class=\"elementor-column-wrap  elementor-element-populated\">\n\t\t\t\t\t<div class=\"elementor-widget-wrap\">\n\t\t\t\t<div class=\"elementor-element elementor-element-5ed3ee36 elementor-widget elementor-widget-text-editor\" data-id=\"5ed3ee36\" data-element_type=\"widget\" data-widget_type=\"text-editor.default\">\n\t\t\t\t<div class=\"elementor-widget-container\">\n\t\t\t\t\t<div class=\"elementor-text-editor elementor-clearfix\"><p><!-- wp:paragraph --><\/p>\n<h6>Przek\u0142adka uszczelniaj\u0105ca &#8220;EPE&#8221;<\/h6>\n<p><img loading=\"lazy\" class=\"\" src=\"https:\/\/www.polipack.com.pl\/images\/products\/789-263-separator.jpg\" alt=\"Przek\u0142adka uszczelniaj\u0105ca \" width=\"215\" height=\"215\" \/><img loading=\"lazy\" class=\"\" src=\"data:image\/png;base64,iVBORw0KGgoAAAANSUhEUgAAAK0AAAC2CAYAAACrvg0bAAAgAElEQVR4nO2d13cay7LG\/fffe\/a2LSsics4555wFQgKBAkISCCX7nHXWuu\/ffUDVbkYDyApGbM\/Dt4SAgWHmNzXVVdXVn7rdLiRJWiV96vV6kCRplSRBK2nl9On4+BiSJK2SJGglrZwkaCWtnCRoJX1onZycPJEEraQPLQlaSSsnUWjFnpQk6aPo9PT0iSRoJX1oiUIr9qQkSR9FZ2dnTyRBK+lDS4JW0srpQ0IrtlNvqWV\/v6S3lwTtBzgJkn5NErQf4CRI+jV9WvYO9Pv9d9Wyv1\/S20uC9gOcBEm\/pk\/L3oHz8\/N31bK\/X9LbS4L2A5wESb8mCdoPcBIk\/ZoWQitBI+mjSYJW0spJglbSyunTojcMBoNX6b0\/X9KfJwlaSSunT4vecHFx8Sq99+dL+vP0B0B7teJaPiQfTRK0H17Lh+Sj6dOyd+Dq6gpXV1e4vLxk4l\/nowwE+eXlJdvu+voao9EIw+GQfc7FxeRimWxzySQGBf\/6S7QIul\/d\/ul7pi9uOkb0+4VGYNbYQbj9ss\/7SkMrDH0JrS+dHDG4Ly8v524\/OTnzobi6Gs3VcHg9V5eXw7latP3iz396MfOACo+HUMPhkIk\/hss+7ysN7TwrMs8Ci7kYtO1wOMRoNMJoNJrAc3GNi8EIF4MRBudDDM6HOO9f4bx\/hf7Z5Vwd9\/pzddQ5matF29P30P4MzodsXy8urqagE9M8oM\/Pz9lx4O9Es47pqujToiv1vSVmBfgD+pzthW4BWd+zszMGR697hu7RKY46J+i0j9E+7KF92MN+sz1XtWrzXdVsHLLvau13cNA6wuFBF+3DHjqdLk5OznBycsLKKAeDwdTFKXaB8ydYCLTw4l72+X+Jlg6t0GoKJbQU9P7z80m2rdvt4ujoCJ1OB4eHh9jf30ej0cDe3h7q9TqDo1ppoFLeQ7lUR6lYQ6lYQ7FQZY9fqkp5b64WbU\/7UC7VUS7VUa00UK00UKs2Ua83HlVHo9FAs9lEq9XC4eEh2u02Op0Og5n81qurK4xGI1xfX2M8HotaV4J21msfXZ+EPuPvllgUgd\/B8\/NznJ1NrE2320W73Z4Cs1qtolqtolKpoFwuo1wuo1QqoVgsolgsPwGkkK+gkK8gnysjnyu\/GlqCbZaeCy3\/WQR8tdJApVJDpVKZqVqthr29Pezv76PdbqPX6+Hs7IwdUzrOQt+WDMayz\/9LtHRoCU6yngTo8fExer0ems0mGo2JtalWqyiVSigUCsjlcshms49wTlQqlVAqlRi85XL1EYS9KZWKdSbha0IV8tV3Fb8vT\/enjmq1zgDlL0pSLpdDPp9HsVhEuVxmEDebTezv76Pb7eL4+Bj9fp9ZWN4tWPb5X0loyQc9OTlBp9NBs9lCrbaHUqmCQqGEUqnyeILE\/xaLZWZV+b+T18miVqbEQ1Ms1F4lIXRCLdpeCPH0vpaRzxeRz+eRzxdRKBRQKJSmfme1Wn+809TYhfrzuEz+r9cbaLePcHp6+mRwt+zz\/yJoF41OX6vr62sWmhmNRuyWdH19g35\/gIODNprNFqrVOorFMrt90+2yWKhOTsCMv4X8BG7Rv2+gYqE6V2\/1PbNUKlRRKpRn\/i0XaygXKygXa6iUqqiU6qiWa6iW91At7yGfK6Ne25\/416UKWvsd9HonGAwu8fDwgwuvvc\/5XwTgS7Z\/d2hHoxEGgwGur69xc3ODwWAwGdUfnzJYK5Ua8\/9+AkHWaLnQLPv7J3DOVlHwngnENVRKdVRKdeSyZVQrTZSKNRTyFTT2DnB40EWvd4LRaCxBOwvay8tL3N7e4ubmBsfHx2i1WqjXG8hkcsjlCsjni09G8nSrXDY0y\/7+50DLS\/h6LltGpdxAsVBFPldmkYlms4XT074ErZiur69xdXWF8XiMy8tLNBoN5pOl01kGrRAQgva9ofjoei20+VwF1UqTQVsq1iZ\/SxV0Ot13h\/Y99O7Q3tzcsCvm6OgI6XQasVhsYl2Lk4NHvimFofK5MmiQtGxolq1F0JI7QHoCdaHGoM1lS8jnykglc8hm8zg87EjQzoKWogTNZhPBYBAejwepVIaN8IvFCai5bImJoOVBFtN7Q7Ps738ttBRWy2aKSCVzSCVzCIfiSCRSODhovzu0lByapZds\/1t82qurSTy22WzC4\/HAbDbD7w8iFksgnc4ik8khmykySzAdppKgXQStmLtQyJVRyJWRThWQThUQi6YQDsURCsbgdvkRDkfRbLYkaMXEB7QPDg7gdruh1WphtdrhcnkQDkcn8KbyUxDksmVkM6WlQ7Ps7\/8Vn5ZAzWdLTLFoGrFoGgF\/BD5vCF5PEDarC35\/EHt7zT8T2kU7RfWul5eXOD4+hsFggEajgU5ngMFggsVig83mgNPhhc8bQiScQDKRfQS2MhVVmMBcQjZTZMDMgoncjEy6gGymOGXJC\/mfgz4+nbooKiD8bF6zQOY\/T7g97RO\/X7QNS+0uUDFfQT5bQjZdQCaVRzqZQyKWRjScQCgQRTAQg9fzE1aX0wezyQ6j0fwm7sGi8\/9aiX3nb4dWr9dDrVZDo9FBpzNArzfCYDDBZLSxg+rzhhAMxBAKxpGIZ5BK5pBJFxiAuWwJxcIkRSuEg5ISlL+fZTXFYBOCmM0U2fdm0gWkU3mkU3nmG6aSOfZcOpWfei9dKGIAP6d2gV1Mj1Y0ny0hlykik8ojlcgiGc8gEUsjEUsjHk0hFkkyEbB+bwg+bxgupx9Ohxdmkx12mxsGvQV6vRH7+wcStIugPTk5gV6vh1KphEqlgVqtZX81agN0WhMMegvMJjusFhfsNg8cdg\/cLj983hD8vjAC\/ghCwRiikSTisTQS8QwDO53KT1lhsSouoTUVe40HjQeYJAYnbzX5i0EMWl5Cyyu8OAhOAjMSiiMcjE2sqD\/C\/gb9EYSDMURCcURCcQT9Efi9IbicftisblgtTuh1ZphNdmg1Rmg0OjQa+xK086C9urpi0CoUCsjlSsjlSiiVaiiVaqiUOqhVemg1Ruh1ZpiMdphNDpiMNljMDtisLtisLlgtTlgtTtisLthtbricPrhdfnjcAXg9Qfi8IQT8EQQDUQQDUcSiKcRjaQZ4MpGdspBCS0oWNJnIIpnIsouCPiMeSyMWTT0R\/zptk4hnEIumEI0kEQknEA7FEQxEEfBH4PeF4fOGmJ8plMcdgMcdgM8ThM8ThN8bYpASnNFwgkEaCcURiyQRj6YQj6YYuA67FxazE2aTHRq1AUaDFWqVnkE7Go0f9b7wvaXeHVr+ijk7O4PBYIBSqcTurgIymRwKhWoiuQZKhRZqlZ5BazE7Ybe54XR44Xb54XL64LB7YLe5mSxmx1wR5DzsvOh5i9kBs8kOk9EGo8EKo8EKg94y9T89R9LrzFPiX6P363Vm6LSmiXVTG6BW6aFS6qBUaKGQa6DTmqDTmqDXmWE0WGEy2mA22dm+uxxeuJ0+eN0BBHxhhIMxxCJJJGJpJOMZZomT8QxSiSxSiSwSsfQUtHTxE7QatQE6nQH7+wcStLNgpcf9fh8mkwkqlQpyuRIymfyndpTYlamgVGih1RhhNNgYtC6nj1lR3gp5PUE4HV4GMkEoBqBeZ4ZWY4RKqYNCroF8V41dmQpbm7vY2tzF5oYMG+s7WP+2jW9rW1j7uomvXzbY\/6S1r5tT+vplY+p\/\/r3r37axuSFj2trcxfaWHDvbCuxsKyDbUUKp0EKl1EGjNjBw6c5it7mZpQ34wggFosyikj9L4PLQxqMphAJR+DzBJ5bWZLRN3DCDCYeHHVxf3zzq+kV6b0DFvvPdob26umKPB4MBLBYLNBoNFAoVdncVTLIdJWQ7SijkGqhVehj0VpiMdlgtTjjsnsmtkrud8o897gCzxE6HlwFss7oYwEaDFTqtCSqlDvJdNWQ7SuxsK0RB\/fJ5HZ\/\/\/oa\/\/1rDl8\/r7H96jhe9\/uXzOr5+2WAiiHlgCdRd2eTOopBrptwi8udtVhccdg+cDi\/83hACvjBzDcgt4F0BApigjUWSCPoj8LoDDFqytASt0WhGp9OVoJ0F7XA4qUG4uLiAzWaDVquFUqlmPq1CoWKWj6DV6ywwGe1sIEaDMIo3CqEVgkvWl27pOq0JGrWBWdpdmQqyHeWUpRWDlyAUwksSWlbSxvoONtZ32OeTleUt7c62grlEP315G6yWyR3GYffA++jXErjhYGwKWvrLQ5uIpacsLbkHapWeXbx\/NLSLftTFxQXu7u5wc3ODfr+PYDCInZ0dqNVayOXKKUvLuwcGvRVmk2PKPeAHLwSxcPBCfi+5CmajDSaDFUa9BTqNERqVHkq5BopdNeQyFbY3d7G1IcPGt22sr23h29dNrH3ZYPry97e5ovd9\/byOtS8b+PZ1E+trW9j4to3N9Z0pbW3IsL25i50tOXZ3lJDLVFArddCo9NBpjDDqLTAbbbBZnHDY3HAKoBUCy1tZ3lXgLa3T4YPJOLnTTNyuyUDMYDCh1zt5NbTL0G+Ddjwe4\/z8HOFwmEErdA8kaN8XWj56YDCYcHx8KkErJqqlHY\/HuLi4QDQahUwmk6D9TdC6nH5RaI1GM05OzlYT2vfwOXgNh5NKL5rOnEgkIJfLJWh\/I7Rmk2MKWo3aAJPJgtPTvgStmEajEW5ubtjjTCYDhUIBlUoDmUwuQbskaM1mK\/r9wWpC+zu+ZDwe4\/p6Mkcsn8+zNK4E7ftD63YFGLQUPdBqjLBYbBgMLiVo5wE7Go1we3uLUqkElUolQfuboTXoLY\/xbwu0GiOsVjsuLq4kaBdBe3d3h3K5DLV6Um8gQbs8aG02xz8X2rfwacfjMZsr1uv1IJfLsbOzC5VKsxBavsqLCk0I2GAg+ixoeWA1Kj1UCi3kMhVk24pXQ\/v18zq+fl5nj+eBKwatSqGFWqmDVm2AQWeGyWCF1eyA3eqCw+aGx+WH1x2A3xt6khGLRZJTJYqkWCTJkgu8T6tS6qDXmaFRG2CzOTAcXr8a2vF4\/Nv126E9Pj6WoF0StLyldThcHLAStKLQjsdjDIdDnJycQKmcFMv8KrQELA+uBO18aMWSC3qdGS6XBzc3d\/9MaF8rAns8npS\/nZ6eQq2e+LNKpfrZPi0P7a\/6tBK0P6E1GW0w6C1wu724u3uQoJ0HLT3u9\/vQaieJhV+BVjgQI3AlaCVof3mnnute0P+DwQA6nQ5yuXKqPHEWtDarC06H90k5ogSt5B68O7QE7sXFBQwGA5ux8FxoxeppJWilgdhvgfby8hJGo\/EZ0P4siOahJUB\/N7Rrf4n\/\/fb3BNq1vybQrn+eQLv59aNA62NF8CqVZhLy0uhWO+T13l9wf\/8dP378B5eXQ\/T7AwwGl2xSo05ngEo1PYtBoVBBrdayaeV2mxtuVwA+bxh+XwReTwgedxBeTwh+XwQ+b5g953ZNSvFsVvfjFJPpWQt8ETgVgG9vybG1uYuN9R18W9uaKvj++nkd3\/6eaP0v8b\/f\/vWN\/b\/+eQObnyfAbn\/dxtbaNrZmTLfZlf0sfFcqpmcjUyG4w+6B1+uHzxdAIBBCOBxFNBpHPJ5EIpFCIpFCJBJDLJZgz8XjSUSjcYTDUQSDYdjtTpjNVigUKqyvr0OhUOHvv\/9GIpFgjQFXTe8O7cXFFW5v70Frbp2fX2B7W4a\/\/vqML1\/WpuaJ0eBMq52UzlkskzleVosLLqf\/selEiAEbDMQQ8Efh90UYwB735JbosHsf4XVMQatW6aFUaCHbUbKZBIugXf9rtjb+3sDG3xNYt75MYN1Z25loXYbNxxkMG+s7otNuhHcXHli3yw+HwwWXywOPxzcFLg9qKpVBNptHLldAOp1FNBqH3x+EyzVpQWU2m6HX66FSqWA0GrG1tYV8Pr80S7kS0N7ff8ft7T2DV683Ym1tHdvbMuzs7GJ7W4bNzW1sbm5DJpNDo9HBbLbCbncy18DvC4tOv+ZdBppyw88Ts5gnU00oE0TQ7spUotBOTbXhLO0sbXzZZNr8ujWxrmvb2P62g+1vO1PQ0vSb7a2fEzl3thWQ76qhVumn+j5Q1MTj8c21tPQ4mUwjkUghFksgFIrA6\/XD7fbC6XTC4\/HA5\/PB4XDA5XJBpVJhb2+PlYyumt4d2uvrG3z\/\/u8paEOhCHQ6AzweH2w2B4xGM5RKNQN4d1cBjUYHo9EMh93DQl40R4yP1wp9WiG0VouTQUvTuGlyI83T2t6SszliBC2Bu\/5541niwSWRT0tWlre0vHugkGvYbFweWqfDi0AghGAw\/MTCCsGNxRLstWQyPWnql80jlUohlUohnU4zcDUaDQ4PD1lx\/qrp3aEdjcYM1tFojH5\/gEQiBZVKwxrQBYNheL1+OJ1uWK12mEwWGAwm6PVG1gtAOCuXz4rxMHs9QQYuDcjMJjub3KjVGKFW6ZlfK4SWt7ZfvyyGlYeUrCxp49tPn5af3CjbUUK+q2azcXnXYNJdx8kuVrfbC4\/HB78\/iFAoMmVpk8k06\/NbrdbRbLZwcNBGu33EVK1WkcvlkEqlYLPZHouVlOj1emwa1Krpt1haigfe3t7j\/PwC2Wwenz9\/xc7OLsxmK5xON8LhKNLpLPL5InK5AlKpzGRQEUkiFIyJugQed2DK8vLAkpWlhh584wyClmbkznIRvj6Gr3gXQKidddlM8YMwfiBGroF8Vw35rpqBy1tamkbudnvh9foRCkVYa9R8frJ6T7lcRblcRbPZwsnJGa6uRhiNxhgMLnF01MP+\/gGKxSKi0Sj8fj+USiW+ffsGhUKBwWAgQTtLNzd3uLm5w3h8ix8\/\/oPh8Bp7e038619\/48uXNRZFcDrdiEbjyOeLqNX2sLfXRKOxj4ODNur1BvL54k+QudFxJBJDOBxFKBRBIBCC1+uHy+WB3e6EzTbJqFktziloNWoD82vJ2gqhZc03Fmjj2\/ZcrQskHIwJfdrJwPOnL0+WlWClJZYajX22fNXBQRunp31cXg5xcXGFXu8Ee3vNxyUC0vB4PHA4HJDJZFhbW4NWq8X19bXk087S9fUNrq4mixPf3T3g6mqETqeLtbV1bG3twGKxwWy2wmy2TvWszWRykyWEWoeo1faQzxeZnzZZU6v0uMbWxDJP\/LcJ1OFwFIFACH5\/EA67h\/m1fP8DpUI71bTjpdBScoHXVPJB0LyDeiKQ1SV\/1miwTnWNDIfiiMfSU7+Z1gWbrB1WR622h8PDDjqdLrrdY3S7x+h0utjfP0C1WkepVEEymYTb7YbT6YRSqcTm5ibMZjNub28xHA6XDuCLoL25ucE8Lbak87cfjca4u3sA9YyiLn3b2zL8z\/\/8iw26LBYbnE43uxUmk2nkcgXUantoNPaxt9ecLGb3CGyhUEIuV5hugZ8vTsEbiyVYUY3L6WNWl7qsqFV6Bu3mhuxJyOvLY4aLirx50fNCiNfXtlg2bIMDlG\/QwXfSoQYdBCxFSiLhBOKxNFKpDNLpLLLZPFsMsFqto15vsLtRu32E4+NT9HonODrq4eCgjVptD7lcAYFAAOFwGAqFAuvr6\/jrr7+QTqcZsIvO33vz8ZLt3x3a6+sb3N9\/x\/X1DcbjW1xfT0BWqTT466\/PWFtbx87OLrRaPSwWG1wuD4LBMBtk1Gp7aDZbaDT2UanU2OIiBOpkhcLZ0IaCMQT8EXjcARZVsJgdLJ1JzeAoBEY9vViIakPGMloEIp\/h4rW9ucsyXqTNDRlLKFDrJz6h8CTE9einz4KWLC1B22y20Ol0cXx8yixtq3WISqWGTCaHQCCAUCjErOznz5+Rz+fZhFMJWlHd4eHhB\/Nrb2\/vMRqNYbXa8fXrN\/zv\/\/6FtbV17O4qoNdPpoH4fAEkEink80VUq1U0Gg00Gg22Nm6lUkG1Wn2ygHM+n0c2m0UqlUIiMQkB0UDO5w1NDdLE3AWKm1L8lhe1TuIHVLyElpTEh7hIwqgBDy2F9uZBy\/v8BC1Z2cPDyVKt5XIVqVQGgUAAfr8fGo0G29vbWF9fR61Ww\/X1Nev8I0H7ZPtb3N09MCt7d\/fAYrUbG1v417\/+ZtBqtXqYzVa43V5EIjGk01mUSiXU63W24ni5XGYrj\/9cuLnMFnrOZrNIp9NIJBKIx+NT0QeqTbDb3CwMRgkHCoERoHyPL6H15eOufDhLCDNdABTiIgnTtougpUUCxaDd3z9g0HY6XRwctNFo7KNYLCOZTCMYDMLr9cJgMGB3dxcymQztdhvj8ViCdpYo5DUe3zL\/9vJyiEKhhO1tGTY2tiCTTZp36PVGFgILBsOIx5MoFAqoVquo1yercZOl5R\/z0OZyOaTTaSSTScTjcUTCCQQDUVFLS1kyPtnAg8rDKowCPBdgsrwELPXhJWiptSc\/QyMYiCIaSSIRz7DVf3K5AorFMiqVGoO22Wyh1TrE0VGPQdtqHaLR2EepVEEqlUE4HIbb7YbFYoFKpYJarUa\/35cs7SJoycoOh9d4ePiBi4srtFqHrNaAsl98BIGgzefzqFQqU9CSdS0UClMAF4vFKWgTiZ\/dt2kwRtEEYT3CLEsrZm3FAJ3VFVEIrdDSvgRaPuTFQ9tuH6HVOmTuQSaTQzQahcvlgtPphE6ng9FoZNV3tPSrBO0TTazszc0dRqMxfvz4Dy4urtDvD9h6C2RhbTYHHA4XvF4\/otE40uksCoUCarUa9vb2UKtNlocn68pDWy6XGbSZTIZBS5ZWDNrnWFph02W+8GWeW8CniPm0LVlbPi5L0FK2j4dWGPKaBy25B\/v7ByxMmEgk4HQ64fV6YTQaYbVa8fDwwNpVSdCK6Pb2Hjc3d7i9vcf19Q3+85\/\/4vJyiNFoDK1WD5VqsjwTQetyeRAIhJBMph9DPCXs7e2h2WyiXq9P+bNi0Obz+WloI7GZAzG9zszayNOgSegK8B3Che4BD\/cs33bRQIyg5WuGQ8EYYtHUVA0BZcEWQXt42EGrdYh6vYFisYxUKgWn04lAIACTyQS73Y5\/\/\/vfrCxxJaFdtNFrdXt7i8vLS3z\/\/h339\/cYDAb48eMHhsMh3G43dDod9Ho9O6BerxeRSASpVAq5XA6VSkU0ekCgLoI2Go0jFIrA5wvA5fLA4XDBYrHBYDBBq9VDrdayuWpUbbaxscX07dvGXK2vb2J9fRMbG1usUm1rawfb2zKmnZ3dqRJMuVwJtVoLnc7ASjAdDher6KKUbTKZfnQPMsjn8yiVSsy\/p2Oyv7+PTqeD4+NjdLtddDodtFotVKtVZLNZxGIxRKNROBwOqNVq7O\/v4+Li4tF1u8bt7e3K6bdAe3V1hYeHB9zf3+Pi4oJBGwgEoNPpYDAYZkK7KOT1kaAlcN8W2jSy2ewUtHt7e2g0Gmg2m6LQHhwcsEKZWCyGSCTCqrsODg6m2q8uG8APC+1wOMT9\/T3u7u5wdXWF79+\/YzQaIZFIQK\/Xw2AwwGw2PwtaAvWtoFWpNG8CLW9tt7Z2psB9C2gLhQLK5TLz7wnaZrPJoO31egzaWq2GXG4yEAuHw3A6ndDr9eh0OhgOh7i7u1s6fC+G9i2c8fk+7S0Lr9ze3mI0GuHh4QGj0QjlchlGoxFGo\/EJtOl0Gvl8nkHbbDZF47RvAa1CoYJMJp+CliBcW1ufKx5eoYtA4L4G2kwmIwotASuE9ujoCIeHh6jX68jn84hEIgiFQnA6nTCbzTg5OcH19TXu7+9xf3+\/dAA\/LLRCh\/r+\/h6j0QjtdptNB7FYLLDb7fB4PFPQ1mo1dnJqtRqzsvT4LaHd2tphwJJ+BdpZ1va10OZyOTborNVqU66BGLTtdht7e3soFAqIRqMIhUJwu91wOBw4Pz9n52Blof1dX0TuArkJo9HPJZpI86Dd399noNZqtTeDllbZmQXt16\/f5mqetd3c3H4zaIvFIotXz4O22+2i3W6j0WigWCwiHo8jHA7D6\/XC4\/Hg6uoKNzc3uLu7k6Cdp7u7OzaJ7vv37wza29tbWK3WmdBSjJZOECUY3gPanZ1dbG3tMFgJwudAS+AKB2RvAW02mxWFdn9\/\/wm0\/GCs0WigVCo9hv0i8Pv98Pv9UxGDVfVrfxu01Pfgx48fuL2d+LY\/fvyAzWaD1WqF1Wpl0IbD4Slo6QQJoa1Wq28K7ebmNgOW9KvQCq3tW0Cbz+d\/Gdpms4lSqYRUKoVoNIpAIIBgMMgGx+S6raJeDe1zfNp5yuVyMJlMsNlscLlc8Hq9SCQSSCaTU4mFRqPB4KSBGIWACF5KOAgrvcLhKPz+4OPs1Mk8NKPRDJ3OwBbf492Db982GIzPhZZ3FcTA5RtIU28Hnc4Ag8HEoHW7vVPQplKT+KzYIIygbbVa6HQ6ODk5Qb\/fx9nZGY6OjtjANZlMIpVKwe12o1gs4vv372yM8f3796UDuJLQFotFmM3mPxZaoaWlCYzxePLF0Ha7XTYG4KGtVCp4eHhg5+bh4WHpAK4ktHt7e8xFoBx5PB5HIpH4Y6ENh6PPhvbg4ABHR0c4PT3F+fk5+v0+g7ZeryOZTLIpN\/v7+1OVXRK0L4S20+nA6XTCYrHA4XAwaOPx+B8FrdPpfjNoe70eWq0W6vU6UqkU4vE43G43er0eOycU9lo2gCsJ7fn5OTwez1Ry4U+C1mSywGq1s\/lx1EkmkUg9zsB9uaWt1WpIp9OIxWIs3EWJBQp7LRvAlYT25uYGfr+f1R74fD7EYjHEYjGUy+U\/EtpIJPZsaFutFtrt9syBWDqdRjQahcfjwf39PYbDIR4eHla27uBDQPvjxw+EQiEYjUbYbLY\/FlqXy\/MiaJvNJg4PD9Hr9XB2doaTkxMWp61UKshkMohEIvB4PPjvf\/\/LipcogrBsAFcS2v\/+978Ih8NPoI1Go38MtFRH7PMFWAOSRCKFTCb3LGgPDg7Q6\/VwenqKk5MTlsYtl8vIZCZTbjweD\/7v\/\/6PlYn+0dC+VqPRCN1uFwaDAW63G263G9FoFNFolBXM8LUHPLR8Rkw4e4Gm3FAHmkAgBI\/Hx5ILRp6ozRoAABA9SURBVKMZBoPpSWkipXEpucCD++XLGr58WZsCViylu76+OVWiSAkFaiStUmmg1U6WrxdCy1va50C7v7+Pdrv9BNp6vY5yuYxkMgmfz4e9vT1WkkhVdss+9ysL7Xg8Rq\/Xg8lkgtPpZNDGYjFWmrhq0Arrat8bWnIPTk9PcXx8zKCljFggEMD+\/j4rSfzx4wfG4\/GfOxB7re7u7nB6egqbzQabzQa3241IJIJkMolsNitB+ws+LUFLpYkEbTgcRqfTYaD++9\/\/\/rNDXq\/Vw8MDBoMBC3u53W6EQiGk05MC6FWBlnxb8mf5IvDfBe3JyckTaCf1F9GpGK1kad8A2uFwiFgsBqPRCLfbDb\/fz5pufHRohbW1Qn\/2d0B7cHCAbreLk5MT9Ho9NnOB2nzGYjGcnp7i5mYykfDh4YF1TVz2+V9JaCmtWCwWYTKZ4Ha74XK5kM9PulivKrR8a\/73hLbRaMyFllwt6kdLyQUJ2leIDmKz2YTFYoHb7YbNZlsZaIVzxsifXQa0VAguhJa6JJKFvb+\/\/7OTC68VHcxOp8MGYhaLZSWh5eOzvxPaVquFo6MjVk9Ls3Fpuk0ul8N4PGa+LFV6ST7tDC1KPvCV9DabDR6Ph3X64\/se8NASpFQYLeznRf7wpFhkAi5B63J5YLM5YDJZoNcboVZroVJppmYv8FNuxBINiwq\/hTNxKaEghFavN041KRFCm05PZi2I9TygC5nqDzqdDpvUSLMWcrkcPB4Pjo6OWKt6IayvTQ79kdDyt6lwOAyHw8Gq7LPZLCqVCpsyLZyBK0HbZAMxgpbmh5VKJWSzWQQCAfR6PeYS8KGu5zSgWzagS4H2V+Cu1WqwWq2sEXAmk2GpXDFohd1m\/kRoyT3odDpT88OKxSIymQwSiQROT0+n\/Fi+ymsloV2006\/Vc3dkPB6j3+\/DbrfD7\/cjHA4jlUo96U8r1urzT4Z2b2+PdZkRQptOp1EsFjEYDKagJVifs7rNe\/PxEr07tM8Fm9qpB4NB+Hw+hMNhJJNJFItF1Gq1uf1pJWgn9Qd8zwOCttlsYjgc4vb2dmr8QI9XEtr3bov0nFXKb29v2Xz8YrHIsmKJROJZTZX\/ZGhpZu7h4SHa7TYODg5Qr9dRLBaRzWbR7XZZTJbae47HY\/b4I64yvki\/YcXG0VxR5dHFxQWurq7Q6\/XYYCyRSLCmyhQ5kKB9Gj1otVo4ODjAwcEBm7FAob9+v8\/gvLy8ZIbk8vJyIbB\/LLTD4XCuBoMBbm5uMBgM0O\/3MRwOmV8rQbsY2larxaBttVpT3SXz+TwuLi6Y+3VxccHubhcXF6wXxcpBy\/sK\/AvPvQp5qzkPzqurK1xdXeHy8hKXl5e4uLhg6vf7GAwGzNLm83mEQiGEQiGkUikUi0V2IgqFAorFImtXP2uxkOcWgWs0OqjVWtEmdGKJBmEbJAJVWNnFN+iQy5VQKtVMfM8D4XQb4cRG6k1LyQUalJJbQM2mCeBKpYJUKoVCoYB2u43BYIDBYMCONR1\/4fmg5+h8zbs7Ct074XM8R4v801dBOwvYeTt8fX0tCuYsOAeDAZt8Rzo7O8Pp6SnOzs7Q7\/fR6XRQKpUQi8UQDAaRTP5cLIRAFVrYfzK06XQauVyOWVoCVzgY46GlUGG322XHlo7v+fk5zs\/PGcw81GLwCvVcmN8V2ufCOutH8FcqDyeJwCQ4qXyu1+uxfqrdbpc1TqOpz+l0+olfS1BSKvdPg5bvGMmncwlYGoRROynqonh0dIRut4ter4fj42OcnJzg9PR0ylgQ0EKAhZZZCLAYzO\/tXnwSG80LQeUtqPCWQnDSFcxDenZ2xnpMUUe\/o6MjdDodtNtttNttNvKlA04no1CYLJHJW1qqLaAVbviVbv6p0PKt63loyT2gAVin02E9vMiVODw8nBqoHR4esswZDzEP8iyLzLsXPMBiIM+7M7+FPs0ClQd2kSXlb\/NkSWeBenh4yAYP1AWF\/DI6MdRblbJiVDTTaDSmms\/9CdBSQ2UhtLx1bbfb7DhT4zkaB\/B+MG1D4TECnUAWWuJFVlhozMQAfhdoxWAVWlWhT8r7pQQq1XLykPKg0uiWfLB6vc4m3\/HVWTRapmkimUwGtVqNWWb6DH7bfzq01DWRLlLqjs5HDg4ODqZqDqiDuHA73q3gtyeQeXiPj4+fuBHPcSGeO6B7qT49ZyDFuwBCH5W3qkKLSrcnspL1ep31leUhy2QySKVSDLRwOIxgMIhQKIRIJIJCocCaUlAskizzPx1aWnOBLmby6ekO1Wg0pqaL00zmRCKBVCqFdHq6m7gwCiGsFiMLTOOMWa4D7zIIAZ5leX91YLcQ2uf4rLwbQBaWBlSU9xZaVrKqPKzFYhGFQoEtwByPx9mBjkQicLlccLlcCAaDcLlciMfjqFarUzWklUoFuVzuHw8tdT0ky8m3sqdjW6lU2MCVpivFYjGk02nWzC+VSj1xNYSLjvCuAw3ghC4DD+1zwH0XaBeN\/oXuAO+7Cl0C3hKKWVe+6XEqlWKNjwnaUCgEv98Pj8fDlsY0Go2w2+0IBAJIp9PsgJOFJljpAshkMkzZbJYVgQeDYXi9\/ilo9XojFAoV5HIldncVLLnAt5\/nV7rh29o\/d60FvgicCsFpaVW93sgadtjtTni9foRCEUQiMUSj8cdVK9NM\/G8j0YXu8\/ngdDrhcDjgcrng8\/kQCoUQDocRiUQQj8fZDGca2PErBfHNmsUsrtigjfqHzRq0PQfkd4N2FrAnJydPBlpCaGnQxPutPLTRaJStwELAOp1O2O122Gw26HQ6aLVa6HQ6WCwW1qCOAu78rTOfzz9ZZjQWe1y1MRSB1+uHw+GC2WyFXm9kWSlaT4xfe4GA5Wcm8PPBKDsmBi2fDdva2mFWlzrMyOVKlhWzWu2w252sa2IgEJoCNxQKIRqNIplMPgE1GAyyqfdWqxU2mw0OhwNutxs+nw+BQOAJtBSNIF+XZoEIoSWLy0PLW10C90NCKwRWGCEQg5YGSzTbYBa0qVQKkUiE+bBi0NrtdhiNRqhUKsjlcqjVapjNZng8HpZ84H22XC7HPjcYDCIeTyIWm7SxJ3j9\/iC8Xj\/cbi+bdkMr3RC4Ozu7rKX9PItLlnXWSjZi7gE\/3cZiscFiscFqtcNmc0w1opt0BI+xNlHhcBg+nw8OhwMmkwk6nQ5qtRparZa1lXI6nfB4PPD5fPD5fIhEIohGo4jH48zNEELLJyyE0FJ4TBjnJX1YaMWSA7OgpZAW+Z\/82gjC2zj5XHRSQqEQAoEAvF4vm5XrdrsZuFqtFhqNBiqVCkqlEnK5nDViDoVCiMViSCQSjxY29njbDMDr9cPr9bPaA4fDBZvNAYvFBq1Wz\/xa6uvFSwggwUy3fnpMr\/PWlNwOMWjJPSBRn1q73QmXy8PWXwiHw\/D7\/XA4HDAajdBoNFCr1VCr1dBoNGyJVmpKzQNLfdHIylKigvxaGtDxGTber10E7VtY2pfoTSytGLgUhhEOxGiwRLdyKmwh0Mjq0jwxfskmksFggFqtxu7uLmQyGeRyOTQaDUwmE2vMHAwGEQ6HEQpFEAyG4fcHn0xs5AtmCFiCjTQLVt4F4CWEfNayo7u7CiiVajYgo8IZu90Ju90Jm80Bq9UOnU4HjUYDpVIJhUIBlUoFvV4Pq9UKh8MBp9PJ2kl5vV74\/X7222n6OFlYPoJAviy\/xi4f9xUmIcSA\/bDQLhqI8SnZWRmveSEv3uomk0k2KJsAF2KDMofDwVwGi8UCk8kEvV7PrK5CoWBSqVTQaDTQarVwOt1wuTxTcjrdcDhcsNud0OkMT9bI5SGlW\/+swRkP4yyYeQtMjxWPnRPJrzYazTCZLFMX02R\/dqFUKpkLQKsAEay8VSUfNhaLTYFKoTKxqIEwVsvDSiEvIaxitQwvhVYsQbFIC6EVG5QJ3QWxLBgBTPFaGqBRXJEApuwN+aPCyAK5EMFgkC3gRpEFu93OViK0WCzQ6\/VQq9VQKBSQy+XY3d2dKg3kITEYTDAYTMyn1ekMUy4Cf3vngRNaXt6VEFppWnpJo9FBq9UzV4QHVavVQ6czTLkKdCFNBmoTSGkRFQKUjkUkEnnit4olJHhY+eQC7wpQtGCWZRVmyIT6MNAKnxMDd5blpYIYsUEa3ZYWuQ8UCSDfl0QRB\/4EUqtQivO6XC5YrXYmi8UGk8kCg8HE4OAf87DQ\/zxI\/OvC9816nSAVvk4xWl4Wi40NxsinJTeJFAwGp6IJwuQBgcqncoXRAYKVLKtYPYLQDZhVk7AUaPkvENMsqzvL5xVa3Vl1CAQyX4fAZ3hogMCfALLGvEshHF2HQqEpn1homQhqur2Sy0FhI4vFArPZDJPJ9Czxa\/uSaDE\/CkNRFIR8ULqgyA\/1+Xzw+\/1s6jz5o5FIhC1PRdktYYiPEitkSfl6W74+gY8IEKSzfFbeBRCzqLwW8SNM9f6q3gVaYXWX0OrO830pIcGnfcka8w3WxCwynSzeKvMw8y4GJTB4wAkKKjbnQedhXyTeCgYCAaZgMMhE30EwUlM4GtnPAlNoPfkBFAFKkApv+zyk8wZWs3zWeW7AykM7C16+uHue\/zvLF+YrkMTSwwS00NWgEJuw3lZosQl2PimRzWanwH+OhBk4Hji+AIgGQ8JbOG8phVVZJLERPn+Ri1lRHs5Z2SzevZtVKL6S0D5XYj4OHQDhTAWxgyXmGy+KTPCWZBHQBDXvevDiSx7F+oTNE21D0AkltIj8PpHEJinOg5If4c\/yRWnhEDEwhZrlly4yVm\/Fz69A\/2bQPifyIARaDGYhxIsiFLx1FkItdDt4CScE8uJbw\/+K+M8Qfh8v2idewtv4PDCFWalZ4Six4yo87osAXEloF5nv17oVYle9mAUQxoqfA7cwkiEmIfy\/KjHAFn2nULN8Sx7CWX7motcXHd\/3hu65HPzKRfFqaF+7U4t8plnvFZ6gWVabh1oIgdjrvyoxayfm9szSPCs471jQ+Zn1Or1n2ZbyHwntc6AWsxDCkMwid0NMNPPiLaCdBeJzoZ0F7K8ALHbe3hvKpUD73tBJkvTWkqCVtHKSoJW0cvq0aCAkSdJHkwStpJXTp0VxPEmSPpokaCWtnCRoJa2cPj0nCC9J0nvpJQkdCVpJS5UEraSV04ugfW3uXZKk10isxHKRJGglLVUvgvYlG0mS9Fbia4mfKwlaSUuVBK2kldOLoF30hl+dOjJvKslL9N7f\/9rPX\/bxee3vW8XjL0ErQbtyx1+CVoJ25Y7\/p0VveO1s1df+6Pf+\/td+\/rKPz2t\/3yoefwlaCdqVO\/6fFr2Bn9f\/Er32R7\/397\/285d9fF77+1bx+EvQStCu3PGXoJWgXbnj\/2nRG4TdC99ay\/7+1+7fa\/d\/2RfNe+\/\/e5wTCVoJWglaSZLeW58WvYFvmylJ0keQBK2kldOnRW8QawAsSdIytXRo53XMntU1+3dq0f69dv9f+\/nvrY94\/iRoJWhXD9plHxRJkn5VErSSVk4StJJWTp+EyxFJkvTRJUEraeX06aULvUmStCxJ0EpaOUnQSlo5\/T9EgWv1YIYaYQAAAABJRU5ErkJggg==\" alt=\"\" width=\"206\" height=\"216\" \/><\/p>\n<p><!-- \/wp:paragraph --><\/p><\/div>\n\t\t\t\t<\/div>\n\t\t\t\t<\/div>\n\t\t\t\t\t\t<\/div>\n\t\t\t<\/div>\n\t\t<\/div>\n\t\t\t\t\t\t<\/div>\n\t\t\t<\/div>\n\t\t<\/section>\n\t\t\t\t<section class=\"elementor-element elementor-element-a8aac50 elementor-section-boxed elementor-section-height-default elementor-section-height-default elementor-section elementor-top-section\" data-id=\"a8aac50\" data-element_type=\"section\">\n\t\t\t\t\t\t<div class=\"elementor-container elementor-column-gap-default\">\n\t\t\t\t<div class=\"elementor-row\">\n\t\t\t\t<div class=\"elementor-element elementor-element-4e89cad elementor-column elementor-col-100 elementor-top-column\" data-id=\"4e89cad\" data-element_type=\"column\">\n\t\t\t<div class=\"elementor-column-wrap  elementor-element-populated\">\n\t\t\t\t\t<div class=\"elementor-widget-wrap\">\n\t\t\t\t<div class=\"elementor-element elementor-element-af62316 elementor-widget elementor-widget-text-editor\" data-id=\"af62316\" data-element_type=\"widget\" data-widget_type=\"text-editor.default\">\n\t\t\t\t<div class=\"elementor-widget-container\">\n\t\t\t\t\t<div class=\"elementor-text-editor elementor-clearfix\"><table>\n<tbody>\n<tr>\n<th colspan=\"2\">Sp\u00f3d<\/th>\n<\/tr>\n<tr>\n<td>Materia\u0142:<\/td>\n<td>PET\/PP<\/td>\n<\/tr>\n<tr>\n<td>\u015arednica:<\/td>\n<td>46.90 mm<\/td>\n<\/tr>\n<tr>\n<td>Wysoko\u015b\u0107:<\/td>\n<td>36.00 mm<\/td>\n<\/tr>\n<tr>\n<td>Waga:<\/td>\n<td>12.50 g<\/td>\n<\/tr>\n<tr>\n<th colspan=\"2\">Nakr\u0119tka<\/th>\n<\/tr>\n<tr>\n<td>Materia\u0142:<\/td>\n<td>PP<\/td>\n<\/tr>\n<tr>\n<td>\u015arednica:<\/td>\n<td>0.00 mm<\/td>\n<\/tr>\n<tr>\n<td>Wysoko\u015b\u0107:<\/td>\n<td>0.00 mm<\/td>\n<\/tr>\n<tr>\n<td>Waga:<\/td>\n<td>0.00 g<\/td>\n<\/tr>\n<tr>\n<th colspan=\"2\">Komplet<\/th>\n<\/tr>\n<tr>\n<td>Pojemno\u015b\u0107:<\/td>\n<td>15 ml<\/td>\n<\/tr>\n<tr>\n<td>Pojemno\u015b\u0107 ca\u0142kowita<\/td>\n<td>17 ml<\/td>\n<\/tr>\n<tr>\n<td>Materia\u0142:<\/td>\n<td>PET\/PP<\/td>\n<\/tr>\n<\/tbody>\n<\/table><\/div>\n\t\t\t\t<\/div>\n\t\t\t\t<\/div>\n\t\t\t\t\t\t<\/div>\n\t\t\t<\/div>\n\t\t<\/div>\n\t\t\t\t\t\t<\/div>\n\t\t\t<\/div>\n\t\t<\/section>\n\t\t\t\t<section class=\"elementor-element elementor-element-b82b045 elementor-section-boxed elementor-section-height-default elementor-section-height-default elementor-section elementor-top-section\" data-id=\"b82b045\" data-element_type=\"section\">\n\t\t\t\t\t\t<div class=\"elementor-container elementor-column-gap-default\">\n\t\t\t\t<div class=\"elementor-row\">\n\t\t\t\t<div class=\"elementor-element elementor-element-a5a9bfc elementor-column elementor-col-100 elementor-top-column\" data-id=\"a5a9bfc\" data-element_type=\"column\">\n\t\t\t<div class=\"elementor-column-wrap  elementor-element-populated\">\n\t\t\t\t\t<div class=\"elementor-widget-wrap\">\n\t\t\t\t<div class=\"elementor-element elementor-element-f984ad3 elementor-widget elementor-widget-text-editor\" data-id=\"f984ad3\" data-element_type=\"widget\" data-widget_type=\"text-editor.default\">\n\t\t\t\t<div class=\"elementor-widget-container\">\n\t\t\t\t\t<div class=\"elementor-text-editor elementor-clearfix\"><h2>Pakowanie:<\/h2>\n<table id=\"_technic_table\">\n<thead>\n<tr>\n<th>Nazwa<\/th>\n<th>Pakowanie <small>szt.<\/small><\/th>\n<th>Wymiar kartonu <small>[mm]<\/small><\/th>\n<th>Masa kartonu<sup>*<\/sup>\u00a0<small>[kg]<\/small><\/th>\n<th>Ilo\u015b\u0107 karton\u00f3w na palecie <small>szt.<\/small><\/th>\n<th>Ilo\u015b\u0107 sztuk na palecie <small>szt.<\/small><\/th>\n<th>Pakowanie zgrzewka <small>szt.<\/small><\/th>\n<th>Ilo\u015b\u0107 na palecie <small>szt.<\/small><\/th>\n<\/tr>\n<\/thead>\n<tbody>\n<tr>\n<td>Sp\u00f3d<\/td>\n<td>800<\/td>\n<td>580x380x360<\/td>\n<td>10.9<\/td>\n<td>20<\/td>\n<td>16000<\/td>\n<td>0<\/td>\n<td>0<\/td>\n<\/tr>\n<\/tbody>\n<\/table>\n<p><small>*Podane warto\u015bci maj\u0105 charakter orientacyjny i nie mog\u0105 by\u0107 podstaw\u0105 do roszcze\u0144<\/small><\/p>\n<h2>Mo\u017cliwo\u015bci zadruku:<\/h2>\n<div class=\"hidden-lg\">\n<div class=\"_flex_table pl\">\n<div>\n<table>\n<thead>\n<tr>\n<th rowspan=\"2\">Nazwa detalu<\/th>\n<th colspan=\"3\">Pole zadruku &#8211; SITODRUK<\/th>\n<\/tr>\n<tr>\n<th>dno <small>[mm]<\/small><\/th>\n<th>obw\u00f3d <small>[mm]<\/small><\/th>\n<th>g\u00f3ra <small>[mm]<\/small><\/th>\n<\/tr>\n<\/thead>\n<tbody>\n<tr>\n<td>Sp\u00f3d<\/td>\n<td>x<\/td>\n<td>15 x 125<\/td>\n<td>x<\/td>\n<\/tr>\n<\/tbody>\n<\/table>\n<\/div>\n<div>\n<table>\n<thead>\n<tr>\n<th class=\"hidden-lg\" rowspan=\"2\">Nazwa detalu<\/th>\n<th colspan=\"3\">Pole zadruku &#8211; TAMPODRUK<\/th>\n<\/tr>\n<tr>\n<th>dno <small>[mm]<\/small><\/th>\n<th>obw\u00f3d <small>[mm]<\/small><\/th>\n<th>g\u00f3ra <small>[mm]<\/small><\/th>\n<\/tr>\n<\/thead>\n<tbody>\n<tr>\n<td class=\"hidden-lg\">Sp\u00f3d<\/td>\n<td>x<\/td>\n<td>x<\/td>\n<td>x<\/td>\n<\/tr>\n<\/tbody>\n<\/table>\n<\/div>\n<div>\n<table>\n<thead>\n<tr>\n<th class=\"hidden-lg\" rowspan=\"2\">Nazwa detalu<\/th>\n<th colspan=\"2\">Mo\u017cliwo\u015b\u0107 zastosowania HS <small>(wtop)<\/small><\/th>\n<\/tr>\n<tr>\n<th>na obwodzie<\/th>\n<th>na g\u00f3rze<\/th>\n<\/tr>\n<\/thead>\n<tbody>\n<tr>\n<td class=\"hidden-lg\">Sp\u00f3d<\/td>\n<td>x<\/td>\n<td>x<\/td>\n<\/tr>\n<\/tbody>\n<\/table>\n<\/div>\n<div>\n<table>\n<thead>\n<tr>\n<th class=\"hidden-lg\" rowspan=\"2\">Nazwa detalu<\/th>\n<th colspan=\"3\">Pole zadruku &#8211; ETYKIETA<\/th>\n<\/tr>\n<tr>\n<th>dno <small>[mm]<\/small><\/th>\n<th>obw\u00f3d <small>[mm]<\/small><\/th>\n<th>g\u00f3ra <small>[mm]<\/small><\/th>\n<\/tr>\n<\/thead>\n<tbody>\n<tr>\n<td class=\"hidden-lg\">Sp\u00f3d<\/td>\n<td>***<\/td>\n<td>***<\/td>\n<td>xx<\/td>\n<\/tr>\n<\/tbody>\n<\/table>\n<\/div>\n<\/div>\n<\/div>\n<p><small>**Do ustalenia po otrzymaniu projektu<\/small><\/p>\n<p><small>x Brak mo\u017cliwo\u015bci zadruku<\/small><\/p>\n<p><small>Podane wymiary zadruku (mm) (wysoko\u015b\u0107 x d\u0142ugo\u015b\u0107)<\/small><\/p>\n<p><small>***Mo\u017cliwo\u015bci etykietowania okre\u015blone przez odbiorc\u0119<\/small><\/p><\/div>\n\t\t\t\t<\/div>\n\t\t\t\t<\/div>\n\t\t\t\t\t\t<\/div>\n\t\t\t<\/div>\n\t\t<\/div>\n\t\t\t\t\t\t<\/div>\n\t\t\t<\/div>\n\t\t<\/section>\n\t\t\t\t\t\t<\/div>\n\t\t\t<\/div>\n\t\t<\/div>\n\t\t","protected":false},"excerpt":{"rendered":"<p>Przek\u0142adka uszczelniaj\u0105ca &#8220;EPE&#8221; Sp\u00f3d Materia\u0142: PET\/PP \u015arednica: 46.90 mm Wysoko\u015b\u0107: 36.00 mm Waga: 12.50 g Nakr\u0119tka Materia\u0142: PP \u015arednica: 0.00 mm Wysoko\u015b\u0107: 0.00 mm Waga: 0.00 g Komplet Pojemno\u015b\u0107: 15 ml Pojemno\u015b\u0107 ca\u0142kowita 17 ml Materia\u0142: PET\/PP Pakowanie: Nazwa Pakowanie szt. Wymiar kartonu [mm] Masa kartonu*\u00a0[kg] Ilo\u015b\u0107 karton\u00f3w na palecie szt. Ilo\u015b\u0107 sztuk na palecie [&hellip;]<\/p>\n","protected":false},"author":1,"featured_media":0,"parent":442,"menu_order":4,"comment_status":"closed","ping_status":"closed","template":"","meta":[],"_links":{"self":[{"href":"https:\/\/pepsyna.com\/index.php\/wp-json\/wp\/v2\/pages\/530"}],"collection":[{"href":"https:\/\/pepsyna.com\/index.php\/wp-json\/wp\/v2\/pages"}],"about":[{"href":"https:\/\/pepsyna.com\/index.php\/wp-json\/wp\/v2\/types\/page"}],"author":[{"embeddable":true,"href":"https:\/\/pepsyna.com\/index.php\/wp-json\/wp\/v2\/users\/1"}],"replies":[{"embeddable":true,"href":"https:\/\/pepsyna.com\/index.php\/wp-json\/wp\/v2\/comments?post=530"}],"version-history":[{"count":2,"href":"https:\/\/pepsyna.com\/index.php\/wp-json\/wp\/v2\/pages\/530\/revisions"}],"predecessor-version":[{"id":692,"href":"https:\/\/pepsyna.com\/index.php\/wp-json\/wp\/v2\/pages\/530\/revisions\/692"}],"up":[{"embeddable":true,"href":"https:\/\/pepsyna.com\/index.php\/wp-json\/wp\/v2\/pages\/442"}],"wp:attachment":[{"href":"https:\/\/pepsyna.com\/index.php\/wp-json\/wp\/v2\/media?parent=530"}],"curies":[{"name":"wp","href":"https:\/\/api.w.org\/{rel}","templated":true}]}}