{"id":491,"date":"2019-11-29T10:58:56","date_gmt":"2019-11-29T10:58:56","guid":{"rendered":"http:\/\/pepsyna.com\/?page_id=491"},"modified":"2020-01-07T18:55:25","modified_gmt":"2020-01-07T18:55:25","slug":"butelka-typ-1-pet-24-415-125-ml","status":"publish","type":"page","link":"https:\/\/pepsyna.com\/index.php\/pojemniki-plastikowe\/butelki-pet\/butelka-typ-1-pet-24-415-125-ml\/","title":{"rendered":"Butelka Typ 1 PET 24-415 125 ml"},"content":{"rendered":"\t\t<div data-elementor-type=\"wp-page\" data-elementor-id=\"491\" class=\"elementor elementor-491\" data-elementor-settings=\"[]\">\n\t\t\t<div class=\"elementor-inner\">\n\t\t\t\t<div class=\"elementor-section-wrap\">\n\t\t\t\t\t\t\t<section class=\"elementor-element elementor-element-a51f17f elementor-section-boxed elementor-section-height-default elementor-section-height-default elementor-section elementor-top-section\" data-id=\"a51f17f\" data-element_type=\"section\">\n\t\t\t\t\t\t<div class=\"elementor-container elementor-column-gap-default\">\n\t\t\t\t<div class=\"elementor-row\">\n\t\t\t\t<div class=\"elementor-element elementor-element-37f0916 elementor-column elementor-col-100 elementor-top-column\" data-id=\"37f0916\" data-element_type=\"column\">\n\t\t\t<div class=\"elementor-column-wrap  elementor-element-populated\">\n\t\t\t\t\t<div class=\"elementor-widget-wrap\">\n\t\t\t\t<div class=\"elementor-element elementor-element-9572a2d elementor-widget elementor-widget-text-editor\" data-id=\"9572a2d\" data-element_type=\"widget\" data-widget_type=\"text-editor.default\">\n\t\t\t\t<div class=\"elementor-widget-container\">\n\t\t\t\t\t<div class=\"elementor-text-editor elementor-clearfix\"><p>\u00a0\u00a0\u00a0\u00a0\u00a0\u00a0\u00a0\u00a0\u00a0\u00a0\u00a0\u00a0\u00a0\u00a0\u00a0\u00a0\u00a0\u00a0\u00a0\u00a0\u00a0\u00a0\u00a0\u00a0\u00a0\u00a0\u00a0\u00a0\u00a0\u00a0\u00a0\u00a0\u00a0\u00a0\u00a0\u00a0\u00a0\u00a0\u00a0\u00a0\u00a0\u00a0\u00a0\u00a0\u00a0\u00a0\u00a0 <a href=\"blob:http:\/\/pepsyna.com\/37c18cb0-fafd-42b9-a746-41115ba4a127\"><img loading=\"lazy\" class=\"alignnone\" title=\"Butelka Typ 1 PET 24-415 125 ml\" src=\"data:image\/png;base64,iVBORw0KGgoAAAANSUhEUgAAAGkAAAEtCAYAAAALPE70AAAgAElEQVR4nO2dWW8byfX29XXzDZIgF\/+bIAgwQYAEMwgygyQTezzxjGVtlLhJ3Cnu+76J2ldbznyC8174fSoPj6qbpEXRktwXBUsWl+761dlPVa9Uq1WZdVQqFdcxz2c9xVGr1VzHQ33vigfJg\/SsxpOA9LnHfSfJtqCWMcn3vf4nBWnazT92Sf8iIJXLZVdJ+FzqyINEwwaoXq9LvV6XRqNhfnYaTpOxLEn7IiDpG2VAjUbDU3ePYcyj2mzDcxyWBAk\/Y7LL5bKUSiUplUpT318qlaRcLhvbpqXRg7SgATilUkmKxaIUCgXJ5\/OSz+clk8m4jmKxaEAxpEajIc1m8\/FCshnWTx3TDHez2TT2o9FoGBVUrVal2Wyav+P\/edVXKhUpFApSKBQkl8tJOp2WeDwu0WhUotGoxONx2d3dld3dXQmHwxIOh83ve3t7EolEJB6PSyKRkFQqJfv7+2ak02lJpVITqtBm8\/j\/WH3WarW5HJd552+pkHjValjlctlIRS6Xk1wuJ9lsVrLZrPmdJzWZTEo0GpVIJGIg7e3tmcFwADIWi0k8HpdkMimpVErS6bQBlEwmzQBEfHc+n5dCoXAHEiT7WUGCxLRaLfOeRqMhxWJRYrGYmSBMIEPRI5lMSjwen5j4SCQikUhkAhYgxWKxidfaPj+RSJihryWdTt+RMFZjsyzQhUB66FGpVKTVakmr1ZpQLalUSjY3N80kYiWzPcHvkC5MajweN2osFosZqdHSg7\/rz89ms+Y78PP+\/r6RLiyEWCxmrldL06yQPnUsHRLUHRvLZDIpW1tbsru7a2wHr3asZLYjiURCIpGIhEIhCQaDEgwGjS0KhUISCoWMXWLJgmrUC4G\/J5lMTkCHdMKDhNpm6VgaJLYTnzKmfRnUQ71eN2qvWq1KJpORaDRqJjUSiUgsFjNqh1UPVngkEpFAICBbW1uyvr4u6+vr8vbtW3n79q2srq7K6uqq+X1tbU3W19clGAxKKBSSvb29CduEwapO2610Oi3FYlEqlcodSLNO9qfO31IhQc1Vq1Vpt9vSaDQkk8kYj0vbg3Q6LZlMxhhvdihSqZTs7e2J3+8Xn88nW1tbsrq6Km\/evJkYgLW2tmYgQVpttg\/SlcvlpFAoTLjthUJByuWyWWSz3POTg9Tv941r3Wq1pFwuy+7urvj9fonH41IsFk3sg8lh7wmrtlarSalUkkwmI\/F43KgjqDmoP1Z5cM0hRalUysDAImBPEh4drqNUKn0+SPcFM89gI9vpdOTly5fyu9\/9Tv7xj3\/I27dvzcrOZrNSLBalVqtJu92WwWAgBwcHcnx8LIeHhzIajaTdbkupVJJEIiHBYFB8Pp9sbm7KxsaGrK2tGRW3tbUlfr\/fgNvd3ZV4PC6ZTEYKhYIBgAWRz+eNSsVrEK\/lcjmp1+tGC1Sr1Yl7e6h5Wyqkdrst9XpdyuWyFItF+dvf\/ia\/+tWv5Le\/\/a383\/\/934RRz2azZhIR0CKYRTyVyWRMvASnYG9vT4LBoOzs7Mj29rZsb2+L3++XQCBgpAjZh1qtZoJojGq1aqSKpalQKEg2m5VqtSqtVsusfLxvEZroUUDqdDrSaDSM+lpfX5c\/\/vGP8tVXX8lXX31l7BEHkuwWw\/2GiwxVFw6HJRgMyt7envk5EAgYjw\/wt7e3JRgMSjQalXQ6Lfl83iwAODSVSsVA4QWBYLpYLE6oL4QUDzlvK3olPfSo1WrSarVkPB5Lq9WSRCJhYho23DpG2t\/fNyucvbvNzU15+\/atvHnzRl69eiU\/\/PCDvHjxQl68eCE\/\/PCDvH79WlZXV2VtbU22t7clEAhIJBKRVCplIEENIwcICWJA2WxWEomEZDIZKZVKRgoZ0kPN2VIhse7udDrS7\/el0WgYA44UDXt5sFH5fH4iHRQOh2VnZ0c2NjYMpLW1NXnz5o28fv3aAHv16pX85z\/\/MbDW19dle3tbQqGQRKNRI7lYEPDqAAiSm06nJRqNSiKRkGw2K5VKZeK+WPUtHBJWwjIGbFK9XpdCoWBip3A4LPF43KgxQIJKQmzSbreNNBaLRePd7e7uGqcgFAqJ3++X7e1t2dnZkUAgIKFQSHZ3d41EwZkIh8MTMVmxWDTqr1QqmYWDzAYyGPv7+8Y2wR4hxHiIsVRIUA+dTsd4So1GQ0Kh0ERQCS8vl8sZl7fVasnR0ZGMx2MZDofS6XSkWq1KLpcz2YetrS3j4W1sbNyBobPgkBqOg\/BzsVg0mQ3OtANSvV6XbrdrFh7bpycNCQnWXq8nmUzG6PVAICDpdNqkcJBszWQyks\/nzcSxu1woFGR\/f19isZiEw2Hx+\/0Si8WMIxEIBCacB51wZWCwhRw7wXNEaigWixkpz2Qy0mw2pd\/vG2eI7dOThtRsNqXT6Ui325VarSb7+\/vGI9vd3ZWNjQ0JBoPGDWcVA9vBpQV4d1xD0rk7zt8hUeqUhOVsAzsR8CqRZB0MBtLv94032Gw2pdvtPh9I7XZbOp2ONJtNqVQqkslkJBaLmSATqgi2gFUNTypPOEoU0xKskB5O3nLNiCW1WCwaQFgYsVhMMpmMsUet1v+8uk6n8zwgYQBUu92WSqUi6XRaIpGItZ6jPS5UZvf3942nB0kCHB4MirPsbJOQ+mHpgdvN0gt1mkqlpF6vS6\/XM85Mu91+OEjtdluWNRgQdHmpVDLuLSQCE4nMAIJNuLpI36TTaWOTkPZBIAt7xDk8Tgsh7kK+kPOGsEmwQZBYeJLJZFIajYb0+30jTXAiHmIsHVK325VeryfNZlMKhYIxznCD2aDDcdAZcAS4bJf29vYMHL\/fb1JBgIXsNxwApJ0YULX6sUsWCwDxGFx6SHihUDC2FVkBSNWDQMKqXsZotVrS6\/UmglgYfkw0JhJ2A6B09K9TQ8jZsTSxFOmYCJ\/Ngwt8UJ\/8mYil2u22gQLXu9frPdi8LRVSu92+I0mJRMKUGZCtZpsSiURMUMvuN2pKsVhswkPUA+B5EcD50L0M\/N1sv+DMJBIJqdfrMhgMjPOD+2m1Ws8DUrfbnQBWr9cln89LNBqVQCBgJjYYDJoi3urqqmxvb8vu7q5xlfXQbjWgsHutBwe18PDQ\/cM9fexYJBIJaTabMhgMTDpoNBrJcDg05ZcHgcS6bxZJcBuzvh8ZZ2QO9vf377jWKG+zFwZ1x0Yd5Qn24KCquBwPLxBeJOcEoU458w51CFCoILfbbVPP4rBiOBwux3F4aEioKXEwmMvlTFab++C4dI6VzElPjqMAB07Dzs6OGaxCnSAxCP7sVCplYijYrUqlIv1+3ywwjv2eBST4\/UdHR9Lr9SQYDMrm5uaE18VNigwKeTUEmRwnwSYBzPb2tvh8PvH5fBOgdnd3TSYbao4hcRMm7BWkC98XDoelVCrJeDw2Cw9e3rPw7gaDgTQaDTk4OJBKpSIvXryQf\/7znxOFOW0z4N0hXkIilHNr2huD6825O6hDhqSDZLjiWAQACWh+v19evHghu7u7Rr01Gg0ZDoem\/PIgNmmZkGBgB4OBlMtlefnypXz\/\/fdmQgEHgNDrgGaUaZCQ\/uE8Hnt0gKRtHcPhUjnisXg8LuFwWLa2tuS7774Tn89nXPBWqyWj0cikhh4EUrfbFYxpL+bX2sYsX9hoNGQwGEir1ZJgMGiSqj6fbyI3B7uRy+VMk8g0dcddQexKAw7HYBx\/ARLUH9Qbp4OgLn\/++WcJh8PS7XZNFrzf75vw4iHGUiFhtfV6PWk0GqY8wcEmu88coyBD4OY4aJXHDoMOlFmNwjFhJ4Fzh1B3yEKk02nj5SGIfShAS4cEz67ZbEoul5NUKmWCTLjVaPHlQBMlhGku+KyQtK3T2W\/0UXDXarlcnujTq9frMhqNTP5uMBgsB9IyBtRCpVIxqg0rV7f36k5STgkBEErmKJO7JVndHAcOXjn9VCgUTA97uVyWaDQq+\/v70uv1ZDgcTizQZwkJQStSPNx3zS6yjpMgSahDMSSdb9NpJmQubGUQLlVglMtl42bjmp81JNbfDAmGmpOdDIh3+6HuA68Leb9AIDDhMGhA+BsgwSnhXm8MqD04LMjRVatVI\/m9Xs+ouIe2Syu9Xk+WNeANMaREIjGRktF92NwXh60y6BTi5Cwg2Yp\/7I5DiiAl3IqFNA9azwANjTC1Ws30OGhI+PchxlIhsXEFpGQyadxqHVgCELfwolmfmyRnlSR4jOhERSOMTuugbQwSDEiNRsNkIZYKqd\/vy7LGcDg0X1ypVIyLjQCVYxa9owIr3AYJVddZHQfk5LQkoX9Ob1pGvajVapkgG5AQUkBTPMT47JDS6fREoOoGCZPHbjJD0pVZXaFFLAaVxdkM3gnP50Og6QQZBiRmWX1\/MZDQkOgGCRPIaSGUuKHydBYcCVbUqyKRiAlmtc2DFFWr1QnnAdIESLlc7ulC4osdDAamJIG\/tVotGQ6H0u\/3TX9DJpMxE8UxCuITtkdoS2ZJ4mB2mrqDyksmk0bdYRFgYCGwRKFbFVmSfD5v1N1gMDCZhycJaTgcymg0MqPf75tNYKVSyeh3eFF8wgkaQ3i3AkOCd6dbuu4DiaXVBqnZbBpJ4lYALLwnAYklh\/8PsABpOBxOQNLtw6gd6e0lsBtoMeb9SexyuwWz0yDxtn8NqdvtGinvdj8mWIfDoYzHY3N\/DwIJIruIgXo\/pMoWyCJKz+fzxp3lvJmbJOmWKw5mUTdygoS\/uUHCQmBIWCwMqVQqGUCANBwOFzaPeiwUEl+okzocjUbS6XRM2Rw1I50zQ7CpTyCZBkmD4mB2VkhQd1DB2C3fbDZNjMWaA674g0HCaljEYHs0Go3k4ODAjNFoZDYoa0i6CQSQ4ALz0S5u6m5axmFWm8TpIWxsRpkFiwcqHP\/CNj3EeBBIfAP9\/kc3FRF7q9UyR9XwLnAuuDlJ0jTHgWtTtp0Vs3h3UHEAhPweKsoIuOF69\/t9OTg4eDBAC4fETgJsT71eNy4zPCPei4Q9qLpM8Cku+H0h8c543lWBE7ra7bapY8G5qVarE+0Bnx0SXGkAYYfh4OBAjo6OTLMJzkOw7ZLA6ueCHmwNJ1n1NhRbBlwfB+A2bJvUMNnw5Djbzk5MqVSSwWAguVzOpJZ4Ty1KKOVyWbrdrlHzg8HAhCaQOMzZ4eGhCUnc1OXckPhn2BoEqphMrpzyQDsvIn+kZQBGn3fH\/QapVMqkf3Z2dsyZQtjU\/ObNG\/npp59cB++Z5V3o3LyvyxX4P2QdoAUSiYSpEqOAyK1nyJagzH58fGxcddsc8v\/fW91hFYzHYxmPxzIYDMxGZdvGLH0eUDwel2AwKLFYbMIYp1KpCTvAOyjwPt6djr1CfAIXdwnZhm7zQucQin\/6GFGAgoQVi0WJRqPm+vkIA3Z8uB2sUqkYyeLAHvYazhTiRyskfuO00e\/3DaCDgwPp9XrG5kDH84nB7CGhpyGZTJqViCZ3\/I1tk2610mfRYecf2yMGZht6+yW3jZXL5YlSBWwfSzWkCAd28Bl5gIOfbbUxuOns7bLqc5r3uSDhC8bjsUmS4oJQn4GLDEeBG0vQt4D+OqgWrDyoO3Ya+KwEwELpHNKxs7MjPp\/vTvZbD3S08qko8NyQQIUXio1qXC1OJpNmUcAz1bsB9b5bngccfDUcDs1C1\/beColjmWkDH9bv96VWqxlVhPwbVl4qlTLOAa9wlAiw+YubShAfsfvNG6G5LQzJWG5ImSZFvB2TSxVc+OOcHe6FD+HgDW9Qk9xvAVWMRYiyBqvvcrksnU7HqDjOVjjN+1yQDg8PDSB4WdwapQ9l0vuE4P7iRjOZjMkc8MmN+Eyu9bCd4H5tnQV3G9y\/x2cKQT1zqYQdFthaW0cTFiSkE9fCxUWob4Qg1WpVer2ejMdjOTw8NF7gQiAdHx8bQ89HnvGOBLcebdwIVjRerw\/J5cMwuNdO2yQ4Dxi2TWQ8cPAGb8lkB4W9OnZ02Ibxzg9ITjgcNodLodkF2oFVHm+naTabMhqN5OjoyNijhUAaDofmOE4kRvnGeEJ5MnljGG4GW\/ZZJdhO6dKTiAWhz0q1nWSsD9hAjwPv2ODvYW3A+3KxH3d1dVV+\/PFHefPmjezs7MjPP\/8sX3\/9tXz99dfy448\/yubmpvj9ftnb25tYBPgsxHk4beX4+NiAgo26N6SDgwOp1WpmhWh1wZ4c7A2XuHlrCs79QRcPKqz6MFs+uUsfNY0dfiyxemcFJ1q5z5w\/Wx+QC5uC3KDf75fNzU159eqVvHjxQr777jv561\/\/Kl999ZX8+c9\/lm+\/\/VZ+\/PFHWV1dlc3NTXNgiD74EBkNdMMeHR0ZJ2JhkjQej42XBa8I6RRu4NAbviBRWPWQLN0KbDuxhHf+sSfFZ3lDheJcofX1dVlbWzMH5WJgYeC7ONDW2zqhPnFc2+rqqnzzzTfy97\/\/Xf70pz\/Jr3\/9a\/nNb34jf\/nLX+Tly5fy6tUr8fv9EgqFTAMlHBPeT4vUViaTkcPDwwmX3BESgtJZh4YE95hbrvQjcSDm8AC54Z63YHKwyvuU2F6xJKGdy+fzyfr6+gQg26G5Gxsb5hg1fB9UHi8AtqnBYFC2t7dla2tLfv75Z3O+3r\/\/\/W95\/fq1RKNR49Hqw9wBB0nnXq9n5oglCV6e0\/hkSEg6siRxIwf+xg2HXHJASQAxlc17gvOA3BkXE5FZr9Vqxk7ZGlI4d4eVjhgJn61LE3wEAe\/q4HRPq9WSfr9vbAlLRL\/fnwgbuGmFJeno6MikjJA2skJCkm+WoSEBhq0vAFVVBIkIFPmiUa1lCYQTolMsfO4c7yiHqoMz4uaOa5vHZwzBfrAbzqVzrHhk+k9PT+X09NRk+1EARL87L17ujoV2yWQycnJyIuPxWE5OTswhwLYxF6SjoyNptVrmZjjPxYf54e\/6GUUITJGzwo1xB6hbwMq2gmMvhqIbUdh5sB0Ohe0wbOg529Htdo0Hdn5+LsfHx3JyciLn5+cGEirOaJZhla87cPH\/2WxWTk5OJk5pXgikk5MT6XQ6Rv0AElQFZx304Up8wCwfNMuNJlwh5XOEAJ5thd7V57SrQveCc4GQD9OA94gTLXmzNhYWN0pCYhgMrhnahe0T3w8OUzw5OZnI2y1MkobD4UTBrFAomL07ODubsxCItnnXgm1wUhaw9VFmiINskqMlxdYLruHxVk1kQPRuDi4K2iZd7+VlZwnqEnYI70VtDPYI2ZxHAYlbt\/R2EzbeHG9xfAR1p+MiDG4x5u5VdLDaJIwh6Ucg8ANE9ER\/KiSk1J4MJH2MGR9npjPI+iksrO7w8zRITufgAZLtkA9uQ140pIODA2OXkB6yQjo6OpJ5xn0h2YDw4CM1+XRjfVKkU5bbqVvI6WAori\/pp5BxldXJxswDic8fZ0jj8dh1zpcOSUuRDZBWc3wWKyDxqVt62HJ3nL\/TxT8EzHz0J98DZ8zvCwlOg4Z0fHzsDAmB1CxjkY6DPglL9zfYILEbbgPA\/6\/ddLjaeiwTEnt2gHR6eiqHh4eu875USJyM1epPSxJnIXRZwklS2PtzUm1O0qQP0X0oSGi80ZAQ0H52SBw\/2EBNg6SlRB866CRp\/P9OD2ZEUwrbJNiORUHC5zwoJETbyWTSXAgaNnARbpC0FNlUHnt2gMTZae4K0qdC2pokNUynWpM+SVIf48agbA2bHOM5gcXPmC9kMY6Ojp4uJM5IPydIyHs+aUhQd1zOeM6Qjo+P5fT01BnSycmJzDqWAUm74Fwef+qQ8Dtsl4bkNO+PCpKOk\/iQp+cK6eLiQk5OTuTs7MwZEuois4xlQGLPTneqPnVICEPQH6IhOc37k4CEyX0OkNAZqyGhPvXoIXEL15cE6fT01B0S675pkE5OTuTi4kLS6bQJ3gAJkw6vjBsDeWuJLROuU0Lc763TPlxL4h0TbjvPucinU0YMiLfocH8FJhuTzNVmDmb5nmyguAO3VqsZCYID4UGaARKnhhgSbMkiIEHb1Ot1I0HHx8cepE+BhHvgvONDQoLam2qTzs7OXMeXAIm7iHRz\/6Ig5fN5A+ni4sJAcpp3DxJB4tIFN9ej8HdfSHAw8vm8NBoNOTs7M97d5eWlMyT+5fz83HV8SZD4xONFQ0Ll4OzsTC4vLw0kp3n3IClI3NDPkOBe3wcS74T0IC0YErci3xcS0kLNZlPOz8\/l8vJSTk9P3SFNA8MDqQvs4eE8FG4EkBAM8p7aaZAAlLc4crA5DdK0vrtpkLjAiLPD+RwHHZxyTzsWKF6LRamdBizuVqslFxcXcnV1tVhIAIUJ9SA9YkiFQuEOJLiqi4SkHwD8xUK6uLiQecb5+bnJsy0aEtskbHgGJH6E9nOF5DTnc0HCB6EpH1XGh4LExvyLhnR5eSmzjqurK7m8vJRS6ePOPUDCFy8CEp8n9KVBchpzQbq+vparq6sHg8SVWYaEANOD5EF6vJDmtUlXV1fGBqEUXC6XzcXdN5iFZ8f7Z5H8xARj4jHZgKIb9fXQxT\/8jsM+eCFgvxJPug5m9RZSLDLcKwezCPrxularZRb+2dmZXF9fL85xeO6QUP21QWJpcjoSgSHx6z1IC4SEeEwflsGpHp2LAyQ4PnyvLE2fDGkem\/QlQGKbpHeka0jIauMeAIntGPd2TIO0EMfhuUPi70IJnSfcZmdw7xznabuE93wypKurK5l1fAmQnA774Ht0ggRP1knlTYPkNO8eJAskPhwKbrUNEtxqnXvUxyNAmjxIC4LEZ9rNAomdBoak7dK9IF1fX8us4+rqSi4uLqTdbk9MPFYOsuM4agYBLW6AjTCGBqRP4dKtxk5NkLYNzXrwjnO8d3f34ymP+qApPlcIC9HmOGDydf6RXXZdFCwUCtJut+Xq6kpubm7k\/Pxcbm5uHOfdg\/QcIV1eXk5AKpVKzw4Sfz\/3OTwpSDjLGzr3OULie8CEPwlI8OUZEpr9cKFPGRL3geMcVtYYTwbS1dWVgYSLfm6Q+DRJnvAnBQmPe2NI+HIP0meGdHNzY4WEC3pOkHDdjwLSzc2NzDrwpn6\/PzHhUH3TIHGiUt8Ygl+8Xm9sjqoT+53AuDVHMhxumESjCx+0wXm4WYPZeSFdX1\/L+\/fv5fLyUt6\/f+84748SEtq6ngIkTgt9EZD4tXwA1LIg8ZaXWSDpBOsXA4kbJPWJ+suCZHMcAMOtVPFFQOLxOSDxvqRZvTsu+n0xkPhhHvr5EcuANE8wa+txePaQMDEMiR+L8Lkg2dq6nBpRPEifGdIsLV2fHRLGYDCYKOAhlX\/fYFYnOfUDRDhwdRoaFgey04JZzjbAJuJZg4Bxn2C2Wq2aeRgOhyaYvb6+lnfv3nmQZoWEOMmD9MQg5fN5D9JjgcSPqtOQFlGZ9SAtCBLiJH4ypgfpCUDK5XIepMcCCRkHdv\/xrNhFlCo8SA8ACdfy2SHpop7bmCeY5cewQX1Mg8TFPoaEYHYWQG7B7LTmSG5AwffP4zhweosDYLwX95zNZuXw8FBub2\/l6upKPnz4YEDZhgfJBRJ7d5hkzjrYGva\/CEh6JS8Tku0Bwdx3N62e9GCQ5rFFDw0JgDSkWW3SIiGxXcWET6vMfhGQ3JKry4CkH2mqIcEZ4I1h3OPwYJD4l8cCieMU7nFYFiS+DniohULBXP8XDUkX\/ZYNyZYJ5+qshoTJZ9f7i4CEyXkMkHQJ3QYJToPu0XgwSLOM6+trawcrA4M90aoD2xR52HocdOkcR9fct+inmylR9OODCLnHAd1CGG6QZpEk3HM2m5WjoyMD58OHDyawtQazHiQPkgfJg\/S8IHk2yYPkQVoEpPfv31uHB8mD5EFaCCSnP9jG7e2t3NzcSK\/Xk1zu7sZmXCQCUT7+ZRZI09JCGsi8Y5aiH6eGNCT8jvvWTZHcTAmgeB2\/NpvNyunpqfzyyy9yeXkpHz58kNvbWw+SligP0j0h6Sz4Q0Bilcdtxh6kGSBxPQm1pOj\/f07FIiABDOxZOBw2hxB6kGaA5FTwWxQkBuVBWhAkVnV7e3sLhQRPEJD4RGMPkgsk3YTCZ6IuChJAAVIoFDLlCg\/SI4DEcdOTgjRPIHt7eyvv3r2TbrdrwOCLEchOg8Q3bAti+b3obcCDrmaB4DbYw7PZJL2RDAEthp58FC35vhmuLnLitel0Wm5vb80msg8fPpj5tQ0PkgfJg7QQSPPaJA+SB8mDZIPk9Aen4UHyIHmQPEhfCKSbmxvpdDoT7bcIbBGoccGOG+H5hgFGlyc+JyQ+mJCLf7MGs9Mg5fN52d\/fl2QyKf\/9738nvGbYfA+SB8mD5EHyIHmQPEgeJA+SB8mD9DQhdbvdieIW30gmk5kIZLlfgYHYxrSin+5PmAWMEyi8NxT6X9FvUcEsN1aisIkFjNf+8ssvBtB\/\/\/tfD5IHyYPkQfIgeZA8SB4kD5IHyYP0RCGhOIXmSFwwB7UISgGGYc0KiTeP8cOt7hvMMhwAwn4l7KzAg0W4WOkECgAQlE+DVCgUZH9\/X4rFotlA9ssvv8jNzY3rvHuQnjMkre48SA8IaZ6WLkByskkepPtBWmjDfrfbNRdfKBQkk8l4kB4S0rxtxjoLDo\/Og3R\/SE7zPhek9+\/fO0LCTXiQHgGk6+trD9JjhvTu3Tv58OGDNBoNU+jLZDITpyfqxkgOTrkREmBQ6Nvf358Kad7Add5gFoM3kyGo5YnHhDMALvo5QcrlPjZGlkol+fDhg9lAdnV1tTibdHNz4wgJK82D5J5xWAqk29tbAwmeHQJaD9J0SKlUyqi7mSHNc+Q0INXrdRPAQsd6kOaDdHt7KxcXF3J7e2vOFXK0SfOeC86Q8vm8gYQL8yA5Q8pkMlZIePCiIySnJ9c7jffv39+BhKyDB2k6pGQyKYVCQd6\/fy8XFxfy\/v3Hp2PCnFiP9\/wUSLVazQSw6XTag\/SJkM7Pz5cLCfGEB2l+SBcXF4uDdHNzI+\/evZNKpSLpdNp8MWwSXEzdGKlK3t0AABIeSURBVAloDMQ28Fo8nwJnCuFkrUAgMDHZHJgGAoGZBt6L9wSDQXNS1zRIXARkOCjk4fUaFL8mFotJpVIx0nN5eTn1iTtzS5IH6YlAKpfLpm2YvTsP0iOBdHNzcwcSbJIH6X6QnOZ8Lkg4Bb5cLksqlfIgPVZI19fXUiqVjLfG3p0H6X6Qrq6urGMhkBDUepAeASR8YKlUkmQy6UFaFiT+5fLy0nVcXFzI1dWVFIvFCUiLUncoEnIwC0jhcHhmEE6D4QAQH+IejUYnTjbWxcpFQIpEIlIqleTs7Eyur6\/l4uJiYm49SB4kD9KDQZoGxoO0PEhO8+5BegqQLi4uBMOD9HkhOQ0PkgfJg7RwSNPG+fm5XF5e3oGE4h9q+AhGAQqTzkVAgOGi4LRgdlpBb5mQeOJRvNSQdJGTg9nz83O5urqSs7OzqfPuQVoypGg0KuVy2YP0WCFlMhkrpPPzc3dI5+fnMs\/wIC0G0tnZmVxeXsrp6enUOfcgLRkSOw4zQzo7O5NZhwfpfpD29\/etkKbNuwfpM0E6PT2Vi4sLOTk58SA9Nkh7e3vzQzo5OZF5xvn5ueTz+QlIuVzO3Ew6nZZEInEHEDZn8U0zHP7ZCZJtw9g8wax+PSBhExmKfhoSFtR9IaXTaYnFYlKtVuXk5EROT0\/l+PhYzs7O5PT01HHOPUgOkLgD14P0yCCxmmZIi1B3HqQFQOLnVQASpMiD9Igg4dq1FHmQHhkkJ1XnQXoEkPi62f3myfYgPTJItgn\/LJCOj49lnnF4eCiVSsVAQiCLi3ODBF0PY4xiICYFP\/Oh7XwY4aKCWQwctoHHaru533DBdS6O\/z4NUiqVMgnWo6MjM58nJyeucz4XpKOjozuQIEUepEcGqVqtSjL58bhOVnUepOmQYrHYHUiYW0dIR0dHMus4PDyUw8NDqdVqkkqlJvoaWO96kNxtUqVSMVDG47GB5DTmgjQej+Xw8FDq9fqEYYXz4EGaDikejxtImFMIgCMkSMcs4+DgQI6OjqTRaNzJZHuQZsuCO0GCANjGvSBxmQGbnD1I0yFVq9WHh9RsNj1IC4J0cHAgh4eHi4MEvQlJwoWi8RHAAIYHJl83TWJwY6QTJASgGozf75ednR3zLw+\/3299Hw7d2NvbMwW\/aZBwvwyHFyu\/3vY6zEWtVjOLHgsfsBYGqV6vfxZIPMFaevx+\/8yQkLXgUyNnkaTPBmk8Hss8g727ZUOyHePJ6uwpQRqPx3JwcCCj0UgODw9lNBo5zvkKaM46xuOxiZNwMcuWJJYcPdwg6bwd2yTYpWVCGo1GBtJwOHSc87kggTYyDsuGhAne2dmR7e1tMxiIGySGyQlWSNTngDQcDmU8HstgMHCGBJqzDNDWkKD6liFJDMnn8xlIs0jS54aEeanVanJwcCDD4dDA6ff7jvO+MhwOZZ4xGo1MgnXZkGCXAMoG4TF7d06QRqOR9Pt9xzmfCxI+sFKpSCKRMB7esiChtgRQ2rZMg8SwtdOA71wmpMFgYCSo1+s5QxoMBoIxDVKv15PDw0PJZrOSSCSMPcK\/PAAHzR3cP2ALYCGZXPRjjysejxtoAOXmRDBEDLyXPUXAikQi1sqsLkxOG26QcG\/ValWGw6H0+33p9\/tGqhYGaTwezwWJQdkmHxKJG2NQfJqjliyWJjdIDMrm3cEW2bIiOnPwkJDc5n8FL+z3+8LAbKPb7cp4PJZMJjMVkhMoTDbsAN6PbYvZ7MfHrrHaQ\/svS4IOZG2wNBT9Nw2J1R3SQLz1klWfbcyq7iqViln0vV7P2CSneV\/BC3u9njAw2+h2u3JwcCCZTEbi8biBk81mJ+yMEyiWCp6MXC5nzipFNp2lidWcVnU82A7ZQOmgmOMk7TjA3nJvA9sknbebFRKy4Fj03W7XAHOa9wlIeJPT6HQ6MhqNTKIQKz6bzbo6AgwpHo8bR4NXKW8U5kStliAnKWJITqCc7BHauZzauHQTilOSdVZI5XJZ+v2+dDod6XQ6RgAcIWkIbqPdbstwODQVRg2JjawGBVip1Mcj2PjJKQDD2eJUKmWcBVunEKs3QODAVoOyxUg4nQuSwzD04tELiTuFcM3zQmq329Jut6XX65l\/bWNFQ3AbrVZLBoOBKyQ3UADBk6BbotiNBySdt9P2hyG5gfL5fCYA9vv9xiZpt9t2nfqY6ftAKpVKBkyr1ZJut2v+tY17Q0okEncgMSiGpG9Oxxla6mCPdC1pGiSdKuJsBL\/G7\/cbieKgFqpPqz1+ZpIN1CxpoVgsZiC1Wi1pNpvTIeGFzWbzDhAM\/L3ZbEq9Xpd8Pm88NnhB7EJraQJAWwzCg110J1t0n6KfTe1BmrTzYLtWdij4IA2GATg2uwVIxWJRut2uNJtNaTQa0ul0JuafBafb7coKJr\/RaEzAaDQaZtTrdanX69JsNqVWqxlIiURiLkg6irfFEVAJDEmXJz4Vki5nQJKQHrJJFMPSkLRW+FRI7Xb7jpAwrBWGgFGr1cyoVqtm1Ot1qVarksvlDCRckHZFNSQumzulV2yQ2Jt7CEiQJtg93p7JR33yYtOen3bHnVx1htTpdIwAtNttaTQaE9qLYa04AalWq1KpVKRSqUi5XJZyuSzValXK5fIdSLlczgqI0z9axdkcBVZ37NXNA8Bt2AqDOq+n3XKberZB4Pty+nsymZRYLCaFQkFarZaZ91arZTQVDwBbYRhOcHiUSiWTFoJnZ4Ok3W8Epxocx1HILHDwyp7doiGxJOG7NCSWJLdMg16ANoCAlM\/npdlsmrmGrceAmQGsFRsIwMAoFotm4EQuGySbZOiuISfnAXGRm+MwDYLOgNsy4m6OA\/7VNgnX7AbGlr\/Tr00mkxKNRiWXy0mj0TBz3Wg0JkyMBrbiBEI\/eoYH9CsCU4bEUmTLerNO15\/LnZ5YdXyU2iIhsQRp1abVs5ujY3OQ+D06JAGker1uhAC2HkPDWmE4OqLmFAinRRgSXNFZ6kkcIBaLRSmXyxNqFhLMCyEajRrbtGhIqFEBEC9O2+B4yAZoHki1Ws0Ih80fYMla0Q8G1K4jrx7OUGs9DQnhoA1BIaQmk8lIoVCQarVqgrder2cCaXZMUqmPOxC4NKEnm8voPp9Ptra2ZHNzUzY3N2Vra8sEtT6fTzY3N+\/YJOTzYrGYca9zuZyUy2VjyKGKKpWKmcxyuWzSWUhhsTp0sk\/4HsxDqVSScrlstBfUH3wCLOAVp+hZu5UMgfNwNv2rISLLjRUCXVuv16VSqRgp5sw3u99OksLZA4DCAAQkXn0+n6yvr98ByLES4qV4PG6AaYmHQ4VrtrngTs6EDRKkiSFpWCus0py+iOMcTCQgaXcTF4yfod4ACSsRz1xKp9PGWUApgr067l3g\/9OeXTAYnJA02Bscd7OzsyNra2uyublpUkK2pCtGOByWaDQ6kRDW9lvbbVvcpB0jSBxUPn8OO2sMa4Und1qClJOEqKiyrXLKGOuL56CVi3pcakdAi0kOBAJ3eh8w4I3piis+l0EhV8eZdQ5eEQLoPB4kS98rJphtulOOUhcU8X68h\/2DYrFogK1oF9GtqsoTC0h8wfhgTkSyodU9D1yuBnDcFLw7eHU+n2\/ienRpPRaLmUlnh4BhMzh+kCP6G2zuNC9U7emxIwRQ2kvmarMuKOpN0jbwxWJRVlhqbKVuXU3FatN62wYI6gzQnYI+vlBUZePxuOkA2trako2NDTPBfE2YcHYw9NkMXLLH+3Z3d4163N3dvaPCbQlUm0vOni8mVtsafIYOjHV6yaaRCoWCrLDkaDCYFKgAVgfIgOfzeXNROumoV6K+IH0x7D1iIpFp8Pv9RrVxBxG76JxGYpXH94QJSiQSxjHZ29szc8AlfVZHtvK5HhqWdi50IG8DZYO1YutB0HBYR+NnQGJX0inQc5Iet9I5VCurRT5vAZ8dj8eNFHE8xXEQhwP5fN44LqiLIQepJ06rH1v8qG06A9aSaAvsp4HK5XKywlAYCFQIe1xYyazqWLXZ0vXs8Wn9zV5MpVKxSiFLOK92QAckXB9LDzsksAMcJrjZSFvhTqs8vR\/WtgAZks5l2j5HlzocIbHnxJC4Z5rdSNa7tlWBCwDUUqk0kcQtlUoTkT0bW3ZoWELZsGOy9ekm2gHiOEx7cZAoALI1nvDnwXbpCdbOBHtvThkKJ9VpIGnV5gYIeh+QMOFaFTgNvB61KeSs8BnsdLDqww2xOsakOrV9cT+dLoFwlZdVogali5gsfbZg3snjg822hTha7TlCmiZBvPUkFApJJBIx+p0nVjdq2CDZcnaQKg2IYyrk8RgUpCUajUowGDQLDc5GOBw2alLHXbb8nQ4J2DZGo9GJ37kgyN6rtmms1m31NoY1FyQbIN6zuru7a5ojWffaOmn4y1h\/s5GF+rM5EAyJbREHhclk0lwXIHJ\/N9x59gT5XliCdEjCqpF\/5\/fYyjA6YIWjYqu3TYXEgLR601tOEPnDveUeB1wQT7D26LAK2dDDS+S4RNsjVleJRMJISyQSMc4D0jtYPPD88PqdnR3zvVyOZ3Wne811eR7vh+QBBiYen8MBK9ssWzFUl3AcIU2TIG5MRMyCSB0rGo6BTsLqHgHupeOEJjsGrFJ4AWFy19fX5fXr17K+vm4cBVwTvisYDMrm5qbs7OxMSI4tE464Cv+PbPrW1pZJJSGXx7UnAOKSSpT6222eqi7fzGSTpkFiQFB5SGJC57N4w9XkwBgXxK4o9DxnEViquQEFkxcMBmV7e1t++ukn+de\/\/iWvX7+WcDhsYihcSzgclh9++EG+\/fZb+fHHH8Xv90s0Gp3InHPGHP8HmNyXh2yEdr859kFmBJC4GAoJ0u6+rSy\/EJs0bbBBdJIE2DOdq4OU6Wosqx28d2dnR7755hv5wx\/+IC9fvjSpoXQ6LYFAQL755hv5\/e9\/L99\/\/71ZJHy0gN\/vv9NIyZlwnVbCZHITTjgcNiUQgOa4SksPl+LZ4ZjJJjm53wxrVkiQCN6LpF1evQ2SUzzsxbEXhskMBoPmszc2NuTVq1fi9\/slnU4bgIlEQnZ2duTt27emroT83Pb29kRh0OfzGY0wy6koOk3FHbCwj9o50CrOCRBD0pmHqRkHGyxWgbqRnnsG4GWxy4vVt7W1ZSYJ8RdD0gYc7w2FQsbLCoVCRirhSPAExGIx2djYkNXVVbPyeUM0AHGqCVoA0sz1rPX1ddnY2JCtra2J98I+aYdgVjgA65RwXdEdOra8HWeZnRwKGF5WF9q2YKKR1cYNcxVV78RjqUPmGt4lPC7YBUgCVno0GpVwOGzsDdefkGng+2QbyFK3vr4u6+vrEwVFDpYx0drmuIGx5TQdc3e2upEt0YrV7eZc6E5SreJYTdgaRdbW1mRtbW0CHjfUp1KpCYlFjwLcbPzs9\/vlzZs3EggETKbCyXVGSBAKhUx5HWqSVRnPA0NwKumwc8CANBgeNkD5fP5jPUmLJ68IXbqwxVXc\/an7EliyGJjtbAanpkVO7MJ+RKPRiRUdCARkbW3NqCtMuC7HIyjFxMAzZA\/WtjOd58K2mHXWwg2QTiVxq4GtCDhR9HOD5XRhOl+mu075xvlnWy+DzTbyROE9sFuBQMBMDmwd7kFvMoMzwtKEe8b96MBZd9JqzaKh2YJUHk5wnCTIQNK5JLfyuVaJ2ivkcoGtVdjN8WBJ5KF3OqD2gwA2kUhILpeTaDRqyvUAjHpRJBK5k4W2Rf7TtsBozaL\/Pm24AXKCVCgUJhtRbO1I85TXpxUNpw0dAsw75vkum0TY7MosTsA0NWYr3ThJja3PYUUX5txaumyS5qQObY7HtDHPJE+b+FmGrX\/DBscJkK1nY5GAJiC5da3aGv2c2r7cPMVZxryT7Dbp04YNhFNcM811nkeNOTWb6HLPRLeQrW6vodkuwqYep4GbNmyOyjxjnu+yAXBTZdMkZlqfwiwSYwNULBYn24x1w77bl84qfbMYVDdjPs+Y57tskjCLhLh5ZZ8CxrabRTdITjTs27a72L7UTfqcpHCWYVu184x5vsu2+t3+NouUuKkyJzhO+8AmOlhtb3bbm+QmbVrvOtk7pzHPJLtNvNtwu95pLrGTXbHNl5vEaDjomHL6+4qTmE3bSGYD4SSBbityXpCzAphXCtCW5vb3aZJyH0BOkMrl8v92+um2qk8ZbpLn1JzymMZ975\/ncpHDg\/QEIP0\/oT4mQciH6TEAAAAASUVORK5CYII=\" alt=\"Butelka Typ 1 PET 24-415 125 ml\" width=\"105\" height=\"301\" \/><\/a><\/p><\/div>\n\t\t\t\t<\/div>\n\t\t\t\t<\/div>\n\t\t\t\t\t\t<\/div>\n\t\t\t<\/div>\n\t\t<\/div>\n\t\t\t\t\t\t<\/div>\n\t\t\t<\/div>\n\t\t<\/section>\n\t\t\t\t<section class=\"elementor-element elementor-element-980217f elementor-section-boxed elementor-section-height-default elementor-section-height-default elementor-section elementor-top-section\" data-id=\"980217f\" data-element_type=\"section\">\n\t\t\t\t\t\t<div class=\"elementor-container elementor-column-gap-default\">\n\t\t\t\t<div class=\"elementor-row\">\n\t\t\t\t<div class=\"elementor-element elementor-element-1c3bbea elementor-column elementor-col-100 elementor-top-column\" data-id=\"1c3bbea\" data-element_type=\"column\">\n\t\t\t<div class=\"elementor-column-wrap  elementor-element-populated\">\n\t\t\t\t\t<div class=\"elementor-widget-wrap\">\n\t\t\t\t<div class=\"elementor-element elementor-element-843b00a elementor-widget elementor-widget-text-editor\" data-id=\"843b00a\" data-element_type=\"widget\" data-widget_type=\"text-editor.default\">\n\t\t\t\t<div class=\"elementor-widget-container\">\n\t\t\t\t\t<div class=\"elementor-text-editor elementor-clearfix\"><table>\n<tbody>\n<tr>\n<th colspan=\"2\">Sp\u00f3d<\/th>\n<\/tr>\n<tr>\n<td>Materia\u0142:<\/td>\n<td>PET<\/td>\n<\/tr>\n<tr>\n<td>\u015arednica:<\/td>\n<td>41.00 mm<\/td>\n<\/tr>\n<tr>\n<td>Wysoko\u015b\u0107:<\/td>\n<td>138.00 mm<\/td>\n<\/tr>\n<tr>\n<td>Waga:<\/td>\n<td>16.00 g<\/td>\n<\/tr>\n<tr>\n<th colspan=\"2\">Nakr\u0119tka<\/th>\n<\/tr>\n<tr>\n<td>Materia\u0142:<\/td>\n<td>\u2026<\/td>\n<\/tr>\n<tr>\n<td>\u015arednica:<\/td>\n<td>0.00 mm<\/td>\n<\/tr>\n<tr>\n<td>Wysoko\u015b\u0107:<\/td>\n<td>0.00 mm<\/td>\n<\/tr>\n<tr>\n<td>Waga:<\/td>\n<td>0.00 g<\/td>\n<\/tr>\n<tr>\n<th colspan=\"2\">Komplet<\/th>\n<\/tr>\n<tr>\n<td>Pojemno\u015b\u0107:<\/td>\n<td>125 ml<\/td>\n<\/tr>\n<tr>\n<td>Pojemno\u015b\u0107 ca\u0142kowita<\/td>\n<td>146 ml<\/td>\n<\/tr>\n<\/tbody>\n<\/table><\/div>\n\t\t\t\t<\/div>\n\t\t\t\t<\/div>\n\t\t\t\t\t\t<\/div>\n\t\t\t<\/div>\n\t\t<\/div>\n\t\t\t\t\t\t<\/div>\n\t\t\t<\/div>\n\t\t<\/section>\n\t\t\t\t<section class=\"elementor-element elementor-element-1609688 elementor-section-boxed elementor-section-height-default elementor-section-height-default elementor-section elementor-top-section\" data-id=\"1609688\" data-element_type=\"section\">\n\t\t\t\t\t\t<div class=\"elementor-container elementor-column-gap-default\">\n\t\t\t\t<div class=\"elementor-row\">\n\t\t\t\t<div class=\"elementor-element elementor-element-21234af elementor-column elementor-col-100 elementor-top-column\" data-id=\"21234af\" data-element_type=\"column\">\n\t\t\t<div class=\"elementor-column-wrap  elementor-element-populated\">\n\t\t\t\t\t<div class=\"elementor-widget-wrap\">\n\t\t\t\t<div class=\"elementor-element elementor-element-4f01897 elementor-widget elementor-widget-text-editor\" data-id=\"4f01897\" data-element_type=\"widget\" data-widget_type=\"text-editor.default\">\n\t\t\t\t<div class=\"elementor-widget-container\">\n\t\t\t\t\t<div class=\"elementor-text-editor elementor-clearfix\"><p>Opakowanie jest przeznaczone m.in. do produkt\u00f3w kosmetycznych.<\/p>\n<h2>Pakowanie:<\/h2>\n<table id=\"_technic_table\">\n<thead>\n<tr>\n<th>Nazwa<\/th>\n<th>Pakowanie <small>szt.<\/small><\/th>\n<th>Wymiar kartonu <small>[mm]<\/small><\/th>\n<th>Masa kartonu<sup>*<\/sup>\u00a0<small>[kg]<\/small><\/th>\n<th>Ilo\u015b\u0107 karton\u00f3w na palecie <small>szt.<\/small><\/th>\n<th>Ilo\u015b\u0107 sztuk na palecie <small>szt.<\/small><\/th>\n<th>Pakowanie zgrzewka <small>szt.<\/small><\/th>\n<th>Ilo\u015b\u0107 na palecie <small>szt.<\/small><\/th>\n<\/tr>\n<\/thead>\n<tbody>\n<tr>\n<td>Sp\u00f3d<\/td>\n<td>450<\/td>\n<td>580x380x600<\/td>\n<td>8.4<\/td>\n<td>12<\/td>\n<td>5400<\/td>\n<td>0<\/td>\n<td>0<\/td>\n<\/tr>\n<\/tbody>\n<\/table>\n<p><small>*Podane warto\u015bci maj\u0105 charakter orientacyjny i nie mog\u0105 by\u0107 podstaw\u0105 do roszcze\u0144<\/small><\/p>\n<h2>Mo\u017cliwo\u015bci zadruku:<\/h2>\n<div class=\"hidden-lg\">\n<div class=\"_flex_table pl\">\n<div>\n<table>\n<thead>\n<tr>\n<th rowspan=\"2\">Nazwa detalu<\/th>\n<th colspan=\"3\">Pole zadruku &#8211; SITODRUK<\/th>\n<\/tr>\n<tr>\n<th>dno <small>[mm]<\/small><\/th>\n<th>obw\u00f3d <small>[mm]<\/small><\/th>\n<th>g\u00f3ra <small>[mm]<\/small><\/th>\n<\/tr>\n<\/thead>\n<tbody>\n<tr>\n<td>Sp\u00f3d<\/td>\n<td>X<\/td>\n<td>85mm x 120 mm<\/td>\n<td>X<\/td>\n<\/tr>\n<\/tbody>\n<\/table>\n<\/div>\n<div>\n<table>\n<thead>\n<tr>\n<th class=\"hidden-lg\" rowspan=\"2\">Nazwa detalu<\/th>\n<th colspan=\"3\">Pole zadruku &#8211; TAMPODRUK<\/th>\n<\/tr>\n<tr>\n<th>dno <small>[mm]<\/small><\/th>\n<th>obw\u00f3d <small>[mm]<\/small><\/th>\n<th>g\u00f3ra <small>[mm]<\/small><\/th>\n<\/tr>\n<\/thead>\n<tbody>\n<tr>\n<td class=\"hidden-lg\">Sp\u00f3d<\/td>\n<td>X<\/td>\n<td>X<\/td>\n<td>X<\/td>\n<\/tr>\n<\/tbody>\n<\/table>\n<\/div>\n<div>\n<table>\n<thead>\n<tr>\n<th class=\"hidden-lg\" rowspan=\"2\">Nazwa detalu<\/th>\n<th colspan=\"2\">Mo\u017cliwo\u015b\u0107 zastosowania HS <small>(wtop)<\/small><\/th>\n<\/tr>\n<tr>\n<th>na obwodzie<\/th>\n<th>na g\u00f3rze<\/th>\n<\/tr>\n<\/thead>\n<tbody>\n<tr>\n<td class=\"hidden-lg\">Sp\u00f3d<\/td>\n<td>X<\/td>\n<td>X<\/td>\n<\/tr>\n<\/tbody>\n<\/table>\n<\/div>\n<div>\n<table>\n<thead>\n<tr>\n<th class=\"hidden-lg\" rowspan=\"2\">Nazwa detalu<\/th>\n<th colspan=\"3\">Pole zadruku &#8211; ETYKIETA<\/th>\n<\/tr>\n<tr>\n<th>dno <small>[mm]<\/small><\/th>\n<th>obw\u00f3d <small>[mm]<\/small><\/th>\n<th>g\u00f3ra <small>[mm]<\/small><\/th>\n<\/tr>\n<\/thead>\n<tbody>\n<tr>\n<td class=\"hidden-lg\">Sp\u00f3d<\/td>\n<td>X<\/td>\n<td>90 x 120<\/td>\n<td>X<\/td>\n<\/tr>\n<\/tbody>\n<\/table>\n<\/div>\n<\/div>\n<\/div>\n<p><small>**Do ustalenia po otrzymaniu projektu<\/small><\/p>\n<p><small>x Brak mo\u017cliwo\u015bci zadruku<\/small><\/p>\n<p><small>Podane wymiary zadruku (mm) (wysoko\u015b\u0107 x d\u0142ugo\u015b\u0107)<\/small><\/p>\n<p><small>***Mo\u017cliwo\u015bci etykietowania okre\u015blone przez odbiorc\u0119<\/small><\/p><\/div>\n\t\t\t\t<\/div>\n\t\t\t\t<\/div>\n\t\t\t\t\t\t<\/div>\n\t\t\t<\/div>\n\t\t<\/div>\n\t\t\t\t\t\t<\/div>\n\t\t\t<\/div>\n\t\t<\/section>\n\t\t\t\t\t\t<\/div>\n\t\t\t<\/div>\n\t\t<\/div>\n\t\t","protected":false},"excerpt":{"rendered":"<p>\u00a0\u00a0\u00a0\u00a0\u00a0\u00a0\u00a0\u00a0\u00a0\u00a0\u00a0\u00a0\u00a0\u00a0\u00a0\u00a0\u00a0\u00a0\u00a0\u00a0\u00a0\u00a0\u00a0\u00a0\u00a0\u00a0\u00a0\u00a0\u00a0\u00a0\u00a0\u00a0\u00a0\u00a0\u00a0\u00a0\u00a0\u00a0\u00a0\u00a0\u00a0\u00a0\u00a0\u00a0\u00a0\u00a0\u00a0 Sp\u00f3d Materia\u0142: PET \u015arednica: 41.00 mm Wysoko\u015b\u0107: 138.00 mm Waga: 16.00 g Nakr\u0119tka Materia\u0142: \u2026 \u015arednica: 0.00 mm Wysoko\u015b\u0107: 0.00 mm Waga: 0.00 g Komplet Pojemno\u015b\u0107: 125 ml Pojemno\u015b\u0107 ca\u0142kowita 146 ml Opakowanie jest przeznaczone m.in. do produkt\u00f3w kosmetycznych. Pakowanie: Nazwa Pakowanie szt. Wymiar kartonu [mm] Masa kartonu*\u00a0[kg] Ilo\u015b\u0107 karton\u00f3w na palecie szt. Ilo\u015b\u0107 [&hellip;]<\/p>\n","protected":false},"author":1,"featured_media":0,"parent":438,"menu_order":10,"comment_status":"closed","ping_status":"closed","template":"","meta":[],"_links":{"self":[{"href":"https:\/\/pepsyna.com\/index.php\/wp-json\/wp\/v2\/pages\/491"}],"collection":[{"href":"https:\/\/pepsyna.com\/index.php\/wp-json\/wp\/v2\/pages"}],"about":[{"href":"https:\/\/pepsyna.com\/index.php\/wp-json\/wp\/v2\/types\/page"}],"author":[{"embeddable":true,"href":"https:\/\/pepsyna.com\/index.php\/wp-json\/wp\/v2\/users\/1"}],"replies":[{"embeddable":true,"href":"https:\/\/pepsyna.com\/index.php\/wp-json\/wp\/v2\/comments?post=491"}],"version-history":[{"count":2,"href":"https:\/\/pepsyna.com\/index.php\/wp-json\/wp\/v2\/pages\/491\/revisions"}],"predecessor-version":[{"id":846,"href":"https:\/\/pepsyna.com\/index.php\/wp-json\/wp\/v2\/pages\/491\/revisions\/846"}],"up":[{"embeddable":true,"href":"https:\/\/pepsyna.com\/index.php\/wp-json\/wp\/v2\/pages\/438"}],"wp:attachment":[{"href":"https:\/\/pepsyna.com\/index.php\/wp-json\/wp\/v2\/media?parent=491"}],"curies":[{"name":"wp","href":"https:\/\/api.w.org\/{rel}","templated":true}]}}