{"id":489,"date":"2019-11-29T10:57:37","date_gmt":"2019-11-29T10:57:37","guid":{"rendered":"http:\/\/pepsyna.com\/?page_id=489"},"modified":"2020-01-07T18:55:11","modified_gmt":"2020-01-07T18:55:11","slug":"butelka-typ-1-pet-24-410-125-ml","status":"publish","type":"page","link":"https:\/\/pepsyna.com\/index.php\/pojemniki-plastikowe\/butelki-pet\/butelka-typ-1-pet-24-410-125-ml\/","title":{"rendered":"Butelka Typ 1 PET 24-410 125 ml"},"content":{"rendered":"\t\t<div data-elementor-type=\"wp-page\" data-elementor-id=\"489\" class=\"elementor elementor-489\" data-elementor-settings=\"[]\">\n\t\t\t<div class=\"elementor-inner\">\n\t\t\t\t<div class=\"elementor-section-wrap\">\n\t\t\t\t\t\t\t<section class=\"elementor-element elementor-element-b5ee90f elementor-section-boxed elementor-section-height-default elementor-section-height-default elementor-section elementor-top-section\" data-id=\"b5ee90f\" data-element_type=\"section\">\n\t\t\t\t\t\t<div class=\"elementor-container elementor-column-gap-default\">\n\t\t\t\t<div class=\"elementor-row\">\n\t\t\t\t<div class=\"elementor-element elementor-element-77258b74 elementor-column elementor-col-100 elementor-top-column\" data-id=\"77258b74\" data-element_type=\"column\">\n\t\t\t<div class=\"elementor-column-wrap  elementor-element-populated\">\n\t\t\t\t\t<div class=\"elementor-widget-wrap\">\n\t\t\t\t<div class=\"elementor-element elementor-element-4ae65bca elementor-widget elementor-widget-text-editor\" data-id=\"4ae65bca\" data-element_type=\"widget\" data-widget_type=\"text-editor.default\">\n\t\t\t\t<div class=\"elementor-widget-container\">\n\t\t\t\t\t<div class=\"elementor-text-editor elementor-clearfix\"><p>\u00a0\u00a0\u00a0\u00a0\u00a0\u00a0\u00a0\u00a0\u00a0\u00a0\u00a0\u00a0\u00a0\u00a0\u00a0\u00a0\u00a0\u00a0\u00a0\u00a0\u00a0\u00a0\u00a0\u00a0\u00a0\u00a0\u00a0\u00a0\u00a0\u00a0\u00a0\u00a0\u00a0\u00a0\u00a0\u00a0\u00a0\u00a0\u00a0\u00a0\u00a0\u00a0\u00a0\u00a0\u00a0\u00a0\u00a0\u00a0 <a href=\"blob:http:\/\/pepsyna.com\/df076fa7-336b-4477-828d-5cb7b1885485\"><img loading=\"lazy\" class=\"alignnone\" title=\"Butelka Typ 1 PET 24-410 125 ml\" src=\"data:image\/png;base64,iVBORw0KGgoAAAANSUhEUgAAAGEAAAEXCAYAAAC9CirLAAAgAElEQVR4nO2d2VIjSdK2uf97GPvG+mCmbca6CqpYtO9Sat93CQkJxFZQU2NzAf4f9P9Gv+lESmKRoLrjwA0QQpnpT4TvmRx0Oh15D+n1eka63a50u13f79vttrTb7Rd\/Pj5Ty7bH36ccvNeBW62WtFoto2ytcPw+SIKUDOHPtYmDsGalsmLW\/T0r0SbrAK1737tA2LSidiWDwUD6\/b70+32f0tet1OeIDQyO1+\/33+Wag+TdIASZCTY3vFr07zftBG3iNKD3VrwPwqaL2ZWwkqCYfr8vg8FAhsOh2SHaNOHvNl2YVj7vhMFgEGgW30MX7waBTZFNWOmtVkuazaY0Gg1pNBpSr9elWq2ulUajIc1mU5rNpgkAWOk2\/\/Reung3CFjh7XZbGo2GVKtVKZVK4nmeFAoFKZVKUiwWxfM881o+n5dcLreV5PN5yefzUigUxPM8KRaLUiwWpVQqSblc\/mtAGI1GxgEimuGVX6vVzKqtVCrm+1qtZlZ6pVIxMAqFgk88zzNQ8vn8E1hQPJSOY9RqNanValIqlaRSqUilUjGAarWaMXV\/CgiIfvi1drst9XpdyuWylEoln5TLZZ8wBFYu74ZMJiPpdFrS6bRks1nf76FgNlEAUKvVfDuDz6HZbK41kz8VBIYxGAyk1+tJvV6XfD4viUTCXDSvfuwOKBCwNASYmWw2K+l0WlKplGQyGfN6oVCw7gLtM3CcSqViziudTkulUtkvBI6d31J6vT+incFgIN1uV2q1mmSzWYnFYuJ5npRKJalWq1Kv140AAnYE+was3mKxKLFYTMLhsJycnMjXr1\/l+PhYTk9P5ezsTEKhkAGTy+XMsQCkUqlIvV737YBMJiNnZ2cSiUTE87yd6CRIdgZBS7fblXq9Lp7n+UwIr1pe9UEmC6s6n89LOp02MMLhsEQiEYlGoxKNRn27AxAgxWLR7KJcLmeOm8lkxPM8abfb+4WAlfrWMhwOn2TFrVZLKpWKeJ4n2WxWcrncE9MBRendoH1Hs9k0tp0dNswVFF+pVIwf0M5e7w6YqVartROdBMnOINiAtNttqVarayOXer1ucoFarSblctkoGg45m81KJpORVCol8Xhc4vG4JBIJSSQSEo\/Hjbkrl8tSq9Wk1WpZ845utyutVssHFn7rTwEB\/mA0Gsl4PJbRaCSdTsc4QYSUsPHaSUMhvHNSqZRRNCKjVCplTBsDSqfTks\/npVKpSKvVkn6\/b85lPB5LpVIxOUo+n5dSqWQiuGw2+zEgbLJjmz54NBqZ78fjsQyHQ2k2m2Zlc44AqdVqJtNttVq+JC6fzxs7zpJKpQyIdDotmUxGstmsz\/HDxHCNajD4vXSBXQcpl8vieZ4xSZPJRAaD3wMLXPfefMJrIQyHQxMhjUYjAwG2npWPCKnZbJrywqadAInFYhKLxYxJSiaTkkwmTbiZz+elXC5Lo9HwJWIciUFKpZIxe57nSbPZNLrgcPungYCIqNfrmYJco9EwANh5aggMAs43l8sZHwDFIxKCMAxbiMqi\/Q9gI9lLpVJSLpfNDuj3+zIcDs21\/BTREUPo9\/vSarWMWcHFep4nlUrlySoFOERU1WrVgEin077VzpJMJo1psjl\/mEKscjjpWq3mi9gAol6v+0wQQ9iLT3gLgUK73a5Uq1XJZrOSTCYlnU5LsVg0SRPi8uFwKKPRyJivfr8v7Xbb1HqQJXO5Aj4ByodPAORyufzE1HU6HRMEVCoVKRQK5rNyuZwUi0VpNBrS7\/dlMpn4FI9Iby8QQD1ItvEJsKWdTkdKpZIkk0mJxWKSSCRMiUGbI3agMEdwljr6YQAaAkwRjsGlC+0HkCBiYTQaDel2uzIej+X8\/NwUIweDgVkgbyk7hYBtzBDi8bix1xBeuVxT0jlCNpsN3AkMgM0KKq66HM65CHyD7lUABCI97NSfBgJLt9uVSqVi7DlWqC7KMQSuGenqqQYC5XMfAWDhhLXTRwjMzZ9arSaFQkGSyaRks1mp1Wo+XwBTuY1+ngXhralq5zUajWQymch4PJZer2ecoK0eBIXAYSJPYKecSqWMA4Zzhp9hM6XNC3rTUDh8QlB0FIlEJJfLSavV8vkpXM9PAUFvXxTwisXik44XygvNZtPXAOp2uya3KBQKkslkjOI5Z8DPMFGAAifLCRvDaDQaPqfPOyyVSkmxWJROp\/MEApLPDw+ByxUwR\/l83pgPANARElYatj2iI1Q+oXx8DdoJMHkcHTEEdNQQsWmYpVLJREgAgIX15hBA+a1lPB4bZbZaLWNrcaHYDWwyOp2OscHcf4ap0N00Nk0cFXGewFVUhKTlctmEu3xO3BjC7BPvAobwlrraKYTpdCrj8fgJhHQ67UuudGbLnTVER+yYdZSEv8d7OELSzh5REpe0YQ65u8e7GUrHa28tBzjILkQ7ZKw+XYhjJWIFc1hpm6bYBAGvwSdwGMrhKJwzggGU2oOuiRfZW8nOILBJGo\/H0u\/3TRXVNoKiq6hYkXg\/wk7OLzhH0KVs9glQMo+5ICJCTgIopVJJcrncE4VPJhNzLW8te4Fwfn4u0+lUBoOBNBoNX4eMq6hovqCGBJ\/ANnzbEBXREUoXCEmRMSMTh\/mD4wYIHWBMp1OZTqc7AfFiCHxCNjuHHGE6ncr5+bmMx7+bJcT+XDLQ8TwipW6364PAjtlWsuCEDU4WOwFREVY8F\/O4qor+RbValX6\/L9PpVIbDoSkq8gJ7dwi8PfE9VgvqLXgNANAjQJTCjhE7wdZPsDln3dzh8gd2jS1E5eRMO2bOGVDGxmLj63nr3fBqCEGC94zHY5MnIEHjmSKYCiRqbLN5NFKXLThM5ekN\/B7HgoK5PMFA+HfYdVzKHg6HvsWFXf2mEDYpcxvBhyGWHgwGZtUMh0Op1+tmPAU5AjtmWzOeZ1RRtuAcYV0ZG+1N7l1z21SbJkRO1WrVlLUTiYTJmMfjsQHAu+Kt5MUQeEdopzUajWQ2m8lsNpPRaCTValWSyaSEw2GJx+O+Ah77A74HAUU2mAiOjrDqdbSkq6dsatjf8E7j0ctisSiZTEbi8bgkk0kpFArSbDbN9QDCW8sBFPhc4WLW+fm5zOdzmc\/n5mTxFTsB2Wkmk3ky3FsqlXw+wVbA0\/mCTt70NLYuW3DkhSFlDoXxFbsOOQtMEiI8mKWX6s0mr4Jg2wmIjNBZQ+2HW5p67B0QuMUJCEElCzZHaHdyexP1I9SA9H1uKI3AF2AB6KGyUqlkpjNQtnhLAK+CoE0Tim2IPGwTbzzuqEPEer1uakc2gJlMRhKJhESjUTPuGIlEzAgkSyQSkUQiIZlMRkqlkjSbTVOZhXCFlk0WojfuOSNwQPDw1iACIWCl42eOj7H6WfE4ac\/zTELGs5+6bG27Z4DvWdBREdeD9K5gfwATxz\/rYWKUMuALEBhw0RAVVozZwzTCyeNeBviL+XxuIieYL+hsMpnIbDaTi4sLmc1mPuuxFgIcK+z7bDaT6XQqo9HItCzhNFnZiHb44lEDYmepR9U5bMXn6PyAR9\/ZIescQc+6co8ZsLHi+WeeRcLAcTabNckb5xU8M4uS93Q6lYuLC1kulwYKrAX7Se1TAiHgAzgnGI1GT0wEegM69ofCAYFXbyaTsd64wTuBW5u2NqYNAoPi6iyXtPW9bEgKUaMCdNSmMpmMb+fgmjCbhBmoTCYjlUrFNyDAC5lhzOdzPwSQ0aKz4sFgYApwiKWz2awUi0XfCCEumFuYWJmYtojFYsYcIZvVd3FyVm0r3umMWZsl7AxuHOmMHN+z+bF9hu3OIfw+kUhIKBSS4+NjOTs7k2QyKZ7nmV4EYMCPTqdTs0sggRBgwxaLhUwmE9MTQEcrFotJLpczCqxUKiZSwUrSNpojGoYAe6wHrKAgjpB4IjsoMoJDxurXbVMsKIaA6ikAsP\/gsjryCPSxS6WSZDIZOT09lS9fvkgoFJJ0Oi3lctn0p9mcw9T7IOANNsG26Xa75u6Y4+NjOTo6kt9++00ikYi52Hg8Lp8+fZLffvtNTk5OJBQKSTQaNRVO3WTRE9j65m+Ojnj7o6UZBEFP4PFu4\/ufeTgYoPleB9j\/fD5vdnA0GpXT01M5PDyUL1++SDweN+YrFotJKBSSRCJhgFWrVen1esYxs\/JZz2shDIdD0+gA8VAoJIeHh\/LPf\/5Tvn79aoZuw+Gw\/Otf\/5Jff\/1VPn36JF+\/fpXT01OJRCJm5XCThacd9NAXkjWYON3kR\/ipW53YBRBA5wotzB7CVOQGPAGOHY9Sy8nJibkd6\/j4WD59+iSfPn2Sk5MTc21YbJ7nGVOKqGswGDxJaLeCsFgspN\/vG2XBXpfLZUkkEnJ4eCjhcNi0CnO5nM824qRDoZBEIhFf3YijFZ5D5VFD3WPWUZbusOnBLwaAPGE4HBrnOB6PjcnjWhIKeDj3k5MTOTw8lKOjIwmFQuY+uUgkYvKVRCIhuVzO10ACXNyMMplM5OLiQi4uLp6AWLsTMEMKonxXPJw0Rz3xeFyOj4\/lt99+k8PDQ7MbwuGwmZiGwIRgJ2HiDWHearUy\/qjT6Zib+3CPmp7M1iPyuAlkMpnIcrmU1Woll5eXslgsZD6f+3YazBA+\/+zsTMLhsLHznz9\/lk+fPhkzdHx8LKFQyNTBcCwen+d8o1arGV\/APmIjhPl8bnrDKCloe41Vqu1nJBKR09NT392U2A3ohHEeETQer0fjYZuxCjljxqoEDJiGer3u8wNItGy9CmTlkUhEDg8PjfI\/ffokR0dHcnJyIuFwWKLRqG\/YuNPpmCYWCpuIwFANgB8Yj8fPM0eDweBJCKmfksL3geEC0TvALrGNpuipadud9MjGi8WipNNpiUajxtR9\/fr1iRwfH8vJyYkxF5gfQvSFz+33+8YcoXSBMBqlESwW7tDBtPBoPLdAuZTD98M1Gg0TbcIs+SDAWWi5vLyU4XBonKa+COwInAzfPMIDUjgZfWeMhsDHQKiKbhyCAkQnmyCcnp5KIpGQbDZrTAUPlsEnDAYDXxjMJRYOb7vdrvEnXKJADqWH3kajkVlE8EkI96fTqTGJkEAIV1dXZnBLP18IN33oyiTPnmonxCUPmAaGoyur7ICRY3B0pG+Z0rdL8RikvksHCkcSxhOArOj5fC6LxUKWy6Usl0tZLBayWCzMigYA3ALAixALdSsIUJYWDUE\/E0i3CnlnYFVw+s4wdISCAV0ezrLdEMhR0LqMGVMZCFO518DDYCjCwTzNZjO5urqS29tbub+\/l\/v7e7m7u5Obmxvj2LGw0EUEgOdCYF1vhMDmCD7A5uT4PWzfeTqbHRcPDuNGEm6y8Oi8HvbSrU2dLXPdhyupPG6pTRRs+vn5uW+loz+CHYzghJXPEHQpHr5kPp\/7fMJWENgncBMeURJ2A+J9XQrmu3S4ZckzRfgZAHj62ta+5ATN9rq+50znEpw7IHTUj3pDPoGxR+6bs923PS9JCzvmF0HAioAjhdKhWPR\/OeGC6dJPO9TPr0POwS1MLmMj3GV\/oFe\/9gvsE9bNJPGu4KxdLxLbM484GuQnA3CyyZEjIMAcLZdLOT8\/l+VyuR0EhKk4WYbAdz2+FgI33Nk5symyVU113UibpKCZJK4pcXl7nxDgW54NAVkyRzavhYBavq7V63vM2DTZzJQuY3MnDsITGLb517eGAGuhIcxms6cQEHZpsUHAXY1Q5GsgcENFx+jbPPdu0z1rOirSGbqeg9VV1reAgBxHQ7i6uvLpOhDCfD6X5XLpu5MRkcVbQuDmDSvf9sg1vsnQ5rQ1CP2kMA2B8wTuL7wFBOx0THsg2EEO5oOAREQLyNkgIGx9DQS+Z0zfT6yfX6RninSP2WaO9J2h63aDzSS9BQQ0izSE1Wrl0\/VaCJeXl3uBwOMv+tZabYZ4J6ybwGPRQwL6cWwaAvuGl0JA5IenA0CfqBC\/GALS+31AsDlYbfO182Vlr\/MN6JzZILBJeksIi8Xi+RAuLy9ltVqZgSiUF3AAtB65a8XZNQPQiuchqyBTZHPGLHoHsCnSDtzmnNkk8S1TGoB2trbr4bINO2XccNJqtWS5XMrV1ZUpjjoIDsJfBwLapRrC1dWVH8Ll5aUEyXtC0PZey0eHAJ9QLpel3W4bfaI4ynp2EHYIAX34jRCurq7EJu8NwVYlDZKPDKFSqUin05GrqysDYbVa+XTtIOwIAkJ5hnB9fS2LxcJB+KkgrFYrubm5MQrr9Xq+2hFXQG3PHt0Wgn7Cly0RWzcEzA0enbi9BoKeLOFr4YnudRAw2NDv92WxWJioCN87CO8EAQNoDsIeIeDJADBDSNR8EFarlQSJg\/B2EJbLpVxfX\/v8LcRB2AOEwWBgIMAp+yBcX1+LTRyE10NA524wGMjl5aXc3NwY3bKuHYQ9Qri9vTUgHIQ9QGi1Wq+HcHNzI1dXV9Lv9834d6fT8TX7oUD0aBuNhm9QbB0EfeusrakDADalb4IQ1OzZ1OgHBO6waQC4Tiwmbuzwe\/H5w+HQjFc+yxz9FSCsa\/S\/FYRarfY6CKvVygcBzes\/AwQ9lb0LCJjwG41GslqtjDl6AuHm5kZscnt7K6vVytwogg\/H938WCEGN\/tdCQIjKEDDhjUUOCYRwd3cn19fXVghM+meGwPc6c2DxVhAwsb4Rwu3trdjEBqHVapmZ\/p8dAvsGm0l6LYROp2MgjMdjub6+lvv7e+MXWNeBEO7v7\/+yEBjELiDA3G8F4ebmxjy5iyFAqX9GCNok7QXCOsd8e3sro9HI96BAPgE0ZfjRBVA4VhROnE\/aNokN4bs+18k2yZr+GRBw3F1CgGNmCN++fZO7uzsDYqNjdhAchL8WhCCf4CDsFsJWjtlB2COEu7s7sYmDsFsIrGsHwUFwEO7u7uQAjw8Ikslk4jtBND+azT\/+JSMaI8+BgKc\/6mQNN3cENXC2bepwMwi\/049VAAB+AhnOmzNnDaBe9\/\/3dC7+4b1ISmu1mgwGA7m\/v5eHhwe5ubmRb9+++XTsIDgIDoKD4CA4CA6Cg+AgOAgfDcK3b99knUynUx+Eer1uDoJHpuGRmrgQFn3yGPgCBDR29P9L+NkhtNt\/9Jgnk4nc3t7Kw8ODAcA6fjcILA7CO0Pg\/7vgIOwZAmpOUAb7BAdhTxCgBOwCB+EdIOgHxuqpbAdhDxB4PJ3L2A7CO0CA6GfeOQj\/v\/nw+Pgos9nMdxMFKxrJGmY6AeslO+G5EHRjB6+hgcPDYwyBB8Awh4oEUitzHQS+Fm7scHIKnUwmE6PPh4cHB+G5EHTm7yB8AAh4r4OwBwi6\/gU\/iGtwEPYEgUVfg4PwjhBQeHQQ9gAB585K1Yp3EPYAgUWf\/14gfPv2TR4eHmQ6nfoSknq9bmBwsma7IAALKt7pCio\/VPa1ydomCEjW+F5mnWxynqAjIyR5\/HcMoN1uGwjz+VweHh7k8fHR6JXFQdgSgnbKDsKeIHCYqp2yg7AHCLhe7hkDArdoHYQdQ2Bny+fvIOwJAleO8TNasg7CB4DAMByEPwsE\/YIWNHVwoFqtZm3qaAhBiQ4397m\/zIlaLpd78r\/S1omGkclktkrWuKnDCweyzjHz1Agna1zwq1Qq0mq1ZLFYyOPjo4GAryZZcxAcBAfBQXg\/CM4nOAgOAr6HOAgOgoPw+PgoB\/oFfvP3799lNpuZA+FkcEKYKQUIvihbW5ATNR5\/5BlUJFuvhQAA\/Ds8fAoDYFg8nKxxU39TsqmTPG6HIsGtVqtydXUlP378kPv7e\/nx44dJ3BwEB8FBcBAcBAfBQXAQHAQH4aNCCErSHh8f5fv37zKdTqVcLvuaOTgolMk3\/+G9myAE3SAC5W1SfDKZNKJhpNPpjRBwbDR2kLDxpIW+BjR2toEAHXieJw8PD\/L9+3f5\/v2773uIg+AgOAjfv38P9gkOgoPw14KgX4A4CA6Cg+AgfBAI\/\/nPf+Tx8VEmk4lUq3\/cKI4kZFOyphs6nOxwMygoWbMplwFoEHgNCn8tBIZhS9j030E\/PDxWq\/1+E81\/\/\/tfM\/QFvb4LBN2NchD2BAGmS+8CB2FPEBiAre7iIOwZAu8CB2GPELADbLuA\/8ZB2AMEdsg87uIg7BkCmyIH4RkQdLJWrVZNEoIDs23He6Dst4DwGmFogIMBMNs\/xtaLRydgrFhcBxI2BsFmGDr63\/\/+Z\/T548cPB8FBcBAcBAfBQXAQHAQHwUH4aSEgqRiPx1Iul33DTEjW0MjBxXBZYhME3dDRN3XsGgIWASDoJs2m4a9NEGq1mnieJ\/1+X+7v7+Xx8dEka7qx4yB8dAgPDw8yGo0chF1DCBp30RBwgg7C20DYaiD4+\/fv8u3bNxmNRlIqlcwJwuk6CG8IIWgMEhCGw6GBgMjAQXg9hK1uJsd4\/HA4lGKxaMq2+OogvCMEOGkHYQ8Q8IDafr8vnucZ5eNrtfr7xITneSb54UQMitdtTZ2saQhowrwWgm1ADI2dQqHgO2++WQQLDNEgD6\/hOpCk2kDw33ueJ71eT+7u7oxOHx8fDZSNPsFBcBD+WhDWPQPPQdgdBJ9PcBA+AISg\/z7rIOwWgu\/xaw6Cg+AgfGQIiUTiVbJrCBoAC667UChIt9uV29tb+fbtm\/EFd3d3DoKD4CA4CB8FAuvaQXAQ\/roQWBwEB8FBuLu7k4Pb21sJkpubG+n1elYISFhwMUheoGCcoIbBAHYJIZlMPvlZN3bWQeAhMFtDRydrtkVXKBSk1+vJ7e2t3N3dyc3Njdzf35ufHQQHwUFwED4ABBYHwUH460K4ubkx4iA4CA7Czc2NHPAPLNfX13J1dSXdblcKhYJRPhKx10LA8FfQw6Y2KTkej6+VTRAKhcKTf5BdrVZ9yucbRDY1dfR1VqtV09S5vr6Wm5sbWa1WTwA4CDuGgIzZQXgnCDBHgAB9WiHgDTZxEN4eAhY4i4OwQwj5fF46nY6sVitZrVbBEPAGLQ7C6yCUy+UnEC4vL43iWdcOwh4gXF1d+SBoXTsIHwHC5eWlBMlyuZR2u20gVKtVc8K7hrBJyQwiFotJLBbz\/e69k7Vy+fcbYXq9nk+n19fXslwufa85CA6Cg+AgOAgOgoPgIDgIDsJHg7BcLsUmFxcXcnFxIa1WywcBQ16bIPDPgMa\/fy2E50DCzzwAts3wF2DYAGxTOwKE5XIpi8VCFouFXF1dycXFhU\/XDsKOIXS7XQfhI0BYLBZycXERDAGEtDgIr4NQLpfF8zwfhIuLC7m8vDRAIA7CjiF0Oh2jS0CYz+d+CPwGmzgIL4dQKBQMhPl87oPAOnYQdgShVCo9gTCfz2W5XMpsNnMQ9gmh3W7vDgJOhBWKC+OLYwgMA00VPJQW\/3CCmzpQICdjSL7wWpBoAHyjSDabNcfHuQYplKMdLCJO1oIWGRYoHPNsNpPZbCaLxeJl5iifz78Kgu1ENQRM3+mdYFPuzwrh\/PzcfO+DgG0SJK+BYNsNOFGMPzIE3g0MIBqNGoGCfyYIFxcXcn5+Lufn53JxcSGz2cyn4wNsE5vM53NpNpsvgmDbDXySgMBzqPw\/cHgnMASA+BkhTKdT8z3rORAC3thoNCSXy0mpVHoxBJvTxnu0XwAIbft\/dgjT6VQmk4nM53OZTqd+CNgmWqbTqZyfn1shwPtvgqBB6L\/ZZJJQCd3G\/HxkCFD8ZDKR2Wwmk8nEp+uD6XQq66Rer0s2mzUQEM5tgsAXaAPAf6MhsFliECwfHQKXLebzuUwmExmPx3J+fi7j8din40AIk8lkbxC0X2DRO+JniY7eBMJoNJLJZGLMEZRZKBR8Nj1IWME8aKXzBu2o8\/m85PN566BXkJK3SdySyWTgzeRBAcQ62RZCp9MxJmg8HstsNnui6xdBwAE2QdCOuVL54xHPWGUaQi6Xk1wut3MIQeeH3fDWEMbjsdkJsDIGwmQyEZvYIOCDt4HA2xzlAH4EMsoBXP7g8sWuIdhKD1yq0Fm+lm0dc6fTMSZoNBqZ71nXByCkZTgcyng8lnq9boXAdt0m2PLl8h\/\/AEM\/gxr\/jwEZNMJUPYu6CwisQL1Ims1moF94DgTUjs7Pz2U0GslwODQLnHV9MBwOxSaDwcBAyGazBgJC1E0QeBdguLbdbku73fb9U1HcjFgoFHyli31A0AD4n57yg8fZfL4EwnQ69ekUXw2EwWAgQaIhQPmIktYJLg4rq91uS6fTkU6nI91u10DQO2GfENhPAQIWC5tN29Pvt4XQarVkMpnIYDCQfr8vo9HIfIUc9Pt9CZLRaCS1Ws0HgUPVTRC0neVxc1wgPsvzPF81dR8+gXeDhoBdoUdeXgqh3+9Lr9eT4XBovkJ2BgEnYzNPXKd\/L8fMYamGwPcl6EACIDZBKBaLks\/nfRC63a4MBgM7hF6vZ6Tb7RrpdDrSaDSMgpCowdnClCAnCEp6dDOEyxa20kU2m31TCACRSqUkm836jqP\/UTaUqyHxQFi9Xn9iynhRwbxWKhVptVpW\/WKhDwYDOYCyIXCe+LlerxtFrYPAq11n1HpH6GxZN3bewhzpmlM8HvdN4SFzBgTeHdqcsvJhXp8DodvtGgDwiWxxDvT24wih3W77IODAWB1QNiuWV5JN6bq0EdTU2QUE7IZ0Om2UbwNQLpef\/FsXbY5s+YWetKhUKtJsNo3iebHz7jhgB8TRAKKaWq3mg8AnEAQhqK7EJQwon02DrZT9VhBisZhvJlXXjrSN1zOp6\/6nTtC4S6VSkUajYawLC5v9A618PiCiF6xcW0ofZGqCTA6UjlXIr7PscidkMhnfgrCVWXT0ZFN0UDatIbCl4XwJZv9AP+mcD4SfbRDWrXi96m1i6yvsqoBnc8waAoMIas1qRa8TRJParOkIrN1uy0HQB8M5VSoVc4LPgaBrRwgBQZ\/\/vS6SwF2GqNgBiIT4unmVYzHafsdR3joQuB4sZJuZZ997EBTB4EAMASfJIZwt7ERkgJJFp9ORwWBgOkvz+dxkkFIpWPAAAAjWSURBVHD+pVJJ8vm8r5HzlhDgjD3v9xkpbaPZaSIq1L6Aza8tOQuCwJ+jITSbTTmwNWNQQsBu0KVbzgt0eIoDoeyBWZvZbCaDwcDUjuDUdeEuHo9LNBo1ERKUzslWLpeTZDIpsVhMIpGIxGIxY2rg2JPJpPksOOV0Om2cP6IiXCMcKMJHDimRQcNHQrkcmGhTBNhYuFx3gmXAzjiw2XCYBQ1BR0Q2BwZH1O12TQ2Gi3RwzFyww89cutDVVJ1osaKTyaTP2XMNKml5SjAfL6ihw\/YbCwfXAiVykGJrUm0DoV6vy4F2iFhpmUzGV6oABBxY21GuDbXbbXNCbNqQ7ufzed\/3rNhYLCahUMgsBCRvAMAhLRStRxs9zzN\/g\/fBNAEm5we2SA7nzOUM\/hfxvDNYNARbRMkhcK1WkwMOC3HS2WxWUqmUyQ10ZbRSqfhWB9s5OCGAajab0u12Tdm22WxKoVDwObtCoSDJZFLC4bCcnJzI8fGxbwCAEyudWTMkKNbzPF+dKJPJGNOVSCTMTgM43sm6VK3L3RCGwqItBe8OvSAhB7q5zlMOWBE4Idj7Wq1mClJc6ILyPc8zmSJsKuyr53nGjudyOXPS2AU4LptI7lnD1CDxgpnhHaGz4Hw+b3xIKpUyIBmCVrR2xlAe3qMLfLo0z2YOO4MjRt4VB1A6LoRnQdFRwx9iazYaDen3+6bAx6ugUChIOp02761Wq0YpiBqSyaSEQiHJZDJm5eXzeclkMuJ5ntTrdWtGWywWDQSujjIM7Ai2xfg7VrwtWePVr6u8upjH183mCn\/DPhOdRhxLJ4QHUDpfDKISlLABATYf8T4Uz+UMRC6e55nXcPE4+XK5LPF43CidoySYEK5u8opCGKujHXyfz+elWCz6VjJMG9eKbIkiH4udqK4NsTnBNSH54h4JhI+PY3AqcKCVD4lGo0ZJDAG+gE0Pfl8qlUzJIZ\/Pm5PD+3AR2WxWIpGIRCIRAwNKwI7gzBamgCGwH2DfgWBCJ4AcWWEHQkGcxSNywc9wwvB\/UDDDYL3we3gX8ALTof3BumQIqw2OlFNuJFi8vRBZwKTAWaMIyCdiu7Gbw2OA4AdEcSTFq5pLDxAOMnTJGu9hpcP86ESUbbeOBrnMY2uDsk5wXNYR5IAzS4YQjUYlHo9LOp32KZUbGiDMqxgXyyfOOYLN3HCIyHE+mxsdPNiUzJGUbtzw8Th85PCalajLL9qOs8\/QfoLHZnjx8a61QtBjhJFIRKLRqLHviADgRIvFoonBcQCsYAaj429eETYAfNuUzUxqRwyxhawakm00MygMtdWTWDgS4hoRCxaqPo9sNvsUgt4B0WhUIpGIhMNhE0rCNvIqgbJgHnAgNhW6TIyT1uaDkzMOFrh0wRHRJijsrLVpC4qOuNjIlU7d8OJEjaMmrpjWajXjIzkvYQdtINgAoN4SDoclHA5LMpmUYrFoDqIPoO2drs3rbY8IiZMYBqFrQPBbPNi7aTfo13UOYQOBXIj9me6ssehqAv8OQQGbT638JxAYAJKpSCQioVBIIpGIpFIp8TxParWatFotsyOgdFvhSkcQOrHTfVk2Tbb7FdaZH17x2WzWB4khQOGcyWqTwnH\/urEXncjxdXBREibbFkAYCBoAC3ZDJBIx\/oHjfd3cxw5g5XJzA9uYV5OtQ6fLKfrmkSDlc71I1504i9Y1H10D0wBsiuccCq\/DB3D1gU0hdnsgBFY+dkA0GpVQKCSnp6cSDoclnU5LsVg0TppXgd4JtgIeg7MlTBAd8eDCYJ5s0RND4J8ZgK1Pvq5zxrkEn4cu4eO6sAv5vNgXYHds5RP0TgiHwxIKhYzY4mwOyWwjJZxT2Nqhtp4zl63ZSWtzpEX3rDcFCnqlI6zmoQMov1qtWkPnILGF0mtD1E1mCRC4LKyViwvNZrMSj8d9f4NmkW31c2mBcwJdWkkkEtbhAK10Xarg8FRXZbmJxJEhN4sSiYSEQiE5Pj4OzF\/WmUk+P85BfBmzDYYGAhinp6cSCoUkGo0a88Dh6dnZmUSjUbMqMVV3dnYmX758WbtathEOTW1iq4mxQ7c5et65sVjMnOvnz5\/l6OjImGP0K9bJukRSJ6kHvLqCShi2HcJmCr6DY3nUiMLhsBwdHcnnz5\/l5OTElKptsT8rb9NF6pWuhe23hpFMJiWXy0kqlZJIJCJfvnyRf\/\/73\/KPf\/xDfvnlF\/n73\/8uh4eHcnx87FtIbB7XRWpB5lAPmxkIthWzDRTOrDUQXFgoFDLNoUKhIKlUSs7OzuTo6MgKjiHwcXUCidxlnXCIfXp6Kl+\/fpUvX77I0dGRHB4eyt\/+9jf5v\/\/7P\/nll1\/k119\/lc+fP8vp6akp1aC3gVYomkPxeNyE7BpCkDPmGhfEV0UNSnBsJYNNZotv9MaFnJycyOHhoRwdHcnZ2ZlZhTwxwQD4XPgcNBAGbxO85+zsTE5OTuTr168GwOHh4ZOwl68zkUj4OnLwabiufD5vVb6uU2nlszPmWtSBzakEOcMgILbd8uXLFzk9PTXODasbjk2PrugyhLbZWjY5ZlvfmBWDnYhBAd3HxqJBOIkcIJVKGRMFAOxLbKteFwN1QTCwvWnbFQxD\/15HFrxy2bFD+TYTBsVgFfNrbLY4VA0SHFc\/mASAg3YfFhjyAoTHAMV9a1sYrksiNgBPIATNhK6DsgnQNvLcMUbbQNe2YouaghzrptByk5nRDRtbGVxL4MiLzj7XmSybY98kz1HiJsVuI1rpQcoPAmDLO94CQKVS+X34KyhhCspgtzFhm+S5Slyn1E2yrkGkFb8ptHyOmbEpn8si+P7AVj6wVfuCdkwQmE2yKQ\/YJC8pG9jOeV2Wva59+pIVz1Vl\/vmAyw1BH6pBBe2eTRGLTQkvleccy7aSt1nh66KalyheT3jj9QP+I9uH2mBosYHZJJsy3k3ynGPZVu+6322zyteZmk1j99yXqFarf9yfYCOpD7jO9tmgrJPnKHGdYtfJuvNd93u9+PTUhdbXuhWvlW\/rYf8\/6tGgxPY2yn0AAAAASUVORK5CYII=\" alt=\"Butelka Typ 1 PET 24-410 125 ml\" width=\"97\" height=\"279\" \/><\/a><\/p>\n<p>\u00a0<\/p>\n<p>\u00a0<\/p><\/div>\n\t\t\t\t<\/div>\n\t\t\t\t<\/div>\n\t\t\t\t\t\t<\/div>\n\t\t\t<\/div>\n\t\t<\/div>\n\t\t\t\t\t\t<\/div>\n\t\t\t<\/div>\n\t\t<\/section>\n\t\t\t\t<section class=\"elementor-element elementor-element-8ea4a59 elementor-section-boxed elementor-section-height-default elementor-section-height-default elementor-section elementor-top-section\" data-id=\"8ea4a59\" data-element_type=\"section\">\n\t\t\t\t\t\t<div class=\"elementor-container elementor-column-gap-default\">\n\t\t\t\t<div class=\"elementor-row\">\n\t\t\t\t<div class=\"elementor-element elementor-element-96a0bf9 elementor-column elementor-col-100 elementor-top-column\" data-id=\"96a0bf9\" data-element_type=\"column\">\n\t\t\t<div class=\"elementor-column-wrap  elementor-element-populated\">\n\t\t\t\t\t<div class=\"elementor-widget-wrap\">\n\t\t\t\t<div class=\"elementor-element elementor-element-5a673af elementor-widget elementor-widget-text-editor\" data-id=\"5a673af\" data-element_type=\"widget\" data-widget_type=\"text-editor.default\">\n\t\t\t\t<div class=\"elementor-widget-container\">\n\t\t\t\t\t<div class=\"elementor-text-editor elementor-clearfix\"><table>\n<tbody>\n<tr>\n<th colspan=\"2\">Sp\u00f3d<\/th>\n<\/tr>\n<tr>\n<td>Materia\u0142:<\/td>\n<td>PET<\/td>\n<\/tr>\n<tr>\n<td>\u015arednica:<\/td>\n<td>41.00 mm<\/td>\n<\/tr>\n<tr>\n<td>Wysoko\u015b\u0107:<\/td>\n<td>130.00 mm<\/td>\n<\/tr>\n<tr>\n<td>Waga:<\/td>\n<td>16.00 g<\/td>\n<\/tr>\n<tr>\n<th colspan=\"2\">Nakr\u0119tka<\/th>\n<\/tr>\n<tr>\n<td>Materia\u0142:<\/td>\n<td>\u2026<\/td>\n<\/tr>\n<tr>\n<td>\u015arednica:<\/td>\n<td>0.00 mm<\/td>\n<\/tr>\n<tr>\n<td>Wysoko\u015b\u0107:<\/td>\n<td>0.00 mm<\/td>\n<\/tr>\n<tr>\n<td>Waga:<\/td>\n<td>0.00 g<\/td>\n<\/tr>\n<tr>\n<th colspan=\"2\">Komplet<\/th>\n<\/tr>\n<tr>\n<td>Pojemno\u015b\u0107:<\/td>\n<td>125 ml<\/td>\n<\/tr>\n<tr>\n<td>Pojemno\u015b\u0107 ca\u0142kowita<\/td>\n<td>143 ml<\/td>\n<\/tr>\n<\/tbody>\n<\/table><\/div>\n\t\t\t\t<\/div>\n\t\t\t\t<\/div>\n\t\t\t\t\t\t<\/div>\n\t\t\t<\/div>\n\t\t<\/div>\n\t\t\t\t\t\t<\/div>\n\t\t\t<\/div>\n\t\t<\/section>\n\t\t\t\t<section class=\"elementor-element elementor-element-989d71b elementor-section-boxed elementor-section-height-default elementor-section-height-default elementor-section elementor-top-section\" data-id=\"989d71b\" data-element_type=\"section\">\n\t\t\t\t\t\t<div class=\"elementor-container elementor-column-gap-default\">\n\t\t\t\t<div class=\"elementor-row\">\n\t\t\t\t<div class=\"elementor-element elementor-element-f68314c elementor-column elementor-col-100 elementor-top-column\" data-id=\"f68314c\" data-element_type=\"column\">\n\t\t\t<div class=\"elementor-column-wrap  elementor-element-populated\">\n\t\t\t\t\t<div class=\"elementor-widget-wrap\">\n\t\t\t\t<div class=\"elementor-element elementor-element-b26f199 elementor-widget elementor-widget-text-editor\" data-id=\"b26f199\" data-element_type=\"widget\" data-widget_type=\"text-editor.default\">\n\t\t\t\t<div class=\"elementor-widget-container\">\n\t\t\t\t\t<div class=\"elementor-text-editor elementor-clearfix\"><p>Opakowanie jest przeznaczone m.in. do produkt\u00f3w kosmetycznych.<\/p>\n<h2>Pakowanie:<\/h2>\n<table id=\"_technic_table\">\n<thead>\n<tr>\n<th>Nazwa<\/th>\n<th>Pakowanie <small>szt.<\/small><\/th>\n<th>Wymiar kartonu <small>[mm]<\/small><\/th>\n<th>Masa kartonu<sup>*<\/sup>\u00a0<small>[kg]<\/small><\/th>\n<th>Ilo\u015b\u0107 karton\u00f3w na palecie <small>szt.<\/small><\/th>\n<th>Ilo\u015b\u0107 sztuk na palecie <small>szt.<\/small><\/th>\n<th>Pakowanie zgrzewka <small>szt.<\/small><\/th>\n<th>Ilo\u015b\u0107 na palecie <small>szt.<\/small><\/th>\n<\/tr>\n<\/thead>\n<tbody>\n<tr>\n<td>Sp\u00f3d<\/td>\n<td>450<\/td>\n<td>580x380x600<\/td>\n<td>8.4<\/td>\n<td>12<\/td>\n<td>5400<\/td>\n<td>0<\/td>\n<td>0<\/td>\n<\/tr>\n<\/tbody>\n<\/table>\n<p><small>*Podane warto\u015bci maj\u0105 charakter orientacyjny i nie mog\u0105 by\u0107 podstaw\u0105 do roszcze\u0144<\/small><\/p>\n<h2>Mo\u017cliwo\u015bci zadruku:<\/h2>\n<div class=\"hidden-lg\">\n<div class=\"_flex_table pl\">\n<div>\n<table>\n<thead>\n<tr>\n<th rowspan=\"2\">Nazwa detalu<\/th>\n<th colspan=\"3\">Pole zadruku &#8211; SITODRUK<\/th>\n<\/tr>\n<tr>\n<th>dno <small>[mm]<\/small><\/th>\n<th>obw\u00f3d <small>[mm]<\/small><\/th>\n<th>g\u00f3ra <small>[mm]<\/small><\/th>\n<\/tr>\n<\/thead>\n<tbody>\n<tr>\n<td>Sp\u00f3d<\/td>\n<td>X<\/td>\n<td>85 mm x 120 mm<\/td>\n<td>X<\/td>\n<\/tr>\n<\/tbody>\n<\/table>\n<\/div>\n<div>\n<table>\n<thead>\n<tr>\n<th class=\"hidden-lg\" rowspan=\"2\">Nazwa detalu<\/th>\n<th colspan=\"3\">Pole zadruku &#8211; TAMPODRUK<\/th>\n<\/tr>\n<tr>\n<th>dno <small>[mm]<\/small><\/th>\n<th>obw\u00f3d <small>[mm]<\/small><\/th>\n<th>g\u00f3ra <small>[mm]<\/small><\/th>\n<\/tr>\n<\/thead>\n<tbody>\n<tr>\n<td class=\"hidden-lg\">Sp\u00f3d<\/td>\n<td>X<\/td>\n<td>X<\/td>\n<td>X<\/td>\n<\/tr>\n<\/tbody>\n<\/table>\n<\/div>\n<div>\n<table>\n<thead>\n<tr>\n<th class=\"hidden-lg\" rowspan=\"2\">Nazwa detalu<\/th>\n<th colspan=\"2\">Mo\u017cliwo\u015b\u0107 zastosowania HS <small>(wtop)<\/small><\/th>\n<\/tr>\n<tr>\n<th>na obwodzie<\/th>\n<th>na g\u00f3rze<\/th>\n<\/tr>\n<\/thead>\n<tbody>\n<tr>\n<td class=\"hidden-lg\">Sp\u00f3d<\/td>\n<td>X<\/td>\n<td>X<\/td>\n<\/tr>\n<\/tbody>\n<\/table>\n<\/div>\n<div>\n<table>\n<thead>\n<tr>\n<th class=\"hidden-lg\" rowspan=\"2\">Nazwa detalu<\/th>\n<th colspan=\"3\">Pole zadruku &#8211; ETYKIETA<\/th>\n<\/tr>\n<tr>\n<th>dno <small>[mm]<\/small><\/th>\n<th>obw\u00f3d <small>[mm]<\/small><\/th>\n<th>g\u00f3ra <small>[mm]<\/small><\/th>\n<\/tr>\n<\/thead>\n<tbody>\n<tr>\n<td class=\"hidden-lg\">Sp\u00f3d<\/td>\n<td>X<\/td>\n<td>90 x 120<\/td>\n<td>X<\/td>\n<\/tr>\n<\/tbody>\n<\/table>\n<\/div>\n<\/div>\n<\/div>\n<p><small>**Do ustalenia po otrzymaniu projektu<\/small><\/p>\n<p><small>x Brak mo\u017cliwo\u015bci zadruku<\/small><\/p>\n<p><small>Podane wymiary zadruku (mm) (wysoko\u015b\u0107 x d\u0142ugo\u015b\u0107)<\/small><\/p>\n<p><small>***Mo\u017cliwo\u015bci etykietowania okre\u015blone przez odbiorc\u0119<\/small><\/p><\/div>\n\t\t\t\t<\/div>\n\t\t\t\t<\/div>\n\t\t\t\t\t\t<\/div>\n\t\t\t<\/div>\n\t\t<\/div>\n\t\t\t\t\t\t<\/div>\n\t\t\t<\/div>\n\t\t<\/section>\n\t\t\t\t\t\t<\/div>\n\t\t\t<\/div>\n\t\t<\/div>\n\t\t","protected":false},"excerpt":{"rendered":"<p>\u00a0\u00a0\u00a0\u00a0\u00a0\u00a0\u00a0\u00a0\u00a0\u00a0\u00a0\u00a0\u00a0\u00a0\u00a0\u00a0\u00a0\u00a0\u00a0\u00a0\u00a0\u00a0\u00a0\u00a0\u00a0\u00a0\u00a0\u00a0\u00a0\u00a0\u00a0\u00a0\u00a0\u00a0\u00a0\u00a0\u00a0\u00a0\u00a0\u00a0\u00a0\u00a0\u00a0\u00a0\u00a0\u00a0\u00a0\u00a0 \u00a0 \u00a0 Sp\u00f3d Materia\u0142: PET \u015arednica: 41.00 mm Wysoko\u015b\u0107: 130.00 mm Waga: 16.00 g Nakr\u0119tka Materia\u0142: \u2026 \u015arednica: 0.00 mm Wysoko\u015b\u0107: 0.00 mm Waga: 0.00 g Komplet Pojemno\u015b\u0107: 125 ml Pojemno\u015b\u0107 ca\u0142kowita 143 ml Opakowanie jest przeznaczone m.in. do produkt\u00f3w kosmetycznych. Pakowanie: Nazwa Pakowanie szt. Wymiar kartonu [mm] Masa kartonu*\u00a0[kg] Ilo\u015b\u0107 karton\u00f3w na palecie [&hellip;]<\/p>\n","protected":false},"author":1,"featured_media":0,"parent":438,"menu_order":9,"comment_status":"closed","ping_status":"closed","template":"","meta":[],"_links":{"self":[{"href":"https:\/\/pepsyna.com\/index.php\/wp-json\/wp\/v2\/pages\/489"}],"collection":[{"href":"https:\/\/pepsyna.com\/index.php\/wp-json\/wp\/v2\/pages"}],"about":[{"href":"https:\/\/pepsyna.com\/index.php\/wp-json\/wp\/v2\/types\/page"}],"author":[{"embeddable":true,"href":"https:\/\/pepsyna.com\/index.php\/wp-json\/wp\/v2\/users\/1"}],"replies":[{"embeddable":true,"href":"https:\/\/pepsyna.com\/index.php\/wp-json\/wp\/v2\/comments?post=489"}],"version-history":[{"count":3,"href":"https:\/\/pepsyna.com\/index.php\/wp-json\/wp\/v2\/pages\/489\/revisions"}],"predecessor-version":[{"id":844,"href":"https:\/\/pepsyna.com\/index.php\/wp-json\/wp\/v2\/pages\/489\/revisions\/844"}],"up":[{"embeddable":true,"href":"https:\/\/pepsyna.com\/index.php\/wp-json\/wp\/v2\/pages\/438"}],"wp:attachment":[{"href":"https:\/\/pepsyna.com\/index.php\/wp-json\/wp\/v2\/media?parent=489"}],"curies":[{"name":"wp","href":"https:\/\/api.w.org\/{rel}","templated":true}]}}