{"id":442,"date":"2019-11-22T14:01:35","date_gmt":"2019-11-22T14:01:35","guid":{"rendered":"http:\/\/pepsyna.com\/?page_id=442"},"modified":"2020-01-07T19:38:11","modified_gmt":"2020-01-07T19:38:11","slug":"sloiki-pet","status":"publish","type":"page","link":"https:\/\/pepsyna.com\/index.php\/pojemniki-plastikowe\/sloiki-pet\/","title":{"rendered":"S\u0142oiki PET"},"content":{"rendered":"\t\t<div data-elementor-type=\"wp-page\" data-elementor-id=\"442\" class=\"elementor elementor-442\" data-elementor-settings=\"[]\">\n\t\t\t<div class=\"elementor-inner\">\n\t\t\t\t<div class=\"elementor-section-wrap\">\n\t\t\t\t\t\t\t<section class=\"elementor-element elementor-element-2cbaf43 elementor-section-boxed elementor-section-height-default elementor-section-height-default elementor-section elementor-top-section\" data-id=\"2cbaf43\" data-element_type=\"section\">\n\t\t\t\t\t\t<div class=\"elementor-container elementor-column-gap-default\">\n\t\t\t\t<div class=\"elementor-row\">\n\t\t\t\t<div class=\"elementor-element elementor-element-6c2b82e elementor-column elementor-col-100 elementor-top-column\" data-id=\"6c2b82e\" data-element_type=\"column\">\n\t\t\t<div class=\"elementor-column-wrap  elementor-element-populated\">\n\t\t\t\t\t<div class=\"elementor-widget-wrap\">\n\t\t\t\t<div class=\"elementor-element elementor-element-4fb8ef2 elementor-widget elementor-widget-text-editor\" data-id=\"4fb8ef2\" data-element_type=\"widget\" data-widget_type=\"text-editor.default\">\n\t\t\t\t<div class=\"elementor-widget-container\">\n\t\t\t\t\t<div class=\"elementor-text-editor elementor-clearfix\"><ul class=\"children\"><li class=\"page_item page-item-524\"><h6><a href=\"http:\/\/pepsyna.com\/index.php\/pojemniki-plastikowe\/sloiki-pet\/sloik-typ-8-pet-z-termosem-10ml\/\">S\u0142oik Typ 8 PET z termosem 10ml<\/a><\/h6><\/li><li class=\"page_item page-item-526\"><h6><a href=\"http:\/\/pepsyna.com\/index.php\/pojemniki-plastikowe\/sloiki-pet\/sloik-typ-9-pet-z-termosem-10-ml\/\">S\u0142oik Typ 9 PET z termosem 10 ml<\/a><\/h6><\/li><li class=\"page_item page-item-528\"><h6><a href=\"http:\/\/pepsyna.com\/index.php\/pojemniki-plastikowe\/sloiki-pet\/sloik-typ-8-pet-z-termosem-15ml\/\">S\u0142oik Typ 8 PET z termosem 15ml<\/a><\/h6><\/li><li class=\"page_item page-item-530\"><h6><a href=\"http:\/\/pepsyna.com\/index.php\/pojemniki-plastikowe\/sloiki-pet\/sloik-typ-9-pet-z-termosem-15-ml\/\">S\u0142oik Typ 9 PET z termosem 15 ml<\/a><\/h6><\/li><li class=\"page_item page-item-532\"><h6><a href=\"http:\/\/pepsyna.com\/index.php\/pojemniki-plastikowe\/sloiki-pet\/sloik-typ-8-pet-25ml\/\">S\u0142oik Typ 8 PET 25ml<\/a><\/h6><\/li><li class=\"page_item page-item-534\"><h6><a href=\"http:\/\/pepsyna.com\/index.php\/pojemniki-plastikowe\/sloiki-pet\/sloik-typ-9-pet-25-ml\/\">S\u0142oik Typ 9 PET 25 ml<\/a><\/h6><\/li><li class=\"page_item page-item-536\"><h6><a href=\"http:\/\/pepsyna.com\/index.php\/pojemniki-plastikowe\/sloiki-pet\/sloik-typ-8-pet-z-termosem-50ml\/\">S\u0142oik Typ 8 PET z termosem 50ml<\/a><\/h6><\/li><li class=\"page_item page-item-538\"><h6><a href=\"http:\/\/pepsyna.com\/index.php\/pojemniki-plastikowe\/sloiki-pet\/sloik-typ-9-pet-z-termosem-50ml\/\">S\u0142oik Typ 9 PET z termosem 50ml<\/a><\/h6><\/li><li class=\"page_item page-item-540\"><h6><a href=\"http:\/\/pepsyna.com\/index.php\/pojemniki-plastikowe\/sloiki-pet\/sloik-typ-27-pet-50-ml\/\">S\u0142oik Typ 27 PET 50 ml<\/a><\/h6><\/li><li class=\"page_item page-item-542\"><h6><a href=\"http:\/\/pepsyna.com\/index.php\/pojemniki-plastikowe\/sloiki-pet\/sloik-typ-23-pet-60ml\/\">S\u0142oik Typ 23 PET 60ml<\/a><\/h6><\/li><li class=\"page_item page-item-544\"><h6><a href=\"http:\/\/pepsyna.com\/index.php\/pojemniki-plastikowe\/sloiki-pet\/sloik-typ-23-pet-90ml\/\">S\u0142oik Typ 23 PET 90ml<\/a><\/h6><\/li><li class=\"page_item page-item-546\"><h6><a href=\"http:\/\/pepsyna.com\/index.php\/pojemniki-plastikowe\/sloiki-pet\/sloik-typ-9-pet-100ml\/\">S\u0142oik Typ 9 PET 100ml<\/a><\/h6><\/li><li class=\"page_item page-item-548\"><h6><a href=\"http:\/\/pepsyna.com\/index.php\/pojemniki-plastikowe\/sloiki-pet\/sloik-typ-8-pet-125ml\/\">S\u0142oik Typ 8 PET 125ml<\/a><\/h6><\/li><li class=\"page_item page-item-550\"><h6><a href=\"http:\/\/pepsyna.com\/index.php\/pojemniki-plastikowe\/sloiki-pet\/sloik-typ-23-pet-125ml\/\">S\u0142oik Typ 23 PET 125ml<\/a><\/h6><\/li><li class=\"page_item page-item-552\"><h6><a href=\"http:\/\/pepsyna.com\/index.php\/pojemniki-plastikowe\/sloiki-pet\/sloik-typ-23-pet-z-nakretka-gladka-150-ml\/\">S\u0142oik Typ 23 PET z nakr\u0119tk\u0105 g\u0142adk\u0105 150 ml<\/a><\/h6><\/li><li class=\"page_item page-item-554\"><h6><a href=\"http:\/\/pepsyna.com\/index.php\/pojemniki-plastikowe\/sloiki-pet\/sloik-typ-23-pet-z-nakretka-ryflowana-150-ml\/\">S\u0142oik Typ 23 PET z nakr\u0119tk\u0105 ryflowan\u0105 150 ml<\/a><\/h6><\/li><li class=\"page_item page-item-556\"><h6><a href=\"http:\/\/pepsyna.com\/index.php\/pojemniki-plastikowe\/sloiki-pet\/sloik-typ-31-pet-150-ml\/\">S\u0142oik Typ 31 PET 150 ml<\/a><\/h6><\/li><li class=\"page_item page-item-558\"><h6><a href=\"http:\/\/pepsyna.com\/index.php\/pojemniki-plastikowe\/sloiki-pet\/sloik-typ-22-pet-z-n1-200ml\/\">S\u0142oik Typ 22 PET z N1 200ml<\/a><\/h6><\/li><li class=\"page_item page-item-560\"><h6><a href=\"http:\/\/pepsyna.com\/index.php\/pojemniki-plastikowe\/sloiki-pet\/sloik-typ-22-pet-z-n13-200ml\/\">S\u0142oik Typ 22 PET z N13 200ml<\/a><\/h6><\/li><li class=\"page_item page-item-562\"><h6><a href=\"http:\/\/pepsyna.com\/index.php\/pojemniki-plastikowe\/sloiki-pet\/sloik-typ-22-pet-z-n-21-200ml\/\">S\u0142oik Typ 22 PET z N 21 200ml<\/a><\/h6><\/li><li class=\"page_item page-item-564\"><h6><a href=\"http:\/\/pepsyna.com\/index.php\/pojemniki-plastikowe\/sloiki-pet\/sloik-typ-24-pet-200ml\/\">S\u0142oik Typ 24 PET 200ml<\/a><\/h6><\/li><li class=\"page_item page-item-566\"><h6><a href=\"http:\/\/pepsyna.com\/index.php\/pojemniki-plastikowe\/sloiki-pet\/sloik-typ-23-pet-100-400-200ml\/\">S\u0142oik Typ 23 PET 100-400 200ml<\/a><\/h6><\/li><li class=\"page_item page-item-568\"><h6><a href=\"http:\/\/pepsyna.com\/index.php\/pojemniki-plastikowe\/sloiki-pet\/sloik-typ-23-pet-70-400-z-nakretka-gladka-200-ml\/\">S\u0142oik Typ 23 PET 70-400 z nakr\u0119tk\u0105 g\u0142adk\u0105 200 ml<\/a><\/h6><\/li><li class=\"page_item page-item-570\"><h6><a href=\"http:\/\/pepsyna.com\/index.php\/pojemniki-plastikowe\/sloiki-pet\/sloik-typ-23-pet-70-400-z-nakretka-ryflowana-200-ml\/\">S\u0142oik Typ 23 PET 70-400 z nakr\u0119tk\u0105 ryflowan\u0105 200 ml<\/a><\/h6><\/li><li class=\"page_item page-item-572\"><h6><a href=\"http:\/\/pepsyna.com\/index.php\/pojemniki-plastikowe\/sloiki-pet\/sloik-typ-30-pet-200-ml\/\">S\u0142oik Typ 30 PET 200 ml<\/a><\/h6><\/li><li class=\"page_item page-item-578\"><h6><a href=\"http:\/\/pepsyna.com\/index.php\/pojemniki-plastikowe\/sloiki-pet\/sloik-typ-23-pet-70-400-z-nakretka-ryflowana-250-ml\/\">S\u0142oik Typ 23 PET 70-400 z nakr\u0119tk\u0105 ryflowan\u0105 250 ml<\/a><\/h6><\/li><li class=\"page_item page-item-574\"><h6><a href=\"http:\/\/pepsyna.com\/index.php\/pojemniki-plastikowe\/sloiki-pet\/sloik-typ-8-pet-z-termosem-200-ml\/\">S\u0142oik Typ 8 PET z termosem 200 ml<\/a><\/h6><\/li><li class=\"page_item page-item-576\"><h6><a href=\"http:\/\/pepsyna.com\/index.php\/pojemniki-plastikowe\/sloiki-pet\/sloik-typ-23-pet-70-400-z-nakretka-gladka-250-ml\/\">S\u0142oik Typ 23 PET 70-400 z nakr\u0119tk\u0105 g\u0142adk\u0105 250 ml<\/a><\/h6><\/li><li class=\"page_item page-item-580\"><h6><a href=\"http:\/\/pepsyna.com\/index.php\/pojemniki-plastikowe\/sloiki-pet\/sloik-typ-22-pet-z-n1-300ml\/\">S\u0142oik Typ 22 PET z N1 300ml<\/a><\/h6><\/li><li class=\"page_item page-item-582\"><h6><a href=\"http:\/\/pepsyna.com\/index.php\/pojemniki-plastikowe\/sloiki-pet\/sloik-typ-22-pet-z-n13-300ml\/\">S\u0142oik Typ 22 PET z N13 300ml<\/a><\/h6><\/li><li class=\"page_item page-item-584\"><h6><a href=\"http:\/\/pepsyna.com\/index.php\/pojemniki-plastikowe\/sloiki-pet\/sloik-typ-22-pet-z-n21-300ml\/\">S\u0142oik Typ 22 PET z N21 300ml<\/a><\/h6><\/li><li class=\"page_item page-item-586\"><h6><a href=\"http:\/\/pepsyna.com\/index.php\/pojemniki-plastikowe\/sloiki-pet\/sloik-typ-24-pet-300ml\/\">S\u0142oik Typ 24 PET 300ml<\/a><\/h6><\/li><li class=\"page_item page-item-593\"><h6><a href=\"http:\/\/pepsyna.com\/index.php\/pojemniki-plastikowe\/sloiki-pet\/sloik-typ-23-pet-70-400-z-nakretka-gladka-300-ml\/\">S\u0142oik Typ 23 PET 70-400 z nakr\u0119tk\u0105 g\u0142adk\u0105 300 ml<\/a><\/h6><\/li><li class=\"page_item page-item-595\"><h6><a href=\"http:\/\/pepsyna.com\/index.php\/pojemniki-plastikowe\/sloiki-pet\/sloik-typ-23-pet-70-400-z-nakretka-ryflowana-300-ml\/\">S\u0142oik Typ 23 PET 70-400 z nakr\u0119tk\u0105 ryflowan\u0105 300 ml<\/a><\/h6><\/li><li class=\"page_item page-item-597\"><h6><a href=\"http:\/\/pepsyna.com\/index.php\/pojemniki-plastikowe\/sloiki-pet\/sloik-typ-23-pet-70-400-z-nakretka-ryflowana-300-ml-2\/\">S\u0142oik Typ 23 PET 70-400 z nakr\u0119tk\u0105 ryflowan\u0105 300 ml<\/a><\/h6><\/li><li class=\"page_item page-item-599 page_item_has_children\"><h6><a href=\"http:\/\/pepsyna.com\/index.php\/pojemniki-plastikowe\/sloiki-pet\/sloik-typ-27-pet-z-nakretka-ryflowana-370-ml\/\">S\u0142oik Typ 27 PET z Nakr\u0119tk\u0105 ryflowan\u0105 370 ml<\/a><\/h6><\/li><li class=\"page_item page-item-599 page_item_has_children\"><h6><a href=\"http:\/\/pepsyna.com\/index.php\/pojemniki-plastikowe\/sloiki-pet\/sloik-typ-27-pet-z-nakretka-ryflowana-370-ml\/sloik-typ-23-pet-z-nakretka-gladka-400-ml\/\">S\u0142oik Typ 23 PET z nakr\u0119tk\u0105 g\u0142adk\u0105 400 ml<\/a><\/h6><\/li><li class=\"page_item page-item-603\"><h6><a href=\"http:\/\/pepsyna.com\/index.php\/pojemniki-plastikowe\/sloiki-pet\/sloik-typ-23-pet-z-nakretka-ryflowana-400-ml\/\">S\u0142oik Typ 23 PET z nakr\u0119tk\u0105 ryflowan\u0105 400 ml<\/a><\/h6><\/li><li class=\"page_item page-item-605\"><h6><a href=\"http:\/\/pepsyna.com\/index.php\/pojemniki-plastikowe\/sloiki-pet\/sloik-typ-22-pet-z-n1-500ml\/\">S\u0142oik Typ 22 PET z N1 500ml<\/a><\/h6><\/li><li class=\"page_item page-item-607\"><h6><a href=\"http:\/\/pepsyna.com\/index.php\/pojemniki-plastikowe\/sloiki-pet\/sloik-typ-22-pet-z-n21-500ml\/\">S\u0142oik Typ 22 PET z N21 500ml<\/a><\/h6><\/li><li class=\"page_item page-item-609\"><h6><a href=\"http:\/\/pepsyna.com\/index.php\/pojemniki-plastikowe\/sloiki-pet\/sloik-typ-22-pet-z-n13-500ml\/\">S\u0142oik Typ 22 PET z N13 500ml<\/a><\/h6><\/li><li class=\"page_item page-item-611\"><h6><a href=\"http:\/\/pepsyna.com\/index.php\/pojemniki-plastikowe\/sloiki-pet\/sloik-typ-24-pet-500ml\/\">S\u0142oik Typ 24 PET 500ml<\/a><\/h6><\/li><li class=\"page_item page-item-613\"><h6><a href=\"http:\/\/pepsyna.com\/index.php\/pojemniki-plastikowe\/sloiki-pet\/sloik-typ-23-pet-500-ml\/\">S\u0142oik Typ 23 PET 500 ml<\/a><\/h6><\/li><li class=\"page_item page-item-615\"><h6><a href=\"http:\/\/pepsyna.com\/index.php\/pojemniki-plastikowe\/sloiki-pet\/sloik-typ-25-pet-500ml\/\">S\u0142oik Typ 25 PET 500ml<\/a><\/h6><\/li><li class=\"page_item page-item-617\"><h6><a href=\"http:\/\/pepsyna.com\/index.php\/pojemniki-plastikowe\/sloiki-pet\/sloik-typ-27-pet-z-nakretka-gladka-500-ml\/\">S\u0142oik Typ 27 PET z Nakr\u0119tk\u0105 g\u0142adk\u0105 500 ml<\/a><\/h6><\/li><li class=\"page_item page-item-619\"><h6><a href=\"http:\/\/pepsyna.com\/index.php\/pojemniki-plastikowe\/sloiki-pet\/sloik-typ-27-pet-z-nakretka-ryflowana-500-ml\/\">S\u0142oik Typ 27 PET z Nakr\u0119tk\u0105 ryflowan\u0105 500 ml<\/a><\/h6><\/li><li class=\"page_item page-item-621\"><h6><a href=\"http:\/\/pepsyna.com\/index.php\/pojemniki-plastikowe\/sloiki-pet\/sloik-typ-8-pet-500-ml\/\">S\u0142oik Typ 8 PET 500 ml<\/a><\/h6><\/li><li class=\"page_item page-item-623\"><h6><a href=\"http:\/\/pepsyna.com\/index.php\/pojemniki-plastikowe\/sloiki-pet\/sloik-typ-23-pet-100-400-750-ml\/\">S\u0142oik Typ 23 PET 100-400 750 ml<\/a><\/h6><\/li><li class=\"page_item page-item-625\"><h6><a href=\"http:\/\/pepsyna.com\/index.php\/pojemniki-plastikowe\/sloiki-pet\/sloik-typ-23-pet-100-400-1000ml\/\">S\u0142oik Typ 23 PET 100-400 1000ml<\/a><\/h6><\/li><li class=\"page_item page-item-627\"><h6><a href=\"http:\/\/pepsyna.com\/index.php\/pojemniki-plastikowe\/sloiki-pet\/sloik-typ-27-pet-z-nakretka-gladka-1250-ml\/\">S\u0142oik Typ 27 PET z nakr\u0119tk\u0105 g\u0142adk\u0105 1250 ml<\/a><\/h6><\/li><li class=\"page_item page-item-629\"><h6><a href=\"http:\/\/pepsyna.com\/index.php\/pojemniki-plastikowe\/sloiki-pet\/sloik-typ-27-pet-z-nakretka-ryflowana-1250-ml\/\">S\u0142oik Typ 27 PET z Nakr\u0119tk\u0105 ryflowan\u0105 1250 ml<\/a><\/h6><\/li><li class=\"page_item page-item-631\"><h6><a href=\"http:\/\/pepsyna.com\/index.php\/pojemniki-plastikowe\/sloiki-pet\/sloik-typ-28-pet-1250ml\/\">S\u0142oik Typ 28 PET 1250ml<\/a><\/h6><\/li><li class=\"page_item page-item-633\"><h6><a href=\"http:\/\/pepsyna.com\/index.php\/pojemniki-plastikowe\/sloiki-pet\/sloik-typ-23-pet-z-nakretka-gladka-1250-ml\/\">S\u0142oik Typ 23 PET z nakr\u0119tk\u0105 g\u0142adk\u0105 1250 ml<\/a><\/h6><\/li><li class=\"page_item page-item-635\"><h6><a href=\"http:\/\/pepsyna.com\/index.php\/pojemniki-plastikowe\/sloiki-pet\/sloik-typ-23-pet-z-nakretka-ryflowana-1250-ml\/\">S\u0142oik Typ 23 PET z nakr\u0119tk\u0105 ryflowan\u0105 1250 ml<\/a><\/h6><\/li><li class=\"page_item page-item-637\"><h6><a href=\"http:\/\/pepsyna.com\/index.php\/pojemniki-plastikowe\/sloiki-pet\/sloik-typ-27-pet-z-nakretka-gladka-2500ml\/\">S\u0142oik Typ 27 PET z Nakr\u0119tk\u0105 g\u0142adk\u0105 2500ml<\/a><\/h6><\/li><li class=\"page_item page-item-639\"><h6><a href=\"http:\/\/pepsyna.com\/index.php\/pojemniki-plastikowe\/sloiki-pet\/sloik-typ-27-pet-z-nakretka-ryflowana-2500-ml\/\">S\u0142oik Typ 27 PET z Nakr\u0119tk\u0105 ryflowan\u0105 2500 ml<\/a><\/h6><\/li><li class=\"page_item page-item-641\"><h6><a href=\"http:\/\/pepsyna.com\/index.php\/pojemniki-plastikowe\/sloiki-pet\/sloik-typ-28-pet-2500ml\/\">S\u0142oik Typ 28 PET 2500ml<\/a><\/h6><\/li><\/ul><\/div>\n\t\t\t\t<\/div>\n\t\t\t\t<\/div>\n\t\t\t\t\t\t<\/div>\n\t\t\t<\/div>\n\t\t<\/div>\n\t\t\t\t\t\t<\/div>\n\t\t\t<\/div>\n\t\t<\/section>\n\t\t\t\t<section class=\"elementor-element elementor-element-3d612dc elementor-section-boxed elementor-section-height-default elementor-section-height-default elementor-section elementor-top-section\" data-id=\"3d612dc\" data-element_type=\"section\">\n\t\t\t\t\t\t<div class=\"elementor-container elementor-column-gap-default\">\n\t\t\t\t<div class=\"elementor-row\">\n\t\t\t\t<div class=\"elementor-element elementor-element-19f35b6 elementor-column elementor-col-100 elementor-top-column\" data-id=\"19f35b6\" data-element_type=\"column\">\n\t\t\t<div class=\"elementor-column-wrap\">\n\t\t\t\t\t<div class=\"elementor-widget-wrap\">\n\t\t\t\t\t\t<\/div>\n\t\t\t<\/div>\n\t\t<\/div>\n\t\t\t\t\t\t<\/div>\n\t\t\t<\/div>\n\t\t<\/section>\n\t\t\t\t<section class=\"elementor-element elementor-element-2c087ca elementor-section-boxed elementor-section-height-default elementor-section-height-default elementor-section elementor-top-section\" data-id=\"2c087ca\" data-element_type=\"section\">\n\t\t\t\t\t\t<div class=\"elementor-container elementor-column-gap-default\">\n\t\t\t\t<div class=\"elementor-row\">\n\t\t\t\t<div class=\"elementor-element elementor-element-3a192d6 elementor-column elementor-col-100 elementor-top-column\" data-id=\"3a192d6\" data-element_type=\"column\">\n\t\t\t<div class=\"elementor-column-wrap  elementor-element-populated\">\n\t\t\t\t\t<div class=\"elementor-widget-wrap\">\n\t\t\t\t<div class=\"elementor-element elementor-element-97a63d5 elementor-widget elementor-widget-eael-image-accordion\" data-id=\"97a63d5\" data-element_type=\"widget\" data-widget_type=\"eael-image-accordion.default\">\n\t\t\t\t<div class=\"elementor-widget-container\">\n\t\t\t<div class=\"eael-img-accordion\" data-img-accordion-id=\"97a63d5\" data-img-accordion-type=\"on-hover\" id=\"eael-img-accordion-97a63d5\"><a href=\"http:\/\/pepsyna.com\/index.php\/pojemniki-plastikowe\/butelki-pet\/\" target=\"_blank\"  style=\"background-image: url(http:\/\/pepsyna.com\/wp-content\/uploads\/2019\/11\/y1xyf9q0eo.jpg);\">\n\t\t            <div class=\"overlay\">\n\t\t              <div class=\"overlay-inner\">\n\t\t                <h2>BUTELKI PET<\/h2>\n\t\t                <p><\/p>\n\t\t              <\/div>\n\t\t            <\/div>\n\t\t          <\/a><a href=\"http:\/\/pepsyna.com\/index.php\/pojemniki-plastikowe\/sloiki-pet\/\"   style=\"background-image: url(http:\/\/pepsyna.com\/wp-content\/uploads\/2019\/12\/obraz-14.png);\">\n\t\t            <div class=\"overlay\">\n\t\t              <div class=\"overlay-inner\">\n\t\t                <h2>S\u0141OIKI PET<\/h2>\n\t\t                <p><\/p>\n\t\t              <\/div>\n\t\t            <\/div>\n\t\t          <\/a><a href=\"http:\/\/pepsyna.com\/index.php\/pojemniki-plastikowe\/sloiki\/\"   style=\"background-image: url(http:\/\/pepsyna.com\/wp-content\/uploads\/2019\/12\/obraz-3.png);\">\n\t\t            <div class=\"overlay\">\n\t\t              <div class=\"overlay-inner\">\n\t\t                <h2>S\u0141OIKI<\/h2>\n\t\t                <p><\/p>\n\t\t              <\/div>\n\t\t            <\/div>\n\t\t          <\/a><a href=\"http:\/\/pepsyna.com\/index.php\/pojemniki-plastikowe\/pudelka-apteczne\/\"   style=\"background-image: url(http:\/\/pepsyna.com\/wp-content\/uploads\/2019\/11\/siu1yvkrm1.jpg);\">\n\t\t            <div class=\"overlay\">\n\t\t              <div class=\"overlay-inner\">\n\t\t                <h2>PUDE\u0141KA APTECZNE<\/h2>\n\t\t                <p><\/p>\n\t\t              <\/div>\n\t\t            <\/div>\n\t\t          <\/a><a href=\"http:\/\/pepsyna.com\/index.php\/pojemniki-plastikowe\/miarki\/\"   style=\"background-image: url(http:\/\/pepsyna.com\/wp-content\/uploads\/2019\/11\/iwcwv6x52y.jpg);\">\n\t\t            <div class=\"overlay\">\n\t\t              <div class=\"overlay-inner\">\n\t\t                <h2>MIARKI<\/h2>\n\t\t                <p><\/p>\n\t\t              <\/div>\n\t\t            <\/div>\n\t\t          <\/a><a href=\"http:\/\/pepsyna.com\/index.php\/pojemniki-plastikowe\/zamkniecia\/\"   style=\"background-image: url(http:\/\/pepsyna.com\/wp-content\/uploads\/2019\/12\/zamkniecia.jpg);\">\n\t\t            <div class=\"overlay\">\n\t\t              <div class=\"overlay-inner\">\n\t\t                <h2>ZAMKNI\u0118CIA<\/h2>\n\t\t                <p><\/p>\n\t\t              <\/div>\n\t\t            <\/div>\n\t\t          <\/a><a href=\"http:\/\/pepsyna.com\/index.php\/pojemniki-plastikowe\/pojemniki-specjalne\/\"   style=\"background-image: url(http:\/\/pepsyna.com\/wp-content\/uploads\/2019\/12\/POJEMNIKI-SPECJALNE.jpg);\">\n\t\t            <div class=\"overlay\">\n\t\t              <div class=\"overlay-inner\">\n\t\t                <h2>POJEMNIKI SPECJALNE<\/h2>\n\t\t                <p><\/p>\n\t\t              <\/div>\n\t\t            <\/div>\n\t\t          <\/a><\/div><style>\n                  #eael-img-accordion-97a63d5 a:hover {\n                    flex: 3;\n                  }\n                  #eael-img-accordion-97a63d5 a:hover .overlay-inner * {\n                    opacity: 1;\n                    visibility: visible;\n                    transform: none;\n                    transition: all .3s .3s;\n                  }\n                <\/style>\t\t<\/div>\n\t\t\t\t<\/div>\n\t\t\t\t\t\t<\/div>\n\t\t\t<\/div>\n\t\t<\/div>\n\t\t\t\t\t\t<\/div>\n\t\t\t<\/div>\n\t\t<\/section>\n\t\t\t\t\t\t<\/div>\n\t\t\t<\/div>\n\t\t<\/div>\n\t\t","protected":false},"excerpt":{"rendered":"<p>S\u0142oik Typ 8 PET z termosem 10ml S\u0142oik Typ 9 PET z termosem 10 ml S\u0142oik Typ 8 PET z termosem 15ml S\u0142oik Typ 9 PET z termosem 15 ml S\u0142oik Typ 8 PET 25ml S\u0142oik Typ 9 PET 25 ml S\u0142oik Typ 8 PET z termosem 50ml S\u0142oik Typ 9 PET z termosem 50ml [&hellip;]<\/p>\n","protected":false},"author":1,"featured_media":0,"parent":32,"menu_order":2,"comment_status":"closed","ping_status":"closed","template":"","meta":[],"_links":{"self":[{"href":"https:\/\/pepsyna.com\/index.php\/wp-json\/wp\/v2\/pages\/442"}],"collection":[{"href":"https:\/\/pepsyna.com\/index.php\/wp-json\/wp\/v2\/pages"}],"about":[{"href":"https:\/\/pepsyna.com\/index.php\/wp-json\/wp\/v2\/types\/page"}],"author":[{"embeddable":true,"href":"https:\/\/pepsyna.com\/index.php\/wp-json\/wp\/v2\/users\/1"}],"replies":[{"embeddable":true,"href":"https:\/\/pepsyna.com\/index.php\/wp-json\/wp\/v2\/comments?post=442"}],"version-history":[{"count":11,"href":"https:\/\/pepsyna.com\/index.php\/wp-json\/wp\/v2\/pages\/442\/revisions"}],"predecessor-version":[{"id":1332,"href":"https:\/\/pepsyna.com\/index.php\/wp-json\/wp\/v2\/pages\/442\/revisions\/1332"}],"up":[{"embeddable":true,"href":"https:\/\/pepsyna.com\/index.php\/wp-json\/wp\/v2\/pages\/32"}],"wp:attachment":[{"href":"https:\/\/pepsyna.com\/index.php\/wp-json\/wp\/v2\/media?parent=442"}],"curies":[{"name":"wp","href":"https:\/\/api.w.org\/{rel}","templated":true}]}}