{"id":438,"date":"2019-11-22T14:00:04","date_gmt":"2019-11-22T14:00:04","guid":{"rendered":"http:\/\/pepsyna.com\/?page_id=438"},"modified":"2020-01-07T11:14:35","modified_gmt":"2020-01-07T11:14:35","slug":"butelki-pet","status":"publish","type":"page","link":"https:\/\/pepsyna.com\/index.php\/pojemniki-plastikowe\/butelki-pet\/","title":{"rendered":"Butelki PET"},"content":{"rendered":"\t\t<div data-elementor-type=\"wp-page\" data-elementor-id=\"438\" class=\"elementor elementor-438\" data-elementor-settings=\"[]\">\n\t\t\t<div class=\"elementor-inner\">\n\t\t\t\t<div class=\"elementor-section-wrap\">\n\t\t\t\t\t\t\t<section class=\"elementor-element elementor-element-7f895ca elementor-section-boxed elementor-section-height-default elementor-section-height-default elementor-section elementor-top-section\" data-id=\"7f895ca\" data-element_type=\"section\">\n\t\t\t\t\t\t<div class=\"elementor-container elementor-column-gap-default\">\n\t\t\t\t<div class=\"elementor-row\">\n\t\t\t\t<div class=\"elementor-element elementor-element-0622ecc elementor-column elementor-col-100 elementor-top-column\" data-id=\"0622ecc\" data-element_type=\"column\">\n\t\t\t<div class=\"elementor-column-wrap  elementor-element-populated\">\n\t\t\t\t\t<div class=\"elementor-widget-wrap\">\n\t\t\t\t<div class=\"elementor-element elementor-element-1ccb4b3 elementor-widget elementor-widget-text-editor\" data-id=\"1ccb4b3\" data-element_type=\"widget\" data-widget_type=\"text-editor.default\">\n\t\t\t\t<div class=\"elementor-widget-container\">\n\t\t\t\t\t<div class=\"elementor-text-editor elementor-clearfix\"><ul><li><h6><a href=\"http:\/\/pepsyna.com\/index.php\/pojemniki-plastikowe\/butelki-pet\/typ-i-pojemnosc-butelki-pet__trashed\/butelka-typ-5-pet-45-400-500ml\/\">Butelka Typ 5 PET 45-400 500ml<\/a><\/h6><\/li><li><h6><a href=\"http:\/\/pepsyna.com\/index.php\/pojemniki-plastikowe\/butelki-pet\/typ-i-pojemnosc-butelki-pet__trashed\/butelkatyp-5-pet-45-400-400ml\/\">ButelkaTyp 5 PET 45-400 400ml<\/a><\/h6><\/li><li><h6><a href=\"http:\/\/pepsyna.com\/index.php\/pojemniki-plastikowe\/butelki-pet\/typ-i-pojemnosc-butelki-pet__trashed\/butelka-typ-1-pet-24-415-300-ml\/\">Butelka Typ 1 PET 24-415 300 ml<\/a><\/h6><\/li><li><h6><a href=\"http:\/\/pepsyna.com\/index.php\/pojemniki-plastikowe\/butelki-pet\/typ-i-pojemnosc-butelki-pet__trashed\/butelka-typ-1-pet-24-410-300-ml\/\">Butelka Typ 1 PET 24-410 300 ml<\/a><\/h6><\/li><li><h6><a href=\"http:\/\/pepsyna.com\/index.php\/pojemniki-plastikowe\/butelki-pet\/typ-i-pojemnosc-butelki-pet__trashed\/butelka-typ-5-pet-45-400-300ml\/\">Butelka Typ 5 PET 45-400 300ml<\/a><\/h6><\/li><li><h6><a href=\"http:\/\/pepsyna.com\/index.php\/pojemniki-plastikowe\/butelki-pet\/typ-i-pojemnosc-butelki-pet__trashed\/butelka-typ-1-pet-24-415-250-ml\/\">Butelka Typ 1 PET 24-415 250 ml<\/a><\/h6><\/li><li><h6><a href=\"http:\/\/pepsyna.com\/index.php\/pojemniki-plastikowe\/butelki-pet\/typ-i-pojemnosc-butelki-pet__trashed\/butelka-typ-1-pet-24-410-250-ml\/\">Butelka Typ 1 PET 24-410 250 ml<\/a><\/h6><\/li><li><h6><a href=\"http:\/\/pepsyna.com\/index.php\/pojemniki-plastikowe\/butelki-pet\/typ-i-pojemnosc-butelki-pet__trashed\/butelka-typ-5-pet-45-400-250ml\/\">Butelka Typ 5 PET 45-400 250ml<\/a><\/h6><\/li><li><h6><a href=\"http:\/\/pepsyna.com\/index.php\/pojemniki-plastikowe\/butelki-pet\/typ-i-pojemnosc-butelki-pet__trashed\/butelka-typ-1-pet-24-415-200-ml\/\">Butelka Typ 1 PET 24-415 200 ml<\/a><\/h6><\/li><li><h6><a href=\"http:\/\/pepsyna.com\/index.php\/pojemniki-plastikowe\/butelki-pet\/typ-i-pojemnosc-butelki-pet__trashed\/butelka-typ-1-pet-24-410-200-ml\/\">Butelka Typ 1 PET 24-410 200 ml<\/a><\/h6><\/li><li><h6><a href=\"http:\/\/pepsyna.com\/index.php\/pojemniki-plastikowe\/butelki-pet\/typ-i-pojemnosc-butelki-pet__trashed\/butelka-typ-5-pet-38-400-200ml\/\">Butelka Typ 5 PET 38-400 200ml<\/a><\/h6><\/li><li><h6><a href=\"http:\/\/pepsyna.com\/index.php\/pojemniki-plastikowe\/butelki-pet\/typ-i-pojemnosc-butelki-pet__trashed\/butelka-typ-5-pet-38-400-175ml\/\">Butelka Typ 5 PET 38-400 175ml<\/a><\/h6><\/li><li><h6><a href=\"http:\/\/pepsyna.com\/index.php\/pojemniki-plastikowe\/butelki-pet\/typ-i-pojemnosc-butelki-pet__trashed\/butelka-typ-1-pet-24-410-150-ml\/\">Butelka Typ 1 PET 24-410 150 ml<\/a><\/h6><\/li><li><h6><a href=\"http:\/\/pepsyna.com\/index.php\/pojemniki-plastikowe\/butelki-pet\/typ-i-pojemnosc-butelki-pet__trashed\/butelka-typ-5-pet-38-400-150ml\/\">Butelka Typ 5 PET 38-400 150ml<\/a><\/h6><\/li><li><h6><a href=\"http:\/\/pepsyna.com\/index.php\/pojemniki-plastikowe\/butelki-pet\/typ-i-pojemnosc-butelki-pet__trashed\/butelka-typ-5-pet-38-400-150ml\/\">Butelka Typ 1 PET 24-410 150 ml<\/a><\/h6><\/li><li class=\"alternate selected\"><h6><a href=\"http:\/\/pepsyna.com\/index.php\/pojemniki-plastikowe\/butelki-pet\/typ-i-pojemnosc-butelki-pet__trashed\/butelka-typ-5-pet-38-400-150ml\/\">Butelka Typ 5 PET 38-400 150ml<\/a><\/h6><\/li><li><h6><a href=\"http:\/\/pepsyna.com\/index.php\/pojemniki-plastikowe\/butelki-pet\/typ-i-pojemnosc-butelki-pet__trashed\/butelka-typ-1-pet-24-415-125-ml\/\">Butelka Typ 1 PET 24-415 125 ml<\/a><\/h6><\/li><li><h6><a href=\"http:\/\/pepsyna.com\/index.php\/pojemniki-plastikowe\/butelki-pet\/typ-i-pojemnosc-butelki-pet__trashed\/butelka-typ-1-pet-24-410-125-ml\/\">Butelka Typ 1 PET 24-410 125 ml<\/a><\/h6><\/li><li><h6><a href=\"http:\/\/pepsyna.com\/index.php\/pojemniki-plastikowe\/butelki-pet\/typ-i-pojemnosc-butelki-pet__trashed\/butelka-typ-5-pet-38-400-120ml\/\">Butelka Typ 5 PET 38-400 120ml<\/a><\/h6><\/li><li><h6><a href=\"http:\/\/pepsyna.com\/index.php\/pojemniki-plastikowe\/butelki-pet\/typ-i-pojemnosc-butelki-pet__trashed\/butelka-typ-1-pet-24-410-100-ml\/\">Butelka Typ 1 PET 24-410 100 ml<\/a><\/h6><\/li><li><h6><a href=\"http:\/\/pepsyna.com\/index.php\/pojemniki-plastikowe\/butelki-pet\/typ-i-pojemnosc-butelki-pet__trashed\/butelka-typ-5-pet-38-400-100ml\/\">Butelka Typ 5 PET 38-400 100ml<\/a><\/h6><\/li><li><h6><a href=\"http:\/\/pepsyna.com\/index.php\/pojemniki-plastikowe\/butelki-pet\/typ-i-pojemnosc-butelki-pet__trashed\/butelka-typ-5-pet-33-400-75ml-z-nakretka-aluminiowa\/\">Butelka Typ 5 PET 33-400 75ml z nakr\u0119tk\u0105 aluminiow\u0105<\/a><\/h6><\/li><li><h6><a href=\"http:\/\/pepsyna.com\/index.php\/pojemniki-plastikowe\/butelki-pet\/typ-i-pojemnosc-butelki-pet__trashed\/butelka-typ-5-pet-38-400-75ml\/\">Butelka Typ 5 PET 38-400 75ml<\/a><\/h6><\/li><li><h6><a href=\"http:\/\/pepsyna.com\/index.php\/pojemniki-plastikowe\/butelki-pet\/typ-i-pojemnosc-butelki-pet__trashed\/butelka-typ-5-pet-33-400-75ml\/\">Butelka Typ 5 PET 33-400 75ml<\/a><\/h6><\/li><li><h6><a href=\"http:\/\/pepsyna.com\/index.php\/pojemniki-plastikowe\/butelki-pet\/typ-i-pojemnosc-butelki-pet__trashed\/butelka-typ-5-pet-33-400-60ml-z-nakretka-aluminiowa\/\">Butelka Typ 5 PET 33-400 60ml z nakr\u0119tk\u0105 aluminiow\u0105<\/a><\/h6><\/li><li><h6><a href=\"http:\/\/pepsyna.com\/index.php\/pojemniki-plastikowe\/butelki-pet\/typ-i-pojemnosc-butelki-pet__trashed\/butelka-typ-5-pet-33-400-60ml\/\">Butelka Typ 5 PET 33-400 60ml<\/a><\/h6><\/li><\/ul><\/div>\n\t\t\t\t<\/div>\n\t\t\t\t<\/div>\n\t\t\t\t\t\t<\/div>\n\t\t\t<\/div>\n\t\t<\/div>\n\t\t\t\t\t\t<\/div>\n\t\t\t<\/div>\n\t\t<\/section>\n\t\t\t\t<section class=\"elementor-element elementor-element-9535483 elementor-section-boxed elementor-section-height-default elementor-section-height-default elementor-section elementor-top-section\" data-id=\"9535483\" data-element_type=\"section\">\n\t\t\t\t\t\t<div class=\"elementor-container elementor-column-gap-default\">\n\t\t\t\t<div class=\"elementor-row\">\n\t\t\t\t<div class=\"elementor-element elementor-element-d0d6f0b elementor-column elementor-col-100 elementor-top-column\" data-id=\"d0d6f0b\" data-element_type=\"column\">\n\t\t\t<div class=\"elementor-column-wrap  elementor-element-populated\">\n\t\t\t\t\t<div class=\"elementor-widget-wrap\">\n\t\t\t\t<div class=\"elementor-element elementor-element-4313b44 elementor-widget elementor-widget-eael-image-accordion\" data-id=\"4313b44\" data-element_type=\"widget\" data-widget_type=\"eael-image-accordion.default\">\n\t\t\t\t<div class=\"elementor-widget-container\">\n\t\t\t<div class=\"eael-img-accordion\" data-img-accordion-id=\"4313b44\" data-img-accordion-type=\"on-hover\" id=\"eael-img-accordion-4313b44\"><a href=\"http:\/\/pepsyna.com\/index.php\/pojemniki-plastikowe\/butelki-pet\/\" target=\"_blank\"  style=\"background-image: url(http:\/\/pepsyna.com\/wp-content\/uploads\/2019\/11\/y1xyf9q0eo.jpg);\">\n\t\t            <div class=\"overlay\">\n\t\t              <div class=\"overlay-inner\">\n\t\t                <h2>BUTELKI PET<\/h2>\n\t\t                <p><\/p>\n\t\t              <\/div>\n\t\t            <\/div>\n\t\t          <\/a><a href=\"http:\/\/pepsyna.com\/index.php\/pojemniki-plastikowe\/sloiki-pet\/\"   style=\"background-image: url(http:\/\/pepsyna.com\/wp-content\/uploads\/2019\/12\/obraz-14.png);\">\n\t\t            <div class=\"overlay\">\n\t\t              <div class=\"overlay-inner\">\n\t\t                <h2>S\u0141OIKI PET<\/h2>\n\t\t                <p><\/p>\n\t\t              <\/div>\n\t\t            <\/div>\n\t\t          <\/a><a href=\"http:\/\/pepsyna.com\/index.php\/pojemniki-plastikowe\/sloiki\/\"   style=\"background-image: url(http:\/\/pepsyna.com\/wp-content\/uploads\/2019\/12\/obraz-3.png);\">\n\t\t            <div class=\"overlay\">\n\t\t              <div class=\"overlay-inner\">\n\t\t                <h2>S\u0141OIKI<\/h2>\n\t\t                <p><\/p>\n\t\t              <\/div>\n\t\t            <\/div>\n\t\t          <\/a><a href=\"http:\/\/pepsyna.com\/index.php\/pojemniki-plastikowe\/pudelka-apteczne\/\"   style=\"background-image: url(http:\/\/pepsyna.com\/wp-content\/uploads\/2019\/11\/siu1yvkrm1.jpg);\">\n\t\t            <div class=\"overlay\">\n\t\t              <div class=\"overlay-inner\">\n\t\t                <h2>PUDE\u0141KA APTECZNE<\/h2>\n\t\t                <p><\/p>\n\t\t              <\/div>\n\t\t            <\/div>\n\t\t          <\/a><a href=\"http:\/\/pepsyna.com\/index.php\/pojemniki-plastikowe\/miarki\/\"   style=\"background-image: url(http:\/\/pepsyna.com\/wp-content\/uploads\/2019\/11\/iwcwv6x52y.jpg);\">\n\t\t            <div class=\"overlay\">\n\t\t              <div class=\"overlay-inner\">\n\t\t                <h2>MIARKI<\/h2>\n\t\t                <p><\/p>\n\t\t              <\/div>\n\t\t            <\/div>\n\t\t          <\/a><a href=\"http:\/\/pepsyna.com\/index.php\/pojemniki-plastikowe\/zamkniecia\/\"   style=\"background-image: url(http:\/\/pepsyna.com\/wp-content\/uploads\/2019\/12\/zamkniecia.jpg);\">\n\t\t            <div class=\"overlay\">\n\t\t              <div class=\"overlay-inner\">\n\t\t                <h2>ZAMKNI\u0118CIA<\/h2>\n\t\t                <p><\/p>\n\t\t              <\/div>\n\t\t            <\/div>\n\t\t          <\/a><a href=\"http:\/\/pepsyna.com\/index.php\/pojemniki-plastikowe\/pojemniki-specjalne\/\"   style=\"background-image: url(http:\/\/pepsyna.com\/wp-content\/uploads\/2019\/12\/POJEMNIKI-SPECJALNE.jpg);\">\n\t\t            <div class=\"overlay\">\n\t\t              <div class=\"overlay-inner\">\n\t\t                <h2>POJEMNIKI SPECJALNE<\/h2>\n\t\t                <p><\/p>\n\t\t              <\/div>\n\t\t            <\/div>\n\t\t          <\/a><\/div><style>\n                  #eael-img-accordion-4313b44 a:hover {\n                    flex: 3;\n                  }\n                  #eael-img-accordion-4313b44 a:hover .overlay-inner * {\n                    opacity: 1;\n                    visibility: visible;\n                    transform: none;\n                    transition: all .3s .3s;\n                  }\n                <\/style>\t\t<\/div>\n\t\t\t\t<\/div>\n\t\t\t\t\t\t<\/div>\n\t\t\t<\/div>\n\t\t<\/div>\n\t\t\t\t\t\t<\/div>\n\t\t\t<\/div>\n\t\t<\/section>\n\t\t\t\t\t\t<\/div>\n\t\t\t<\/div>\n\t\t<\/div>\n\t\t","protected":false},"excerpt":{"rendered":"<p>Butelka Typ 5 PET 45-400 500ml ButelkaTyp 5 PET 45-400 400ml Butelka Typ 1 PET 24-415 300 ml Butelka Typ 1 PET 24-410 300 ml Butelka Typ 5 PET 45-400 300ml Butelka Typ 1 PET 24-415 250 ml Butelka Typ 1 PET 24-410 250 ml Butelka Typ 5 PET 45-400 250ml Butelka Typ 1 PET [&hellip;]<\/p>\n","protected":false},"author":1,"featured_media":0,"parent":32,"menu_order":1,"comment_status":"closed","ping_status":"closed","template":"","meta":[],"_links":{"self":[{"href":"https:\/\/pepsyna.com\/index.php\/wp-json\/wp\/v2\/pages\/438"}],"collection":[{"href":"https:\/\/pepsyna.com\/index.php\/wp-json\/wp\/v2\/pages"}],"about":[{"href":"https:\/\/pepsyna.com\/index.php\/wp-json\/wp\/v2\/types\/page"}],"author":[{"embeddable":true,"href":"https:\/\/pepsyna.com\/index.php\/wp-json\/wp\/v2\/users\/1"}],"replies":[{"embeddable":true,"href":"https:\/\/pepsyna.com\/index.php\/wp-json\/wp\/v2\/comments?post=438"}],"version-history":[{"count":10,"href":"https:\/\/pepsyna.com\/index.php\/wp-json\/wp\/v2\/pages\/438\/revisions"}],"predecessor-version":[{"id":1275,"href":"https:\/\/pepsyna.com\/index.php\/wp-json\/wp\/v2\/pages\/438\/revisions\/1275"}],"up":[{"embeddable":true,"href":"https:\/\/pepsyna.com\/index.php\/wp-json\/wp\/v2\/pages\/32"}],"wp:attachment":[{"href":"https:\/\/pepsyna.com\/index.php\/wp-json\/wp\/v2\/media?parent=438"}],"curies":[{"name":"wp","href":"https:\/\/api.w.org\/{rel}","templated":true}]}}