{"id":32,"date":"2019-11-22T13:21:11","date_gmt":"2019-11-22T13:21:11","guid":{"rendered":"http:\/\/pepsyna.com\/?page_id=32"},"modified":"2020-01-14T22:22:34","modified_gmt":"2020-01-14T22:22:34","slug":"pojemniki-plastikowe","status":"publish","type":"page","link":"https:\/\/pepsyna.com\/","title":{"rendered":"POJEMNIKI PLASTIKOWE"},"content":{"rendered":"\t\t<div data-elementor-type=\"wp-post\" data-elementor-id=\"32\" class=\"elementor elementor-32\" data-elementor-settings=\"[]\">\n\t\t\t<div class=\"elementor-inner\">\n\t\t\t\t<div class=\"elementor-section-wrap\">\n\t\t\t\t\t\t\t<section class=\"elementor-element elementor-element-59f75a5 elementor-section-boxed elementor-section-height-default elementor-section-height-default elementor-section elementor-top-section\" data-id=\"59f75a5\" data-element_type=\"section\">\n\t\t\t\t\t\t<div class=\"elementor-container elementor-column-gap-default\">\n\t\t\t\t<div class=\"elementor-row\">\n\t\t\t\t<div class=\"elementor-element elementor-element-289c80d elementor-column elementor-col-100 elementor-top-column\" data-id=\"289c80d\" data-element_type=\"column\">\n\t\t\t<div class=\"elementor-column-wrap  elementor-element-populated\">\n\t\t\t\t\t<div class=\"elementor-widget-wrap\">\n\t\t\t\t<div class=\"elementor-element elementor-element-ffab295 elementor-widget elementor-widget-eael-image-accordion\" data-id=\"ffab295\" data-element_type=\"widget\" data-widget_type=\"eael-image-accordion.default\">\n\t\t\t\t<div class=\"elementor-widget-container\">\n\t\t\t<div class=\"eael-img-accordion\" data-img-accordion-id=\"ffab295\" data-img-accordion-type=\"on-hover\" id=\"eael-img-accordion-ffab295\"><a href=\"http:\/\/pepsyna.com\/index.php\/pojemniki-plastikowe\/butelki-pet\/\" target=\"_blank\"  style=\"background-image: url(http:\/\/pepsyna.com\/wp-content\/uploads\/2019\/11\/y1xyf9q0eo.jpg);\">\n\t\t            <div class=\"overlay\">\n\t\t              <div class=\"overlay-inner\">\n\t\t                <h2>BUTELKI PET<\/h2>\n\t\t                <p><\/p>\n\t\t              <\/div>\n\t\t            <\/div>\n\t\t          <\/a><a href=\"http:\/\/pepsyna.com\/index.php\/pojemniki-plastikowe\/sloiki-pet\/\"   style=\"background-image: url(http:\/\/pepsyna.com\/wp-content\/uploads\/2019\/12\/obraz-14.png);\">\n\t\t            <div class=\"overlay\">\n\t\t              <div class=\"overlay-inner\">\n\t\t                <h2>S\u0141OIKI PET<\/h2>\n\t\t                <p><\/p>\n\t\t              <\/div>\n\t\t            <\/div>\n\t\t          <\/a><a href=\"http:\/\/pepsyna.com\/index.php\/pojemniki-plastikowe\/sloiki\/\"   style=\"background-image: url(http:\/\/pepsyna.com\/wp-content\/uploads\/2019\/12\/obraz-3.png);\">\n\t\t            <div class=\"overlay\">\n\t\t              <div class=\"overlay-inner\">\n\t\t                <h2>S\u0141OIKI<\/h2>\n\t\t                <p><\/p>\n\t\t              <\/div>\n\t\t            <\/div>\n\t\t          <\/a><a href=\"http:\/\/pepsyna.com\/index.php\/pojemniki-plastikowe\/pudelka-apteczne\/\"   style=\"background-image: url(http:\/\/pepsyna.com\/wp-content\/uploads\/2019\/11\/siu1yvkrm1.jpg);\">\n\t\t            <div class=\"overlay\">\n\t\t              <div class=\"overlay-inner\">\n\t\t                <h2>PUDE\u0141KA APTECZNE<\/h2>\n\t\t                <p><\/p>\n\t\t              <\/div>\n\t\t            <\/div>\n\t\t          <\/a><a href=\"http:\/\/pepsyna.com\/index.php\/pojemniki-plastikowe\/miarki\/\"   style=\"background-image: url(http:\/\/pepsyna.com\/wp-content\/uploads\/2019\/11\/iwcwv6x52y.jpg);\">\n\t\t            <div class=\"overlay\">\n\t\t              <div class=\"overlay-inner\">\n\t\t                <h2>MIARKI<\/h2>\n\t\t                <p><\/p>\n\t\t              <\/div>\n\t\t            <\/div>\n\t\t          <\/a><a href=\"http:\/\/pepsyna.com\/index.php\/pojemniki-plastikowe\/zamkniecia\/\"   style=\"background-image: url(http:\/\/pepsyna.com\/wp-content\/uploads\/2019\/12\/zamkniecia.jpg);\">\n\t\t            <div class=\"overlay\">\n\t\t              <div class=\"overlay-inner\">\n\t\t                <h2>ZAMKNI\u0118CIA<\/h2>\n\t\t                <p><\/p>\n\t\t              <\/div>\n\t\t            <\/div>\n\t\t          <\/a><a href=\"http:\/\/pepsyna.com\/index.php\/pojemniki-plastikowe\/pojemniki-specjalne\/\"   style=\"background-image: url(http:\/\/pepsyna.com\/wp-content\/uploads\/2019\/12\/POJEMNIKI-SPECJALNE.jpg);\">\n\t\t            <div class=\"overlay\">\n\t\t              <div class=\"overlay-inner\">\n\t\t                <h2>POJEMNIKI SPECJALNE<\/h2>\n\t\t                <p><\/p>\n\t\t              <\/div>\n\t\t            <\/div>\n\t\t          <\/a><\/div><style>\n                  #eael-img-accordion-ffab295 a:hover {\n                    flex: 3;\n                  }\n                  #eael-img-accordion-ffab295 a:hover .overlay-inner * {\n                    opacity: 1;\n                    visibility: visible;\n                    transform: none;\n                    transition: all .3s .3s;\n                  }\n                <\/style>\t\t<\/div>\n\t\t\t\t<\/div>\n\t\t\t\t\t\t<\/div>\n\t\t\t<\/div>\n\t\t<\/div>\n\t\t\t\t\t\t<\/div>\n\t\t\t<\/div>\n\t\t<\/section>\n\t\t\t\t\t\t<\/div>\n\t\t\t<\/div>\n\t\t<\/div>\n\t\t","protected":false},"excerpt":{"rendered":"<p>BUTELKI PET S\u0141OIKI PET S\u0141OIKI PUDE\u0141KA APTECZNE MIARKI ZAMKNI\u0118CIA POJEMNIKI SPECJALNE<\/p>\n","protected":false},"author":1,"featured_media":0,"parent":0,"menu_order":1,"comment_status":"closed","ping_status":"closed","template":"","meta":[],"_links":{"self":[{"href":"https:\/\/pepsyna.com\/index.php\/wp-json\/wp\/v2\/pages\/32"}],"collection":[{"href":"https:\/\/pepsyna.com\/index.php\/wp-json\/wp\/v2\/pages"}],"about":[{"href":"https:\/\/pepsyna.com\/index.php\/wp-json\/wp\/v2\/types\/page"}],"author":[{"embeddable":true,"href":"https:\/\/pepsyna.com\/index.php\/wp-json\/wp\/v2\/users\/1"}],"replies":[{"embeddable":true,"href":"https:\/\/pepsyna.com\/index.php\/wp-json\/wp\/v2\/comments?post=32"}],"version-history":[{"count":23,"href":"https:\/\/pepsyna.com\/index.php\/wp-json\/wp\/v2\/pages\/32\/revisions"}],"predecessor-version":[{"id":1277,"href":"https:\/\/pepsyna.com\/index.php\/wp-json\/wp\/v2\/pages\/32\/revisions\/1277"}],"wp:attachment":[{"href":"https:\/\/pepsyna.com\/index.php\/wp-json\/wp\/v2\/media?parent=32"}],"curies":[{"name":"wp","href":"https:\/\/api.w.org\/{rel}","templated":true}]}}