{"id":1194,"date":"2019-12-18T18:27:21","date_gmt":"2019-12-18T18:27:21","guid":{"rendered":"http:\/\/pepsyna.com\/?page_id=1194"},"modified":"2019-12-18T18:38:31","modified_gmt":"2019-12-18T18:38:31","slug":"pudelko-apteczne-typ-16-25ml","status":"publish","type":"page","link":"https:\/\/pepsyna.com\/index.php\/pojemniki-plastikowe\/pudelka-apteczne\/pudelko-apteczne-typ-16-25ml\/","title":{"rendered":"Pude\u0142ko apteczne Typ 16 25ml"},"content":{"rendered":"\t\t<div data-elementor-type=\"wp-page\" data-elementor-id=\"1194\" class=\"elementor elementor-1194\" data-elementor-settings=\"[]\">\n\t\t\t<div class=\"elementor-inner\">\n\t\t\t\t<div class=\"elementor-section-wrap\">\n\t\t\t\t\t\t\t<section class=\"elementor-element elementor-element-25797d65 elementor-section-boxed elementor-section-height-default elementor-section-height-default elementor-section elementor-top-section\" data-id=\"25797d65\" data-element_type=\"section\">\n\t\t\t\t\t\t<div class=\"elementor-container elementor-column-gap-default\">\n\t\t\t\t<div class=\"elementor-row\">\n\t\t\t\t<div class=\"elementor-element elementor-element-2aa16b5f elementor-column elementor-col-100 elementor-top-column\" data-id=\"2aa16b5f\" data-element_type=\"column\">\n\t\t\t<div class=\"elementor-column-wrap  elementor-element-populated\">\n\t\t\t\t\t<div class=\"elementor-widget-wrap\">\n\t\t\t\t<div class=\"elementor-element elementor-element-196a9adc elementor-widget elementor-widget-text-editor\" data-id=\"196a9adc\" data-element_type=\"widget\" data-widget_type=\"text-editor.default\">\n\t\t\t\t<div class=\"elementor-widget-container\">\n\t\t\t\t\t<div class=\"elementor-text-editor elementor-clearfix\"><p><!-- wp:paragraph --><\/p>\n<p><a href=\"blob:http:\/\/pepsyna.com\/3c231fec-3974-4493-a944-16f472745b00\"><img loading=\"lazy\" class=\"aligncenter\" title=\"Pude\u0142ko apteczne Typ 16 25ml\" src=\"data:image\/png;base64,iVBORw0KGgoAAAANSUhEUgAAAbkAAACPCAYAAABnAKUsAAAgAElEQVR4nO2d15biytZm8\/1fpkf\/4z\/blElbafDeSgLkPSbNrtNXX1+QERkIAdollBLUupgDCpBKEVqKmeEvyuUyklCpVFJRrVaJE6ZWqxEEQZwcF58lqbwTSqSjXq8TBEGcHCQ5giRHEMTZcvFZkso7oUQ6Go0GQRDEyVEYyeWdEVmTtWR+9\/wlCIKIgyT3SZDkiIP3sPlrrwRB7Obid2lOTJtRzWaTIDKj0Wqi1vq110Yr\/+sniKJCkiPJEQWASetXIMkRxG4+TXJ5V1lJckSRabTSkff1E0RRufgsCeWd0LS0Wi2CyIxmOx15Xz9BFBWSHEmOKAAkOYLIhovPklDeCU1Lu90miMxoddKR9\/UTRFH5NMnlnVCSHHHedFOS9\/UTRDaQ5EhyxFlAkiOIOC7OpTmv0+kQRGZ0u110u92N993uWg7NZnPj+06ng3Z7\/YcV+yNPPEb8DSP6h2b0mRKPj6PV6uyl2+1zOp0eOp0eRMmJaRX\/313PN\/t81x+x+\/Iy7hz0fBNZQZIjiISIsdbtdtHr9bhkxPfib9nzwSTWarXQ6XTQ6\/XQ7\/cxHA4xHA4xHo8xHo8hSRIkSYIsyxxFUTCZTPYym2l7keXJBpKkcMZjGaPRaAN2XYPBAIPBYCN9oqjFtMZJcF\/5cOgc9HwTx4AkRxAJiBbs4ue9Xm+j9iV+zmQ2Go0wHo8hy\/K7lGbQNA2GYcA0TVjGJrZp\/Sssy4FlejsxdAeG7kDXbI6mWms0A6qqQlVVzGYzznQ65TAJM6Iy7Pf76Pf7PM1RGYrlRDTver1e7veXOF8uzkUyh5pzCCINrDBmBTKLe\/E7VjMbj8dQFIWLTNd1uK67hed5HNd29uJY9l5EecVhmR5Mw+Uw6Rm6A8OwYJo2TNOEYRgcXdc5hyTIapSKokCWZUiStCHDXXkZlSJBHBuSHEEkoNNZNzGy5rt+v4\/BYIDRaARZlj9qZJYFx3HgeR6CIEAYhpjP5\/B9\/0NorgvHcWDbNizLWh9zQGKHanKiwJKwUbPTTRiGtVNwmqZtEZWe+DkTIJOeoihbtT+WhyQ5ImsuzkUycX8dEsSxaDab6PV6vJbGmhwNw4DjOAiCgBMVGpOaiG3bGxyque2X3P6myiixstPNLakxkSWpwYm\/i6vdRWt5u2RHEMeGJEcQCej3+7zGJsrJ8zzM5\/MtobFaGmsCFAUX11zpOS6Cd3zbgW878Cw7EY7FpOXtxDJ9DvvM0N13PiQXV1uLSi5OZHHiExG\/izZpjsdj3qe3i7zvP3G6kOQIIgHT6RSWZSEMQyyXS4RhCM\/z4Ps+wjDcKTDf9+H7\/lZNTqzNOZbNJRcVnGtacE3roORsXlPzY1\/XUnM+pKaxQSjrV9ZcuauZMu5zUYIfklM3XtejO2dbn08ms3cBrl9JckRWXHyWpPJO6Llz6oXEoetPm75fOQfrdxsOh7xvbbFY8D42cRDJPAgxD0KEfoDA8+G769qZ57hwbWfjfZKBJFGix\/FRlXw0pvOOB8uwYRkuTN2CqTswNBOm7vB\/x79+YGgmDM2ErhocdaptMZuonKkyw1SZYTbRMZuoUKfrY7SZCW2mw9Qd6KqB2UTHRJ5iIq+P09X1\/6nrOiRJ4nkvNmOmjY1jkHX8EtlBkjsT0j6keVOUQij6eyY5JrjVaoXlcon5fL7RDxd4\/l6Y5ETRidI6NLoyKsao5EQ5iYLSZvq7ZKy9aDM9VmBMXnGSE1nLzISuWtBVC4Zmc9aitaGrFrSZCXVqQJuZMLS1jB3Lha6bXHIs39n9yLuQPGZ8EZ8PSe5MSPuQ5k1RCiHx90xwTHLL5RLPz894fn7GcrnEYrHAYrHAcrnkMgv9gMNqd\/MghO96G8QJbx9b8+K25tWta3LrWtyauNpZUsRanK4aG+eNY10jdGAZLsc2PY74vW16cCwfrh3Ac0J4jg\/DsHZKjr3Pk6zjl8iOi8+SUN4JPXfY0PZd5H19aa8\/bfp+5RxMcqPRCGEYYrFYcMmxGt1qtVpLb77YYBHONxDlJ9bwmPT+reSiOJa7E9vcbpKMsu\/4KK7tbeA5PhxrE9cOtvCcEL47R+AtEPpLBN4CvjvnkpNlmee9OME8bWwcg6zjl8gOktyZkPYhzZuiFELR3zPJBUHAa3NMcKLk3l5e8fr8gpfVM56XKy46sTbH+uz2ye5XCDw\/sZB28SuS8xyfMw9WW4T+kjMPVliEz1jOX7Ccv2ARPiP0l\/CcEK7tbUiO5Tu7H3kXkseML+LzufgsCeWd0HOHNavtIu\/rS3v9adP3K8czwY1GI\/i+zyUnNlWyfrp\/Xt+46Jjk5kG4U2TRPrpDfXq7mkHnQfheU9xkHiz+FYEXbrDrfItwieV8heV8hdXiGc\/LFzwvX\/D6\/JPzsvqH87x822K1eMUifEbgLeA54XoKhGlvSG40GmEwWMslbWwcg6zjl8gOktyZkPYhzZsiFEJxx7A1J1lz5Wq1wmq14qMsWZ\/c83KF1WLJa3DRUZZx\/WmmbnCifWxR4kZaiqLcJSRGVFpxEhN\/L4pstXjGy+oVL6tXvD6\/4e3lH\/zz+hP\/vP7Ez7f\/4ufbf\/H28sEu2a0Wr1gtXrGcv2AerDaaK03ThqIoPO+Z5I4RG8cg6\/glsoMkdyakfUjzpgiFUNwxTHKHBp5EmyGjNTZD06GrGkebqRx1OsNUmexlNpliNplCnc6gTmf8WHY+NmCE9bGxASFsQMqh5krfDThxtTlRfmINjokvWlNjMouyCJ83mjIDb12LFCXH8p3dk7wLyWPFF5EPF+ciqbwz8hDRrUx2bW1S1PNnfX1pSfv\/R2OIxdVoNIIkSbzWxqQmSm4+\/xhgwvrdmOCiA0dYDY6JjkmLSWyqTDCRFUxkBYokQx5LkMfSxnvxs4msvIuQzVNThWH9+tYoyagIoxL0HH9DdkmbK+OaKJnsWPMkg0mONVe6tgfLcjCZTHj+s7UuPyN2jhE\/WZ8\/7+frlMsvklxBCvminz\/r68u7EImrQZyq5JjoSHIkuc+iyOUXSa4ghXzRz5\/19eVdiJyL5MTaHJsITpIjyeWdf3mWXxfnIpGik3cQEvthQhP\/PRwO+UanRZfceqmsaWyTpSg6khzxu0GSI8kRo4\/CVCxcT1Vy+2pzJDnid+PiXArpvCWWNv\/YliO\/Stbnz\/r60pL2\/98lOUmSoChK4SWnSLtrc+pUI8llHD9Znz\/v5+uUyy+SHEmOJPceP+Lv2T07Jckx0UUHoJDkso+frM+f9\/N1yuUXSY4kR5KLOQf77FQlF63NFV9yFkkux+vLOn0nIbm8C3GCyJPo5G+2biVfAWUeYDEPMA99hIEH33PguTZcx4LrWLAtA7ZlwDJ1mIYG09Bg6Cp0bbZm+oE2mUKbTKEqE85kLO3l0Dw5cbK4OFGcrUfJ1qCMTgZncmNiExFXSBEnh7+sXvm\/V4vnrWPmwQKhP4fvBnzdTNM0MZ1OMRyuR7aOx2O+g3je9544bUhyBJGAXQs0s3\/PQ58LLvBdLjjHNuHYJixTjxWcpk6hqdODkptK8n4ylhxb3kuEiWwXouDYMUx0oT9H4K232Vkv0GzwmhxJjjgmJDmCSIBt2wiCgC\/tJdbsmOSY4MRanGObvAbHJCfW4JJKbiYre8lacnHrWYq1N1Fu7N9xkmOfsUWhmeQ0TcNkMuFNlOPxelQrSY5Iy8WptNkSRJ5omgbHcbjUFosFwjDktTuxJheV3CHRJWmuPETWkosu5BztkxObKsUmSya1uJqc2Fw5m82gKMqW5CRJyv3eE6cNSY4gEjCZTGAYBjzPQxiGCMMQQRBw0Yn9cXG1OSY6sV\/O0FVO0SUXrdExwUXFtktyYp8cE5xjuXwH88lkwmttrLyQJImT9\/0nTpeLY52IJEecM4qiYDqdQtd12LYNz\/MQBAHnUHOlKLjY2lzBJRftixO33nl9fovtsxMHp7CaIGuidCwXpm5BVw2oU22nzEhyRFpIcgSRANZ0JssyVFWF4zgIggC+78N112IT5RYdSblrwIk6m0CdTQrfJxc3ulIkOtWACY1NR2Dnd20PtunA0EyoUw1TZQZFmvB8FoUm1ujyvv\/E6UKSI4gEyLLMR\/4pigLLsrjkbHt7JGVsv9u73NTZBLOpgtlUwXQiYzqRCy+56M7hosBEibFzMKGx8zNs04GpW9BmOhecNJK3hCaWGyQ5Ig1ccnn3yYnt73FkfXzeHLr+tOR9\/Xnn77HSyF51XYfv+5jP5\/A8D55rbyE2V0ZrcepsgulExkSRMFEkSINhLPJwBHk4Siw5cbWTuIWa47bf2QUTY1SQjuXyieNMeNE5cEyCTHambnGp2qYDbaZjIk8hjWSMh\/nH77k\/n3mnL8\/8IckVhCIHyTGuP+\/8PVYa2WtUcmzSd3TaQFwTZbQ2N5sqh\/vcDsyTE9euFFc92bUrQVR24uonYg1PrIGJn4srpHiOz1dR2QWTIxtsQpL7vdJHkkuQyVkfnzdFDpJjXH\/e+XusNLLXqORYU6VYc2Nim00VXmPbxaGa2iEJirW36OLMotjimjDjamxis2YSosuGic2hrB+OvWeSY02VJLnzT18hJJc3JLniBsln3L9TYJ\/korU4JjlWY5PGQ854NMB4NMBo2Mdo2Mdw0MOw+8Gg092CNVvuQhrJkEYy5LECeazwtSwZ4vdx61we+n6XKBnR\/r1o355Y+4tKThrJhY+fU38+804fSS5BJmd9fN4UOUg+4\/6dAvskF\/juxvQBNgDF0FVo6pQPMFHkMWRphPFogOGgh0G\/i36vg26zxek0mug0mmjXGxz22S5ajTbazQ6n0+pyuu3exvtep49+d4BBb4hBb4hhf4TRYIzRYLyuVcXIMjqYZdcCz2ITZhTWR2cZNtSpRpL7jdJXCMnlfZF5H583eed\/1tefd\/4eK43sNSo5tuKJuOqJOJWAvYrSU+Qxr9lJgyHG\/QHG\/QFGvf5WrU6UYByi1JjMmNB6nT6G\/RGXmSgyVmMTmzmZyHaNxmTCEldAEVdFiRt9yT6LSo7JtOjxc+rPZ97pyzN\/SHIFIe\/8z\/r6887fY6WRvcZJLroTAVuoWRxtGZUda84UpwzMZAVTScZkLEEZjRMR10wpDkQRmxmZvMQmRnFgiWt7W1vtJFnWi61wEl3lhM2jI8n9vunLM39IcgUh7\/zP+vrzzt9jpZG97qrJMclFV0CJrmEZnUdnzFQYM5XPkxNlN5XkRANPDg022TUohK1AIu4nF3ghF5q4OHN0seVdUov+jknSdwOS3G+Yvjzz52iSyzoT054\/7+s79SDL+\/4VBXatuq4jDEMsl0uEoY\/lYs1i7mEeupiHLsLA2eir8z2Hb6QqbqDKNlFlaDN1Y0NVdTrDVJlw2Aar4vdRmcU1NYpii9sgNcnOA9HdBxir1QtnuXzGcvmMxWLF8f0Qvh\/C8wJYloPZTIMsTyBJyjsUX\/T8ZQNJjiT3KZxL+vdLzstcckxwJLnzjC96\/o4PSY4k9ymcS\/rzlNwuwZHkzie+6Pk7PicjuaJDkvs94iMvye2uwanvkOTOIb7o+Ts+JLlPCiLKn\/NIf96SixccSe5c4ouev+NzMpKTZXkvWR+fNv2\/c5B9Rnx8Zjok6fMlt908+SG49TEkuXOIL3r+jg9JjiT3KZxL+osguajgSHLnE1\/0\/B0fkhxJ7lM4l\/QXSXKbx5DkziG+6Pk7Pp82GfyQZIpO3jcq7\/RT\/shQFIWnVVVVeJ6HxWKB+TzAahlgtfyYK8dkFwYeX+YrjeTEf0f755L0yYlb5MRtkJpWcs\/Pa6KSm8+XmM+XCII5gmAO1\/VhmvaG5GR5QvFFz19mkOQoiCh\/EkKSI8kVFcqf3ZDkKIgofxJCkiPJFRXKn91cUCZQEFH+JIMkR5IrKpQ\/uyHJURBR\/iSEJEeSKyqUP7u5+KxMyjuhFESUP2khyZHkigrlz25IchRElD8JIcmR5IoK5c9uSHIURJQ\/CTksuYAkR5Kj569gkOQKEiRp86\/oxxedJDGyW3JzLBchloswdtPUjcngkR3CTUODaWiwNJ1jqhpMVeMbqRozFdpkytGnM+jT2cb3umpsbIwqbo4q7gC+S3LRnb\/F3b+jxEmOyy6yOzg7Fzt\/3M7gijTJ\/f4fIz6yfL5O\/fnLM30kuTMJkqIfX3RIciS5tPFBkitm+khyZxIkRT++6JDkSHJp44MkV8z0keTOJEiKfnzRIcmR5NLGB0mumOkjyZ1JkBT9+KJDkiPJpY0Pklwx00eSO5MgKfrxRYckR5JLGx8kuWKmjyR3JkFS9OOLDkmOJJc2PkhyxUwfSe5MgqToxxcdkhxJLm18kOSKmb5Pk1zaTMj7+giCxeF4PMZ0OoXrupjP50eRnK0bsHVjS3JMaCJMbOx3pqrlLjn2GZMbExybWM7+H9f2YOoWZhMV8liBNJLXrwW4v8R5QpIjiISQ5EhyxOlBkiOIhJDkSHLE6fFpW+0QxKlDkiPJEacHSY4gEkKSI8kRp8fFeDzGeDzO\/ULYdewi7+sjCJIcSY44PUhyBJEQkhxJjjg9SHIEkRCSHEmOOD2oT44gEsD+0BqPxxiNRphOp3wy+GKx4JJjohNlNw\/9Ddl5rg3HNrnoLFM\/OBm86JJbrV74hqmLxYpvmBqGC4ThAr4fwvdDOI4Hw7AwnaqQJAXjsQxJIskR2UGSI4gEkORIcsRpQpIjiASQ5EhyxGlCkiOIBJDkSHLEaUKSI4gEkORIcsRpQpIjiASQ5EhyxGlCkiOIBJDkSHLEaUKSI4gEkORIcsRpcnFoEvapcCiheV8fcdqMRiMeR8PhEIqiwLbt9UTw5TK15NhkcDYhXJRdVHjsM1GMhmZywVmGzQUnyo0JzncDLjgmt8+QnOcFcBwPum5CUaYYjSQMh2OMRvR8EtlBkiOIBJDkSHLEaUKSI4gEkORIcsRpcjaSI4gsIcmR5IjThCRHEAkgyZHkiNPkbCQ3Go32kvf1EacNSY4kR5wmJDmCSABJjiRHnCYkOYJIAEmOJEecJheH5JCUvBNCZEva+3\/q8XVIcot5sCE6cQPVMPA4THSuY3HR2ZYBU\/\/A0HQYmg5d1RKTVnJsc1MmNyY4cTPUNJLzvAC+H8J1fRiGBUWZYjgcYzgcYzyWc4+PrP\/\/vOM77\/zNM30kOSJ1EJHkSHIkuWyfn6KnL29IckSmQfS7SI69Hw6HkGWZS26xWJDkSHKZPj9FT1\/e7JXccDjEMTiWLAmiiAyHQ\/4wMclZloUwDElyBZAccTh+f9fymyRHEAkQJTcYDEhyJLmT4ncuvy8GgwGOwbFkSRSTvB+ivNM\/GAz4dQwGA0iSBNM0EYbhusmSJJer5LKO76zj\/zPidx95X1+W948kR6QOot9Ncv1+n0suCAKSHEku8+fnGPFLkiPJEb8YRCQ5khxJLtvn5xjxS5LLmLwzgSDS0O\/3+fter4fhcAhN0+D7fqI+uehkcM+1uegc24RlfBCVXRJ2bZQqyi1uo1RRbuIk8OhEcFFocfwbyem6CVmegE0ElyQl9f2h8inb\/Mk6\/7K8NpIcQSSAiU18T5JLL7nhcEyS+wSKXr6T5AgiZ\/ZJLklzJUluU3KSpGAwGIE1V6a9P1Q+ZZs\/Jy25fr+Pz+CzZEoQWcDExt4PBgOoqkqS+xdrVzLJaZoBSVLQ7w8xGIwwGkmp7w+VT9nmT9b5l+W1keQIIgHdbnfrvaqq8DyPJPcLkhuPZfT7Q\/T7QwyH49T3h8qnbPPnpCXX6\/XwGXyWTAkiC5jYxPdMcmEYkuQSSs5xPC65Xm+AXm+AwWCU+v5Q+ZRt\/mSdf1leG0mOIBIgSq7T6aDf72M2m8F1XZLcL0huNJK45NY1unT3h8qnbPOHJEdBRJw53W6XvyfJpZOcquoYjSR0u310u32Q5LKn6OV7ppLrdrtIwmfJkCCKyGCwnjDb7\/fRbDbR7XYxm83ged56GoEgudVyjtVyviG76GRwJjvXseA6Fmzzg6jskrBrArgot7gJ4FGxiXJjk76jE7\/jeH5ew0THZDefLzGfL+G6PpedquoYDsdgA0+SNFfmff+J04UkRxAJYc2V7XYb\/X4fuq4jDMOt\/eRIctuScxwPQTCH5wWYzTQMh2Owpsr1K0mOyAaSHEH0eoninxW2THKqqiIIAqxWK5LcAcnZtstHV06nKgaDEXq9AbrdPjqd\/O8\/cb5cdDodJCGpDAniFEkS\/73eWobtdhvdbndz41SS3MGaHOuTi0qu1aLyhcgOkhxBdA9LToRJbjwew7IsqsklkBwbeGJZDhRlypspmeTa7fZe8o4P4nS5OBRcjH9TCBDEqXEo\/pvNJprNJlqtFjqd9R99o9EIlmXh9fWVJHdAcmzQia6bGA7H6HR66HR6aLe7aDbbaLVae8k7PojThSRHEJ3OwUK21Wqh0Whw2bH3iqLQ6MqEkmP9cZ1OD\/V6E41GC81mG\/V6k+frLvKOD+J0IckRROew5LrdLhddrVbD4+Mj7u\/v0Ww2MZlMSHIHJBcEc9i2C0lSUK83US5XUa3WUa83Ua3WSXJEZlwk+Qu21WolEiFBnCoszlktrdFooF6vo1arbVCpVPD09IQfP37g8vISf\/\/9N\/744w\/I0gi2ZeB5tcDrywrLRYjAd7FchHh7fd6SHJsQ7rk2fM\/ZkFyc6NYTvkWprb9nv2diEyeA75OcuEHqavG8Ibtdm6NGN099Wb3i9fkN\/7z+5IJbLFYbk7+DYI4gmEPXTbRaHdzd3ePxsfTeRNlBtVpHqVRBpVJBtVrl+Vyv1zdqznnHB3G6kOQIon1YcpXKuiAul8tccldXV\/jy5Qv++usvfPv6N+q1CkxDw8vzEm+vz1jMA7iOBcvUsZgHfAWUwHfhuTbfGdwydXiOC9d24Fg2bNOCqRvQVQ3aTIU6nW3V7KIrnsTtAL4PUXqBF27JjQmM8d9\/\/h9+vv0X\/7z+xNvLPxvfvT6\/wbIc+H6I1eoFb28\/8fb2E4vFii\/jVSpVcHNzh+\/fr3B3d49SqYJSqYKnpzJKpbXgmOSY4EhyxDEgyRFE+7DkSqUShzVV3tzc4PLyEt++fcP\/\/N\/\/gy9\/\/4mnx3v0um3Mpgpcx8JiHuD1ZQVDV2GZOhzbhO85CHyX1+7CwNtY1itaqxNrdrsQmymjtTnX9rjMRFizZejPt6QXbc6MW+6L\/XsRrvvclstnvLy8YbV6gev6kOUJ6vUm7u8f8fXrdy44JrbHxxJKpQpqtcZGbZkkRxyTi0Nt4eKoMoI4V8RYFyXHKJfLHFF0d3d3uL29xdXlN3z98hf+\/ON\/8fdff+Du9hrtVoPLbh76mIf+Rm3OsU0YugpNncY2RYpoMxW6qkFXNd50KQpRXLMyKjzHcrfkFl2zMrpWZbQfzncDhP5867dMcsvlM2+WHA7HqFbruLm5w5cv3\/Cf\/\/yJ6+tb3N8\/olKp8X64crnK\/83kFic4Kn+INJDkCKLV2hJcVHSsOY3Bmi6Z9J4e7\/Hj7gbXV9\/x\/dsXfP\/2BZffv+L7ty\/4+uUv9HsdjIZ9TBQJujaDbRlwHeujX871eJOl2FypTmdQpzMuOCa5Xc2Vu\/rkxO9YjU2UnFiriyPaLzcPFvDdALbpwNQt9PtDNJttPD6WcH19i2\/fLvH9+xWur295PxyrwTG5Vat1VKv1d9HVt\/Keyh\/iGFxEA2sXSWVIEKfIofgXa3VxNBs11GsVVMpPeHq8x\/2PW9xcX+Lb17\/x15\/\/wX\/+93\/w5e8\/cXN9iXLpEZ12E+PRANOJDE2dCrsJGO8DSWx4jgvf9bgAo\/12Yj9dnNjEvjfxu7gBKKyW57sBPMeHa3twLBe26cAybLi2B9t0oKsGFGmCfneAZr2FSqmKp4e12K6ubnB5eY3Ly2vc3Nzh4eGJ19QqlRoqlRrvh6vVGmi3u2i3u6jVqKwhsoMkRxDNw5LbJTv2eafdRKtZ56Irlx5RKT+hXqug1azj4f4OD\/d3+HF3g9ubK17j+\/b1b3z98hfq1Rqa9QY6rTYGvT7ksYTZZApd1XitLo6P2pzJEbfdOQT7rSg2y7BhaCa0mY7ZRMVsoqJRa6JWqaP8VMHDj0fcXt\/h6vs1vn+9xLcv33F3d4\/7+0fez8Zqauv+tjXNZhvNZvtdai2wrXbW8+XyjwHiPOGSa9YbaDZq7w\/t5mu9WXs\/oL712mo00WrknxCCSMO\/kVzcAIlqpYRGvYp2q4F2q4FGvYpqpYRy6RHl0iNKTw94erzH48MP3P+43eLy23dcfvuOq++XuL68ws3VNW6vb3B3c4u7m1vUKtUNEfa7PYwGQ8hjCYokQ5EmmMhTzlSZbaBIE8hjBdJIxngoYdgfYdAbot8doNfpo\/xUQemxjMf7J\/y4vcfN1e2GxG6ubjm313e4v3vA00MJ1XIN9WqDC41N8mYTvRnlchWtVgedTg+NRouLjs2Zy\/v+E+fLRb1eR6NWR7teQ7teQbNRQ7NRWQuuWUG9WUO1tX6tNz8+Z79bH1dDo7a\/OSdpIUIQ50h0vl3c\/DtxUMvDwwN+\/PjBB7ZcX1\/v5fLyci9XV1d7ubm5we3tLe7u7vDjxw\/c39\/j4eEBj4+PeHx85FModpE2fw4VVHnfv6Kn79D5DzW35339WXIh9ik0G5W14JqVd8GtqbYq76Jbw75nv282aqkzkSDOmUOSY89JrVbbGNjCpi08PT3t5eHhYS9MVrtg\/0+5XObiEueuHSJt\/pxyIVqE9JHkdnPBA7VRTQVJjiB2c3DgSqSwEL8TJbiLpBKl5\/P35ND9Txsfac+fJRfVahWVWhXleg2lRgXleg3lRgXVeg3VeuX9Ifl4ZZ+z35UaNZTrNVTr6R4ygvidyfo5+ZUC8d\/U1PLOPyJZfP0qWZ8\/S7jkSo0aHps1lBqNtbTeVyGoVxuoVz9ea7UGqvUayvXG+zHrV5IcQfw64hy8uGcn60KKwX7PmkxZs+mxzk\/kw28tuUqlgk7mMxgAAAERSURBVHK1godGHQ+NOp7qdZRq60majXIdzQiN8vq7Um39W3ZcpVbdmjC778ElCGI3n11I7RIdk92+Z5ue7+Jz6P6lvb9pz58lF+VyGaVKGY+1Gu7rNTxV15M266UaWk81tB9r6DysaT+uP6uX1r95qq6PeazVSHIEsYdfLUTY94fElLaQOiTVrCV37hLNO\/8OcWj0bNrj84RL7qm6lla5UkO1XEOj9CG43jtMdI3S+jfld9E9VUlyBLGPpIWI2EQoLht2rPMX9fks+vUVPX0kuT2SY29ub3+gVKqgWW+hVW2i8VBB\/a6E9n0Vg3ILw0obzbsyGj\/K6FVbaNdaePjxyFcVzzshaW8yBQlBEMT58f8B6MJ5KjJ\/wxMAAAAASUVORK5CYII=\" alt=\"Pude\u0142ko apteczne Typ 16 25ml\" width=\"441\" height=\"143\" \/><\/a><\/p>\n<h6>Pude\u0142ko apteczne Typ 16 25ml<\/h6>\n<p>\u00a0<\/p>\n<p><!-- \/wp:paragraph --><\/p><\/div>\n\t\t\t\t<\/div>\n\t\t\t\t<\/div>\n\t\t\t\t\t\t<\/div>\n\t\t\t<\/div>\n\t\t<\/div>\n\t\t\t\t\t\t<\/div>\n\t\t\t<\/div>\n\t\t<\/section>\n\t\t\t\t<section class=\"elementor-element elementor-element-3728f9f elementor-section-boxed elementor-section-height-default elementor-section-height-default elementor-section elementor-top-section\" data-id=\"3728f9f\" data-element_type=\"section\">\n\t\t\t\t\t\t<div class=\"elementor-container elementor-column-gap-default\">\n\t\t\t\t<div class=\"elementor-row\">\n\t\t\t\t<div class=\"elementor-element elementor-element-e5d68f7 elementor-column elementor-col-100 elementor-top-column\" data-id=\"e5d68f7\" data-element_type=\"column\">\n\t\t\t<div class=\"elementor-column-wrap  elementor-element-populated\">\n\t\t\t\t\t<div class=\"elementor-widget-wrap\">\n\t\t\t\t<div class=\"elementor-element elementor-element-be9fba0 elementor-widget elementor-widget-text-editor\" data-id=\"be9fba0\" data-element_type=\"widget\" data-widget_type=\"text-editor.default\">\n\t\t\t\t<div class=\"elementor-widget-container\">\n\t\t\t\t\t<div class=\"elementor-text-editor elementor-clearfix\"><table>\n<tbody>\n<tr>\n<th colspan=\"2\">Sp\u00f3d<\/th>\n<\/tr>\n<tr>\n<td>Materia\u0142:<\/td>\n<td>PP<\/td>\n<\/tr>\n<tr>\n<td>\u015arednica:<\/td>\n<td>30.80 mm<\/td>\n<\/tr>\n<tr>\n<td>Wysoko\u015b\u0107:<\/td>\n<td>40.20 mm<\/td>\n<\/tr>\n<tr>\n<td>Waga:<\/td>\n<td>4.20 g<\/td>\n<\/tr>\n<tr>\n<th colspan=\"2\">Nakr\u0119tka<\/th>\n<\/tr>\n<tr>\n<td>Materia\u0142:<\/td>\n<td>PP<\/td>\n<\/tr>\n<tr>\n<td>\u015arednica:<\/td>\n<td>34.40 mm<\/td>\n<\/tr>\n<tr>\n<td>Wysoko\u015b\u0107:<\/td>\n<td>7.20 mm<\/td>\n<\/tr>\n<tr>\n<td>Waga:<\/td>\n<td>1.40 g<\/td>\n<\/tr>\n<tr>\n<th colspan=\"2\">Komplet<\/th>\n<\/tr>\n<tr>\n<td>Pojemno\u015b\u0107:<\/td>\n<td>25 ml<\/td>\n<\/tr>\n<tr>\n<td>Pojemno\u015b\u0107 ca\u0142kowita<\/td>\n<td>26 ml<\/td>\n<\/tr>\n<tr>\n<td>Materia\u0142:<\/td>\n<td>PP\/PP<\/td>\n<\/tr>\n<tr>\n<td>Wysoko\u015b\u0107:<\/td>\n<td>41.50 mm<\/td>\n<\/tr>\n<tr>\n<td>\u015arednica:<\/td>\n<td>34.40 mm<\/td>\n<\/tr>\n<tr>\n<td>Waga:<\/td>\n<td>5.60 g<\/td>\n<\/tr>\n<\/tbody>\n<\/table>\n<p>Opakowanie jest przeznaczone m.in. do produkt\u00f3w kosmetycznych.<\/p>\n<h2>Pakowanie:<\/h2>\n<table id=\"_technic_table\">\n<thead>\n<tr>\n<th>Nazwa<\/th>\n<th>Pakowanie <small>szt.<\/small><\/th>\n<th>Wymiar kartonu <small>[mm]<\/small><\/th>\n<th>Masa kartonu<sup>*<\/sup>\u00a0<small>[kg]<\/small><\/th>\n<th>Ilo\u015b\u0107 karton\u00f3w na palecie <small>szt.<\/small><\/th>\n<th>Ilo\u015b\u0107 sztuk na palecie <small>szt.<\/small><\/th>\n<th>Pakowanie zgrzewka <small>szt.<\/small><\/th>\n<th>Ilo\u015b\u0107 na palecie <small>szt.<\/small><\/th>\n<\/tr>\n<\/thead>\n<tbody>\n<tr>\n<td>Sp\u00f3d<\/td>\n<td>1500<\/td>\n<td>580x380x360<\/td>\n<td>7.2<\/td>\n<td>20<\/td>\n<td>30000<\/td>\n<td>0<\/td>\n<td>0<\/td>\n<\/tr>\n<tr>\n<td>Nakr\u0119tka<\/td>\n<td>3000<\/td>\n<td>580x380x230<\/td>\n<td>5<\/td>\n<td>32<\/td>\n<td>96000<\/td>\n<td>\u00a0<\/td>\n<td>\u00a0<\/td>\n<\/tr>\n<\/tbody>\n<\/table>\n<p><small>*Podane warto\u015bci maj\u0105 charakter orientacyjny i nie mog\u0105 by\u0107 podstaw\u0105 do roszcze\u0144<\/small><\/p>\n<h2>Mo\u017cliwo\u015bci zadruku:<\/h2>\n<div class=\"hidden-lg\">\n<div class=\"_flex_table pl\">\n<div>\n<table>\n<thead>\n<tr>\n<th rowspan=\"2\">Nazwa detalu<\/th>\n<th colspan=\"3\">Pole zadruku &#8211; SITODRUK<\/th>\n<\/tr>\n<tr>\n<th>dno <small>[mm]<\/small><\/th>\n<th>obw\u00f3d <small>[mm]<\/small><\/th>\n<th>g\u00f3ra <small>[mm]<\/small><\/th>\n<\/tr>\n<\/thead>\n<tbody>\n<tr>\n<td>Sp\u00f3d<\/td>\n<td>x<\/td>\n<td>20 x 84<\/td>\n<td>x<\/td>\n<\/tr>\n<\/tbody>\n<\/table>\n<\/div>\n<div>\n<table>\n<thead>\n<tr>\n<th class=\"hidden-lg\" rowspan=\"2\">Nazwa detalu<\/th>\n<th colspan=\"3\">Pole zadruku &#8211; TAMPODRUK<\/th>\n<\/tr>\n<tr>\n<th>dno <small>[mm]<\/small><\/th>\n<th>obw\u00f3d <small>[mm]<\/small><\/th>\n<th>g\u00f3ra <small>[mm]<\/small><\/th>\n<\/tr>\n<\/thead>\n<tbody>\n<tr>\n<td class=\"hidden-lg\">Sp\u00f3d<\/td>\n<td>x<\/td>\n<td>x<\/td>\n<td>x<\/td>\n<\/tr>\n<\/tbody>\n<\/table>\n<\/div>\n<div>\n<table>\n<thead>\n<tr>\n<th class=\"hidden-lg\" rowspan=\"2\">Nazwa detalu<\/th>\n<th colspan=\"2\">Mo\u017cliwo\u015b\u0107 zastosowania HS <small>(wtop)<\/small><\/th>\n<\/tr>\n<tr>\n<th>na obwodzie<\/th>\n<th>na g\u00f3rze<\/th>\n<\/tr>\n<\/thead>\n<tbody>\n<tr>\n<td class=\"hidden-lg\">Sp\u00f3d<\/td>\n<td>**<\/td>\n<td>x<\/td>\n<\/tr>\n<\/tbody>\n<\/table>\n<\/div>\n<div>\n<table>\n<thead>\n<tr>\n<th class=\"hidden-lg\" rowspan=\"2\">Nazwa detalu<\/th>\n<th colspan=\"3\">Pole zadruku &#8211; ETYKIETA<\/th>\n<\/tr>\n<tr>\n<th>dno <small>[mm]<\/small><\/th>\n<th>obw\u00f3d <small>[mm]<\/small><\/th>\n<th>g\u00f3ra <small>[mm]<\/small><\/th>\n<\/tr>\n<\/thead>\n<tbody>\n<tr>\n<td class=\"hidden-lg\">Sp\u00f3d<\/td>\n<td>***<\/td>\n<td>***<\/td>\n<td>x<\/td>\n<\/tr>\n<\/tbody>\n<\/table>\n<\/div>\n<\/div>\n<\/div>\n<p><small>**Do ustalenia po otrzymaniu projektu<\/small><\/p>\n<p><small>x Brak mo\u017cliwo\u015bci zadruku<\/small><\/p>\n<p><small>Podane wymiary zadruku (mm) (wysoko\u015b\u0107 x d\u0142ugo\u015b\u0107)<\/small><\/p>\n<p><small>***Mo\u017cliwo\u015bci etykietowania okre\u015blone przez odbiorc\u0119<\/small><\/p><\/div>\n\t\t\t\t<\/div>\n\t\t\t\t<\/div>\n\t\t\t\t\t\t<\/div>\n\t\t\t<\/div>\n\t\t<\/div>\n\t\t\t\t\t\t<\/div>\n\t\t\t<\/div>\n\t\t<\/section>\n\t\t\t\t\t\t<\/div>\n\t\t\t<\/div>\n\t\t<\/div>\n\t\t","protected":false},"excerpt":{"rendered":"<p>Pude\u0142ko apteczne Typ 16 25ml \u00a0 Sp\u00f3d Materia\u0142: PP \u015arednica: 30.80 mm Wysoko\u015b\u0107: 40.20 mm Waga: 4.20 g Nakr\u0119tka Materia\u0142: PP \u015arednica: 34.40 mm Wysoko\u015b\u0107: 7.20 mm Waga: 1.40 g Komplet Pojemno\u015b\u0107: 25 ml Pojemno\u015b\u0107 ca\u0142kowita 26 ml Materia\u0142: PP\/PP Wysoko\u015b\u0107: 41.50 mm \u015arednica: 34.40 mm Waga: 5.60 g Opakowanie jest przeznaczone m.in. do produkt\u00f3w [&hellip;]<\/p>\n","protected":false},"author":1,"featured_media":0,"parent":446,"menu_order":57,"comment_status":"closed","ping_status":"closed","template":"","meta":[],"_links":{"self":[{"href":"https:\/\/pepsyna.com\/index.php\/wp-json\/wp\/v2\/pages\/1194"}],"collection":[{"href":"https:\/\/pepsyna.com\/index.php\/wp-json\/wp\/v2\/pages"}],"about":[{"href":"https:\/\/pepsyna.com\/index.php\/wp-json\/wp\/v2\/types\/page"}],"author":[{"embeddable":true,"href":"https:\/\/pepsyna.com\/index.php\/wp-json\/wp\/v2\/users\/1"}],"replies":[{"embeddable":true,"href":"https:\/\/pepsyna.com\/index.php\/wp-json\/wp\/v2\/comments?post=1194"}],"version-history":[{"count":4,"href":"https:\/\/pepsyna.com\/index.php\/wp-json\/wp\/v2\/pages\/1194\/revisions"}],"predecessor-version":[{"id":1198,"href":"https:\/\/pepsyna.com\/index.php\/wp-json\/wp\/v2\/pages\/1194\/revisions\/1198"}],"up":[{"embeddable":true,"href":"https:\/\/pepsyna.com\/index.php\/wp-json\/wp\/v2\/pages\/446"}],"wp:attachment":[{"href":"https:\/\/pepsyna.com\/index.php\/wp-json\/wp\/v2\/media?parent=1194"}],"curies":[{"name":"wp","href":"https:\/\/api.w.org\/{rel}","templated":true}]}}