{"id":1159,"date":"2019-12-18T17:27:03","date_gmt":"2019-12-18T17:27:03","guid":{"rendered":"http:\/\/pepsyna.com\/?page_id=1159"},"modified":"2020-01-07T16:35:42","modified_gmt":"2020-01-07T16:35:42","slug":"pudelko-apteczne-typ-11a-600ml","status":"publish","type":"page","link":"https:\/\/pepsyna.com\/index.php\/pojemniki-plastikowe\/pudelka-apteczne\/pudelko-apteczne-typ-11a-600ml\/","title":{"rendered":"Pude\u0142ko apteczne Typ 11A 600ml"},"content":{"rendered":"\t\t<div data-elementor-type=\"wp-page\" data-elementor-id=\"1159\" class=\"elementor elementor-1159\" data-elementor-settings=\"[]\">\n\t\t\t<div class=\"elementor-inner\">\n\t\t\t\t<div class=\"elementor-section-wrap\">\n\t\t\t\t\t\t\t<section class=\"elementor-element elementor-element-1f2ae0fd elementor-section-boxed elementor-section-height-default elementor-section-height-default elementor-section elementor-top-section\" data-id=\"1f2ae0fd\" data-element_type=\"section\">\n\t\t\t\t\t\t<div class=\"elementor-container elementor-column-gap-default\">\n\t\t\t\t<div class=\"elementor-row\">\n\t\t\t\t<div class=\"elementor-element elementor-element-31b76034 elementor-column elementor-col-100 elementor-top-column\" data-id=\"31b76034\" data-element_type=\"column\">\n\t\t\t<div class=\"elementor-column-wrap  elementor-element-populated\">\n\t\t\t\t\t<div class=\"elementor-widget-wrap\">\n\t\t\t\t<div class=\"elementor-element elementor-element-6d9131a5 elementor-widget elementor-widget-text-editor\" data-id=\"6d9131a5\" data-element_type=\"widget\" data-widget_type=\"text-editor.default\">\n\t\t\t\t<div class=\"elementor-widget-container\">\n\t\t\t\t\t<div class=\"elementor-text-editor elementor-clearfix\"><figure style=\"width: 524px\" class=\"wp-caption alignnone\"><a href=\"www.pepsyna.com\"><img loading=\"lazy\" title=\"Pude\u0142ko apteczne Typ 11A 600ml\" src=\"data:image\/png;base64,iVBORw0KGgoAAAANSUhEUgAAAgwAAADOCAYAAABSOVqZAAAgAElEQVR4nO2d6XabyLe3c\/\/Xcs56z+p\/p4cMnuLZkphnhGbJipNOn3MD+\/2g7EqpDEIY4QLr9+FZtmUJQVGwH3ZN7\/r9PlVhMBjUwjCMVmOaJgAAgDeIZVm10L3\/unl36IDe9hNeF9u2d1L38+C4Mc0BmeaALMsQ2LYp4P8X4br2TtRtOo5FjmOJ\/5dtX90fdTu6yw8AUEzd+AdhgDCAFuG6tgi+mwD8PDjvQhaNPPKCvCwML\/keWSh0lx8AoBgIA4QBvCleJgL7kpcxqIIsNPJ+QRgAaD+1heHQAV93wG4ax3F2Uvfz4LiRMwHyk7\/nOeR5DpU9+e\/bJLFP1iGPsu3rLj8AQDF14x+EAcIAWoQagFkUmLKA\/tKAz\/9Xv08lr9\/D9v4BANpKbWE4dMDXHbCbxnXdndT9PDh2tlP+pjkgw+iTYfRpMOiVZhiqyENes0eV\/hL5EqK7\/AAARdSNfxAGCANoEfLTuu+7z4jjcCfDYbKTJIkoSSLx\/igKKIoCCkOfwtCnIPB2Ir\/P9zf7K2cpdJcfAKAYCAOEAbwh0jSmLEtpPM5oNpvQcjmn9XpFT09r+vbtaylfvz7u5OlpTU9Pa\/H3er2i9XpFj49Lenxc0mIx28l4nNFoNKQsSylNY4qigILAE5Kju\/wAAMXUFobXDti6C8zzPNBifN\/fSdv3L28f1f\/5vk9hGFKSJJRlGU0mE5rNZjSfz+nbt6\/0\/fsT\/fjxnf799x\/6999\/6MeP7\/T9+xN9+\/Z1K+BzoF+tFrRaLWi5nD\/7e7mci78fH5fitSLm8ynN51PxufV6JUTj27ev9OPHd\/rnn29CTnib8\/mUZrMJZVlGw+GQkiShKIrI931yXZdse9NDu6hM+Ga2T\/kC0FXafv8ri58QBtAqdF8wh9g\/ub75vk9RFFGappRlGc3nc5rP57RYLGi5XNLj4yOt12v6+vUrff36lRaLmQjunAVgCVgsZjSbTWg2m9B0OqbpdEyTyUg89Y9GQ9H0kKaxaH5I0\/hZk0QRw2FCWZaKLMdkMqLpdCy+l8VisZgJSZD3ZTT6BctDmqaUpiklSVJYnkEQUBAE2m\/oADRJ2+9\/EAYIQ6fQfcHU3T8Oep7nURAEFMcxjUYjWiwW9Pj4KFitVrRcLmm5XNJisaDFYkHz+ZyyLKXRaCiCtSwE3AzA5PVF4N+5rwHD\/1Nfz4O3xZ+J43BLPhiWEBaMDRllWUaj0YjG4zFNJhOaTqc0m81oNptRHMcURdFWOXG5QRjAW6ft979SYXjtgN\/2Gz7QCweOItq+f2EYUhRFlCQJDYdDmkwmtFwuab1e09PTE02nU5pOpzSZTMRTOD99J0myFaDzxKCs02KRRPBnZRnYF1km8jpAbstKRHEcU5IkIqsyGo1oMpkIeRiPx5SmKYVh+OwmVVa+AHSZtt\/\/yuInhAG0Ct0XzCH2L4oiyrKMptOpaHrgLMJ4PKbxePwsZa8KQ54c8GvqyIi84F40uiFv5EXeKIx9hIGRP8\/lwOIUx7EQiCRJaDab0WQyoeFwSGEYku\/7W\/cF3Td0AJqk7fe\/UmF47YDf9hs+0EsYhjtp+\/45jkNBEIjsAgdIziRwyp5lQaWsj0FeEFebE9TgLv9v32GTRXKQJyYsC57nlJYPC1Icx1uvs1yUfR6ALtP2+19Z\/IQwgFah+4Kpu3+cVk\/TVKTiR6ORGDmQBz+Fb57En2cV5GzDrgDPTRK7Pl\/W\/KBmHMqE4Xkzxe7zxP+PokggZyF039ABaJK23\/8gDBCGTqH7gqm7f2EYUhzHQhi44x83RfCIAW6G4GD5K3j+ahJQOyzu6rS4q1miSoYhTxSqdJIsu9ZVSeBj53Or+4YOQJO0\/f5XKgxVA3qZELzGDVkn8pNRHnU\/D7qN2mlRHvUwHmdiVAGPelCf+ncF4ygKRPaA36sGdd6eLBr8mbzt5W1f3ob6Hbx2hCwVvu8Sz\/TIkzhxfwjeFs9CydIyHmfkeQ5lWUqOY4nsie7zB8Bbpm78gzBAGMABKRMGnuuA503IsnRLIuTX5BESRcKQJxdykJeHWu6TLZD7I8hTVPP2+O8w9LeOk0VjNBqK0R2yFCVJRFmW0i5h2ByD\/nMIwFvl1YWh6ZS\/biGAMIA6lAlDHIcimMpzLcxmE5rPp2KSpqLJkVShUOdESNNYCIIa0OUMwj7wttVj4Mmc5vMpLRazZ5M58dwR\/JMlh\/dNFobhMIEwAPBK1BaGtgV83QVahtz2mkfdz4Ous1sYoigQwsCywMLAszzK8BoPDAuELBHyTIzT6VhM9CQHdw7e8mfy4KmheXuqFPDaE\/L6E\/I01LPZREgNzzzJWQUumyDwaDQakuvaNBwmZNum1HSh+\/wB8HapG\/8gDBAGcFCqZRi4GYKDufwUz8gBnZ\/iOajz7\/ICUXLA52DPr5UtLpWX1SgSCllEZDijwRkPbu7gcglDn0ajITmORWkaQxgAeCVqC0PbAr7uAi2jaGhc3hC5l3wedJt9hUHu+Cj3YZAzBRyMedrl4TARr6tCIWcE5GCvBnh+XxGyMMhTU6vIoiNnMuQ+DLzfXCb8ep4wcHOF7vMHwFumbvyrLAy6n+B1U\/eE6K4woOkLsrxJgjsAyiLA7ynqv6CuKyGjLhIl9yHg1zh7ocqGiioYapNH0f84y8EjQfjYh8NNmXBTjCwMnFmAMADwOkAYIAygRZQJAw99lEdKyE0SKmoGIO9pX80yyIKR99ou5AyCvH15tUpeNXOzOuXwWbZBbpLg4ZI8siJPGCzLgDAA8ArUFoaqQtB0wG0aeeIcAA4NzzfAwxw5gEZRQNPpWAiDvBw1iwUHZjkQy30Y1D4NcraBswNyFoIlRBYGfi8LgCwJ\/HpR3wT+bs5+8OuqzLAwsCzJc02wQGRZupVh+DXqQ\/85BOBYKYufEAYADsixCcNoNBTfAWEAoNtAGCAM4BU5BmHgfgz83RAGAN4GpcJQVQi6HrDzVggE4FAcqzDwCIm6wqD7\/AFwzJTFTwgDAAfkrQsDf488QZM8pBLCAEB3KRWGqkLQ9YCdZRkAjXEMwsDv4WGh\/PohhEH3+QPgmCmLnxAGAA7IWxcGHhWRJwxZlkIYAOgwEAYIA3hFjk0YhsMEwgDAG6FUGF474OsukNFoBMCL4Xo8Ho9pNpvRZDKhJNlMiJKmqVhkKcvSrZkXsywV4sCTGsmoq1cWkbfQFIvBfD7dEgN5MigO9vtsfx\/U6aH59aKVL9UJrXhSJ16KmwWLyzFNU\/EQk2UZTadTms\/n2s8\/AG+ZsvgJYQCgIlmW0Xg8pul0SuPxWAjDcDgUMxpypkGdxlme+TFvLYm8mRzzRirIYqBmDdSZHmWRKBOBMqGQMxjcJCHLjjzdtbwEtywO6pLbQeBJ0rDpfB0EAXmeR67rUhiGQhp0n3sA3jIQBgXdJwR0m\/F4LH6fTCaUZdnWk7D8NK0+UXMwlZ\/080Sg7Mme31skDHI2QZWIusJQ9D71dVWIWBzkDAtPB81ZhiDwKIoiCsOQPM8jx3HIcRzyfZ\/SNKXJZKL9\/APwlikVhtcO+LoLZDweA\/BiOKvAdWk4HIrhyKPRr0A+HmeiGUKVCM48yFmA5XJOj49LWi7nO9HdJCHvCy+HLb+Wt9ImywFnFOSVLFkauI8DZxeCIBDyEIahEAbd5x+At0xZ\/IQwAFCB2WxG43G+MGTZr3UV5FUduXMji0Oaxs+EYbGY0ePjklarxU54VUienpkD+Xw+peVyXnt5a35\/EWX7VyYM6sJbcvYhTeOtZgi+ZrkzNq5fAJqlVBheO+DrLpDJZALAi+EMA9elLMtEu\/tGqjfBMC9Yy0\/5eSMfZBnYhfyEz9+xWMxotVqILAW\/j19brRbiPbso+255H9VMgywwec0SDPd74AyD3GQzGAxoMBiQ53nifsGZhuFwqP38A\/CWKYufEAYAKsL1aDab0Wg0EgFtM\/Q4Ev0W5P4K6lM8B1j5yf8lwsDblGVADuJ5ErGLfYUh73N8PHKGQ+2rwXIgN0XIWZder0f39\/dkWRYNh0MajUaiWWI0Gmk\/9wC8ZSAMEAZwQLge8TC\/8XhMcRxTEPCQwF9t9TxUUG6CYDlQA\/FqtaD1etX6JgkWhMfHJa3XK1qvV1t9L+Tvy0Pu0xEEHvm+S0Hgibkp+v0+3d\/fk2malKapEIY4jsUwVgBAM5QKQ9sCvu4CA3qZTqc70b1\/k8mvnvqTyfNREpx+V+ceUIdNyuIgNx08Pa3p6WlNX78+bgVkblaomyHYF3mbRcKi\/l\/OZLA0yH0ZsiwVIiXLAg9DTdOYDMOgfr9PlmWJoao8YVxZ3diHuvUPHDdN37\/qfr5pIAygVbT9gpnP52Jf5CYJzjDIPf\/D0JcmJApFhz9uqpAzA\/IT+y6qBPqXIPeJKJOHPOT+EvKslXLHxzD0yXVtsm2THMcSM2LO51OybZssyyLP80STBHe2ns1m2m\/44Lhp+v5V9\/NNA2EAraLtFwwLw2w2o9lsRlmWked5ZNs2ua77bH4BVRrkDn5y\/wY15b\/rCX8XdTMLRc0TRR0d1f4NcpOEOlKCyyaKAvJ9lxzHIte1KQx90WzjeR75vk9Jkogy5\/uOLGu6bvjguGn6\/lX3803zrm0BXXeFAHrhQFyE7v2bTH51epxOp5SmKTmOQ4ZhkGmaoini17wCwdYETvLsiPLUykxeu\/++0zXvO1PjPsjb3LUv6r7ycaizW8pNEvKcFEHgkeNYZBh96vXuyfd9MacFn28u77K6sQ916x84bpq+f9X9fNNAGECraPsFI18Hs9l2hmEzK6Er2F4j4VdfBrk\/Q9EICXU45r4TL5VNLb0PuyZyUte0ULMP6hBSdbZHOeMSBB65rk2DQY\/u7m7o6uoLua5LSZKIuqAKmu4bPjhumr5\/1f1807xrW0DXXSGAXubz+U50799sNhP1dLFY0GQyEX0YoigS7fKOY5HnOUIc5M593JeBMwrL5ZzW6xV9\/fqYOzRSHnVwqMWjdk09LUtDUUZBHV6p9mHglTOzLN1aM4KbI2zbJMPoU7\/\/QINBjwyjT5ZlkG3blKapON\/qfaesftStP3W3D942Td+\/6n6+aSAMoFW0\/YJZLpdiP+bzuRj25\/ubhZPk7AIjZx1YItQFqtSVKOU+BPITfFnALxs2WUZZs4TaXyFv3gV5WmwWBc9zRH8Fz3PItk0yzQFZlkGua4tVPnn+heVySYvFYkvO2nDDB8dN0\/evup9vGggDaBVtv2A4iHGqPEkScl1XLJKkrtLI\/RlYHDj7IOO6tkDtFCnPALmPMByqD4MsDLJQqEMm1REQ8rHkHassTGp\/higKyDRNyrKMHh8fablcijJfrVZC1nTe8MFx0\/T9q+7nm+aZMOgO+E0XWNsrlO4Ko\/v7u7B\/0+lUzL8QRRGlaUpZltFwOBSBj+cakDMJnJ6X4RQ9DzNkseAncsexyLIMMs0BmeZANHm4rk2e5zzrJ1G0UiZ\/vxyc1Q6Z8j7KQx8Z3hcV9T28b2o\/Dp7EikeQ8DHK72f5CoKARqMRLRYLkW14K\/UHtJdjrx9lxw9hgDB06oJpw\/5NJpOfS1knQha4M6ScVZA7+KlBWV58Su6sqK7sKKfzHcci0xyQYfTJMPo0GPSo33+gXu+eHh7utri\/v6W7uxu6vb2mm5srur6+pOvrS\/H71dUXur6+pLu7GxoMeuQ4lnjy50yIZRniuwyjXygssqzIoyTU4ZRqxoWPSxYfz\/PI8zwKgkBM1nTIc9uG+gPay7HXDwhDxe1DGNp9wejev\/l8LoSBRYHr\/Xw+J3lRJfVJXh1eKY+SUPst5I02GI2GIvDK00\/LGQkWC9s2RWZClgv+vde7p37\/gUxzQEHg0XCY0HQ63jmPBGcIVOmRR0zInSflsuDhprw9uV+H3BlUXtKaF\/Q61JDKNtQf0G6OvX6UCkPb+hA0HdABqMtoNBLrHHCd5dQ5B3o1WyCTN3mTvGJl0SRMZZM67Tt1NAd2njRquZzT16+P9P3707MhnbIM5KF2mlTnXlAzDGrmhSezYgHZrPg53FqfgydtAgDoBcIAQEU4oI3HY9G+zh3z8joFyoEzTxDklSbzJkiSmy7kSZ\/Up\/t9ZoB8SadJOQuS9155Dgd1BIX63jxpkptneI2O4XBIvu8\/68ug+9wDcMy8O3TAbloY+Ob8Upou0Ka\/v+7x192\/pr+\/7fs3n8\/F0y8LA9f7zf+fDzeUg6o8u+N0Ohay8PXr49bCU7yQk5wN4KwFB9o8dj3d5wVreVIleZEseQZKWR7UeRjkxbN4xc2i9STy9lWd6TLLMtHk43keua5LWZbRcrnckrOu1h\/Qbo69fkAYKhYIhKHdF4zu\/ZvNZhSGIXmeR6PRSAz9G4\/HP3\/mT3okZwjyZnvkwPv9+xN9+\/Z1a8VKeaXKXXMgVF2+umjK511LXfPKmbxY1tevj1uyozZpyGtJ8HoRKvL\/OXMzHA7FQlRpmopz3\/X6A9rNsdcPCEPFAoEwtPuC0b1\/s9mMfN8nx3EoyzJaLBbiiXiTSk+2ZIDFgYVBXZhJfsrOe4KXl75er1e5QTyv6YGf9p+e1vTt21f6559v9OPHd\/rx4zt9\/\/4kZpVkCeHvyZu9Ue4boS61rQpM2dwOxaIQ\/hxi6oslrU3TJMMwKEkSms02w1m7Xn9Auzn2+lEqDIcWgqYDcl04tVlE099fdsLK9q\/u59u+\/bZfsDyzo+u6olNekiSUJMnP5Zh3NwkU9T8oygSoKf8yeBlsfur\/\/v3pmSzIWQw5g7EP8nu5yWTXAlmqGMllwk0k24t1RWJopW3b1O\/3KYqin\/1Dmq9\/bUf39dv18m+6\/Jou\/7rbrxu\/IAwHLlAIQ73tt10YZrMZpWm6NWFTkiQURdFPfk2GxNM+c7NDUbpfbhYoGiVRNCqiSBjUpgx5lIS8Lbl5Yb1elW6\/aI2LopUt1UWofvVV2AiVPDx0M2mVL2bN9DyPTNOkOI5pudw0\/XQ9YNVF9\/Xb9fJvuvyaLv+624cwQBhaVSHrbr8LwsCSIPfo5\/kDeHZDnqxJnW9BzRjIKX75b\/Wpf19h4D4FauZAFoY8adhXGNShnirqd3GnTZYGWR7yJqdyXZds26YgCCgIArJtm5IkocVi0\/TT9YBVF93Xb9fLv+nya7r8627\/1YWh7Tf0pk+47v3rOl0vn8lkQkmSUBiGYi6GLMsoTdOf4vB8oiYemZCmscgu8AqV3GzATQfcVKB2eszLFuQhd0KU+y78++8\/9O+\/\/5R2qixDbZ6QZUPuBMnbVUd6FM1kyZNNcVMEZxgsy6IkSWi5fJ0Mg+76BfTSdmFo+vjKgDAcuEC7HhDbXmF17\/98PqckScQcAdyHgZsnWAzUoYwsENx\/gSdMkkcbcBAvGx2xC7lpgmXk33\/\/of\/93x\/0f\/\/3L\/348Z3++eeb6PgoB\/V9yBtKKUuDnCGRZYEzC2q\/BXnWx80U0QE5jiPEYTAYUBzHYjGqpuuf7voF9AJhOLAwtL1A2k7d8lutVjupu39Nb7\/p42+ax8dHyrJMPAH7vr8lDywK8nwJ8kgIeUSEPPSS\/1b7B6jzOJRNvKT2k1BniMxrMigaorlrYqeiPhlqHwZ5qWs505InDpt+DBthcF2XLMuifr9PcRzTer0+iDSU1T\/d9avu9df09dv0\/UV3+bVdGHSfXwjDKwNh6LYwrFYrIQwsCvz7Zv2DYGvKY3WYpToRkjxb4mg03Ara6kyK6iRHZahDGOVOh+q+yGtAvAR5X9VjYmFQMy\/qWhgbNpkFz\/PIcRwxrPK1Mgy661bd6093QGn79dv0\/QnCAGE4KBCGbgvDZDKhOI6FIPAICV4sKQg8sfKivF4CP1HLMyaqGYC8J371qT9v4iOZXdJQ9t6y96srbBZNI100rJI7OvIiVLyst7xIFk\/WxBJm2zalaUqr1Yr26bRct\/7prl91rz\/dAaXt12\/T96ejE4a6BdL1gABAGTzT40YQAjHEciMRzxdWUqdhzpvemQOyOupAFYh9+xoUsW9zxj4zReahzj2hLr6Vt8w1i8NmpU2HbNsWTRKGYdBoNKKnpyeaz+fazz0AxwyEAYCK1BGGoid8eSZEWSRkweDFq3ZRVwjKMgxFa1iox1d0DBAGALoLhAGAitQRhrzUvRyw85oHyoK0TJV+DXmogqJSpcki73shDAB0l3dt64Ogu0AAKKOOMOwa0aCS149BtxCUZSh2LX09HmcQBgA6DIQBgIocIsNQNDwxbwhjlSaHfUczNE2RwEAYAOgu7147oEMYQNepIwxFwbtovoPXDvh1hWPXkE55eCWEAYDuAWEAoCKHEIYiWSgaTnkoIajbB6JKhiNPGiAMAHQXCAMAFTlUk0SeJOzqMDgaDWs3SRwqg7DP5\/P2H8IAQHd5Jgy6d6iuUKAPBWiSx8dHiqKIfN+nOI4pDEOK45iGwyEFQfCiJomyaZi71iSR95o64+MuYfB9nyzLojAM6eHhgebzOa3Xa1yfANSkbvyDMLTs+EG7gTBAGADoKhCGip+HMIA6QBggDAB0lTcnDAC0GQgDhAGAYwXCAEAFIAwQBgCOldYJw+Pj407qfr7u9sFxA2GAMADQVerGPwgDhAFUAMIAYQCgq0AYKn4ewgDqAGGAMADQVQ4uDE3TdECvu33QLE1X+NdglzBEUSBkIUkiIQvqstZ5ojCZjHYu5NQFDiEMcRyTaZrkeR6Zpkmr1eog9w4AQD0gDOBVgTBAGCAMAHQTCAN4VSAMEAYIAwDd5F3b2lDK6EJAAS8\/f104vxAGCAMAxwiEAbwquuvPIYAwQBgAOEbe6d6BqnQhoICXn78unF8IA4QBgGMEwgBadf66cH4hDBAGAI4RCANo1fnrwvmFMEAYADhGIAwAVGSXMMRxKGSBg6M8cdNbFwaG91uWheEwKRUG13UpCAIhC77v02w2ExM36T73ABwzEAYAKgJhgDAAcIxAGACoCIQBwgDAMQJhAKAiEAYIAwDHCIQBgIpAGCAMABwjEAYAKgJhgDAAcIxAGACoCIQBwgDAMQJhAKAiEAYIAwDHCIQBgAqsVisKwzBXGDa\/7xYGNahOp+NcSShCtwiUUTZxU5JElCTRM2HwPIc8zyHXdcn3fXJdlyzLoiiKaLVa0dPTE4QBAM1AGACoAIQBwgDAsQJhAKACEAYIAwDHCoQBgApAGCAMABwrEAYAKgBhgDAAcKxAGACoAIQBwgDAsQJhAKACEAYIAwDHCoQBgApAGCAMABwrnRMGAHSyXq8pCAJyXZfSNKU4jimKIvE7B0QWBZaF0WhIo9Hw6IWBJYqlIQx9IQ0bcfDI8zxyHIccx6E4jmmxWNB6vdZ+7gE4diAMAFQAwgBhAOBYgTAAUAEIA4QBgGMFwgBABSAMEAYAjhUIAwAVgDBAGAA4ViAMAFQAwgBhAOBYgTAAUAEIA4QBgGMFwgBABSAMEAYAjhUIw4E59omlyo6\/aZo+vvV6Tb7vk+M4lCQJRVFEURTRcDikNP0VEOXJmkajIY3H2bNg+hJhqEvbhcF1XQrDkCzLItM0aTQa0Wq1EpM2db3+6Abl02z5dL38yvYfwvDKBa57\/3Qff9cvSAgDhKHLoHyaLZ+ulx+EoWUFrnv\/dB9\/1y9ICAOEocugfJotn66XH4ShZQWue\/90H3\/XL0gIA4Shy6B8mi2frpcfhKFlBa57\/3Qff9cvSAgDhKHLoHyaLZ+ulx+EoWUFrnv\/dB9\/1y9ICAOEocugfJotn66XH4ShZQWue\/90H3\/XL0gIA4Shy6B8mi2frpcfhKFlBa57\/3Qff9cvSAgDhKHLoHyaLZ+ul1+pMOi+wVctUN37B46bMmHgyZpUYTjUxE1tFwZVFFgWGC4bloYoCoQ0BMFm0qYwDMkwDDIMg8bjMa3Xa1oul7RcLrWffwCOGQgDABWAMEAYADhWIAwAVADCAGEA4FhpnTAA0GYgDBAGAI4VCAMAFYAwQBgAOFZaJwx8YyhC9\/6B4wbCAGEA4FiBMABQAQgDhAGAYwXCAEAFIAwQBgCOlXdlAfrQ6D7gt07by\/+169uhj3+xWFAQBOR5HsVxTFEUUZqmNBqNKI5jIQmyKHDgbMPETa8pFC8RhiAIyHEcchyHer0erVYrms1mrag7bah\/dbff9ePv+v2n60AY3hhtL3\/dFb7u\/kMYIAw661\/d7Xf9+Lt+\/+k6EIY3RtvLX3eFr7v\/EAYIg876V3f7XT\/+rt9\/ug6E4Y3R9vLXXeHr7j+EAcKgs\/7V3X7Xj7\/r95+uA2F4Y7S9\/HVX+Lr7D2GAMOisf3W33\/Xj7\/r9p+tAGN4YbS9\/3RW+7v5DGCAMOutf3e13\/fi7fv\/pOhCGN0bby193ha+7\/xAGCIPO+ld3+10\/\/q7ff7oOhOGN0fby113h6+4\/hAHCoLP+1d1+14+\/6\/efrvPqwrBYLHai+4TX\/f6y42v7\/usun6Y5xA0nDEPyfZ+SJKE4jmk4HNJ4PKYkSbaC4y5JaCt1JSFvW7IwsUyxNMRxKKQhDH3y\/Q2GYZBt20IWZrPZQc5\/168\/3ddP28v\/rZef7vMDYTjwBa\/7goEw1KtfEAYIQ5uvP93XT9vL\/62Xn+7zA2E48AWv+4KBMNSrXxAGCEObrz\/d10\/by\/+tl5\/u8\/NO9w62rUI1XSF1759u3kL9gjB0VxjaXr90779uUD7tBsLwygFR9\/7p5i3ULwgDhKGp+qV7\/3WD8mk37+bzOb0mTVeopi\/Ypj+ve\/91l0\/bgTB0Wxh039\/Kro+m75+6KTu+uuXz1stP9\/mBMEAYWlU+bQfCAGGAMDRX\/hCGdp8fCAOEoVXl03YgDBAGCENz5Q9haPf5eSYMdTeo+4Q1\/f1d3z6of36CIBDCwBM3TSYTGg6HpcIgT9KUR9eFQSZv4iaGpSFJIiENUbSZECsIArJtm1zXpel0SsvlkqbT6V7XR9epe39o+\/7pvv\/pLj\/d52c2m+2kbPsQhqPeyKIAABC+SURBVCPbPqh\/fiAMEAZdN\/yu75\/u+5\/u8tN9fiAMLatwbd8+qH9+IAwQBl03\/K7vn+77n+7y031+agtD1Q8AcOxAGCAMAHSRMmEoA8IAQEUgDBAGALpIbWGYTqckUzdl0fQO192\/Y98+qH9+IAwQBl039K7vn+77n+7y031+ylB9QAXCcGTbB\/XPD4QBwqDrht\/1\/dN9\/9NdfrrPTxkQhleucG3fPqh\/fiAMEAZdN\/yu75\/u+5\/u8tN9fso4uDAAcMxMJhOK45h836coimg4HApGo+1JijhwygG57cJQVyjy3iuXSZkwRFFEtm2TaZoUhiGNx2PcnwDYk7KAXxcIAwAVgDBAGABoKxAGAFoEhAHCAEBbaVwYJpMJyTT9hQB0GQiDXmEAABSjxvNDA2EAoAIQBggDAG2lcWEYj8ck0\/QXAtB1IAz6hEH3uQegzajx\/NBAGACoCIQBwgBAG4EwANAyIAwQBgDayKsLQ110FxgATTIajSiKIvJ9n+I4pizLKMuyNyMMdSdr2lcYZGlI01hIQxiG5DgO2bZNURT9LNPNfWU2m2k\/\/wA0SdMBH8IAwCsCYdAnDMgwgLeObiGAMABwQCAMzQpDFEW5wjAejyEM4M2jWwhKhWE0GtEh0X1AADQJhKF5YXBdlxzHyRUG3ecfgCY5dDw+NBAGACowgjA0KgxxHG8JQ5Zl4t7ShScwAOqgWwjKeMc3vEOh+4AAaBoIQ7PC4HlerjB04YYKQB0OHY8PDYQBgIpAGJoThiRJyPM8cl0XwgCODt1CAGEA4MBAGF5fGLIsgzCAN49uISgVBnnimUOg+4AAaIrRaERhGFIURRRFEcVxTGmaUpZtgtmmjR3CUEcYwjAk3\/fJ8zwxOVaapuL+kqbp1t+454AqNB3fDh1PXxu+voqAMAAgUVaHZVlIkkQIw2jEHX4hDHWEIQgCkWHwPI+CIBBipoL7DqgKhAHCAMDBKKvfLAuyMHC930gDhKGOMPi+L0ZJOI4jsgxymXO5QxxAVSAMNYWh7A1V0X3AANRBrc8coBg1uzAcbt9EIAyHaZJwXZdc1yXf9581A8nnA\/cfUIWm49uh4+lro97vVCAMAEioFw4\/2XLA4uCVJAkNh8+fOCAM9YQhjmPRLMFNElzmYRiK86FmHGSBA6AICENNYSh7Q1V0HzAAdcgThTAMKQxDCoJAPPHGcUzD4fBZL2cIQz1h4CwOd3xkYeDyZ3GTmymKmioAUGk6vh06nr42qpCrQBgAkMiTBRYFTpXLS1v\/6uzIQBjqCkMYhlsdH7nsPc8T8lAkDrrrD2g3EAYIAwAHY5cseJ5Htm2T53lCGHg45a\/FYyAMh2iS4I6PLA3cp4GFoUgadNcf0G4gDDWFQb7oVFtvAt0FAo6bvDqoNj3IosCBy7Ztsm2bTNMk27bFxE2cZZhMePnl58GzTBIOSRU54M\/M51Oaz6e0WMxKt38IYZB\/Z2H4RUq+75NpmjQYDISgua5LlmUJceDMA4tD0\/ctAN4CaryvCoQBHBVqPZQvJFkW5PkAZGEwDEMErjAMKU3TrRnaioLnoQJ+WcDeJ+DvkoYqQrDvvsrCIMtClqXE2YU4DilJIrFa5WAwoH6\/T5ZlifI3TfOZMMj9GnTfjAFoOxAGACqg1kO+iFRZ4CYI13WFLFiWRYZh0GAwIMMwyHVdiuNYjL9OkmRngD10hmBX1mCfDEHe55po3lCbafJkYbO09UbSTNOkXq9HDw8PNBgMyLIsUfbcTMF9SeRRFJAGAHZTWxjkNKzaLtgEugsMHDd5dVDur6DKAj\/dWpZFpmmKYHZ\/f0+DwYA8z6M0TZ8Nq6ybaWhKKF6aLdg3w7FPhoFlIUmiLeI4JMMwRPne399Tr9cjwzCEqNm2vdW3IU8aAAD5qPG+KhAGcFSo9VC+kMpkwTAMMk2THh4e6Obmhm5ubmgwGFAYhjQajWg2m+V2eqzSn2GxmO0kL71f9J0vaVIo234VoSnqwyD3W+COj0kSURj6dH9\/T3d3d3R7e0u3t7f08PBA\/X6fBoOByDZAGgB4GbWFgZ+qmLobLEN3gQGgktdvgZsiZFlgHh4e6Pr6mi4vL+n29pZM06Q4jmkymWx16ssL4HWFgfsaFFEmBPJ78wJ92fbL9q+KMAyHicg2BIFHtm3S9fU1XV9f083NDd3e3oosAzcDcfOELA08iuU17l8AdBk13lcFwgCOirw6yBeSPCWxnF2QU+IPDw\/08PBAd3d3dHV1RV++fKGbmxsyTZPCMBRDBoukoW6TRF2hWC7nue\/fd\/t1Mwxyk8RwmNBwmFAY+jQY9Oj6+pK+fPlCl5eXdH19\/UwYuEmIpUHNMvCoCQBAPhAGACqQVwf5QsoTBs4ucEqc0+ScZTg7O6OzszO6vb0lwzC25hl4iTCUNSnI289juZzvZLVaiN\/zJKNs+2Xs2+mRZSFJInJdm25urujk5BNdXFyUCgNLg23bEAYAKlBbGPhC25e6XwiATvIuHrl+8yqJ6qiIfr9P\/X6f7u7u6O7ujm5ubkSG4fz8nE5PT+nk5IRs26Qg8Gg4TLYmKBqNhkIYOJjKQVTt36A++aufKWJ7ToPq1J24qUwo5H4LQeCJzMLFxRldXJztzDCoWQZVGHTXLQDqUjUevzYQBnBU5Jl2FWHgTnmqMJydndHp6Sl9+XJODw935PsuZVma2ylRnQWSBUHtAyA\/qXP7f1nALhOKup0m8zIoMkX7nWWpgPssGEafbm+v6eLijM7OTujs7IQuLy\/p6uoqVxi40+muDIPu+gVAHXQLAYQBAIldslBFGG5vb0XHx4uLCyENHz78Refnp3R\/f0uWZVAQeJQkEWVZuhVw86ZLZsHIyzjsO6yxLmVCkScE6jGo0z\/zfAth6FMUBeQ4Fj083NHV1ReRWWBYFm5ubuju7m5rlESeMMj9GHixKgC6im4hKBUGvtD2RfcOA1CHoouT63eZMDw8PDzLMlxebjrrXVxc0NnZCZ2efqbT0890fn5K19eXNBj0yPddStN4Swg46HKbfpJEYuQAS4U6FLIsoNftg7BvHwXeb3k9iCSJtkY\/8DFFUUC+75Lr2tTr3dP19aUop\/PzU7q6+kLX15c\/f26PkNhXGNRMAwBdpGo8fm0gDOCo2CUL+woDS8Pt7e2WNGza3jft8Z8\/f6SPH\/+mz58\/0sXFGd3cXNHDwx0FgUdRFFCaxiIAc5PEbDZ59oQuB2UOxLvg972Uffog7EIeOhnHIfFwycGgR73ePX35ck5nZyd0cvLpZxPEBd3cXNH19SVdXl6I+Rc4uyA3R6jCIEuDOsQSgC6iWwhKhYHtfF907zAAddh1gfLoiF3C0Ov1xLTF3DRxc3ND19fXdHV1RVdXX+jy8mIrzX52dkKfPn2gv\/\/+k05PPwuBGAx65HkOJUkk0v15nR15KOI+QlAmFHVhMZC\/T25mCUOffN8l2zap33+g29vrLUn41bnxXGQWWBYuLs5Ep1Luu5CXXVCFgXEcR3v9AqAOVePxawNhAEfFLlnYRxhYGuSmCZaGTbZhIwwcDG9urujy8oI+f\/5If\/31B71\/\/x\/688\/39OHDX3Ry8om+fDmn29tr6vXuaTDoURB4FIY+xXEoRhTIfR6aFoay7bMwcJ8EbmpwHIts26Tb22uRZTk9\/SwyLR8\/\/k2fPn0QonB7ey3gDMPNzZWYEpqzC2XCoEqD7voFQB10C0FlYfAclzzX\/vn39k\/H4wvSefbTdz3yXf0FDsAu8oRBrv\/7CkORNNzd3fycgOicLi8vRCC8uvpCX76c0\/n56VYg\/fDhL\/rw4S8RUE9OPom+D73evRimKQvEPhmAl1ImDGHok+c5ZFkGPTzc0eXlBZ2cfKIPH\/6iP\/98L47t06cPW8fDksC\/391tyoqlode7J8PoF8rCLmGQpUF3\/QKgDrqFoFQYtlJ6lk2+bZFvG+Q6FrmOQY5jkeMaZLsWmd7mp+3+ep3ft\/mcRa7tiJvuS6h7QLpPeN0K0fUKpZs6dc9xnK0gxMFJnhZanvUxTx4YTq3L6yLc3t7+bLb41efhy5cvW\/B8DicnJ\/T582f69OkTffz4kT58+EAfPnwQ8xTc3NyIBbB4uW3P27+PkVyX5OW7+Zju7u7o+vqaLi4u6PT0dGs\/Pn78SJ8+faKTkxM6PT2l8\/Nzuri4oIuLC3F8PNpBnuqZ91nOIjByObIsFHV2VCWh7jkH4FiQ4\/1LeKe+wALgOgY5rvFTFjaYnvFTGjbw\/\/n9rmPVPiAIA4ShK8IgS4PcGTJPHFgYOHByvwdGDrKyVPDoi\/Pzczo\/Pxcy8enTJ\/rw4QP9\/fff9Oeff9L79+\/p\/fv39Pvvv+\/kt99+o99++43+85\/\/iNfev39Pf\/zxB\/3xxx9CBj5\/\/ixkgCXl6uqKLi4utv6WRzXIxydLkixPu2RBpii7UNQUoftGDEAXOLgwbDIIL6fuAekOOKDb1K1\/LxUG+Qk5Tx7UgFkkFPJn5f9xIJbfy3IhZypYKMo4PT0V01rLGQJGlgJZAtRjUIP+PhmEPFGQm3zU7EKRMEAaAKhGbWHYukHaFhmOTQPXJMOxyXBNshybLMf8+YFfP\/l1ft\/AtclwbLKcejuku0BBt6l7QewrDKo0qOKgBkgOorv+x0F2nwyFHLzloCsH5Dx4n\/OyI\/L\/+X95y00XSVGeQKgykJdJkAVBXso6r+9CWaYBAFCMKtxVeSYMA9emnmfTwHU3AmBvlvl1LJcc69dP23bJcmwyHPfnZzY\/IQxAJ4e8oPYVBjnI7iMRZdkItQ+EHLDzMg9yM4b6OZWyDEaekORlCIr2NS+DoAqDKgkqajnnCQOkAYDq1BYG+QI0LJMeXIceXIf6jkMD2yHLcsg1HPIUXGPzv4G9eS9\/zrTr7ZDuAgXdpu4FUUUY8sQh77W8dHueNOyDvE95YpL3XTLqsEW5vwCvxin3O1DfWyY+ZcKQJwpF5ZonCWWjJQAAxRTJ9748EwYO\/rIsBAOHwr5DUW9D2N+8JksDS4ZuYdB9QuoeX9Pl89Zp4uIqE4a8IFeUhciTiLK2fJmygK5mKlTUzohqX4Ndo0B4muYiBoNB7rEUlcE+WYQ8YYA0APAyDi4MA3sjAKblkG1usgksC8lPWBo8Y\/Me86c0DGwIQ93ja7p83jpNXFwvEQb1c3lBskgeyoKy2v9AbhooEw5VCIpGeRRlIMqEIG9fy8qhyg0r73O6r2kAukJtYVBveHd3D2QYFvluQL7lkftgkn3TJ\/\/OpGTgUTLwyLnuk33Tp9jyKbB96j8M6P6+R6Zp194hAHRSRQ7yKAvYRU\/bu5ovukTZ8ZVRRcgAeG3q3h\/aTtn1+UwYhklKnmVT\/7ZH\/bt78gyHEtujYOCQdftAxvUDeT2DYssnz7DI6pnkGCYFtk+hH2g\/oQDUAcIAYQCgCN0BvVXCYA4Mur++of7dLZm9PplGn8yBQYbRJ9M0yXJMuu89kGn+7CB1c0W9+wcKXYdc06Lriy9kGfpPKgAvBcIAYQCgCN0BXbswPHvx\/o4ss0eua9PA6dPVww2d3J3T+eCGLt176iUu9YcO3XsGXfev6bZ\/R65nUhh45DrWT8EAoJvUDXi6A3bXqSsUADRJ3ftD2ym7PhVh6JHrmXTfv6bz23O6MK7oNrXofuHTxcSmv+I7+n\/WOf3uXdJp1KML\/57+vv5M\/\/37f9H\/\/Pbf9PHTn2QYfa0nFIA6QBggDAAUoTug6xaG\/w\/sAJuEQ3zozwAAAABJRU5ErkJggg==\" alt=\"Pude\u0142ko apteczne Typ 11A 600ml\" width=\"524\" height=\"206\" \/><\/a><figcaption class=\"wp-caption-text\">Pude\u0142ko apteczne Typ 11A 600ml<\/figcaption><\/figure>\n<h5>Dost\u0119pne przek\u0142adki dla tego produktu<\/h5>\n<h6>Przek\u0142adka uszczelniaj\u0105ca &#8220;EPE&#8221; <img loading=\"lazy\" class=\"\" src=\"https:\/\/www.polipack.com.pl\/images\/products\/789-263-separator.jpg\" alt=\"Przek\u0142adka uszczelniaj\u0105ca \" width=\"92\" height=\"92\" \/><\/h6>\n<p>\u00a0<\/p>\n<p>\u00a0<\/p><\/div>\n\t\t\t\t<\/div>\n\t\t\t\t<\/div>\n\t\t\t\t\t\t<\/div>\n\t\t\t<\/div>\n\t\t<\/div>\n\t\t\t\t\t\t<\/div>\n\t\t\t<\/div>\n\t\t<\/section>\n\t\t\t\t<section class=\"elementor-element elementor-element-23e7a6b elementor-section-boxed elementor-section-height-default elementor-section-height-default elementor-section elementor-top-section\" data-id=\"23e7a6b\" data-element_type=\"section\">\n\t\t\t\t\t\t<div class=\"elementor-container elementor-column-gap-default\">\n\t\t\t\t<div class=\"elementor-row\">\n\t\t\t\t<div class=\"elementor-element elementor-element-c4f9185 elementor-column elementor-col-100 elementor-top-column\" data-id=\"c4f9185\" data-element_type=\"column\">\n\t\t\t<div class=\"elementor-column-wrap  elementor-element-populated\">\n\t\t\t\t\t<div class=\"elementor-widget-wrap\">\n\t\t\t\t<div class=\"elementor-element elementor-element-fa98ecb elementor-widget elementor-widget-text-editor\" data-id=\"fa98ecb\" data-element_type=\"widget\" data-widget_type=\"text-editor.default\">\n\t\t\t\t<div class=\"elementor-widget-container\">\n\t\t\t\t\t<div class=\"elementor-text-editor elementor-clearfix\"><table>\n<tbody>\n<tr>\n<th colspan=\"2\">Sp\u00f3d<\/th>\n<\/tr>\n<tr>\n<td>Materia\u0142:<\/td>\n<td>PE<\/td>\n<\/tr>\n<tr>\n<td>\u015arednica:<\/td>\n<td>81.00 mm<\/td>\n<\/tr>\n<tr>\n<td>Wysoko\u015b\u0107:<\/td>\n<td>145.50 mm<\/td>\n<\/tr>\n<tr>\n<td>Waga:<\/td>\n<td>38.70 g<\/td>\n<\/tr>\n<tr>\n<th colspan=\"2\">Nakr\u0119tka<\/th>\n<\/tr>\n<tr>\n<td>Materia\u0142:<\/td>\n<td>PE<\/td>\n<\/tr>\n<tr>\n<td>\u015arednica:<\/td>\n<td>72.00 mm<\/td>\n<\/tr>\n<tr>\n<td>Wysoko\u015b\u0107:<\/td>\n<td>24.60 mm<\/td>\n<\/tr>\n<tr>\n<td>Waga:<\/td>\n<td>13.50 g<\/td>\n<\/tr>\n<tr>\n<th colspan=\"2\">Komplet<\/th>\n<\/tr>\n<tr>\n<td>Pojemno\u015b\u0107:<\/td>\n<td>600 ml<\/td>\n<\/tr>\n<tr>\n<td>Pojemno\u015b\u0107 ca\u0142kowita<\/td>\n<td>635 ml<\/td>\n<\/tr>\n<tr>\n<td>Materia\u0142:<\/td>\n<td>PE\/PE<\/td>\n<\/tr>\n<tr>\n<td>Wysoko\u015b\u0107:<\/td>\n<td>149.10 mm<\/td>\n<\/tr>\n<tr>\n<td>\u015arednica:<\/td>\n<td>81.00 mm<\/td>\n<\/tr>\n<tr>\n<td>Waga:<\/td>\n<td>52.20 g<\/td>\n<\/tr>\n<\/tbody>\n<\/table>\n<p>Opakowanie mo\u017ce by\u0107 u\u017cywane do produkt\u00f3w spo\u017cywczych.<\/p>\n<h2>Pakowanie:<\/h2>\n<table id=\"_technic_table\">\n<thead>\n<tr>\n<th>Nazwa<\/th>\n<th>Pakowanie <small>szt.<\/small><\/th>\n<th>Wymiar kartonu <small>[mm]<\/small><\/th>\n<th>Masa kartonu<sup>*<\/sup>\u00a0<small>[kg]<\/small><\/th>\n<th>Ilo\u015b\u0107 karton\u00f3w na palecie <small>szt.<\/small><\/th>\n<th>Ilo\u015b\u0107 sztuk na palecie <small>szt.<\/small><\/th>\n<th>Pakowanie zgrzewka <small>szt.<\/small><\/th>\n<th>Ilo\u015b\u0107 na palecie <small>szt.<\/small><\/th>\n<\/tr>\n<\/thead>\n<tbody>\n<tr>\n<td>Sp\u00f3d<\/td>\n<td>100<\/td>\n<td>580x380x450<\/td>\n<td>4.9<\/td>\n<td>16<\/td>\n<td>1600<\/td>\n<td>154<\/td>\n<td>2000<\/td>\n<\/tr>\n<tr>\n<td>Nakr\u0119tka<\/td>\n<td>500<\/td>\n<td>580x380x360<\/td>\n<td>7.7<\/td>\n<td>20<\/td>\n<td>10000<\/td>\n<td>\u00a0<\/td>\n<td>\u00a0<\/td>\n<\/tr>\n<\/tbody>\n<\/table>\n<p><small>*Podane warto\u015bci maj\u0105 charakter orientacyjny i nie mog\u0105 by\u0107 podstaw\u0105 do roszcze\u0144<\/small><\/p>\n<h2>Mo\u017cliwo\u015bci zadruku:<\/h2>\n<div class=\"hidden-lg\">\n<div class=\"_flex_table pl\">\n<div>\n<table>\n<thead>\n<tr>\n<th rowspan=\"2\">Nazwa detalu<\/th>\n<th colspan=\"3\">Pole zadruku &#8211; SITODRUK<\/th>\n<\/tr>\n<tr>\n<th>dno <small>[mm]<\/small><\/th>\n<th>obw\u00f3d <small>[mm]<\/small><\/th>\n<th>g\u00f3ra <small>[mm]<\/small><\/th>\n<\/tr>\n<\/thead>\n<tbody>\n<tr>\n<td>Sp\u00f3d<\/td>\n<td>x<\/td>\n<td>**<\/td>\n<td>x<\/td>\n<\/tr>\n<\/tbody>\n<\/table>\n<\/div>\n<div>\n<table>\n<thead>\n<tr>\n<th class=\"hidden-lg\" rowspan=\"2\">Nazwa detalu<\/th>\n<th colspan=\"3\">Pole zadruku &#8211; TAMPODRUK<\/th>\n<\/tr>\n<tr>\n<th>dno <small>[mm]<\/small><\/th>\n<th>obw\u00f3d <small>[mm]<\/small><\/th>\n<th>g\u00f3ra <small>[mm]<\/small><\/th>\n<\/tr>\n<\/thead>\n<tbody>\n<tr>\n<td class=\"hidden-lg\">Sp\u00f3d<\/td>\n<td>x<\/td>\n<td>x<\/td>\n<td>x<\/td>\n<\/tr>\n<\/tbody>\n<\/table>\n<\/div>\n<div>\n<table>\n<thead>\n<tr>\n<th class=\"hidden-lg\" rowspan=\"2\">Nazwa detalu<\/th>\n<th colspan=\"2\">Mo\u017cliwo\u015b\u0107 zastosowania HS <small>(wtop)<\/small><\/th>\n<\/tr>\n<tr>\n<th>na obwodzie<\/th>\n<th>na g\u00f3rze<\/th>\n<\/tr>\n<\/thead>\n<tbody>\n<tr>\n<td class=\"hidden-lg\">Sp\u00f3d<\/td>\n<td>x<\/td>\n<td>x<\/td>\n<\/tr>\n<\/tbody>\n<\/table>\n<\/div>\n<div>\n<table>\n<thead>\n<tr>\n<th class=\"hidden-lg\" rowspan=\"2\">Nazwa detalu<\/th>\n<th colspan=\"3\">Pole zadruku &#8211; ETYKIETA<\/th>\n<\/tr>\n<tr>\n<th>dno <small>[mm]<\/small><\/th>\n<th>obw\u00f3d <small>[mm]<\/small><\/th>\n<th>g\u00f3ra <small>[mm]<\/small><\/th>\n<\/tr>\n<\/thead>\n<tbody>\n<tr>\n<td class=\"hidden-lg\">Sp\u00f3d<\/td>\n<td>***<\/td>\n<td>***<\/td>\n<td>x<\/td>\n<\/tr>\n<\/tbody>\n<\/table>\n<\/div>\n<\/div>\n<\/div>\n<p><small>**Do ustalenia po otrzymaniu projektu<\/small><\/p>\n<p><small>x Brak mo\u017cliwo\u015bci zadruku<\/small><\/p>\n<p><small>Podane wymiary zadruku (mm) (wysoko\u015b\u0107 x d\u0142ugo\u015b\u0107)<\/small><\/p>\n<p><small>***Mo\u017cliwo\u015bci etykietowania okre\u015blone przez odbiorc\u0119<\/small><\/p><\/div>\n\t\t\t\t<\/div>\n\t\t\t\t<\/div>\n\t\t\t\t\t\t<\/div>\n\t\t\t<\/div>\n\t\t<\/div>\n\t\t\t\t\t\t<\/div>\n\t\t\t<\/div>\n\t\t<\/section>\n\t\t\t\t\t\t<\/div>\n\t\t\t<\/div>\n\t\t<\/div>\n\t\t","protected":false},"excerpt":{"rendered":"<p>Dost\u0119pne przek\u0142adki dla tego produktu Przek\u0142adka uszczelniaj\u0105ca &#8220;EPE&#8221; \u00a0 \u00a0 Sp\u00f3d Materia\u0142: PE \u015arednica: 81.00 mm Wysoko\u015b\u0107: 145.50 mm Waga: 38.70 g Nakr\u0119tka Materia\u0142: PE \u015arednica: 72.00 mm Wysoko\u015b\u0107: 24.60 mm Waga: 13.50 g Komplet Pojemno\u015b\u0107: 600 ml Pojemno\u015b\u0107 ca\u0142kowita 635 ml Materia\u0142: PE\/PE Wysoko\u015b\u0107: 149.10 mm \u015arednica: 81.00 mm Waga: 52.20 g Opakowanie mo\u017ce [&hellip;]<\/p>\n","protected":false},"author":1,"featured_media":0,"parent":446,"menu_order":41,"comment_status":"closed","ping_status":"closed","template":"","meta":[],"_links":{"self":[{"href":"https:\/\/pepsyna.com\/index.php\/wp-json\/wp\/v2\/pages\/1159"}],"collection":[{"href":"https:\/\/pepsyna.com\/index.php\/wp-json\/wp\/v2\/pages"}],"about":[{"href":"https:\/\/pepsyna.com\/index.php\/wp-json\/wp\/v2\/types\/page"}],"author":[{"embeddable":true,"href":"https:\/\/pepsyna.com\/index.php\/wp-json\/wp\/v2\/users\/1"}],"replies":[{"embeddable":true,"href":"https:\/\/pepsyna.com\/index.php\/wp-json\/wp\/v2\/comments?post=1159"}],"version-history":[{"count":2,"href":"https:\/\/pepsyna.com\/index.php\/wp-json\/wp\/v2\/pages\/1159\/revisions"}],"predecessor-version":[{"id":1302,"href":"https:\/\/pepsyna.com\/index.php\/wp-json\/wp\/v2\/pages\/1159\/revisions\/1302"}],"up":[{"embeddable":true,"href":"https:\/\/pepsyna.com\/index.php\/wp-json\/wp\/v2\/pages\/446"}],"wp:attachment":[{"href":"https:\/\/pepsyna.com\/index.php\/wp-json\/wp\/v2\/media?parent=1159"}],"curies":[{"name":"wp","href":"https:\/\/api.w.org\/{rel}","templated":true}]}}