{"id":1148,"date":"2019-12-18T17:20:30","date_gmt":"2019-12-18T17:20:30","guid":{"rendered":"http:\/\/pepsyna.com\/?page_id=1148"},"modified":"2020-01-07T13:29:58","modified_gmt":"2020-01-07T13:29:58","slug":"pudelko-apteczne-typ-11a-450ml","status":"publish","type":"page","link":"https:\/\/pepsyna.com\/index.php\/pojemniki-plastikowe\/pudelka-apteczne\/pudelko-apteczne-typ-11a-450ml\/","title":{"rendered":"Pude\u0142ko apteczne Typ 11A 450ml"},"content":{"rendered":"\t\t<div data-elementor-type=\"wp-page\" data-elementor-id=\"1148\" class=\"elementor elementor-1148\" data-elementor-settings=\"[]\">\n\t\t\t<div class=\"elementor-inner\">\n\t\t\t\t<div class=\"elementor-section-wrap\">\n\t\t\t\t\t\t\t<section class=\"elementor-element elementor-element-704851d elementor-section-boxed elementor-section-height-default elementor-section-height-default elementor-section elementor-top-section\" data-id=\"704851d\" data-element_type=\"section\">\n\t\t\t\t\t\t<div class=\"elementor-container elementor-column-gap-default\">\n\t\t\t\t<div class=\"elementor-row\">\n\t\t\t\t<div class=\"elementor-element elementor-element-18b437c1 elementor-column elementor-col-100 elementor-top-column\" data-id=\"18b437c1\" data-element_type=\"column\">\n\t\t\t<div class=\"elementor-column-wrap  elementor-element-populated\">\n\t\t\t\t\t<div class=\"elementor-widget-wrap\">\n\t\t\t\t<div class=\"elementor-element elementor-element-4db9b9d2 elementor-widget elementor-widget-text-editor\" data-id=\"4db9b9d2\" data-element_type=\"widget\" data-widget_type=\"text-editor.default\">\n\t\t\t\t<div class=\"elementor-widget-container\">\n\t\t\t\t\t<div class=\"elementor-text-editor elementor-clearfix\"><p><!-- wp:paragraph --><\/p>\n<figure style=\"width: 530px\" class=\"wp-caption alignleft\"><a href=\"www.pepsyna.com\"><img loading=\"lazy\" title=\"Pude\u0142ko apteczne Typ 11A 450ml\" src=\"data:image\/png;base64,iVBORw0KGgoAAAANSUhEUgAAAhIAAAC+CAYAAABgfOYDAAAgAElEQVR4nO2d13rjOrJG+\/3f53wzu5NztiIzRVFUDvbuPXPOA9S5kAsuwaQoiaJBWv\/F+rqtSIIgsFQoAN+63S5JLMsqhG3bhXAcxyiu64IK43neVup+fGW\/HwBQXare\/mX1m98gEhCJOmH6Rir7+Mp+PwCgulS9\/csUiaqJQNU7AmAW3\/e3UvfjK\/v9AIDqUvX2L6vfhEhAJGqF6Rup7OMr+\/0AgOpS9fYPIgGR+BKYvpHKPr6y3w8AqC5Vb\/8yRWJfETh0DIUpu6E2TRAEWyn6fgAAAKAMDu33IBIQCQAAAKA6IlH20IFpUYBIAAAA+IocLBL7ioJpETBd0HmEYbiVou8HAAAAyuDQfg8iAZEAAAAADheJfUXBtAiYLug8er3eVoq+HwAAACiDQ\/u9o4uE6V\/8pil6oUxXJAAAAKcJRKIiFL1QpisSAACA0+RgkTj20ETZHXHZRFEEAAAAAI2sfhMiAZEAAAAAcoFIQCQAAACAg8kUiWPnKNS9I+\/3+wAAAADQyOo3IRIQCQAAACCXTJE49tBD3TvyOI4BAAAAoJHVb0IkIBIAAABALhAJiAQAAABwMJkiUTURMF1Qg8EAgJMlSZKtmD4+AIA5svpNiISG6QsFgEkgEgCALCASO2L6QgFgEogEACCLTJGomgiYLqi8hhQAAAA4RbL6TYgERAIAAADIJVMkqiYCpgtqOBwCcLLg\/gAAZJHVLkAk0FACoMD9AQDIAiIBkQAgF9wfAIAsMkWibiJguiCBWUaj0VZMH18eXI9HoxGNx+MNss5B1v\/JZEKTyYSm0ylNp1OazWY0n89psVjQYrGg19dXen19pZeXF3p5eaHVarUBP56F\/nod\/t7pdKqOZTKZqHPQj5fvWf18s64b\/62\/lj837\/oXpWj9A6dN2e1X0feXBUQC1Iqq3kjHQhcNlgUWhX\/++WeDP3\/+bLBcLjfg983nc5rP5x+e15GikAZ\/DsvLcrnckJTVakXL5ZLm8zlNp9MNERgOhx\/aCb6mUkT4Wuoiscv1N90RgNOm7Par6PvLAiIBakVVb6Rd0TtGWaf5HMbjMU0mEyUQ3Fm\/vLwoYfj7779Vxy1FIetXP39H3v276\/Alyw4fJ4vF6+urOiYWCT7PJElS2wp5\/lIu0q5t1TsCcNqU3X4VfX9ZfDu2CJR9wKYrCjCLPhyQNTxQdWR9ZnHQf\/HPZrMPQwg8jMCfwZ1\/v5++xa9cbC4MQwqCoBCe55HneRQEAYVhqKaMs2BkSQO3LfoQDr+Oz4Ffl3Wv513\/ohStf+C0Kbv9Kvr+soBIgFpR1RtpV\/TohP6LXsrDaLT+hS5FQY8ccJK0FAe5yZ6UAN\/3czfl831\/K\/xZWRv56eLBz\/Nx6uUgRYLPJ47jzNyKqncE4LQpu\/0q+v6y+HZsETDdkYCvjf7rPO3XepXRhwVkwuR8Pk8VBSkJeYvBbYtG7BKRyBOJLFHh59Mek+IhF77ThWE0GqnnZDntc\/2LUrT+gdOm7Par6PvLAiIBakVVb6Rd4c5TisR4\/J5HkLbnjZQFfW+crL1y0iQiDEM1NJHFrkMcLAn8Ptd1yXXdD8MoeiTD8zz1N4uRHM7gc5DltMt1r0pHAE6bstuvou8vC4gEqBVVvZF2hTtIPpfxeExJklAURRQEwV7L0adJw7bO3vO83KGNPIHY9f1ZwyH64zz0wecih0IgEqBulN1+FX1\/WewtEqZFoOyCrHpFM12RTH9\/1Y9PT47kaZPj8Trq0O\/3KEliGo+HNBolNBj0KYpC6vd7FMcRRVFIURRSrxdQGPob9HqBep5fw\/BrfN\/dinxPGkHg7Uza5+\/z\/jSiKFSf3esFNBwOaDod03Q6psmk\/B8SpusPqDanXj+yzhsisefnQySqfSOZPr48kYiikAaDPo1GiRKJfr+nRELv2FkyBoO+eq0uG7JT1+VjX\/JExPMchevaH9j2GsexyHVt9ZyUD\/5+iASoMqdePyASR\/p8iES1byTTx5cnEr1eoKISSRLTYNCnOI4UWSLBz7N0MDJCoUcp0sgTiX0jCHmfo4sFywQLhfwMPl+IBKgqp14\/MkViX1Go6okAUAXyRII7zDiOVJRBygT\/v9\/vpXb8egcuZaPf7xWOSBSViLzX5r0\/TyRMX18AwEcgEgAckV1EgjtMKRMcXRgOBxuRCj0CkTf0UDRHIe\/zbbtLtt0lx7E+RBfShixkXoccouFz04doIBIA1I9v+4pC0S8sWyTy9grIo+wCL\/v7i55\/0eMr+\/vrcHxp38ciwZ0mD3FwJCKKQgpDXw15JElMw+GARqOEJpMRTadjms0mtA7vrxM1kyRW75WfWySZMk8kdGGR38n5H3z8o1FC4\/GQ1gKwPgc+9uFwoARqH5E4hfoDqsup1w+IxJEqCkSi2jdSFY5vm0jITp+jEnEcURj65HnOxhAHd8aTyYhmswktFjNarRa0Wi1ouZzTfD6l2WxC7\/kDww0RSUPmYxwCCw5Lji4Ki8XsA\/P5VMESwVEXPSoBkQBV5tTrB0TiSBUFIlHtG6kKx7dNJOQvcBaJfr9HQeCR69obwxlSKGTHzZ03Rynm86nqtLnTzWI2mxSCZ5ukHQOjyw2LA8uDzAmRIrFLsuUp1B9QXU69fmSKxGeLQtkddVFms9lWyv7+vAuZd3xF31\/1z6\/6jSzryWi07vgWiwVNJhOK45iCwCPPc2g4HKihgdEoUR0n\/+pPkljlFXBUgjtwFgvuxLlz57\/f8wlGqpOXj+mdv3zPcjlXUQSWBxaV5XKuREaPRDA8dCGFg2WCBSKKQhUdcV2bwtCnwaCvyiCKQnIcizzPoclkRPP5lMbj4dvxFKtfRetf1TF9\/9a9\/Msuv7LLv+jnH9pvQSQgEp9aUYt+fp1Fot\/vH10kptPxB5HgSICUBu7k9cf16AELBP\/Nr2ehSBMJKRMQiWrUP1P3b93Lv+zyK7v8i34+RAIiUYuKWvTz6yIS0+l6OGM6XYvEeDx+Wwa7mEhwkmWaSHCnLjvztCRH+ThLBD+n\/62\/XopEmkxAJKpR\/0zdv3Uv\/7LLr+zyL\/r5lRGJqjf0ZVcE08dXd75K+UynUyWmLBLrvTCKiwTnTXDnzZ2+lAiWAO7IZZIjPy7Fg59L+wyZE6ELgi4TX10kTNcrYJaqi0TZ55cFRAIiUSnqXj7T6ZTm8znNZjMlEvP5nEaj0dumVsVEgjtk7vQnk5Hq8HUpkBLAkYy0xE0pGXKYIy2xMk0SdCmBSICvCkTik0Si6gVVdYqW33w+30rR4yv788s+\/7KRIsH\/n8\/nNBwO33bBLEckeCOwohEJPZ+C4ZwKlpA0mZDf9VVFwnT9Knr\/lX3\/lt2+mC6\/qouEqesLkagYEImvIRJcFvz\/4XD4tnV2cZHgaaEsA1Ik5OtkNIE787T1H6RopCVNskhMp+ONz8iSCYhEdTtCUx3NsdoX0+UHkUgHIlExIBIQiX1EQi5CJaUhKwGzaLIlPyZlAiJRHUzfv2W3L6bLDyKRzrd9RaFoQdW9owBgG6vVihaLhfp7sVjQbDajJEnUrA19sy25sqO+I+hg0N8Yikib\/qkPbcgFoFgC5HN6J89\/8\/fIv\/XXS0lIQ8\/HkDNNeCVLPi9enEtfapt3CfU8h\/r9npCI9Q8Vng2zWq1ouVyqHzAvLy\/Grz8ApwhEAoAjwuIgGY\/Hb2tIBB8kQhcJfeVHjlBwJy1zJGREQgpHmkjI4Y0yRSItmiGPKU0k5E6mvIMpbz8ehj7FcSTyPcY0GAxoOBzSbLaeEcPtxnK5NH79AThFIBIAHBG9Pk8mE0qShMIwJNd9D92niQQPbaQtky07+SyR0CMCaUmVecMRacMT2x5PEwkpLPJ9ukjEcbQhErzpFwuG77vkujb5viuGQ2IKw5DCMKQkSTbaBBkJAgB8Ht+O3dGXjekCA2Ab+v0yGo3elsYOyHXdD9uCs0gwukjw1tv6r3t9aENKw64ikbWAVZZIyCGSLNIiEnK2idw6Xe56yoIld0Plbcsdx1KRiV6vR57nkeM41Ov1aDwe02KxUJEg09cfgFMEIgHAEdGjcywS68Wogo1ONE0m9Of0oQ2Zf8AioA9j6NM\/9aRKfREpKQ+7SEcecmiFj0PuPMoRFbkFOouEjNgEgUeOY5HjWBQE3tvmZmshs22bfN+n4XCoRKIOyZAAfEW+Va2jh0iAOsN1dDabqWGNOF6H5Ndj+4ONhEo9OpGXbMkdMA9l8FAHCwdP3cyanaEvIKULQpYw6K\/PQpcdPg55XnInUCkPnB\/BYhGGvtoJlBMy1zNfAvL99f\/jON7IlTB9\/QE4RSASABwRGY1Ybxvep36\/T0mS0Hg8\/hDmlxLBSYVyu20ZaWBJ4A46bUEqfQ0I3nBLrg+hb7QlJUD\/W399nkhkRT70RFE5i0OfwaLD+RLrIY5QlSn\/fzKZqLI3ff0BOEUgEgAcER4C5NkFvV6PoiiiJEneHn\/\/xa4PYcRxpERD\/qKXK0vyluDT6ZiWyzktl3P1Nz+XJhJyxcoyRULuHqrvMDoeD5VIsFToIsGPcb4E\/+26NnU6Ler1epQkCSVJosp2PB7TfA6RAMAUe4uE6QMuenymRQl8bV5eXtS6BsPhkDzPI9\/3aTAYvHV6w41OXF+sSeYUyKEBFoL5fLqVxWK2Mywiq9VCwY8tl3P1un0+n8VBvkduVc7nlQUvuMVlMRolFEUhtVoNur6+pFarRVEU0Wg0ol6vt5EnYfraA1B3Du3\/IBI1O39QbaRIjEajDZFYD3FsCoK+ZkPaypBSIrijzoIFJQtdBqQ4rFaLD\/Kgf36eyKQhjyvtnHWZ4ERLTj6NopDa7Sbd3l5Ts9mkXq9Ho9GIoiiiMAxpOBwav+4AfAUgEhAJUAFWq5VK+huPxyo5MEmSt6jE+xoSacmUaTkH3IHLX\/xZ5M2o4A49Sw6yxEQfDtlVVFhK9M+SS3bLnJA4jlQ+hO+\/T5e1rA49Pt4rkRgOhxTHMfX7fQxtAHAkTkYkAKgyy+WSptOpmkXAswtYJNJWcuQZGFl5CftEAnadXaFLgZSKrAiHzLfIIm24QxcJmcchc0VYsjzPIdvuUhB4KkrheQ41m8\/U6XRURGI4HFKSJEi2BMAwEAkAjggLxGq1otlsRr7vk+d5agqonNqoy4S+IZaeTzGdjnfOUdiFrLyHrAiFHsnY9TP1PAldIuQS4bw8Nq9myRGLIPCo02m9Leq1jkIwcn0b09cfgFOkdiLBi89kUfT9RT8fnDa8wuLLywvNZjO1eFKv13sj+IA+1CFzKPShiUNyFCR6TsRqtaCXl6WiaI6E\/jopIfqQhpyhoUtEEHiqbMLQJ89zyLI6FMcxDYfDD4vjmb7uAHwFDu3\/IBIQCXBEuI68vr7SbDYjx3Go0+moIY603T\/1tST0JbHlfhV5OQq75DCkRQ1YLormSOhDJfpCWHpuhBzW4J0\/ecMu2+5Su92kVqtB3W6bHMfaaIe4rPlvbNoFQDEgEhAJUAF0kbBtm1qtFjmOQ47jqI6ShzT0vSeyEjC5A85LpszbVCttI660tSXS1pPYZ4XLtM\/QN\/FKW5jLdW0lEY3GE93eXtPt7TU1Gk\/kOJbaOnyxWKh\/uV1arVbGrz8AdebTRKJsyu7oi34+KJeyb4Sy4U5tNpvRcDhUm0z5vk9hGFK32ybL6qjNqDzPUVMdOVdCX81SRgi2JUrqkQRdBHaRCxlBSFtQSgrFLtNP9ef1VS55Qaog8CgIPLLtriojz3NU7gSLxXK5pNfXV1qtVmqa7Wq1opeXl0pcfwBOEYgEqBR1F4n5fK4Wo4qiSCVbBkGgciTkHhI6vJ223KwrLVIgExblr3qObujoG31lsVzOiVfIlI\/zd6WtcSGFgXMteEErXUJkkqVc+rrbbVOn06Ig8Mh1bbV9OJeX41jUajUoDEMaj8dqGIPbDP7b9PUH4BSBSIBK8RVEYjQaUb\/fV5tLBUFAYRhSr9fb2D5b\/hJnkXAcS4X3OZ9CIn\/pc54DJ06+vCwzp41yLkSeSHDCJcuDXDwqSeIPgqAfjxQdfegiikIlCZ7nKKRI8cZdMuFSJls+Pz9TGIY0m81ScyJMX38ATpFvpsdkjt0QVL2jAcWuX9WvL+\/42ev11KZSvHDSem+IcOusDRYLlgvPc8h1bbLt7saQCP9il7MbePdQuX23HkHIm765Wi2I16PQV9WUe3nwipNyGmuvF5BtdzeOkaWBRUH+LaMvHDWRIsGvYZnwfZeenp7IcRxKkmTjesvoBADgc4FIgEphuv4URW4bPhwOaTKZKLlYL+nsb3S+abkRehRAnyYZBB55nkOOY5FldajdblKz+UzN5jO1201Fq9WgVquhntOfz6LZfKbn50dqNJ6o02mpVSaDwPvwnY3GEzWbz9RqNajdbqr8Bik7LAxRFOauIyEFSr73PRnTJdd1KQxDGo1GtFwuabVa0WKxUAuBAQA+l2+mD+DYVL2jAcWuX9WvbxRFSiL4F\/J8PlcyoYf65ZLZHFGQMzb0hEWepqnv9ClXgGRc1ybHsVQ0w7I61Gg8beXx8Z4eHu7o4eGOnp4eqN1ukm13P3yuzGOQnb0eCcma6ZG2lgRP\/2SJ4GgL54usXz+gIAjI8zwaDAa0WCzo5eVFlbPp6w\/AKQKRAJWi7iIRhiHFcUzj8XhjBgeTlSSpryUhtw+XeQ5Z0zV33cxrnw225vMprVYLen1d0evrKjMHQ+ZpbFslcz6fftigS08K5byQtEW61uWWUBiGav8Sed1ZKAAAnwtEAlSKryQS0+lUDW3M5+udQdMWZdJ3BNVzE7L2r9BncPBn6utEpK3rsG39B5kfIXftTJI4VVDk+cjPSlvngmWFoxKca8GJp3LJ8LQtxnu9npoBI8t4Pp\/Tnz9\/jF9\/AE4RiAQAezCfr1dQlDMGFot1kiUnVK63C09oNBrReDxWHd1yufzQAcsVHuM4UgKgRwT+\/Hmlf\/75m1arhZo5IffWYAHIWnRK79z1Dl8ONaSJDb9nm6TwMchdQPVluPXvlJEZHsKQyaJSttbDIOvkVdd1yfM8mkwmqvxN1w0AThWIBAB7sE0k4jgmy7JU2J33g5hMJjQajd52rBykzqjgzlkP5euRCSkRaftZpImC7OjTIh+yc89a8nqXoRR5jHIvD5af5XL+YclsKQtpUQi56me\/31NTaW3bJsdxlEBMp1O10iUA4HOBSACwB7x+wTaR8H2f+v0+DYdDtdX1YLBOFJRLYqd16Ho0QE+43HXTLP21MoLBm3e9vCzp9XVFf\/\/9onh5WW50\/nL3TpnsmTXcosuDXHMibZVNfXhHCoS+D8d6YSqHPM+jbrdLtm3TZDJ5i\/TM1OwNAMDnApEAYA\/kWgVcp5bLJU2nU4rjmKIooiiK1Fg+L40dxzGNRqMPK02mbR2eNmywyw6ceseettMniwMPlfznP3\/ov\/\/9h\/7733\/oP\/\/5s5FYyVIh5SFNFLbtFqrnUGQNWchySZvuytNCXdcl3\/fJsixyXVdFIljwTNcPAE4RiAQAeyDXKtBFYjAYqOhDv9+nMAzVrp9RFL093tvYnEtGH\/LyG\/TFodJEQspD2lbhacMOUgr0x9NeJ8VCF4g0+dGTPPWEU10qeG0JuTDVOz71ej1yHId831eRCKwhAYA5IBIA7AEnTi4W7xt08S\/iJEmUNCRJQsPhkAaDAUVRJJbL9j6sj6Dvp6FHHmSEIW9oY1s0QhcBXQjk0EWWcOQNp6RNCc2KYMhNvFieeDiDZ3Ho60rwjA3XdSkIAprP5xAJAAwDkQBgD3SRWCwWGyLR7XbJ8zyVI5EkiZrNsY5QuB+mOco8CX3vDB5q4OGIvGTLrKEOFgPOheChDebPn1f68+dVRS7ksMa2dSHSvkc\/djlcIsVFn7miD2nIFS65zDgSYds2+b5PPK0Wy2MDYA6IBAB7wCLBC00tFgtarVYbIsGdHW\/UxcMao9FoYxVLOcTByKiE3jGnde768EFesiVLBOdG\/O\/\/\/of+7\/\/+q2ChkB1\/VhKnLiky+qALCR+3vo4E76\/BCZUyGsHDGXI\/kU6nQ47jKGFjkeDIkOn6AcApApEAYE\/S6hNP87RtmzzPUxLBqzC+S0W4sWqjzJVIS77UEzDzyFtwKm9oJGv65z4LWm0ja9YGixSXj9yoSy7L7Xkeua5L3W6XgiCgxWKhclQwawMAM0AkANiTMkVimxhMp+MPMx900pI296Ho5+8iO1kSwUmWEAkA6gVEAoA9KVMkdpm5sY08EcgjbU0HfZnqbeRFJPSZGnJVS7mRGUQCgPoAkQBgT8oUCX1NBb0D33XoIIu8zb3yRCXv8\/OOb5tEQCQAqCcQCQD2xKRI6Ltl6uR19Hk5EkVFIu\/4IBIAfD0gEgDsicmhjbyhh6JDE3kiUPT7MbQBwNcDIgHAnphMtsyLCOR15HmiUFQkdoloINkSgK8FRAKAPTE5\/bPorIq89+8646LIrA1M\/wTga\/HlRAKAstkmErwYFS9ExTLBf8vFqOSv\/LTNu9J+zWftWVEV8gRCnqM+vCHzJHizLhaJ96Wy1xt2WZZF\/X4fK1oCUAEgEgDsCUQCIgEAeAciAcCeQCQgEgCAdyASAOwJRAIiAQB4ByIBwJ5AJCASAIB3IBIA7AlEAiIBAHgHIgHAnkAkIBIAgHcgEgDsCUQCIgEAeAci8cmc+oJZeedfNsc+B34sbUEqFol3iegXFomyF4wqWyT4dXKn0bRlsrNEwvM86na7ZFkWRVFEs9mMlsulog71p8qgfMy2X6bP79Dzh0hU5ELUpSKVff51uFEhEhCJrwrKx2z7Zfr8Dj1\/iERFLkRdKlLZ51+HGxUiAZH4qqB8zLZfps\/v0POHSFTkQtSlIpV9\/nW4USESEImvCsrHbPtl+vwOPX+IREUuRF0qUtnnX4cbFSIBkfiqoHzMtl+mz+\/Q84dIVORC1KUilX3+dbhRIRIQia8Kysds+2X6\/A49f4hERS5EXSpS2edfhxsVIgGR+KqgfMy2X6bP79Dzh0hU5ELUpSKVff51uFEhEhCJrwrKx2z7Zfr8Dj3\/DyJhuqEvWtCmjw98bfQ6xvVOF4ler\/cmDmviOKbBYJArEnkdcdEFqaoiEvz\/bYtS9XrBB5lwXZdarRa1222K41hdB16YynT9AOAUgUgAsAcQCYgEAGATiAQAewCRgEgAADb5ZvoAAKgTEAmIBABgE4gEAHsAkYBIAAA2+TabzUhi+oDy0I+3bscP6g1EAiIBANgEIgHAHkAkIBIAgE0gEgDsAUQCIgEA2OSDSJjGdIF8dape\/lWvf2mvmc1mNJ1OaTKZkOM4GwtSMXEcU5IkauElFgiWiF074qIiYFok5PewPLFIDAb9XJFwHIds26ZGo0HD4ZBWqxWNRiNaLpc0nU6N1x\/T7d8x6nedz7\/u7U9dgUicGFUv\/6rXv7TXzGYQCYhENdq\/Y9TvOp9\/3dufugKRODGqXv5Vr39pr5nNIBIQiWq0f8eo33U+\/7q3P3UFInFiVL38q17\/0l4zm0EkIBLVaP+OUb\/rfP51b3\/qCkTixKh6+Ve9\/qW9ZjaDSEAkqtH+HaN+1\/n8697+1BWIxIlR9fKvev1Le81sBpGASFSj\/TtG\/a7z+de9\/akrEIkTo+rlX\/X6l\/aa2QwiAZGoRvt3jPpd5\/Ove\/tTVyASJ0bVy7\/q9S\/tNbMZRAIiUY327xj1u87nX\/f2p65UTiSm0+lWTFeEot+fd35VP37T5VM2eccvr5F+TtPpNHdBKpYHuQjVIR1xWZQtEvK1UiQYFi2WiTD0lUz4vpsrEkWp+\/1n+v6pevl\/9fIzdX0gEp\/cEJi+kSASxeqXvEYQCYhE1e4\/0\/dP1cv\/q5efqesDkfjkhsD0jQSRKFa\/sq4TPw6RgEiYvP9M3z9VL\/+vXn6mrs830wdWt4pWdkU1fXymqXr9mkwmqa+bTqc77bUBkai2SJiuX1W\/P0yD8qkmEImKdZSmj880Va9fk8nkg0xMp1P1OEQCIlHm\/W36+E2D8qkm37gBrAplVzTTIlD34zddPqbJqqcQia8hEqbbt11Ftqz20zR551e0fL56+Zm6PhCJinWUVT9+0+VjmvF4\/KGu8t\/j8RgiAZGASJRY\/hCJal4fiETFOsqqH7\/p8jENRAIiAZEoD4hEtTmaSBStCKYvZNnfX\/fPB\/nlz\/\/X5WcyWS9I5fu+WoSKWUtEUnmRKCoaRUWCF6Zimej1AiUTQeCRbdtk2zY1m00aDoe0WCxoMBjQfD4vXQKqQNH2oerHZ7r9M11+pq\/PeDzeStbnQiQ+uSJW\/fNBfvnz\/yESEImqdQR1Pz7T7Z\/p8jN9fSASR6oop\/75YLfyz3ocIgGRMNkR1P34TLd\/psvP9PU5WCTy3rjrBwFwCvA9kNYAjcdjiAREAoDasq8PMBAJAPZA3ge6REAkIBIA1JmDRWI0GtE+lC0ah57IsUTo1D8fHHYd+HGIBETCZENf9+Mz3f6ZLj\/T1yePLC+ASHxyRaz654PtyHtAL\/PRaASRgEgY7Qjqfnym2z\/T5Wf6+uzS\/kEkKlARq\/75YDsQCYhElTuCuh+f6fbPdPmZvj67tH+fIhIAnDKu61IQBNTv92kwGCiSJKHhcKg6TykQsqOdTEZbOXWRcByHWq0WdbtdiuOYptMpjUYjGg6HR2koAfjK7Nvf7wpEAoAjApGASABQVSASANQAiES5IuG6LrXb7Q8ikSSJ8WsPQNUpTSTWjdvulHUgAHwFIBJmRcL09Qegyuzb3+8KRAKAIwKRKFckPM+jTqdDlmUpkRgOhzQYDIxfewCqTmkisc4k352yDgSArwBEwqxImL7+AFSZffv7XYFIAHBEIBLlioTv+xsiMZlMaDhci4Tpaw9A1YFIAFADIBLli0S32yXLsmgwGCiRiOPY+LUHoOqUJhKysXtfNKc8TBckAGVStkhUXTSOJRJSJqIoVDKxLSIxHo+NX4ahfIAAAA5ZSURBVH8AyqTs\/hkiAUAFgEh8nkj0+\/0NkUCOBPjqmBYGiAQAnwBE4nNEotvtUr\/fp\/F4TEmSUBzHEAnw5TEtDJkiIfcD4D0BysT0CQNQJhCJzxeJwWCgciRMX38AyqTs\/vlQIBIAHBGIRLkiEQQBdbtdJRKj0YgGgwH1+33j1x6AsjEtDFl86\/f7JNHF4tiYPmEAygQi8XkiEUURjUYjiuOYoigyfu0BKJuy++dDgUgAcEQgEp8rEsPhkPr9PvV6PbQv4MtjWhggEgB8AhAJiAQAZWFaGHYWibIxfcIAbCPrpuX6G0VRJv1+nyzLIs\/zKIoiJQ88vjkcbnakh8jDdDpW1EUe8qRCypUUijiOKIpCtShVGPrkeR7Ztk22bVMYhkoier3e1mvDmK5foNqU3b99dn97bLLuK4gEAIJtEsGd1raOynEc8n1fRSQ4QQoicZhIyNUtWSQsyyLLssj3fer1ehSGIQVBsJNMmK5foNpAJA4UibRfVRAJAOLUG4h\/\/Wbh+776pSw\/CyKxm0iwTOhDGywTUiQ8z6MwDMn3fVXuedfHdJ0C1QYicaBI6DfaLuHBIpguCAD2QdZd\/vUrCYJggzAMN3759vvrxiVJkretfCESu4hEksSki0Svty5j27aVSARBQL7vq\/\/r10dv30zXJ1Btyu7fyu5fyyZL0CESAGhsu3F0geBfw5633uKa7yH9lwhEYneR0KMSURQKmeiR67pk2zZ5nrdR9vJ6SLGTQmG6boFqA5E4UCTyDP7YmC4IAHYhTR6yBMJ1XXJdlxzHoSAIKIoiJQ+b+REQiTyR4L+zhjd6vR45jkOWZZHjOKrcHcdRQsGCwUIh2zbT9QpUm7L7t7L717LRfYH5podmIRLglMkTiDSJcBxHzSTgcfvBYLCxRv5oNKLxeAyR2EEk+DFdJKJofR0sy6J2u622E+cls23bVlLHMgGRAPsAkYBIAFCYIhLBv5KDIKDBYCDkYQSROEAk9DyJKFonVna7XWo2m9RqtajdblOr1aJWq0XdbldFKWRkQsqE6foFqg1E4kCR4IZRH1vMIuuDjoXpggKg13ufUiiT+Xgc3vO8DYGwbZu63S61222VBBjH8UZEYjwe02QyyRUJKQppFF2wKu\/zjyUHWeSJxHg83BjaGAz61O\/33mZsrCWh0+nQ8\/MzPT8\/qzLvdrtKJjhSwREKOdRRdvsFQJ3J6\/+zgEgAkALfVHoype\/7KtmPpyFyeL3ValGj0SDbtqnf76vFqHiY4xgiccyOPI20xMd9KBqRkJEIRoqEZVnUbDbp8fGRnp6elDxw+esiwbkTEAkA8oFIAHAk5E0lJYKHMzgCwUiJuLu7o3a7TWEYbixulSTJTkMbRUWi7IhGHkVFQuZFpIkES8T9\/T09PDxQo9GgTqejrgHnS0iRkFEJ0w01AFXmYJGQjaQ09ywO\/aJdMV2QAIThx2ENOTODIxDtdlvRbDbp+fmZ7u7u6Pn5mSzLojDcTLpcTwEtd2jDtEjsIxrbRCKOow9DG65r0\/39Pd3e3tLNzY0qa5krwSLByZd6zkTZ7RcAdSav\/88CIgFACnxTyUiEjEZwx8X\/NhoNenp6oqenJ3p4eKDHx0eyLIviOH4b0hhRv98vLBKz2WQrRYc+ilJUJNI27oqi8G1Yo0PX19eKu7s7enx8pEajoRIuOTqh50mwTJhuqAGoMgeLBN9k8mbbxqFftCumCxIAJi0akScSPLxxfX1NT09P5HmeWkcijuPSRaIoed9\/zGTNbSLBUQmWiHa7SU9PD3R5eUlXV1cbIvH8\/EzNZpOazSa12+3c4Q0AQDp5\/X8WEAkAUpA3llz0SIoEI0Xi8fGRbm9vVWf3\/PxMjuOo5Muyhzbm82khiorIMURCbtbFEnF\/f0uXl+d0cXFBV1dXdHNzo\/IkWOBYJFgmdJFwXdd4Qw1AlYFIAHBE5E2VJxIyR4LH76+vr+ni4oIuLy\/p6emJwjCk6XRaWCTyhhZ4n4os8mZdyGGFQyg6\/ZNzInq9gHzfJcvqvEUizunnz+9KJG5vb5VIcFSi0WhsiISeJwGRAGA7B4sEN5CMLhb7cuiBAFA15JCGFAlet0AKhIxGsExcXl7S+fk5XV1d0ePjI7Xb7Y3OXE5zTJJ4o7NlqeBf+hwx4EWb0l6zb0TgEPSFo3RJkJETlgV5vll7avCiUywTvu9So\/FEl5fn9OvXD\/r9+yddXp6rSA+LRNrQhhQJOcTBK48CUFeK9s9lAZEAIAVZp+X9IdeNYJGQiZZ3d3d0d3e3IRIXFxd0c3NDDw8P1G43yXVtiuNIRSE4khDHUWonLDvqtI5c7phZtkhsS5rUIyJpxyrPlyMPTBSFFIY+OY5FjcYT3d3d0NXVBV1cnCmur6\/p5uYmVSQ4ZwUiAb4qpoUBIgHAjmRJBIsErx0hRYKjEvf392qK4tXVFZ2fn9PZ2Zka5ri4OKP7+1uyrA5FUfjhVzp3wpxwOBj01UJP3AmnDRFsixQck6zv5eOWEQkpOfpOnv1+TyG3CW+1GvTwcEeXl+d0fv6brq4u6Obmiq6v12XHEnF3d\/chPwIiAb46poUhUyTkMr88nlgE0ycEwLHQhzTkQlRpIvH8\/EwPDw\/08PCwIRMXFxeK379\/vnWIV\/TwcEfN5jM5jkX9fo\/G46HKNcjKaeDn5BBHWsdeFvr0TB0990HfxdP3Xer1AjWc0+\/3SM7KuL29pqurCzo7+0VnZ7\/o8vKcbm6uFCwRHI3YVyRM1ykAilC0fy4LiAQAKaRJBIsEr1UgRYJl4vHxUYnE\/f093d3dbSRgrmcenNH5+W\/6\/fsnnZ\/\/ppubK2o0nsiyOirEz5EIlgf+1S4Xa5LRCxnBKBO54qQuPUkSUxj6FIa+Og95rMPhYGOlSsexqNl8ptvba\/r9+yf99de\/6OLijK6uLuj6+pKury\/f8iIu6Pb2mh4e7lS5cjRCDmtAJMBXx7QwZIqE3C9A3nCHYvqEADgmsm5zbgRLBHdeWTLBMwr473XuxPuv68vLczo7+0W\/fv2gnz+\/069fP+j6+pLu729VpEL+es+adaHvTVEmuljos0I4EiFnX4ShT77vkuc5ZNtdarUadHd3QxcXZ\/Tr1w\/69esHnZ39UnkQ79Jwq4Y17u5u6OnpYaNceaaGHo3YJhKm6xMARSjaP5cFRAKADHSJ2EUkWq3WxhAHh9+lSNzd3dD9\/a1KJvz9+yf9+PEXff\/+b\/rXv\/6Hvn\/\/N\/3+\/ZOury\/p6emBOp0Wua5NQeBREHgUhr7KM9A7c5l7UAZysSiZ38CRCM6DCAJPScPT0wPd3d3Qzc0VXVyc0dnZL\/r58zt9\/\/7vtymdZ3R3d0PPz490fX1Jt7fXdH9\/Sw8Pdx9gMeNoBEQCnBKmheFoIuFYNjl29+3vzX8tp\/t2wtaHf13bIdc2fyEA2BVdIvQ9NqRIsEx0u11qNptqeINlgnMmuKO8u7uh29trur6+VKF8zg84P\/9Nv379oO\/f\/01\/\/fUv+vHjLzUMwr\/WG40n6nbb5Lo2haGvhhzKFgmm1wsoCDxy3fX9b1kd6nbbdHl5\/mH4hiMuP39+p9+\/f6rch+vrSxWd4XJg4eDIzPPzIzWbz0pGsiQCIgFOAdPCkCkS\/AtLrlGfhdXpktvtkNttkW11yLZaZFkdsuwWde0OtZ31v137\/XF+3fp9HbK7m+KyL189YlL0+E1XqKqzT\/3ix\/SdPmVUQgoFr3Apky95NgcjhzpkYiYj95JI4\/z8fCsyEZE3tJKrPOZlhXMd4nUyGo3GxtAMf8\/Z2dkG\/PjV1dUGfNw3NzdqNUqZ56APAUlkucmyZInISrLU27Ii7Q0Ap8S2\/n8be4lEt9tVYmBbLbLs1ptErGk7rTeZWMPP8+ttq1P4RCESEInPEImsm2tXkciSCb2z1GWCF7TKIk80uMPOev7Xr19b+fHjxwd+\/vypkJ+dJQs8RZPhtTVYcqREpAlElkRIsqIRWW2Z6QYagDrwaSKxjjgcTtETNd0RgXqzS\/3admPliYQc5tg1OqFHKLYhf9GnoU8\/vbm5oaurq7c1LC42Ovs0pBTo0yyzIipSCPJEIe1xWSZZAiHLU49GZIkEZAKA\/ThYJPQ9A\/QbcaPh7HaoZXWpabepZXWpZbepY3WpY7XfPvD9X36cX9e0u9SyutSxDjtQNAbgGOxTv7IEYptISJnQhUKXirRIRVanuitpv96z5GWXaEDW52Y9n\/Y58n3bnsuKPEhx4H+zciPyIhMAgGy29f\/b2FskmnaXnp0uNW17LQbd9Xiq1bHJ6rz\/2+3a1LG61LLst\/es\/4VIAJPsWr92ubmyRGKbVOiCkddB7yIKEv0Xv\/6+XSMf+loYzDb5SROFvGOWksD7lujyoKOXcZpIQCYA2J+DRWLXm7LdblOr06Yn26In26KGZVGza1GnY5HdssjRsFvr55rd9Wv5fe3uYQeKBgEcg33rly4OeSKhby+uC0Ve1CJPFPLIGi5hKUjrmLOOJa3jzops5IlP1tCE\/h3bntulrUqbvQEA2I1t\/f829hYJlgIpEV7TIr9hUfC8xm+sH5MywfJhWiRMX6ii51d2+Xx19im\/tBss7TF5\/6TdkGn3V5pQpA2F5A2N6KRFPPYZ1pA5DvqaDSwEevQk7bldIgtpwxNZArFrg5Y1FRQAkM+niUSzuxaDdseibnsdfWCJ6L3BMuG01q9pv8lEswuRKHp+ZZfPV2ef8ku7udJuujSR0N+3a8Rin4jBIRwa6WBpSEsolR1\/XkQjTxKKSESWtJm+pwGoCweLRN74o87DwxO1Wh1ybY\/cjkP2U5u6dw1yH9rUazrUazpk3Taoe9egsOOS13Wp8dSkx8dnare7Bx8oAFUg7\/7IY1dhKEskyqbo+eWRV76m6wc4bYq2D1Un6778fzgG\/GEdjUQRAAAAAElFTkSuQmCC\" alt=\"Pude\u0142ko apteczne Typ 11A 450ml\" width=\"530\" height=\"190\" \/><\/a><figcaption class=\"wp-caption-text\">Pude\u0142ko apteczne Typ 11A 450ml<\/figcaption><\/figure>\n<h5>Dost\u0119pne przek\u0142adki dla tego produktu<\/h5>\n<h6>Przek\u0142adka uszczelniaj\u0105ca &#8220;EPE&#8221;\u00a0 <img loading=\"lazy\" class=\"\" src=\"https:\/\/www.polipack.com.pl\/images\/products\/789-263-separator.jpg\" alt=\"Przek\u0142adka uszczelniaj\u0105ca &quot;EPE&quot;\" width=\"97\" height=\"97\" \/><\/h6>\n<h6>Przek\u0142adka Indukcyjna\u00a0\u00a0\u00a0\u00a0\u00a0\u00a0\u00a0\u00a0\u00a0\u00a0\u00a0\u00a0\u00a0\u00a0\u00a0\u00a0\u00a0 <img loading=\"lazy\" class=\"\" src=\"https:\/\/www.polipack.com.pl\/images\/products\/1496-263-separator.jpg\" alt=\"Przek\u0142adka Indukcyjna\" width=\"102\" height=\"102\" \/><\/h6>\n<p>\u00a0<\/p>\n<p><!-- \/wp:paragraph --><\/p><\/div>\n\t\t\t\t<\/div>\n\t\t\t\t<\/div>\n\t\t\t\t\t\t<\/div>\n\t\t\t<\/div>\n\t\t<\/div>\n\t\t\t\t\t\t<\/div>\n\t\t\t<\/div>\n\t\t<\/section>\n\t\t\t\t<section class=\"elementor-element elementor-element-1f68078 elementor-section-boxed elementor-section-height-default elementor-section-height-default elementor-section elementor-top-section\" data-id=\"1f68078\" data-element_type=\"section\">\n\t\t\t\t\t\t<div class=\"elementor-container elementor-column-gap-default\">\n\t\t\t\t<div class=\"elementor-row\">\n\t\t\t\t<div class=\"elementor-element elementor-element-644866c elementor-column elementor-col-100 elementor-top-column\" data-id=\"644866c\" data-element_type=\"column\">\n\t\t\t<div class=\"elementor-column-wrap  elementor-element-populated\">\n\t\t\t\t\t<div class=\"elementor-widget-wrap\">\n\t\t\t\t<div class=\"elementor-element elementor-element-2c68afb elementor-widget elementor-widget-text-editor\" data-id=\"2c68afb\" data-element_type=\"widget\" data-widget_type=\"text-editor.default\">\n\t\t\t\t<div class=\"elementor-widget-container\">\n\t\t\t\t\t<div class=\"elementor-text-editor elementor-clearfix\"><table>\n<tbody>\n<tr>\n<th colspan=\"2\">Sp\u00f3d<\/th>\n<\/tr>\n<tr>\n<td>Materia\u0142:<\/td>\n<td>PE<\/td>\n<\/tr>\n<tr>\n<td>\u015arednica:<\/td>\n<td>81.00 mm<\/td>\n<\/tr>\n<tr>\n<td>Wysoko\u015b\u0107:<\/td>\n<td>115.00 mm<\/td>\n<\/tr>\n<tr>\n<td>Waga:<\/td>\n<td>32.40 g<\/td>\n<\/tr>\n<tr>\n<th colspan=\"2\">Nakr\u0119tka<\/th>\n<\/tr>\n<tr>\n<td>Materia\u0142:<\/td>\n<td>PE<\/td>\n<\/tr>\n<tr>\n<td>\u015arednica:<\/td>\n<td>72.00 mm<\/td>\n<\/tr>\n<tr>\n<td>Wysoko\u015b\u0107:<\/td>\n<td>24.60 mm<\/td>\n<\/tr>\n<tr>\n<td>Waga:<\/td>\n<td>13.50 g<\/td>\n<\/tr>\n<tr>\n<th colspan=\"2\">Komplet<\/th>\n<\/tr>\n<tr>\n<td>Pojemno\u015b\u0107:<\/td>\n<td>450 ml<\/td>\n<\/tr>\n<tr>\n<td>Pojemno\u015b\u0107 ca\u0142kowita<\/td>\n<td>483 ml<\/td>\n<\/tr>\n<tr>\n<td>Materia\u0142:<\/td>\n<td>PE\/PE<\/td>\n<\/tr>\n<tr>\n<td>Wysoko\u015b\u0107:<\/td>\n<td>118.50 mm<\/td>\n<\/tr>\n<tr>\n<td>\u015arednica:<\/td>\n<td>81.00 mm<\/td>\n<\/tr>\n<tr>\n<td>Waga:<\/td>\n<td>45.90 g<\/td>\n<\/tr>\n<\/tbody>\n<\/table>\n<p>Opakowanie mo\u017ce by\u0107 u\u017cywane do produkt\u00f3w spo\u017cywczych.<\/p>\n<h2>Pakowanie:<\/h2>\n<table id=\"_technic_table\">\n<thead>\n<tr>\n<th>Nazwa<\/th>\n<th>Pakowanie <small>szt.<\/small><\/th>\n<th>Wymiar kartonu <small>[mm]<\/small><\/th>\n<th>Masa kartonu<sup>*<\/sup>\u00a0<small>[kg]<\/small><\/th>\n<th>Ilo\u015b\u0107 karton\u00f3w na palecie <small>szt.<\/small><\/th>\n<th>Ilo\u015b\u0107 sztuk na palecie <small>szt.<\/small><\/th>\n<th>Pakowanie zgrzewka <small>szt.<\/small><\/th>\n<th>Ilo\u015b\u0107 na palecie <small>szt.<\/small><\/th>\n<\/tr>\n<\/thead>\n<tbody>\n<tr>\n<td>Sp\u00f3d<\/td>\n<td>100<\/td>\n<td>580x380x360<\/td>\n<td>4.1<\/td>\n<td>20<\/td>\n<td>2000<\/td>\n<td>154<\/td>\n<td>2310<\/td>\n<\/tr>\n<tr>\n<td>Nakr\u0119tka<\/td>\n<td>500<\/td>\n<td>580x380x360<\/td>\n<td>7.7<\/td>\n<td>20<\/td>\n<td>10000<\/td>\n<td>\u00a0<\/td>\n<td>\u00a0<\/td>\n<\/tr>\n<\/tbody>\n<\/table>\n<p><small>*Podane warto\u015bci maj\u0105 charakter orientacyjny i nie mog\u0105 by\u0107 podstaw\u0105 do roszcze\u0144<\/small><\/p>\n<h2>Mo\u017cliwo\u015bci zadruku:<\/h2>\n<div class=\"hidden-lg\">\n<div class=\"_flex_table pl\">\n<div>\n<table>\n<thead>\n<tr>\n<th rowspan=\"2\">Nazwa detalu<\/th>\n<th colspan=\"3\">Pole zadruku &#8211; SITODRUK<\/th>\n<\/tr>\n<tr>\n<th>dno <small>[mm]<\/small><\/th>\n<th>obw\u00f3d <small>[mm]<\/small><\/th>\n<th>g\u00f3ra <small>[mm]<\/small><\/th>\n<\/tr>\n<\/thead>\n<tbody>\n<tr>\n<td>Sp\u00f3d<\/td>\n<td>x<\/td>\n<td>**<\/td>\n<td>x<\/td>\n<\/tr>\n<\/tbody>\n<\/table>\n<\/div>\n<div>\n<table>\n<thead>\n<tr>\n<th class=\"hidden-lg\" rowspan=\"2\">Nazwa detalu<\/th>\n<th colspan=\"3\">Pole zadruku &#8211; TAMPODRUK<\/th>\n<\/tr>\n<tr>\n<th>dno <small>[mm]<\/small><\/th>\n<th>obw\u00f3d <small>[mm]<\/small><\/th>\n<th>g\u00f3ra <small>[mm]<\/small><\/th>\n<\/tr>\n<\/thead>\n<tbody>\n<tr>\n<td class=\"hidden-lg\">Sp\u00f3d<\/td>\n<td>x<\/td>\n<td>x<\/td>\n<td>x<\/td>\n<\/tr>\n<\/tbody>\n<\/table>\n<\/div>\n<div>\n<table>\n<thead>\n<tr>\n<th class=\"hidden-lg\" rowspan=\"2\">Nazwa detalu<\/th>\n<th colspan=\"2\">Mo\u017cliwo\u015b\u0107 zastosowania HS <small>(wtop)<\/small><\/th>\n<\/tr>\n<tr>\n<th>na obwodzie<\/th>\n<th>na g\u00f3rze<\/th>\n<\/tr>\n<\/thead>\n<tbody>\n<tr>\n<td class=\"hidden-lg\">Sp\u00f3d<\/td>\n<td>x<\/td>\n<td>x<\/td>\n<\/tr>\n<\/tbody>\n<\/table>\n<\/div>\n<div>\n<table>\n<thead>\n<tr>\n<th class=\"hidden-lg\" rowspan=\"2\">Nazwa detalu<\/th>\n<th colspan=\"3\">Pole zadruku &#8211; ETYKIETA<\/th>\n<\/tr>\n<tr>\n<th>dno <small>[mm]<\/small><\/th>\n<th>obw\u00f3d <small>[mm]<\/small><\/th>\n<th>g\u00f3ra <small>[mm]<\/small><\/th>\n<\/tr>\n<\/thead>\n<tbody>\n<tr>\n<td class=\"hidden-lg\">Sp\u00f3d<\/td>\n<td>***<\/td>\n<td>***<\/td>\n<td>x<\/td>\n<\/tr>\n<\/tbody>\n<\/table>\n<\/div>\n<\/div>\n<\/div>\n<p><small>**Do ustalenia po otrzymaniu projektu<\/small><\/p>\n<p><small>x Brak mo\u017cliwo\u015bci zadruku<\/small><\/p>\n<p><small>Podane wymiary zadruku (mm) (wysoko\u015b\u0107 x d\u0142ugo\u015b\u0107)<\/small><\/p>\n<p><small>***Mo\u017cliwo\u015bci etykietowania okre\u015blone przez odbiorc\u0119<\/small><\/p><\/div>\n\t\t\t\t<\/div>\n\t\t\t\t<\/div>\n\t\t\t\t\t\t<\/div>\n\t\t\t<\/div>\n\t\t<\/div>\n\t\t\t\t\t\t<\/div>\n\t\t\t<\/div>\n\t\t<\/section>\n\t\t\t\t\t\t<\/div>\n\t\t\t<\/div>\n\t\t<\/div>\n\t\t","protected":false},"excerpt":{"rendered":"<p>Dost\u0119pne przek\u0142adki dla tego produktu Przek\u0142adka uszczelniaj\u0105ca &#8220;EPE&#8221;\u00a0 Przek\u0142adka Indukcyjna\u00a0\u00a0\u00a0\u00a0\u00a0\u00a0\u00a0\u00a0\u00a0\u00a0\u00a0\u00a0\u00a0\u00a0\u00a0\u00a0\u00a0 \u00a0 Sp\u00f3d Materia\u0142: PE \u015arednica: 81.00 mm Wysoko\u015b\u0107: 115.00 mm Waga: 32.40 g Nakr\u0119tka Materia\u0142: PE \u015arednica: 72.00 mm Wysoko\u015b\u0107: 24.60 mm Waga: 13.50 g Komplet Pojemno\u015b\u0107: 450 ml Pojemno\u015b\u0107 ca\u0142kowita 483 ml Materia\u0142: PE\/PE Wysoko\u015b\u0107: 118.50 mm \u015arednica: 81.00 mm Waga: 45.90 g Opakowanie [&hellip;]<\/p>\n","protected":false},"author":1,"featured_media":0,"parent":446,"menu_order":36,"comment_status":"closed","ping_status":"closed","template":"","meta":[],"_links":{"self":[{"href":"https:\/\/pepsyna.com\/index.php\/wp-json\/wp\/v2\/pages\/1148"}],"collection":[{"href":"https:\/\/pepsyna.com\/index.php\/wp-json\/wp\/v2\/pages"}],"about":[{"href":"https:\/\/pepsyna.com\/index.php\/wp-json\/wp\/v2\/types\/page"}],"author":[{"embeddable":true,"href":"https:\/\/pepsyna.com\/index.php\/wp-json\/wp\/v2\/users\/1"}],"replies":[{"embeddable":true,"href":"https:\/\/pepsyna.com\/index.php\/wp-json\/wp\/v2\/comments?post=1148"}],"version-history":[{"count":5,"href":"https:\/\/pepsyna.com\/index.php\/wp-json\/wp\/v2\/pages\/1148\/revisions"}],"predecessor-version":[{"id":1295,"href":"https:\/\/pepsyna.com\/index.php\/wp-json\/wp\/v2\/pages\/1148\/revisions\/1295"}],"up":[{"embeddable":true,"href":"https:\/\/pepsyna.com\/index.php\/wp-json\/wp\/v2\/pages\/446"}],"wp:attachment":[{"href":"https:\/\/pepsyna.com\/index.php\/wp-json\/wp\/v2\/media?parent=1148"}],"curies":[{"name":"wp","href":"https:\/\/api.w.org\/{rel}","templated":true}]}}