{"id":1140,"date":"2019-12-18T17:15:41","date_gmt":"2019-12-18T17:15:41","guid":{"rendered":"http:\/\/pepsyna.com\/?page_id=1140"},"modified":"2020-01-07T12:41:23","modified_gmt":"2020-01-07T12:41:23","slug":"pudelko-apteczne-typ-11a-300ml","status":"publish","type":"page","link":"https:\/\/pepsyna.com\/index.php\/pojemniki-plastikowe\/pudelka-apteczne\/pudelko-apteczne-typ-11a-300ml\/","title":{"rendered":"Pude\u0142ko apteczne Typ 11A 300ml"},"content":{"rendered":"\t\t<div data-elementor-type=\"wp-page\" data-elementor-id=\"1140\" class=\"elementor elementor-1140\" data-elementor-settings=\"[]\">\n\t\t\t<div class=\"elementor-inner\">\n\t\t\t\t<div class=\"elementor-section-wrap\">\n\t\t\t\t\t\t\t<section class=\"elementor-element elementor-element-18c5a8f1 elementor-section-boxed elementor-section-height-default elementor-section-height-default elementor-section elementor-top-section\" data-id=\"18c5a8f1\" data-element_type=\"section\">\n\t\t\t\t\t\t<div class=\"elementor-container elementor-column-gap-default\">\n\t\t\t\t<div class=\"elementor-row\">\n\t\t\t\t<div class=\"elementor-element elementor-element-12259b57 elementor-column elementor-col-100 elementor-top-column\" data-id=\"12259b57\" data-element_type=\"column\">\n\t\t\t<div class=\"elementor-column-wrap  elementor-element-populated\">\n\t\t\t\t\t<div class=\"elementor-widget-wrap\">\n\t\t\t\t<div class=\"elementor-element elementor-element-6328f744 elementor-widget elementor-widget-text-editor\" data-id=\"6328f744\" data-element_type=\"widget\" data-widget_type=\"text-editor.default\">\n\t\t\t\t<div class=\"elementor-widget-container\">\n\t\t\t\t\t<div class=\"elementor-text-editor elementor-clearfix\"><p><!-- wp:paragraph --><\/p>\n<figure style=\"width: 401px\" class=\"wp-caption aligncenter\"><a href=\"www.pepsyna.com\"><img loading=\"lazy\" title=\"Pude\u0142ko apteczne Typ 11A 300ml\" src=\"data:image\/png;base64,iVBORw0KGgoAAAANSUhEUgAAAZEAAACBCAYAAAABgId4AAAgAElEQVR4nO2d2VbjytJuef\/3OWOvKigKMOCmDMaNZPWyZLnBwNrdv6+\/c+GKrHCSsmzcSIa4mGPVojGyJOdURGRGns1mMxDT6XQn+GsJgrBf5PMnVJGzsg9AEARBOF1EIoIgCMKHWZHIfD7fibLfjCB8ZuTzJ1QRkYggnAjy+ROqiEhEEE4E+fwJVWSvEhEOy64Xu+zjL+L5eYb5fIr5fIrZbILZbKL+\/\/l5huk0w3SarXzv+XmGxWKOxWKufpYzm00wnWaYTMYrZFmKLEsxHicK+loe\/GdN0HHR39Thf9\/0XvJmWfHrb5qRtTx3z6VfP+FrIhI5Ib66RAhdEAQN9nyQ5oM3yYbQX\/Pvv1\/XYpIUp0gyaTpCmo6UsHShLBYLLBYLPD8\/v2Pd9S\/7uglfG5HICfHZJaILJE8keVEGj0xeXp7x+rrI5eXlGS8vzytSWffzr68LFElEjzT048+LhijK0a8TCYTLpfxrJAiriEROiK8kEZ7uoa+bUkBcMDTYv729rEQQb28veHt7MaaV+ECeJPFaKJLIQ48ueMpNT7vNZhNMJmMVoSRJjNFohCRJkKYpsizDdDrFfD5XIimKUMq\/fsJXRCRyQnwFiZjqCTQY6xGKLhP99+gJnwbpKApWCEMfYegjCDwEgaf+Pw\/Pc9bi+y5831WvFUUB4jjEaBRhNIqM9Rg6NpKILpLJZGKsf4hEhKogEjkhPrtE8orS9HVKZdHPmAbiPwNyhCgKEAQePM+B6w7VIO\/77srg77rDd9834Tj2WoZDS+E4tnpdk2x0ySRJjCzLkGUZxuMxxuMx0jRVJEmipKIX06ngXvb1E74mIpET4itIRE85cZHQUzyJg0RBkQI98Y9GEeI4VN8jaawTyCYUSSRPGoQuGDomilziOEYc\/4lIKCrhpGm6IhK6L0QiQlmIRE6Iry6RvHQUT0uZvlYUgZAgitJVRZIp+nl+LPR9HsVYlgXbtuE4DnzfRxRFSJIE4\/EYWZYhiiKMRqOVegndFyIRoSxEIkKFmCKKAqTpCDRllgrauiCojsEHZtPXisSwDdtELZtENDwaWabLHIXruvA8D2EYrtRJwjBEEAQYj8eYz\/+ktGTmllAWIhGhMkynmUpLTacZkiRWNQMuibzIouoSyaud\/BGKB9d14bquEonv+wiCAGEYIkkSkYhQOUQiQmWYTMbwfRdxHCLLUlXX0CWSJ5OqS4TLxCQSz\/OUSPSoxHVdJEmCIAgQBAHSNF05dyIRoSxEIkJlIIlEUfBOIkHg5dZDdLlUVSKmesjqz6zKI08ivu+LRITKIBIRKsN0miEIvJVIJI5DpOloK4FUVSJ6MV2f1TUcLuE1Ec\/z4Ps+fN\/HaDRS\/06SRH1m5bMrlIlIRKgMJJEoCjAeJ0oi43GiopF1oqi6RGx78A4+5ZfLg+ogHJNE5LMrlI1IRKgMlM4KAg9pOlIL8tJ0pIRCKa6iqKSKEjEtRiT5LY9\/KY4oitSakSiK3knE8zwkSaJWscv0XqFMRCJCZciyVNUOKPIIQ1+1LMnrikur1KsuEXqd1QWGoZrGbFpcGMexmpG1TiLy+RXKQiQiVIbpNFOD7GgUqUiEZmdRfYSkQv2oaDU778z7\/Dx71+QwjsOVHlg0mPu+u1VNg9c19O\/R6\/JjJ8nxrsH8WGeziWoAScdKURZFXp7nIElieJ4Dx7ERxyH0JpRlXz\/hayISESrDJhKhAZn6TmVZqmRhas5Iq9+zLAU1aeT7jhDjcWLcSMq0X4keEembV5m6+JLYqPcXfZ1axFMbl3USGY2iFYlMpxlEIkLZiESEyvBRiZAo+IZPvF3Kn02f5iCR6NKZTrOVTapMbNplWN\/\/hKIPvZ0LyY8EokuEJhlQ9DQaRaq2EkWBksifv1n+NRS+HiIRoTIUSSSKAtWhl57SSRiUDtJ3DtQHe4o69N0Fi7bG5WLiP6\/\/jXVb4pp+j46bVuZTuo4mCmwqkaVIyr+GwtdDJCJUhk0kQk\/s9D1KQ2VZuiIQGqh5CkpPZ\/E280WpLJ46yts0y7TnSdE+6xSJ8DUxJom47hBxHK5IRI+myr5+wtdEJCJUhiKJUF8tKpCTRPRIQn\/ypxQRDdoUifBBmAulCFNaKk9EJmnkpbN0idB7DgJPScRxbNj2AGHoq+P\/I7nyr6Hw9RCJCJVhG4nwRYkkBpNEdMHQIK1vZ7tJOotLSS+scznlFdx5KiwvEqF0Hc0aE4kIVUckIlSGTSRCgy2ts+AS4YP3uhoF\/xmehiqSiB6FmKIK0z4oBJcQlxKfKJAnEZqRxSWiv8+yr5\/wNTkr+wCEr8NiscB8PleL4xaLBV5eXvD8\/IzZbGbshcW3kaXCOh90SSIUWVCUQYM5RR68AE+LFPVIxBTN8JoKF4j+c9Np9q5Yr0cqehTDoyOKsHSJ0H8dx0YUBXAcG5bVh++7mE4zvL294OXl+ffss4WCzqm+P7sg7BuRiHA0+MA2m83w\/PyM5+dnTKdTZFm2Ig5C383wq0mERyJRFKjCuuc5avMumjDA916Xrr7CsRCJCEdFT51Op1OkaYo4jt+1A+G9skgoX0Ei1MJFr4lEUbCyup5awvypySy30aVeWiQTEYpwSEQiwtHQ0yqz2Qzj8fi3QHzVjJC3CyGJ0Ne\/ikRM60To35TechxbLcIcj5e7HsZxjCRJMJksp\/ySQCSdJRwKkYhwNPgT8nw+x2QyUVu+LvfNcNV+IjSYjkbRl4lE+PsjiZBESRYkVCqwD4cWgsD73RLFU23kR6OREgk\/94Kwb0QiwtHQJZJl2UqXWp7KokWF9IT+FWoiukT02WhcIry1vOc5vxck\/tkZke\/DPp9LJCIcDpGIcDSomL5YLDCbzVQthPbP4AV0Gjy5TL6SRCj64iv0aZGl3nX4z6ZcAVzXxXA4VFvo0vmWuohwKEQiwlGhQY0X1CmPb9p0ikRCA6tIZLWVPe2ZslxHsqwtOY4D3\/cxHo+xWCzw+vqK19fX0q+98DmplET4wkcTZR9f2e\/\/0BzrfdK03iiK4LouwjDEdDpdqYNwmVBqhwZ\/fbDnrdr1xX580NcXCa5Db9y4SX+totdcJyiSnSmFx3du5NOeSSjDoQXL6sNxHIzHy1lanuchDEMsFgu8vb1hMpl8mvvnVD+fZR\/\/oRCJVIjPLhFKqZBEwjCEbdvwPA9pmiqJcJlw6Ou6TPSBv6gJ4iYSMElkk55amzRw1Bs20vf5Lo0kEj0y45MMqDHjYNBDp\/MAy7KQJAnG47Hai30+n+P19VXNjDvl+6ds5PyYEYlUiK8gERIJScSyLAyHQ4RhuCIILgqCy4R\/j57o9f089M66pkE8rwOvvifIJhS9vr6\/CP+d2Wyysu2vHpVQ23ua9kznIIoCDAY9tNstdLtdxHGsJOJ5HrIsU50CTv3+KRs5P2ZEIhXiK0iEv9c4jjEcDjEcDn9PS12VhJ664pGIqX5RJJEiaHDn29e+vDzj9XWB19fFu9f96N\/J23mRp7hMIuFb\/NIGVnEcYjDoodVqoNPpIAxDZFmmpk1TcZ26BZzy\/VM2cn7MiEQqxGeXCL1H+jd\/Yg7DP+3deTFdj0ZM9RA9nZSXZioa0HlUYRLKrhLJS6HR++H\/TxEJj0RokSFfGxJFAfr9LlqtBrrdrpLIaDRCEARI0xTz+VwkUoHPZ9nHfyhEIhXiK0lksVhgMpmoJ2a+TsQkE5phpddAeOSxa00krw6yiyTyaiJ52+1yieiTDGgmFq1ep2jF8xz0+13Y9nKG1mQyQZqmGI1GyLJld1+RSPmfz7KP\/1CIRCrEZ5cIDWT078lkgiAIMBwO4TjOu8aL+loRfcpsnjQ+WhMxScRU09hnTUSXCUmEBMF7h\/FzQ1EaLUxc9tIKkaYpptMpJpOJmpHFW5+c8v1TNnJ+zIhEKsRnlwgVeOfzpUSyLIPneRgMBuj3+8bFhlwiRVN8iwbqbYrkptoIT3GZ2FQy+tf0fUp4KosEQq1OaHEhrRFx3SFsewDL6iNJEtWAka4nbwt\/6vdP2cj5MXO264kRhE2hlu\/T6VRFIr7vo9frodPpoNd7gm0PVJ8oEgYNqPrMpSSJV7a5zVsLsu0UX54my5tNpae3aJ3KtutROHodSBcJtTcJQx\/9fheNxj3q9Tv0ek+IokCd19lspvpmvb6+4vn5GUmSlH79hc+JSEQ4GvRUTOmVJEngOA5s24bruuj3u7CsvuoHRV1seTSiz9zi5C3uI\/S1JvoWtnkCMqW21hXuTfWN8TiBqY7CX1M\/Xr0uQpHHYNDD42Mb7XYLT0+PcN0hRqNoJfKYTCaYTqfq\/7MsK\/36C58TkYhwNF5eXlRKazwe\/xZHH8PhEKPRSLU3Hw4t1aGWUjgUnVCBXS9458144msvitaBmAZ+0ywwXRQmafG\/S2w63ZfkwVNZQeDB8xxYVh\/dbgfdbge2PVD9sxzHxmQyWelNZmoHLwj7RiQiHA16Iqbpp5ZlodvtwrKs33thrDYYJJlQzp9kQjOTaFrsputDTIM8H+h1AdHrz+dTLBZzbCqRvFXvpjoIfw1KX1GhnNqZELxzL0k1CDw1xZem9M5msxVpkEjKvv7C50QkIhyVOI7hui5c14XneXAcR83OMu1mSEKhvcU5w6EF1x2qqcGbtEBZl1LSU1k08NOCw3WSmk6zjWZq6REHiWO5H4ijIjH+Pikqo2I6vV8qtvf7XTw+ttHr9eA4jnGBoUhEOBQiEeFoUKsT2u8iSRIVldCmVHw\/Eb2HFt\/Vj6ITnvbi6G3SaU9yqoWQaHjxXC9s67O\/TFGHXpfRFwnSYE+DP\/3b8xwlR4ouKOoiOernw9R00bYHat1Ip9NBv99HGIaYzWYqrXWMvlnC10UkIhyN8XiMKIrUzntZlmE8HiNJEqRpurIWgtZDmFau8xlaPHrhg7Fl9TEY9NDvd9Hvd9HrPaHTeUCn84Cnp0cjJB2+6JFHQjr09+hvDgY9I3QMemShCy9vkSXfqIoEwqMTWjdi2zYGgwFc11UbUs1ms6N08BW+LiIR4WiMRiOEYYgoipQ4qOvsstierAyWNKjzwZXvDaIXpPlCPXpyp4I0X0\/R73fR7XbUDKdWq4Fms47BoKfSZDRQ93pP6ufa7RZ+\/WoqWq2Gotms49evJtrtFh4f2+h2OxgMerDtwcrkABIUrXuhtJmeHqN0lx6B0WvxvUaCwMNwaCGKIrWz4Wg0wnQ6VQsPpbAuHAqRCIM+dHlU\/fgOza7Hn6YpoihCFEVI0xSTyURFI8spqdmKBPQFh6bUkWmKr15spzpFUWFcX\/BHK8b5DKl1\/b1Ma1P03ly8NpI3iyxvTxX9GPRV\/VEUYTQawfd9hGGoZmplWaam\/J4yZX++T\/39H+r8iUT2eJOVfXxVv4lp5z3f95EkiZIIpVv05oP6niKmWgUXxbr9QbIsfVcQ1382r72J3u8qr7huWnOy7R4mejRFEssTB097LWe4LScu0F4iJJGy750q3H+7vv6pv\/9DnT+RyB5vsrKPr+o3MW3d6rou4jhGlmVKIvP53LjYjsuES4RmQ9HMqbe3l5VV5XwVOT3l5w3epmm9PJIx\/Xvd2pS8xYt5jR11YdFx80iIp6\/0Wgnh+z6CIIBt23AcB9Ppn84A8\/m89Pun7Ptv19c\/9fd\/qPMnEtnjTVb28VX9JvY8T03npZRWmqYqnWVaSa63OeGpI30KLkF9rkxCMYmKp5JMM630qChvU6yiqKOo91be9F9Ka63b9XE5RdiD7\/sYDAawLEt18J1Op2pf+1Om7M\/3qb\/\/Q50\/kcgeb7Kyj6\/qN3EYhmqNCOXv4zhGHMdIkmSl1qAP3nw3v7ytcYsaIG7Sqn1dA0d98aAeSRR18eWNHLngSB4mcenC0LfM5fuv09qbfr8Py7LUhIXpVCSyj8\/3qb\/\/Q50\/kcgeb7Kyj6\/qNzFfE0ISCcMQQRAgiqJ3RWudvDUZhGmzKlPKSI8A+OD+8vKMt7cX\/P33K\/71r7\/x73\/\/U\/HPf77h779f8fffr3h7e1np7Gt63bzaip5q4+8hL1XF28LzQvvqmhNHdUW27T9tUOi\/Zd8\/Zd9\/u77+qb\/\/Q50\/kcgeb7Kyj6\/qN3GSJAiCAL7vI47jdxLRW8Gvm\/1kqkGs63eld+Tl8qA0GH2f11lIGlweppQZtUYxRTCmHl9578HUd0uXiFkgyzqI7\/uqJjKbzZREqnD\/lH3\/7fr6p\/7+D3X+RCJ7vMnKPr6q38QUiXCJLCOQ8Pf\/v5\/Wy3tkmabNbrOpVFFRm0vFlHZaV894eXnOjTqKNs3K21uETyzQp\/3S2hFqlbJcP7KclTUcDuF5nszO2vPn+9Tf\/6HO39kx32TR79NubHmUfZHKfv2i83Nodr0JafqpbdsqpaVLRJ+BxFM9PJqgSIGTl0rK21mQbzjF91A3RSREXvF+202vTNBr8hlaptX5ppTWcjGig36\/j36\/jyAI3kUgu17\/U\/\/8lf35qfr5\/+j5E4kc8SYWiewmkbx6x6bppKJIhddA\/vOff+G\/\/\/03\/u\/\/\/oP\/\/e+\/+N\/\/\/rsiEJNEigr3fAaZCX0Fvj7NeZ1AlhGJSKTKn5+qn\/+Pnj+RyBFvYpHIbhIxNUfUu+7mreEwLfwzdfFdN\/vKNI2YC2uT\/ULWUTRxQJ+NRfLghXWRSHU\/P1U\/\/x89f3uVyKEvctnHVzanfhPvKhFT4bxoIyr999ctBly34jyvXYq+SHEd62Ze6e\/VNMV3nUCOIZGq319lH3\/ZlHV+RCInRNVv0iL2kc7KE0hee3b++0Wvb1psyCWRt9CPahX6a+mYZmLlzcoyFdJFItX+fJRNWednrxI59Jsse5Au+\/XLvkl3ZVeJmCIKPvCu65tlQo82iiIF0x7s+8TU6oULpOx0FrWpORS7fj52ff2qU\/T+dj0\/Hz1\/IhGRyNHYV03EtLeIPsibnvDztq0lNmlLskvNY9N01qYr1Y9dWBeJlItIZIObYNffL\/v4yz4\/VWefNRG9SWPeqm\/TQJzXBTevJ1XR7+d9X6dIIkXvv+wpviKRcqmsRLY5yEOfhKq\/vrAbQRCoPdV931cCoRYom9ZEPkrRfiRFNY0ioW36O5v8\/XVSI5G8T2m56Ha76Ha7CMNQDRxpmh5cAFVg1\/Gh6sdX9viX97oiEeFoiEREIlUepKt+fGWPf3mvKxIRjsZnkUjeDC6RyGkP0lU\/vrLHv7zXPSv7xApfh6pLZFdEIsJXRCQiHA2RiEhE+HycjcdjEEU\/zH\/2I5z66wu7UXWJfPR1PpoGE4nsl13Hh6ofX9njX97rikSEo\/FZJMJf6yPFeJFINQfpqh9f2eNf3uuKRISjIRIRiVR5kK768ZU9\/uW97tmuLywIm1IkEdPq7Y8O8qcoEZNQ9O1x+YJDWmzI2550u130+31EUYTJZII0TZEkCSaTSenXX\/iciESEoyESObxEer2eSEQ4KiIR4WiIRA4rEdd1cyUi6VzhUJylaQpBOAYikeNIZDAYII5jJZHRaASqjQjCvhGJCEdDJHJYiXieh36\/vyKRJEkwGo0wHo9Lv\/7C5+QsSRIIwjEQiRxXIlmWIUkSxHGMNE1Lv\/7C50QkIhwNkchhJeL7PgaDgUhEOCoiEeFoiESOIxHLskQiwtEQiQhHIwxDuO5y86QwDDEajRDH8aeRyDaS+IhETAsOw9BXCw5d14VlWbAsC0EQqJx1kiQiEeFgiESEoyESEYkInw+RiHA0RCKHlYjneUaJLM9t+ddf+JycLXsWCcLhEYkcVyL0IS\/7ugufm7OyD0D4OohEji8ROsdxHJd+\/YXPyRndYIJwaEQix5OI7\/sr5zeKotKvv\/A5EYkIR0MkUo5EwjBEGIalX3\/hcyISEY6GSEQkInw+zijUFYQi+I3Dv06D1DqiKILjOHCc5WBHEuF5+1OSyEdef1eJ0EJDXSK0OdVwOMRwOIRt23BdF0EQrFyjIAjWUvb9JVSbvM+2SETYmCKBBEGwViSu68J1Xfi+r56MqTgnEtmPRCgSGQ6XvbRIEL7vi0SEnRCJCHtFl8cmeJ6nBjOKTqIoUjIRiewmEdu2YVmWan1CUZ\/neUre6yj7nhKqTa5ENklFCIIJLgjToEQDGIdLhBCJ7EcijuPAtm3VhHE4XO52SHUo07XglH0\/CdUm7+FQJCJsRZE4uDwofUW1EMdx1GDFn2yWqaxEJLKjRDzPUymtwWAA27aVRPh1oP\/XZVL2vSVUm1yJbJqKEASiKNrggxYv9lqWBdd1EUXL2VgkkjimLrMikV0k4vs+HMdZSWlRNMKvBZeJHiEKQh55D40iEWFj8uTBn2x1gZA8LMvC09MThsOhijyooD4ajUQie5TIYDBQe61blgXbtlfgaS6RiLApIhFhZ9YJhGMSyGAwwOPjI2zbRhzHGI\/HSJJEJHKAdFav18PT0xO63a7a6ZAiE5KISSRl319CtcmVSNGMDUHQyUtZ6akreiLu9XrodrtqUKNNqSgi+dOmfL1EJpPxThxTAh+RVJFE6P\/5osMw9OG6Q9j2QG2P+\/DwgHa7jU6ng263i6enJzw+PqprQWLhUYmp8C4ImyASEbbG87yVQi2XBxdIv99X8nh6ekK73Ua324XjOAiCP9N8N52dtaskttmF8CPw4zexayRCAuE7HIahD89zMBwuo4xut4tfv36h1Wrh8fFxrUT0mknZg5FwmohEhK2gG8cUhXB5UPTx9PSETqeDTqeDer2uUlq+\/ycHT8X1Q0tk10jmmJFOXtsTSmMR1PbEcWwl6kajgWazqaIRkki3230nER6NlD0YCafJWdkHIJweptqHbdvo9\/tGgTw+PuLh4QH39\/doNpvodDoYDocIw3CrFetlS+DQbBKJcInQv0kirVYLjUYD9\/f3qNfr+PXrFx4fH5XESSK9Xs9YIzHVtwShCJGIsDWu+376LkkkTyDtdhv1eh13d3eo1+t4enpCEAQYj8dI03QvEplOs7UUPf0XpaOKKEp3bXN869JZvAljEHhwHBuW1cf9\/T3u7u5we3urhP3w8KBEQqlFvS5CIil7MBJOk7OyD0A4TfQoxLKslSK6SSLNZhN3d3eo1WpoNpsYDAaIokhN9z10JFI0iB860tmHRLhIoiiA6w7R7XbQbrdQq9VQq9VWJMKjEZqxtS6lJQjbIhIRtoZuHn0a77pI5OHhAc1mE\/V6Hbe3t7i9vUWj0UC324Xv+3uZnVUUacxmk7XM59OdKJLEruksfYpvEHjo97toNuu4vv6Jm5sb1Go1Fe2RRB4eHpRE9Km\/fB1J2YORcJqIRIStcZz3K9FJIlwkukSo4Fuv13Fzc4PLy0vc3d1hMBhstE6kSCJF6SaeCjKx6xRePmvKRFG6q0giYeiv1EJcd4hO5wG12jW+f\/8L19fXqNVqqibSbDbRarWMEtHrIiIR4aOc6XP8BWETeBqL0NNZPJXVbrfRarVQr9dRq9VwdXWFq6srXF9f4\/b2FvV6\/V3ReDSK1NRY\/qTOB94sSzGdZpjPp8aZWFWqifDivUkUURRgNIpWhEJfDwJPfT+OQ1hWH\/X6HS4vL3B5eYGbm6u1kcjDw8M7ifC0FjVsFIRtEYkIW8NbaGwjEZ7Our6+VhKhPH6n84DBoIcg8FQhejIZI01HiOMwd\/DlQjE9yW8aaRx7HYn+\/efnGWazCcbjRNU8uFCpiN7rPaHVauD29gZXV5f4+fMHrq4u1Xk0SeTx8VEkIhwEkYiwFXkC2UYiVFy\/ubnB9fW14urqEvX6HbrdDnzfXVmgR0\/kPELhT+wkkTyRbBIpHHqxYV7qiqfDaO0Hwd+zbQ\/w8PALtdo1fv78gevrn6jVrnF9\/ROXlxdKIPf392g0Gmi1Wmi32yIR4aCc6c3ZBGETuDxoECqSSKPRQKPRQL1ex\/39PW5vb3Fzc4Orqyv8\/LkcCH\/+\/IGbmys0GvfodB4wHFqI41ANsnq6h0cbRQP2rumqfdVc+DFTvSSKAjiODd93V9JWnufAsvro9Z7w61cTt7c3+PHjHBcX33F9\/RN3dzXUaksBk0B4PWQbiZR9TwmniUhE2BqTQDaRSLPZVNCiuFqtplJbNzdXuLq6VHn+6+ufqNfv8PjYRr\/fffdkrjci5Cu56ec4RRIoKowXUSQR\/rN8xTk1UeQRTRj6oMjj9vZGRR5XV5e\/Z2Jd4fb2Bnd3NUW9Xke9XldRCE9liUSEQ3GmpyQEYVO4QGhWVlFhneCprdvb29+zim7VkzUXCj151+t3aDbrSiquO0QUBSrttW7Q3mSQ1yW0LbtIhqIO2x6g03lAo3GPm5sr\/Pz5Q0mVCuj397doNO7V+aLzQpEe1UJ4FGKanaVLpOz7SThNRCLCh9AFsolE2u22ag5I0Qilt5YprlvU63eo1+9wf3+rCsfn59\/w7ds\/8I9\/\/D98+\/YP\/PhxjlrtGq1WA91uB7Y9gOsO4Tg2HMeG5znwfRdh6K\/UUIoG+V0lsolkaKaV5zlwHBu2PcBg0EO\/31VpqYuL7\/j+\/S98\/\/4XLi8vUKtd4\/7+Vv230bhHo3GvzlWzWcevX3+iPIpCRCLCMRCJCB9CF8gmEqF\/c5Hwge\/+\/lZBKZrb2xsFPZVfXHzH+fk3fP\/+F87Pv+Hi4jt+\/DhXT+W\/fjXR6TzAsvrwPEfJ5NAUSYSk0es9od1uoV6\/w\/X1T\/z4cb7yPi4vL3B1dalSViTXVquh5EFfazbraLUaaLdbuQIRiQiH5Iw\/UZZ9MEXwYzWx6+9\/dbgQTKyLPvieISQR3sG30+msRCOEnuLiEQqPUij1RekvSoFxaO3Jskh\/iR8\/fuDi4gLn5+c4Pz9XU19pAV6324VlWXCcZQfbok15ivag5ossqQbEJxDox0vvg94X5\/7+XkHvn58rfg75eSV55EUgvH8WSUQQdkEkImwtEf61j0gkTyR5UiG4UPggywdfLhiaQkxy0QVzfn6O79+\/49u3b\/jrr7\/w7du3tVxcXKyF\/rYOSY1vnVwAAAHHSURBVGOdIDhconq0licQDhdIkUREJMKunJU1YAnVo+hm0X+GD0SbSISekPNkog+GeRFLXuSif00XTt73aHC\/ublZS54kuCz4Wg0Sgn6cuhRM5EUapnNF55VTJBERibAvzso+AKE66FLQyftZfXDKkwjvo6XLRB8MiwZOk1zyvkeDNskkbwaT6al+V\/JEuO49FZ0T0\/fo3PIaCBcIJ08kgvARRCKCouhmMf2cSSDrJMLRB8iPSERPh+VFLnm1Fp4S09Nn28KPXZ88QJHSunSU6evrzpF+Prk81klERCLsk7OyD0CoDnlCyBtsdGkUSSRPKPrTdNGTt2nQzUt5cdb9bdPf0zEN2hz9eNZJwiSKIomY5JF3fk3i0L9edL0FYRPOthlEymbfg6Dw8fPHv24alEwSKYpOikTzkYGfw2sUpqmwRRIySYJTNNCvS0Xp6bR10YZ+rvKiDZNERCTCvhGJCDtJJG9AWieRPJGYfj8vmjEJpShSKJKQ6al\/G2EVpeNMx2qaeJD3\/V0Eknctyv5MC6fP2TY3oSCsIy+1simbSmATOVSRQ7+\/Xc9\/2fePcJqIRIS9IRIRiQhfD5GIsDdEIiIR4evx\/wEf8pTLqzfehQAAAABJRU5ErkJggg==\" alt=\"Pude\u0142ko apteczne Typ 11A 300ml\" width=\"401\" height=\"129\" \/><\/a><figcaption class=\"wp-caption-text\">Pude\u0142ko apteczne Typ 11A 300ml<\/figcaption><\/figure>\n<h5>Dost\u0119pne przek\u0142adki dla tego produktu<\/h5>\n<h6>Przek\u0142adka uszczelniaj\u0105ca &#8220;EPE&#8221;\u00a0 <img loading=\"lazy\" class=\"\" src=\"https:\/\/www.polipack.com.pl\/images\/products\/789-263-separator.jpg\" alt=\"Przek\u0142adka uszczelniaj\u0105ca \" width=\"97\" height=\"97\" \/><\/h6>\n<h6>Przek\u0142adka Indukcyjna\u00a0\u00a0\u00a0\u00a0\u00a0\u00a0\u00a0\u00a0\u00a0\u00a0\u00a0\u00a0\u00a0\u00a0\u00a0\u00a0\u00a0 <img loading=\"lazy\" class=\"\" src=\"https:\/\/www.polipack.com.pl\/images\/products\/1496-263-separator.jpg\" alt=\"Przek\u0142adka Indukcyjna\" width=\"97\" height=\"97\" \/><\/h6>\n<p>\u00a0<\/p>\n<p><!-- \/wp:paragraph --><\/p><\/div>\n\t\t\t\t<\/div>\n\t\t\t\t<\/div>\n\t\t\t\t\t\t<\/div>\n\t\t\t<\/div>\n\t\t<\/div>\n\t\t\t\t\t\t<\/div>\n\t\t\t<\/div>\n\t\t<\/section>\n\t\t\t\t<section class=\"elementor-element elementor-element-92a6687 elementor-section-boxed elementor-section-height-default elementor-section-height-default elementor-section elementor-top-section\" data-id=\"92a6687\" data-element_type=\"section\">\n\t\t\t\t\t\t<div class=\"elementor-container elementor-column-gap-default\">\n\t\t\t\t<div class=\"elementor-row\">\n\t\t\t\t<div class=\"elementor-element elementor-element-c973022 elementor-column elementor-col-100 elementor-top-column\" data-id=\"c973022\" data-element_type=\"column\">\n\t\t\t<div class=\"elementor-column-wrap  elementor-element-populated\">\n\t\t\t\t\t<div class=\"elementor-widget-wrap\">\n\t\t\t\t<div class=\"elementor-element elementor-element-76c8d68 elementor-widget elementor-widget-text-editor\" data-id=\"76c8d68\" data-element_type=\"widget\" data-widget_type=\"text-editor.default\">\n\t\t\t\t<div class=\"elementor-widget-container\">\n\t\t\t\t\t<div class=\"elementor-text-editor elementor-clearfix\"><table>\n<tbody>\n<tr>\n<th colspan=\"2\">Sp\u00f3d<\/th>\n<\/tr>\n<tr>\n<td>Materia\u0142:<\/td>\n<td>PE<\/td>\n<\/tr>\n<tr>\n<td>\u015arednica:<\/td>\n<td>81.00 mm<\/td>\n<\/tr>\n<tr>\n<td>Wysoko\u015b\u0107:<\/td>\n<td>78.30 mm<\/td>\n<\/tr>\n<tr>\n<td>Waga:<\/td>\n<td>22.40 g<\/td>\n<\/tr>\n<tr>\n<th colspan=\"2\">Nakr\u0119tka<\/th>\n<\/tr>\n<tr>\n<td>Materia\u0142:<\/td>\n<td>PE<\/td>\n<\/tr>\n<tr>\n<td>\u015arednica:<\/td>\n<td>72.00 mm<\/td>\n<\/tr>\n<tr>\n<td>Wysoko\u015b\u0107:<\/td>\n<td>24.60 mm<\/td>\n<\/tr>\n<tr>\n<td>Waga:<\/td>\n<td>13.50 g<\/td>\n<\/tr>\n<tr>\n<th colspan=\"2\">Komplet<\/th>\n<\/tr>\n<tr>\n<td>Pojemno\u015b\u0107:<\/td>\n<td>300 ml<\/td>\n<\/tr>\n<tr>\n<td>Pojemno\u015b\u0107 ca\u0142kowita<\/td>\n<td>321 ml<\/td>\n<\/tr>\n<tr>\n<td>Materia\u0142:<\/td>\n<td>PE\/PE<\/td>\n<\/tr>\n<tr>\n<td>Wysoko\u015b\u0107:<\/td>\n<td>81.90 mm<\/td>\n<\/tr>\n<tr>\n<td>\u015arednica:<\/td>\n<td>81.00 mm<\/td>\n<\/tr>\n<tr>\n<td>Waga:<\/td>\n<td>35.90 g<\/td>\n<\/tr>\n<\/tbody>\n<\/table>\n<p>Opakowanie mo\u017ce by\u0107 u\u017cywane do produkt\u00f3w spo\u017cywczych.<\/p>\n<h2>Pakowanie:<\/h2>\n<table id=\"_technic_table\">\n<thead>\n<tr>\n<th>Nazwa<\/th>\n<th>Pakowanie <small>szt.<\/small><\/th>\n<th>Wymiar kartonu <small>[mm]<\/small><\/th>\n<th>Masa kartonu<sup>*<\/sup>\u00a0<small>[kg]<\/small><\/th>\n<th>Ilo\u015b\u0107 karton\u00f3w na palecie <small>szt.<\/small><\/th>\n<th>Ilo\u015b\u0107 sztuk na palecie <small>szt.<\/small><\/th>\n<th>Pakowanie zgrzewka <small>szt.<\/small><\/th>\n<th>Ilo\u015b\u0107 na palecie <small>szt.<\/small><\/th>\n<\/tr>\n<\/thead>\n<tbody>\n<tr>\n<td>Sp\u00f3d<\/td>\n<td>170<\/td>\n<td>580x380x450<\/td>\n<td>4.8<\/td>\n<td>16<\/td>\n<td>2720<\/td>\n<td>0<\/td>\n<td>0<\/td>\n<\/tr>\n<tr>\n<td>Nakr\u0119tka<\/td>\n<td>500<\/td>\n<td>580x380x360<\/td>\n<td>7.7<\/td>\n<td>20<\/td>\n<td>10000<\/td>\n<td>\u00a0<\/td>\n<td>\u00a0<\/td>\n<\/tr>\n<\/tbody>\n<\/table>\n<p><small>*Podane warto\u015bci maj\u0105 charakter orientacyjny i nie mog\u0105 by\u0107 podstaw\u0105 do roszcze\u0144<\/small><\/p>\n<h2>Mo\u017cliwo\u015bci zadruku:<\/h2>\n<div class=\"hidden-lg\">\n<div class=\"_flex_table pl\">\n<div>\n<table>\n<thead>\n<tr>\n<th rowspan=\"2\">Nazwa detalu<\/th>\n<th colspan=\"3\">Pole zadruku &#8211; SITODRUK<\/th>\n<\/tr>\n<tr>\n<th>dno <small>[mm]<\/small><\/th>\n<th>obw\u00f3d <small>[mm]<\/small><\/th>\n<th>g\u00f3ra <small>[mm]<\/small><\/th>\n<\/tr>\n<\/thead>\n<tbody>\n<tr>\n<td>Sp\u00f3d<\/td>\n<td>x<\/td>\n<td>**<\/td>\n<td>x<\/td>\n<\/tr>\n<\/tbody>\n<\/table>\n<\/div>\n<div>\n<table>\n<thead>\n<tr>\n<th class=\"hidden-lg\" rowspan=\"2\">Nazwa detalu<\/th>\n<th colspan=\"3\">Pole zadruku &#8211; TAMPODRUK<\/th>\n<\/tr>\n<tr>\n<th>dno <small>[mm]<\/small><\/th>\n<th>obw\u00f3d <small>[mm]<\/small><\/th>\n<th>g\u00f3ra <small>[mm]<\/small><\/th>\n<\/tr>\n<\/thead>\n<tbody>\n<tr>\n<td class=\"hidden-lg\">Sp\u00f3d<\/td>\n<td>x<\/td>\n<td>x<\/td>\n<td>x<\/td>\n<\/tr>\n<\/tbody>\n<\/table>\n<\/div>\n<div>\n<table>\n<thead>\n<tr>\n<th class=\"hidden-lg\" rowspan=\"2\">Nazwa detalu<\/th>\n<th colspan=\"2\">Mo\u017cliwo\u015b\u0107 zastosowania HS <small>(wtop)<\/small><\/th>\n<\/tr>\n<tr>\n<th>na obwodzie<\/th>\n<th>na g\u00f3rze<\/th>\n<\/tr>\n<\/thead>\n<tbody>\n<tr>\n<td class=\"hidden-lg\">Sp\u00f3d<\/td>\n<td>x<\/td>\n<td>x<\/td>\n<\/tr>\n<\/tbody>\n<\/table>\n<\/div>\n<div>\n<table>\n<thead>\n<tr>\n<th class=\"hidden-lg\" rowspan=\"2\">Nazwa detalu<\/th>\n<th colspan=\"3\">Pole zadruku &#8211; ETYKIETA<\/th>\n<\/tr>\n<tr>\n<th>dno <small>[mm]<\/small><\/th>\n<th>obw\u00f3d <small>[mm]<\/small><\/th>\n<th>g\u00f3ra <small>[mm]<\/small><\/th>\n<\/tr>\n<\/thead>\n<tbody>\n<tr>\n<td class=\"hidden-lg\">Sp\u00f3d<\/td>\n<td>***<\/td>\n<td>***<\/td>\n<td>x<\/td>\n<\/tr>\n<\/tbody>\n<\/table>\n<\/div>\n<\/div>\n<\/div>\n<p><small>**Do ustalenia po otrzymaniu projektu<\/small><\/p>\n<p><small>x Brak mo\u017cliwo\u015bci zadruku<\/small><\/p>\n<p><small>Podane wymiary zadruku (mm) (wysoko\u015b\u0107 x d\u0142ugo\u015b\u0107)<\/small><\/p>\n<p><small>***Mo\u017cliwo\u015bci etykietowania okre\u015blone przez odbiorc\u0119<\/small><\/p><\/div>\n\t\t\t\t<\/div>\n\t\t\t\t<\/div>\n\t\t\t\t\t\t<\/div>\n\t\t\t<\/div>\n\t\t<\/div>\n\t\t\t\t\t\t<\/div>\n\t\t\t<\/div>\n\t\t<\/section>\n\t\t\t\t\t\t<\/div>\n\t\t\t<\/div>\n\t\t<\/div>\n\t\t","protected":false},"excerpt":{"rendered":"<p>Dost\u0119pne przek\u0142adki dla tego produktu Przek\u0142adka uszczelniaj\u0105ca &#8220;EPE&#8221;\u00a0 Przek\u0142adka Indukcyjna\u00a0\u00a0\u00a0\u00a0\u00a0\u00a0\u00a0\u00a0\u00a0\u00a0\u00a0\u00a0\u00a0\u00a0\u00a0\u00a0\u00a0 \u00a0 Sp\u00f3d Materia\u0142: PE \u015arednica: 81.00 mm Wysoko\u015b\u0107: 78.30 mm Waga: 22.40 g Nakr\u0119tka Materia\u0142: PE \u015arednica: 72.00 mm Wysoko\u015b\u0107: 24.60 mm Waga: 13.50 g Komplet Pojemno\u015b\u0107: 300 ml Pojemno\u015b\u0107 ca\u0142kowita 321 ml Materia\u0142: PE\/PE Wysoko\u015b\u0107: 81.90 mm \u015arednica: 81.00 mm Waga: 35.90 g Opakowanie [&hellip;]<\/p>\n","protected":false},"author":1,"featured_media":0,"parent":446,"menu_order":32,"comment_status":"closed","ping_status":"closed","template":"","meta":[],"_links":{"self":[{"href":"https:\/\/pepsyna.com\/index.php\/wp-json\/wp\/v2\/pages\/1140"}],"collection":[{"href":"https:\/\/pepsyna.com\/index.php\/wp-json\/wp\/v2\/pages"}],"about":[{"href":"https:\/\/pepsyna.com\/index.php\/wp-json\/wp\/v2\/types\/page"}],"author":[{"embeddable":true,"href":"https:\/\/pepsyna.com\/index.php\/wp-json\/wp\/v2\/users\/1"}],"replies":[{"embeddable":true,"href":"https:\/\/pepsyna.com\/index.php\/wp-json\/wp\/v2\/comments?post=1140"}],"version-history":[{"count":3,"href":"https:\/\/pepsyna.com\/index.php\/wp-json\/wp\/v2\/pages\/1140\/revisions"}],"predecessor-version":[{"id":1281,"href":"https:\/\/pepsyna.com\/index.php\/wp-json\/wp\/v2\/pages\/1140\/revisions\/1281"}],"up":[{"embeddable":true,"href":"https:\/\/pepsyna.com\/index.php\/wp-json\/wp\/v2\/pages\/446"}],"wp:attachment":[{"href":"https:\/\/pepsyna.com\/index.php\/wp-json\/wp\/v2\/media?parent=1140"}],"curies":[{"name":"wp","href":"https:\/\/api.w.org\/{rel}","templated":true}]}}