{"id":1127,"date":"2019-12-18T17:09:31","date_gmt":"2019-12-18T17:09:31","guid":{"rendered":"http:\/\/pepsyna.com\/?page_id=1127"},"modified":"2020-01-03T14:04:53","modified_gmt":"2020-01-03T14:04:53","slug":"pudelko-apteczne-typ-11-200ml","status":"publish","type":"page","link":"https:\/\/pepsyna.com\/index.php\/pojemniki-plastikowe\/pudelka-apteczne\/pudelko-apteczne-typ-11-200ml\/","title":{"rendered":"Pude\u0142ko apteczne Typ 11 200ml"},"content":{"rendered":"\t\t<div data-elementor-type=\"wp-page\" data-elementor-id=\"1127\" class=\"elementor elementor-1127\" data-elementor-settings=\"[]\">\n\t\t\t<div class=\"elementor-inner\">\n\t\t\t\t<div class=\"elementor-section-wrap\">\n\t\t\t\t\t\t\t<section class=\"elementor-element elementor-element-9f7bdb9 elementor-section-boxed elementor-section-height-default elementor-section-height-default elementor-section elementor-top-section\" data-id=\"9f7bdb9\" data-element_type=\"section\">\n\t\t\t\t\t\t<div class=\"elementor-container elementor-column-gap-default\">\n\t\t\t\t<div class=\"elementor-row\">\n\t\t\t\t<div class=\"elementor-element elementor-element-bf2fc71 elementor-column elementor-col-100 elementor-top-column\" data-id=\"bf2fc71\" data-element_type=\"column\">\n\t\t\t<div class=\"elementor-column-wrap  elementor-element-populated\">\n\t\t\t\t\t<div class=\"elementor-widget-wrap\">\n\t\t\t\t<div class=\"elementor-element elementor-element-b8d0ea6 elementor-widget elementor-widget-text-editor\" data-id=\"b8d0ea6\" data-element_type=\"widget\" data-widget_type=\"text-editor.default\">\n\t\t\t\t<div class=\"elementor-widget-container\">\n\t\t\t\t\t<div class=\"elementor-text-editor elementor-clearfix\"><p><a href=\"www.pepsyna.com\"><img loading=\"lazy\" class=\"aligncenter\" title=\"Pude\u0142ko apteczne Typ 11 200ml\" src=\"data:image\/png;base64,iVBORw0KGgoAAAANSUhEUgAAAb0AAAElCAYAAABwGzxqAAAgAElEQVR4nO2d2XrayNaGuf972Qd7Pz2l00k8MoPQgIQZjY3HpJPuK1j\/Qf5VXpRLEiCKkuA7eJ\/u2AZEqaiXGtZatfPzcwIAAAAOwcXFRSa2X7\/mugEAAACcDpAeAACAk8G59Fy8KABZ5H0oXH9oXGP7\/Rd9\/qrfH9v9z3X\/Lvr6rq+v6OMhPVA6XH\/oyk7VBx3X7ee6\/7nu35BeBTslOG5cf+jKTtUHHdft57r\/ue7fkJ7lBgBgWy4vLwvh+vpdt4\/r56\/6\/bHd\/1z376Kv7\/r6ij4e0gOlw\/WHruxUfdBx3X6u+5\/r\/g3pOWgUALK4uroqhOvrd90+rp+\/6vfHdv9z3b+Lvr7r6yv6eEgPlA7XH7qyU\/VBx3X7ue5\/rvs3pAfpgZLh+kNXdqo+6LhuP9f9z3X\/hvQquCZv+6YBAHbH9aALQBaQHgBgr0B6oMxAegCAvQLpgTJTc71+XsY1aQDA7uDzC8oMpAcA2Cv4\/IIyUzP9EJ0WALArGD9AmYH0AAB7BeMHKDOQHgBgr2D8AGXGyp7e9fV1IWy\/adevD\/ZDWv9rNBpUr9ff3fN6vU7NZtN4r9MGZn5co9GgZrNJzWaTWq2Wot1uU6fTUXS73Vw6nQ61221qtVrUbDapXq+ra9lEDvL3puvTr51B3wYA0oP0KsjZ2Rmdn5+vDfwS7od6GI68\/yyKVqulZNXv96nf71MURRRFEQ2HQ4rjmJIkoSRJaDQa0Wg0osViQbe3t4rlcknL5ZLu7u42gv\/+9vaWFosFzedzms1mNJ1OaTKZ0M3NDSVJQsPhkHzfp36\/T+12+50gr66u1Ps8Pz+ns7MzOjs7y5Q5Zlrg1IH0IL3KwTWzrq6ujDMZ\/fdydtZutykIAgrDkKIoojiO6ebmhiaTCc1mM5rP5zSZTGgymdB0OqXZbKZ+vlgsaLFYKPnd3NwoxuPxxsjH8XOxWJMkoel0qgQ4mUzUY\/hvwzCkIAhoMBhQr9ejTqezJkRuBylDbg\/0b3DqGPf0ilJUegBkISV3ff1+EGfRdbtdGgwGSm4slfl8rmCRSUwyYwFNJhMlH118m5L3eL5WKePFYqFmk3zt0+mUxuMxjUYjiuOYhsMhRVGkZoXX19dqJijbxfX9A8AlkB6oHDyrubq6Ust19XpdLVWGYUjD4ZBGo9HaDI7h2RvPpvQZmD4zk8Lj5ysCz+Tkz+T1pc0KWZhZ1zaZTCiOY4qiiAaDgXEWCMApU3N9ASbkkpUNXL8+KIY+q2u32+R5nhKdPoOTe2Y8O8rCJJK0mZ5clozjmOI4Xvu9CfkYHRa1vqypv4acDfI1s0h5r3AymVCSJDQYDKjdbtP19TVdXFw4v38AuATSg\/QqB+8bt1ot8jyPoiii8XisBnxGPyCio8+4eKZl+lspRdOsTf6tnLWZ4MeYHiulqi+v6tJOex\/yoM1isaDxeExBEFCn03F+7wBwDaQH6VWOq6srarVaNBgM1MEPOdDrS5csBp4BZglNl5ouNykX04GTtMdL0l6blzB1Ieq\/15do9WuI45jG4zEtFgu6u7uj29tbmkwmFEUReZ7n\/P4B4JKdpOf6okG5aTQamRR9\/uvraxoMBjQej9XsSRdeFnnLl64fXxQ+ACOXeXkGORwOqdVqUaPRUJ9nGeOXd+82uX+bPIdLbPdf2\/3f9ft3fX+KXj+kB\/aO7U5dr9fJ9\/21Qyr6kqZphrYvikrPxuvrfyPbZLFY0HQ6hfQOJC3Xg3rV75\/t9oH0wN45RKf2fX9tKZGXN\/X9s6zlybzTlbtS9HTnNsujplOg3BYcAM\/7lBzwLgPduT0hvf31X9eDetXvn+32qblodACK0Gw2KQiCtcMcPNjLJT1dfCy0bQ+abCu1vOffV8gDX4secyhneCw8nuWFYbgWxlCv15XwNpUeAFUG0gOVo9VqURAEa8Hdm8hsU\/KkYwpo10MkbEpPF6suO34N3t+L45jCMCTf92kwGFC321VLnI1GQ2WsgfTAKVDb5UHymyEAOrb7T6vVIt\/312LWWHxpS30yR6YMazCRJ7Wijy8q5bzX57AGnt1xyjLP88jzPOp2u2qJk++HTH5d9P65HtRsX7\/r\/u\/6\/bu+P0WvH9IDe+cQ\/YfTi4VhSGEYUpIkxrg1mb7r\/v6eVqsV3d\/fZ8Jy3JU8KRV9\/vv7+7Xk1bpseYZnEp7neWv5OhlIb3\/91\/WgXvX7Z7t9ID2wdw7RfzzPU4mXfd+n4XD4LmhbSu\/+\/p4eHh7o8fGRHh4eMtm0SsKu0suTbh6r1UrJm69HziLlLM\/3\/TXhySTVLDpOxt1sQnr76L+uB\/Wq3z\/b7bOT9Fy\/KXDacBkg3\/cpiiKVvksP7pbhDLL0D0uDJfj8\/EwvLy\/0+vpKX79+pZeXF8Xr66v6OfP8\/FwIfs7X11f1OvL3T09P9PT0RI+Pj0rScoaaVaJoPp+rtGX6TK\/f7yvh8fJms9lU1SdYfAAcM5AeqBw2pSdFJH8mxff9+\/dCmF5Hl96uwpMzPXmAhaUna\/Olxem5vr8A2ATSA5Wj1+uR53lG6Y3H462l9\/T0pMRnQhff33\/\/XYgs4T0\/P68twcplTH1pVe7jyVOhvKeXJAlFUfROenyQRX4e2+22wvX9BcAmNRcvynsIAOwC700FQaBq5e1Deiw++f8m8RVd3sya4T09PW0sPL3y+qbS0w+ytFotJTzX9xYA20B6oHL4vk++77+THh9k2UZ6UnxSfnniK0KW8DaVXtZMj5NTs\/T4sM9gMFD7e3Jvr9PpqIMtjUbD+f0FwCY1Fy8ql1IA2JYgCCgIAgrD8J309JCFTaXHmOSXtdy5C7pYpfDkXl6a+PL29bjagjzQwlXVoyh6V6OP\/8b3fer1es7vLwA2gfRA5eDYPJYeF4\/dVXrbiq\/o8mae8PIOssjwBVOsHqcq08sX8b\/18Ie7uzuaz+eUJAkFQeD8\/gJgE0gPVA4ZlL4v6UnxSRHZWObMCk+Qr58mPhmnlyY+U+YXziYjA\/VZetPplKIoUqc7AThWjNJzfVGu4T0O4IZ2u03X19fUbrep1+tRq\/Xz8Aovy\/EyHS\/bxXG8doJTLxorg9P1WZ1pZpd2inNf0svb09MlqMtZyksKkMXH\/8\/y05dE+fey+kIYhjQYDKjf7zu\/\/wDYBNKD9EoHH6sPw1DtPU0mE1UkttvtUrfbpV6vp9KRjUYjlYHFNMORyOwq+uxptVq9k2KaJHdFfz65f8czUDmT0\/fuOEB+tVqpn7MAHx8f6eXlRR2Ikc\/BkuMlUK6yHoahOtzS7Xad338AbALpQXqlo9VqUb\/fpziOabFYqFkaL8WZTiQGQaBmfXpNOX05T5\/R5R00yTrRuQt5e3p5+4c8i+PwhNlsRre3t7Rarejp6Yn++ecf+vHjB33\/\/p3+\/vtv+vbtGz0\/P9P9\/T0tFou1k52clgyyA6dCDYP+e3gmAdzQbDbJ931KkoRub2\/p69ev9O3bN7UEKY\/kc404FqDneWqpk2c19\/f3SiZfv35NzWXJs6xDLW9KqUn5yaTUurA5NyjP6mRsIYtTvta3b9\/o27dv9Pr6Sg8PD7RcLtWXBllxQX72Xd9\/AGwC6UF6pSMMQxVztlwu6cePH\/T333+rWZrv+xSGoSopJCuJj8djtd+XJIlKSyb3trJCFjZZvtzniU1TmIJEClkePJGHWLicEH8R4NOa8tSmvpSp5+FE3wenQg2D\/nt6vR5wyGw2o6enJ1osFjSdTunr16+0Wq0oiiIaj8dqOTOOYxqPx+8Ku8oTjPL4PksgS3J6QmgTMvn0LuTl3uS\/YUHy3hzv38nisHyoh2U3m83UYR+5dNlu\/0wvVq\/Xcz\/rru8\/ADaB9PChLx3T6ZReXl7UAP78\/Eyz2YyazSb1+\/21oGo97+ZkMjEe9ZfH+jmkQYY2yMKzLvb0pITlYRwpbD69Kvc37+7u1JLs9+\/f6d9\/\/6Xb21u6ubkh3\/ep3f6ZY7Ner6sE0\/V6nZrNn\/k2u92umvX1ej30f3D0QHqQXumYTCb0+vqqCqJ+\/\/6dlsulCl2QZXM4HVkcxzSZTNZObMpQhaenJ7UfZxKYnMnlVS7Pq4y+TeV0KVyWsB4zKK9Rljbinz89PamTnLyHOZlMaDAYULP5vprC5eUlXV9fU6vVUtLjE7OdTsf5\/QfAJjVIBZQNPqwxm83o7u5OHV7hAXmxWKi9Oy6Oykuf+jKnPAwiK6fznp5c0uQDM4ysjCBLAxVd3uTn4eeWr\/nt27e1ZVD9kMrj42NqiSHm8fGRlssl3dzcKPFdXl7S2dkZffnyhc7OzlQcpExCjc\/nccD3NA3bz18U2+0D6YHSwQP7fD5fk1632yXP89ReH6fNkmELURStBacvl8u1k46vr6+5h1WkoEwStL2nl5YeTU9TZlq+XS6X6mRmp9Oher1OFxcXSnifP3+m8\/Nzur6+pk6nA+kdIZBeNpAeKB18eIMDyZ+enmg8HlOv16MgCNRS4Hg8NlYIl6c35UEXnvHl7dnlne4suqeXl40lL5id24dzZt7c3Ky1Qa\/3dnil1Wqt7eldXV3RxcWFOtCiS8\/1vQfFgfSyqZXxpoDT5vHxkVar1TvpeZ5Hw+HwXYiCPOSRJAnFcayQh10YUwycnP1lLW1+\/\/59L9LLkp9c0tRPbvIsV6+OzinEut3uWjtwPb1+\/61i+tXVFTWbbxXo+\/0+Pp9HBC\/5p2H7+Ytiu30gPVA6WEq8vPn4+Eg3NzfkeZ46sMKiYzgzCSeYNtWZ44MiMjE1P0buA+ZVXygqOlMMngyW5\/fP188nOPm9ynyj8r3z9esz4TAMqdfrqUMt9XqdWq0W9Xq9tZg91\/cd7AdIL5taGW8KOG1kwPlyuaSHhwcajUbU7\/dVmjEZjC3r6U2n07VCq6YcmzKwW69QwHFwslqDHtYgc3fugukkpx42kXZaVF6n6X3e3d2p6+f24YD0TuetWjovbXqeh8\/mkcF73GnYfv6i2G4fSA+UDt\/3VbkgnnklSUK9Xo+iKFrLO8nLmrK0EMuDJSGXMR8eHozVDtJyX5qC0vUK5tuSdfKSqyTI6+VZpr4Uyvt6cslTfmHgJVC539fv91V8Hre3\/FweYtABdoH0soH0QOnodrsq9m6xWNBqtaIkSajb7VIURcbZkT5TSks4nVcw1pTkWZegHmKwLXn7enlVHnRJ6jNHuRzK+3ryoE+73VZLmwykdzxAetkYpVf0SYtKz3ajgnLjeZ4KOuc0W2EYUhAEFAQB3d7e0nw+VzMZzsjCy5BpwuMZ1KaFY11lZDHl3tSTZOthClJ+vCQrxcdhDP1+X8U78mfN9\/21ihUAHDOQHigd+nKbjly6k4Vj9QMppyo9Xv6VSaa5XXu9nkowLcU3GAzUZ9f1\/QfAJlakV\/bpMyg3+pcn2Sd8318LP5DSy1vaPBXp8X4nJ56WZZc8z1OpBllwcqaHzx84dmpllA5\/CMFpoheI5T4RhiFFUfQu\/o6TTfNBllOXnoxZHA6Ha0V3fd9XMzxu6zAM15aPXd9\/AGwC6YHSwQOw7\/uqP\/D+HheNDcNQZV2RJze5dt4pS0\/W0uM9PQ5bkLGyg8HgnfRc33sAbFMro3T4Gyc4TdL6BA\/O3E+DIHhXSw57eutliXiJ0\/M8lZGFlzblbI\/bndsVgGPFivTyXhTSA3n9IwgCtZwp4RmePNHJS568twfpzWkymahTm\/3+W9mgTqejVnO47YbD4bs2BeBYgfRA6eCBmDOtMJx9RZ5MDIJgrd+EYXjy0huPxzQcDtXsrtVqKdnJ9uU0Zgy3s+v7D4BNalWUDi9zgWri+76asfEenby3vv8zI8t4PM4s5so5JvVcnDxDjONYLXtyphO9egJLjoUki8xKUcnMLKafb1NGyCRAKd086fG\/OT8pn9SM41jJzARLTU+zprefTFbN94bvHf8MgKoC6YGDw\/dQl14Yvi1njkYjJSs936TMRKLLTw7meoYWxpSPM62UkGn2ZxJhnvRMac\/SSgeZRJeWu1PfxzNlqjF9Wcj68pAmPbnEDEBVgfTAwQmC9b0k\/rlcduO9OZaTXKaUAtAluFgschNKm5JA6zOpXUW4yVJm3nKmSXYyd6f8AqCnWONSRFnoz6V\/eeAZoy44SA8cA7UqSkU\/3ACqBd9DXXoyBEFKTx\/YpZRM+11Z0krLbamLJ6t6eZYIswrA8uM2nenp74\/bIi83p6l0Ud6+IAe1T6dTJTwAjhFIDziBD6rIAZYPVughCPqsRgrJJCdTdQJejvz69WvqTMw0IzPN5LKSUaft\/cnH5P1Nmjj5fep7hXkHYnTxyf+\/u7tTuUx5iROfMXDM1KooFZ4hgOrClc1ZesPhUM3w5P\/LfSlemtRnclnLjqalx7wTmaa9OlklwVRR\/cePH0bk38hq7PL50vYA06Sovx\/9MaaTofryqVz25cMw\/IVD7uHJe4bPHzgGID3gBF16HGc3nU4piqK1quCyMric8Zlqzm0ScqDLbhPBSclJqf3zzz\/0zz\/\/0L\/\/\/muEfy8fI59TCnCbgzBpB2p06ZlmfHIPlMM\/OGVZGIZqX58\/a\/qM3HXfAaAIkB44OCw8XXq8pCmlp6cX04uxsvhMe3b68qQuDxYdy42lljWjkzO2IjO9vBlflvSyRPj8\/Ly2vClndnL\/jg+ucLjDcPiz0Kw8zKZLj++V6\/4DQBFqxygdOaiCcqLHkOkC1JNJyyTKctYnD7fw4L7NSUtTyEHeUmbeTNAkN9Pfyb\/dZLkzL2YwTXr6CdbHx0e6u7uj2WxGSZJQFEVrX3j5BCcfLhoO1w8bue47ABQB0gNOyJLe7e0tTadTSpJEDbZx\/DYTlHF3POMzVUVPy7SSt3+nYxJc1mxPnxmmzRSzZnhpwtsmu0vaTI+XjLkmoWx\/\/vzwrI9n3fw7\/lsAqgqkBw6OKVtIHK8vocXxT8lxkLk8aCFjyqbTKc3nc7q7u6OHhwdjCIAuvqyDIPJ0Z5oMi8708rK2bHICNCvsQT+tqcf6yf1SPrHJiamDIFDVGPr9Pg2HwzUxcuYXAKpK7RilkpaGCZQLmVNTiq\/ValG\/36c4jlVWlsVioQZnlp2UHp\/slCENu874smaA3759y10Szdqne3193WgJM2s2l5en0xTIrldVl9lYOFen7\/sqOXW73VbS46VlfLbAMQDpASfo1c+T5E16YfizfFCv16Nut0uDwYCSJKHFYkGr1WptiZOXN+UgnxZYvun+Xt4eny62Tffr+Pny9vCyMrnouTlNcXh6e8isK9xuMmdnFEU0GAyU8Hq9nkpQHcexOt3Jqzyu+w4ARagdo1T0ARWUE5ndP0ne9orC8GeqssFgoMrghGFISZKs7estl8u1YGse7PMyquSlEMvb09P38DgsQQ9fkOEKWbF6+uttk7bMlJTaFIsnT2zyMnEUReT7PnmeR\/1+X8HLm\/xlQ4Y08HInAFUF0gPO0EvasPh4dsdLa1z9Owh+1oZLkrc9KVP8np6CbNfcmWl7ellxez9+\/DAKL0ty+tJmnuyyljZlblI90wq3Ne+bckyeXlKMpSdnenx\/XPcZAIoC6QEnyDpu+myP0+HJGnm8rHZzc\/MulixJEppOp2vlgzZJGL1NmjE9ADxrGVTO5OSSJT93Xpxd3uwuL9UYz+qm0+m7wPMgCNTnhD\/PUoLyIIuUHoeN8JIoAFWldopS0QdccFhM92A0epOejBlj2emPkUHraaV0+OCGzN15d3e3VZWErBlgWhaXtBCEbTOupEnQVFpJP80q9+700kH8OeD2lsJjPM8j3\/cpSZK1WaKsuwdAFYH0wMHZRnq8spAmPV10vNyZJjx9JphWiSGLvNCFtJOcTF6cXVplhLRySnoNvW2lJ2eBadJj2UF6oOpAeqAU8CCcJMnaLE+XHi+1yRg+vUiqrDdn2utLK0WUVr3BVM3BtETKM8a8fJ95y5d6vUD9JKYuP1Mh2SzpyfY2LW\/yISLf92k0GkF64KionaI05MAJDo9+H\/jfPBDLJAgsPf0xcmlTH+x12elFVvNq4W0qv7QZYl69u03r36XN9PRaeGnyy5PeaDR6Jz1mMBhQEAQ0Go3U3uDNzY16DgCqCqQHDo7pHujSk2mvTLM8lp6+f8fSMxWfZbJmafrpSRN5cX1ph16YvHp52xSDTVvuzJOebG\/e15PiY+nd3NysPRbSA1WndorS4NyDwA36fRiP12cfWUub8nn0PJwyH2feTG+TE51Z5YiyDrbkSS8vlVha\/F1a1fNtZ3qyvU1LnLK80M3NjUoDh88OOAYgPXBwTNKTA7HM\/MPS0++bXNrUpZe1n2c6wKILME96ebLMmyluEnyeNrOTy5x5+3pZ0uP21qXH+L5PYRi+kx4\/DwBVBdIDB8d0D7KkZ5rl6dKTA3\/eQZZN9vU2kVZW7s4ssmZ3aXF4UoRFD7LoXzI2kR4\/HtIDVacGaQAX6EmjJ5M38clTwvKLlv5Y\/Xg+y05KzxSqsO1BE528meCmwefbSM+UccWUY1MiRSjj+LgdTbM9ll\/WTC+PQ\/edbV9\/k\/cA3GH7\/kF6wAmmjg7plVd6\/Lh9DFr77juHHjSBXWzfP0gPHJy0js79C9JzLz1O\/zYejyE9cFBs37+ajU4HwCbo6bN4IIb03EpvOByqvKbj8XgtabWe8s3EofrNrq+\/yXsA7rB9\/yA94ARTR4f0yie9yWSy9vh9DFr77juHHjSBXWzfv5qNTgfAJugDMg\/GkJ576XEquMlkQov\/r7aut3kah+o3u75+3uOBW2zfP0gPOEPv5DwgQ3pupcdJv4fD4Tvp7WPQ2le\/cTVoArvYvn+QHnCCqaNDeuWVHj\/HPgatffedQw+awC62759Req4HRNcfGnDYjs0\/m05\/JjaWxYplNha9f87nb9lYZDD6pmnItikntE2aMlOqMpad\/lom6ZkC0rMysujSk9lpTO0t5Tcej9fSkXEeziAIaDgc0nQ6VRXY8dkBxwCkBw4OL5cxPDhDevakN5+\/Lza7jfT4nrnuOwAUBdIDB0dfLuMBGtLbv\/RM4isiPVO6MwCqRO0UpaAPCuDwzOfvpTeb\/Ux3BekVk17ejC9Penx6czgc0mw2o+VyqZ7Ddb8BoCiQHjg4vEfEyJkEpLc\/6aWJb1PpxXGspMf3zHXfAaAotVOUQtoAAQ7HYvE2c+Cf8YAM6RWTXt5yZ570eIkzjmOaz+d0d3ennsd1vwGgKJAecMIC0rMqvSzxQXrglIH0gBNM9wPS26\/05M9le28qvSRJID1wdNRcCwhSOz1M92ixeDvcYlt6ecHnedLjv0mTm\/5vPSDdxZ7eLgdZ5EyPXyPrtQCoApAeODiQHqQHgCsgPVAK5MAM6UF6ANii5voCbKAPfqBc6PeJ\/82DM6RXbukBUGUgPXBwTPcI0oP0ADgENdcXYAM5KIDyod+n5XK5NkBDeuWWnuv+A0ARID1wcEzSk+KD9CA9AGwB6YGDY7pHkB6kB8AhcCI9128auCVPerKYaZIk74rIug5ONwkyrUhs3uNNuJZeFEUUhiElSUKLxUK9vt6mu1K0\/9h+ftu4br9TB9IDBwfSg\/SKUHUpuG6\/UwfSA6VADtxVkZ7+c0gP0tvH9Vf9\/ZWdWhVvOqg2ej\/gf\/PgXXbpFZXaqUsPAJdAeuDgmPoApAfpAXAIai5elD\/I4DTR+8H9\/f3aAF526aUtY+adxNz09OixS29f\/aeq44vr9jt1ID1wcEzSk+KrivSk+NKkBelBettef9XfX9mB9MDBMfUBSA\/S26b\/VHl8cd1+p45Req4vynanKvp4sL8PLf9MDuRRFKnK3VJ6mwanm\/aP5Wu63tPLk2JR6XGbSNlxm81mM\/XlYTwe083NjRIef9kIw5CCIKAkSej29lZdM7ed6\/4DQBEgPUjv4KS1NaQH6QFgG0gP0js4We0N6UF6ANjkKKUHyo0+oK9W64M6pFdu6bnuPwAUAdIDB8c0qK9WK0gP0gPAOkcpvU0Hkl0fD4qRdkKRgfTKLT0AqgykB+kdnKyj+ZCeua9CegDsB0gP0js4JgFAetl9FdIDYD\/UyigVSOm0YelxgPpoNFLiG4\/HkN6Gwem69GRQep70BoMBRVFEy+WSnp6e1HU8Pz9bv\/+2P\/\/7vD+nSNXbD9IDpQPSewPSg\/TKRtXbD9IDpQPSewPSg\/TKRtXbr+b6AgDQgfTeOEXp2abqg7Zrqt5+kB4oHZDeG5De\/qn6oO2aqrdfLe8N7PKmXD8eVBtI741TlJ7tzz\/Gl9NuP0gPlA5I7w1ID9IrG1VvP0gPlA5I7w1ID9IrG1VvP+zpOegUtnH9\/ou2T570ZJA6D+osPr2YrC6\/+\/t747XsU2pF748UtEl0toPTh8Ohkt7d3R29vr7S09MTPTw8qP+67B95j9\/nFxgTtq+\/KEX7r+0vfa7bB9KzAKRXrH0gPUgP0tsdSC8bSM8CkF6x9oH0ID1Ib3cgvWx22tMDwCaQXrmlZ\/v+ux60bb++6\/YrO7bbB9IDpQPSg\/QgPXvtV3Zst0\/N9Rs8RmzftKp3+rzrh\/TKLT3bPD8\/Z+K6\/1b9+m1fX97zu24fSM8CkF6x9oH0IL0yS6Pq1w\/plaCTHBuQXrH2gfQgvTJLo+rXD+mVoJMAIGHpSfGlFZOF9PYvvSiKyPO8NelxUHoZBm0AigDpgdIB6UF6ANgC0gOlA9KD9ACwBaQHSgekB+kBYAtID5QOSA\/SA8AWkB4oHZAepAeALSA9UDogPUgPAFtAeqB0QHqQHgC2MEov70Pr+qJdk9c+toMzy35\/il4fFzINw5CiKFLCY3jQZvHpBWXzpGcqKFtUZNtIzSS4tOvbRXosOik7\/qIwnU5VkP\/NzQ2NRiMlPPllo8rSK3twtGuKtk\/Vxy9IbwcgPbvXB+lBekWA9Oy2T9XHL0hvByA9u9cH6UF6RYD07LZP1ccv7OmVsFO5vn7XQHqQHj5\/5W2fqrcfpFfCTuX6+l0D6T89MrEAABRzSURBVEF6+PyVt32q3n5G6VX9TR17pyn7\/Sl6fZAepOfy8+n6+svePlUfvyA9dJqDt0\/e4yE9SM\/l59P19Ze9fao+fkF66DQHb5+8x0N6kJ7Lz6fr6y97+1R9\/KrZbgBQPsr+oYrjmKIooiAIKAxDVUiWB+uqS0++fh42pCe\/QIxGIxWcHkWR+rLR7\/cpDMM16T0+PtLLy4vz\/gtAESC9EwTSg\/QgPXCqQHonCKQH6UF64FSB9E4QSA\/Sg\/TAqQLpnSCQHqQH6YFTBdI7QSA9SA\/SA6cKpHeCQHqQHqQHThVI7wSB9CA9SA+cKjtJr+igZ3vQBOVu\/7zXj+OYfN+nwWCgpMeFZFl8LL+0grJcVFbK71DSMwlwF9FJ2UmRS7IKx+4anB4EAfV6PQqCgJbLJb28vNDT05MKTgegykB6J4jr9of0ID0AXAHpnSCu2x\/Sg\/QAcAWkd4K4bn9ID9IDwBWQ3gniuv0hPUgPAFdAeieI6\/aH9CA9AFwB6Z0grtsf0oP0AHAFpHeCuG5\/SA\/SA8AVTqQHQBaj0YiCIFDSGw6HNBwON5aeDNTWg9Tv7u6cS09KLQ9ID4D9AumB0gHpQXoA2ALSA6UD0oP0ALAFpAdKB6QH6QFgC0gPlA5ID9IDwBaQHigdkB6kB4AtID1QOiA9SA8AW0B6oHRAepAeALaA9EDpGI1G5Ps+9ft98n1fSY+LyXIB1LSCsnnB6RJdfvsQoKlg7C6iyyscmyY9bgcpO26nyWTyroAsC48LyEJ64JiB9EDpgPQgPQBsAemB0gHpQXoA2ALSA6UD0oP0ALAFpAdKB6QH6QFgC0gPlA5ID9IDwBaQHigdkB6kB4AtID1QOiA9SA8AW0B6oHRMp1PyPI\/6\/T6FYUi+71MURXRzc0PD4TBXerKYrAxS1+WhS88krV0oWiQ2T3oy+N4UkC7bQspvMpmooHQpvjiOVVC67\/vk+z51u10lvdfXV3p+fqbHx0d6eXlx3j8AKAKkB0oHpAfpAWALSA+UDkgP0gPAFpAeKB2QHqQHgC0gPVA6ID1IDwBbQHqgdEB6kB4AtoD0QOmA9CA9AGwB6YHSAelBegDYYifplR1IuVj7FKXo9S0WC+r1etRutykIAkWSJCpAnYPUTQVlN5WeDFg3FZZNwxSInie4PJGZrilNinnSkwVkZXA6txW3H7cnB6bLtu52uzQYDOj29pZeX1\/p5eWFHh8fD9K\/XH8+yv75c339rinafpDeCQLpQXqQXnU\/f66v3zWQ3g6N4vr6XAPpQXqQXnU\/f66v3zWQ3g6N4vr6XAPpQXqQXnU\/f66v3zWQ3g6N4vr6XAPpQXqQXnU\/f66v3zWQ3g6N4vr6XAPpQXqQXnU\/f66v3zWQ3g6N4vr6XAPpQXqQXnU\/f66v3zWQ3g6N4vr6XAPpQXqQXnU\/f66v3zVWpGd7UAQgi9vbW+r3+0p6HDAdxzENh0NKkoSSJFHi04PTZZA6S0EvKJslvX2yi\/QkWaKTstPfuwxI14PS86Tn+z51Oh3yPI8Wi4UKSH94eHDeNwAoCqQHSgekB+kBYAtID5QOSA\/SA8AWNdcXAIAOpAfpAWALSA+UDkgP0gPAFjV5Eo1xfVHgtIH0ID0AbAHpgdIB6UF6ANgC0gOlA9KD9ACwBfb0QOm4vb2lXq9HrVaLBoMBeZ5Hg8EgVXp6Qdk86ZkKtsqA8E1Ftgm6vDYpEltUetwOMiBdFo7l9uP2ZOHxlwv+wuF5Hs3nc3p+flaB+DjdDaoOpAdKB6QH6QFgC0gPlA5ID9IDwBaQHigdkB6kB4AtID1QOiA9SA8AW0B6oHRAepAeALaA9EDpgPQgPQBsAemB0gHpQXoA2MIYnA6AS+7u7qjf71Oz2STP88jzPPJ9Xw3Qw+GQhsMhxXFMSZK8kx4XTmXxmQrKZkmvKJuKbBOyRCdlx+9ZoktPBqXnSa\/ZbFKv16PZbKZEt1qtnPcNAIoC6YHSAelBegDYAtIDpQPSg\/QAsAWkB0oHpAfpAWALSA+UDkgP0gPAFpAeKB2QHqQHgC0gPVA6ID1IDwBbQHqgdEB6kB4AtrAivYeHh0LYfn5Qbu7v79XA2+\/3qdfrked5FEURBUFAcRwr4fFAzuLT5ZcWqK4LUEqpqNSKBp\/blh5\/aRgOh2sFZDkRABeR7ff7a9J7eHhQ\/wXHy7GPv5AeKB2QnnvptdttJT3OZPHwAOmdAsc+\/kJ6oHRAem6lNxgM3knv8fFRLW+67h\/ALsc+\/tZcXwAAOpBeOaTX6\/VoOp1CeuCogPRA6YD03ErP8zxqtVpKevwNH9IDx0AtL6P8LhS9KNvPD8oNpFcO6XW7XZpMJkp09\/f3zvsGsM+xj7+QHigdkB6kB9xx7OMvpAdKB6TnXnrNZlNJT94X130D2OfYx18r0ivaaC6uqUzv\/9TbJ096URRRFEUqQH3f0tuXyPICzjfBJLo86ckCslw4Vgal68LzfX9NeP1+nxqNBnU6HRqPx6rP3d3dOe8bABQF0ivh+z\/19oH0ID0AbAHplfD9n3r7QHqQHgC2cCI9ALKA9CA9AGwB6YHSAelBegDYwon08k7HuW4U1+8f7QPpQXoA2AHSK+H7R\/tAepAeAHaA9Er4\/tE+kB6kB4Adaqc4qIJi5A36RaW+XC6p0+nQ9fU1dbtd6vV61O\/3VYHTPOlJ+aUVlNUFKKVUVGpFpWcKRGe56eiim0wmSnQyKF0Wjd1EepxwejQaKdlxYH7R+1t1bPd\/YBdID2zNIT70vV6P6vU6dbtd6na7Sno844P0ID1XQHrVBtIDW2P7Q79ardQSW7fbpU6nQ71eT6XKgvQOI71ut0tJkijpYVD\/CaRXbYzSAyCLfe5\/mVitVir\/Y6\/Xo06nQ91ul4Ig2GhPD9IrJr1er6cSTidJQsvlUklv3\/ufABwaSA9sje1OuVwuqdfrGaUXhiGkdyDpdTodJT2+75AeqDpG6bm+KFBtikphOp1Su92mRqNB\/X4f0juw9LrdrpJeHMd0e3tL9\/f36tqLvv+qY7t\/ALtAemDvFO2UcRxTo9FQ0uPDLJDe4aTXbDbXpMfvG9KD9KoOpAf2TtFOGQQBXV1dUb1eV4Mw9vQgvbJgu38Au9R2uamg3NjuNKbXMgV8pw3oeQN8FEXUbrfp8vJSzfZ4YB4MBhSGoZrxDYdDVUyWB3s56KcFqusClNdUtH23kVoeu0jPVDiWpcekSY+TAbRaLWq32xRFEc1ms3f3N+v9uR7UAMgC0jtCbHca0+tkDYqbDuw8uEdRpILT+TCL53k0GAzI931Ir6D0Ng1Z6HQ6Snqmdkp7b64HNQCygPSOENudJkt4ebO4TdJoRVG0doKw1+uprCy8rwfpFZMeLxFL6UnxcbsPh8O1NG6bXL\/rQQ2ALGpYnjg+8gbdoqS9VtqgbRKbKU8kE4ah2lti4XFWlkNIz3b7u5aeFB7vk0rxDQYD9SUjjuO1fdHFYvHuGvQvMrb7HwBFqJl+6HrQBtWQnvxZ1mDNg7J+0ERPiMxEUaTixWTsGKR3WOl5nkdxHK\/dr9lsttampnZ1PagBkEXN9EFzfVGgGNsMqruQ9Xr60qUUni43mflfHrJg6XW7XfI8b21APoT08qi69Lj9dOkx\/CVjMBjQcDik0WhEcRxTkiTqdGjaCVm5\/wdAGYH0jhDbnSbttbKElyU5eYye6fV61G631xJM8wAN6e1Hetyeuvj4BCdLj7+IDIfDteeUbawvgQJQViC9I8R2pzG9VtrhFJ4ZpB2blycJZfwdpyHr9\/tq4OVDF5DeYaSnf+EIw1B9ackSn+3+B0ARaq4HaFBtuCNJkeiDrn5iUO4p8eArlzB5ebPValG9XlfVFsIwVHt+LEseyOVgnCe9LHlMp9NcqeV9qDZtM9luaQdDNjkEpO+X6oVj9VObelB\/kiRrh4dkDUNeUpaPk20+Go3eSS\/vS8U+2w+Abam5HjRBdZEdKUt6XK17E+HxHh4fm2+1Wip0gYPU9YFXn33IWYgUHg\/CabM9xnX7maQnxZcmaz0ji+mQELcLfxmJoki1tyzj1O\/3VWykTP+mf9HYVHqyXfMGpW3aDYBtqbkeOEE1kZ1IH6j1gysyBVbaqUEZGC0zg\/BA3Ol0qN1uU7vdfjcA68ts8pBF3ixv1yXOTdvGxKbtmCa+TdOQ6anZ5O\/jOKYgCNZym8rTsjIZgO\/7a3up20jPJL5t2meX9gUgC+OeHgCbYhqcpXhMeR+zhCeRMXpSejw4+75PURRRkiQ0Ho\/XhJC2DDiZTFLllzbzO1Qb6qcfs8SXtbRpWuqU8N4on9KU7cnLnDzzltJj8eVJL69N0+S+afvnPR6ALCA9sDOyI8lBWQ7GcimNxbeJ9Fh2LDq57Gbab5KDsGmGIyWozxr097DN+zax7eN1UW\/Sxll7e6a2l7NsGY8nkSEL+5Bemvj23X4AbEPN9QWA6pO23Ja2xJm3vMlLbq1WixqNBjWbzXczvCx4+ZOXPnl2N5\/\/HFBN6cRsLV9mPT6tDTdd9kxre114fPqS21pKjH\/Obc5hIkWWN7PEp19z3qw77z0DsC2QHiiE7Eym04WmU4R5B1l4ObPZbFK9Xqfr62uq1+vUbDap1WptLD0OZ0iLJ+P3wKLaVIC2sufo0kwTX14aNxmmwDM8PQCdGQwGa18yOMF3kYMseeLLG5S26XMAbAukBwrBHSntSL2+r6enwTKJj\/fvWHpXV1d0eXlJFxcXdHFxYdyH4sFYP8Vpqi4g\/5b3Aufz+cZCM9Wg3KYeZdrfZolQtnlWoD+\/r7Tk0mEYri0fy4NCTNGQBZP4TH0mjU37HAC7UHN9AeD4SFvilLMPU3kbWdaGZx0svYuLCzo7O6OzszP6\/PkzXVxcqOB1WU09DMN3x\/Q5dGE2m6lBM28JNo7jtcfJGZgupuXyZ+WJ1WpFq9Uqd6aY96VBF3faacy0sARuY1lBQS5R8nJmq9Wi6+trurq6UmWcpPRYeDIBAD9\/XlYWAMoKpAesYBKffqhFzkTkbI9nerynx9I7Pz+ns7Mz+uuvv5T4OHDd930lKzk70Zc3J5PJ2mDNszx9iZPFNp\/\/XE7kIG59hsPvbTgcKnGbEmtL0k6VpmGqCJ+WfUV+qZDhIbJILH+ZkLNnll673VZLm3w6Vj8kZEoAAOGBqgDpAauYKiyYlh\/lAM3LbxycLgfo8\/Nz+vz5s+Ls7IwuLy+p1Wqp4HW55MmDtXwdFtpisVDXqM+ceDCfzdZj+fgx8\/lczfB4mZKf17TMlxVCof9eP1GqP05fXjRlvdFPa3Y6HfUF4vz8XHFxcUFXV1dqlsczPG5Dfh3TTFMKz3U\/A2BTankfUAC2RXYw\/lla8LQpa4s8YCHFx3t719fXdHl5qZY6WX48gOvLc3K2wim3TKc79ZOXUnLT6ZsY5Xvjx97e3tL9\/T09PDzkLm\/K9tH3qxaLRWpaMW4r0\/6l\/sWB25CL8V5fX6svDJeXl6od02Qn2yctyD1thue6\/wGQBaQH9k7WAGhartP31PR9Pj5K32w2qdFoqP2+6+trtdf36dMn+vjxI\/3555\/06dMn+vTpE3358oUuLy+p2WyS53nvqgSkoc9gTGIy7Q3KmnNFkKnVTOizZk4izV8U9P1QltzV1ZWa1cnUblJ28lCQvmcn4wC3uecAlInapvsKAGyK3sn036cVk9VPJMrDGDI1Gefj1OX35csX+vTpE\/3111\/0559\/0h9\/\/EG\/\/\/47ffjwgT59+qT2rvTX0FOjmUQjT50GQaAqivNpzuVyqfb\/8tonLTk0Y2o3+Rg5I+b20JeA+dDP+fm5Eh3XJ+RYSBmLJytXpAX5m2Z6m9xvAMoEpAf2Tt4gaRpM9TptWTk7OWSB9\/3a7TY1Gg217MkS\/Pz5M\/3555\/0+++\/02+\/\/ab49ddf6Y8\/\/qBPnz7R1dUVdTodlcialy\/H4zGFYUidTocuLi7ojz\/+oP\/+97\/0n\/\/8h3799Vf68OEDffnyhRqNBvX7fYqiaG2WuEkbmd4nF22V+3TyFKbneWsnWr98+bK2x\/nlyxe6uLh4t3zJ+518glNmWNFLNOknM3VBb3u\/ASgTkB7YO2kzBH3wTJOePgPS487kiUS578fLn7ycJ2c9X758UfAy6IcPH+jDhw9qRijF+PvvvyukLH\/55Rf67bff6JdffqH\/\/e9\/9Msvv9DHjx+p0WhQGIbvDuqY0JdF9VOXMkaR9y4\/ffqkrplnsx8\/flQnWS8vL6nRaKi0bd1ud23pUkpTj1vkgyqTyc\/9SZP05P3Iu7eu+x8AWdTyjlfvgus35RobbXpKmJIkS0xH8uXALkMeZFYX3tPiY\/pyGVCfMTG8P\/jXX38pPn78mIncP+NsMpxOrdlsrkk47XX43zx746XK8\/Nzur6+XnveVqul8pNy+IZpJseyy2tf1\/cfAJtAepBe6cgblPU9OSlAXgqUJ0D1Sg08I2w0Gu+EyLNEOVuUkpSiTIOFxqLi5UYpQ9Nr8euxLHVhytqCMmuKzEcqZacLj9sN0gOnDKQH6ZWOvEHZFO5gSsOVNhvUk1ubUnLxMiHPGPXDM1lIYemzPJ6V6ZjSgEmp6ZUPTLM4lppeWV4vsgvpgVOmts0Asymu35RrbLQpeN+\/pPjkyU898F3PP2nKR6lXHdCTYEv0un9p6LJiYemnJ+W+m44+c5MzOF148gCMqaK86\/sGQBmA9CC9SqIfDpGDvPwbPSkzH9wwJWqWS6W6FHUxZpElL\/69aRlSZlKR\/9YTZcv\/14VnahvX9wqAMlHLO2m2C67flGtstOkpsU37mmLq9GVm\/XFpcXgm9OTYJhHpSGnlYXq8HjqwSVvJL11FP4eu7z8ANoH0IL3SUbR982beeRlP+HnSpLjp403PkyVaPU5vl7aS0rPVvgBUGUgP0isdNtpfl02WtNKeK01qaa+VNnuUz2tafs2bceYJuGj7ur7\/ANiklvetdZcPFSiG6\/bfpU8AAEAVgPRKiOv2d90pAQDAFv8Hj4aBD4xJapgAAAAASUVORK5CYII=\" alt=\"Pude\u0142ko apteczne Typ 11 200ml\" width=\"445\" height=\"293\" \/><\/a><\/p>\n<h6>Pude\u0142ko apteczne Typ 11 200ml<\/h6>\n<p>\u00a0<\/p><\/div>\n\t\t\t\t<\/div>\n\t\t\t\t<\/div>\n\t\t\t\t\t\t<\/div>\n\t\t\t<\/div>\n\t\t<\/div>\n\t\t\t\t\t\t<\/div>\n\t\t\t<\/div>\n\t\t<\/section>\n\t\t\t\t<section class=\"elementor-element elementor-element-b29dc89 elementor-section-boxed elementor-section-height-default elementor-section-height-default elementor-section elementor-top-section\" data-id=\"b29dc89\" data-element_type=\"section\">\n\t\t\t\t\t\t<div class=\"elementor-container elementor-column-gap-default\">\n\t\t\t\t<div class=\"elementor-row\">\n\t\t\t\t<div class=\"elementor-element elementor-element-56b5364 elementor-column elementor-col-100 elementor-top-column\" data-id=\"56b5364\" data-element_type=\"column\">\n\t\t\t<div class=\"elementor-column-wrap  elementor-element-populated\">\n\t\t\t\t\t<div class=\"elementor-widget-wrap\">\n\t\t\t\t<div class=\"elementor-element elementor-element-7ae0172 elementor-widget elementor-widget-text-editor\" data-id=\"7ae0172\" data-element_type=\"widget\" data-widget_type=\"text-editor.default\">\n\t\t\t\t<div class=\"elementor-widget-container\">\n\t\t\t\t\t<div class=\"elementor-text-editor elementor-clearfix\"><table>\n<tbody>\n<tr>\n<th colspan=\"2\">Sp\u00f3d<\/th>\n<\/tr>\n<tr>\n<td>Materia\u0142:<\/td>\n<td>PE<\/td>\n<\/tr>\n<tr>\n<td>\u015arednica:<\/td>\n<td>53.00 mm<\/td>\n<\/tr>\n<tr>\n<td>Wysoko\u015b\u0107:<\/td>\n<td>130.00 mm<\/td>\n<\/tr>\n<tr>\n<td>Waga:<\/td>\n<td>20.50 g<\/td>\n<\/tr>\n<tr>\n<th colspan=\"2\">Nakr\u0119tka<\/th>\n<\/tr>\n<tr>\n<td>Materia\u0142:<\/td>\n<td>PE<\/td>\n<\/tr>\n<tr>\n<td>\u015arednica:<\/td>\n<td>42.60 mm<\/td>\n<\/tr>\n<tr>\n<td>Wysoko\u015b\u0107:<\/td>\n<td>18.20 mm<\/td>\n<\/tr>\n<tr>\n<td>Waga:<\/td>\n<td>5.90 g<\/td>\n<\/tr>\n<tr>\n<th colspan=\"2\">Komplet<\/th>\n<\/tr>\n<tr>\n<td>Pojemno\u015b\u0107:<\/td>\n<td>200 ml<\/td>\n<\/tr>\n<tr>\n<td>Pojemno\u015b\u0107 ca\u0142kowita<\/td>\n<td>228 ml<\/td>\n<\/tr>\n<tr>\n<td>Materia\u0142:<\/td>\n<td>PE\/PE<\/td>\n<\/tr>\n<tr>\n<td>Wysoko\u015b\u0107:<\/td>\n<td>132.00 mm<\/td>\n<\/tr>\n<tr>\n<td>\u015arednica:<\/td>\n<td>53.00 mm<\/td>\n<\/tr>\n<tr>\n<td>Waga:<\/td>\n<td>26.40 g<\/td>\n<\/tr>\n<\/tbody>\n<\/table>\n<p>Opakowanie mo\u017ce by\u0107 u\u017cywane do produkt\u00f3w spo\u017cywczych.<\/p>\n<h2>Pakowanie:<\/h2>\n<table id=\"_technic_table\">\n<thead>\n<tr>\n<th>Nazwa<\/th>\n<th>Pakowanie <small>szt.<\/small><\/th>\n<th>Wymiar kartonu <small>[mm]<\/small><\/th>\n<th>Masa kartonu<sup>*<\/sup>\u00a0<small>[kg]<\/small><\/th>\n<th>Ilo\u015b\u0107 karton\u00f3w na palecie <small>szt.<\/small><\/th>\n<th>Ilo\u015b\u0107 sztuk na palecie <small>szt.<\/small><\/th>\n<th>Pakowanie zgrzewka <small>szt.<\/small><\/th>\n<th>Ilo\u015b\u0107 na palecie <small>szt.<\/small><\/th>\n<\/tr>\n<\/thead>\n<tbody>\n<tr>\n<td>Sp\u00f3d<\/td>\n<td>210<\/td>\n<td>580x380x360<\/td>\n<td>5.2<\/td>\n<td>20<\/td>\n<td>4200<\/td>\n<td>0<\/td>\n<td>0<\/td>\n<\/tr>\n<tr>\n<td>Nakr\u0119tka<\/td>\n<td>1800<\/td>\n<td>580x380x360<\/td>\n<td>11.5<\/td>\n<td>20<\/td>\n<td>36000<\/td>\n<td>\u00a0<\/td>\n<td>\u00a0<\/td>\n<\/tr>\n<\/tbody>\n<\/table>\n<p><small>*Podane warto\u015bci maj\u0105 charakter orientacyjny i nie mog\u0105 by\u0107 podstaw\u0105 do roszcze\u0144<\/small><\/p>\n<h2>Mo\u017cliwo\u015bci zadruku:<\/h2>\n<div class=\"hidden-lg\">\n<div class=\"_flex_table pl\">\n<div>\n<table>\n<thead>\n<tr>\n<th rowspan=\"2\">Nazwa detalu<\/th>\n<th colspan=\"3\">Pole zadruku &#8211; SITODRUK<\/th>\n<\/tr>\n<tr>\n<th>dno <small>[mm]<\/small><\/th>\n<th>obw\u00f3d <small>[mm]<\/small><\/th>\n<th>g\u00f3ra <small>[mm]<\/small><\/th>\n<\/tr>\n<\/thead>\n<tbody>\n<tr>\n<td>Sp\u00f3d<\/td>\n<td>x<\/td>\n<td>**<\/td>\n<td>x<\/td>\n<\/tr>\n<\/tbody>\n<\/table>\n<\/div>\n<div>\n<table>\n<thead>\n<tr>\n<th class=\"hidden-lg\" rowspan=\"2\">Nazwa detalu<\/th>\n<th colspan=\"3\">Pole zadruku &#8211; TAMPODRUK<\/th>\n<\/tr>\n<tr>\n<th>dno <small>[mm]<\/small><\/th>\n<th>obw\u00f3d <small>[mm]<\/small><\/th>\n<th>g\u00f3ra <small>[mm]<\/small><\/th>\n<\/tr>\n<\/thead>\n<tbody>\n<tr>\n<td class=\"hidden-lg\">Sp\u00f3d<\/td>\n<td>x<\/td>\n<td>x<\/td>\n<td>x<\/td>\n<\/tr>\n<\/tbody>\n<\/table>\n<\/div>\n<div>\n<table>\n<thead>\n<tr>\n<th class=\"hidden-lg\" rowspan=\"2\">Nazwa detalu<\/th>\n<th colspan=\"2\">Mo\u017cliwo\u015b\u0107 zastosowania HS <small>(wtop)<\/small><\/th>\n<\/tr>\n<tr>\n<th>na obwodzie<\/th>\n<th>na g\u00f3rze<\/th>\n<\/tr>\n<\/thead>\n<tbody>\n<tr>\n<td class=\"hidden-lg\">Sp\u00f3d<\/td>\n<td>x<\/td>\n<td>x<\/td>\n<\/tr>\n<\/tbody>\n<\/table>\n<\/div>\n<div>\n<table>\n<thead>\n<tr>\n<th class=\"hidden-lg\" rowspan=\"2\">Nazwa detalu<\/th>\n<th colspan=\"3\">Pole zadruku &#8211; ETYKIETA<\/th>\n<\/tr>\n<tr>\n<th>dno <small>[mm]<\/small><\/th>\n<th>obw\u00f3d <small>[mm]<\/small><\/th>\n<th>g\u00f3ra <small>[mm]<\/small><\/th>\n<\/tr>\n<\/thead>\n<tbody>\n<tr>\n<td class=\"hidden-lg\">Sp\u00f3d<\/td>\n<td>***<\/td>\n<td>***<\/td>\n<td>x<\/td>\n<\/tr>\n<\/tbody>\n<\/table>\n<\/div>\n<\/div>\n<\/div>\n<p><small>**Do ustalenia po otrzymaniu projektu<\/small><\/p>\n<p><small>x Brak mo\u017cliwo\u015bci zadruku<\/small><\/p>\n<p><small>Podane wymiary zadruku (mm) (wysoko\u015b\u0107 x d\u0142ugo\u015b\u0107)<\/small><\/p>\n<p><small>***Mo\u017cliwo\u015bci etykietowania okre\u015blone przez odbiorc\u0119<\/small><\/p><\/div>\n\t\t\t\t<\/div>\n\t\t\t\t<\/div>\n\t\t\t\t\t\t<\/div>\n\t\t\t<\/div>\n\t\t<\/div>\n\t\t\t\t\t\t<\/div>\n\t\t\t<\/div>\n\t\t<\/section>\n\t\t\t\t\t\t<\/div>\n\t\t\t<\/div>\n\t\t<\/div>\n\t\t","protected":false},"excerpt":{"rendered":"<p>Pude\u0142ko apteczne Typ 11 200ml \u00a0 Sp\u00f3d Materia\u0142: PE \u015arednica: 53.00 mm Wysoko\u015b\u0107: 130.00 mm Waga: 20.50 g Nakr\u0119tka Materia\u0142: PE \u015arednica: 42.60 mm Wysoko\u015b\u0107: 18.20 mm Waga: 5.90 g Komplet Pojemno\u015b\u0107: 200 ml Pojemno\u015b\u0107 ca\u0142kowita 228 ml Materia\u0142: PE\/PE Wysoko\u015b\u0107: 132.00 mm \u015arednica: 53.00 mm Waga: 26.40 g Opakowanie mo\u017ce by\u0107 u\u017cywane do produkt\u00f3w [&hellip;]<\/p>\n","protected":false},"author":1,"featured_media":0,"parent":446,"menu_order":26,"comment_status":"closed","ping_status":"closed","template":"","meta":[],"_links":{"self":[{"href":"https:\/\/pepsyna.com\/index.php\/wp-json\/wp\/v2\/pages\/1127"}],"collection":[{"href":"https:\/\/pepsyna.com\/index.php\/wp-json\/wp\/v2\/pages"}],"about":[{"href":"https:\/\/pepsyna.com\/index.php\/wp-json\/wp\/v2\/types\/page"}],"author":[{"embeddable":true,"href":"https:\/\/pepsyna.com\/index.php\/wp-json\/wp\/v2\/users\/1"}],"replies":[{"embeddable":true,"href":"https:\/\/pepsyna.com\/index.php\/wp-json\/wp\/v2\/comments?post=1127"}],"version-history":[{"count":2,"href":"https:\/\/pepsyna.com\/index.php\/wp-json\/wp\/v2\/pages\/1127\/revisions"}],"predecessor-version":[{"id":1263,"href":"https:\/\/pepsyna.com\/index.php\/wp-json\/wp\/v2\/pages\/1127\/revisions\/1263"}],"up":[{"embeddable":true,"href":"https:\/\/pepsyna.com\/index.php\/wp-json\/wp\/v2\/pages\/446"}],"wp:attachment":[{"href":"https:\/\/pepsyna.com\/index.php\/wp-json\/wp\/v2\/media?parent=1127"}],"curies":[{"name":"wp","href":"https:\/\/api.w.org\/{rel}","templated":true}]}}