{"id":1125,"date":"2019-12-18T17:08:39","date_gmt":"2019-12-18T17:08:39","guid":{"rendered":"http:\/\/pepsyna.com\/?page_id=1125"},"modified":"2020-01-03T14:00:02","modified_gmt":"2020-01-03T14:00:02","slug":"pudelko-apteczne-typ-16-185ml","status":"publish","type":"page","link":"https:\/\/pepsyna.com\/index.php\/pudelko-apteczne-typ-16-185ml\/","title":{"rendered":"Pude\u0142ko apteczne Typ 16 185ml"},"content":{"rendered":"\t\t<div data-elementor-type=\"wp-page\" data-elementor-id=\"1125\" class=\"elementor elementor-1125\" data-elementor-settings=\"[]\">\n\t\t\t<div class=\"elementor-inner\">\n\t\t\t\t<div class=\"elementor-section-wrap\">\n\t\t\t\t\t\t\t<section class=\"elementor-element elementor-element-7bcd0cc5 elementor-section-boxed elementor-section-height-default elementor-section-height-default elementor-section elementor-top-section\" data-id=\"7bcd0cc5\" data-element_type=\"section\">\n\t\t\t\t\t\t<div class=\"elementor-container elementor-column-gap-default\">\n\t\t\t\t<div class=\"elementor-row\">\n\t\t\t\t<div class=\"elementor-element elementor-element-4ae14a09 elementor-column elementor-col-100 elementor-top-column\" data-id=\"4ae14a09\" data-element_type=\"column\">\n\t\t\t<div class=\"elementor-column-wrap  elementor-element-populated\">\n\t\t\t\t\t<div class=\"elementor-widget-wrap\">\n\t\t\t\t<div class=\"elementor-element elementor-element-646c1f0e elementor-widget elementor-widget-text-editor\" data-id=\"646c1f0e\" data-element_type=\"widget\" data-widget_type=\"text-editor.default\">\n\t\t\t\t<div class=\"elementor-widget-container\">\n\t\t\t\t\t<div class=\"elementor-text-editor elementor-clearfix\"><p><!-- wp:paragraph --><\/p>\n<p><a href=\"www.pepsyna.com\"><img loading=\"lazy\" class=\"aligncenter\" title=\"Pude\u0142ko apteczne Typ 16 185ml\" src=\"data:image\/png;base64,iVBORw0KGgoAAAANSUhEUgAAAbAAAADCCAYAAAAo05dUAAAgAElEQVR4nO2d11rjyra2uf+r2WvN2U2TwdlWlqzsnICePfcK+z\/\/\/gMzRLlQMAi3ZDMO3gdsWcGyql6NqlGls7u7O3yU+\/t7hmEYhqmEMxYYwzAMc4ywwBiGYZijhAXGMAzDHCUsMIZhGOYoOctb+PDwcNQUffmqj69q6n5+qj6+r75\/hqk7LLAvTN3PT9XH99X3zzB1hwX2han7+an6+L76\/hmm7rDAvjB1Pz9VH99X3z\/D1B0W2Bem7uen6uP76vtnmLrDAvvC1P38VH18X33\/DFN3WGBfmLqfn6qP76vvn2HqDgvsC1P381P18X31\/TNM3Tmr+gAYhmHSaDQauVR9fHWn6PydwvllgTEMU0tOoYKt8\/k7hfPLAmMYppacQgVb5\/N3Cuf3rOyXZBiGOQTNZjOXqo+v7hSdv1M4vywwhmFqySlUsHU+f6dwfs\/KfkmGYZhD0Gq1cqn6+OpO0fk7hfPLAmMYppacQgVb5\/N3CueXBcYwTC05hQq2zufvFM4vC+yEES\/GdruNdruNTqeT0O12k\/\/b7XZy0SZt6A+vtBpNtBpNtJutTOgzRNa6nVYbnVZ7Z\/tFpG0j71j2odvulIK+RxZF+5fPl8w+3yHtfBNFx5d2nDvHcAIVHHPasMBOGLnCIYkRYqqtuE7ymYLKs6hifK8AZfrdXsKg18eg14fSHyRoipqLqRu5WIaZS9H6RagDJRf6Tln0Ot1cZIm+R47yb5F64\/EF7uCZ44YFdsIUVTDieBHx83kCEyu6xv1DqqCoQpUrXFFI\/W4PuqrlIgvFNq0dHMs+KEWCk49Hpmh9Q9Nz2UeA4vmUz\/d7I1JZYkXXj3xDJFP19c+cPmdl77KY40H+8anpkJA\/l3a3nhZpddudRFBilFQU\/bjOsBRlBVQUQRUJpoiy2y8SvKaoO0ITo9Oi6I4ivKwm0Xaz+uuVYYpggX1h0u6axeWynJT+AOpAgaaoSYQkRkND24HrDOENXXhDt7SAXGeIoe1kUhQBFW2\/aP2yEVaRgMoKTJYZQUIramKVRSdHc0URVtXXL8OcFV2kzPEi\/tD0npjEQZEWvd\/tdtHv9zEYDDAYDJLKkSIm27R2JEUi8oYufNeD73oIPB+B5yP0gx1ZyfL5SJNeWeG8V0CHjuCK1n+PwESJFTU9ioLLiuCU\/gDdbjeXqq9vhmGBnTBin5TczEdNfVSRUYUqRlMkKxGKrryhWyicNFmJAnlPhJYmnaL9H7qJsEgoh25CzIq8soQkk7aeuLzf7+fCgmOqhgV2wsgCI3lRZSVGTCKhHyD0gySqomiLZEQyKYqo0pa\/J0LKWnffJIqyHDqLsaiJr0hwRQLaNxLL7D97icSzKBJc1dc\/c\/ocVGBicxXzfmiclnxOu90uer3eznKxuTD5TKeLQa8PXdWSiEeUlhhNpVEUIeX1T+1D2SbDQ0dYRYIpy3ubCPOir6w+rjIUCeo99Hq95Jol9rn+86i6fDLVwwKrOfs20XQ6HfR6PSiKAk3TYBjGTn8VRVNiRMUCq1Zgh4YFxpw6LLCaQ9GWiFh4abmiKDAMA7Ztw3Vd+L6PKAgxEoj9AKHrwXeG8GwHwdDN5asLrGwEtE8SxSHXZ4Exp87ZITdedAEy+YgFXjynvV4P\/X4fqqom0ZZlWRgOh\/A8D2EYIoqiHRmFrveGYxfYoWfSKCu49\/RBFfVLpVF2\/aoFxjBlYYHVmMFggF6vl\/Rxtdtt9Ho9qKoKXdfhui5c14XnefA8D77vJ3ieB892EnxnmIgs8nxEns8CY4GxwJij5uyQG5ebvpj3QQKjGwKSF0VbYRjuQOIaDrdyiTw\/NdoiiR27wOo+zqvqPqy6C6zo+uf6hSmCBVZz+v1+kphhmiYcx9mJtoIg2EEU2CgIMfICREMPoeMmREMPsevvvCfDAium6j40Flj15ZOpFhZYjel0OhgMBtuMwuEQvu\/vRFyO4yT9XiQzisL8l6jLd4bwrZdmRGubuBG7\/jah40VUWX9ZYOUEdugmSBZY9WWUqZazMit\/5gXOpBR6YRyXN3QRBWEywNgburBNC97QRRxGiMMoGdtFKfKB5ycic50h\/Bfx+LT8JV0+629Zygqw7oI7dB9a2ufe08R4aAEWTRYsP31AhraRNpN+v9t7M\/aRSEtoeu8ga+Y0YIHVGJLX0HYQ+sGOwHzXg+sMEXj+zvviuC8asEzCI8TxYFVSVnBfRWBZEjt0ksihBSZ\/Tn7kDiUuyUlhLDCGYIHVGE1Rt31ZUYzJaIw4jBL5hH6QTPskR2ayvERZvWcmjqopO5t91RFcWcGlfa5OfWhlBZYntUGvvzMRdZrAxHroI1NdMcfPWZmVi+ZKY8qhKSpCP8ByvsB8OkMUhImEZIHFYYQoCFMjLnnmDZLYoQUkzv7xEYq2f+g+uKrT\/OXPfPZMImUFt88zx4qeRyZLK01gorx6vd7O\/2I9pCgKFEWpvNwyvw8WWI3RFBWjKMbjeoPlfIEoCN9EUNSEOI5HGMejpC9MfuRJ1ozyLLB6Cyzr82KE9tHJgqsWmPwAVHG7chNiWouPKDCSF0vsa3FWZmX5omE+F3WgYByP8LR5xGqxxDgeYRTFGEXxm2iMmhmpqVHu\/6pKYmUEV7aJse5ZlEWCy\/rsvgOxDz0ZcJGg9lmfkk1IqEp\/kPSHiU2FafWNeCOtKApUVYWqqpWXW+b3wQKrMZo6wGQc4\/lpg\/Vqgdl0jMV8ivlsglEcIgw8+N4Qnusg8F2M4hDTyQjTyQiTcYxRHCKOAoSBh8B3k8\/uTcWCKxLQobdfdRZl2ud+5zi0QwtMnNORhg1Q02Kn1U6aCamu0TQNmqZB13Xouv4m+mKBfT1YYDVG1xRMJyM8P22wWS+xWs7xuFlhvVokggp8F0PHwtCxEAYeppMRFvMplovZjsii0N8R2V4yq1hALLD0z56KwGg\/4vEMen102x20m62kiVBRlGT6NMMwEtKiL5bY1+Ks6gMog3zRvpey2y97\/HRHmYWhqxjFIR43Kzw\/bfC4WeHpcY2nxzUeNyssFzPMZxNMxnESaZGcfG+I6WSE+WyC1XKO9WqBxXyK8SiC5zqwLSORmTu0Ewm6Qxu+N9yK0XYyheG73pvl+4hFbCIsK4hDNxGWTeP\/nWn6+0pJJC0tv2gcmbhczBwU16HtiUka6kBJnlJNzaOWYUJXNSj9AXqdbvLUcNqeruswTRO2bcNxHDiOA8uyoOs6VFVFp9OBoijJa5IcvS4qX8zxwwI7EoGRtESBPW5W2KyXWC5mmE3HGI8ixFGQRFtxFGAUh5iMY0wnI8ym4yQqI+mJnyeZObYJ2zKSzEbKeJT708RIRow6qAKvWkBlkzQO3cdVVmBpMhMjrKIMxqwmPUKMpMSmPhqjJopPHJDcbXfQabV3zgMdgyjMtGQOXdUSwdFTFkhejuPANE1omgZFURKBGYYBTdNYYF+Qs7ISYD5O0Y9jGhpGsY\/Neo6nxyUeNws8bhZ4elzi6XGJX3894q+fGzw\/rfC4WWC1nGI+G2EyDjGKfcSRhyh0EQZDhMEQceRhMg4xm8ZYzMeYjENMJxFm0xizaYzJOEQceQj8bRNiVmRFERQliqSl7v+OCKjqLMM6CkyUWFpkJgpKjsTymhop+hLHd8lRlzj42tSN5BpwLDuJtkTZpUVnjmUn15plWTvRl23bMAwDqqqi3++j0+lAVdU3AqPXzOlzVvUBfGXobjEddUdgj5tF8vf5aZUIjCCRbdZzLBcTzGcjzGcjTCcR4shDGAwR+A7CYIgodDGK\/URg89kIi\/kYy8UEy8UEi\/kYi\/kYoR8k0Zc8MDprdo+s5Ydo3qtaQFUL7L39XXITYNpy8TNyyr3c9yXKivrsSD6+6xU2YYrrihF58hsPhwli86GiKKkC0zQt6R8rLl\/MKcACq7HALFPfEdh6NUsERhJ7flrh5\/Maf\/3c4OfzOonGROktF5MkwhrFfhKVjWI\/YTwKMBmHmM9GWC4mWC2neH58wuN6g\/VyhcVsjul4glEUv2lSTGtGdCz7jbzk5SywcgLL69fKakIUl6fNfpGW5k6ysQzzjaTo96UoS2wmpD6wtG2IzcgUzdP26Lel592RwKj5cDDYzrLR7XahadunNOi6ngiMPld15cocnrOqD+ArI2ZUvUWDbWkYjwJs1nNs1vM3AiNJkciKIKGtltNMqVF0Nh4FWMynWMzmWMzmmE9nb5hNppiOJ5iMxonYxEotS15Uwde9D+yYBFY0CXBWVEafF8WSl60pnt80OYoRGy2XozOK5sXXFO3vzPUpyMu27Z3+r8FgkCow0zST1\/nlizkFzqo+gDIcViDF2z\/s9yOB+VivptisZ1gtJ3jczPH8tMTP5xUeN\/M3PD0u8Py03OHn8wo\/n1f46+cav\/7a4O9fj\/j71yN+Pq\/w\/LTE42aO1XKCxXyE2TTCZLyNxnzvdbLgURRjOp5gPp1hMZtjOV\/syE2UGQ24pgSQoiSQLKoWWN37wNLmTRTXl9+X0\/NJJPQb0ZRkhJjAkxZlUf+X2H9FkZm8bdq+uA\/6nPgZEbn50DBe+7oURXkjMF3XWWBfDBZYie0f9vulC2yznu1IiQS0Wc+wWc\/eSOzpcZHw\/LTEr782+Nf\/PuPf\/\/qJ\/\/vv3\/h\/\/\/e\/+L\/\/\/o3\/\/ucX\/v2vn\/j11wZPj9tIjQZNzyZTTCfbqapG8cu8i+FLf5g33FZOoY9RFGM8ijAdT7YDql\/+TkbbDMlRtM18jIJwZ\/3Uvy9p+nkcOoKru8DkaFCU79B23ohpHG9\/i+l4snOzEYfRztMMSP5isgdFaWJ2qSgrcT+jKE62K0KzyBCyKMUbHd\/1dqIvEhhFWqqqotfrJQKjZSywr0WpJsSyO6eLjUlDx9AxMB4FWK9mSRMiZSCK2YjZvMqLIjQSHYnw+WmJv36u8fevx0Rs\/\/3PL\/z3P7\/wn3\/\/wr\/\/9Rf+\/vUTP5\/XLyn7E8xnE0wn0YvgKD0\/eknj9xCF\/ktTJGVDBogj7yVl332zfDtjiLzcR+C7ubhDOxfbMkohikEWphzhpYlrH8nJ0hHlLCbPpJEVudByiniy+izzjpOa\/ORmPlFSs8k0QZQiQfNzilOgyVLLExg9XZwERhITsxA1TdsRHI0bq778Mr8DFlht0TF0rIMKLK\/pcRvdrXb2R31oYp8c9act5uMXmcWYTiJMJxEm4xCTcYjxKEgQE0e2snqF0v1fMya9UoiDuj+CKC25P8+x7J2KNy1bs0hAeUKSt51G0QDyrEiVlstCouiM+jhXi2UudRCYrus7TYyUem9ZVg3KMHNoKm1CrPrL15vDC0xkvZpitZxguRhjuRhjMX\/NRlwtp8kxUOIIZUXSchKZmIZP48tkoRHbqOsVWWQ00DqLQwtMrICpEpYr3KKhBu+ZrFhcts\/jbmTBZo3RS2tCnE2mWM4XWM4XWC2W2KzWeFxv8Pz4hJ9Pz\/j59IynzSOeNo94XG+wWa2xXq6wWiyT9VhgTNWcVblzuiiZNIzfFoFlCWy9mu1IShYUjTXLQhZYmsTyo7Qwl7IRWhGyGOQhA+8ZJ5eXpJIVQRUJUE6MoL4nEgiJaj6dJaJaL1d4XG8y2azWCSSqtESdyWhcK4FRs6EoMOb0YYHVlsMLjMQls1pOXhJG3jYTpkVUoqBIWvS5PEmVFdh4FOVCU2ZlMZuOcxGFQCIQoUo7q\/KWkxaykhjotRzxydvP2p8oKsoQpQiJjpUyRmkZCU18LQ+ZoNci8jCKKgXW7XZhGEbyGdN8nTeRJfY1OKty57ZtM5mYBxcYRVsEiYsQo620qCtNWiJZfV9y0+FHmxCLKBJgkeDWyxU2qzWeNo\/4+fSMv55\/4tfPv\/D3X7\/w91+\/UivzIunkQdtIE0QaaetlySbtWMWMRHl9egq4\/F6d+sBkgVGdQgJjTp+zMiuzwA7J4QX2KqpxKrK8ZGRhiZHYNisxX2BlkzjK9nEVZTlSX5LcRJfWN5ZXQWchb0eMqKbjSeq+iiI0USppEZSIvJ4sLFmYecurFhj1g9k2C+wrwQKrLYcXmPye2Hy4ZbrTfChmGhZlG9LUVHlZiEVSKxJMWcEV9oNlDPClSjetUqY+qbR1sgQmVvpZTZJpFEV98vZkEeUNRp+MxpkRXFp0WIXAer0eDMOA67qJwBzH2Rk\/xpw2uQITH2PA\/G4seK6DyTjcSaYgcVEmYB7vzUKUBUZJG1mJG2nRV1G\/1r7Nh1teZZJERSWjLhHx4Z2pUVlKirsoqCKKBCZGbmkyK2LfJsks8gSVJays7R9CYOJMHLb9diopSuIQPyMKjDl9WGC1hQXGAmOB7SswitTEdZjThwVWW1hgLDAWWJHAqAlRFBg1KTKnz1neQvF5PMzvxmaBscBYYAWz0YsCozqLXjOnDwustrDAWGAssOFwP4FR1CU+Q4w5fc7yFtLFwFSBwwJjgbHAhvkCM00Tnvf67DDXdZPsxerLMHNoWGC1hQXGAmOB5Qms1+tlCqz68sv8DlhgNeZjApsnf1lgLLCvIjAx6mKBfR3Oqj6AOkMFI4tD7z8KfcymY6xXi4SnxzWen1Yvs8Kn8DhN\/j9+ge3OzBH4DnzP3htRUGkUCS7y\/ITYDxD7AUZBuDdpMsuaFzFNYLMC5uNJLnmDmN8jrSzSBl1nzRryEYG57usAZXkg8z4RWFH5ZcpRtv78jPqVBXZKAnuc7sACY4F9FYFRBCaWzaor+FOHBVZzWGAsMBZYvQVmWRZ8398RmO\/7LLCvIrCqT0Kd8X0\/l0PvnwXGAmOBZQus3+\/vCIwqTXpdVH6ZcpStPz+jfmWBscBYYCywoxcYRV1i2ay6gj91aiGwqk9CnQmCIJdD758FxgJjgeULzLbtpCxSpRkEATzPKyy\/TDnK1p+fUb+ywFhgLDAW2FEKbDAYZArsMypQhgV21LDAWGAssOMQWBAELDAW2OcewKEJwzCXum+\/EN\/FKA4xn03wuFnh+WmD56cNHjeLl4dbSoJ6nGKzmWCzmWC9HmfK6rMEJj59OeuhlmUERtLKolhi5QYyh66XIItsH5nVXWBFgjq0wOjcvHmQ5dDd4r0+0JKgwcyDwQCmacK2bbiuu1NeqfIrW36L1j80da+\/Dv399lmfBVbh9gvxXcRRkERhj5sVnh7XeNwssFnP8fwkPXX5JfIiibHAWGDHILAsicmzcBiGAV3XoWkaVFVNJu8lWUVRxAKrUf3IAqv5D3Tw7xd4iKMAk3GM+WyC1XKOzXqZTCf1\/PTK0+MCT08zPD3NXkXGAmOB1VhgRU2IFHVR06GmadA0DbquwzTNpI4iebHA6lU\/\/haBVS2hKk9g3YnCbT9YHAUYjyLMpuMXic1zBUawwFhgxyAwUWI096QoMNu2E4Hpup40GyblJEVenudVXn6Zw8MCqzEkMFFi20iMJvWVYIGxwI5QYFkRGDUfUhRmWRZs206VE9UJJC9RcMzpcpa3sGpBlRUY3Zl9lENvv4g4ChCFfjIj+2tz4gjLxW4fl5iFyAJjgR2DwIqSOCgD0TRNWJb1JllDrqeo64MGuZYtv1VXznWvvw79\/fZZnwVWc4HFUZAILAp9jOKtKGbTGKvlJBHPevWavMF9YCywYxCY3GToDV24zjDBtm3oug5VVWGaJoIgwGg0QhRF25lqhDL6kdYZFhgLjAV2QEZxuBOFUVPiKN6KYrl4lY0sMc5CZIHVXWBZ8hraDob2NvpSVRX9fh+GYSAMQ0wmE0RRBMdxEMfxm7Ka3PzFMQvsKwjs0JUwU4IgfNvkkkRhMZaL2Y5ktowTxDR7GsQsSoo+RwLcaY7cbBNFnh6X2KznWK+2+xIHMIsCSyNtUDOJTJbZIQYyFwmsiB2ZCVHw3rxDYHlSE8UmSqNoeRHi52XBLWbzvR+OKQuMjl9Ok8\/Cdz24zhCOZcPUDWiKCqU\/gKqq6PV6GAwGcBxnp2KrvGwytYAFVmfSBBaEksCyJbaYj7CYjxJJkZyeHhd4flruzM6xXk131pnP4iTqyiJrVg4ib0YOFtjHBCZKp6zAikiL2tIiuLRITJaZnGlI0hKjLtu0YBkmDE2HrmosMKYQFlidKSmwyTjAdBK+yGj0RmJpkRlJbD57KyRCFFdaRFY0nRQL7P0CS5NYWYHJ8pEFVNSEKB+vnF0oi0tsKhzaDkzdgGWYsE0rwTJMWIYJUzdYYEwhLLA680kRmBhVichNiNSMSJHZajnFajlN+sBIUiQnWVqyqPaJvFhgH4\/EPjMC27evK62\/SxYVRVmUTUjCcix7R1KGpsPQ9ERkorxYYMw+sMDqTEmBvY2oIkzGAcYjPyErStusZ28ERtEWSUvuB8tK5CiSFwvsYxL7jD4wWoeaChezOZbzBZbzRWFTIS2jaFDMLPRd7010JZMmLmo+1BSVBcYUwgKrMyUFRpHWbBolTCdhQhy5iCMXo9hL2JXba1MgCUtsQhRFlkZRkyELLB\/581kZfp8lMFFii9l8R2DiOrRPsU\/LG7o7\/Vhy86Bj2Ul2YZImLzUdksA0RYU6UFhgTCEssDpTUmCiuNIgUY1iD3HkIgqHiMIhwsBBGLymq4fBcEc4opDk5kKS3XQSFfZ3scCKBbavxMo2IWY1C2ZN8+S73hv5iBGUrmqJuGRIZHJEJkdhLDCmCBZYnfmEPjA5ChMjsMk4SBBlRkIjEXiuBc+14A5NuEMTQ8fA0DGS933PfiO6rOiLRMUC219g4nqfKbCiJkDqtxL7rkgwhqanSmlnIHJGcgZtg95Lkxj3gTH7kCuwOI5zqfrgiyg6\/rIc\/PilCo8qs\/EownQywmo5f2GK9WqG9WqGzXou9GHtjveSEztEeYlRGEVgojxIYEPHgGPrsC0Njq2nYltaAr03dAy4QzORnudaOzJLG7ycJjZxubgtktbu8v3JEleewOi9LNJ+O1FqZcaBzSbTnYSOLNKSLCiSEvufZMGIyKIRpSa+liWWlsQhriem0DuW\/UaQmqah0+mg3+\/DdV2MRiOEYQjf92tRPquuf6quv6refxSxwCr\/AXKPv6TA5Nk1RJFRE6MYjckRGAmExOF79k4EliYty1QTDH0AQx\/ANJQdaHma\/GjbJDwZUVpp7380AkuTVanoK\/Qz5\/0j0maqEEkb9EvyCTx\/J9pJQ458SAzUxJcmKRFZUKKk0iIuEhY1MYpzG4ozbNC2ZIFRYocosG63+0ZgQRDUonxWXf9UXX9Vvf8oYoFV\/gPkHn9Jgckik6eKklPs5WZGeQooUWQkMzkqs0wVpqHA0AfQ1B5UpbuDMugkDPptDPrt5LWqdKGpPehaH7rWh6b2dl6LMhRFaZnqTtRHkd\/QsXJxh\/YOcjQmvy9HakUkTxYWIhF58G4eYrQiN79RskMZ8qKrLDmJghJlGnh+rnDFSXrFbaal2CfJHCywWtdfVe8\/ilhglf8AucdfUmA0nosGK8syy4rQSGryGC+5P0vsl0oTmSgiUWAkrl63mUm\/18p8n6DtyLxKspeLpg4SdE1JMHQVhq7uLBc\/Q8vFdVJ5iXQoLVxG6Q92UAfKG+TPFH1e3H5RNCXLiuSUJySRtIHL8vVaNOM8yUwWmKkbicAGgwE8z8N4PEYURSywmtRfVe8\/ilhglf8Aucf\/iQJLk1hWlEZSS5tpQ55lg4QWhW4is7T+MjEyI7HJUhOl1e00dv7vtB\/Qbt2j1bxDq3mHZuM2+T+LZuM+l1bzIaHdaqDdaqDTbiakLZc\/k0e33cml3+2h3+1h0Otj0Ou\/EVOv00Wv000+Q8tIUBSJ0WBguSkwq19KjqBCP0gSTcS+t7xZNuIwyk3rz5pGSozK0vrIxCZPXdeTJA5RYGEYYjQaVV4+q65\/qq6\/qt5\/FLHAKv8Bco\/\/wBFYVkRGpM17KI\/1kiM0MatQTLyQxSb2o9mW9qbZURl0dv6niI1EloYssMZDPg\/3tzuvZbmlLcuSWhqdVhudVvuNuGQxiXISBSW+JkmJY6qymvxIDCQmMRMyK1EkL0kkS0xZs4JkyS8tHT+vGZEEpigKfN\/HeDxGHMcssJrUX1XvP4pYYJX\/ALnH\/0l9YEV9YfJzxQj5USp5E\/imzcYhp8lnPSYlLWqTE0PE6I36xoi0\/jVl0EGv286l22kliO\/3ex30e503rwf97g6FTZRCcx41JYpRk\/heWn9UWuQkRkxZURRdN0XTRBVNKZU3TixtRpCsQdhF48loELQ81ZQssMlkwgKrUf1V9f6jiAVW+Q+Qe\/wHTuKg6aaySBOYKLK0aEwkbeooMXU+a+yXmCaflokoRnByJLcrPS2XrL4tEfHzlqkn2JYBxzbzkbL25GSIPPnQuKy89HrxddqMGu+Z\/7Bost\/3Pu9LHCaQ1hcmC0zuB7MME4ZhoN\/vvxFYFEVJNFbn+qlqQbHASh5A1V+w6gukLGkVwyiKXx5oGb07AssTW3pyxyv7RmOiwIoeaFk0DkxMiU9LnS+iKAuxCDmLMI+szDw5IeI948AmAtN4hGk8KnzI5Q7veCDle2fqyEr9z2s6zErkSOsHM3UDhmFkRmD7CKxqAVR9fHXnM84fC6zGfEWBZc26kTX+qw4CE8c85cmLBcYCYz73\/LHAasxXEliaxOSpod4rsd8hsI\/KiwXGAvvqfIrAqv4SZb7gqV9Apy6wspFYEfJA5fcizyiRR9GA3o\/Mi8gCY4GdMiywE7+AvorAPtofVheBfUReLDAW2FfnUwQ2Go2QRdHKeevus37ZL3jqF9CpC2yfJsUsie3DeybzTSMrIaMoUSOtufC98mKBscBOHRbYiV9AX0FgZTIT6ySwz5YXC4wFduqwwE78AvoqAst6XljZ54FVIbA0eX30eWAsMBbYKXNwgR2aqk9gld99L7Iqh3j7UMv5bILFfCsXkthmPU+d67AKgcnzJooiy4q8PvOBlmUFltbPlfVok0MIjKSVRZHAxKme9h28nCatrNk28gYyy4+SyRMYySvtgZaKosAwDCWYj0QAABTYSURBVARBgPF4nIiL66f68zvODwuszrDAWGAsMBbYkcIC++oXCAuMBcYCY4EdKSywr36BsMBYYCwwFtiRwgL76hcIC4wFxgJjgR0pLLCvfoGwwFhgLDAW2JHCAvvqFwgLjAXGAmOBHSkssK9+gbDAWGAsMBbYkXL0Aqv6Aih7gdR3\/RBxHGI2m2A+n2KxnGC5mmK1nmG9mWO1nmK1ZoEVCsob5nLsA5nn40kpigYyFwlM\/P5p0qenTYuDmG3T2g5i1nQoigJVVWFZFqLo9SGWURR9Svk69frr2L\/fPrDAWGAsMBYYC+wE669j\/377wAJjgbHAWGAssBOsv479++0DC4wFxgJjgbHATrD+Ovbvtw8sMBYYC4wFxgI7wfrr2L\/fPrDAWGAsMBYYC+wE669j\/377wAJjgbHAWGAssBOsv479++0DC4wFxgJjgbHATrD+Ovbvtw9nVR8A8xG2AptOx1uJLcY7EluuJliuJoWCYoHlC6xoIHMRhx7InDaouay0DiEwUVzyAObUB1lqOgxNh6qq6Pf7GA6HmEwmiKKoNg+zZOoBC+woYYGxwFhgDMMCO0pYYCwwFhjDsMCOEhYYC4wFxjAssKOEBcYCY4ExDAvsKGGBscBYYAzDAjtKWGAsMBYYw7DAjhIWGAuMBcYwLLAaE0VR6nth6CMIPEwmI8xmW3EtV9sBzVuRTbBal5MXC2yIyPP3JvYDxH6AURAmVD2QuexA50MLbGg7CTSI2TJMGJoOXdWgKAp6vV6qwNLKBvP1YIHVGBYYC4wFxgJjsmGB1RgWGAuMBcYCY7JhgdUYFhgLjAXGAmOyYYHVGBYYC4wFxgJjsmGB1RgWGAuMBcYCY7JhgdUYFhgLjAXGAmOyYYHVGBYYC4wFxgJjsjmLoghZFK2cty5TnjAMM\/ARhv7RP9AyTWYkMllmHxFY4UDlAkLXS5BFJUPSGodRQlxA2YHMZQVVtP5EQBbVKIo\/bSAzDWamh1nqqgZN2Q5ibrfbSV3kui7G4zHCMOT6h0EURSywOsMCY4GxwFhgTDYssBrDAmOBscBYYEw2uQJjqoUFxgJjgbHAmGxYYDWGBcYCY4GxwJhscgWWXYFuqfrgTx0WGAuMBcYCY7JhgdUYFhgLjAXGAmOyYYHVGBYYC4wFxgJjsuE+sAopukHYR2CLxSwZyEys1lNsHueFAkuT2Wo5SVivZgmyyLJkRiLLkhmJLGtQsyiwNJmRyPaT2WEFJg5aTuM9A5lJBKI0ygpqWsBEkpRM2YHMosjoIZ8kMd\/1CgXWbrehqio8z0syn8Wb56pvsD9efo8jACj7\/X4HLLCjvEDeCmz7JGYWGAvsdATW6XSgaRoL7OjqJxbYl6CswKbTMebzKQuMBXaSAut2u9B1PRGYWGb2KT\/1Lb8ssE8TWNUHwHyErcDEuRC3fV+zl36wGQuMBXb0Auv3+zBNE77vJwILggBBENSgDIbJsWRR9fFV\/f1\/Byywo2QrsNEo2hEYSYwFxgI7BYEpigLLshAEQdJ8WCc5sMBqILCqD+ArU1ZgcRxiOh1juZpi87jA5nHxIjIWGAvs+AWm6zocx0EYhonAfN\/fu+wcuvz6vp9L1cd36Pqp6Pv\/DlhgNb5A9hHYZDJigbHATlJghmFgOByywGpaP1UtLxZYzS+QIoFFUfBGYFuJscBYYMcvMNM04bouomg7DiwIXqXBAqu+fqpaXiywii\/wj2\/bQxB48H0Xo1GE+WK8Mw5svZnh8WmxMyiZRPW4mScUP9TysAJLk1naQy6zBFZEWYEVPbDyPQOZ8wb\/Hkpgs8k0lyLBHVpgNJiZHmhpGSZM3UgeaHm48vM55fPQlfOhv98pwAI7IIcW2HBoIwg8TKbRzmwcq\/VWYmkCEyV2jAJ7j8RYYPUSmDgbhygxir5IYETVFXzVgjj09zsFWGAH5HA\/nAvfd2Hb5lZi4RCTaSSk00+xXE3eCEmW2DEJ7CMSY4FVLzB5OilRXoHnJwIjeVmGCdu04Fg2PM\/LpWqBVL3\/qo+vDpxVfQCnTFEB\/DhDeN4QruvAcSw4QwNBOMR0Fidp9Kv1VOjLSpdY3QVWNhJjgVUrMFFeosBoLkQSmGPZSdRlGSYcy972jbluLocrX\/sJsur9V318dYAFVmOBDYfDDOyk+XA4tGHZGmxHRxi5mM1HSRPibkLGW4kdi8A+2h\/GAquPwOS+L2\/oJokclLxhaDosw8TQdrZic5xcssvHFhZY9YI5uMCqPoBTpugOsojswmvBcSwEgQfXdWDZGkxLxdA1EcUeprMIi+UYy8U4U2L7Ua3AipoUWWD1FhhFXmnRl5h5aBkmDE1\/E4HZtp1LkeDKlr9Dl+9DR5iHPr46wAKrUGBFd5DZhdeEbZuJyGxHh2mpMC0VtqPDD2xEsYvloqzEqhdYnsRYYMchMPlRKpQ6T82GhqbvCIz6wCzLyqVIcEXliwV2\/LDAjlhguq7CsoxEYoahQTcGMC0VztBIBCZK7P1R2PRFYJMXgY1fBEbyGr0ILH4RWPTpAssaJ8YCOx6ByanzrjOErmrQVS2RFwmMJMYCY4EVCqzqA\/gqUKHJau6gQicWUNM0EwzDgGEY0HU9wTAMmKb58vntclUdoNfroNNpodtrwrQUxCMP88UIi+U4+btcTTCZhpjNYyyW49fUe0oAWb\/IahkX\/l3MR5jPw628ZgGmkxCTcZAajaU95PI9fWBiEkfRAy8D3y3HS+QQeH5SGYuDk4sGKhcJrGggcRFFgppNx3sznYwwnYwwGcepjEcRxqMIozhMCAMPUegjjoLkvSj0EfgufG+4kw3num5yndP13Ol00O120e\/3oaoqNE1LrmsRsRyI5SPtM1nlJ016af1pVdcTzPtggf0GxLu+PHllCUwsqLLAqPDSMkVR0Ov10Om0cHd\/hXbnHoY5QBgNMV+MsFxNsFiOMZvHmC9Gb5jN44TlMp\/VapT8v1hEW4nNAkynPqZTf++nNLPA6iOwLImlCYxex1GAKPQRBl5C4LtvrnHTNKGq21nmu90u7u7u8PDwgGaziU6ng16vh8FgAEVRoCjKm+tcllmR5D4iMJbYccECOzAflRcVwCx56bqe3LESqqpiMBig2+2i3W7i5vYC1zc\/cHt3iU63AdvRMRoHmM5iTKbRG6azGLP5CPPFeBulfUBgJLHZLMiVFwvs8AKbzya57CswkleawOIoQBh48FwH7tCGO9xO4UUCo+ta0zT0+320Wi3c3d3h+voaFxcXuLq6wu3tLR4eHtBut5OIbDAYQNO0hLQbt6JI7T0CY4kdJ2dF7cTM55AlrY9EXlSoVVXdQVGU5O623W6i0bjH9c0PfD\/\/J76f\/xM3txfoD9rJuDFRXCSv2XyUvF7MR1gsokxEeb0R2DTaK\/JigX2con6rfQWWJa80ccVRkBAGHnxvCM91MHQsOLYJxzYxdCwMHQuu68K2bWiahk6ng\/v7e1xdXeH8\/Bzfvn3Djx8\/cHl5idvbWzQaDXQ6HfT7fSiKklzP9D+RJrUsiRUJrCgSY+oPC+w38BF5ZfV7iQVYFJeiKBgMBuj1euh2u+h0Wmg2H3D\/cI2r63N8P\/8n\/vz2P\/hx8SfuH67R7TURRi7ikY\/xJEwENp3FGE9CxCP\/JSEjm23ixi7i8n3lxQI7jMD2aTbME5YoK2omFJsKh46VRF2EY5uwTB2msb1Ge70eGo3Gjri+f\/+O79+\/4\/LyEtfX17i\/v0ez2US328VgMEhEJTYnyiJTVTUzKnuvwFhix8tZ0VgK5vPIay5Mk1dak2Fa9EXy6vf76Pf76PV66PV6uL+\/Rat9j3bnAQ+NG1xefce37\/\/At+\/\/wPmPP\/DQuEG78wBV6wljyOJkXsXJOMhlOglzKWoyZIGVE1ghGQkZef1acoQl9mkRlKWZRFqCvAxdhar0Meh3cXNzg8vLS3z\/\/h1\/\/PEH\/vjjD3z79g0XFxe4vr7Gzc1N0g\/WarV2mg\/pmhYlJgusqGmxSGBFTYpM\/WGB\/SbeK699Ii\/6XyzsJLF+v492u7nNRuy20W438fBwh+vrS1xcnOP8\/Bv++OMf+P79T1xdXaDRuMdg0IPjWNsHZc5ijGIvlyLBFfV31V5gAlSRUxQiQ5V+lgzEfiOiSDBlEfeVhhxZyYkY4pACz3V2+rncoY2hY8G2DJiGBlXpo9dto9m4x\/3dDW5vrvDt2zf8+eef+PPPP\/Ht2zecn58n8qJmw2azmfR99Xq9nes3K\/oSy0KexPYRGEvsuGGB\/Sby5PXRfi96X5YYYRga+v0uGo173N\/f4uHhDq1WA61WA43GPW5vr3F1dYEfP77j\/PwbLi7OcXt7jVargV6v8yIPNxMS2Xjkp5ImMHFsFwvssAITjyWNNGmJ31mWFkVcBEVc\/V4HjYc7XF9d4Pz7n\/jzj3\/gj3\/+D75\/\/570c1HEJSJKS24uzGo+lOW1b39YnsDE96uuJ5j3cVY0GJA5HFkdzoTchCgjN6m8TeroQ1H6GAx66Pe76PU66Hbb6Hbb6HRaaDTuE7nd3l7j+voSV1cXuLg4x48f33F1+R0P99dQlS4818Io9hMZxZGXKqW0wcdZU0G9Z+LeMBi+WS9tXkTfs+G5FjzXKhyovK+0spD7iGSKBJIXHe0TQYnyFLdHApP7raj5j8QkRleipCgZw7aM5H\/q26ImQmXQw9XlD1xenOPix3ecf\/8z4cf5N1z82PZxXV1d4ebmBre3t7i\/v0ej0UCr1UKr1dqJuEhYeZKSKSo\/VZdv5rCwwCqmqABmpQsTRQVcVQdQ1cGOxEhkNNi53W4mEdn9\/S3u7m5wc3OFm5sr3N1e4+72Ene3l3i4v0areYdBvw1d68O2tNTIKWumjCwBye+JApSfsCzPtOG5FtyhmUndBVb02aLtywkWchQlH6\/chyU3EcqRFklL1xT0ex20mg+4vbnC5cU5zr\/\/icuL80RgFz++4\/LiHFeXP3BzfYnbmyvc3d0lfVwkLhq8LEZesryKbtwIFtjXhgVWMUUFsGyEJjc9is0zIpR63+l00Gq10Gw20Ww+JP0ZV5c\/kjvrq8sfeLi\/RbvVQL\/XwaDfhaYOYBoahs426nmNCl7lRtGSGCkVTQVVNOu8LDh5m2UFVnR8ckT52WQ1pxLi+aHvvyt1OxUSFElLjK40dZBEWM3GPRoPd7i\/u8HN9eWbaOvq8geuLn\/g+uoCN9eXuLu9xsP9LVrNB7RbW2G12+2dGTdEWclNg0XjvPKSNFhgX5OzovnGmMNRVACL1t+3oGf1o8lyI5lRFmOn3USn3US71UCzcY+H+9ukg\/725goXP77j6vIHbm+u0Hi4Q6fdTIRm6KrQlPdWLmEwfNMUKIupSFhZgnv9TLm5ENMEmbb\/z6R4fsfX\/Q8dYyfilM+33CxoWwYsU0\/S3HVNgaYOMOh30e20khuWm+tLXF9d4Mf5twTxt364v0WzcY+722vc390kr9utBrqdFnrdNvq9TmbzYNZA\/H3FtC9Vl2\/m8LDAKuR3CSxvNo+sKE1RFAz6XSiDHlSlD00dQBn00Ou20Wo+oPFwh8bDXSK1+7sb3N1e4\/bmCjfXl7i5vkTj4Qat5h26nQaUQQeGPoBj6\/Bc600EkxZh7CMQue\/LHZoYOgaGjnFwgZUlKwGFRESQoOh7ObaeCX1m+7lXaVF0pQx6GPS7SeIFRVi3N1e4vrpIoqwf599empCvkxsWirBIVnSDI0pr0O++XjcpmYN5UdZniYsF9nU4++yLhvl9BfAjAiuammons+vlDl2s9MQKqt\/roN\/roNtpodNuJmJ7jdQucHd7ifu7KzzcX6PZuEWreYd26x7t1j2UQQeq0oWm9mDoA9iWhqFjJFFEXgKHnPiR1pxWJChKZsjGOiiysGRJyZGXLDTb0mCZKkxDgaEPoKk9qEoXyqCDQb+dCKb10hz8cH+Lu9vr5Abj+uoiaf4jQdHNCImKoGbBTruJXreNXrcNZdDbucEhVKW\/fS8lzf2QERfz9WCBHTFF\/V+lBfciMOoTocpK1xQYuprIjIQmsh0X1ES300Cn\/YBm4xYP99ukkJvrH7i+Osf93RXu767QeLhBs3GLduse3U4DvW4T\/V4LpqHAMlVYpppEF2JTWZoM3tMHViSwrSiMDzN09EIcW4Nja7AtFZapwDQGMI0BDL2fuszQ+zD0PnSth0G\/hX6viV63gU77Hu3WHZqNGzQervFw\/xo5icKifqvLi\/NEVI2Hu0RQFE3RmK5W8yGRliwr+p+uB9PQYOgqDF3dvlfy+ivbB8acNoZhsMCOmc8SmLhNMcIjWVmmnqRU08BVqrSosiLJ9XudpALcRmztF8m9\/bu9u799SRa4eYnets1UW9ldv0RwNy+S20Zu22arxss+Wi8Vaxe6prxIb3u8nyOwjyM256VBcqYIStf6SRSlKl20mndoNe\/QbNyi8XCDh\/vrRPoU2dL\/Mrc3F2g83O1EUCQpgn4n8fcSEYWla8rO70w3LdTfaRpa0r9GfWx0HaVVPCwwpiyGYeDs0HdJzPFSdhzalkHm3+28jdtZGLZj07ap\/fR3O16okfxNsiObzZcxbI2cv8Vs95sNjaPLgoYjZEHj7LK4u7spxfZcZEPJOFkU\/XZFwzTKXl\/7VFCHXL\/s9sveQB76+OvOZ9yAs8CYTPZN0f8ockq\/OI0QPRsq7X2i3W7nQgNms9hXdB+laP9bIX8c8bykIQ+XkCn7+5W9vlhgLDAWGHMwDi2wrExIeaqsrAmMiyrwogirSIBFAilav2j\/RcdfxHvO70d+v0P3sR47+4zDLHP+ym7\/K3BW9QEw9aVsBVeEfJeZt39ZXvtQFIEUT8VVbvtl918WriCrLR+HvsFgNBYYk82hBZZWmWbt6yMCKyuoQwuybOEt2n7V18+pwwKrnrOqD4CpL4eugNMKaloEkVWgiwRT9vuVFVzZ\/ZcV1KF\/v69O2d\/v0Nv\/CrDAmEwOXQHmyUtV1TfNXPL6ZSOwst+\/rEDKcmiBHfr3P\/bjK6LqFoK68xnfnwXGZPK7KuCsfaa9954CcOgK4tDnp2rKRphlr69Dr3\/o658F9hsEVucCyhcAwzAMkwULjGEYhjlKWGAMwzDMUXKWlwZc9cEVpSmXXZ9hGIY5XlhgDMMwzFHy\/wFq4Q8gPoJFRwAAAABJRU5ErkJggg==\" alt=\"Pude\u0142ko apteczne Typ 16 185ml\" width=\"432\" height=\"194\" \/><\/a><\/p>\n<h6>Pude\u0142ko apteczne Typ 16 185ml<\/h6>\n<h5>Dost\u0119pne przek\u0142adki dla tego produktu<\/h5>\n<h6>Przek\u0142adka uszczelniaj\u0105ca &#8220;EPE&#8221;\u00a0 <img loading=\"lazy\" class=\"\" src=\"https:\/\/www.polipack.com.pl\/images\/products\/789-263-separator.jpg\" alt=\"Przek\u0142adka uszczelniaj\u0105ca &quot;EPE&quot;\" width=\"100\" height=\"100\" \/><\/h6>\n<p><!-- \/wp:paragraph --><\/p><\/div>\n\t\t\t\t<\/div>\n\t\t\t\t<\/div>\n\t\t\t\t\t\t<\/div>\n\t\t\t<\/div>\n\t\t<\/div>\n\t\t\t\t\t\t<\/div>\n\t\t\t<\/div>\n\t\t<\/section>\n\t\t\t\t<section class=\"elementor-element elementor-element-6372aa8 elementor-section-boxed elementor-section-height-default elementor-section-height-default elementor-section elementor-top-section\" data-id=\"6372aa8\" data-element_type=\"section\">\n\t\t\t\t\t\t<div class=\"elementor-container elementor-column-gap-default\">\n\t\t\t\t<div class=\"elementor-row\">\n\t\t\t\t<div class=\"elementor-element elementor-element-54c4a56 elementor-column elementor-col-100 elementor-top-column\" data-id=\"54c4a56\" data-element_type=\"column\">\n\t\t\t<div class=\"elementor-column-wrap  elementor-element-populated\">\n\t\t\t\t\t<div class=\"elementor-widget-wrap\">\n\t\t\t\t<div class=\"elementor-element elementor-element-a7fe1bc elementor-widget elementor-widget-text-editor\" data-id=\"a7fe1bc\" data-element_type=\"widget\" data-widget_type=\"text-editor.default\">\n\t\t\t\t<div class=\"elementor-widget-container\">\n\t\t\t\t\t<div class=\"elementor-text-editor elementor-clearfix\"><table>\n<tbody>\n<tr>\n<th colspan=\"2\">Sp\u00f3d<\/th>\n<\/tr>\n<tr>\n<td>Materia\u0142:<\/td>\n<td>PP<\/td>\n<\/tr>\n<tr>\n<td>\u015arednica:<\/td>\n<td>75.80 mm<\/td>\n<\/tr>\n<tr>\n<td>Wysoko\u015b\u0107:<\/td>\n<td>50.10 mm<\/td>\n<\/tr>\n<tr>\n<td>Waga:<\/td>\n<td>19.50 g<\/td>\n<\/tr>\n<tr>\n<th colspan=\"2\">Nakr\u0119tka<\/th>\n<\/tr>\n<tr>\n<td>Materia\u0142:<\/td>\n<td>PP<\/td>\n<\/tr>\n<tr>\n<td>\u015arednica:<\/td>\n<td>80.30 mm<\/td>\n<\/tr>\n<tr>\n<td>Wysoko\u015b\u0107:<\/td>\n<td>14.20 mm<\/td>\n<\/tr>\n<tr>\n<td>Waga:<\/td>\n<td>9.30 g<\/td>\n<\/tr>\n<tr>\n<th colspan=\"2\">Komplet<\/th>\n<\/tr>\n<tr>\n<td>Pojemno\u015b\u0107:<\/td>\n<td>185 ml<\/td>\n<\/tr>\n<tr>\n<td>Pojemno\u015b\u0107 ca\u0142kowita<\/td>\n<td>200 ml<\/td>\n<\/tr>\n<tr>\n<td>Materia\u0142:<\/td>\n<td>PP\/PP<\/td>\n<\/tr>\n<tr>\n<td>Wysoko\u015b\u0107:<\/td>\n<td>52.00 mm<\/td>\n<\/tr>\n<tr>\n<td>\u015arednica:<\/td>\n<td>80.30 mm<\/td>\n<\/tr>\n<tr>\n<td>Waga:<\/td>\n<td>28.80 g<\/td>\n<\/tr>\n<\/tbody>\n<\/table>\n<p>Opakowanie jest przeznaczone m.in. do produkt\u00f3w kosmetycznych.<\/p>\n<h2>Pakowanie:<\/h2>\n<table id=\"_technic_table\">\n<thead>\n<tr>\n<th>Nazwa<\/th>\n<th>Pakowanie <small>szt.<\/small><\/th>\n<th>Wymiar kartonu <small>[mm]<\/small><\/th>\n<th>Masa kartonu<sup>*<\/sup>\u00a0<small>[kg]<\/small><\/th>\n<th>Ilo\u015b\u0107 karton\u00f3w na palecie <small>szt.<\/small><\/th>\n<th>Ilo\u015b\u0107 sztuk na palecie <small>szt.<\/small><\/th>\n<th>Pakowanie zgrzewka <small>szt.<\/small><\/th>\n<th>Ilo\u015b\u0107 na palecie <small>szt.<\/small><\/th>\n<\/tr>\n<\/thead>\n<tbody>\n<tr>\n<td>Sp\u00f3d<\/td>\n<td>245<\/td>\n<td>580x380x360<\/td>\n<td>5.7<\/td>\n<td>20<\/td>\n<td>4900<\/td>\n<td>0<\/td>\n<td>0<\/td>\n<\/tr>\n<tr>\n<td>Nakr\u0119tka<\/td>\n<td>800<\/td>\n<td>580x380x360<\/td>\n<td>8.3<\/td>\n<td>20<\/td>\n<td>16000<\/td>\n<td>\u00a0<\/td>\n<td>\u00a0<\/td>\n<\/tr>\n<\/tbody>\n<\/table>\n<p><small>*Podane warto\u015bci maj\u0105 charakter orientacyjny i nie mog\u0105 by\u0107 podstaw\u0105 do roszcze\u0144<\/small><\/p>\n<h2>Mo\u017cliwo\u015bci zadruku:<\/h2>\n<div class=\"hidden-lg\">\n<div class=\"_flex_table pl\">\n<div>\n<table>\n<thead>\n<tr>\n<th rowspan=\"2\">Nazwa detalu<\/th>\n<th colspan=\"3\">Pole zadruku &#8211; SITODRUK<\/th>\n<\/tr>\n<tr>\n<th>dno <small>[mm]<\/small><\/th>\n<th>obw\u00f3d <small>[mm]<\/small><\/th>\n<th>g\u00f3ra <small>[mm]<\/small><\/th>\n<\/tr>\n<\/thead>\n<tbody>\n<tr>\n<td>Sp\u00f3d<\/td>\n<td>x<\/td>\n<td>17 x 222<\/td>\n<td>x<\/td>\n<\/tr>\n<\/tbody>\n<\/table>\n<\/div>\n<div>\n<table>\n<thead>\n<tr>\n<th class=\"hidden-lg\" rowspan=\"2\">Nazwa detalu<\/th>\n<th colspan=\"3\">Pole zadruku &#8211; TAMPODRUK<\/th>\n<\/tr>\n<tr>\n<th>dno <small>[mm]<\/small><\/th>\n<th>obw\u00f3d <small>[mm]<\/small><\/th>\n<th>g\u00f3ra <small>[mm]<\/small><\/th>\n<\/tr>\n<\/thead>\n<tbody>\n<tr>\n<td class=\"hidden-lg\">Sp\u00f3d<\/td>\n<td>**<\/td>\n<td>x<\/td>\n<td>x<\/td>\n<\/tr>\n<\/tbody>\n<\/table>\n<\/div>\n<div>\n<table>\n<thead>\n<tr>\n<th class=\"hidden-lg\" rowspan=\"2\">Nazwa detalu<\/th>\n<th colspan=\"2\">Mo\u017cliwo\u015b\u0107 zastosowania HS <small>(wtop)<\/small><\/th>\n<\/tr>\n<tr>\n<th>na obwodzie<\/th>\n<th>na g\u00f3rze<\/th>\n<\/tr>\n<\/thead>\n<tbody>\n<tr>\n<td class=\"hidden-lg\">Sp\u00f3d<\/td>\n<td>**<\/td>\n<td>x<\/td>\n<\/tr>\n<\/tbody>\n<\/table>\n<\/div>\n<div>\n<table>\n<thead>\n<tr>\n<th class=\"hidden-lg\" rowspan=\"2\">Nazwa detalu<\/th>\n<th colspan=\"3\">Pole zadruku &#8211; ETYKIETA<\/th>\n<\/tr>\n<tr>\n<th>dno <small>[mm]<\/small><\/th>\n<th>obw\u00f3d <small>[mm]<\/small><\/th>\n<th>g\u00f3ra <small>[mm]<\/small><\/th>\n<\/tr>\n<\/thead>\n<tbody>\n<tr>\n<td class=\"hidden-lg\">Sp\u00f3d<\/td>\n<td>***<\/td>\n<td>***<\/td>\n<td>x<\/td>\n<\/tr>\n<\/tbody>\n<\/table>\n<\/div>\n<\/div>\n<\/div>\n<p><small>**Do ustalenia po otrzymaniu projektu<\/small><\/p>\n<p><small>x Brak mo\u017cliwo\u015bci zadruku<\/small><\/p>\n<p><small>Podane wymiary zadruku (mm) (wysoko\u015b\u0107 x d\u0142ugo\u015b\u0107)<\/small><\/p>\n<p><small>***Mo\u017cliwo\u015bci etykietowania okre\u015blone przez odbiorc\u0119<\/small><\/p><\/div>\n\t\t\t\t<\/div>\n\t\t\t\t<\/div>\n\t\t\t\t\t\t<\/div>\n\t\t\t<\/div>\n\t\t<\/div>\n\t\t\t\t\t\t<\/div>\n\t\t\t<\/div>\n\t\t<\/section>\n\t\t\t\t\t\t<\/div>\n\t\t\t<\/div>\n\t\t<\/div>\n\t\t","protected":false},"excerpt":{"rendered":"<p>Pude\u0142ko apteczne Typ 16 185ml Dost\u0119pne przek\u0142adki dla tego produktu Przek\u0142adka uszczelniaj\u0105ca &#8220;EPE&#8221;\u00a0 Sp\u00f3d Materia\u0142: PP \u015arednica: 75.80 mm Wysoko\u015b\u0107: 50.10 mm Waga: 19.50 g Nakr\u0119tka Materia\u0142: PP \u015arednica: 80.30 mm Wysoko\u015b\u0107: 14.20 mm Waga: 9.30 g Komplet Pojemno\u015b\u0107: 185 ml Pojemno\u015b\u0107 ca\u0142kowita 200 ml Materia\u0142: PP\/PP Wysoko\u015b\u0107: 52.00 mm \u015arednica: 80.30 mm Waga: 28.80 [&hellip;]<\/p>\n","protected":false},"author":1,"featured_media":0,"parent":0,"menu_order":25,"comment_status":"closed","ping_status":"closed","template":"","meta":[],"_links":{"self":[{"href":"https:\/\/pepsyna.com\/index.php\/wp-json\/wp\/v2\/pages\/1125"}],"collection":[{"href":"https:\/\/pepsyna.com\/index.php\/wp-json\/wp\/v2\/pages"}],"about":[{"href":"https:\/\/pepsyna.com\/index.php\/wp-json\/wp\/v2\/types\/page"}],"author":[{"embeddable":true,"href":"https:\/\/pepsyna.com\/index.php\/wp-json\/wp\/v2\/users\/1"}],"replies":[{"embeddable":true,"href":"https:\/\/pepsyna.com\/index.php\/wp-json\/wp\/v2\/comments?post=1125"}],"version-history":[{"count":2,"href":"https:\/\/pepsyna.com\/index.php\/wp-json\/wp\/v2\/pages\/1125\/revisions"}],"predecessor-version":[{"id":1262,"href":"https:\/\/pepsyna.com\/index.php\/wp-json\/wp\/v2\/pages\/1125\/revisions\/1262"}],"wp:attachment":[{"href":"https:\/\/pepsyna.com\/index.php\/wp-json\/wp\/v2\/media?parent=1125"}],"curies":[{"name":"wp","href":"https:\/\/api.w.org\/{rel}","templated":true}]}}