{"id":1115,"date":"2019-12-18T16:03:33","date_gmt":"2019-12-18T16:03:33","guid":{"rendered":"http:\/\/pepsyna.com\/?page_id=1115"},"modified":"2020-01-07T19:50:16","modified_gmt":"2020-01-07T19:50:16","slug":"pudelko-apteczne-typ-16-125ml","status":"publish","type":"page","link":"https:\/\/pepsyna.com\/index.php\/pojemniki-plastikowe\/pudelka-apteczne\/pudelko-apteczne-typ-16-125ml\/","title":{"rendered":"Pude\u0142ko apteczne Typ 16 125ml"},"content":{"rendered":"\t\t<div data-elementor-type=\"wp-page\" data-elementor-id=\"1115\" class=\"elementor elementor-1115\" data-elementor-settings=\"[]\">\n\t\t\t<div class=\"elementor-inner\">\n\t\t\t\t<div class=\"elementor-section-wrap\">\n\t\t\t\t\t\t\t<section class=\"elementor-element elementor-element-415a06fb elementor-section-boxed elementor-section-height-default elementor-section-height-default elementor-section elementor-top-section\" data-id=\"415a06fb\" data-element_type=\"section\">\n\t\t\t\t\t\t<div class=\"elementor-container elementor-column-gap-default\">\n\t\t\t\t<div class=\"elementor-row\">\n\t\t\t\t<div class=\"elementor-element elementor-element-7804b5ee elementor-column elementor-col-100 elementor-top-column\" data-id=\"7804b5ee\" data-element_type=\"column\">\n\t\t\t<div class=\"elementor-column-wrap  elementor-element-populated\">\n\t\t\t\t\t<div class=\"elementor-widget-wrap\">\n\t\t\t\t<div class=\"elementor-element elementor-element-407a9911 elementor-widget elementor-widget-text-editor\" data-id=\"407a9911\" data-element_type=\"widget\" data-widget_type=\"text-editor.default\">\n\t\t\t\t<div class=\"elementor-widget-container\">\n\t\t\t\t\t<div class=\"elementor-text-editor elementor-clearfix\"><p><!-- wp:paragraph --><\/p>\n<figure style=\"width: 456px\" class=\"wp-caption alignleft\"><a href=\"www.pepsyna.com\"><img loading=\"lazy\" title=\"Pude\u0142ko apteczne Typ 16 125ml\" src=\"data:image\/png;base64,iVBORw0KGgoAAAANSUhEUgAAAcgAAACbCAYAAADmzAsHAAAgAElEQVR4nO2d53qryNZuff+XdHb3clQk5wzK9grde39X8J4fcpULVIBshJDk+WM8tiUBBS5qaM4K3M1mM5yL+XxOEARBEFfBHQmSIAiCIA65O+fBFEUhCIIgiKuABEkQBEEQEkiQBEEQBCHhTlVVMIYuTN+I5\/oVuu6\/a\/k1TSMIgiDOBAmSBEkQBEFIuOsqDeJ8DF1ZCIIgvhN3QxeAOB5d1wmCIIgzQYK8IoauLARBEN+Ju6ELQByPYRgEQRDEmbj7Tg1w34IiwREEQdwOJEgSJEEQBCHhrCnWroU1TZMgammrP23109SNTrTuv2P5u94fbdtblsWpbnNM+Qni1iBBEt+GVkEYZieGPr82RAHKsG0btm0fSJJdu6HLTxDn5m7oEJYESZyKNgG0bt9RkG3H75uu14cJsirKY\/dPELfG3dAF+AxDN0DEZVNt4Nsa\/IPtzW70Xf6u59f39SOIW4MESdwMQwuyawak7\/MfWsAEcW3cDV2Az9B3A0DcNq11rGOK9dL76B3HaYTuN4Ioc3fOg5EgiT5pqz+tEVxHQXZdKanvtXrbzr8qWbrviO8OCZK4GboKsu9pHm2C6\/q0l67PYxWjWFnad+j\/L0Gcm5MKsi2FQ1w2Q\/\/\/2\/bf9QtU1xRrmyDbUqBDR5htHCNYFqkymcr6Tqv1wXVduK7b+r9gn2uD1ZXqF5+h7x\/i9iBBEpyu\/99jGrYuxydBDivI6XSK2WyG2Wx2IE1VVQ\/6Uqvp2mPqjaw+HPv\/Hfr+IW4PEiRxNG0C9Dyvkbb9kyAvX5BNtD1AXNa3WVe3qnWi+v+V1c2h7w\/i9rg75c6OTZEQ10mbAPsWZFdaBds2z7FFoG2C7DrKtW\/BtvVRVj\/DxMmiSpHPpmoNwzhoR8S64\/t+a\/0a+v4gbg8SJHE0XQVIgrxuQYplED\/fFnkyiY7HY0wmEx5xVoUp9muyKJHJ0fd9BEHAYa+RIIk+uTvlzrpGGMR107cgu27fJkjHshvpulBAV7oK9lSp2LoIsm1ULROjrB9TURT+3nw+58JkKVnbtgev38T3gwRJcNi38jq61g8S5HULsk2AdQJlEm2LMsXokn1eTO+Kg39YfWDtzjEpWIL4LCRIgtNVkG37J0FetyC7RJdNiIN8qlKtfm42m\/Hokk0NYenXoe8f4va4G7oAt0SbYPo+fuD5jYR+wH\/3XQ++60nfq8Nz3E64ttOJrgLrvBh518dhfWLRAUPTYWg6dFU7Gk1Re0WZzXulbZSsKFP2t6Io0DSND\/IR70PP8\/gXN7HfkhiGru1n3+2rbJ8kyBNyTYL8zHskyOEE+RlJ3rogZcKsDvKxLGt\/L7wL8VSNL0GCJHq4wJckyK6QIM8nyK9I8rsIsi5FO51OoWkabNseXAbEjQhy6It2S4jD0GX0ffzQDxphkWLde22wtOxX6VuwbQLtyrkEWyfJNvoWqDpXGukqyLa+SjaIh0WOTI7j8Rij0Qjj8Riz2YxHkrZt8z7KMAxb70+iX7q2n323r7J9kiBPyLUIMgrCEiTIyxLkVyV564IU5cgEOZlMMB6P8fLyciBQtnqP7\/uI43hwQXx3urafgwhy6It2S4Rh2Ejfx6+Kr4ooyDiMEIfRpwTZlb4F2zWF27eAPyvRLilZGZeegj1msYGqIKfTKZckS7OyvyeTCVRVheu6iKKo9f4k+qVr+9l3+yrbJwnyhFyLIOMwQhLFSKIYcRiRIC9IkF0keeuCbJo+wuZRMljKdT6fwzAMuK47uCC+O13bTxLklUOCJEGeKkVLgjyEzbMUB+aIo1hZ1CjC5k0ahjG4IL47XdvPqxfk0P+ANqIoauTS998Gk14aJ8iSFGmcIInigzRqFIT8c0kUI\/QDeI5b+pw4T5KlZIcW5LX3cQ49SrZrH2YbbX2UbRyTYj3maSOiIMVRr5ZlIQgCJEmCMAz3I7+DoPW+Pfb+PXY\/fXHp7Vff59fH9iTIK6pgrcd\/F1+WpMjTDHmaIY0THiWy\/sckipGnGYosR5akiIKQC1IcuHPqyJIESYJsHORTs0h6NcVaTa2yCLIaPVbXfTVNkwR5we0jCXJghq4AvZ\/je\/o0TzMs8gLLYoEiy5HGCZceE2SR5VgWCyzygr\/fdZQrCZIE2QXxiSOy9VxFQVZHq2qahvF4XHpiSHU9V8Mw4Ps+F6Tv+59quPsWAAnyAgU5lKyGYOgK3DeB5yMOIxRZjvVyhc1qjdViiTzNSqlWMYpc5AUWeYEiy0syE0e7snRs2zSSY6aZfOc+zqGnkfQt0K7TRGRyrJviIXsoMxuYw\/oexeiSrbTDBBlFEf9SP\/R9S1wuJMgbgglykRfYrNbYbbbYrNY8kmT9jUwITKarxRKb1boxJZslKQmSBNmrIOsWKxdXypnP5\/xBy2wBdtb\/KMqRrdFaxfM8xHG8v1\/e06txHH+L9oH4PHen3NnQAuwqyDiOO9H3\/tsI\/QBJFJcEySS5Xq54OpXJJPQDZEmKRV5gtVhiu95gvVyV0rKnpKtg+xbwd0\/htgm07xTsMQ9eFh+szATJHsbMBCp+RnwKCpsTye+X9zbhWEF2vf\/75tLbr77Pr4\/tSZBXVMFajx+ESOOkJMjX7Y6zXW+wWiyRJWlpxCv7fbVYclj\/ZJakfEEBEiQJsm9BVlOnYrRommZJjNUpH+KTPcTHmLFtFEUpCVK8J0mQJEgS5JVXsFbCiAtyvVxht9nibfeKn69vnNftDuvlqpR2DTwfru0gDiNkScqjyd1me9KIkgRJgmxLsYr9hezhyEx0nufBtm3ous6XmRP7G0U5is8INU2TBHkB7ddVCrL3Rps4H1GANImwKDKsVwvstmu8vW7x9rrFz7fdwe+77Rrr1QJFniJLY0ShzxH3tVkv8brbYLnIsVzk\/PNJHCIKfQS+i8B3S8vXyaTIFiaozrdkAmmSaxxGrQIbuo9zeEE6jViG3YhjuXAs9+Dzpm7B1K3S74ZmwtBM6KoBXTWgKTpUdY+mGVJ03eSw19g2qqrDNG1YlgPH8eC6PlzXh+N4sG0XluVgNlMwmymYz1V+HMOwYJo2TNOG5wUc1\/Vh2y5M0+bHUxQNUZQgSTKEYYw0zUu\/D37\/EhcHCfKWaBHkz7cdfv185by9brHdrLBaFlx8eZYgS2NOniUo8pSLcr1aSD+fJlFJUuJ0ESZO8T1xEFD1czK59i2\/7yBIJjcRJjpDM0uylH2GyZAhbmtoJheVYVgwDOtAhtPpnAtOUTQuTSY5x\/E4luVwuamqDkXRoCgaFyPbzrIc2LYL23ZJkMTJIUHeEkcK8vevN\/z+9YZfP1\/x822H190G280Ku+0a280K69XiIFJM4hCLIuOwaHK1LDjr5QqrxRKLvOAjYqvRoiicz6ZQj1lKjwTZTlWCMkFWJXkMYjQoIkaQTIa27cJxPHheAN8PEQQRjxZlYpzPVS5gJkUWaYpiJEESp4QEeUscIcg6SVbTsLvtGpv1UirKNIl4ZClK8ufrG952rwfTS8Rl75pSrGKqlAmRRZVsiso191EOLUjX9uDaXimVKsqwLRUriyg1ReewCE9V9ZIMLcuBZTkIgojj+yF8PyxJrRpxshQqE6IoQ7Y9218YxiRI4uSQIG+JFkG+7jZ43W0OhMmQvf72uuXbLYoMRZ5y8izhZOnHEndslZ71coXtesNH0RZZjiLLkacZH0krplXZ73WjZkmQ3QRZ18d4bLTYlGI1daskrqrAgiA66FNkaVjWF8lSs2KU6XkBgiBCFCUIw7hEFCUlSJDEqSFB3hJHCpJJsipE8TUWZf75\/RP\/\/PmFf\/\/5jT+\/f+L3rzf8fNvxAT6LIuOCrC6WzmTJlr1jq\/awvxnVqSXiggVilNkmsL5TsNcuyDrx1UmyGkG6tgfP8eG7AUI\/QhwmSKIUWZIjS\/ayieMUUZTwKJFJ0XG8kgBlyOTKRBjH6QEkSKJvSJC3xJGjWFlUWDeAR\/ybCfK\/\/\/7B\/\/3vX\/zvv\/9wWbKBPq+7DT\/W626DzXqJ1bJAkadIkwhxFCAKfR55yvoyl4uPtWFZWlZ8HNcxfZAkyOP6HsVokqVdPcfn+G4A3w0QeCEn9COkcYY0zrgQ87RAkS1QZAss8iUXUzVSZH2HTJQsVer7YSkaTJIMSZIhTXMuL1G64t+iINk+SJDEqSFB3hJH9kGKohRl+M+fX\/jz+2cptfrzbVeKJFk0+e8\/v\/Hff\/\/gf\/\/9B\/\/77z\/4v\/\/9i3\/\/+Y1\/\/vwqRZlMluKoVx5xxiGXZxT6SOOER58M9lSSPM1KKVgZJMj2PkgmQCa9KIgRhwniMCnJryrAIltwQcZhgtCP4LsB79O0TafU5yj2GVZTrWJUKEqR\/cyyAnm+QJ4vkGVFSZaiMJkc2X5JkMSpKQkySZJG2nbWdfuhaSt\/V3ovfxwiS+OSIOvSqXV9kMfCUrW77ZrDBv6IA4DEqHSzXnLWqwWfMsJgUmSiZCnbYxHFKqNrH2abAOtG6DJBdxVsm8CTKG0kS3IuOfYak6MoyiiIEfoRAi\/k0aQYWYqIUSYTIpNgHKcl4S0WK05RLFEUSy7CKllWcDnWRZRVQTJJVqeLiCNiXdcv7YdJeR+V3nb7M3T7NfTxvwIJ8owVtPfyDyxIWRpX9rntZsURpcn6JMW+Sjawh6Vdm2gTKBNvHZ8VchU2EleUpDj4qGv52xBlJSP0Iy4+ESa7pnSrKEQWeTLp5mmBPC2wXK6xWm2wWm2wXm+xXm+x2ew4JMhh25+h26+hj\/8VSJBnrKC9l39gQW43C85mXWCzLrBe5Rzx\/cPP7Ee9srmU4sAdhihLGW0CbKMthdtGVXhievgUKeI2ZBFeEzKBskhSlB\/rY1wWKyyLFVaLNTarLbbrHV63b3jb\/cTb7id2uzfOdvuKzWbHRbleb0mQA7c\/Q7dfQx\/\/K5Agz1hBey\/\/wIIUZbhe5VgtM85ykR78zVgUCRZF0hpBtlEVUpWuEeSxa81W53eyPsa2FGnXFHBbipWlUNnf1T5HJsHVYo31coPteofd5pVL8OfrrxJMjAwWKa7XW6xWGyyX65IMSZDDtj9Dt19DH\/8rkCDPWEF7L\/\/AgmQRoRg5ilKsE+OiSFDkca3w2lKTdRFblTbBimKWcaygPyP1zwi+\/fwWR7HIlwcRYZX1coP1coPNansAe0\/8\/LJYlaJFBku5rlYbEuTA7c\/Q7dfQx\/8KJMgzVtDey3+BKdZqmrUqzrIwM6mQThUBtm3fJqA2gW5Wa\/4UlLfdK369\/cSfX7\/xz+8\/+PfPPzyFXEfb\/sV0swwmvjqYEEVkUpQJcLVYlwQrbss+v1yuOaIYSZCX0f4M3X4NffyvQII8YwXtvfwXIciCs1nnnPUqw2qZllguEiwXCRZF\/B5JygXJJNm1D7HrWq\/tg2TKA3NkiyZ06UNtj0KbI0eZIEWByqJFEVlkuV3veCpWFKAoQUqxXkb7M3T7NfTxvwIJ8owVtPfyDyrIZUmQVTmuV9m7CGMUecTJs\/CdaL+QQCXVeGx69ZhRoF0H4Rw7SEe27ix73FeXCLerIKuRYVWQ1SizGiFu17tSmpXtg+1HHJTDokbWD1knTxLk+dqfoduvoY\/\/Fe5OWcC+t7\/0f+DgvM8FFB+Y\/LrdSQS5kfL2uj6a190Kr7sVdtslp20Uq6wvstwPebjOq\/joLZE0iZAmEV9APYlDZFHMScMIaRghCcKz8RmZyqWYSVerYVQn8Vcn8n+GprRrHbK+ymo\/5LGw44tlYlIUxSguENBVkNPpHI7j8bmZoiD3+x5WMIO3HxfOENePBHlLFfTLglzj59vxciRBkiBJkNfRwN8SJMieL+DNV1ASJAmSBEmCvFEuXpCXDgmSBEmCJEGSIG8TEmTPF\/DmKygJkgRJgiRB3igXL8g0TRvpe\/uuF\/DmKygJkgRJgiRB3igkyJ4v4M1XUBIkCZIESYK8UUiQPV\/Am6+gJEgSJAmSBHmjDCLINmldEkP\/g4Y+\/9brE8XI0wzLYoHteoO33St+vr6RII8VnB800lWQ7QsFZI10FeRXlqK7JUHOZgps2y1tW35YM7VPt9y+f6VMJMgbqoBVQb5ud3jbvZIgSZAkyPcIkgmS7UM8DrVPt92+f6VMJMhbqoDvC24viwU2qzUJkgRJgqwI0rIcnlpNkowfjwQ5PJd4fUiQt1QB3xfGpj5IEiQJsj6CZGJM05yv\/bo\/HrVPt9y+f6VMJMhbqoDvgiyyHKvF8iPNerBQOQmSBPn9BMkWK2eDdEiQl8UlXh8S5C1VQEGQLM2628ie5EGCJEF+P0EahoUgiPj+xRQrCXJ4LvH6kCBvqQIKzx5kadbtekOCJEGSIFWdP+qKRYxRlEBMt1L7dNvt+1fKRIK8oQrInkfIBMnSrCRIEiQJUufRY1EskSQZwjBGHKfCMal9uuX2\/StluihBDl3Bul7gobcXH9gr9kXutmuIDzuuPgPydbfE626JXz+3nLZnRF6iIJkU6\/iMLL\/CZwTJFgcoP\/D5A5kUb12QRVGgKArkeY4syw7ui7aJ4lEUwfd9uK4L13VhWRZ0XYdhGHAcp3fBDN0+fffz6wMS5Akr2NDbi4IsTflYlyX5821TEeEab6+rA3GKInzdrUiQJMheBcnEKJNjFVGKIkyMlmXBNE0YhgHbthGGYef769bbr2s\/vz4gQZ6wgg29fVWQTJKLIsNykWO3XeN1t5efKMlfPzfSFKsoRxIkCbJvQbbdE+JrTI5hGCIIAvi+jyAISlGjaZqwbRtBECDL2peS++7t17WfXx+QIE9YwYbeXhSk2BAzqaxX+2hyu1lUhLd657r7IEmQ1y1IFj1W4fX7\/fckSRBFERcjS6natg1N06CqKkzThOu68H0fcRyjKIpvL5BbP78+IEGesIINvb1MkEkUc4GwSHK1zLBZF4LQCmw3hVSEsrQrCZIE2VeKVaQqyiT5iByDIIDneXAcB7Ztw7IsaJqG+XwOVVXhum5pEetT3F+33n5d+\/n1AQnyhBVs6O2r6VXWGMdRgDgKUOTpuyRTrJaZIK8Mq2XamFKlCJIEec5BOuJAHVb\/xXSq67pwHKfU16goCmazGVRVhe\/7B2L97gK59fPrAxLkCSvY0NuXH50kiDIOEUcBjyCZID9klWC5SLjUxOhSFCAJkgTZtyBFMVb7GT3P42K0bZuLUdd1aJoGXdd5BOl53v5LIwny25xfH5AgT1jBht5e1uimccJFsloWWC0PpbVcJFgU8YE416u8JE0SJAnyHKNYmRzDMCz1MYrp1KocNU2DbdtQVRWKosBxHMRx\/Kl25bu3X9d+fn1QemAyXaDrpi6CZDKRpVj3Esve06yHAhMlxkRXF2WKclyv8tK2RR637n+5yLEo9qNuq6IUZcnOp2mhABniZH8mTfZeHiedBRkJHLs4wGcWChAfniyjTUqiKEXprZcbrJebkkSrUlwvN62ClIm7TcoiLH3q+\/5BtChSncah6zpnOp1iPp8jCALkec5lm+f54PcncX2QIG+IUwhSJq4PgR1GmNUoU5amZcijxligOYKsEyaTZqvAPL\/EZ1fKGVqQbRFim0CrkZ4YweVpwUUpslltOW0C3W1esV3vsF3vuFDF47C\/i2yBLMkRhwkCL4TvBvCcDzFW5ciE2CRHFkVOJhOpII+Z5kEQVUiQN0RXQcrkWBbYB1VxLhdp43vLRVqbZv3YPpVK8lQRZN\/p1qEF2RahiYIUU5xVgdalTGUCZYhRpijBJEoRhwmiIOaEfsQJvJBTTaVWhch+ytKrqqqWBOn7Po8aSZDEV7kbugDE6TiVIOvkmKXhAXkWcdjn8ixCloZIkwBJ7COOPMSRJ40cy9sfSrIqTFk\/JBNlHiet1K3Veg0RZF1\/JKNNkFWZVvsVxTSqrK9wu95hs9ryz4mCZTKsClGUoOf4+0jRDeC7AQIvROhH\/LN1adQqMjnKBCkO0CFBEl+BBHlD9B1BpknQiLhNVZKiKOPIQxS6iEIXYeBwxGgwicOSAFn5m9KwbQKTSVFMuV67INtSrNW+QVmatEmS7DisPEyGTIji+6IsqxEkS6u6tgfbdGAZNkzd4lIU+YwgVVXFeDzGbDbjgmQjYSkDRnyFkiDbFgMeurBEM30P0hEjx6ock9jn0otCtyRDJsiqKMXPR6ELz7XhuTZ8z+EEvsuJQh9R6CMMPI74ftsoVjGC7Prkj2tMsVb7HKvCExFH1FZlx0bZyqTM9heHCUI\/4v2Lru3BsVyObTpcjhyJIOuEWSdJJkg2zYMESXSBBHlDdBWkOCVD7C8U+xjFlGhVlp5rlvA9q4Qozaogw8CB61gcJktRmI5tlrAtA7ZlwDJ1WKZ+MAinblBOW2R5qYLsOsq1GtlV+wTF\/kCW\/hRpOz6Toef4XIIsOjQ0E7pqwNBMmLoF23TgWC5PuQZeWBJhdeRq2whWJsnxeIzpdFoSZBiGJEjiS5Agb4iughRHoMpEKes7FKPKanQY+DZ8z+LCdGy9hG1psC0NlqnCMtWSDFlUKIsWxQhTFKk+n72jSH+aqgZTVWCqGixNha0bsHUNjmHCMcyLF2RVWFVc22uEyUuUkri9bP6lmJplgmVpUpYiZQJkmLq1T5m+R4YsWmTiZX2Q1ciyTorHSlJRFBIkcVKoD\/KGkH2J2aeYAoShjzSNURQZVuscm+0C602B9abAZltgu\/tYk7WOzTrHZv2xNB1bYGBRxCjy6CDdGgbOgSRdx+BytEwVhj6Hrs2gazMY+vwA9p6uzWBbGper6xgHUWrg2++4768578e1349rvh\/bgGWqMA3t\/RgKdE2BMp82oqnzRnRVOwmGpnNM3ShhGSZs04JrO\/AcF4HnI\/SDkpRFMYtflIosR55myNPsfWGCGHEYcan7rgfPceHaDhzLhmWYMHUDhqYflE8si2PZcCwbtmmV\/nZth5eT7Zf97jkufNdD4Pmc0A847DXf9TjifqrlM7S9JKuDdEiQRBdIkDdE34IURSlKkolSjC7FEayiLEVhiqJkshSlqKlTaOoUqjKBqkxKsqyK1DQU6WsirmNwqtHsXrpWIyylW4fYmH+VOmGEfnDwGfE9JriqTESYwJhYqvKryrgOUYyiBGUCrJ5Ttexi1C0TpChJEiRxbkiQN0TfgtxtF7XR5Gr5Mc+RDewRR7OKKdi66HIf1SlckqIclfkY89moxGz6UmIyfuJMJ8+YTV\/4Z5X5uATbL5Owpk55X2YdbYJkkdNXqUZgooBc2+Hvi5KTRZtcGKoGTVGhKSrUucJ\/NqEpqjRKlAmxTthRTbq5aem9JIoPvhBUJUmCJM4NCfKGOIcgGVVRbtb5wRqsoiwXRVLqt6zOkYxCl8uSRXjHCHM2fcF08ozp5Bnj0eMBojRfnu8bGY+eG5nPJs1MZ40os3kjk9EYk9EY0\/EE0\/EEs8m0hLiv2WTKP8e2a9r3fDqTytQyTE5VijIRVqNWUYB1feAfa83K+l0\/PtcWSZIgiXNDgrwhhhBkOfVaHuAjWy2nOleyOhpWjDLFCFNMi7K0rChPXZs1ypNFlez3yfgJ49EjRi8PRwvy5fmxESaqOpjQ6qj7LBOkTHxi9Ce+JkaCoviaIkIxEjxmsFFVhEWWl\/o5q7QNUmpLt5IgiXNDgrwhztUHWUfTFJEmUYrURZnVKSGywT+yAUDVPkz2d1Wik\/FTa4Q4Gb800ibAakRYRZbuZKJrGiTDZNcUAdb1\/4kpT\/HJIjLBtb2\/yAss8oKLsirLqhBladc6SYZ+QIIkzg4J8oY41yjWclpVLsi2dVeblp2rzq9sWmSArcIjDgCqRp1ixCkO5qkOBmKjWb9KW\/9e2+hVMd0p9jeKfZRi32TdQBhRfmKkVxWaKLKqzNhrTHpV8cmok2Pp0WvVh3l\/QpIkSOLckCBviCEEWeZQkrJosvqUENlSdtXVd2SRZHWpOlGQItUok00RqS5o0DaKtQ3ZyFER2WjOOpr6+ppSnWKU1xTtyRD3wSS5yAssiwWWxeIoSTbJ8eA5pYIoq7IkQRKXwF3b4gCfoe1gpzwW8RlCxHGIPE+xXBbYbBfY7pZckkyQYh+jjHaByvshm5avk6VXZVFkWyQpk2WdMOulaXfiK1M46qIl2QjQ2oUgGgbGHCtHWUTZBVlatk2QoijFayKb7sFG9YpTVtoEOfx9SFwbJMhvwe0Ksm7h849FA5qjSlGS5xKkTISiIOumSJAgSZDEeSFBfgtuT5AySYqC\/IokzyHIOjkyGTTNHyRBkiCJ83JSQRKXym0IsmskKZNluS\/S6cRX+hVFEdbJsW5aBQmSBEn0CwnyW3Bbgvxqf2SbJM8lyDoRNsmRBEmCJM7PSQUZRVEjQ5\/s9+U2BHlMyrVOksekXcVnS36F6ry9Kk1LsMmmPHxVjiRIEiRxGkiQ34LbEWSXka1tkjynIGUiPJUcSZAkSOI0kCC\/BbclyLZFBOr6I9umgQwhyLp5gF3kSIIkQRKngfogr4ivfwHZC3K5LLBeL0uC3P++wOvbqlWQxyxWzmh68HLdogF1S87JkAlSFjmK0eJRgvzEZP4qkUDsB4j9oPRA5TSMGukqyCJJOYs0wyLNsMxyDnutjmsXpKZpGI\/HmM1mCIIAWZYhDEP4vt\/x\/jnP\/Tt0+YY+v0uEBHlFnEKQq9XiWwlSlGGrIDvIkQQ5vCBVVeURJAny8tqna4QEeUV0FWRRZLWC3L0ub0qQMkmSIG9fkNPpFKqqIggCpGlKgryg9ukauRu6AMQ5CBBFgbQP8pYEeewgHRLkbQpSURTM53Pouo4gCJAkCcIwRBAEF9GAh2HYyNDlG\/r8LxES5LdgL0i2WPl6U2C7W3JJbneLowbpXIsgPzOSlQR5W4JUVRWWZXEpXpJ8SJDDC+\/Tghy6AMTxfL0C+ghDH0kSIc\/TA0EeO4r10gXZJMljFjMnQV63IFn06DgOv1+OvXfO0YAHQdDI0OXru31qO\/9LhAR5RXQVZByHyLIEq+cr+HcAAA1iSURBVHV+s4I8NpIkQd6eIGezGQzDgOd5n7pvSJDnaZ+Glh0J8sbpKsgoCmoFudkWNyPIrz4OiwR5\/YI0TRO+7yMM90I65r4hQZ6nfRpadiRIooa9IIPAQxyHyIsYy1XGB+tsd4tPC1IuzW6ClMlStnjAVwXZOk+yZaJ\/G6IMZbQJsutCAG0CFGUpY2hBiq+J69Oy6ys+GcVzXP7QZEPToasaHMeB67pckJcmlr4b80sv3zVCgvwWfAgyigKkWYhisY8kvzpIhwRJguxbkNXnZFYjSCZIUzdgaDoJ8sLLd42QIL8FH4IMQx9R7JUkyaZ5iMvGkSBJkEMIsppmFa8vk6MoSDHN6rouPM+D7\/snEcapIUFeH3dDF4A4B16Z0EEYuUjSAMUiwXqTY\/e6fO9HLGpF2bYWKwmSBHmqPkhRkKwPUiZHEc\/zuCCZJC8JVq6+uPTyXSMkyG\/Bhxx934XnW\/ADG2HkIs1CLJZ7Sa5XmTDghgRJghx2kA67rqIgZXJ0LBuu7XBBXqooSZDXx93QBSDOgcvxPAeeb3FJRrGHLA9RLGKsVxlHJklxxKoMEiQJsosgqw+Pro5graZVLcP8kKPj8vrueR5Pt4op16Hvw6rAT82ll+8aIUF+C+oFGYQOothFnHhYLVOslikJkgQ5qCCrUzzY4BxxYI4oSM95fwrLuwSZIBnD338+LxcJ8rogQX4LKoJkkvQcLskgdLBcJFyQoiSPF+RHqnX\/WvG+r336di\/H9F2QybsgYxIkCbJ2akdVkOKgHCZI3\/UOBOk4Dh\/Vegp5nAIS5PVxN3QBiH5g355ZQ8Eai4\/XrffXLdi2Cds24XomgtBGmgVYrlK+gMB6k2O1zvb9lDVstu9y3Galn5vNXrirVbyX4jKS\/1ycV5BSaXYUpPhAZBldFwKok82xD0de5EUjeZY0UuQph72WpTHnWEHKRqtGwcdoSlFytm3DsiyYpsmxLItj2zZHVs9l94T4GgmCaIIEeYOURXgoSPG1jwbGhOMa8Py9JOPEQ15EWK5SLsBiEWOxTLBcpVitswPW6wSbTcpZr5O9GJfRUTStqEOCvExBipJsE2RTOjUKwoMUqeM4B3JskmTdl0HZfSHeLyRIog4S5I1RJ8cq4jfvfUNjwHZ0WLYGy9ZgOzr8wEaSBlgs9wuc50WMYpFgsUyxXGVYrjIslimKRYK8iLBaxZyqHBeLsPS+jCY5kiD7F6QoQBmLIsOiyKSSzLPkQI5VQVYH4YiEfsDrryxyNAyD81VRtkWYBFHlTqwsxO1QJ8NDMVrvDZEO09RhmAp0Yw7dmMOyNbieiSj2kKQBsjxCXsQlQe7lGCPNQp4yFaV3tCCX6VGRIwny64Js7Ts8QpB1UWSeJVIxiuWXyVG8fmKdrIpR13Xoul4rSiZLWcpVvA\/q5EkQMkiQN0iTHMtSFBsYHbqucjnqxhyGqcAwFZiWCtNS4fkWgtBBnPjI8ugwmixiLIqYD\/Zh7PsXY97XWMexciRBDiPIpvRqlh6ei2z6Rt0UDt\/1uARlaJp28FpVlmLdlsmyei+QLIk27prScMR1c4wYxUZG05SSGHVjDlWbYq6MMZuPoKgTqNoUpqXC9UyEkYssj7BYplitc+RZiDwLUeQRlyWjyKNW2lKqvQsy8G5akK209EGWZJhEnCQOkcRhbQpVvD5MjNUncliGyR94XEXTtANkomxLvbYN7iGIKiTIG0UmxzoxfnxLV\/aS1FXougpNU6AoM8znU8xmE0wmI0wmI0ynY8xmE6jqHJZlwHX3U0XiyEUSe0gTH1kaHMAEWk9zf+NZBNmBKPQbiaOAw6QiiqYNUVAy2gT3GQHKqAoxicPSOYlfFqrRYXWhcfYUDnWuQJnNMZ\/OMJvtmc\/nmM\/nUBRFKs2vivLYUbAEwSBB3ihNkaNMjqIgVXUOVZ1DUWYcVZ1jPp9iOh1jNHrG8\/Mjnp4e8PLyhPH4BdPpeD+XMLARCbJkxJErlWZZoIeCZCIkQfYvyLbjy6Qonp\/suY0i4kR\/XdWgzOaYjicYv4wwen7BdDrFdDotifIzkmwbyPOZwT0E4TgO7uoGcBC3R5ssq4KsSpK9x6LK6XSM8fgFo9EzRqNnPD78heenHxiPHqEqE9iWhjBwkKUhFkVSkhuTlzhZv02A4mui\/Nikf9n74oIAdcL8+Izbic8IUoYYmcloE1jbPEVxP6JQ2TZ1IqyeRxh4CHwXvufA9xx4rg3PtQ8m7vuuB8eyYWg6NEXFy9Mznh+fOKPnF0xGY8wm030UOZ8fRI\/HpF2ZIKt9kE19ksT3o02Gsm1IkN+IYwVZJ0nxdZZ2nU7HPPX6cP83Hu7\/g8eHv\/D0+Deen35g9PKAyfgJ08kzPNeE71kIAwdx5CFN9lFjke+nePie9R6FOohCl3+GSVMmSxG2PdsH2w\/bl+eavAwMcSWdaxekbBtx\/9U0aVWAbeUTpSiK0XUsuI6F0A+4FHVVw2wyxej5BY\/3D7j\/+wdGzy+c8cuIy3E+nUGZ1UtR1gcpixxJkEQTJEiikWPTrWIjJGuo2N9ig6YoM0wnI0zGLxi9POHp8R4P93\/j\/sdfuP\/xF378\/R+MXp4wGb9gNh1DU+ewTB2uYyHw9+lNmfRExKiPpVBFqmKMI68k1aoUqwIty\/LzfCadK0N2TiLitWhKK9elnaupZzF6318b5wDxC4AYOXquDcc2YVsGLFOHaWjQFBXz6QzjlxGeHh7x8OMeDz\/u8Xj\/gKeHRy7F6XjyIcXZHOpc2dPSx9g0glU2ipUESXTlrq1SEbeJTJCHfZLyb+61jZemQFPnUOZTzGcTTCcjLs3J+IXL8uH+bzw93uP56QGjlyeMR88Yj55LEV41kqwiS5PK3mfCbCMK3c6CPPZYTWVoQia6qvCapCv7giAeWxYVOrbJYTI0dBWaOuf\/4\/HoGaOXJy7E+79\/4P7vH3i8f8Do+QWzyRTqXMF0POHpVE1RoasadHUvVk1RWwXYJkXZijt1\/Y4EcQwkyG9KnSCbZFnXgLEGS1Pn0NQ5VGUGZT6FMp9CVWZQlRk0dc5FyRrU0csTXp4f8fz0gOenB9z\/+H94uP8P78ecz0bQtRlMQ4FtaaUGvhr9Vfscq7BtyhGTxaXsuebggvxMhCrbRjyXYxBTzb5nlaTIokL2pUdT5\/x\/9fR4j8eHH4cZgvfUqRgpshQqixjVuQJd1WDqBsfQdOiqJq1TotzaIkYSJHFq7toqFXE7iP949lpdgyQTZZ1I+Ta6CkNXeaMqylFEFOh8NsFsOsZsOuZ9l3Wwvsz5bARVmcDQ57BMFY6tw3WMA3myvsos3U8hqRucc4yczkFVWFWqn\/VcE65jcKr7YCIUP+M6Bhxbh2WqMA0FujaDpk6hqVP+f2BfYmRCfLj\/G48PP\/D89ICX50eMR8+YjF8wnYy4DJkEDU3n8uNR4vvroiC5KGvqFauzbRFk05c92co7BNEGCfIb0SbI6nvV92WviVT7pJgwGTJRMpT5FKahwNDnUJUJ5rMRxqNHvDzf4\/HhLzzc\/0c6AGg8esR08ozp5Bm6NoOuzQ7EyaIlJggxjSsKNfCtXvE9sxHPNY7CdXS4jg7H1mBbKixTgWUq\/D3xddOYw9BnMPQZNHUCVRlDmY8wmz5jOnnCePSA0cs9Xp7v8fRY5vHhRwkuwukYynwKTZ1D1xQYugrT0HiUqCkqDE2HZZiwTYvDokUR9tgqyzBbp2u0LTVHgiSa+Er9IEF+I44VZJ0kZa+Jadc6MZqGdvC6mLoTRakqk\/eoc\/r+\/hS6to909n2az+8RzuN7ivb+Pcr5m4+i\/RhN+wOPD3\/xn\/to5+m9gd8PFDINBZapw7a0wSPEtpSoGAHalsajQPbFQpmPMZ+NMJu+YDp5fr9GD+\/X6AdHFp0\/PvzF+4xn0zHms4k0TV7+X5VhohPTpixy1BT14D2WamUibZv0\/5k+ShIkUeVLgmzbiCDOxX7wj1L7k42Wrfs5Go3e52TKfz49PeHp6aH25+PjfSNsOksds9mkEy8vT408PPxohJXz6ekBz8+PeHl5wmj0jPH4BePxS2v5y6OSD2laK7UpBX8pdG1Au+6\/6\/Xru\/yXzhD1jwRJXAxto2bbaGvg2UotdexFWs\/z83OvjMfjTkwmE0wmk9KKNE2r0Ryz5ukxUy5IkMftnwTZDRIk8a3pegO0bd8mAHElFxltgmWC+ipsibU62r4AVCfat408Pvf\/57vTdv36rv\/E57kbugAEcSxtDUTXCLSNvo9\/jPSakH322OjvFNd36Ppx6XStH33vnziEBElcDX3fDG3HbxNUV9rKd6wgP7PPc16\/707f13domdwid0MXgCCOpU0QfTdgXSO8vvsA2z7X9fp2Lf93Z+gvUMTnIUESF0PXytxVgNcugK5RRd8N+ND0Xf6u1++UKfZbZIjzJ0ESF0NbZW3b\/toboL7Kf+zxu17foevP0OUnQV72\/fEV7s55An1ziReYIAiCuE5IkCRIgiAIQgIJkgRJEARBSLhrmxz9GYY+ma7lO+W1IAiCIK4bEiQJkiAIgpBw17a81WcY+mS6lu+U14IgCIK4bv4\/tH7D62EMbnQAAAAASUVORK5CYII=\" alt=\"Pude\u0142ko apteczne Typ 16 125ml\" width=\"456\" height=\"155\" \/><\/a><figcaption class=\"wp-caption-text\">Pude\u0142ko apteczne Typ 16 125ml<\/figcaption><\/figure>\n<p>\u00a0<\/p>\n<p>\u00a0<\/p>\n<p><!-- \/wp:paragraph --><\/p><\/div>\n\t\t\t\t<\/div>\n\t\t\t\t<\/div>\n\t\t\t\t\t\t<\/div>\n\t\t\t<\/div>\n\t\t<\/div>\n\t\t\t\t\t\t<\/div>\n\t\t\t<\/div>\n\t\t<\/section>\n\t\t\t\t<section class=\"elementor-element elementor-element-3c56f89 elementor-section-boxed elementor-section-height-default elementor-section-height-default elementor-section elementor-top-section\" data-id=\"3c56f89\" data-element_type=\"section\">\n\t\t\t\t\t\t<div class=\"elementor-container elementor-column-gap-default\">\n\t\t\t\t<div class=\"elementor-row\">\n\t\t\t\t<div class=\"elementor-element elementor-element-7cd5c74 elementor-column elementor-col-100 elementor-top-column\" data-id=\"7cd5c74\" data-element_type=\"column\">\n\t\t\t<div class=\"elementor-column-wrap  elementor-element-populated\">\n\t\t\t\t\t<div class=\"elementor-widget-wrap\">\n\t\t\t\t<div class=\"elementor-element elementor-element-ec3ec82 elementor-widget elementor-widget-text-editor\" data-id=\"ec3ec82\" data-element_type=\"widget\" data-widget_type=\"text-editor.default\">\n\t\t\t\t<div class=\"elementor-widget-container\">\n\t\t\t\t\t<div class=\"elementor-text-editor elementor-clearfix\"><table>\n<tbody>\n<tr>\n<th colspan=\"2\">Sp\u00f3d<\/th>\n<\/tr>\n<tr>\n<td>Materia\u0142:<\/td>\n<td>PP<\/td>\n<\/tr>\n<tr>\n<td>\u015arednica:<\/td>\n<td>75.80 mm<\/td>\n<\/tr>\n<tr>\n<td>Wysoko\u015b\u0107:<\/td>\n<td>34.70 mm<\/td>\n<\/tr>\n<tr>\n<td>Waga:<\/td>\n<td>15.30 g<\/td>\n<\/tr>\n<tr>\n<th colspan=\"2\">Nakr\u0119tka<\/th>\n<\/tr>\n<tr>\n<td>Materia\u0142:<\/td>\n<td>PP<\/td>\n<\/tr>\n<tr>\n<td>\u015arednica:<\/td>\n<td>80.30 mm<\/td>\n<\/tr>\n<tr>\n<td>Wysoko\u015b\u0107:<\/td>\n<td>14.20 mm<\/td>\n<\/tr>\n<tr>\n<td>Waga:<\/td>\n<td>9.30 g<\/td>\n<\/tr>\n<tr>\n<th colspan=\"2\">Komplet<\/th>\n<\/tr>\n<tr>\n<td>Pojemno\u015b\u0107:<\/td>\n<td>125 ml<\/td>\n<\/tr>\n<tr>\n<td>Pojemno\u015b\u0107 ca\u0142kowita<\/td>\n<td>138 ml<\/td>\n<\/tr>\n<tr>\n<td>Materia\u0142:<\/td>\n<td>PP\/PP<\/td>\n<\/tr>\n<tr>\n<td>Wysoko\u015b\u0107:<\/td>\n<td>36.50 mm<\/td>\n<\/tr>\n<tr>\n<td>\u015arednica:<\/td>\n<td>80.30 mm<\/td>\n<\/tr>\n<tr>\n<td>Waga:<\/td>\n<td>24.60 g<\/td>\n<\/tr>\n<\/tbody>\n<\/table>\n<p>Opakowanie jest przeznaczone m.in. do produkt\u00f3w kosmetycznych.<\/p>\n<h2>Pakowanie:<\/h2>\n<table id=\"_technic_table\">\n<thead>\n<tr>\n<th>Nazwa<\/th>\n<th>Pakowanie <small>szt.<\/small><\/th>\n<th>Wymiar kartonu <small>[mm]<\/small><\/th>\n<th>Masa kartonu<sup>*<\/sup>\u00a0<small>[kg]<\/small><\/th>\n<th>Ilo\u015b\u0107 karton\u00f3w na palecie <small>szt.<\/small><\/th>\n<th>Ilo\u015b\u0107 sztuk na palecie <small>szt.<\/small><\/th>\n<th>Pakowanie zgrzewka <small>szt.<\/small><\/th>\n<th>Ilo\u015b\u0107 na palecie <small>szt.<\/small><\/th>\n<\/tr>\n<\/thead>\n<tbody>\n<tr>\n<td>Sp\u00f3d<\/td>\n<td>350<\/td>\n<td>580x380x360<\/td>\n<td>6.3<\/td>\n<td>20<\/td>\n<td>7000<\/td>\n<td>0<\/td>\n<td>0<\/td>\n<\/tr>\n<tr>\n<td>Nakr\u0119tka<\/td>\n<td>800<\/td>\n<td>580x380x360<\/td>\n<td>8.3<\/td>\n<td>20<\/td>\n<td>16000<\/td>\n<td>\u00a0<\/td>\n<td>\u00a0<\/td>\n<\/tr>\n<\/tbody>\n<\/table>\n<p><small>*Podane warto\u015bci maj\u0105 charakter orientacyjny i nie mog\u0105 by\u0107 podstaw\u0105 do roszcze\u0144<\/small><\/p>\n<h2>Mo\u017cliwo\u015bci zadruku:<\/h2>\n<div class=\"hidden-lg\">\n<div class=\"_flex_table pl\">\n<div>\n<table>\n<thead>\n<tr>\n<th rowspan=\"2\">Nazwa detalu<\/th>\n<th colspan=\"3\">Pole zadruku &#8211; SITODRUK<\/th>\n<\/tr>\n<tr>\n<th>dno <small>[mm]<\/small><\/th>\n<th>obw\u00f3d <small>[mm]<\/small><\/th>\n<th>g\u00f3ra <small>[mm]<\/small><\/th>\n<\/tr>\n<\/thead>\n<tbody>\n<tr>\n<td>Sp\u00f3d<\/td>\n<td>x<\/td>\n<td>6 x 222<\/td>\n<td>x<\/td>\n<\/tr>\n<\/tbody>\n<\/table>\n<\/div>\n<div>\n<table>\n<thead>\n<tr>\n<th class=\"hidden-lg\" rowspan=\"2\">Nazwa detalu<\/th>\n<th colspan=\"3\">Pole zadruku &#8211; TAMPODRUK<\/th>\n<\/tr>\n<tr>\n<th>dno <small>[mm]<\/small><\/th>\n<th>obw\u00f3d <small>[mm]<\/small><\/th>\n<th>g\u00f3ra <small>[mm]<\/small><\/th>\n<\/tr>\n<\/thead>\n<tbody>\n<tr>\n<td class=\"hidden-lg\">Sp\u00f3d<\/td>\n<td>**<\/td>\n<td>x<\/td>\n<td>x<\/td>\n<\/tr>\n<\/tbody>\n<\/table>\n<\/div>\n<div>\n<table>\n<thead>\n<tr>\n<th class=\"hidden-lg\" rowspan=\"2\">Nazwa detalu<\/th>\n<th colspan=\"2\">Mo\u017cliwo\u015b\u0107 zastosowania HS <small>(wtop)<\/small><\/th>\n<\/tr>\n<tr>\n<th>na obwodzie<\/th>\n<th>na g\u00f3rze<\/th>\n<\/tr>\n<\/thead>\n<tbody>\n<tr>\n<td class=\"hidden-lg\">Sp\u00f3d<\/td>\n<td>**<\/td>\n<td>x<\/td>\n<\/tr>\n<\/tbody>\n<\/table>\n<\/div>\n<div>\n<table>\n<thead>\n<tr>\n<th class=\"hidden-lg\" rowspan=\"2\">Nazwa detalu<\/th>\n<th colspan=\"3\">Pole zadruku &#8211; ETYKIETA<\/th>\n<\/tr>\n<tr>\n<th>dno <small>[mm]<\/small><\/th>\n<th>obw\u00f3d <small>[mm]<\/small><\/th>\n<th>g\u00f3ra <small>[mm]<\/small><\/th>\n<\/tr>\n<\/thead>\n<tbody>\n<tr>\n<td class=\"hidden-lg\">Sp\u00f3d<\/td>\n<td>***<\/td>\n<td>***<\/td>\n<td>x<\/td>\n<\/tr>\n<\/tbody>\n<\/table>\n<\/div>\n<\/div>\n<\/div>\n<p><small>**Do ustalenia po otrzymaniu projektu<\/small><\/p>\n<p><small>x Brak mo\u017cliwo\u015bci zadruku<\/small><\/p>\n<p><small>Podane wymiary zadruku (mm) (wysoko\u015b\u0107 x d\u0142ugo\u015b\u0107)<\/small><\/p>\n<p><small>***Mo\u017cliwo\u015bci etykietowania okre\u015blone przez odbiorc\u0119<\/small><\/p><\/div>\n\t\t\t\t<\/div>\n\t\t\t\t<\/div>\n\t\t\t\t\t\t<\/div>\n\t\t\t<\/div>\n\t\t<\/div>\n\t\t\t\t\t\t<\/div>\n\t\t\t<\/div>\n\t\t<\/section>\n\t\t\t\t\t\t<\/div>\n\t\t\t<\/div>\n\t\t<\/div>\n\t\t","protected":false},"excerpt":{"rendered":"<p>\u00a0 \u00a0 Sp\u00f3d Materia\u0142: PP \u015arednica: 75.80 mm Wysoko\u015b\u0107: 34.70 mm Waga: 15.30 g Nakr\u0119tka Materia\u0142: PP \u015arednica: 80.30 mm Wysoko\u015b\u0107: 14.20 mm Waga: 9.30 g Komplet Pojemno\u015b\u0107: 125 ml Pojemno\u015b\u0107 ca\u0142kowita 138 ml Materia\u0142: PP\/PP Wysoko\u015b\u0107: 36.50 mm \u015arednica: 80.30 mm Waga: 24.60 g Opakowanie jest przeznaczone m.in. do produkt\u00f3w kosmetycznych. Pakowanie: Nazwa Pakowanie [&hellip;]<\/p>\n","protected":false},"author":1,"featured_media":0,"parent":446,"menu_order":20,"comment_status":"closed","ping_status":"closed","template":"","meta":[],"_links":{"self":[{"href":"https:\/\/pepsyna.com\/index.php\/wp-json\/wp\/v2\/pages\/1115"}],"collection":[{"href":"https:\/\/pepsyna.com\/index.php\/wp-json\/wp\/v2\/pages"}],"about":[{"href":"https:\/\/pepsyna.com\/index.php\/wp-json\/wp\/v2\/types\/page"}],"author":[{"embeddable":true,"href":"https:\/\/pepsyna.com\/index.php\/wp-json\/wp\/v2\/users\/1"}],"replies":[{"embeddable":true,"href":"https:\/\/pepsyna.com\/index.php\/wp-json\/wp\/v2\/comments?post=1115"}],"version-history":[{"count":3,"href":"https:\/\/pepsyna.com\/index.php\/wp-json\/wp\/v2\/pages\/1115\/revisions"}],"predecessor-version":[{"id":1335,"href":"https:\/\/pepsyna.com\/index.php\/wp-json\/wp\/v2\/pages\/1115\/revisions\/1335"}],"up":[{"embeddable":true,"href":"https:\/\/pepsyna.com\/index.php\/wp-json\/wp\/v2\/pages\/446"}],"wp:attachment":[{"href":"https:\/\/pepsyna.com\/index.php\/wp-json\/wp\/v2\/media?parent=1115"}],"curies":[{"name":"wp","href":"https:\/\/api.w.org\/{rel}","templated":true}]}}