{"id":1106,"date":"2019-12-18T15:59:53","date_gmt":"2019-12-18T15:59:53","guid":{"rendered":"http:\/\/pepsyna.com\/?page_id=1106"},"modified":"2020-01-03T11:54:38","modified_gmt":"2020-01-03T11:54:38","slug":"pudelko-apteczne-typ-11-100ml","status":"publish","type":"page","link":"https:\/\/pepsyna.com\/index.php\/pojemniki-plastikowe\/pudelka-apteczne\/pudelko-apteczne-typ-11-100ml\/","title":{"rendered":"Pude\u0142ko apteczne Typ 11 100ml"},"content":{"rendered":"\t\t<div data-elementor-type=\"wp-page\" data-elementor-id=\"1106\" class=\"elementor elementor-1106\" data-elementor-settings=\"[]\">\n\t\t\t<div class=\"elementor-inner\">\n\t\t\t\t<div class=\"elementor-section-wrap\">\n\t\t\t\t\t\t\t<section class=\"elementor-element elementor-element-7a957a72 elementor-section-boxed elementor-section-height-default elementor-section-height-default elementor-section elementor-top-section\" data-id=\"7a957a72\" data-element_type=\"section\">\n\t\t\t\t\t\t<div class=\"elementor-container elementor-column-gap-default\">\n\t\t\t\t<div class=\"elementor-row\">\n\t\t\t\t<div class=\"elementor-element elementor-element-7b73261e elementor-column elementor-col-100 elementor-top-column\" data-id=\"7b73261e\" data-element_type=\"column\">\n\t\t\t<div class=\"elementor-column-wrap  elementor-element-populated\">\n\t\t\t\t\t<div class=\"elementor-widget-wrap\">\n\t\t\t\t<div class=\"elementor-element elementor-element-2b16917b elementor-widget elementor-widget-text-editor\" data-id=\"2b16917b\" data-element_type=\"widget\" data-widget_type=\"text-editor.default\">\n\t\t\t\t<div class=\"elementor-widget-container\">\n\t\t\t\t\t<div class=\"elementor-text-editor elementor-clearfix\"><p><!-- wp:paragraph --><\/p>\n<p><a href=\"blob:http:\/\/pepsyna.com\/96b156ec-ee09-47ce-af03-fa7a03ed8847\"><img loading=\"lazy\" class=\"aligncenter\" title=\"Pude\u0142ko apteczne Typ 11 100ml\" src=\"data:image\/png;base64,iVBORw0KGgoAAAANSUhEUgAAAX4AAADECAYAAACY\/EpbAAAgAElEQVR4nO2d6XqjuBKGc\/8XNWempzuOV7zgBe8LeEncmUuo82NO6ZQrAoExBsffj\/eZ6XQ7gAyvRKlUelksFlQ1lsslAACAgngpW\/IQPwAA3BeIHwAAnoyXsk\/Axmq1AgAAUBAQPwAAPBkvZZ+AjfV6DQAAoCAgfgAAeDIgfgAAeDJKEX\/ZFw0AAM8MxA8AAE8GxA8AAE\/GSxkH3Ww2AAAASgLiBwCAJ+OljINut1sAAAAlAfEDAMCTAfEDAMCTYRV\/2ScFHpvdbmfgn6W9v3a7XeEDj8ViQavVyvxZzj3Jc47D9fv1tSe1j41btv81FH38su\/PqrffPYD4wc1xPQiuB8clVlfygKsI4Hq9Nuex3W7N72Rp501HTnudEH81Kbv97gHED25O3ofFJVbXfg6z2cwJ7\/vA\/346ndJsNqP5fO7E1bHo52i321EYhga+ZvkzSRntD\/FXp\/3uwUsRFw6ARIvNNYJ3iX06nSYSBEEio9GIJpOJ+fN4PKbxeEyTycT5u6fTaeqOgd8OuBNI2z5lf1\/g+wPxg7vDIRMWJAudxZlX7K7Pj8djCoLA+hawWq1SvTGkYT6fmzcLGSLSb9XcLhA\/uBcvth\/GvYICkAZ5L7Hc9OSqFD2HWtKK3YVLyDyyl8eX4neN6F2\/X16LDB\/xdcd1Ard6\/vJKoejjl31\/Vr397gHEDwqBpc+hnKQRPssy7YjdRZaROIeO+Lhp4vx53gDksW3hoO12e5O2h\/gft\/3uAcQPCkGKn6WvY+AsfzlKTjNiz0sYhhRFEUVRRNvt9mKULzuka8Xv+pwc\/Wv5bzabm7Q9xP+47XcPXqrYsEV\/MaBYDocDRVFEu92\/8XyWnEx15ElcOdpmEbrE65r8LZosWT+2txsOK+n24GtfrVa03W4piiLa7\/emLTEHB24FxA9uzn6\/pzD8N3tHilwvmpLi5yybNFkzZYvfhQxrxclfin+32128GUH8oGggfnBzWFTL5fIiR56laAsByQ7AJVZXHn3ZyMVe+u9keEfG9bmT5GvkkI8UPwC3ohTxg+9NFEW02WxMBo3MolksFl\/Sh7kT4FFxFrGWQZYS5LbP88MXhv+fC+F5Bp4D4H8XRZH5d\/wZAPIC8YObE0URrddrs1hqNBqZSVsWuxzxsvx09k9VxZ+lpETcyng5+tJvQNPplJbL5UWGD6QPbkkp4ueMijjyfh6Uy36\/p9VqRePxmHzfvxC\/LfTjGiHnGXGXvZGQbXEkX4PsBOT9HQTBRbgH9z64NRA\/uDmHw8GIfzAY0Gg0subX63x2HvFWfQe3NOeXtDLXNUE7mUxoPp\/Ter2++FzZ3yv4PkD84OYcj0dar9c0Go0uxM8x7Lwj+qqLP0n6URTR6XSi4\/FIh8PBdASczrlYLGg8HtNsNrOKnyd7AciDVfyuD0HMIInz+UzL5ZL6\/T71+30aj8cXk7tS8FwKWd43Wpp6BbBLvHkzHq6t5sj3\/\/F4pNPpRKfTid7f3+n9\/d38+Xg80n6\/NwJn8csOheP8s9mMNpuN+XdhGFZC\/EU\/\/9w+cZR9\/VUnTftB\/ODmfHx80GKxuFr8x+PxQp48Onbd0Exe8bt+\/+FwoMPhYM5Tniufb17xcyhst9uZa4+iyCyOKxOIv9pA\/KAU3t\/fv4hflipwif98Pn\/h4+PDSLRopMRtyH\/78fFBHx8fF+dq6wxY+mnEz+sa5vO5eYNg4UP8EP8t2u+l7JME34\/T6UTz+Zx6vR71+32aTCaZxG8TLAtZjrLjYBlfi6tjSBrtn04n8\/c28cs3lyiyi58Xss1ms4sR\/7MMqiD+4tsP4gc353A40HQ6\/SJ+uTgpSfwypMJy5fBKmlDPLc4\/Cf3vdQhIhoK09NOIfzabURAENJ\/Pv4R6nkF8EH\/x7fdyTcPiiwEugiCgbrd7lfijKPoSS5dCdd1\/RWedyXOMk75+K8gifq5jtFwuKQzDi88cj8fSv9uin3\/4pfj2g\/jBzQnD8EL8utRyGvFH0f\/lr8VZNK7rs8leCl53WnFvLNxWWvzb7daUr+AsJc4eqsLzBfFXG4gflEIYhjSZTK4Wv\/yzFqzr3ruHeOJG+rcS\/3q9pul0amocyeJ0XLWzTMpu\/7Kvv+qkEn\/ZJ1nFhimasq8\/b\/us12v6\/Pyk3W5Hp9OJ9vs9LRYLOp\/PFIYhTadT6nQ61O12zUbm8\/ncVKDUK1yl5Ll9bKGS0+lEHx8flW9fVwqq7Az2+\/3FIq7V\/4rVyWqlvu9Tr9cj3\/dpNpuVfn15278qb2xl3T+u888y2LiG\/X4P8UP82dtnu93S+Xw2o\/YgCKjdblMQBCam32q1qN1uk+\/7NBgMaDwe02KxoCAIvoz4deEyvrllGiN3DmkejKq0l5zglamfNumz8HlidzwemwJ3vu9Tv9+n0WhE8\/m88veH6\/MQP8RfyRsX4nffeB8fH2ax0Wg0ona7bUo0zOdz6na7ZsQ\/HA5Nnf0gCKzlF+QqWClLOXrmn1elffWDqNM7ZRqq7sDC8N+Km\/wWJIU\/mUxoNBrReDw2+xDzIrj1el35+8P1eYi\/AuIvW4Lg8eCbh+PSs9mMxuMxrVYrCsOQVqsVDQYDGgwGRmJS\/Lo6pQ718DH0wqcqhXrkeWrhy06K\/xyGoSm9LOP5eqQ\/mUxMR8CTu\/JzacR1j++\/THEVffyy2+8eQPwgM2EYmqqa8\/mcJpOJWZ17OBxouVxSr9ejXq9n3gKGwyEFQUDD4dAs5OJ4P284wsKU\/88jOFvnEMc9R7z8IMm5CJmBI2XCo\/y4YnMyq4c7Rz4ep5reQ0wuIP5i2+8u4i\/7BMqg6g9O2bjO\/\/39nZbLJW02G5pOpyaO73meGZn6vk++75vNWLjUMO\/IJffX5c9wNs\/5fKbfv3\/T79+\/6ePjgw6HQ6x4yxC\/q71k2Qc+dw7pyFG8fNuRcB4\/v0Hx75AdZJm4Vk6XfX6Pfv5Fn9\/xeIT4If7s7fP5+UnL5ZL2+3+zeUajEQ2HQ2q320ZWLHjOUGHhzedzE7fmCpTyDWC1Wl1MhL6\/v1\/c7FWI8eu24jcShsNTUfRvpVEO3fCbkd53lzsB\/n9uIy7ZIN98IP7vf\/4Qf0FA\/Pna53Q60WQyoTAMabFYmHzzbrdrZDccDmk4HF7ko3O5Yddm6lyZUu9Std\/vL4qclSV++fCx9GU5Z05h1W82LHv5c+78+P\/1ZG4YhmaS+FnE9OznD\/GDSnI6nYzsVqsVRdG\/JRoajQadTieKoog6nY4J93CmD49g5a5bcZk9Oq9dTn7qNwUeOcsOIk3HIEfptpr8ch9cPv\/pdGrSLGXmjdxRTNbn59DU4fD\/B5qvja9LX898PjeZULvdzhSG050OANcC8YPMHI9HI0uuJ8Pi5xG553lm1M+rd8fjsVl9GreZSZy49TmwwDklklNLl8ulGXHHweWieQKaU08ZHnVLmcudtWxvFVru8hzlG8Fms6H9\/t\/JWpa\/HOnz2wHED4oE4gdXwTLjzUJY\/Pz3ctUuL+Di9E69gEvvYiU7A7lw63C4LNgWN4J3vSp\/fn7S5+enmUDWtf9tBeNk56PlrqVvKx9ta7vVamVq7\/PbDE+CQ\/ygSCB+kBkp2fl8TtvtlqbTKTWbTSPCbrdrYtmj0YiCIDDit8W+9V61cdsa6iqaNum66ulLqdtCPbImf1wdfflZW+fA6LcDXuegw0cSiB8UDcQPMsOii6LI7As7m82o1WoZwXmeZ8IlnN3Duf56YlNn9ejyyFqqto1NpFhde+TadsWSQtVlJPT56A5Bo+cIdO0duX8wb7DOsX0G4gdFAvGDzEgBzWYzU0a40+kY+XqeZ+rwB0FgMno4\/1\/KTwtQ1u7nyVs5CezqGFyhnrhJXe4YdEegR\/p6fsF2\/ixwPYnNHQ\/PhcgVvVL+ED8oEogfZIZTOnmLRV5p2u12jRRZ\/JzOyeUa4iZ3JTLsIcs5M\/xzPfHKo3O9IlaTlNHD4ufrlGWTuZOS52E7Vz4v7qQOhwO9v7\/T79+\/6fPz8+JtgTsQnpxGVg+4BxA\/yMx+vzdxcN4ecL1eU6\/XM6Njz\/NMLvtwODT1fFhsMg1Tl2zgxVu6uBkLmEfFHD7hSpacPirTLW1wttFwOLxIOWXa7TZ1Oh3yPM9sH+n7Pg2HQxqNRheCX61WJhOJawnZ5gfi5hNkLX4Z+4f4QZF8S\/G78rhdoYC8CyiqvoAr7\/lxG\/BEJYc0oiii8\/lsJnfb7bZZiDSbzcyIVufxx8XS4yZNXZO3rq0VXW8cRX\/\/erKX8\/pl+3CnyXvucud4Pp+t51Kl+yvN\/VPk8\/fo5G2fNO0H8UP8V52fbAsWmFzZyrV75ApWHu1fI\/4sMXw5eWuj6O83r\/i5\/tF4PDYlIPjf6fvXdk5l319p7x2Iv5j2gfgh\/kLPjyUra+qw0AaDgcnl5xWu14jfJv+84s3bPq43irTilwu7pPg59XU0Gpn00sPhYMJDcfdhVe6vNPcNxF9c+zyt+HHjFQsXSmPJsfz557wjF4\/4ZT1+Dvkkid818nfV0nGFcnR5Bo1L7K7jpxG\/jPfbsnpkqQserPC9W\/b3j+ev2u0D8ePGKwwWGLdnFEW0XC5pMplQvV6nnz9\/mhj\/aDSi6XR6MR+QRvxx8r9VsbU4XB1DXvFL6et8f5749n2f2u22WQi3Xq\/pcDiY0f8jg+ev2PZ5WvHfo+HyHL\/q7eP6PAv\/4+ODzuczHQ7\/5vO32236+++\/6efPn\/T333+bET9vwsKpkC7x604gq1izxNivEX\/e42vxyzAPZwz5vk+tVovq9Tq1Wi0aDoemIF5cSKcq91fRz2fZ51\/19oH4If7Czo9LI+z3\/9bk7\/f79Pb2Rj9+\/KBms0nNZtNMUPZ6PRoOh2biMo34XfLPI25XKCcvLvHrdE4WP5dw4BW+nFrabDap0+mYMte2+Yoq3V9FP59ln3\/V2wfih\/gLOb\/z+WzSJqfTKfV6PWo2m9RqtcjzPBOf5o1H2u029Xq9i1W8acQfN+FbtJhdn8\/7RpBG\/LwKeDQaked5Zs5ErpWA+L8ndxF\/0QcB1bux857f+Xym0+lEy+WS+v2+ETsvhkoqicxlHHRxNhby4XCwCl8KN2+M3SXuLDF+W4cQ10HZFm3JEA+vAJalH3jlMy884zbmnco41MbHTZOuCgDEX0GqLv6Pjw9Tirnf71O326Ver0eDweBihSuncbLwdWVO2QHoeja6LLMUaZpwj022TN43BnlenHHDoa+Pj48vOfp6ZW5crSIJT\/TyGwBPkvOK48ViYUR\/OBwuzgUAFxB\/Bam6+E+nk9lqkcsZ8KYmclTKHYBcxCUrc+rqnMx6vb4IAWlc1+fKZ3d1GmnbUaZmypG87Gi09KX445Cdga7Xzx0AT5aHYWi+03uFCsDjA\/FXkKqLPwxD6vf7VK\/Xqd\/vmwlc3nWLa96w\/G37z7LkbSN9vRWj\/Nl6vU4VjpHxfL5mXrnr+qxrHQAjt4aUtfW544or7Rw3XyB\/b9zvlh3AZDIxm97LBXRl37+g+kD8FaTq4l8ul9Rut6lWq1Gv16PJZEL9ft9M7Pb7\/VjxB0FwUX+fRS4lLf\/Lo2o5opZ16+PQG7jrUEoStoqgEr4WuSk8h5D4XKXoZefD32\/c2wJLX9frZ\/nLfX85yycMQ1MUDuIHaYD4K0jVxT8ajUyOea\/Xo9FoRIPBwMT59Yhfhnvidt\/iyUkevUq4TTgU4wqVsDj1xCmPll2dBoda4uDjyA7reDx+Oe+43buk+GVmD4s+Tvws\/\/l8TuPxmHzfpyAILjaXQagHpAHiryBVF7\/nedTpdKjT6VC32zWSZ\/lzjJ\/FHzfZK0fNMuQjR8m22H2WNtQj6zShHFf7SbHLLBr591r6tjRQPcpn0esJXy3+5XJJQRCY0s2bzYaOR\/tevwDYgPgrSNXF32w2zcQuZ\/TwpG63270Qvg09yasneF3lHNJeH9cQOp\/P9Pn5Sf\/88w\/9888\/XzZX17h+v2sOwZXOKcM5Gpv0tfhXq5UJ9wRBYMo5pK0+CoBV\/EWLAyRTdvu7jh8EATWbTVOLhyd05cSuDvlI9Iifxa+3XHSlecoYunxD4BE5S593vmLxM5+fn\/T79286n89m8xfe9MT2pnFtETb9lqEncvXWjXHzFBLO7lkul0b6Zd+34HGA+CtI2e3vOj5vrN7pdMziIt75Sod4dKhHorN9pPht8k\/bAdhWtSbV5teCT5J+3jUEegLXNtq3ZQ3JeQqIH+QF4q8gZbe\/6\/jz+dyUEJDi59G\/XqkrJ3WDIPgi\/\/F4\/EX+tvBP2k7gmgVZSdU3s5RriEsLlZPPrrcZufhLlnNg8c\/nc9N+nM4J8YMsQPwVpOz2TzPi531pObuENw7hCUc5ktejeZ1lY1vNm5SeySPjtB1AkpCvEbcL24SxLeso7rz1xK8OBc1ms4sVvBA\/yArEX0HKbn\/X8afTqSnKxnn7coJXr9LVo\/ekdEVZrz8uvn1L8ds6AC3ouHTOLOKXuN4m4qQvN5nnkBrED64B4q8gZbd\/GvE3Gg1qNBpmi0XO5hkMBhchHpv4taS18GzilQus8oZ6XJ3ArcRvW0kchuFFO8tUTz62jPHLMA+v2A2C4GKHLrloCx0ASAPEX0HKbv80oR6uuc+5+91u15qzL7N35Ih+s9mY1Ew90RoX8mAJ553cldeYlImja+7IhVtZykboyqF83LiVu3KUL+vzyzo9nDEF8YNrgPgrSNnt7zr+YrGgVqv1JdTDwret2JVxft6MZbfb0el0MimXnFapZazFmDed8\/fv3xfHkwuujsejMxSTZeJYp4DGdWyyc7NNiEt4kxaIH1wLFnCBzKxWK6rVamblbrfbNZO8LHkpKc7c4Y7BVkNHhlKyjqZ1CqYUP8ufOwDuBGQOv+wA3t\/fUxdps711pCkpIaXP6ZpysjtuxS5PlEvxc4y\/7HsCPBYQP8iMS\/xyZM\/IEavO3NEdQdLKVo7ty8qXLF8WL9fGj+sAZF6+lDCPvtNu7RjXGSRN1K7+t++wTluNm9yG+EERQPwgM2nFn1Qt01Y1k8XoKqJmG3HLkEpcR8HYYvtS1K7j28or2FbcSmnLzlD+O53Lv9vtIH5QOBA\/yEyaUE9c+QWZhqlH70ya6pm2mveMrpKp0RO5Os7uittrkes3GtuKZNnJucJHED8oGogfZMYl\/rgcfr1a1Sb93W73JX1So0fWekWvbUJUokNQeh6CdxOLQ+8gZnu7iSs0J+cA4vL0IX5QNBA\/yIxL\/K4FXLbwjnwLcI2IbfnyMtxzPH7NTJJpnrogmh69uyZnbSUk9LxD0rqApDo9cs0CxA+KAuIHmUkT6rGNiNPE92Wevmvlq97ZivP0Xbn4uvCajvG7duiyzRskLTzTAk8q57DZbCB+UDgQP8hM2snduAleKfm4Cdi0NXFsWT22xVlJVTN11k3arCLbymJ9fbZrdW2tCPGDooH4QWbCMKRarWY2ZOHFW\/1+\/0ssPW7Eb6tOmVb4rtWxtlW8emRvm9R1zS2kxdVxpP09tq0jefKY2321WpnvhVdBl31\/gOoD8YPMQPwQP3hsIH6QGYgf4gePDcQPMlO0+NOUSYD4IX5wPRA\/yAzED\/GDxwbiB5kpWvxpyx5D\/BA\/uA6IH2QG4of4wWMD8YPMQPwQP3hsIH6QmSiKjPg9zyPP88j3fbOQy1akzLZASUpSl2DIK\/6kjVTiVtlmEXJSyYksHYPtd8oOUi7ekjWFut0u9ft9Wq\/XRvbYexekBeIHmXkU8cfts2urnZNX\/PJaIH5QdSB+kJkqiV\/KP+3G6nmkryVtkz\/ED6oOxA8yUzXx605A\/0wXRIuTvqs4mxZznPwhflB1IH6QmSqLP6ksclJcP630tZivkT\/ED8oG4geZqZr4XXX7XaGdOOnGYctQytIBQPygbCB+kJkqiT9uVJ92Ajer9G1762Yd+UP8oGwgfpCZRxF\/mgncrNKX4nftKgbxg6pSivj1tniashulbFztk5dbnOPb2xvV63Vqt9vkeR4Nh0Pqdrs0Go0M3AFI+dv2ymUZpq3V49rWMEuefhHid+E6vvz9cvEW7wk8Go3I8zwj\/vf3dzqdTqk3ZKnC\/VNlnqF9IP4KAvFD\/BD\/4z5\/ZZ9\/GiD+CgLxQ\/wQ\/+M+f2Wffxog\/goC8UP8EP\/jPn9ln38aIP4KAvFD\/BD\/4z5\/ZZ9\/GiD+CgLxQ\/wQ\/+M+f2Wffxog\/goC8UP8EP\/jPn9ln38aIP4KAvFD\/BD\/4z5\/ZZ9\/Gl6Klgz4fkRRRJ7nUa1Wo06nQ57nUa\/Xo+FwSP1+n4bDIQ2HQyN\/26YsLE0pQ5u4bYu6XOJ3LZDKIt5ryNIJxMmeYelPJhMajUY0HA7J933yPI8GgwGt12s6Ho9ms5l7DBzA4wPxg8xA\/BA\/eGwgfpAZiB\/iB48NxA8yA\/En45ojgPhB2UD8IDMQP8QPHhuIH2QG4r9dKAjiB2UA8YPMQPwQP3hsIH6QGYgf4gePDcQPrqLb7VKtVqN2u02dToe63S75vk+9Xo983yff94385aYs0+k0k\/hdXLNAyyXeomP8rs9r6fPCLe5QeROWTqdDu92OPj4+aLfb0fv7O+33+9LvDVB9IH5wFRA\/xA8eF4gfXAXED\/GDxwXiB1cB8UP84HGB+MFVQPwQP3hcIH5wFRA\/xA8eF4gfXAXED\/GDxwXiB1cB8UP84HF52e\/3BEBWfN+n19dXqtfr5Hmeod\/v02AwoMFgYOTPG7IEQUBBEFws5JIyZlnHLca61wItuYDKxi07CRvcQdoWbvm+T\/1+n9rtttmIhRdw7Xa70u8L8BhA\/OAqHkH8tpE9xA8AxA+upOrij5M+xA8AxA+upMriv3akD\/GDZwHiB1fxCOK\/RvoQP3gGIH5wFVUWf1JoJ424IX7w3YH4wVU8ivhtQof4wbMD8YOreDTxZxE3xA++Oy9RFFFWXL\/0mt8JHof9fk\/D4ZBqtRq9vr5Ss9m8kL9L\/Cy2pE1Zksgr\/qLJInm5WEsKn6U\/Ho+N9LldXeIv+\/4AxT9\/ef0L8YOrvv8s4perdyF+iB\/kf\/4gfnB3XOLncI8Uvxz1Q\/wQP8j3\/JUifvDcpBX\/YDD4Iv7JZFJ58UsJ24D4waMD8YPMpBG\/HvWPx2Mjf4gf4gflcpX4wzBMpOyLAsXiEn+v10sM91Rd\/CzeOCB+UCa38C\/EDzKTRvwsfy3+8XgM8UP8IAcQPyiFLOLXcX6IH+IH+biJ+K\/5oOvAj07RX8x3IAgC+uuvv4z46\/U6DQYDarfbTvHLtE4pS5a1S\/yStKt1pVhdf58Fm+yvmU+QHQtPgvMGLCx9njvp9XrUarWo1+vRarWiw+FAURTRdrt9mvsP5APiv+L6n719wvB7iD\/LhG6aiV6IHzwKEP8V1\/\/s7ROGjy\/+W0g\/Tv4QP6g6VvED4OKRxR8nfVdsX5MlxRPiB1UC4gdX8R3En0f6t5I\/xA\/KwCr+3W6XSNknXTSu63\/29gnDxxa\/xiZdF3Hyz9oBQPygDCD+K67\/2dsnDL+P+K+Rvkv+ED+oOhD\/Fdf\/7O0Tht9P\/Fmlr+UP8YNHAjH+b8h2u00kb8e12+1oMBjQz58\/6e+\/\/6Z6vU7tdps6nQ55nkfdbpe63a519e5oNCpd\/GnFW5b4uYPkDVhY+tyhdjodarVa1O\/3abPZ0OFwoO12S+v1OtX3+93Je\/8\/AxD\/N6Ro8YdheDPxsyivEX+W1bpZJnfzhnuySj+r+D3Po1arRYPBwIh\/t9vRer0uXShVAOJ3A\/F\/Q4oWfxRFNBwO6devX\/Tz588L8Xc6ndTil6N+Wbohj\/RZ\/HGC5eMlZfTkjfXnkX4a8Xe7XWq321\/Ev9lsKAzzhyofHYjfzUvZJwBuj+vGz\/tgcK0eLX6Wv0v8Upg63DOfzy+k7iLLSN8WlomLrachbZZP1owil\/g53GMTP8f6AUgC4v+G5L0pXL8\/DEPyfd+Eet7e3qjVal0lftuoP4\/0XYXPpJjjRvlpxR8n\/zzSTyt+HvGv12va7\/e03W4hfpCal7JPANyfzWaTSJrP93o9+vHjB\/31119Uq9Wo2WymFr8Upi08okM3LrT0XYJNCu2wcF3Eyd\/2+13EdTquUE+v16PlcklhGJrvLooi5\/f73cl7\/z8DEP8TkvfBWS6X1Ol06M8\/\/6T\/\/Oc\/JqUzi\/jj9uDNKv4sI32bmONG2nnkfwvpu8TfarWo2+3SfD6n7XZrylTLTuBZyXv\/PwMQ\/xOS98GZz+fUarXojz\/+oD\/++IN+\/fqVS\/x61H+N+F1x\/Tgxx420s8o\/r\/htYaSkrB7eA2E2m9FmszGT3hA\/xJ8GiL+C4q36jb9YLKjVatGff\/5JP378oHq9Tq1Wy0ifs3s4tVNuw+j7vlP8EpntkyVPn6VvC8O4snSyxPVdWT420iwgixM\/ty+LfzKZ0Gq1MpvSrNfr0qUCqg\/ED\/FnZrlckud59OPHD5PHz+L3PC+T+OPi\/Fr8Uv5p8vQfQfzXTu5yHn+326UgCC52JCtbKOAxgPgh\/tSf579fr9fU7\/fp9fWVfv36dSF+iUv8SXH+JPmnrad\/TU7+vcQfJ309wSzFr0f9\/X6fZrMZxA8y81L2CTwj8kEtgrzHd3UU2+2WRqMRNRoNen19vRC\/XMgVJ36d3ROXBhkn\/zR5+rb4eVqxZ5nUzdsxJE0u8167tlo93W6XfN+n+Xx+sffwdrst9N4C3wOIH+L\/gm2Ez7BcgiCgdrtNr6+vVKvVrha\/bdTvkn+aPH2Wqk3KVRF\/3FtGGvH3ej0ajUZmpTOvbbjH\/QUen5eyT+AZyVKE7BryHl8LXxdDW6\/XNJ1OqdPp0OvrK72+vhrxy5BPnPhtOf1JE6BJ5Q6S8vR12CSt2IfDYSK37hhsmTyMFD\/D2VLj8ZgWiwUtl0vTMd7j\/gKPD8QP8cd+frVaGdnL0fZisaAgCMjzPFO2odlsZhK\/LNUcFxuPk3+aPH1b6KSK4uisVLUAAAZfSURBVI8b6Uvpa\/lzqux4PDbfSxAENJvNSpUJeBwgfog\/Fil9KV0Wjed5pmxDHvHHjfrjJn3T5Onr0b6UchXFbzt+nPg9z\/sifr7u5XJZikjAYwHxPyFpbw4pfilalpXv+9TpdOjt7Y1eX1\/p7e3NLOSSZZrlpiyMDPloMeYVv0u8LrFnwSZ7V8egJ55Z8tw2OrvH933q9\/smm4c3t9Gdia3SKYfoVqtV5u8\/jlvdX6A8XsqWELg\/rptCxvNl\/RsWFgvM933yPI8ajQbVajV6e3ujRqPxRfw86pfyZ\/HbYt5ZFz9VTfxpju96S5CTu1L67XbbrIaWbzDcYdoWvUH8QPNStoTA\/XHdFLqu\/XQ6vRCqDEXwNoCNRoPq9bpJ7WT5s\/h51K9LOKQRv\/77NHnwVRZ\/kvQnk8nFGwBLnxfGcXE2uaUl\/5fbRq97kOGfW4g57\/0Fyuel7BMA98dV7lhXutTxchl3ZjFJ+TebzYsyzVr+Mq3TJn7XiD5tHvy1MfyiQz063VSnbkrpc86+53kGXQOJkaN+uauZDPek+f5d5L2\/QPlA\/E+I66awhXek0GSsngXFZQTq9To1Go1E+bti\/HHhnKQ3gSziLXvEHyd9GQaTo32J3Mg+jfhto\/680sh7f4HyeSn7BMD9yVLxMm7Er+XPu0I1m01qNBpf5M+jVTnyl+EKW+hDj\/C5M8iSB180ceGaJGSGk850Gg4va\/PY2s0V6pGT4XrUn+b7d5H3\/gLlA\/E\/IWlujDSjfjlhy6PTdrttRv2NRuPLqN8mf1vaohSi7gTS5sGXJX7XGwe3m8504uuW9XjkXImeJ4mb3JXy15O8txDzLe4vAPGDO5P25mD528ofsKB49ClH\/TzJy6N+LX6b\/CUyrCFHtrbRtE22ZYtfit2GDO3ExfF5TYR8a9JtEpfOqcWvR\/15pXGr+wuUKP6yTwBUD9cKWS1ZOcnLsf5ms0n1ep3e3t7MhK8M+cSN\/Flo+ndLOepYt+48XCNuF\/oNRBPXiemOMA7dEcjP9no96zwJH6fb7X7pcHSto7LvH1B9IH7wBVcFTFtMXY5etfhljj+v8JWre6XUer2ec0QtM2BsG5HrCVGNlPY1aHHLME0SMobPb0gc0uE244qntVrNdJi8wQ0fS8+D6P0Myr5\/QPWB+IGVpDLIOrNGrz7l2HSj0TDiZ5nVarUvk78y60dnsOi3AYmtcqVtBK1xdQwubHF5ievzcuKW02BrtZqpe\/Tr16+Lctee512EvOR8R9xkLgBJvMgHHID5PNs2h3pFL49oZZZPvV430udqnlzigSeAeVQrM1lsnYGrU0gT43eFYlyk7Vjkoqt2u02tVsvQbDa\/vBXJjW14BTS\/YchJblvxurLvGfBYQPzgCy7x28ok2ypi8gSwDmVwJ8AhIJ4HYJJy1\/v9vnVRmOwAXJOreUM9rrARH4f\/nqWvr1\/Of8jVzvqadCzftUsZAC5e4h5m8LwkCT9ue0Qpf\/0WICd\/OeWTQxxc4O3nz5\/048cP+uuvv4wQZVaQFH1ecestIjUs4Dhswpef59E8r2SWI3p+05ET3hz+kZPbtnUMTNn3B3h8IH7wBZvsZVgnbnMULSb9JqAXKPHEpgwHcScgY926I9DIEArHxItEh27kuTQaDfr165eB5zbkm41exSzDOK7CdEmVSpP2LQZAAvGDWJK2NrQJKO7v4xaB6Xx2hid\/ZfiHxfn29nYhVO4Q5EIx3RFkxfVGoM9Jz1\/ILCbuiGSpiiyrfOPaM4my7xtQfZ5S\/K4HBxRLUv2dIAgu8t1l\/r4OpcjyELqjSML21iCRnYwN+aahaxHJtMu4mkSu6y\/7+wHfH4gf3B2X+PRGJFny9tPE8POGemyLx2zpprZFVmko+\/sB3x+IH9wdl\/jk92TrDFxlGvKma6ZdiGVbSMUL3GwF5vi6IH5QNi9ln0AZpB15gXLQ35OWvqtWT9aNUPKQFKvX15NW\/AAUDcQPKklS6WX9b7TYXROmWWrnpyVpchaAqvFS9gmUgUsMoFjyfn9xnXja46fZKKXI+wv3JygbiB\/cnVuJ\/9rvNK\/4XW+Qea+\/7O8HfH8gfnB3XN+PK17PvycuZp\/3\/K4N69zrjQGAvLyUfQKPyLViuNfxAQAgCYgf4gcAPBkQP8QPAHgyXso+gUckbW53WccHAIAk\/gtBfeODCAmmjAAAAABJRU5ErkJggg==\" alt=\"Pude\u0142ko apteczne Typ 11 100ml\" width=\"382\" height=\"196\" \/><\/a><\/p>\n<h6>Pude\u0142ko apteczne Typ 11 100ml<\/h6>\n<p>\u00a0<\/p>\n<p><!-- \/wp:paragraph --><\/p><\/div>\n\t\t\t\t<\/div>\n\t\t\t\t<\/div>\n\t\t\t\t\t\t<\/div>\n\t\t\t<\/div>\n\t\t<\/div>\n\t\t\t\t\t\t<\/div>\n\t\t\t<\/div>\n\t\t<\/section>\n\t\t\t\t<section class=\"elementor-element elementor-element-a1f3e3c elementor-section-boxed elementor-section-height-default elementor-section-height-default elementor-section elementor-top-section\" data-id=\"a1f3e3c\" data-element_type=\"section\">\n\t\t\t\t\t\t<div class=\"elementor-container elementor-column-gap-default\">\n\t\t\t\t<div class=\"elementor-row\">\n\t\t\t\t<div class=\"elementor-element elementor-element-ee418e3 elementor-column elementor-col-100 elementor-top-column\" data-id=\"ee418e3\" data-element_type=\"column\">\n\t\t\t<div class=\"elementor-column-wrap  elementor-element-populated\">\n\t\t\t\t\t<div class=\"elementor-widget-wrap\">\n\t\t\t\t<div class=\"elementor-element elementor-element-2fe4060 elementor-widget elementor-widget-text-editor\" data-id=\"2fe4060\" data-element_type=\"widget\" data-widget_type=\"text-editor.default\">\n\t\t\t\t<div class=\"elementor-widget-container\">\n\t\t\t\t\t<div class=\"elementor-text-editor elementor-clearfix\"><table>\n<tbody>\n<tr>\n<th colspan=\"2\">Sp\u00f3d<\/th>\n<\/tr>\n<tr>\n<td>Materia\u0142:<\/td>\n<td>PE<\/td>\n<\/tr>\n<tr>\n<td>\u015arednica:<\/td>\n<td>53.00 mm<\/td>\n<\/tr>\n<tr>\n<td>Wysoko\u015b\u0107:<\/td>\n<td>77.50 mm<\/td>\n<\/tr>\n<tr>\n<td>Waga:<\/td>\n<td>12.60 g<\/td>\n<\/tr>\n<tr>\n<th colspan=\"2\">Nakr\u0119tka<\/th>\n<\/tr>\n<tr>\n<td>Materia\u0142:<\/td>\n<td>PE<\/td>\n<\/tr>\n<tr>\n<td>\u015arednica:<\/td>\n<td>42.60 mm<\/td>\n<\/tr>\n<tr>\n<td>Wysoko\u015b\u0107:<\/td>\n<td>18.20 mm<\/td>\n<\/tr>\n<tr>\n<td>Waga:<\/td>\n<td>5.90 g<\/td>\n<\/tr>\n<tr>\n<th colspan=\"2\">Komplet<\/th>\n<\/tr>\n<tr>\n<td>Pojemno\u015b\u0107:<\/td>\n<td>100 ml<\/td>\n<\/tr>\n<tr>\n<td>Pojemno\u015b\u0107 ca\u0142kowita<\/td>\n<td>135 ml<\/td>\n<\/tr>\n<tr>\n<td>Materia\u0142:<\/td>\n<td>PE\/PE<\/td>\n<\/tr>\n<tr>\n<td>Wysoko\u015b\u0107:<\/td>\n<td>80.00 mm<\/td>\n<\/tr>\n<tr>\n<td>\u015arednica:<\/td>\n<td>53.00 mm<\/td>\n<\/tr>\n<tr>\n<td>Waga:<\/td>\n<td>18.50 g<\/td>\n<\/tr>\n<\/tbody>\n<\/table>\n<p>Opakowanie mo\u017ce by\u0107 u\u017cywane do produkt\u00f3w spo\u017cywczych.<\/p>\n<h2>Pakowanie:<\/h2>\n<table id=\"_technic_table\">\n<thead>\n<tr>\n<th>Nazwa<\/th>\n<th>Pakowanie <small>szt.<\/small><\/th>\n<th>Wymiar kartonu <small>[mm]<\/small><\/th>\n<th>Masa kartonu<sup>*<\/sup>\u00a0<small>[kg]<\/small><\/th>\n<th>Ilo\u015b\u0107 karton\u00f3w na palecie <small>szt.<\/small><\/th>\n<th>Ilo\u015b\u0107 sztuk na palecie <small>szt.<\/small><\/th>\n<th>Pakowanie zgrzewka <small>szt.<\/small><\/th>\n<th>Ilo\u015b\u0107 na palecie <small>szt.<\/small><\/th>\n<\/tr>\n<\/thead>\n<tbody>\n<tr>\n<td>Sp\u00f3d<\/td>\n<td>330<\/td>\n<td>580x380x360<\/td>\n<td>5.1<\/td>\n<td>20<\/td>\n<td>6600<\/td>\n<td>0<\/td>\n<td>0<\/td>\n<\/tr>\n<tr>\n<td>Nakr\u0119tka<\/td>\n<td>1800<\/td>\n<td>580x380x360<\/td>\n<td>11.5<\/td>\n<td>20<\/td>\n<td>36000<\/td>\n<td>\u00a0<\/td>\n<td>\u00a0<\/td>\n<\/tr>\n<\/tbody>\n<\/table>\n<p><small>*Podane warto\u015bci maj\u0105 charakter orientacyjny i nie mog\u0105 by\u0107 podstaw\u0105 do roszcze\u0144<\/small><\/p>\n<h2>Mo\u017cliwo\u015bci zadruku:<\/h2>\n<div class=\"hidden-lg\">\n<div class=\"_flex_table pl\">\n<div>\n<table>\n<thead>\n<tr>\n<th rowspan=\"2\">Nazwa detalu<\/th>\n<th colspan=\"3\">Pole zadruku &#8211; SITODRUK<\/th>\n<\/tr>\n<tr>\n<th>dno <small>[mm]<\/small><\/th>\n<th>obw\u00f3d <small>[mm]<\/small><\/th>\n<th>g\u00f3ra <small>[mm]<\/small><\/th>\n<\/tr>\n<\/thead>\n<tbody>\n<tr>\n<td>Sp\u00f3d<\/td>\n<td>x<\/td>\n<td>**<\/td>\n<td>x<\/td>\n<\/tr>\n<\/tbody>\n<\/table>\n<\/div>\n<div>\n<table>\n<thead>\n<tr>\n<th class=\"hidden-lg\" rowspan=\"2\">Nazwa detalu<\/th>\n<th colspan=\"3\">Pole zadruku &#8211; TAMPODRUK<\/th>\n<\/tr>\n<tr>\n<th>dno <small>[mm]<\/small><\/th>\n<th>obw\u00f3d <small>[mm]<\/small><\/th>\n<th>g\u00f3ra <small>[mm]<\/small><\/th>\n<\/tr>\n<\/thead>\n<tbody>\n<tr>\n<td class=\"hidden-lg\">Sp\u00f3d<\/td>\n<td>x<\/td>\n<td>x<\/td>\n<td>x<\/td>\n<\/tr>\n<\/tbody>\n<\/table>\n<\/div>\n<div>\n<table>\n<thead>\n<tr>\n<th class=\"hidden-lg\" rowspan=\"2\">Nazwa detalu<\/th>\n<th colspan=\"2\">Mo\u017cliwo\u015b\u0107 zastosowania HS <small>(wtop)<\/small><\/th>\n<\/tr>\n<tr>\n<th>na obwodzie<\/th>\n<th>na g\u00f3rze<\/th>\n<\/tr>\n<\/thead>\n<tbody>\n<tr>\n<td class=\"hidden-lg\">Sp\u00f3d<\/td>\n<td>x<\/td>\n<td>x<\/td>\n<\/tr>\n<\/tbody>\n<\/table>\n<\/div>\n<div>\n<table>\n<thead>\n<tr>\n<th class=\"hidden-lg\" rowspan=\"2\">Nazwa detalu<\/th>\n<th colspan=\"3\">Pole zadruku &#8211; ETYKIETA<\/th>\n<\/tr>\n<tr>\n<th>dno <small>[mm]<\/small><\/th>\n<th>obw\u00f3d <small>[mm]<\/small><\/th>\n<th>g\u00f3ra <small>[mm]<\/small><\/th>\n<\/tr>\n<\/thead>\n<tbody>\n<tr>\n<td class=\"hidden-lg\">Sp\u00f3d<\/td>\n<td>***<\/td>\n<td>***<\/td>\n<td>x<\/td>\n<\/tr>\n<\/tbody>\n<\/table>\n<\/div>\n<\/div>\n<\/div>\n<p><small>**Do ustalenia po otrzymaniu projektu<\/small><\/p>\n<p><small>x Brak mo\u017cliwo\u015bci zadruku<\/small><\/p>\n<p><small>Podane wymiary zadruku (mm) (wysoko\u015b\u0107 x d\u0142ugo\u015b\u0107)<\/small><\/p>\n<p><small>***Mo\u017cliwo\u015bci etykietowania okre\u015blone przez odbiorc\u0119<\/small><\/p><\/div>\n\t\t\t\t<\/div>\n\t\t\t\t<\/div>\n\t\t\t\t\t\t<\/div>\n\t\t\t<\/div>\n\t\t<\/div>\n\t\t\t\t\t\t<\/div>\n\t\t\t<\/div>\n\t\t<\/section>\n\t\t\t\t\t\t<\/div>\n\t\t\t<\/div>\n\t\t<\/div>\n\t\t","protected":false},"excerpt":{"rendered":"<p>Pude\u0142ko apteczne Typ 11 100ml \u00a0 Sp\u00f3d Materia\u0142: PE \u015arednica: 53.00 mm Wysoko\u015b\u0107: 77.50 mm Waga: 12.60 g Nakr\u0119tka Materia\u0142: PE \u015arednica: 42.60 mm Wysoko\u015b\u0107: 18.20 mm Waga: 5.90 g Komplet Pojemno\u015b\u0107: 100 ml Pojemno\u015b\u0107 ca\u0142kowita 135 ml Materia\u0142: PE\/PE Wysoko\u015b\u0107: 80.00 mm \u015arednica: 53.00 mm Waga: 18.50 g Opakowanie mo\u017ce by\u0107 u\u017cywane do produkt\u00f3w [&hellip;]<\/p>\n","protected":false},"author":1,"featured_media":0,"parent":446,"menu_order":16,"comment_status":"closed","ping_status":"closed","template":"","meta":[],"_links":{"self":[{"href":"https:\/\/pepsyna.com\/index.php\/wp-json\/wp\/v2\/pages\/1106"}],"collection":[{"href":"https:\/\/pepsyna.com\/index.php\/wp-json\/wp\/v2\/pages"}],"about":[{"href":"https:\/\/pepsyna.com\/index.php\/wp-json\/wp\/v2\/types\/page"}],"author":[{"embeddable":true,"href":"https:\/\/pepsyna.com\/index.php\/wp-json\/wp\/v2\/users\/1"}],"replies":[{"embeddable":true,"href":"https:\/\/pepsyna.com\/index.php\/wp-json\/wp\/v2\/comments?post=1106"}],"version-history":[{"count":2,"href":"https:\/\/pepsyna.com\/index.php\/wp-json\/wp\/v2\/pages\/1106\/revisions"}],"predecessor-version":[{"id":1251,"href":"https:\/\/pepsyna.com\/index.php\/wp-json\/wp\/v2\/pages\/1106\/revisions\/1251"}],"up":[{"embeddable":true,"href":"https:\/\/pepsyna.com\/index.php\/wp-json\/wp\/v2\/pages\/446"}],"wp:attachment":[{"href":"https:\/\/pepsyna.com\/index.php\/wp-json\/wp\/v2\/media?parent=1106"}],"curies":[{"name":"wp","href":"https:\/\/api.w.org\/{rel}","templated":true}]}}