{"id":1104,"date":"2019-12-18T15:58:22","date_gmt":"2019-12-18T15:58:22","guid":{"rendered":"http:\/\/pepsyna.com\/?page_id=1104"},"modified":"2020-01-03T11:48:53","modified_gmt":"2020-01-03T11:48:53","slug":"pudelko-apteczne-typ-10-100ml","status":"publish","type":"page","link":"https:\/\/pepsyna.com\/index.php\/pojemniki-plastikowe\/pudelka-apteczne\/pudelko-apteczne-typ-10-100ml\/","title":{"rendered":"Pude\u0142ko apteczne Typ 10 100ml"},"content":{"rendered":"\t\t<div data-elementor-type=\"wp-page\" data-elementor-id=\"1104\" class=\"elementor elementor-1104\" data-elementor-settings=\"[]\">\n\t\t\t<div class=\"elementor-inner\">\n\t\t\t\t<div class=\"elementor-section-wrap\">\n\t\t\t\t\t\t\t<section class=\"elementor-element elementor-element-20c0fdbb elementor-section-boxed elementor-section-height-default elementor-section-height-default elementor-section elementor-top-section\" data-id=\"20c0fdbb\" data-element_type=\"section\">\n\t\t\t\t\t\t<div class=\"elementor-container elementor-column-gap-default\">\n\t\t\t\t<div class=\"elementor-row\">\n\t\t\t\t<div class=\"elementor-element elementor-element-75d46141 elementor-column elementor-col-100 elementor-top-column\" data-id=\"75d46141\" data-element_type=\"column\">\n\t\t\t<div class=\"elementor-column-wrap  elementor-element-populated\">\n\t\t\t\t\t<div class=\"elementor-widget-wrap\">\n\t\t\t\t<div class=\"elementor-element elementor-element-2ae97573 elementor-widget elementor-widget-text-editor\" data-id=\"2ae97573\" data-element_type=\"widget\" data-widget_type=\"text-editor.default\">\n\t\t\t\t<div class=\"elementor-widget-container\">\n\t\t\t\t\t<div class=\"elementor-text-editor elementor-clearfix\"><p><!-- wp:paragraph --><\/p>\n<p><a href=\"blob:http:\/\/pepsyna.com\/5183225f-889f-4938-a5f9-85ebc4d3c5f4\"><img loading=\"lazy\" class=\"aligncenter\" title=\"Pude\u0142ko apteczne Typ 10 100ml\" src=\"data:image\/png;base64,iVBORw0KGgoAAAANSUhEUgAAAMYAAADpCAYAAAB\/YUi+AAAgAElEQVR4nO2daXvixvL2\/f0\/1Enm\/E9m8XgHDGbfwdhgPGsymVz9vJjn7twqqtUCIQvb9aKuZGwjpO761drdOrq8vHQmJiZJOSr7BkxMDlEMDBMTRY6urq6ciYlJUgwMExNFjiqVijMxMUmKgWFiooiBYWKiyFG1WnUmJiZJMTBMTBQxMExMFDmq1WrOxMQkKQaGiYkiR9fX187ExCQpBoaJiSIGhomJIkf1et2ZFCexCSj7\/kx0MTAKFgPjeYqBUbI0Go1nLWWPX1FyVPbAvna5ubl51lL2+BUlBkbJUrZiGxi6HJU9sK9dms3ms5ayx68oMTAKlphitVqtZy1lj29RYmAULAbG85Sjsl3xc3fVeZ+vbMXOK+12O1XK1p9dxcAwMAoFI\/b5svXLwDAwSgHjuXqUo7IHtuwBKFux8yrWoUun00mVsvUvJAaGgWFgaGCUPXBFK17RUrTiHLrkfb6y9S8kBoaBUSgYz1UMDAPDwCgSjE6n47rdrhcMXKv1K49ABYeBaDQaKgR83bIVPyYxxQmBhN\/zmGnykhQfY8BzXq\/XXbPZ9N8FXWm3267X65X23HsBQ04yD+prBwPP1el0XL\/fd8Ph0E0mEzebzdx8Pnez2cxNp1M3Ho\/dcDh0\/X7fdbvdg\/EoRYMh9YJ1oMznLgwMBoBr\/q8NDIxPr9fzUMznc7dYLNzd3Z27vb118\/ncTadTNxqN3GAw8GBkuf5zB4P\/zc9b9vMf7etC0v1Lb6FZBtkg08A4dImNS6\/X89Lv991gMHDD4dANh0M3Go1cv9\/30uv1DiaEKgIcDQw2nq1Wy49Vu912jUYjGmoWJbnBCMXFrPxY4\/6awdDCzNC1DinHKBqMTuffPLTT6XgjUToY+76g9Ba8+QNg4G9CFahtFO85iTZe7FEO0WPE5nsfHgPzDK\/a7XZdq9VyjUZjY3yeSvYCBk+qBgb2Nr9mMEIgDAYDNxgMfCjF43gIUjQY7CkGg4EPo\/C7ZwsGX8zA2BSMSyg8SvO8hyBFg3Fzc+M6nY7Pu+AtoA+lgZH3At1u11s9\/Awx4vX19cYgABB8DgMgB5ATsjQJKdNzAWsbwxMa\/7yhb5pwYYCNnxxjCQvmTxpLKbe3t246nbrBYOA6nU7CSLbbbTcYDPz3sFeBnj1rMNhScHWq2+264XDoer2ejylx1hJbDC1\/wfXSLNMhlDufOxgxCa1O0KpOOPwBwI1GIzcejz0UqF7C4EGvXiwYbLm5GtVqtXxjq9dLxpZak0dT\/LxVo7Ll0MEIjaN2HW38pbKjyTkej91kMvEeRkYTo9HIe5JSwOA6+i4SA4O7vv1+31sZDFi7\/av1PxqN3GQycZPJJBFryiNmZD6SZcIOWfEPHYzY9+FnHAKzUQMQ4\/HYzefzROjU7XY35rLX+7cRmgWMoqRwMBAyobEFz4BBRNjU6\/XceDx20+nUw4HrhMIkzWOUDcJLA0M2H+EZMP7cp+ICC\/QACj6bzdxsNnPj8djPKwxjt9tNwIAlMlgJUAoYUOpdJQsYsAKj0cgrPP5Wq2vj78fjsRcMEmCUrl6Lb1EKLFPyKnbZYMixlmPM3gF5w3Q69cte7u\/v3Xw+d8PhMBEqMxDwJovFwi0WCw9Qlhwjr\/6G5EnBgIIj6ZpMJl7hO53OxqD1+\/0EHPx5iKyYyMkzMPKBoXk\/\/n72CAiVIPP53OeQmBsAhOhgPp8nPod1Y1k9xosBA0BgMOQKU4ak0Wj4CcE1sDL19vbWLRYLn5dgAnAf2066gZEOBJQQuSBguLu7c3d3d26xWHgQMP8cKvf7fTedTv3iSXzm\/v7efxZhNCRLjlEaGFniMfwd32yr1XKVSiXR2UQ4xcqtWQyGhXMJzWphoO\/v7939\/b27u7tLWB2OkSUwaflJVsUsGqx9hELy7\/iZYzBibnicl8ulW61WbrVaJcJb\/jz0APMSEqwwRg4CQTQhS++sb2yUDxYMkIz\/TwNjPB5vuF5pSRaLhR8wWBKZa6DKxR4F1769vXV3d3duvV67h4cHt1wuE5MgvYyWYMLbFWnx84IXmxvZhGOl5YSXxwyK\/\/DwsKG88Op4dtYBGD1eVp8XDH4WLvPidwcNBocwGPB2u+0qlYqvPEgwEF9q1ogFir1arRJuV9vgA2WSk8RxL6ADhMvl0k8QYMT1Z7NZVPGzVO3ySAyc2PfjOUJjrRkjfn6Z00GwhINDY4znw8ODe3x8dI+Pj7nB4OfkPLVwj4EHDEmWi7DVZTCq1WqiV8GDKRMvxJvspqU8PDxsyHq9dqvVyt3d3SUGFN8lLSQmElYSCsGwQDRQpeAZQsIx8y4iFUZKTPGgfCz8zCFvDI\/A4zadTt3t7a27v79PeBTAsF6vvcCYYZzS7ikNDDZAMHbstWL6u6vsDQxYbfw\/g4GlHfhbzjOkG2dlhMJjMDEZ6\/XaPT4+uk+fPiXcvjYp+K8Mo7h0LF0yPz97G02k0kkJQZ5VYkofAzM0l\/zcmBNZZk0zUmysMB+Pj4+JsHWxWCSMSAjUNDBwv7g\/GFEYncLACLlK6TLTwMHf8SB3Oh1XrVZdo9FIBQPWG54jLS5lYCD49+Pjo\/v8+bP78uWL+\/z5s\/v06ZP\/Gf8bHgbXkuEDW9DxeBwNZWQ5WQoaVrtKzKPEQimuBMqyKntJNjwwOhg3Hjs2PCFhEPhnDAZ76TQwGGjAIf+mCMkNBjfuJBi1Ws2DoZX82GNwwsYSC2VY8dMmkCf8y5cv7uvXr+7bt2\/uy5cvGzDhszEFWK1WUcXNO0Gx62vhZSjkZIVPe25Wbs07SA+hjZP8+a5gyBySPTp06VmAgc+lgYFqSCgxlHG+9BY84XKC1uu1V\/5v377534cklMNIBQgJgCxKYt\/PcX2a8LPFwqLQc0tjA8P06dMn1RDBO+cBA+EiANF0rxAwsih9mmih1HA4dK1Wy11dXW2Ua2UoJeGQgLB3SEvCt1HmbRR7m2sVIVkVvyyJedRYjiHDWBboxWq1cuv12t3e3nrvgfCKcxGtKnnQYHDXksHgeHEbMNIqVNvCYWAcPhjr9dp9+fLFPTw8bPS2ZBVN9mpKB0NCAjC4XMvgIDHdBowi4DAwDhuM2WzmHh4e3NevX93nz5\/9dyLE4iVBWuhfWI6RJQfR\/l82+ACGrIvHwJA5RqiEGIIjJoeumFmT67KkaDCm06lbrVbu8+fPiflAKR+lYXTlGQht0emTgoGSYAgMlGu1RltWMIqCw8A4bDAWi4UvsuCamDf8\/\/39vZtMJq7X6\/l1ddwU3AmMWB0+y0X4b\/H\/nU7HVSqVjaqUVrJNAyMNjqzhVZocumLGFO\/QJS8Yq9XKGylck\/\/9+Phr2cl0Ok2sLeMlSKWBwTEeg8ENvjxgFAmHgXHYYNzf3\/ux4LkGDHKBozTYBw0GNrjnASOUb2xTzjUwnh8Y2PPBiz3v7u78QQqy2skhfq6qVN7OrdxYglO7u91u4l0Hcl8EmnxyuYJcARpbEqJ5iqdU7LIVLyZFP19sZQKuAcXWluDIJTBcYYrtAJXeAkD0er\/OFogZ\/pDkBkOuxeENQu12W+18y+pUaC0PVnLmSb4NjHLBkN1uuaydhcFAdUnbAcpgyH07rH+dTqc8MCTBfMpHt9tNHLCGBxyN\/l3ezGAwXKFl1dvCYWCUCwbv85A7NGEE+d9y8SAfr6SBIZeX4DAF6F9hYGTJQeQyD\/kSFByz0mq1fAkNrX35fdK15k2+y1acoiWmmEVfP7YsXi7TT1siL5ebw+rLvRhsTLVNblg60ul0dt4HsxcwON+AtefVkb1eL3GALydFoYSLE688cBgY5YLBm6LYc4T2+EuPwaeKsE5C1+QmNwaj3W4XB0YWYfcmwcD2SHgOGTOGQigMWFpPI0t4lSU5fM5gxBQz9vx5FT+2UUvbOstAxJJv7CJkXWGd4WIN7nc+n\/swbNd9MLnBkBt7+AEBBu\/N5k30XGLTEnA+hGtXOAyMwwFDq0ZpxpH1icHgjVvQE00vsHOx2+2WBwYrPj8cexGUYTkp0k6skOEYgxFaJhIr5xoY5YPBUEivII2i3LkYAyOU1yCE3xmMXT\/ID5DmDhHv4Wan06m7v7\/3a+nH43GidDsajbw3mU6TBybc3\/+7\/XK5XCb2VMtJ3GXiNa+zCyTbxPhFK+62OUAoJ8hikHA9Gd4gnJZh9mg08lUk6BE8CvRClvUBEU4lYaO5Wq3cYrHwn+UI5uDAmM1mbjAY+BMpZrOZWy6XXvGn0+lGBx2DwQMFr4OJwCSkKXjW5HEbRc6q5FkBzavYWWP7kGS9fhpY+D13shmOyWSS2LXJ0QSHV4gQcCK63NjGiTc3gzUweAX3QYIxmfxa9QjLcHt76x4eHrwF4SNcuNSLEIzLeACFrZkWZm2j5DEvkQeKfSh2XsWPfX4bzxSK5zEP3GjjRi0UFXPI+ahcBgTYGAwOo\/izrAuIJu7u7ja+7yDBQMkNg7ZYLNx6vfaKv1qt\/O8wSAwKt\/x5QLjMp50wsm0os0voFAujniIUyqv4WXIU9gby8DqGgHMInifMHf4On2Hjxs\/DuSjnnaxb+BmuwWAgVMuj14WD0en8eoUUXCE8Bgbq8fHR3d3dJUqz0rVipxaXg3kZQZ5TRmIeY9t9E9vmEEWDkTfHiC3jgAGT1SY2WPhbXA9zBaMIMAAFSq03NzfeY\/D3hcB4ePh1ABy8krYW62DAaDQarlqt+kWEk8nELZdLn38ADAwckmpeK8WDqzWEpFvlydxGcfaVfG\/jOYoGI3YgW0xY0bU1TRh7zBfPE58CwsoP775erzcMIhvTer2+cZ4UvjsGBhL0gwWjVqu5i4sL\/96Kfr\/vFouFGw6HHgy4ZFgRtmQARa6H0dw2n1KHQdw2Btcg2VbBt8kBYicdxiSm2JqVZ4l9Xpbc8Z2YYw5jtSoWfg7vzUbw4eEhMXfT6b\/H\/vN7vlGIYTDxbwkGqmAHD0alUnGnp6f+VVSdTsd3JqfTqVuvfx2LgjAL1haKxaVYVkLeCC+tFk9cTLFCkGybHIeUPa\/ixiQ2P3k9Bsqe7H1RSMH4yhwB44eYnxNrADCf\/zoWR66WwPoofoUBSvva84fAmE6n\/rt2AqPoianVan4pCF40CSvQ6\/USSo5O5nK59IOPAUaowhZd\/jyUIAKm6XS6EbM+PDx4K8ZWSANkuVwmwiYZo+Necf\/suWTDkq0ZN6w4JJHlScDPQPFSHGkcOBxCpQYhLJ4HYwIAYO2RNPP3ah52vV4nvLoMT\/HMnNNIg4D748WD8rT2p5bCwajX6\/79DOwecYw7wihMLgaRweCeBJQUSsgdYGm58W98FlYOyg93jgmEYuL6AAGWDpPMUDIEHFbwveB7NQWGVeNeDoc4HFdr15AemsugMBQMGZ4f3hj3hu\/m8cd10kq\/3GyVngPXkAaBYYttZ3ixYOAkQn6rD7\/0BUoBSw6XzeVdDqPYkmvAyN9BAVABwfXxOVg8uGRYUnzm8fExEbdCqR4eHvwpInd3dwm4uRG5XC59rI6OPlvs+\/t7N5vNvAdFiCkrNfg8W3b2rPx7KDien\/sLfH9oiMGrzOdz\/3MYg1iyr4299AxcnZLhL7\/3IpRHvEgwtDcvYS9Gp9PxbpyrD2wtZUWDrVcIDFh6VLyg5Oz+odQ4bQITulqtEmXYT58+bfRaABQOZIPyAxz2Klo3lhVwuVx6y4kxkOAgB0PDazqd+udK+z28HeDAuOL+2Npz2MleWC65ScuvuO8Bb8Z5lzSC+Dcn97Hy8IsBAxMm17zIWFKzHBx3y8RWxvSy+gHFZTDw9zjxG2BAQRgoPoUQCsbg8LlTnGTKEA+\/Y6WUCgerj2fFM8jmGqwvXyP2e1wDYyeNCl9DC1GRT7G35r+V18W12AtxrsOLT\/mz7JXYu7xYMGazmd\/JhzAAVgOeQ66wlWvvoTDS6nFIxNCgQoFSMIcBq9XKvzoADTzuQchjO2WzD1ABGFYcKBKuiZ9p3ox7HdLqskJLKy2LD1qYI0vOmreVoahm+Rlemb\/hb9jCswHjpJ8BYc8Eo8KAIi+BB33RYGDvN3bvwVuwJwntIWcPwu4VllVLgBFfr9frRNKIn8MbACBMPmDi920wNAADnwcEmFRZKWPllZZaWmK2nDJElP0A+Tchax4Dg0MfDrfYa4VCMXyWvRXmiEMhLgRIqNkoyZAQxZkXC8Z0+uuVxLVazZ8vxW9ZZS8h95BztUR+rwSDJ4e9hmw+LZdLr9SoSoXA4FCJJxM\/ZzBCoVSsqsWhFt+7tOahHEGWh7VQK1Sx49BHJsv4Dv5u\/p1M0tkQco7I4yrHij0+rsGb2TqdTnlg7NoAyVo1mM\/n\/iUy19fX\/sQQvBxehk9ycDEpHJ9qfQHOPThk0SaVQeEJkrkDlJonl3MSGbJoS0JY+bkrzNBo1hphHZSJFZerSjLkkWMhy8eyUiStOxsd2dWXiTFCJQ53ZR4m8y0t\/+Jydb\/f94dntNvt1wsGJ96yjq8tNZCdWe3nMlxgKwmFhMJynV2Whdkyagm3DJ94QaHs1kuF0JaVyN+llUrZIPD\/z2azhPFg76CVTPE2JLbkPH5y6ykbLXSv+fk5R+MTytm78bOgkcjHKuE9671e7\/WCgR4HV6UYDKkc7PpDSy9kU0r2KGQIwj+XCTVXamTXGxMrKzKyqQYFZVBns1miTBkqz2IsJOi4Pj+v5lkl7Nxxn81mGyVbnjfO6fg5GeIsp8ezsWCvhXuVOSeH2i8WjNvbW9ftdj0YfEw7gyFfESVLteza02rqsjLDzS0GDgoik0G5jJytuYRGgsUwsZLOZrPE\/d\/d\/ftOcjwjh0ZcmdHAYTB4fLRQKQ0cVk5tzJGnpSl\/aKUx\/pafWRoMzPWrBuP6+trV63XXarUSXkJr\/mnn48o1N9xXYKXlcqlc08Qehi0uh2QyZ5GJtLbnQvY+ZA6ilT\/lc2i\/T2um8XISrVeAuZH9I23piQQBBYivX79G3xkSe+sr9AD6Ig9CmM1mPoTis6SwQuJFg9Hr9TwYCKM4fEoT+QYmTrhl+VO+Puzx8dG\/okpOLFdU0kTmNFJ4dbFUAlYGXqvEFloqiuzjsLJrh9vJ0ras6oX2R8vQkfMDft2x9vo19IE4h5AVKl67JQ8yYOGwEYBgi0Kp5dqiwVgsFh6MRqORCKPkAc\/ynClNtCQwLUnGu7wxkXjHN7+GN3TGLTbSaPE2RFpiuRpWflZeg2FieCAyHmeoZOijVeBkRQ0CjxAKkfCztHeBr1arxHNIOLHuK01ub\/\/dE\/4qwajX6yoYsvMtlR9KIa0qW2EMsNZAY6VHg44nm\/8fk69ZxpDV\/PbtmwcN4H3\/\/t39+PHD\/fz50\/348cP9\/fff7ufPn+6ff\/5x\/\/zzj\/v586f7+++\/\/e8gP378cH\/99VcCZv4++cJMXs\/FysuWH2CwAZD9GFlN0l7QieX5XEXiV3lxI5bznpD3ZR0JhVKlVqWK\/oL5\/NfKUn6Da6PRSJxLGgKD4QiVaeUbOqW75oqRzAc4xNJgYEFo8fXrV\/f161f37ds3DwXLt2\/f3J9\/\/un++uuvDcXX5MePHx6IP\/\/8033\/\/j1x7dg7AbfZeisTY+QIWkiEsEvmfnJ+0gogMidiKDjM5PAPr4\/AKolYKFuUPHsw0gYcg85hGF8LnXCuw3OMzZ5Ag0OD4vv37wkw4CVCEoMDgMiQBoocAhkiK2yyC85GRIaFXBWSpfAYEAbGE4EhJ4cXDHIFRzYDZUweu6ZsDsbq9IBCehMAEvMYgEHzFpwLyeUpsXI1hMNRmQNo3jbNI8jqGZqCBkYJYLAyS6ulrfuRXeSsVk0udYASxT4bKr3KRX4x0QDn9U\/yvngraBbRAOA98XKBIu5f6w2Ffm9gPCMwtOUUPGGyhKuFG2nCYYgsuWLfyTai7VGRFTutCBGSNG\/IDcpQg1T+m8dYW9VrYDwRGKHSZFo3nBU3zTqjoZWWnGprm7T1S2zdWWLjE1NsLdeSzcg02Wb9lWYMQmu9LJQ6ADBCS0SygKF1rlk0LxOCROt8cz9E64rHJBZipVlzrh6FJKTwMkeTniANCPMYBwCG7GvIkCAWTqXFyMvlcqNeLyHQgODPy9W0WUMwed8h0fKOWLdeVuy0HAIGQEuutVA05mleHBixP8ii+GmC5lulUnHVatUfv4gFhHlzjJjiZxG5bFw2w9JErshNC7t2kayKlwe8fYl2T3LPBxcRsBRkOp36hiHenddsNv0SIAOjZDBkh3gbMEKhhoFhYDxbMDSvsU0nOS1nMDAMjGcJhoy5pcLvCsW+lc3AMDBKA0MLjbKCUQQUBoaBUSoYEo485VapKAaGgfEswcDnNDC2zVM0JTEwDIwXCUZMGTQw9ql4BsaBgpFXZrNfBwHUajVXrVZdq9Vy9Xo9cfAajtHBYQjaFsjQsgi5DogVfR9StGLHFCsmsQZfXnC2Ee2eWA+4qcdrycbjsT95EOdKtVqtTIbXwDAwDAwDw8AwMAyMZw1GXmUyMAwMA8PAMDBeCxj7rAoZGAaGgWFgGBgGhoFhYAi5vf11ZOPNzY3frNRqtVyz2fSDAUD4dQAYONnkk4OlTTIrW9lVp6zKVJTiy7nI8pldRcIgDaQGBr9uDi8sxSuvDQwDw8AwMAwMA8PAMDAKBiMmBoaBYWAYGAaGgRFWwrS5MDAMDAPDwDAwDAwD41mBMZv9OiSt3W67y8tLd3197W5ubvxLZPCSEH6ZDJ\/TmnZcZdrmpbwK\/1SKr\/3troq\/q+HKU\/XS7pXnh+eMoeAT1w0MAyMIRkzZDAwD49WBkRY6GRgGxqsEoyxPYWAYGM8CjDKgMDAMjIMFIy10egrFMDAMjIMHQ46bgWFgGBgBxTIwXigYOHCt0+m4y8tLV6vVXKPRcI1Gw3W73Q0weNMSNrFob3LVJpbB0BQTP8sLyTYJdUyyGJY8kheMmGj3Kg\/Lk009hmIwGLher+cbvdz8LQuKZwcG7+R7ajB2rTQZGAZGoWDIV45h0p8CjKKgMDAMjJ3B4NcDa3lGXjB2zRfyKpSmWAaGgbETGJrXeCowioDCwDAwdgaDK1TaSeh5wdg29NlGqfchBoaBEQSDl6LL0u1TgvHUUBgYBkZmMKTXKAOMp5wgA6MkMPIOfBZZLpeu3++7i4sLV6lUPBjNZtO1223f6MOBWxIIfkG6zDO0SQ5ZeQ0cDSLtM0WBERs7Tcm0zVtFgZP3\/uHhAQTmEoZvMBgkDGSz2XTNZtMNBgO3WCwKv38Dw8AwMAwMA8PAMDAMDAPDwDAwDAwDw8AwMAwMA8PAMDAMDAPjdYMxnf56iflgMHCVSsWdnZ25Wq3mms2m36zEYPDha\/1+PwqGNkghxS6jgZdX8fPKUxg++Sy8uSzU1MP8Yr673a7XCYDxlPcuxcAwMAwMA8PAMDAMDAPDwDAwDAwDw8AwMAwMA8PAMDAMDAPDwDgMMIoe2On012ai0WjkarWaOzs7SzT58CIZNHggOHwtbYvrZDKJgrGNZFXmIpTpJYiEgSUERr\/f9\/PfbrddtVp1zWbzyaE2MAwMA8PAMDAMDAPDwDAwDAwD4\/DEwDAwDAwDw8AwMAwMA8PAMDCygLEPmc\/nbjQauevra3d2dubOz8\/9wWs3Nzfu5ubGNZtNP0Dy8DVt8xIGXIOYG2wxGA5dsblZVoTs8\/4YAim8Oanf7\/v5xSalVqvljWWr1XKDwaBUyA0MA8PAMDAMDAPDwHgWYBSt+AaGgWFgGBgGxksBQ6vgsBgYBoaBYWAYGAaGgXHQYGwzcHIA5MTJhg5kOp264XDowTg7O3PVatXV63V\/wFar1VI3LQEMQMLNvixgFL2RKPb5ohW7bLBiYGhNPQABKNrttt+khM1rw+HQzWazRFN3l2faBmyWzGCEJiMGhQTj9PS0cDC2gcPAODww2GPwtXZ5rkLByDoR2oAMh0M3mUzcYDAoHIxd4DAwDgOMVqvlbm5uEmBMJpONo1q3BaQwMEKToMWREggo8Xg8dv1+39Vqtb2DoQ1A3rxhnzlE0Yr\/3MHAnEswer2eG41GidxSAiIh2efzZwYjDQoJAwsONNDAwMb3fYBRFBwGxtOD0Ww2XbfbVfVJQlIaGFnDJQkDy3A4dL1ez1WrVXdycrJXMNLgyCJ5wSha2UKeuWiL+VRgYN7xtlZUKDudzoYeaYAUNT5bgRF6YA0IlON6vZ4bDoeu2+0WBkYeOAyM8sGAAIybmxvXbrcTOhQC5KDA0DxFCAoGo1KpFAZGKN8wMJ4vGNzPCsFRGBgxxQ\/lDnhQPCC\/\/AOVBih5u912Nzc3\/sC109NTd3V1lUi+AQcDgsGRh7CxK42BsUs+wQMUAyNvDhCT2MTnVYwi7jUWYrOyc46RpgusW6xz0oOkhVoaDKFnOZIPpYGRlj+EgMDD4r+NRsODcXZ2dnBghLyAgVEsGFyuZV2QUUQIjlCIJXd9hkLvVDCyQBEKlfjG8YDaQ0owKpXKwYCRFhoZGOWBEdIJuQVaWz4UCrWkvgTBCEERAkKGTRoIiBNRfms0Gq5er7tKpeLOz88T+76LBmPX0qq8ZpYczMDIDwbrDq+h03SD9UPTkVhIlTa+R1keRi74Ys+gQQAQ6vW6u76+9v8FGOfn5wcHRkjZDYynA0PqkNSPECQcXnGRJq05GAUjlk+EoADdGggs1WrV1Wo1V6vVSgFj18oKBu0pFcvAuEnoUr1e3\/AeGiDQmW3h0FIHyFGWh9DWtPBDMAiAoFaruWq16q6urjwclUrFXVxcuIuLi41y7SGAoU2ygVEuGHzMkgYI604IjDQ4tgJDVp3kKkgNCgkE5PLy8tmBUZZiGRg3G5EHh1UaHJyHcO8ja7c8CoYMn7TVj6gu4cZrtZrqLRiMq6urVJEPJitcWasOEoxdVrfuooyxa+ZV7EOXUHgCXdJ6XxyFAI5ms5kAgr2G9B4aJLuCEZIEGDKnkIu8JBhSdgEDD6xVILYFA157jAYAAAdOSURBVHAYGIcHBhvfrGBwWBXzHNuAkQWOo7ScQlagGAwNjl3A4EHQ4NimTs1gAA4Do1wwtOKOpmMIoyQYWYAIJd+hpl8WOI60PkUICpl0hxJvBqNSqbhKpbIBxOXlpbu8vPThGCoQMs+IgcEPqeUZRYNRdI4QioGzyiGBwcuItAqnFjppfY20ZSMSjJjnCOYYoZKs1snOAwbDASg4MWcwuDa9DRgMh4FxGGBo+QUaw6GSv6xGZSnThg7R2BWOoxAUaR1tdm8xMBgQBgPVqcvLS1epVPypIc1mM2EBYmCkeY1dexhFK9M2oi2Q20bKBkOLRkKlWS18SmvsyZXYGhgSkqzjdiSXeITWrUiXti8wcJzO1dVVwnNgMLKAATjYghsYhwGGXH3NZVmubIbASAMiBIUEYxc4jrSy7FOC8fHjR3dycrIBB9zotmAADgPjMMDgBX9cwMGqCITSoYQ7tohQg0IDI6Y\/G2BoS8bl5pHQwkBtbdS2eQcgwVKRi4sLV6lUEs0dhFe9Xi8ROmlAyAQ8lgOkgfFUMXqZOYR2rV1yJJlgy3yCvQTrgoQi1NPK4iU02dWgqGDEcoxt4OCOOAMSAuP8\/DyRlMNzaDVq2QXX4IiBEVpA+FQe4VDA0KDYZhyyVJygDwwGl2dls05ueCsNjBAcaYCkrayNraNCn+Py8tIvR0fOcXl5mehz8CvJQju4dknAYytsXzoYUrYFQ1tPx3rCcw+DyGDI0qwGRgiKQsFI25YaAySLJ5FVBwkJ8g54DcDBO\/3YeyCswiBJz7EvMJ6qQZcXjH2ClXX9E0KmwWCwUT6VuiHL9QAD86+dXyxh2MVTaEn3NnIkqwYhOHaFRNuwxMKJuYTj9PTU5x0Ir+A9ZDkXcEgwtskxXjsYoftiSyqTWrlkSJZhuejCUCASCG1l3QcUucCAG9TgyBpmpYVbMa\/CoZUEhEX2PLSGIIdWWRUvZDGfCxh5q1Zp19L6ELK0L8uwSK4xl7I6KauOaRuPYqGTrDrtUxINPg2OrN4kBEhadUsuA0CIhUFFngFYAAwgwSJErmhIT7KtckhIXjoYIQikXsiqJeZTzp1cBiR3cnKSzc3cmJeI9SkKA0OzCPLmdoEj5lG0nIQHGBbo6urKnZ+fu9PTU3dycuJOTk7c6elpwj1rJb8sblMCUjQMhwRGyCto860tDUKx5OLiIpEPyh14comHtqQjDYrQco\/CwEgLnbJIKBfJKrGqFi9zByDomJ+dnbkPHz54OTk5cRcXF65Wq\/k8JNYY0hRErh9Lmxgt+d+nx+H7w\/3w2Meglxu9pBGIWeve\/88jcMqLNE4MhQyTQgsA2VjG9Ksoxdfml6V0MGIehJM5hFnc+zg5OXEfP350x8fH7sOHD+74+Nifdnh+fr4xIXLSpSWT629iFhpWP6S8uyZ\/rNis1IAP4IUW2IW8uVy4l7YZDcUR9tYfP370qxVOTk58SIuehKwyxfZrGxiRKleosiUrHaFE\/eTkxB0fH7v37997+fDhg9ob4XKhjJ3lvaSFi9rEbltnj0mW8dasPEQrkkiPzUs02CMzCMfHx+74+Nh9\/PgxUS1EKMtQsPLHVscaGDtColk67odwoi4rWefn5+7du3fu3bt3CVh4krUOviZpG2TSQrZ9hZqhhmqo4QrRxlXmCIBAet\/3798n8rmzszMPA8ImbTlHrBCTVpbNkmvsU0Lfe1BgaJOYtm5L7gvhzjrAkX0RVoCPHz+6t2\/funfv3vkcBZ4FllB2ZTnUYqvT6SQXyeGe0pQ2izAAHApyqCVDIbnIE41UeNYPHz64t2\/fuj\/++MMbDRgMhEkAQfYgpGfQOtY8l1mWjRsYOTxGyBJJYHjFLwDh8Ivzk7Ozs41QgZP59+\/fbygKl4q1bq62VTePhLyltjCTVy5Lj8nC4SY\/H1Y4AwBZZg1tMdUUPjRv20DxFBLSxdLBiDUJQwMcgkUqkKZM3I3l+Pry8tLD8uHDB\/fu3Tv39u1b71U0xcK\/kfRLj8O7FXcRDhNPT0\/d8fGxv68\/\/vjD\/f7776q8efPGvXnzxnsFrtqhDI7OtIQ6ljzzz9OgyOMpDIwMybfmOTgGj8W2aZUv3oeOxlTannVpkTk0e\/\/+vXv79q373\/\/+5\/773\/+6N2\/euN9++y2X\/Oc\/\/3G\/\/fab+\/33393\/\/d\/\/JRT9+Pg40UfQigshgVfVcpTYfgjNoGkhVJbOdtkSBGPfOcKhSSyG184vCq0OTjsyKCTapq3Q3hRNsip4SGLPFwvlyp6\/suTFgxGb+Fg1qmhwilb82PMZGAZGangVqwoVBU7e62ctM4fEwAiAsU1y+xIlLzh5wcqr2HkVP0tV7DWKgZETjKI9UtH3Z2AEwMg7cC9digYjb3JcNBivVV49GHktetmhVNE5xmuVFw9G0TlC0Z83MEoCI+\/EmJi8RDEwTEwUMTBMTBQ5ypscmpi8RDEwTEwUOYrV0U1MXqMYGCYmihgYJiaKHMVWf5qYvEb5f1YFHWJSixHiAAAAAElFTkSuQmCC\" alt=\"Pude\u0142ko apteczne Typ 10 100ml\" width=\"198\" height=\"233\" \/><\/a><\/p>\n<h6>Pude\u0142ko apteczne Typ 10 100ml<\/h6>\n<p>\u00a0<\/p>\n<p><!-- \/wp:paragraph --><\/p><\/div>\n\t\t\t\t<\/div>\n\t\t\t\t<\/div>\n\t\t\t\t\t\t<\/div>\n\t\t\t<\/div>\n\t\t<\/div>\n\t\t\t\t\t\t<\/div>\n\t\t\t<\/div>\n\t\t<\/section>\n\t\t\t\t<section class=\"elementor-element elementor-element-8a1c211 elementor-section-boxed elementor-section-height-default elementor-section-height-default elementor-section elementor-top-section\" data-id=\"8a1c211\" data-element_type=\"section\">\n\t\t\t\t\t\t<div class=\"elementor-container elementor-column-gap-default\">\n\t\t\t\t<div class=\"elementor-row\">\n\t\t\t\t<div class=\"elementor-element elementor-element-494acf3 elementor-column elementor-col-100 elementor-top-column\" data-id=\"494acf3\" data-element_type=\"column\">\n\t\t\t<div class=\"elementor-column-wrap  elementor-element-populated\">\n\t\t\t\t\t<div class=\"elementor-widget-wrap\">\n\t\t\t\t<div class=\"elementor-element elementor-element-4fdc0cf elementor-widget elementor-widget-text-editor\" data-id=\"4fdc0cf\" data-element_type=\"widget\" data-widget_type=\"text-editor.default\">\n\t\t\t\t<div class=\"elementor-widget-container\">\n\t\t\t\t\t<div class=\"elementor-text-editor elementor-clearfix\"><table>\n<tbody>\n<tr>\n<th colspan=\"2\">Sp\u00f3d<\/th>\n<\/tr>\n<tr>\n<td>Materia\u0142:<\/td>\n<td>PP<\/td>\n<\/tr>\n<tr>\n<td>\u015arednica:<\/td>\n<td>54.60 mm<\/td>\n<\/tr>\n<tr>\n<td>Wysoko\u015b\u0107:<\/td>\n<td>55.70 mm<\/td>\n<\/tr>\n<tr>\n<td>Waga:<\/td>\n<td>14.30 g<\/td>\n<\/tr>\n<tr>\n<th colspan=\"2\">Nakr\u0119tka<\/th>\n<\/tr>\n<tr>\n<td>Materia\u0142:<\/td>\n<td>PE<\/td>\n<\/tr>\n<tr>\n<td>\u015arednica:<\/td>\n<td>57.00 mm<\/td>\n<\/tr>\n<tr>\n<td>Wysoko\u015b\u0107:<\/td>\n<td>16.00 mm<\/td>\n<\/tr>\n<tr>\n<td>Waga:<\/td>\n<td>5.80 g<\/td>\n<\/tr>\n<tr>\n<th colspan=\"2\">Komplet<\/th>\n<\/tr>\n<tr>\n<td>Pojemno\u015b\u0107:<\/td>\n<td>100 ml<\/td>\n<\/tr>\n<tr>\n<td>Pojemno\u015b\u0107 ca\u0142kowita<\/td>\n<td>114 ml<\/td>\n<\/tr>\n<tr>\n<td>Materia\u0142:<\/td>\n<td>PP\/PE<\/td>\n<\/tr>\n<tr>\n<td>Wysoko\u015b\u0107:<\/td>\n<td>56.90 mm<\/td>\n<\/tr>\n<tr>\n<td>\u015arednica:<\/td>\n<td>57.00 mm<\/td>\n<\/tr>\n<tr>\n<td>Waga:<\/td>\n<td>20.10 g<\/td>\n<\/tr>\n<\/tbody>\n<\/table>\n<p>Opakowanie jest przeznaczone m.in. do produkt\u00f3w kosmetycznych.<\/p>\n<p>Opakowanie mo\u017ce by\u0107 u\u017cywane do produkt\u00f3w spo\u017cywczych.<\/p>\n<h2>Pakowanie:<\/h2>\n<table id=\"_technic_table\">\n<thead>\n<tr>\n<th>Nazwa<\/th>\n<th>Pakowanie <small>szt.<\/small><\/th>\n<th>Wymiar kartonu <small>[mm]<\/small><\/th>\n<th>Masa kartonu<sup>*<\/sup>\u00a0<small>[kg]<\/small><\/th>\n<th>Ilo\u015b\u0107 karton\u00f3w na palecie <small>szt.<\/small><\/th>\n<th>Ilo\u015b\u0107 sztuk na palecie <small>szt.<\/small><\/th>\n<th>Pakowanie zgrzewka <small>szt.<\/small><\/th>\n<th>Ilo\u015b\u0107 na palecie <small>szt.<\/small><\/th>\n<\/tr>\n<\/thead>\n<tbody>\n<tr>\n<td>Sp\u00f3d<\/td>\n<td>450<\/td>\n<td>580x380x450<\/td>\n<td>7.4<\/td>\n<td>16<\/td>\n<td>7200<\/td>\n<td>0<\/td>\n<td>0<\/td>\n<\/tr>\n<tr>\n<td>Nakr\u0119tka<\/td>\n<td>1000<\/td>\n<td>580x380x360<\/td>\n<td>6.7<\/td>\n<td>20<\/td>\n<td>20000<\/td>\n<td>\u00a0<\/td>\n<td>\u00a0<\/td>\n<\/tr>\n<\/tbody>\n<\/table>\n<p><small>*Podane warto\u015bci maj\u0105 charakter orientacyjny i nie mog\u0105 by\u0107 podstaw\u0105 do roszcze\u0144<\/small><\/p>\n<h2>Mo\u017cliwo\u015bci zadruku:<\/h2>\n<div class=\"hidden-lg\">\n<div class=\"_flex_table pl\">\n<div>\n<table>\n<thead>\n<tr>\n<th rowspan=\"2\">Nazwa detalu<\/th>\n<th colspan=\"3\">Pole zadruku &#8211; SITODRUK<\/th>\n<\/tr>\n<tr>\n<th>dno <small>[mm]<\/small><\/th>\n<th>obw\u00f3d <small>[mm]<\/small><\/th>\n<th>g\u00f3ra <small>[mm]<\/small><\/th>\n<\/tr>\n<\/thead>\n<tbody>\n<tr>\n<td>Sp\u00f3d<\/td>\n<td>x<\/td>\n<td>30 x 162<\/td>\n<td>x<\/td>\n<\/tr>\n<\/tbody>\n<\/table>\n<\/div>\n<div>\n<table>\n<thead>\n<tr>\n<th class=\"hidden-lg\" rowspan=\"2\">Nazwa detalu<\/th>\n<th colspan=\"3\">Pole zadruku &#8211; TAMPODRUK<\/th>\n<\/tr>\n<tr>\n<th>dno <small>[mm]<\/small><\/th>\n<th>obw\u00f3d <small>[mm]<\/small><\/th>\n<th>g\u00f3ra <small>[mm]<\/small><\/th>\n<\/tr>\n<\/thead>\n<tbody>\n<tr>\n<td class=\"hidden-lg\">Sp\u00f3d<\/td>\n<td>30<\/td>\n<td>x<\/td>\n<td>x<\/td>\n<\/tr>\n<\/tbody>\n<\/table>\n<\/div>\n<div>\n<table>\n<thead>\n<tr>\n<th class=\"hidden-lg\" rowspan=\"2\">Nazwa detalu<\/th>\n<th colspan=\"2\">Mo\u017cliwo\u015b\u0107 zastosowania HS <small>(wtop)<\/small><\/th>\n<\/tr>\n<tr>\n<th>na obwodzie<\/th>\n<th>na g\u00f3rze<\/th>\n<\/tr>\n<\/thead>\n<tbody>\n<tr>\n<td class=\"hidden-lg\">Sp\u00f3d<\/td>\n<td>x<\/td>\n<td>x<\/td>\n<\/tr>\n<\/tbody>\n<\/table>\n<\/div>\n<div>\n<table>\n<thead>\n<tr>\n<th class=\"hidden-lg\" rowspan=\"2\">Nazwa detalu<\/th>\n<th colspan=\"3\">Pole zadruku &#8211; ETYKIETA<\/th>\n<\/tr>\n<tr>\n<th>dno <small>[mm]<\/small><\/th>\n<th>obw\u00f3d <small>[mm]<\/small><\/th>\n<th>g\u00f3ra <small>[mm]<\/small><\/th>\n<\/tr>\n<\/thead>\n<tbody>\n<tr>\n<td class=\"hidden-lg\">Sp\u00f3d<\/td>\n<td>***<\/td>\n<td>30 x 162<\/td>\n<td>x<\/td>\n<\/tr>\n<\/tbody>\n<\/table>\n<\/div>\n<\/div>\n<\/div>\n<p><small>**Do ustalenia po otrzymaniu projektu<\/small><\/p>\n<p><small>x Brak mo\u017cliwo\u015bci zadruku<\/small><\/p>\n<p><small>Podane wymiary zadruku (mm) (wysoko\u015b\u0107 x d\u0142ugo\u015b\u0107)<\/small><\/p>\n<p><small>***Mo\u017cliwo\u015bci etykietowania okre\u015blone przez odbiorc\u0119<\/small><\/p><\/div>\n\t\t\t\t<\/div>\n\t\t\t\t<\/div>\n\t\t\t\t\t\t<\/div>\n\t\t\t<\/div>\n\t\t<\/div>\n\t\t\t\t\t\t<\/div>\n\t\t\t<\/div>\n\t\t<\/section>\n\t\t\t\t\t\t<\/div>\n\t\t\t<\/div>\n\t\t<\/div>\n\t\t","protected":false},"excerpt":{"rendered":"<p>Pude\u0142ko apteczne Typ 10 100ml \u00a0 Sp\u00f3d Materia\u0142: PP \u015arednica: 54.60 mm Wysoko\u015b\u0107: 55.70 mm Waga: 14.30 g Nakr\u0119tka Materia\u0142: PE \u015arednica: 57.00 mm Wysoko\u015b\u0107: 16.00 mm Waga: 5.80 g Komplet Pojemno\u015b\u0107: 100 ml Pojemno\u015b\u0107 ca\u0142kowita 114 ml Materia\u0142: PP\/PE Wysoko\u015b\u0107: 56.90 mm \u015arednica: 57.00 mm Waga: 20.10 g Opakowanie jest przeznaczone m.in. do produkt\u00f3w [&hellip;]<\/p>\n","protected":false},"author":1,"featured_media":0,"parent":446,"menu_order":15,"comment_status":"closed","ping_status":"closed","template":"","meta":[],"_links":{"self":[{"href":"https:\/\/pepsyna.com\/index.php\/wp-json\/wp\/v2\/pages\/1104"}],"collection":[{"href":"https:\/\/pepsyna.com\/index.php\/wp-json\/wp\/v2\/pages"}],"about":[{"href":"https:\/\/pepsyna.com\/index.php\/wp-json\/wp\/v2\/types\/page"}],"author":[{"embeddable":true,"href":"https:\/\/pepsyna.com\/index.php\/wp-json\/wp\/v2\/users\/1"}],"replies":[{"embeddable":true,"href":"https:\/\/pepsyna.com\/index.php\/wp-json\/wp\/v2\/comments?post=1104"}],"version-history":[{"count":3,"href":"https:\/\/pepsyna.com\/index.php\/wp-json\/wp\/v2\/pages\/1104\/revisions"}],"predecessor-version":[{"id":1250,"href":"https:\/\/pepsyna.com\/index.php\/wp-json\/wp\/v2\/pages\/1104\/revisions\/1250"}],"up":[{"embeddable":true,"href":"https:\/\/pepsyna.com\/index.php\/wp-json\/wp\/v2\/pages\/446"}],"wp:attachment":[{"href":"https:\/\/pepsyna.com\/index.php\/wp-json\/wp\/v2\/media?parent=1104"}],"curies":[{"name":"wp","href":"https:\/\/api.w.org\/{rel}","templated":true}]}}