{"id":1100,"date":"2019-12-18T15:56:42","date_gmt":"2019-12-18T15:56:42","guid":{"rendered":"http:\/\/pepsyna.com\/?page_id=1100"},"modified":"2020-01-03T11:38:09","modified_gmt":"2020-01-03T11:38:09","slug":"pudelko-apteczne-typ-11-75ml","status":"publish","type":"page","link":"https:\/\/pepsyna.com\/index.php\/pojemniki-plastikowe\/pudelka-apteczne\/pudelko-apteczne-typ-11-75ml\/","title":{"rendered":"Pude\u0142ko apteczne Typ 11 75ml"},"content":{"rendered":"\t\t<div data-elementor-type=\"wp-page\" data-elementor-id=\"1100\" class=\"elementor elementor-1100\" data-elementor-settings=\"[]\">\n\t\t\t<div class=\"elementor-inner\">\n\t\t\t\t<div class=\"elementor-section-wrap\">\n\t\t\t\t\t\t\t<section class=\"elementor-element elementor-element-355ca1e2 elementor-section-boxed elementor-section-height-default elementor-section-height-default elementor-section elementor-top-section\" data-id=\"355ca1e2\" data-element_type=\"section\">\n\t\t\t\t\t\t<div class=\"elementor-container elementor-column-gap-default\">\n\t\t\t\t<div class=\"elementor-row\">\n\t\t\t\t<div class=\"elementor-element elementor-element-d04c8b0 elementor-column elementor-col-100 elementor-top-column\" data-id=\"d04c8b0\" data-element_type=\"column\">\n\t\t\t<div class=\"elementor-column-wrap  elementor-element-populated\">\n\t\t\t\t\t<div class=\"elementor-widget-wrap\">\n\t\t\t\t<div class=\"elementor-element elementor-element-2b717abf elementor-widget elementor-widget-text-editor\" data-id=\"2b717abf\" data-element_type=\"widget\" data-widget_type=\"text-editor.default\">\n\t\t\t\t<div class=\"elementor-widget-container\">\n\t\t\t\t\t<div class=\"elementor-text-editor elementor-clearfix\"><p><!-- wp:paragraph --><\/p>\n<h6><a href=\"blob:http:\/\/pepsyna.com\/28b135a0-9aed-4c76-8c32-10c064420bc6\"><img loading=\"lazy\" class=\"aligncenter\" title=\"Pude\u0142ko apteczne Typ 11 75ml\" src=\"data:image\/png;base64,iVBORw0KGgoAAAANSUhEUgAAAMcAAAC5CAYAAACcLSt3AAAgAElEQVR4nO2d53rbSLKGdf93tGc1tmxLosSIwJxzkDTauYM6Pzxfu1CqRoMiKQJk\/\/ie3bEYQKBeVOzGzWKxIC8vr4+6OfcBeHnlVTfL5ZK8vLw+ysPh5WXRzWq1Ii8vr4\/ycHh5WeTh8PKyyMNxZVqv16k69\/G55MoTjnl+PBxXJg9H9vPj4bgyeTiynx8Px5Wp6HB85fnxcFyZPBzZz4+H48pUdDhOffwejiuWhyP753s4rkwejuyfnzs4XD\/eJV61kCdMVjPw981mY6R9Jv+77b3b7Za22+3B8zz8uzSlHTs\/Dv578NuXy6Xz\/Lm+\/9xwHfr9rt\/HdXFw2D7nM5+vHZ+rfOgyfteYdNZSpc2gORiaQe9zI\/Bw5ACIY8Jhu8g4cdpdlRu1\/G8Y7Xw+T2g2myU0nU6\/RFlg2cfY99VVwXEsY8yLZHgBGPB3+W8AAEYvgYDhTyaTDxqPxzQajWg0GtFwOKThcEj9fj9VeL1N+BybJJQcWBwz90LcoGxGIM\/VIXB81fX97PFdNRz8QksQ+J2Dg8EB4J5AA0Aa8mAwoMFgYIy\/1+ulymX8+Dyb8N3j8dhIA3c6nRp4eLiW5Ubi4fgXjmO73VO77X3h4GDgTsq9BYeAS97JYZxpRtzv953GfSgc8nNsHgjQcEjgGW0e5RhwnNo+tJvfPnBfNRza561Wq0ToxHMEDkOa0UMuY3eFTYfK9l0Sbg4HAOGeRIZdx7o+Ho4cw8EvEPcYAIPnD5qH4CGQLW+w3b3H47HTM2hGvI80ILSwioPB4eBeZJ+8xMNxAUKvYLvd0nq9pvl8\/sFYOBgwbhjZoXd2l3HPZjPabrf08vJC8\/k88f2j0chq6McSP5bpdErz+dzkYrvdzpy73W5nzuG+3uVSdHFw4EJvt1tarVY0m82MYfBkW8LBDfSUcIxGIwPwbDYz3iStKnZM4fsAhtYYxfnzcOTgIE6l5XJp4OCJKf5Ng+HQsMdlnP1+n6bTKS0WCwMpDBX\/doiywsHBQNiJPgovbHg4LkiIO1erVSLHkHBo4dVwODz4zuwy3sFg8MFTcDhkH2NfZYGHf5+s2s1mMwPIZrPxcFySdrtdIteQlRtpSNKDnBoO\/joNkFPDIZub2vHxPOSrE+486SLhWK1WJoRA40yWNqVx8iT1ELmMl4dOMFQAI0dUPqMs3y\/7OxzW4XCYCK88HBek3W5Hi8WChsMhdbtd6vV6HzrLaV7k0Du3y3hXq1ViTgpFA4Qzh+7v+llPA0AR9i0WCw\/HuQ\/gFHDM53Pq9\/vU6XSo2+1Sv9\/\/0GuQnWMYylfAAUNELA\/D5v\/\/VHAgdIQXwXsm\/5ax+\/2+h+NccJy6ibRer2m329FwOKQgCKjdbpvwiucWWhcZcT9PVuVUruvO6zJO17Sva6rUBYc2NqI1+\/jkAOBAE7PX69FyuaS3tzdar3\/PoKHvcW6DPVSuJiLXxcIxGAwoCALqdDoJOHi5VRoQN1Y+rCendmX4w43btR4DRilH4\/kQ5CGeSZuX2u12tNvt6OXlJTMci8XCw3FpcED9fp+CIKBut5uAQ0Ih54vSZrRgKNripawJs\/b6fcI2l2d5e3tLVRY4ut0uzedzen19Na9D97zoyjUcX\/HjV6sVdTodCoLAjIn3+\/0PHmOxWBgwcEJeX1+NIf3999\/0999\/m\/9+fX01d2HcSeVMj8t4XXC5bh4vLy+pwnFC+HcccxY4Op0OTafThKd5eXk5+7X1cBzhxy8WC2q1WhQEgUnGe73eh9Il9xx4P6B4f39PCJD8888\/9M8\/\/9D\/\/vc\/I\/46152bgyYNOIv4+zRxGLTFXlngaLfbNJlMDEybzcaAcu7re9FwnHqqcrfb0Ww2oyiKKAgCMz2rwQHvwUMrxObcELnBuQw8KxyfBYR7Lk3yNfKcZoGj1WrRaDQy78WgpIej4HC8vLzQdDqlIAgoCAJTvu12u4nKlKzkcA+CY5Hhk\/wuaWhZ1jinGSsP7z4rCYv8exY4ms0mDYfDxDV7eXnZew12HnX1cEwmE2o0GiocvOKj7fjBjUwLUbS7uM34bHBovzVrQcLlOVzn1wXHYDCgZrNJg8HAw3Fs4zzmwdnujNLQcMdG0jgajajValGr1TJdcgwV8kZf2oIf211YM8R9fp8Lnn2U5TsBHl8mLJcK8wkBhKBoBuJ88RvHtahwcOBib7dbE6vj4m+3W3PnC4KAms1mYnyED\/nxyVS5xc0lwCFzDpwj7qnkBhMYocdGEXyZ8Gg0otlsdnaD9XCk6O3tLRHWLBYL6vV61Gq1qN1uU7vdpiAIqNFoUKvVSgwealOxlw6HTMo5LNruK6PRiLrdLrXbbTN+0+l0TCn83Abr4UjR+\/s7vb6+0nb7O5waDocURRE1Gg0Kw5DG4zF1Oh2K45g6nU5ivbfsjsNzyCbgIXC4dA44NA\/CFzjJDSY6nQ61Wi3qdDqJEOvaQqvCwYGcAxcXyTaWn65WKxNa8ZxD65BLMLbb7UXCwcHgeQY8BaCAdxgMBiZPwzlbLBZnN1YPRwZhlR+8BKoruCP2+32KooiiKDJ3wMFgYG0CHhOOYxr\/KRJy10pIrDfB+hLAdG1eo5BwYMZnsVjQaDSiOI6pWq1SGIbU7\/dpsVgYz9Fut802O8g95Ni6nK8qOhyat+BQ2MZW+PwWbh5I4HmD9NwG6+FIES9FTqdT6nQ6FIah6epuNhua\/LuRASDAbBXCBf43Doj0IpcAh1xL7\/pMVKpGo5GpAOJz397ezm6wuYbj1Afk+n6Mh2BnkeVyScPhkKrVKg2HQ3p9faVut0vNZtNcaDl0yJNQAIOqjLaj9zHzCNuoetZHEGjejY+7wEuMx2Pq9XrUbrcpjmMTZsKLyg3muFdFrrZcLk3xY73+3Uc6t8F6ODLAgeWly+WSRqORFQ4k5LZN3GQz0LXljsv49\/19Epysz\/fg3kDbPUWO5QMolLtRptU2uvZwFBgOjHaj4jQej6lWq6lwdDods+BJ8yByEVHajiEI19L2zt3HuLW1HK5HGNh2U5FrRvgoPg8F8X5eoeLycBQYju3290j6ZrMxO3hMJhOq1+s0GAzo5eXFVLAAR7vdNl7EtUtI2l0ds0i2B8jwzRJcGxpI6GC0LrhkGRo3DKxDwXnkQCD3QDl2vf6zdRFuGt5zXAgcSBSRTGMKV4ODd3jxv3ycBBsJbLfb1AU9WtjEx8ShfX6fBp9rsNDW1ENIpuUieC0fNMSQIc4P97AejoLCAYPY7XamFj+bzSgMQxoMBrTb7RK9DyTbMAQk6EhK5XY9roRcm+blr826hsO2PsPlOdIA0\/IX2QWX3XD5XBEPR8Hh2Gz+jKYjzo6iiPr9Pm23WzP+gGoUBud4zgED4d6l3W6nTuwihJEVIr6kNutIuc3AXe\/nYMptOrfbrdrc4zmR3BgCoR7PRTwcBYfj9fXVVJsWi0UCjna7beDgmysMh0Pn5gfcs\/CBRS3ptRlo1t+nhVVZ9r3iA4MAHTcBDGDCW06nU1qv1\/T6+krv7+8JQJF78BDLw5ECR96Fu\/Vul9z2E0a82WxMXZ\/X8GFErqlcGC36KDAchGfS+GQj0XX8MuzRqld8bQU8G4CPoojiOE4MBnKQXZ5HbvYgwy5ekZvP5wZovOfc19\/DkSKENBhA5LM\/MGxM6Xa7XbPjIZ+r0voA8uLbPFZa9xkgpQmJL4y91WpRs9mkOI4pjmMKw5CiKEqMv3Djd4VVLo\/rgoNX9+SwIbzItaiQcEgDhVEjD8CaDhheu91OfZAkNzaZZMvqj22XDx7upUmGVNKDyHUl8nu1\/IV\/v2trIBccmGZGz4Z\/39WPj+RdtlImjOnl5cXE3mgGYktQNNHgPbRNFlzNOw4OgHx7e0ts4ZMmWbGSSTqHDsYOI5Y7Kmohmet3uOBAyRu7Hspy8Lmvv4fDIX6RJCjj8ZjiODZLZBGajEYjM0aireuA4UtjlWMdrgJFljK07E2kdcxtOyZqksb\/Gc8xmUzMPNZoNEp4DJ9z5Fw81EEZFevI5\/M5VSoVenx8pFqtZmJ65ByAJC20ck3Auu6eLs+h7VwiwUmrEso+S9YtgSSUNjhGoxFFUUTVapWazaZZN35t4+qFhAPiiTlKsFEU0cPDA\/38+ZMqlUpiEpXDoZVotbuwLRSx5QRvb2\/OapHWqOPhEQ+ZZPWK93Vsx3ooHL1ej4IgoHK5TLVazTRTEWKd+7p7OFIkY\/XFYkHdbpfK5TLd3d1RuVymUqlE9XqdoiiiMAyp2+3SeDw2y2ltU7mY2bKFQFo1a9\/xD81r8M9wVaNs4ZEG8mfCqm63S1EUUa1Wo3K5TM\/Pz1Sr1cz0wbmvv4cjRbyXMJ1Oqd1uUxiG1Gg0qNFomJJos9k0lReMaHc6ncSwnzaEaHuWhdbB1o7PtZ2nfD3vq2S580sAZOhnA0H7HA4GmqUoMfPyMnorcRybQgTK6BiZeX19vbicpHBwoIozn\/9+elMcxxQEAYVhaJpjfJseuW6Bz1Xx0EorpWohUFoukjbrpHkhfveWE7s22RJxSBtR4d\/Np4P5NDA8KiZ0ZS8GwgpBXAc+UgNwLkWFg+Pt7Y2Wyz+bKAAMlGzhIfiQIR+s04YOufdI8xza3VgmzK6EHGVc3G1lryRLKOQaTMRnybxmPp+nPnNdzmTxuTOo1WrR5N\/9q3iJF993bvu4ajgwUxXHsdkPl3eU0RWXE7gAQltDwZX2YJvNZvOhQiSbhK7j59Dhc3jy7VIWLyTLwtr6kbSn4PJQC54E5xRLAbDgTMJ4bvu4ajgWiwV1Oh2q1+tmy0\/Ex81mM3GX07yHK2yxNQV5RSktYc5arbLd2V1yLaKSIzLS8GWPxdZM5AONfBktfxDpZDIxUwE+rMqB8Ky\/arVKURSZ3Q15aOUKrxBS8aleWW3abj8uEMLr5U7tMubPWsrV4HDBK5fmYu04QiV5bBJgLYyTgNg2fMOEAZqE2Ikd4eG5bePq4Wi1WlStVqlSqZgtP5F7uBJxvuECJmrlzofygTJyjMM1lmHboAGSg4gyAXaJ5wpan0Y2DuX6E5xHXiWTXouHVjxHgfiSAF7BuzRACgdHFEVULpepXC6b6hQeVKOFVDLv4BsJwHvwRyzDoDAzJRPqQ0u5Ls\/hSrh5WCaP8\/393fkUKDm2IsMpbXSei4\/k8DBts9lc3GBi4eDodrv0\/Pxs8oxGo2F6HSjn8v6GTMwlMHKchJdHtYRb3pX5xKzskGvP8tOmeTkoWRd72YTPtDUxtTxKW0\/CwdDKvf1+P7ErIr7n3PZx1XAMh0OqVCqmUYXHKQMK2QCEF7H1OiQc8rFoWllXA4SPkHCPIx+8ySd3ZTmX9w6OAYcGiG2ZrHx2CQcDUKA3hPOH3Vr4d57bPq4ajtlsZoYKm80mhWFons+BUiPAkDkI31Kfh1a8wqMthrJtpiCng3e7XSIE40DIJ8\/aRtizTvXapL2Oew4tbOKegcMhwQAcyNkWi0VqiFl0FQ6O5XJJtVotsXIOcPT7\/QQImrQ8hFd7pOeQYGiTsNx49wmrbBsupOnQJqG2fxb3FFoHncOBRzF3u93EMCIS83Pbx1XDsVqtqFKpmIfVhGFoyrlya0spvnmZBshwOFR3Qkwb17AN+9lGTLJ03dOUtp4DJWdtHYjc0VH7fTJJ1wDp9XqmEAI4UPU6t214OFYrenp6Mo8dCMPQJORa6VYaf1qPgJdJbd1k16KjtMFADYZ97\/yuJqHW+EvbbUUCrm3ZI5\/6FAQBxXFMi8XCDBwixDq3fVw9HKVSyazXQK+Dl3J5Ai4h0HIL2xad2t9dHWvNwxzT+LOMmMhGoAaurWKF98NjyO1Cu92umX5erVb09vZmPIfvc5xZ6\/WaSqUSVavVxBY1gIOPqGPnEZ5XuJad2u6wMmyxjXCkLXOV7z\/E+G1KgxPjHbwByDviXLZN7wBHs9mk9XpN7+\/vJhe6+D7HoaXELKXGQ7TZbKhSqZjZKmzmhmqVHDyUQsiEMq2sOsnwR2uW2UZHeDXIZvhaX2EfafNQHE6Z30gvob2X5xZ8yBAVPYRU6OTjYUHz+XzvhPzc9nPVcMiEWz4uQJurcoU6MiZPC5v4+Im2Vy4v4fIyLuTKT2xzXbJUq43ebzabD1PJslTL8zKej8GLeDgKDIctEceFlo9dto1uSwOzSSbc\/Fi1cq422sHfo3kufrdPG3yUoyg8d+AP7kmT7H3I3MPDUWA4tEqU7UlNWjKuQSKnXNMgkXmKjPnTRjf4bJUtbJI5DjdkDFLi37XHummTvjIPkoUJ+bgCD0eB4ZBgSKNPS8S1NRLcUNKScTmbpTUM09aJZPl+7Rl+fKCSz5LJpcByuFArOkhvw\/sbqAZ6OAoMh21uiucYth5D2tyRvEvzcISPV6RJew+P87M0MrUcSvZqADKfD0POYgObeyJ5bNjM2sNRYDi44dg2cEvLJ7RkPKuHmU6nH0bjefWH92D4v\/G1HGkrGfGcEdms5F5RG4Pnxyn\/2zZ9y+HwnuNC4NB2GOEGJL1I2jiItoGCbSbKVgKWRpglbOIhnFYyTstJePNSawa6SrkSDq3fcTVwnBqGU8BVqVSoVqtRvV43jxqI49gswtlnsFAan6tUq3kZ29yVlnC7+hiuZbLHfL8Gpwz74AUBBhaXNZtNA8dmsznKWpS8ycNxIjhs1SgPR3Hk4TgBHGnjKB6O4sjDcWQ4XB7DZbxyxknK9X4Ph4cj93DYvIWHozjycBwZjrQwKovxu\/okh8Lj4fBw5AIOlyF6OPItD8cXwLFP2OThyI8KCUcYhvT8\/Gw2ksZqQOyVqzUDAQo3IhgJb5Jp80a2bvlnknCXcR+qffIPDUg5NiJ3ZGw2m2axE28CrlarL2kiezg8HB6OHMjD4eHwcHg4igHHqXMOD4eHw8Ph4fBwXBocrmWsHg4Ph4fDw3F2eTg8HB4OGxyuvVnzqGazSU9PT2bXQyjtuRyQbQWd1tWWkNhAcE3I2oxXM04XHIfCw6V9p\/bUKSyRxc722PFwNpuZR7ktl+5nqBdNHo4zwaEZqYcjX\/JwnAEOGxgejnzJw\/HFcJzKY3g4PBwXA8cpwPBweDgKDYdrHysPR37k4TgjHBIMD0e+5OHIARxys2sPRz50k7aDeB613W6p3W4bOPDoszAM1Ucsp+0YCCPhDUEOiwbDqeFwyQWHazbL9f38XPENqAFGFEVUr9ep2WzSbPb7UcvL5e+H4KzX7se6FUmFhKPVauUeDltX3MNRHBUajnK5nEs40sZFPBzFUeHg2Gw21Gq1qFQqUblcpiAIjOI4PjscWTyGh6MYKiQczWYz93C4wPBw5F+FhePx8TExmZsXOFxhlIejOCocHCjlcjggXs7NAxyaIXo4iqNCwhHHcaHgsBmvhyPfutGeZJRnrddrk5A\/Pj5SrVajIAhMxarVaplGYKfTURuBcqM3DRQAAKPHoicbNDIZz7KY6BRywcOF98jGn635lwWOc9vHMXXxcOBRaJ+Bg3uF+XxujEBbOZi1UuXhKI4uDg4+QqItmXXBMZn8edxYVjj2KeF6OIqji4XDlnd8Bo7pdGqA4H+Trzl2w8\/D4eE4OhzSe7g2l5ZwAAbuERBqyaFEnsi7wPBwFEsXBwfvdaSFVjY4xuPxh+qVBods\/NnCqK8Ew8Ph4XDCAUAkHL1e71Nw8FCL\/02+5txgeDg8HJnhkHlHVjgAA+9bHALHV4Hh4cg5HDJZlXJtiub6\/MViQXEc0\/39Pf369YvK5bIZIdFyDq0RyDd7g0HBoGXuocFwyHoNWVI+tvYBSQIBKLTmH246cRybTd0AB8LN1WrlvL5FUuHgWC6X1Gw26eHhge7v76lSqaTCwRuBn4XD5i3S4LCFVB6O4qhwcKxWK2q1WvT4+EgPDw9UrVatw4daQr4PHDZAXOs10nKNosMRRdH1wHHsD3TBcSg8gAM5B4cDa5vhPbSE3AWHy4Pk1WN8JRzIOabTKa3Xa1PSznJzLJIKBwfCqlKpRKVSySTkGD6UCTnyDq0ZmAaHC5A85RlfCUcYhlSv1ymO4wQc0+n08uD46i+0JbeyuWbTdDqlKIro4eHBeA4ORxRFmUIrGxwSFBk2aWEUf29aGKXNeBUdjtVqZULN5XLpvL5FUuHgGI1G1Gg06NevXybnkHAAEAkHhhBdcGQFZB+PIcdXigxHrVajOI5pMpkk4EDucSkqHByDwYBqtRr9\/PmT7u\/vTc6hwSHzjn3gSEvS980zZCHgEuCIoigBx2QyuTw4jv2Bp4aj1+tRuVym79+\/069fv6hSqVC9XjdJ+anh2Ge9hmZ8LrmM\/9D3Zzk+Gxw4t7ghjUYjWi6XNJ1OaTweZ7q+RVLh4BgMBlStVunnz58mrPosHDCWz8BhC6+KAoftM7P0OWq1GoVhSOPxOAGH9xwnhsOl0WhEYRjS4+MjlUqlRFi1Dxzce3AYssBhA6MocKR9HsCQcHBA0OeYTCYGjosMq2w1\/M\/K9YXH+I5Wq0WVSoWen59NQo6k3AWHHF\/noZXUsRLyfeA4VPvkJzaPATDa7faH2SqEV51OxyThuC6oJl6KCglHr9ejRqNB5XLZwBGG4d5waN4jKxxZpm\/zDIcGRlY4ms0m9Xo9mkwmBojJv8OZ5zboo8LhquPvK9cXHuM7+v0+hWFI5XLZ7JcbRVGmsCrNe0hINDj2GUv\/DBzcUDUdOyyTYHQ6HSMOBxRFEbVaLRoMBh\/OybFt6dzKHRxap1pqMBhQFEVULpfNfrlxHGeGw7b4aV84XOs18g6HzWNwMCQgQRBQu92m4XD44RyMRvs9AiHvKhwcw+HvvZWiKKLn52d6fn4207ifgSMt98gKxz59hDzCwc+LC45Go2Hg0H77uQ36mDp6znEoHPx1MEB+YXER2+02NRoNenp6olKpRJVK5QMcWof81HBohugyeO0ObtOxchIclwyf5HG02+1EIo4FZBJYeBKtdySv6yH6irA9t3BwI4ThcSPjd7YgCKhcLptndfB1Ha4ZqyxhlS1Bzzp9ewo4XO93eQ7b5+BYpecAGHwDCz7Mic8aDAaJcyFXWXo4jgAHh4Lf4XAhYOjtdtt0a5GYoxnIIeGA8Dtj1nKuDBv2Wa+RRzhcYRrOE\/cWYRiacjm2XMXNBsJ3y+IG97yFg+OYH5ZFWXIKDQzczbixoyFVrVapUql8aAhqHsTV63B5hn3Wa5wCjmPBw8+tzCtsYPAbDq9gwZNIT6yFplkKLmk61L72US7hsIGBUiJfeBMEAdXrdapWq4mFTxoYgCMttLKFTmkexZX85gkOmU\/I8RD+3\/ypWRD3Hngtz0O0MLWwcBzzw7IozeBk8m2DA8LFajQaVK\/XqVarOcMqHg7YmoJaqCU9my2MyntYhWYeX2vPxcHAueU3Gxccad4jy\/V36VD72ke5gyPNcyDPkK5eAsIHEW0eBJ8nIZHddAmKK784Nxyu99ugwPkAGPJ84lxKOPjWq\/Imo91cPBwHwsEBkXDwi8e9BABBeMUhASC4qJon0YxH3g2z9DHOXcqVnkGKf4dtvUaj0aBarZbI5TggMudIgyMtl8s9HMf8sGPIFlYBEH6hZd5Rq9WoVquZocTn52cql8tmnTkfu9b2tUKpk38fDzdkOKLti2VrCGaVK6zkNwXtBmFrfvKCBveiMozC1AHOXaVSSWycp5XIuUc7t\/1cNBy2ahW\/06XFxyjtPj09mbH25+dnc5F5k1Be5Ha7\/aHhyA2Texw5xo3PrdfrB4nv3siNkR+vKzSSZVber+DHj212arWaAQIbV5RKJfM4a+Rytr2I+c3h3PZz0XBIQDgkyAm4+IUOw9DAUSqVzK6I9\/f3iQ0ZZBwty8PaVqKyTyDBwXHI49tXEgoZAmo5kxYWSu+KGwh+YxAEVK1W6enpiR4eHujXr1\/08+fPxPnCE3vhOdAhT9ug+9y2c1Q4Dg0Djq00SLQmlixJoqz7\/PxMj4+P5qLLC4+uer1eTzS2ZKVLQmKb8IWRHAoH\/2xtzkl6PulN+L9zcc+mnZ8fP34kzpEEQ54LCca57eYUKgQcXNqgHr+L4y5Zr9cT4dXDwwM9PDzQ3d0d\/fjxw+xegtABHkWWimVlTBqlvJO7EmKXXGGbS1rzDnlJvV4326hKT4EQlIehWB+jbcitJd6XphtXXfyr5TpgrSKk5SUIHXCnrFQqVKlU6P7+3ojfNe\/u7uju7i4Ra8sqjbxja8Yp84B9JZtuNuO3AcBzB\/zGHz9+GGkeFB4CeQ9\/Mq9MuDkYWl\/o3PZzTOUODhcwtpIpAOGeBJBwQwIoPKy4u7ujb9++0V9\/\/UX\/\/e9\/6fb21uxugolf3mDUqkQQKmaflctz8RIrPGOpVDKe8fv37+a33N7e0u3tLf3111\/0\/ft3+v79Oz09PSUKFLLUrVXypPYdky+qCgGHBMEGBy6cljAjTIHRobIFSHCX\/fbtmzEuCEZ2e3tr7rxIWLGOHXdebeRiH\/EKHK++PT8\/09PTU8LjAerb21v6v\/\/7P\/rPf\/5jjvnbt290d3dH9\/f3ifwKnlA28nB+bDvTa2M3lw7JzaHrA\/ImV5ONA8P7JPAET09P5m78+Pho8hUeislwDHflb9++fQhhABNCGZcQ3qVJfjZCJIRJskfBPZxcxCR17uuXJ10dHLIppnWItZEUhDMQwho0GwEVgOL9AuQxWSTfJwXDh\/FzrwWvkDY246qWnfv65UlXB4f2WjmioW0woPUPeD4DqLTG3j45h60Drm13aquYaf0Pno8dMp5yTbrZZ+7nEsR\/vBZnah5GW1NtGy1JK8PyZxbatE9lS+uGH2Ok3eu3rg4OSN4lAIfmQTTZQJGv0RLeY0k7Lvk7PRyf182+i2nyLtcPdr3mWMdhA8r1PhcQrt\/+mVDzFL\/\/EnR1cBxqDJ\/5vH2+z5UwH3o3PPf1KZKuDg7tbsrf7wpbXPG9nD3i3zkYDA42ftt38kFMV2LulU17w3HoYDRQGZwAAACvSURBVJ2XV1Hk4fDyssjD4eVl0c2+bzhmKdLLK8\/ycHh5WXSz7xsOXa\/g5VUUeTi8vCzycHh5WXRz7A88dA111jXWRdWhv+\/U59frjzwcHg4vD0c+5OEojm6O\/YGu9QqH6twn7NTn59zn1+uPPBweDi8bHMf+wKybj31W5z5hpz4\/5z6\/Xn\/k4fBweHk48iEPR3F0c+4D8MqXXJvOnfrzT\/39+xyfh8MrIQ\/Hn+\/6f1kcElDG4QIZAAAAAElFTkSuQmCC\" alt=\"Pude\u0142ko apteczne Typ 11 75ml\" width=\"199\" height=\"185\" \/><\/a>Pude\u0142ko apteczne Typ 11 75ml<\/h6>\n<p>\u00a0<\/p>\n<p>\u00a0<\/p>\n<p>\u00a0<\/p>\n<p><!-- \/wp:paragraph --><\/p><\/div>\n\t\t\t\t<\/div>\n\t\t\t\t<\/div>\n\t\t\t\t\t\t<\/div>\n\t\t\t<\/div>\n\t\t<\/div>\n\t\t\t\t\t\t<\/div>\n\t\t\t<\/div>\n\t\t<\/section>\n\t\t\t\t<section class=\"elementor-element elementor-element-a4f16ef elementor-section-boxed elementor-section-height-default elementor-section-height-default elementor-section elementor-top-section\" data-id=\"a4f16ef\" data-element_type=\"section\">\n\t\t\t\t\t\t<div class=\"elementor-container elementor-column-gap-default\">\n\t\t\t\t<div class=\"elementor-row\">\n\t\t\t\t<div class=\"elementor-element elementor-element-d7f2cec elementor-column elementor-col-100 elementor-top-column\" data-id=\"d7f2cec\" data-element_type=\"column\">\n\t\t\t<div class=\"elementor-column-wrap  elementor-element-populated\">\n\t\t\t\t\t<div class=\"elementor-widget-wrap\">\n\t\t\t\t<div class=\"elementor-element elementor-element-ac8bb11 elementor-widget elementor-widget-text-editor\" data-id=\"ac8bb11\" data-element_type=\"widget\" data-widget_type=\"text-editor.default\">\n\t\t\t\t<div class=\"elementor-widget-container\">\n\t\t\t\t\t<div class=\"elementor-text-editor elementor-clearfix\"><table>\n<tbody>\n<tr>\n<th colspan=\"2\">Sp\u00f3d<\/th>\n<\/tr>\n<tr>\n<td>Materia\u0142:<\/td>\n<td>PE<\/td>\n<\/tr>\n<tr>\n<td>\u015arednica:<\/td>\n<td>52.90 mm<\/td>\n<\/tr>\n<tr>\n<td>Wysoko\u015b\u0107:<\/td>\n<td>64.00 mm<\/td>\n<\/tr>\n<tr>\n<td>Waga:<\/td>\n<td>11.20 g<\/td>\n<\/tr>\n<tr>\n<th colspan=\"2\">Nakr\u0119tka<\/th>\n<\/tr>\n<tr>\n<td>Materia\u0142:<\/td>\n<td>PE<\/td>\n<\/tr>\n<tr>\n<td>\u015arednica:<\/td>\n<td>42.60 mm<\/td>\n<\/tr>\n<tr>\n<td>Wysoko\u015b\u0107:<\/td>\n<td>18.20 mm<\/td>\n<\/tr>\n<tr>\n<td>Waga:<\/td>\n<td>5.90 g<\/td>\n<\/tr>\n<tr>\n<th colspan=\"2\">Komplet<\/th>\n<\/tr>\n<tr>\n<td>Pojemno\u015b\u0107:<\/td>\n<td>75 ml<\/td>\n<\/tr>\n<tr>\n<td>Pojemno\u015b\u0107 ca\u0142kowita<\/td>\n<td>100 ml<\/td>\n<\/tr>\n<tr>\n<td>Materia\u0142:<\/td>\n<td>PE\/PE<\/td>\n<\/tr>\n<tr>\n<td>Wysoko\u015b\u0107:<\/td>\n<td>66.20 mm<\/td>\n<\/tr>\n<tr>\n<td>\u015arednica:<\/td>\n<td>52.90 mm<\/td>\n<\/tr>\n<tr>\n<td>Waga:<\/td>\n<td>17.10 g<\/td>\n<\/tr>\n<\/tbody>\n<\/table>\n<div class=\"col-xs-12 col-sm-12 col-md-9 col-md-pull-3\">\n<div id=\"_detail_spec_table\">\n<p>Opakowanie mo\u017ce by\u0107 u\u017cywane do produkt\u00f3w spo\u017cywczych.<\/p>\n<h2>Pakowanie:<\/h2>\n<table id=\"_technic_table\">\n<thead>\n<tr>\n<th>Nazwa<\/th>\n<th>Pakowanie <small>szt.<\/small><\/th>\n<th>Wymiar kartonu <small>[mm]<\/small><\/th>\n<th>Masa kartonu<sup>*<\/sup>\u00a0<small>[kg]<\/small><\/th>\n<th>Ilo\u015b\u0107 karton\u00f3w na palecie <small>szt.<\/small><\/th>\n<th>Ilo\u015b\u0107 sztuk na palecie <small>szt.<\/small><\/th>\n<th>Pakowanie zgrzewka <small>szt.<\/small><\/th>\n<th>Ilo\u015b\u0107 na palecie <small>szt.<\/small><\/th>\n<\/tr>\n<\/thead>\n<tbody>\n<tr>\n<td>Sp\u00f3d<\/td>\n<td>400<\/td>\n<td>580x380x360<\/td>\n<td>5.4<\/td>\n<td>20<\/td>\n<td>8000<\/td>\n<td>0<\/td>\n<td>0<\/td>\n<\/tr>\n<tr>\n<td>Nakr\u0119tka<\/td>\n<td>1800<\/td>\n<td>580x380x360<\/td>\n<td>11.5<\/td>\n<td>20<\/td>\n<td>36000<\/td>\n<td>\u00a0<\/td>\n<td>\u00a0<\/td>\n<\/tr>\n<\/tbody>\n<\/table>\n<p><small>*Podane warto\u015bci maj\u0105 charakter orientacyjny i nie mog\u0105 by\u0107 podstaw\u0105 do roszcze\u0144<\/small><\/p>\n<h2>Mo\u017cliwo\u015bci zadruku:<\/h2>\n<div class=\"hidden-lg\">\n<div class=\"_flex_table pl\">\n<div>\n<table>\n<thead>\n<tr>\n<th rowspan=\"2\">Nazwa detalu<\/th>\n<th colspan=\"3\">Pole zadruku &#8211; SITODRUK<\/th>\n<\/tr>\n<tr>\n<th>dno <small>[mm]<\/small><\/th>\n<th>obw\u00f3d <small>[mm]<\/small><\/th>\n<th>g\u00f3ra <small>[mm]<\/small><\/th>\n<\/tr>\n<\/thead>\n<tbody>\n<tr>\n<td>Sp\u00f3d<\/td>\n<td>x<\/td>\n<td>**<\/td>\n<td>x<\/td>\n<\/tr>\n<\/tbody>\n<\/table>\n<\/div>\n<div>\n<table>\n<thead>\n<tr>\n<th class=\"hidden-lg\" rowspan=\"2\">Nazwa detalu<\/th>\n<th colspan=\"3\">Pole zadruku &#8211; TAMPODRUK<\/th>\n<\/tr>\n<tr>\n<th>dno <small>[mm]<\/small><\/th>\n<th>obw\u00f3d <small>[mm]<\/small><\/th>\n<th>g\u00f3ra <small>[mm]<\/small><\/th>\n<\/tr>\n<\/thead>\n<tbody>\n<tr>\n<td class=\"hidden-lg\">Sp\u00f3d<\/td>\n<td>x<\/td>\n<td>x<\/td>\n<td>x<\/td>\n<\/tr>\n<\/tbody>\n<\/table>\n<\/div>\n<div>\n<table>\n<thead>\n<tr>\n<th class=\"hidden-lg\" rowspan=\"2\">Nazwa detalu<\/th>\n<th colspan=\"2\">Mo\u017cliwo\u015b\u0107 zastosowania HS <small>(wtop)<\/small><\/th>\n<\/tr>\n<tr>\n<th>na obwodzie<\/th>\n<th>na g\u00f3rze<\/th>\n<\/tr>\n<\/thead>\n<tbody>\n<tr>\n<td class=\"hidden-lg\">Sp\u00f3d<\/td>\n<td>x<\/td>\n<td>x<\/td>\n<\/tr>\n<\/tbody>\n<\/table>\n<\/div>\n<div>\n<table>\n<thead>\n<tr>\n<th class=\"hidden-lg\" rowspan=\"2\">Nazwa detalu<\/th>\n<th colspan=\"3\">Pole zadruku &#8211; ETYKIETA<\/th>\n<\/tr>\n<tr>\n<th>dno <small>[mm]<\/small><\/th>\n<th>obw\u00f3d <small>[mm]<\/small><\/th>\n<th>g\u00f3ra <small>[mm]<\/small><\/th>\n<\/tr>\n<\/thead>\n<tbody>\n<tr>\n<td class=\"hidden-lg\">Sp\u00f3d<\/td>\n<td>***<\/td>\n<td>***<\/td>\n<td>x<\/td>\n<\/tr>\n<\/tbody>\n<\/table>\n<\/div>\n<\/div>\n<\/div>\n<p><small>**Do ustalenia po otrzymaniu projektu<\/small><\/p>\n<p><small>x Brak mo\u017cliwo\u015bci zadruku<\/small><\/p>\n<p><small>Podane wymiary zadruku (mm) (wysoko\u015b\u0107 x d\u0142ugo\u015b\u0107)<\/small><\/p>\n<p><small>***Mo\u017cliwo\u015bci etykietowania okre\u015blone przez odbiorc\u0119<\/small><\/p>\n<\/div>\n<\/div><\/div>\n\t\t\t\t<\/div>\n\t\t\t\t<\/div>\n\t\t\t\t\t\t<\/div>\n\t\t\t<\/div>\n\t\t<\/div>\n\t\t\t\t\t\t<\/div>\n\t\t\t<\/div>\n\t\t<\/section>\n\t\t\t\t\t\t<\/div>\n\t\t\t<\/div>\n\t\t<\/div>\n\t\t","protected":false},"excerpt":{"rendered":"<p>Pude\u0142ko apteczne Typ 11 75ml \u00a0 \u00a0 \u00a0 Sp\u00f3d Materia\u0142: PE \u015arednica: 52.90 mm Wysoko\u015b\u0107: 64.00 mm Waga: 11.20 g Nakr\u0119tka Materia\u0142: PE \u015arednica: 42.60 mm Wysoko\u015b\u0107: 18.20 mm Waga: 5.90 g Komplet Pojemno\u015b\u0107: 75 ml Pojemno\u015b\u0107 ca\u0142kowita 100 ml Materia\u0142: PE\/PE Wysoko\u015b\u0107: 66.20 mm \u015arednica: 52.90 mm Waga: 17.10 g Opakowanie mo\u017ce by\u0107 u\u017cywane [&hellip;]<\/p>\n","protected":false},"author":1,"featured_media":0,"parent":446,"menu_order":13,"comment_status":"closed","ping_status":"closed","template":"","meta":[],"_links":{"self":[{"href":"https:\/\/pepsyna.com\/index.php\/wp-json\/wp\/v2\/pages\/1100"}],"collection":[{"href":"https:\/\/pepsyna.com\/index.php\/wp-json\/wp\/v2\/pages"}],"about":[{"href":"https:\/\/pepsyna.com\/index.php\/wp-json\/wp\/v2\/types\/page"}],"author":[{"embeddable":true,"href":"https:\/\/pepsyna.com\/index.php\/wp-json\/wp\/v2\/users\/1"}],"replies":[{"embeddable":true,"href":"https:\/\/pepsyna.com\/index.php\/wp-json\/wp\/v2\/comments?post=1100"}],"version-history":[{"count":2,"href":"https:\/\/pepsyna.com\/index.php\/wp-json\/wp\/v2\/pages\/1100\/revisions"}],"predecessor-version":[{"id":1247,"href":"https:\/\/pepsyna.com\/index.php\/wp-json\/wp\/v2\/pages\/1100\/revisions\/1247"}],"up":[{"embeddable":true,"href":"https:\/\/pepsyna.com\/index.php\/wp-json\/wp\/v2\/pages\/446"}],"wp:attachment":[{"href":"https:\/\/pepsyna.com\/index.php\/wp-json\/wp\/v2\/media?parent=1100"}],"curies":[{"name":"wp","href":"https:\/\/api.w.org\/{rel}","templated":true}]}}