{"id":1098,"date":"2019-12-18T15:55:36","date_gmt":"2019-12-18T15:55:36","guid":{"rendered":"http:\/\/pepsyna.com\/?page_id=1098"},"modified":"2020-01-02T12:31:22","modified_gmt":"2020-01-02T12:31:22","slug":"pudelko-apteczne-typ-10-75ml","status":"publish","type":"page","link":"https:\/\/pepsyna.com\/index.php\/pojemniki-plastikowe\/pudelka-apteczne\/pudelko-apteczne-typ-10-75ml\/","title":{"rendered":"Pude\u0142ko apteczne Typ 10 75ml"},"content":{"rendered":"\t\t<div data-elementor-type=\"wp-page\" data-elementor-id=\"1098\" class=\"elementor elementor-1098\" data-elementor-settings=\"[]\">\n\t\t\t<div class=\"elementor-inner\">\n\t\t\t\t<div class=\"elementor-section-wrap\">\n\t\t\t\t\t\t\t<section class=\"elementor-element elementor-element-31ed1532 elementor-section-boxed elementor-section-height-default elementor-section-height-default elementor-section elementor-top-section\" data-id=\"31ed1532\" data-element_type=\"section\">\n\t\t\t\t\t\t<div class=\"elementor-container elementor-column-gap-default\">\n\t\t\t\t<div class=\"elementor-row\">\n\t\t\t\t<div class=\"elementor-element elementor-element-407f0a11 elementor-column elementor-col-100 elementor-top-column\" data-id=\"407f0a11\" data-element_type=\"column\">\n\t\t\t<div class=\"elementor-column-wrap  elementor-element-populated\">\n\t\t\t\t\t<div class=\"elementor-widget-wrap\">\n\t\t\t\t<div class=\"elementor-element elementor-element-5e43cc49 elementor-widget elementor-widget-text-editor\" data-id=\"5e43cc49\" data-element_type=\"widget\" data-widget_type=\"text-editor.default\">\n\t\t\t\t<div class=\"elementor-widget-container\">\n\t\t\t\t\t<div class=\"elementor-text-editor elementor-clearfix\"><p><!-- wp:paragraph --><\/p>\n<p><a href=\"blob:http:\/\/pepsyna.com\/9a4ec353-77db-40c7-96fc-b2b42ba739e7\"><img loading=\"lazy\" class=\"aligncenter\" title=\"Pude\u0142ko apteczne Typ 10 75ml\" src=\"data:image\/png;base64,iVBORw0KGgoAAAANSUhEUgAAAMEAAADFCAYAAADt05aKAAAgAElEQVR4nO2de1caydbG8\/2\/03nXTCaJmnhBIxcRBEFABEQTzzjX1PtHzlM+PO7qApoG1Dpr7XUyCm131f7tW+2qftdoNFySJG9Z3m36BpIk2bQkCAxpNpuZ8tLvL\/b9TV9\/3ZIgSBAkCDY9odsoCYI3BsGmb2Ab5eLiIlNe+v3Fvr\/p669bEgQJggTBpm9gG6XVamXKS7+\/2Pc3ff11S4JgiUl86feXV2kSBG9A8irBtt9fXqV5dRBs+gaSJFFpt9uZsuq\/lyBIsnWSIEjy5mXtEMT+YJIkr13ebfoGkiTZtLy7vLx0SZJsk8SUdtV\/L0GQZOskQZDkzctWQLDum1hUuIKAn3U6HS\/bNsiL\/v2897fp7780efEQhEDIkrxKmLckl3fFNe\/95x2fTc9\/gkDuj3++KghiSpi3CzTWj58XsrwQbHp+1w7BMoMwr7ItK3n\/fkwJYpY4rxLnlaJ7i4pWqqL1Y9XyIiHodrvPhL8fU5Kid3Ztut8+ryd5cxDEFMoS6zurlHkHWX8OSx9T4vPz80zZtKWOSdEQ5Q2Hi9aPVcuLhECVYdWhStGWPC8ERUOS11NsWqnfBARq0ev1uqvX6+7s7MydnZ1t\/fbJvJY4LwR5v\/\/qIChCya+urtzV1VUULOs7V1dXppVnxd+0JS9aivYURQuHrZjbXq\/ner2e6\/f7M3NtSd4YP3b9jUGQ9XvE91q9WbYqkyDYrHDuwCAAhjcBgWXdWTAQCH1a\/7P8MWWGkiQItl+shcx5dWTtEBQZa2XdBKw\/A4D4nkMeVdxWK75YtWklfgtKviwMISCylHRVerdWCGI5ASuEFe4kCF6PhEqsGnVsFIJ5PpQHAo73W\/+z+prchsKdZZU7NjGbhqDo3qRNyyLrDCEQipS1QGDF\/M1m01yMylLwUGKcINhuscqmWR7hVUPQ6fzs4wEAZ2dnrlarRcMZVlQrVEoQbLfMs9hpJc0bgwD1W5ZlYv6rq6da8NXVlbu8vDSt\/\/n5uRniLDLIm1biee4P\/8Zk8zgNBgPX7\/f9WHOBoNlsLtUe\/ZIEY9PpdFyv13OdTscbPxhP1SnWrVVLLggAAv83HqrVas2s5oZKmK8RAig\/Jvn6+tqNRiM3mUzc7e2tu729dePx2N3c3Ljr62s\/ZlCQTSvpukC4vLz0OoRxQx75oiCwpNVquUaj4cOfs7OzNwUBnktBuLm5caPRyA0GAzcYDGY8QbvdfjOeAEYSSt\/r9WbCpK2AYN4v6+cBCQCoVquuUql4CLLKmYtAsO0SgyhW9dq0khYtsPwXFxeu2+26fr\/vf9ZsNqMQWDqbR5aGwPoOar\/1et3VajVXLpdnILCU4DVCECoNI8HnZ4ZicO1800q6LgharZbPkbrdrru4+Fke3woIYoIb6ff7PsEDBO1220NQqVSeQQDa80Cw6Ulc5v4sSHhPBH9m089XtCAcury89DqEQso8EOA7q5LcEKDSgYpQu9325dBqteqq1apvb34rEOjz6T2r4qt33PTzrUu63a7PjVqtlg+ZXzwEeJh6ve4hqNfrbwoCVnRry6H1LLGFpdckeO5er+eGw6Hr9Xq+nH5xcbF+CJb5EmK4wWDgrq+vZ2rftVrNl0Wx0QU\/u7i48G5PW6MVCI6h9TPbDsmmJe8eYQtIHV\/8W\/MbAK+ejr\/b7\/fd9fW1Lw+3220\/t5eXl24wGPjQGkqPXHTVABQKAe\/6Ojs782sFFxcXPn+4uLiYWUzDYOnnVbETBJuFQH+vRgveDhHB+fm5a7efLD+sf7v9FDo3m013dXXlbm5uXL\/ffx0QcEmUF83Oz88zqycaS0MwwOfn5wmCgiHQ6+n4slfWz7Enx78vLy89AKPRyF1dXbl2+6mAcn5+7jqdjru+vnbj8dj1+31\/H1D8okKhQiHAMjgUGMRDYDFwTXiGer0+M4gcOgGmvItZm1bSlyBZ42etbagB63Q6bjAYuNFo5MbjsRsOhz5v5PAWnxsOh24wGHiLDwh6vZ5Pnl8kBGxZWJErlYpvpOO+GngHVnh4D1RNLi8vEwQFS2wMEaqgro9wFgD0ek+tImgPubq6chcXF+7s7Mx7kG6364bDoW8j6ff7\/ue4F1wLIdGLhICVG4LBQ9KsMSOvOeCzq9w+uWklK1piRiAmMaOCVhgYJ9T7b25u3Hg89pa\/1+v5+eZ5GQ6HPjEeDofu5ubGe4Je76n3rN3+mUQPh0MfEr1YCLikis9rYozKANPO5dd2u+0TrQRBsRDEStgIZ1n5uTkQYU27PVv1gUJPJhM3mUw8LFBw6BP3EeE7AKQIEAqBAIME14YHhKXQFWcso\/PaQqPR8NUCHrDBYJAg2DAE4\/HYTadTd39\/7759++YVH3PI4ww9GY1G\/juY0+l06iaTiS+VwgDCe6wNAnQ0LiLD4dA3PoF6PEilUvHWut1+6ggECCiRwQ1a7cQIgbgNmy3JeDx2o9HIjUYjb0ngQpvNpi+xaulVlYSTukXCrZgS5VViVT78HOFkrBM3a\/2FhWN6hKYIT+HJe72eu7m5cdPp1H379s09PDy429tbd3NzMxPuQGlR50fX7Hg89l5iOp266XTqQ6bRaOTnH0YUc8n5BeaYgVilrA0CeAs8MLcWQ5l5IFAh4MoDFIJDKx1oTBCSKa46oZ\/JWnxjJeN\/6xZAdMlmSd6zTllJtTqG\/CnL8muhAZ+Bsmo8z+XLyWTi7u\/v3d3dnU9YOWThjmEeHySwsPKq+JgbeHVAgPxAIcC84LqLVIe2AgIOhxgCKC6+xwrMcaIOPqoFrBiwPJgAeAi4WQz8ZDLxFgceiN0+PA4sYbVajSpx3jp8bL+GLkQpEFw1s07mYE\/IY4XrckKKCg4rLVtoGCQGis\/34Tj\/7u7Offv2bUYYKAUAc8IQwLtwToD7wPi8KAha\/yun8YDhc7iO7rhSwcDxoMHKIXTSWJ\/\/1mg0cre3t+7+\/t59\/\/7dPTw8zEwOIGFPFGuFjkGS1xPweoqew6ReDMqtBQgdX47h+dlvbm78HOKZLSOD63EFCNDc39\/7a3\/79s19\/\/7dff\/+\/RkEHMYqBFBgNNNBdwBZqEK0teEQ3G2r1ZoJJzCY+B4sEgaFrQQG+e7uzg8yC2JLtla80KLCDWyck7D3uLu7eybwKiyxBsOYpY+doMaTizHiHArCY8YhCO6djQgrXOyeLE\/BoQ0rOgTKjs\/oGFoGTfMBjB+8AHQM88TeSceIx2krIEBylQWBgsCDHhp8ngRYGQw+A6J5BhSTLV2o1RkxMltTzTssWFg0JFCJfZ+fS0M7Du+4vs5KpPsVNHfQkrU+n2V0WKz7VGVX787hblYohNIq52GDwcB\/D3pmgbCVEKi75iVwBUEtGwvnDBhUWBuEOQh1Hh4eZiyUxqfwIpwvqCJp16Mmx7Fdd7Hxi8W0MSXW1mLe2sqlaw2HMF5qNDSMYYOjCn9\/f\/9MwfWz84S1CoE+C\/4fQMDa87PyLsc8odHaIODY0opd2eqz5dBKAywOJkYTMPYU6i3mFb4Wx7I8cVmyzB4NFss7soFQTwnvA0MQCu2sEM9Scium5wqPFSbyfIRCIQZA8wGGALrR7Xa9t4bSayXP2nuwMATLLjCwRcOEXV5eBsMhDol40cNyZ5YXCCXOVgw6b7gRklg4E4Msdv28f3+RZy1CrDyJhefMCoHY86ri9\/t9771Go5GvFkF3eC87QltUwdCLpLmClmALgQB\/qNVqudPT00IgCIFgWbUEwfZDwB5A9QGry9Pp1O8vwGdRFYQn4PUPRBtW0syh6Eog4AtysttsNt3JyckzCEJuax4IigBh2yGYNzF9qRBoQm\/lh3d3P0M8XrcYDAYzEPDpHBwm6fUKh4A3PZyfn7tSqeT3FaNxiheJ5oFAY2AFwQIiNjGLgJIXgk0rYdESCk21EhSCwGqX0GT+7u7Off\/+3d3dPSXaKIlDZ9gz8Io565aGRCvLCRaBQJOYRSAoCoQEwXZDgF6l+\/t7fw14WMzfeDx2g8FgJiSKQRCCoZBwCP1DvIqr6wVZEHBFZJGy6bwSm+S8EGxaCYsWyxiFDNSy4RCqUAwBxvv79+9uMpm4fr\/vuwZ4rUerj4VAEEuMsWqsZ+gsAkGRIGw7BJtW8qIhiCXG19fX7vb21ucEmLPb21uvC8gPOBdAWGRBwH93LSVShkBXYxeBwKqRh0BIELwsCLJKpIPBwE2nU79WgTFB+zafcYUeIzQe4jSTEATWivJSi2UaDsGFdbtdvzEG4RCXsLBzLC8E8wx+DALrZ4g788bsq1KioiSvkZh3fAGAtTqsjXC8WGatAmO9oNls+tYQ1i1ucowtZqosDQG7MygwICiXyzOeIKs6ZNFqQWA1iyUIthOCLA\/ADXAKAdohoDfaRQoY8P\/8LgPuKl4rBHxT2CDfaDRctVqdWSvg1b7Qghl3AlrdkgxCgmC7IeBuYO0V0nCEvQBWgXUPM+sEw8Q6MxgMfK\/RWiDgZBhKPBwOZ5rPsFkFDwM3xy9bDq3uzesRYnlCSBIExeYEqvwqWqVhq95ut\/2GLPSk6ee1OXAymfhjXdYKgbo2\/Bt7TDudzsyL9vj4FX3HgeUNlkmSEwTbAUFI+dWKhyDQQ7k0hIKuYMPU7e3tzNlGa4WAN0Djobrdrs\/i4RGwy4y3Fma1wWaBoF7BkhgkCYJ89xcb31AYZNXprXAI+6gZAugFeokGg8HMfmYUZtaWGPd6Pa+cvGDGmT\/o5lKW7q+1SmOLeIQEwXZCoCDo5plYYlyv1z0EvLKMvjIYXYYAhZm1eYIQBHBbnNlr558FQSg3mCc\/SBBsHwT4jNUeoUURq0SKc2oR93PuiUY6QIC\/h8JMq9VaHALrh\/NUhrIEi2Pj8di7uevr65kzcLiniDfogHKrfQKDOpk87QjjgcCAzWOp8B2FYB6Zd8HLUphVKOm8z7esWMrO96VAqMWfTqdeWWHEoOTabwYDirnrdDozp1SzFxgMnjZw4We4B6wj4DSNjUPQ6\/08ex7JCrb84TClUGhkLZ5ZCRYUHpBgghAbzuuqLRDmgSEvBHmVNOYJ83pKVXIF1PIKHPuPRqNnYTJvPeXqIoc519fXfkGMlZ11DutSIQgYno1CMBqN3MXFxTPa4R20fYKrRhgwDrE4JMKD84SyAi9SwlMrty0QhKor80oMglWEVKHYH8USzCnCHcwpvAXGn++r3++bxy9qSd6CoN\/v+4WzrYGgXq\/PrPgBgul0+uxEOtR38QDwDgyCXl8tOSvpIjGtBUDe3p8YBDEl5YKAJTEIFrH0WeMTUnit\/Oj8oCDCYS4s+GQycYPBwBsvQG+FQgipOETm0EghgF5tBQS9Xs+Vy2Uf\/uAhW62Wm0wm3kMAEKwv4OH11Dr9+7B2PFEc1y+aJLL1R8\/6JiFYl5LPEy5aMb9We7SwwZ0B\/Nmbm587xvr9p33EUHTU+KvV6rMXd\/CqscKA+8M12GtsFIJms+mOj4992wSsADJ3zhVg3WD94Rm0fMpVBFxDlYaty7wJoBUGxRLTosOhvDF93nALiqbWnscfyslzBd2AnkBJoeij0ch9+\/bNnzY+Hv9siUa7A17gwjrD18K98aozQxCKHDYCQa1Wc0dHR65SqbhyuewajYYbDAa+13s8HvuyKR6EM39dN9AyGteJNW6cJya2VqDnqcpsCwR5PUks3NKmRswJ4nxrPwArKq6D58U1h8Ohu7+\/d1dXVz6BRhEFp0bgLFh4A\/b+gCkEwTJeoDAIyuWyOzw8dF+\/fnUHBweuXC77kKfb7brb21vf+319\/XMDBcpo\/PfV5bKb5Qmy4IhZOnyfS7FQwqIhiEnexHgZRdBwlkGAgYLh0vo\/PgfrzlU8QAADN51OfYgMCHA4Mh8Rj+SYr50FAe7FylGWgiCvlMtlV6lUfDcpziZF5s+KiwcZj3+WyDqdzrNQB9fFIGtbLiYIeQQ8C7\/sAQOPQeNuRo2zrRBrOp3OlAx5svl77LbZlav15HWRrP0VcPO8uMgLSLz4BCOhyqnWXE9245gaC074O8hhWLkwV5zsTqdPZ8PyegLGhccXz8Rg8UZ563DhIvS0UAj4RGUWHJLEZdF+v++VfjAYzAWBWj2dcEwGVylY2XkSUKXiGJifBd\/RCYXbZy+C++WqB4cgnOQxGBzysce1dvFxiRBKgufG9dCDw6eBM0xQPIaAjQLPC8ON5+WEFhUahkATadwv\/g1Y+V12vA33VUBgvQGG30bJD81nZ6LFwkrKMNFak7ZCGlhKjVcBFvepAAJWWLbMmFS2\/qy8uK7G83zfCkKoXwrPws1kGB8O\/dhy4gBh\/j6fo4oyJe4F3gAQcIWFQxTct+YYo9HPzk08I\/4bP8P3rLwBYp0Wbp3zagFQBBCFQIAJZBfHUOiLNng5HQkRJpUtPQbd+rmV\/LESsmdhywol55gfXgLKwLE8PAknYrwANR6PZw7UxTX47\/Np2Hhehpjf8InYGB4K4Qq3nyCs5EobFAueR58fiqYQcLipY2qVTflnSIA1Z1AQ+PSR0FbKkBd4MRBw0xy3SOjR6PwiCD5tWJMy3rjD9WX2EKz47Ck4nNHwigHg1WC20nD\/SHix2MMQcTI9mUxmwhHUyjkmZiOAkIRDLuyfxeuU8HsosCoKV2IQkmjFjJUXn+FQFGPGsLCn5Uqajjs+C0MW8wS6BqRKrvsGXiQEiCuh7HwWDBZFQkefq2XQWHg0+nk6GVssVnKFgK20WiiGgCs6PPnj8XhmJRmVLPYygAQgaLhkeRKuaOEabE05JIg9g3o6\/J7HjcdkOp3OLDixYbDCOQ1DrVyEcw61\/twtbLXD4Fn4+yEAXgwEw+HQdTod\/7I8bLGEpbfeHsNnEulCGQ86J2ZqiaFE6hXUhevkYo2AlYwrPwwBf4ZjYi6N8u9xv1otub5+em0V7p9LfZorWEk2GwsFz0qc8d3b29uZv89jxV5WIQOgvBqs0HHTHBuwrGfBNeH9WNEVlBcDwc3Njet0Oq5Wq7lyuexqtdrMaXScBHH8DOVnd6lJKlsjfEctKUPAiauV5GmoE1qF5hIpJ8D4PXsKBZevwQqIcAkgcekxFCPjelA8DvkUdCigJu\/j8VOvDVerRqPRjJfQdZfr66cXsQMC9RxcEraKFjrGuGar1XLn5+euVqs9A+BFQoDBw9mkOJZRD+TSs0k5ROBynr74TwdJEzR4GYQaCFMQU7MCWwtYXPrjjTYcLlm5AltLtqAawrCns6yjWk99PsvzWokrg3B9PZvA4+9oAQC9PZb15pzASnjxeR4vHmPOvRA2AgB+i2gROrl1ECAn0Nc4MeWhhSRcXz\/PQGh5k0t4rKRa1eEQBmEQjmpHYx0ggNXko9zhDTiJ13xjMpkEFZerLFZFRvMC9Wr8WStE4Xvi\/EPHg62uJRZ8MAjcwBhaXce9oVzKLxU\/Pz9\/OxDw7jJdsFJ3qpI1MZaV5AUuDD48Au\/WglJorsD5guYaujrKuUqo2mLBy4lolgJyuKGfxff5XrW6hvvW34eMjHV9VXx9pwNbffYKGAeEwSij83pSo9F4GxDw2gE8ghXuhCylWkFLoCB8zVC5lRVYJ5mtLxSPLbMmut1u95niY0wQ3mV5PYyDVle4hMzX1QS03+8\/g0CTbP6sli+5IMEgs2Xn9nM+ixXGgPdpQ\/kRBuoLCQEBg\/AmIOAXZPOx2lomtSwuBjqrqY0tu2Vt1TLzZ7iaw5POSafuMuOKSr\/ff9ZAp6EJILFgUUuvis7f58+wKCAaUsYOrOUkFsrOLwZk5ddQEXlFlvIDZl5U5RelvxkItGkq9B4DtdpW\/z8mQ18uzVaLlVkVU8MFFQ09NA5XqKyQzlJUDWu0lcJKPtVT6CG2UG71ImzhNR9Ry45X4fLrcDnc4bFnYwDw8Tzc\/sFFEPZsfIYoWmveBAS6SGatF\/DSP4dKw+HT4hMmjyF4eHhw\/\/3vf93Dw4OfNAsMDmVUqS0lZatsxcqquLrGESp5hhRaRQ8lsH7GBQGFjZ+PvSYbEYzd77\/\/7sdQX+WqCm95Vb4v63gdnWNA8KY8AffNWDEwFIIb7diSWFUJBQGTx\/8NCKwX9PHkajVDrZ6uF6i3CDXbhSosoUQ3JNZ6BxsGa+uoekt9CybeAPPw8DDXywOn058v1EOuwzG+9gShFKsvJ+cOUt5T8CogQGjRaDTc8fGx3y3E7yxgb6CWgq9juXb2EPhb6h1CoZJOctapEgwLh1pZgECZ2CuxPDw8uMfHx0xrG3vxR+ytltYRMvws1u\/4GdmTokWaK0lW6Go1wmkuw71DmhOgn2qZYxRfJQRq+bT6Mc\/vYWW1hq2KpiETQ6IKCOXC51jJf\/\/9d\/f777+7x8dH9\/fff7t\/\/vnH\/fvvv+7Hjx\/ux48fzjnn\/\/3jxw\/377\/\/un\/++cf9\/fff7q+\/\/nJ\/\/vmn++OPP9zj4+MMMAwJhC0\/L9jxc4WeYTqdPntjvYaIGqKpBdc8JFRSTRCsEAK9voYhWmIMbcrg6oeGECElsoQV0Poux9aPj4\/ujz\/+cH\/++aeXWMxtxd7cqqEeyAKar6lbPXXseHU+1uePcHTedZwEwZIQWBadKze6bqCi9xJKPK2\/x1WiUPWEFU4V\/vHx0f3111\/eG8AL8P\/gASwv8Pj4OPPfCgx7hVCib1Wd2EBwVY4rcxBdV1DPo\/1TXEVLEKwIAsuCW+3CljUPVX9YMUJVGavLFaVaCxLrHm5vb701VjggsXAn9Bx4FlVsDVew\/hISjeV5rNno6HNqa4YCwPOfIFgBBCEQLNHFJ13s0vDB2ghuQcIJOTfz8RI\/Jo43CnEFjC2tWmBeMORroIcGonu1WaEta67hjFZqVNmt8dR1Eh4f63cWAAmCFUFgNcvFWiaseN2quqjF5URTV3w5vMiabJQMrTo\/d8RqnT+0VmLtvbXWBqzcyWrS001Dlswb9oQWAhMEK4RAF5RCMbvV5qBtFiyhXILhsb6rSqFrBHh2DhusfvuQlYVYeVGW5VaxxkzhsEIda0z0WRdtcHyzEGCjS6vVcqVSyX39+tUfwYJXN2VBYC31LxOzzqPYllifta4ZAiOWuMeUOKZkRcs8DYqhcIg9gRVSct6F+b+4uPBH8rSWeMnG1kIwGo2eQYBXcyoEurlmWyAIeQ\/rZwmCBMGMoNMxBAF3jlqrjtsAQVb4lAVAgiBBEIUAxzHCGygE1mrkuiEIAWBd34qZFQqrdTpB8Moh6Pf7bjweu3a77SGo1Wr+Lfe6j8B6tes2QBALd0KKnSBIEGRCUK\/XZ+roVki0aQhiFZIspV5UiRIErxQCtBMrBNVq1UPAJ9AxBNqnsmkIYuGOpRAJggTBQhBoXrCtEITCHUtxEwQvDIJ5NnEsI8Phz1PoyuXyzMaaWq0WhcDajWS16zIQrJyx6swiskzMn1cJi570VQKjiq8LZRYEmG+OBqrVqqtUKplt2aGu4gRBgiBBkCBIECQIEgRrh6DomD5BkCBIECQIEgTbDsEqlShBkCBIECQIEgQJggTBq4Sg3\/951F+32515sTdaJ7AtUdsmrBMOloEgJtse8xdlmIpQIp5zFd2\/jfmF4eOtqKenp\/6l70U\/v8pGIdC2iQRBgiBBkCBIELwVCM7Pz2c212Qd+JQgSBC8agg0L4AkCBIErx4CdAwmCBIECQLKC1gSBAmCNweBnqCWIEgQrBUC6+bzXrTX67mbm5+HQFWrVXd4eOhOTk5ctVr1B3Fl5QV6hKC1wUYnlJUsLwR5lTivkltzsogUrTSxv28tkPGJ181m03U6Hf+Kpkaj4SqViqvVagmCBEGCIEGQIEgQJAgSBAmCBEGCIEGQIEgQJAgSBAmCBEGCIEGQINgCCFYxCRiIRqPhDg4OXKlUcrVazVUqlZl3FeirjbShLrRwphPOShZb7IpBUvRiVxFjvojE7j\/v9WMQ4KUcWCyDXjQajY2MR4IgQZAgSBAkCBIEbxCCvL1BRcfURUvR95cgSBAkCBIE2w9BTMljsmkl23ZJECQIEgQJggRBguCFQYAbZgk9EC9cWT9nhe12u67X67lms+kODw9dqVRy1WrVnZ6eulqt5l\/ixyBA8kKQV8mtSs8mlKgoKfr+rI00eCkHhOe7Xq\/7RVTrZS2hF70v+3z6+UwIQsqeBQBuHu8mbjQaCYIEwVIQLAvCyiAIAaDCN8ztDgmCBMGyEOjRO4vCsBIIQgDoWaGq\/HhY\/H+323Xn5+c+J0gQJAjmgSB0GJsFhCWLjkcmBFkAqOKrtNtt1+l0EgQJgqUgYFEg1gLBPCGP3qwem9JqtVyn03H1et0dHBy4o6MjV6vVEgQJgigE\/DkLhlBEsqyniEJgARBSfi5zQpkTBAmCRSGADoVg2BgElgcIAZAgSBCsAoIQCCuHwFLyWKzPD4AXbjSbTddoNFyj0Zg5ebpWq7nj42N3cHDgN9bEIOBNNhwH6kPyhCoIWWIp\/CK9P0Ur6WuHAEYSOoNNVrzZCnrBL3SBqGfICpdia1tXV1dhCLLi\/ZDy44H40N1areZKpdLM7rIEQYIAOgTFx6mEDEEIhFCYpNFDqLRqQhACIBTu8E0yyfV63bs2PFS1Wk0QbJlsGwTQG0gMBitcysoZFIRnEMyj\/Br6qNLX63V3dnbmBftFa7Waf2fZ0dGROzk58b9LECwveUuE2wIBDKjqD4OgMOC9FqoroT3qFggKybtQ+MMJrsZufMNQ9lqt5jfSl8tlV6lUXKVScaenp65UKrlSqeS+fv2aIEgQPINAdSnkGax8QfUla6EtE4J5AQCxqvRQeFZ8yMnJyQwE5XI5QZBTYtWRlwQB6xT0Sb2CBYPqzrwgWOH\/OysBtgBgWlXxy+Wyl9PTU\/f161f39etXd3Jy4o6Pj12pVHLHx8cJggSBCQEDgJwROmLBwFCEIMgCIQiBVcMFBEprSPnZ+jMACYIEwTwQQK84xLZA4LyB33037yqzCYGVAHMIxDfJ8T6DYEEQErw2DF0AAAf6SURBVK4QZW2uUffGD8ELaIAAkzQvDMsuhuVV4lhMn1didfJVStbfZBBYx\/DvZrNp6pflFSwgloXgWU6gOQAIDUGgsgwElUrFx37s0tgTJAheLgRqddXQItpoNBru7OzsmW7NA8CiEGSB8E5zAK0Eacy2CgjgTc7OzoLhUILg5UKgCqgQsBdgnVLFz1L+UGIcWkDLAuFdDABNiENJMUPAiTHL8fHxs9yAPYEuhiQIXi4E1voT5hVrTdhbDKOoSp9VIeJSqUIQ8wjPcgLOAawV4DwQMAgAgEGAN9AFkQTBy4bASkTZG0CvsKaEPABrBPOWRjWPVAjmBeEdA5C1EswuKgYBw2BVirRaxPlBguDlQ2ABAA+AE6hVtFiStWqcFT4DtKz+IpV3WgkKtUIwCKuA4OjoaAYG9BslCF4+BJoLcBJcq9XcycmJf2WrlQdkKX8IAIVgERDehTxAkRAcHR25w8NDL8fHx65cLrt6vZ5yglcAgbbdY7EV+lIqlXyBhPMAhNzzdpMyABYEWcnyMwi0p9uCQGnVVb5F8oTj42N3dHTkDg4O3JcvX9z+\/r4rlUru9PR0pgMV5a92u+0Xgfr9\/gwEPMH473kVPySrWixahRIXIXyveCZrMVCfOXSvuhiGdYFGo+H3lfP8IxHmPMBqlJvH+lsSC3+CEMRygkVA4JVkhkETZoBwcHDgj2WBhQAMzWbz2eoxQ8ATuMzq71uEgP9WSOGtZ1bFD3Uec\/WnXC7PRAQoiPBaEUPAOWpoU83KIQhVhrJgyOogjfUVIRbk5rrDw0MPA7ZiIkTCWoK1fgCrpi0TMSWOeYqXDsG819efh7wDQ4BwJ6vVHvPO\/WMAAN5eE2GFIARAYRAoCFkwzOMhGAjLQ2jOABD29\/fdly9fZjwDt1\/rCiG8QyjuVeVVjxGSbYrpi4AgJqFQCB7A2hjDMb2WxDkR1vUABUBlEeW3EuJ55B3\/QSsmWwYIhUOhQEikICBhxv+zZ0AF6ezs7NleU12YyYp55wmXXjsEizyDxvxQNG6AQ72fLT9bf64CWWsAVvizLABLQaD7hVVCMGSFTDFvkVVJwgCWSiV3cHDg9vf33f7+vt+Zdnp6GmyjhbAyWDDkVfKiLfG6cgL+GRsSGBcOeUL7SrB\/BAUPlLwtyx9a+Fok\/NHqzyrknXVqRNZJEvN4iKwqE1YKuWswtA8BMMArAAgk0FxN4kUULotxaXVdlnrTEGS1CFibqFSxdN413OEChyVa\/VHrHyp9zgPA2iFYFoSYp+DGPIDAEHAciQT64ODA7e7uuo8fP7pPnz653d3dYGlVa8kaNq0qsdxWCGKJICuANcc6f9zicHp66nM2FDDU8isAKvPE\/6HV4EIgyAqF5gmRlpFYdYm9Ay+0IVfY29tznz59cu\/fv3e\/\/PKLe\/\/+vdvZ2fEnWmjSpT0msUG2FEd\/P0+L7rJi3RcvGlrWcRElscJaVfxqteqOj4\/d\/v6+29vbc3t7e+7z588+NNVydqz5ja8f069VK7mKgrYRCLL6knhF2gIBMBwcHLjPnz+73d1dt7Oz43Z2dtzu7q7b29ubKbPCS7AFCk0+31+oEgUlzfIylkULeVdLFLrQKmir9dSRyeNoLTzx9REScTsDx\/ZYxNzb23O7u7tud3fXff782XsA9tRWtSe2PzhBsMCiHOcNVos25wxfvnxxu7u77tOnT+7Tp09uZ2fH7e3tuf39fT9xcNvcq25VKLLuFeFc1tL+otUJlVgxQvvtVdFC4Q0\/AxayTk5O3OHhoTcoGD+MIQOg4U8o6Y11gSYI5gDC8hS83sALL3qqBYD48uWL+\/z5synavMedrFilZq+greTW\/gu+Zy0Jq1gr75ZoWKcQWNtTLy4uZgoQXLqEF8U4wNLv7Ox4xf\/48aPb39+fWauB5ecVX215iBVJskqh8+QGqxT9exuHwALB+jkDYbXi8rY8TBiHToAC8S3HuYAG1SdN+mDxMKmhDR+QmHJb3wmJtUrPFRsoOntGVnJL0RE24tlZ4bFACUsPZeeKXsiLqkGIecwEQYYniIUkGgdrKU5XqbWjlZPs\/f39mdwC1hBVKM41oFz4b4DDfU9Y1MvjCazVdIDMsTrf74cPH9xvv\/3m5cOHD+7jx48+LITCM+TsDbm6wyVOK9zif8dCt0UBWIeoDm40JwjlBtbf4c+DZrU881pThgdWlMFgr7Gzs+M+fPjg3r9\/73799VdfjXr\/\/r377bffTFhYGZcRJPoM5IcPH7yi\/+c\/\/3H\/93\/\/5+\/lw4cPMxbeCmdY0XnFXkub1pEnavGzAMjjAd4kBCFFzfo7PNAcC\/Pn2e1ZfzPU26TeQ1eyES4gbGJYuErFyaUlUOiQ\/PLLL+7XX399puCw5kdHRzOWHB6IFT1rn4d1wBVbex5\/y\/KHIMgqHGxa8TMhWGVosy5ZFaQ8cYt0w8bEUrzQ3orQimuWhHIizY1CEvOcm57fdcubhEA9RGjNIstbZMkiwBSh5HkT803Pb4JgBRAs6hrnWbOwumFDElPimJLmVXIrB4pVtN40BLEl9G2UVUKC71h\/J5Zch2TedYBllTivksdk0\/O7bkkQyHdx\/RAMy9T2F4Uk7\/UTBAtCkHfANiF5IbEU3\/p+URDkTVyLhuCtyauEICaLXG8R5VtXOFR0TvDW5FVCEPt+TBGsa60yJ8gb8ycIVgxB3gnZRolBsun7S7JdkiBI8ublVUIwTziUJAnk\/wFHtbtF4cwQTQAAAABJRU5ErkJggg==\" alt=\"Pude\u0142ko apteczne Typ 10 75ml\" width=\"193\" height=\"197\" \/><\/a><\/p>\n<h6>Pude\u0142ko apteczne Typ 10 75ml<\/h6>\n<p>\u00a0<\/p>\n<p><!-- \/wp:paragraph --><\/p><\/div>\n\t\t\t\t<\/div>\n\t\t\t\t<\/div>\n\t\t\t\t\t\t<\/div>\n\t\t\t<\/div>\n\t\t<\/div>\n\t\t\t\t\t\t<\/div>\n\t\t\t<\/div>\n\t\t<\/section>\n\t\t\t\t<section class=\"elementor-element elementor-element-17500db elementor-section-boxed elementor-section-height-default elementor-section-height-default elementor-section elementor-top-section\" data-id=\"17500db\" data-element_type=\"section\">\n\t\t\t\t\t\t<div class=\"elementor-container elementor-column-gap-default\">\n\t\t\t\t<div class=\"elementor-row\">\n\t\t\t\t<div class=\"elementor-element elementor-element-3b2af98 elementor-column elementor-col-100 elementor-top-column\" data-id=\"3b2af98\" data-element_type=\"column\">\n\t\t\t<div class=\"elementor-column-wrap  elementor-element-populated\">\n\t\t\t\t\t<div class=\"elementor-widget-wrap\">\n\t\t\t\t<div class=\"elementor-element elementor-element-d04114e elementor-widget elementor-widget-text-editor\" data-id=\"d04114e\" data-element_type=\"widget\" data-widget_type=\"text-editor.default\">\n\t\t\t\t<div class=\"elementor-widget-container\">\n\t\t\t\t\t<div class=\"elementor-text-editor elementor-clearfix\"><table>\n<tbody>\n<tr>\n<th colspan=\"2\">Sp\u00f3d<\/th>\n<\/tr>\n<tr>\n<td>Materia\u0142:<\/td>\n<td>PP<\/td>\n<\/tr>\n<tr>\n<td>\u015arednica:<\/td>\n<td>54.80 mm<\/td>\n<\/tr>\n<tr>\n<td>Wysoko\u015b\u0107:<\/td>\n<td>42.50 mm<\/td>\n<\/tr>\n<tr>\n<td>Waga:<\/td>\n<td>11.80 g<\/td>\n<\/tr>\n<tr>\n<th colspan=\"2\">Nakr\u0119tka<\/th>\n<\/tr>\n<tr>\n<td>Materia\u0142:<\/td>\n<td>PE<\/td>\n<\/tr>\n<tr>\n<td>\u015arednica:<\/td>\n<td>57.00 mm<\/td>\n<\/tr>\n<tr>\n<td>Wysoko\u015b\u0107:<\/td>\n<td>16.00 mm<\/td>\n<\/tr>\n<tr>\n<td>Waga:<\/td>\n<td>5.80 g<\/td>\n<\/tr>\n<tr>\n<th colspan=\"2\">Komplet<\/th>\n<\/tr>\n<tr>\n<td>Pojemno\u015b\u0107:<\/td>\n<td>75 ml<\/td>\n<\/tr>\n<tr>\n<td>Pojemno\u015b\u0107 ca\u0142kowita<\/td>\n<td>85 ml<\/td>\n<\/tr>\n<tr>\n<td>Materia\u0142:<\/td>\n<td>PP\/PE<\/td>\n<\/tr>\n<tr>\n<td>Wysoko\u015b\u0107:<\/td>\n<td>44.00 mm<\/td>\n<\/tr>\n<tr>\n<td>\u015arednica:<\/td>\n<td>57.00 mm<\/td>\n<\/tr>\n<tr>\n<td>Waga:<\/td>\n<td>17.30 g<\/td>\n<\/tr>\n<\/tbody>\n<\/table>\n<p>Opakowanie jest przeznaczone m.in. do produkt\u00f3w kosmetycznych.<\/p>\n<p>Opakowanie mo\u017ce by\u0107 u\u017cywane do produkt\u00f3w spo\u017cywczych.<\/p>\n<h2>Pakowanie:<\/h2>\n<table id=\"_technic_table\">\n<thead>\n<tr>\n<th>Nazwa<\/th>\n<th>Pakowanie <small>szt.<\/small><\/th>\n<th>Wymiar kartonu <small>[mm]<\/small><\/th>\n<th>Masa kartonu<sup>*<\/sup>&nbsp;<small>[kg]<\/small><\/th>\n<th>Ilo\u015b\u0107 karton\u00f3w na palecie <small>szt.<\/small><\/th>\n<th>Ilo\u015b\u0107 sztuk na palecie <small>szt.<\/small><\/th>\n<th>Pakowanie zgrzewka <small>szt.<\/small><\/th>\n<th>Ilo\u015b\u0107 na palecie <small>szt.<\/small><\/th>\n<\/tr>\n<\/thead>\n<tbody>\n<tr>\n<td>Sp\u00f3d<\/td>\n<td>450<\/td>\n<td>580x380x360<\/td>\n<td>6.2<\/td>\n<td>20<\/td>\n<td>9000<\/td>\n<td>0<\/td>\n<td>0<\/td>\n<\/tr>\n<tr>\n<td>Nakr\u0119tka<\/td>\n<td>1000<\/td>\n<td>580x380x360<\/td>\n<td>6.7<\/td>\n<td>20<\/td>\n<td>20000<\/td>\n<td>&nbsp;<\/td>\n<td>&nbsp;<\/td>\n<\/tr>\n<\/tbody>\n<\/table>\n<p><small>*Podane warto\u015bci maj\u0105 charakter orientacyjny i nie mog\u0105 by\u0107 podstaw\u0105 do roszcze\u0144<\/small><\/p>\n<h2>Mo\u017cliwo\u015bci zadruku:<\/h2>\n<div class=\"hidden-lg\">\n<div class=\"_flex_table pl\">\n<div>\n<table>\n<thead>\n<tr>\n<th rowspan=\"2\">Nazwa detalu<\/th>\n<th colspan=\"3\">Pole zadruku &#8211; SITODRUK<\/th>\n<\/tr>\n<tr>\n<th>dno <small>[mm]<\/small><\/th>\n<th>obw\u00f3d <small>[mm]<\/small><\/th>\n<th>g\u00f3ra <small>[mm]<\/small><\/th>\n<\/tr>\n<\/thead>\n<tbody>\n<tr>\n<td>Sp\u00f3d<\/td>\n<td>x<\/td>\n<td>19 x 162<\/td>\n<td>x<\/td>\n<\/tr>\n<\/tbody>\n<\/table>\n<\/div>\n<div>\n<table>\n<thead>\n<tr>\n<th class=\"hidden-lg\" rowspan=\"2\">Nazwa detalu<\/th>\n<th colspan=\"3\">Pole zadruku &#8211; TAMPODRUK<\/th>\n<\/tr>\n<tr>\n<th>dno <small>[mm]<\/small><\/th>\n<th>obw\u00f3d <small>[mm]<\/small><\/th>\n<th>g\u00f3ra <small>[mm]<\/small><\/th>\n<\/tr>\n<\/thead>\n<tbody>\n<tr>\n<td class=\"hidden-lg\">Sp\u00f3d<\/td>\n<td>30<\/td>\n<td>x<\/td>\n<td>x<\/td>\n<\/tr>\n<\/tbody>\n<\/table>\n<\/div>\n<div>\n<table>\n<thead>\n<tr>\n<th class=\"hidden-lg\" rowspan=\"2\">Nazwa detalu<\/th>\n<th colspan=\"2\">Mo\u017cliwo\u015b\u0107 zastosowania HS <small>(wtop)<\/small><\/th>\n<\/tr>\n<tr>\n<th>na obwodzie<\/th>\n<th>na g\u00f3rze<\/th>\n<\/tr>\n<\/thead>\n<tbody>\n<tr>\n<td class=\"hidden-lg\">Sp\u00f3d<\/td>\n<td>x<\/td>\n<td>x<\/td>\n<\/tr>\n<\/tbody>\n<\/table>\n<\/div>\n<div>\n<table>\n<thead>\n<tr>\n<th class=\"hidden-lg\" rowspan=\"2\">Nazwa detalu<\/th>\n<th colspan=\"3\">Pole zadruku &#8211; ETYKIETA<\/th>\n<\/tr>\n<tr>\n<th>dno <small>[mm]<\/small><\/th>\n<th>obw\u00f3d <small>[mm]<\/small><\/th>\n<th>g\u00f3ra <small>[mm]<\/small><\/th>\n<\/tr>\n<\/thead>\n<tbody>\n<tr>\n<td class=\"hidden-lg\">Sp\u00f3d<\/td>\n<td>***<\/td>\n<td>19 x 162<\/td>\n<td>x<\/td>\n<\/tr>\n<\/tbody>\n<\/table>\n<\/div>\n<\/div>\n<\/div>\n<p><small>**Do ustalenia po otrzymaniu projektu<\/small><\/p>\n<p><small>x Brak mo\u017cliwo\u015bci zadruku<\/small><\/p>\n<p><small>Podane wymiary zadruku (mm) (wysoko\u015b\u0107 x d\u0142ugo\u015b\u0107)<\/small><\/p>\n<p><small>***Mo\u017cliwo\u015bci etykietowania okre\u015blone przez odbiorc\u0119 <br><\/small><\/p><\/div>\n\t\t\t\t<\/div>\n\t\t\t\t<\/div>\n\t\t\t\t\t\t<\/div>\n\t\t\t<\/div>\n\t\t<\/div>\n\t\t\t\t\t\t<\/div>\n\t\t\t<\/div>\n\t\t<\/section>\n\t\t\t\t\t\t<\/div>\n\t\t\t<\/div>\n\t\t<\/div>\n\t\t","protected":false},"excerpt":{"rendered":"<p>Pude\u0142ko apteczne Typ 10 75ml \u00a0 Sp\u00f3d Materia\u0142: PP \u015arednica: 54.80 mm Wysoko\u015b\u0107: 42.50 mm Waga: 11.80 g Nakr\u0119tka Materia\u0142: PE \u015arednica: 57.00 mm Wysoko\u015b\u0107: 16.00 mm Waga: 5.80 g Komplet Pojemno\u015b\u0107: 75 ml Pojemno\u015b\u0107 ca\u0142kowita 85 ml Materia\u0142: PP\/PE Wysoko\u015b\u0107: 44.00 mm \u015arednica: 57.00 mm Waga: 17.30 g Opakowanie jest przeznaczone m.in. do produkt\u00f3w [&hellip;]<\/p>\n","protected":false},"author":1,"featured_media":0,"parent":446,"menu_order":12,"comment_status":"closed","ping_status":"closed","template":"","meta":[],"_links":{"self":[{"href":"https:\/\/pepsyna.com\/index.php\/wp-json\/wp\/v2\/pages\/1098"}],"collection":[{"href":"https:\/\/pepsyna.com\/index.php\/wp-json\/wp\/v2\/pages"}],"about":[{"href":"https:\/\/pepsyna.com\/index.php\/wp-json\/wp\/v2\/types\/page"}],"author":[{"embeddable":true,"href":"https:\/\/pepsyna.com\/index.php\/wp-json\/wp\/v2\/users\/1"}],"replies":[{"embeddable":true,"href":"https:\/\/pepsyna.com\/index.php\/wp-json\/wp\/v2\/comments?post=1098"}],"version-history":[{"count":3,"href":"https:\/\/pepsyna.com\/index.php\/wp-json\/wp\/v2\/pages\/1098\/revisions"}],"predecessor-version":[{"id":1229,"href":"https:\/\/pepsyna.com\/index.php\/wp-json\/wp\/v2\/pages\/1098\/revisions\/1229"}],"up":[{"embeddable":true,"href":"https:\/\/pepsyna.com\/index.php\/wp-json\/wp\/v2\/pages\/446"}],"wp:attachment":[{"href":"https:\/\/pepsyna.com\/index.php\/wp-json\/wp\/v2\/media?parent=1098"}],"curies":[{"name":"wp","href":"https:\/\/api.w.org\/{rel}","templated":true}]}}