{"id":1094,"date":"2019-12-18T15:53:42","date_gmt":"2019-12-18T15:53:42","guid":{"rendered":"http:\/\/pepsyna.com\/?page_id=1094"},"modified":"2020-01-02T12:02:38","modified_gmt":"2020-01-02T12:02:38","slug":"pudelko-apteczne-typ-16-60ml","status":"publish","type":"page","link":"https:\/\/pepsyna.com\/index.php\/pojemniki-plastikowe\/pudelka-apteczne\/pudelko-apteczne-typ-16-60ml\/","title":{"rendered":"Pude\u0142ko apteczne Typ 16 60ml"},"content":{"rendered":"\t\t<div data-elementor-type=\"wp-page\" data-elementor-id=\"1094\" class=\"elementor elementor-1094\" data-elementor-settings=\"[]\">\n\t\t\t<div class=\"elementor-inner\">\n\t\t\t\t<div class=\"elementor-section-wrap\">\n\t\t\t\t\t\t\t<section class=\"elementor-element elementor-element-214cd4fc elementor-section-boxed elementor-section-height-default elementor-section-height-default elementor-section elementor-top-section\" data-id=\"214cd4fc\" data-element_type=\"section\">\n\t\t\t\t\t\t<div class=\"elementor-container elementor-column-gap-default\">\n\t\t\t\t<div class=\"elementor-row\">\n\t\t\t\t<div class=\"elementor-element elementor-element-78c7a951 elementor-column elementor-col-100 elementor-top-column\" data-id=\"78c7a951\" data-element_type=\"column\">\n\t\t\t<div class=\"elementor-column-wrap  elementor-element-populated\">\n\t\t\t\t\t<div class=\"elementor-widget-wrap\">\n\t\t\t\t<div class=\"elementor-element elementor-element-1c68f714 elementor-widget elementor-widget-text-editor\" data-id=\"1c68f714\" data-element_type=\"widget\" data-widget_type=\"text-editor.default\">\n\t\t\t\t<div class=\"elementor-widget-container\">\n\t\t\t\t\t<div class=\"elementor-text-editor elementor-clearfix\"><p><!-- wp:paragraph --><\/p>\n<p><img class=\"aligncenter\" src=\"data:image\/png;base64,iVBORw0KGgoAAAANSUhEUgAAAR8AAACeCAYAAAALzA6EAAAgAElEQVR4nO2dV3vbSBNm9f\/\/y+4346Scc06MIEASIHJmkmdmL969oLrdgBAoQTRluy7OI5tgEtV9WFWdVi4vL0EQBPGzWSm6eHV1VUjVF7++viYI4g+F5EMQxFJYKRPMIln2L08QxPJYWeaL39zcEATxh0LyIQhiKaws88Vvb28JgvhDWSm6SPIgCGJRkHwIglgKK3d3dyAIgvjZkHwIglgKJB+CIJbCyv39PQiCIH42JB+CIJbCysPDAwiCIH42JB+CIJYCyYcgiKWw8vj4CIIgiJ8NyYcgiKVA8iEIYims1Go1EARB\/GxIPgRBLIWVer0OgiCInw3JhyCIpUDyIQhiKRTKp9FoFLLsN19G2fsvpzUX9XrzTZQ9V6vRRqvRRrPeQrPeQqPWRP2xwWnUmoWwx+VR9vgy2k2Jv0fxfbLnLnv9vMf9eP8NNOsNNGp1Tv2xxim7Lt5eBnuuVqPJqd5+qvWfRb\/+siH5vIN88gSUvlarNVCrNfD4WMfjY730OdtNiSN2coYoordQVT5Zcnwr7D3VHuqcIrHUHh7RbrY4TBhMIvNA8iH5\/LLyabUktFoSms02ms32C9m02x1+n6z7MRmJsmL3aTbbhRFMlozSSK1OIZ22\/C6Iz1kmzDyKIp88CWXJRxSQeFsWaRmlr5N8FiyfoovNZrOQZb\/5MsrefzntQrLEIsolLRPx\/u1254V02O2SJM8QBCFLCmRJgdLpQul00ZV7UHtaIcbALGSg6pXQ+gMOe81+V+X0lH4hXbnHYb+X0uny31VqtTlZksmSiCipeeRTeL1y+6nWfxb9+suG5FNBPmWR0eNjnUc2LFJqtzvodBR0OgoUpQdF6aHb7aPXU9Hva1DVATRNh6bpsAybY5sOHMuFY7lwbQ+u7cE2nULY\/fIoe3wZ7L2ZusUR5aZrRiGivESBMYl1ZYWjdGQoHRmy1OGIUsoTUxFljyH5LFg+RRdbrVYhy37zZZS9\/3KkQsS6jhi5sOhFlrtcLv2+Bk3ToesmDMOCadqwLAeW5cC2Xdi2C8fx4Lo+x3Nm+G6QIPBCBF64cLlUlc9rI6iX0Vsfaq+PfrfH6SldTpmcRDHNwwsBVW4\/1frPol9\/2ZB8ChDrF1mw9Ken9NHvqtD6A+iawTsfkwcTSOCFCP0IoR8hCmIukSxCP4JrezzaEWGdP+uaiBg5LYKyiCcd2aQpSt\/UnpYZDYkpXV6Kx1I5lr7lkVWrStSiSr58yiH5kHwWJB\/W8ViK47sBQj9CHA4xjEZcNKJU0lGMiCgrERbJiOKZRz5lkdGiRVQW8YgpWFkkVFZLyqofibdlQfJZsnwKO1+7Xciy33zZ+yuj2Wzy3Jo1BjbS0GrNRl9YhKP1BzB1i3dqz\/ELI5d5yJNNWjp5VH181bQrSziiULKiodenXkn5iMIpu54lp6zCtiwpmSN3bCCBTZOo15toNtu8bldVPlXbb9XnX\/T7K+OPlg8TTvrbRpIkyLLM0yjLsOFYbqLe8h78jvIRRZNXfJ535Kws8lmEfBICkmS02x2wwYX0dAiSD8nn3QTUbrehKApUVcVgMEDghYi9CLEXYejHnNiLELk\/rrH\/v5bA9gv5leSTJaD00P7rBaQn6HcHnJ6iZV7rKVomXVlFV1ahdPocWeol6LS7HKmloCP10JF6kNpdtJoymo0OGnUJ9Vob9VobzUYnn+biO\/cvL59Fv8BHRpIkSJLE0y9JkjAYDGDbNhzHeSEcJpnQCRA6QeL2t0iIPU8eZXKpKp+ymlHV0a55h9\/zBKT1DWh9I1dAVeWTJSFRQEw+TEDtlpIQUJl8ZiOfy2\/nH5U\/Xj6dTgetVguNRgOyLMO2bURRhDAsFkXkhhgFw0w5\/WnyyRPQa+b\/ZAvIKBTQe8knT0CSgCggFgWRfKqxwr79s5in8y6T9\/gAOp1ZA2k0Guj1egiCAKPRCHGYLROWgo2CYYK3CqiIopGxotGxeeXzHmlZnoBM3SqMiuZLxcxcAeWlZK+RT2kalop80rSaciGzmeqLa79V+8fP6F8knxxarRaXT7PZRL\/fRxzHmEwmiIJwJhk\/xtCLOCM\/xiQcYRqNMQlHmIQjjINh4n6xG1bmV5FPkYDK0rJyAZkY9C1oPZOjdo1M+oqOvqKjJw8y6XY0dDsaFEnlZN0mt\/ucXldHVxlA7qiQ2j20W91XoJB8SD7F8pHlWQNpNptQVRXD4RDT6RShH2AURhgGIYZehMjzZ2LwA4yDIcZRjGk0xjiKZ\/IJZ2KK\/YDLo+rP0Pk15JNX\/8mSUt46syL5iAJahHzE20X5DDQbat+EImuQ2j00GzKaDRmtpoJWU4HU7gl0X\/4k+bxdPn8K7fYs\/dJ1HVEUYTKZYDQaYTwcYTSMMImHiKMAwyBEGHiIPB+B72ISDzEexXgajTEZDzEdjjCMZ4IKPB+xHyD0g8TPwPNnjxd+hq4H3\/UQuh48x0XwjGfO8C0PvuUhsP1ETajqaFlZzadqTSidhqUpW\/uVTq3EFEzrG5mpFkuvurKaSMnE62La1VM0Xj\/S+gZ0zYIxsGFoDqRmF1KzL9BNoGsWtL6Brqw+D9GzWdOzoftlt+uPDslHypfPZDyTy3gUYzSMMBpGM7lEAeIogOfa8D0Hge8ijoKZiKZj\/PN9iv\/+\/Y6nyRRPkymm48lMZPEQcRghCkKEzyIKPB\/+s3z8Z\/kwsorcrxmqX\/RQfNVZ0WWr7m3Tg216sAwXpu7AGNjQNYvXgsR\/97sDdGWVF4yllpKQjCgaJhv2vOnnZs\/ZaanotFTIbQ2KNEhESz15IMin92KCIsmnHJKPVCyfIuIoQBTOoiBGFPqzaGk8xL\/f\/8E\/T9\/xffqEp8kUk9EY4+EIwyjGMIoRPkdETEJpEZWNji1aPlUjp7LIp0w+olyyIhj2b1EoWt\/gAjEGNpeLZbhcZo7lw7F86JrFX0Pt6YnISJZ66HZ0dDs6erKBvjJL+bTeLBXUVZvkUxGSj1SQdo3ihGymkxGmkxGepmM8Tcf479\/v+Of7FNPJ7L7DOEQU+pzxcFQIi4IYTEaMtHQC2+cpmG95pUP1y067ytKqMvmIqRYTChOGCJOLY\/nwnBC+GyHwYrh2ANcOuGxYFMUiHjEiEmEy01WXY2geDM2BoTkwBy7MgUvyqQjJR8qXD0u1WOqVFtD3pwlPsf7ff\/9w\/vv3O\/779zuPcOYhDqMXMkpPXkxHPGXyWXTNpkweVdMyJhImk9AfIgpGiIIR4nCMYTRBHI4RBSMEXgzPCblsbNNLDNVnDceLkRGLiFw7gOeEM+whXCuGY0awjRCW7sEcuFxCJJ9qkHykfPkM4zBTQAyWXrE6z7\/\/POGf71N8f5rgaTrGdDzBdDzBZDTOrPcw4eRFQOIM6\/RkxnnmE1WNfKqmbVWnCjDxcBk8y0WMaPLqQrpm8ShHTLVEuYT+sBhvgsAdw3dGcK0YtuFz+VDaVR2Sj1ScdmXB5CMWo1khOgw8BL4L33N4jWcUDzGM4oR4fNfLrfWkC85ZYplHPlU7fxTEhbAtQ\/KourCWyUNMlURYGmYM7My0azL6zpmO\/8HT5F98n\/7HYVEUk03gxQi8+Ee05Y4RuGMeAdmGn4h+SD7VIPlIby84TycjHgGxETAWLY1H8YsaTrq4zCTj2g5c24Fj2Un0Ga7hwDWcxLC7b70sSL8oUC9YDoueRySKhKVcw2iCYTTBKJ5iOv6H8zT5l8Pkwq4xAY2HTxjFU4ziKYbRhEuHSSiNZw8TqZdjBlxAlu6RfCqy0ul08FYW\/eYW\/fqyLPPJhoqiwLZtxHGM8Xg8l3zECChrKF4UjhjVZMnGNi3YpgXLMDlMPvbAgj2wYGkmTNWA0ddh9HVYmllIWVoliohFM3E45ExGU0xGU0zHT5ynyXdOWmZiVBSHw8SujFn3yXrNYTTixOGY13ZE6TDYdfE+4nXxcVmwx6ajH57uPcvnh4CCZOpVUT5V+t5H6J9Vfz+SzweWD5NOlnj03oD\/O49591DOG4HKm62cjlDydk9M1m+S+0+nt5TNEpFYXE5LSJQHyYfkQ\/J5Z\/mwCMZUDS4evTfAoKvNRdnRNeIGXem9k7P2Uxb3XWbSKpJVmZiyRCTKKCstEoVD8iH5kHwWJJ+0dJh4NEWdC1EuWWTJRRRMeug8LZeyKKksQkpHRS93iow5ZSIi+ZB8SD7vLB8xzXqNeOaRDzt5Iy8SKkvL5pVP0ab2WanZDxHFhQIi+ZB8SD5LinzK0q6y0xvmTb\/SEVF6BXqemIpO0xBHy+aRD0U+H69\/knx+Y\/mU1XvKIp8y+RTVc+YpTJdFRVkp1zxRz486UHLSX1Hth+RD8iH5\/MSCsyr3CylLu8oin6J6kFgTyhsVyxohy5tBnT0atuyCcyTIJ0zKZ8BmOA9IPsuQz7J5D3kpioJ2e3ZqRRAEGI\/HfDfDqvIZBiGGwWx\/n+h5\/57Q9X7s12PZHNe04JoWHMPk6NoAujbAQNWg9VVoffXF8cHpY4TFI4TL5JMlnaI0q+g4nKz6T97w\/Lzyib0hZ+iPMPRHGAXjuckTlSidvFnOgRc\/y2eGuJxjtoxjFvmpPe1ZPhKkVhtSq41OW4IsLb9\/fPT+R\/L5wPIxBjonS0Jp0iJ6rXiKopwsCc07NyhvxKtstOvDyCe1YJUtqv0hH4XkQ\/L5veRjGSZM3YCpGwkBpckTUhXxlBWbq0hHrPnkD7OTfD46JJ8\/VD5aX02IJy2ffreHrPpNHlmiKRNQ1mkVonjKRrvyxMMmG5J8PjYkn99YPkw6eWlXlnDE1KuKeNLyyYp85ll2kTe6VbbkguTz8SH5\/MbyqVrzKUqjilIrJpmyVOs16VX5bOaXSyxIPh8bks9vLJ+qNZ8q4skSTjrNei\/p5K3tIvl8bEg+v7F8xLk\/aQmlSYtoxuvlUyadsrk7WWlWmXhyV7iTfD40leUjyzI+Kov+8BRF4R9ir9eDZVkIw3C2i+F4zPdrFvdsfprOzugaxmHmTobsRIsonJ3bxcQTPp\/LFTgufNt5QVpCrmlx4aRrP2nh5PP6bTXK1m6Vzd15zZYaZfJhwhGlMw4nc5M3oTBLOiLzymd2tlhSPp22BKUjo6d0S9vfsvvXsvsfyafT4TsZqqoK13UxGo3w9PT0Qj4MFu1kRT\/DOPwhIkE+YtRD8vkY8skSzssZzj\/2kJ4n8iH5kHxeJZ9Wq8XPbWdbqX7\/\/v1FeiXKiG2hOo98xOiHpVwkn48pHyYe343gOzF8J86Vj9YfPO8OMJMPQ+nIs9tIPiSfsj++KCBFUWBZFuI4TuzHLDKdjPD9aZK4LSv1Std8xNQrLSCSz3LSLlFELwQkyIelXZbhJlKuntKH0pFnNZ7nWg\/Jh+Qzd\/Qjpl+s\/qPrOjzXRhh4XELs52Q8Oy5HjH7SRedhHCbkUxb9kHx+vnzEa1kCSq\/rmonH5nOgekofXbmXKR+lU95+l92\/lt3\/\/nj5yLKcEBCr0suyDEPX4DrWLIoRoprRMOLRDz+jKyWi8SjGKIxyo5\/Q9Ug+H1A+4llhrjVDXFA6O1pZQ7+rQul0oXS6kKVOApIPyWcuxGFBJiJ2e68rwzQGCHyXp1Jh4CUExKSTFfmMwogLKF14JvksXz7plEtMrxzLh23MYGeG6Zr1fKb7LOKRJeWZTqaASD4kn0La7TaazSZarRZkWUav10O32529vtTCQOvD9xwun8B3uYDSNZ4w8PihgYHvvpBPOvoh+SxXPmKKJQ6lM9nwQwKfT0LV+gb63UFKPNnymWeez7L717L7X6F8qn54i378oukqHdiWkSka33MQBh6f0xOFPr\/OCBwbgWPDty34tgXPMuGaBhxDh2Po8CyT45oGh123daMQQ9UqYQ10WIPk6yTXlpVvCl9lhnPZoYbiMTpZpI\/cYed9jeIxRvE4t6Yjnv+eSLPEqMf0oKnWMybUvoFedwBFVtHpKJAkGZ2O8szb2tei5UDy+YXlo8gSLFPPlU8ZoTsjS0KicH7IZgBroMHUVJiayuWwKPS+yhGlZGoDmFr5Nhrz7teTF\/mIBwRm8Rr5pM\/8mskoe8fC9KhWuqCsaxYGqknyIfl8TPmw89h9z4Hn2nAdC65jwbFN2JYB2zK4dESYgNISypKPKIcstG6vkLLIJy0eJh3GPPv1FC2teM2+zW8hT0I\/oqeXomERjmsHiRQrIZ2+AbWnk3xIPstD7rRhmfqL0a44Cnjth9V4fM9JyMcy9UQqNS8sCnIM\/YUM0vRlpRBV6RaSFflkySdvbVdZHahsHVjZWe1l8hFlw6Ip8bqpOxxjYHPBMNSePpNM38BANfnt7L4kH5LPUuVjGoNEPYdJiNV7suRjmfqMgZaIZExNhaH2E\/xIsTTY+gC2PhAEZBZSJqdBr1+IGCWx20QhvdcezvOkZVnkFacZosDSQpzNQDZewISTJR5jYMPUHViGC8twST4knyUitTLlM4zDxKgWS73EqMc0kimUofah93sY9LrQugq0roK+3OGoisxvH\/S6zxTLo0w+ZWTVeUxtwGtCRSNd8+zjUzXySW\/hkSZrYzRxi1gxymEplQiTjJh6idERyYfks1T5GLrGh9ZF+aSH1rNqP2IqxUQkCqjXkdDrSOhKbXSlNpR2iyO3mpAaxShtqZAyeaVrSGkZlUU+ZXIqOxdsnhNViyjbk1pMu7Jgo1pZtR+SD8nnQ8uHL6N4TsXSQmIjXb5twTUN2PogEQVpXQWqIqMvd7h8Os0GpEYd7XqtVD7teqOQssczOs0WOs0W5FY7Qbspod2UXpxHxWDXxfuI17NuE+fHiLdnUSanrH2IklLMFw8b2cq6ndKunySfpXfwD4zcaWOg9WcTBp8XmLJZzOnFpi\/WdcUhYt9D7HuIPDdzyD0vLWOREZOCKJtWrY7mYw3NxxpatXoCdnvj4RGNh0fU7u4LST8+Te2hjvpjg9OoNTnNegvNegutRpuTllHZfbKExJYsiLCjndPni4niYRGYmOKx1ehsdEucx+NYfuYImBgNmcYMQ3cw0CyofQNdRXs3+fzpkHwKqCqfYeDnCihw7MI5PqamJgrDqtLlo1i9joxeR4bSlhKRCpMVE1ZZZFS\/fyjk4e4Rj\/c1Tu2hniBPSIw8qWSlTVkb2meldUWnYrDh+x9F6Yw9ep6F5Dnhi9tIPj8Xkk8BVeUzCgOMwoBLKPJcLqG0iMQZ0D+k9Lydqm7wIrBYKBZHq8Qh9LSk8iirGRWlTEwoYg2GHb\/MKNqiNX30TlZxOj0rOr0EQ5wpnTXTuWz\/HnHvnqwZziSfxULyKaCqfMbRDCagtIRExPrQDxFZLwRUNmqVGCqvOFpWVGyeZ63XPKNi82wy\/2Jj+efJhZmbzidmORfv2ZzYPiOVejmWT\/JZMCSfAt5LPqKAxDQsKxISZz6XRT7iUokyEWVROgO65BSLvKH3rJnN8yw0Ta\/tyrotPZu5eInF63YvTEc\/JJ\/FQvIp4GdEPnnimaVfP060YAs\/RdGkxfNa+ZRFPu9xLPJbz+wqWrP1Y+1W8dqwos3iAy8ujH5cOyD5LBiSTwHvVfPJq\/uUySd9pI4YAZVFPfNQtmq+6hYaVaVTttCUrV7\/sYo9ff+XKVfeaRXpwjPJZ\/GQfApYdMG5qN6TV\/N5TeRTRukM6AoRj2t7r9pGY55IJ72QtOz6vBvI5y08JfksFpJPAdXTrhjjKHs7VZH0vs5sYzF2aCA7OFA8PFDcYEzcZEzcTCxdsyki71TS1+7n8zM3E3vNoYFlNZ\/0cDvVfBYPyacAkg\/Jh+SzOEg+BZB8SD4kn8VB8imA5EPyIfksDpJPASQfkg\/JZ3GQfAog+ZB8SD6Lg+RTAMmH5EPyWRwknwJIPiQfks\/iWGEndhIv6UgtaGoPvue8EM5kPOTCyWMSDzGJh1xAWQcIVpFP2aGCi5ZP2Vldv7t8frD8tvorQvIpot18IR\/2k+RD8iH5VIPkU0SOfEbDiORD8gHJpxoknyKe5eO59mytliAWUUQkH5IP8XpIPgW0Ww2o\/W5CPuwnyYfkQ\/KpBsmngDz5pKMgkg\/Jh3g9JJ8C2q0G+j0FrmMljs0h+ZB8SD7VIfkU0GrWX8iH\/ST5kHxIPtVYqnza7XYhVR9f9flbzTo6UguuY2E8ivlBgU\/TceZEwzRl8hElFLoel5BvO\/BtB45lc9ISSpM18TDrdNGys9ZfI5+sCYXiBmJv2UwssVNhiVx+hnwM3eXy6fd0KLKKdruDZrNdKp9Ft8+qj190\/y2D5EPyyd2xsOyECpIPyYfkQ\/J5s3zeKh6SD8mnsnyqPsHvzO8un7I9mt+yefyfJJ92u\/PM8tvqUvpHq1VI2eNJPkUf7h8in7eIh+TTBsmnonzKnmCRLPqXq\/r8v7t8XpNiFYnnT5VPqyU9s5z2Wbl9V6TZbBZC8iH5vDriea14SD4kH5IPyaeyfF6zXw\/Jh+Tzy8pn2ZR9ePXaAzpSC6YxwDAOMZ2MuHS+P03mlg8TkCihvA3GxAmHru1w0hJKi+gjyqdsEmHWQYHiiaPihMK38NoTS9OHBlqmD30wE48+sKH2DUjtLhqNFprNtkBxO8pj2e1\/0f2nDJJPEY0a5E4blqljNIwS8nmajj+kfJICIvmQfEg+H5LSxtGsQ5ElLh8mHCaijySfbAGRfN5TPv2ejnZLQaPRSgmI5PMm+VR9gl+ZRqNRSLvVgCJLPO0S5TMZD5cun7IIKG+pxHvt0fy7y8e2Ahi6+0I+9XqTC2hGcTvKY9ntf9H9pwyST4l8OlIL+kBFHAV4mo75DoZl4vmZ8skXEMmninwcO4Shu9AH9gv5JAVE8nmTfKo+wa9MvV4vpNmoodWsQ+13EQYeppNRYvvUZcunLA3LmjAoQvJ5vXxaTRm1WoMLaEZxO8pj2e1\/0f2nDJJPAbXHe9RrD+gqHXiujcl4yOUzjMMPIZ9iAZF8qsrHNLxM+SQFRPIh+bzzh\/dwf4vHhzvInTZcx\/qw8smfB0TyqSIf1wlhGs+Rj27O5NOSSD7vJZ+qT\/CRyfugarUaarVa5m21Wg2Pj494fHyEJEmo1Wp4eHhAp9OB53l4enrCdDpFHMeYTqeYTCYYjUaI4xhRFCGKIgyHQ4xGI4yHM0bxEMMoRhxGiMMIURAi9IMEgecj8Hz4rsfxHJeTllCaLPk4ul2JqocClk0iLGMYTTAMp28mDiaIgwkif8wJvRHHd2J4dgTPjuA7MQJ3iMAdwndiuHYA07Rh2y5s28VgMIAsd9FoNHjbeXh4wMPDA28vj4+Pme1IvG3ZfeIj8UfIJ08y6dvERsQazd3dHW5ublCr1aCqKoIgwHg85tJhoplMJnh6esLT0xNGoxGiKMJkNM4UUBSELwT0keVTtpj0o8snT0Lsp+\/EXD6+E8O1QtimB9t2YVkWdF1Ht9tFq9XC4+Mj7u\/vcX9\/z+WTllBWeyIB\/WHyyZNOUSMRG9Pt7S1ubm5wdXWF6+tr1Go19Ho9BEHAJRPHMeI4xmg0wnQ6xdPTE8bjMeI4zpSPGAH9CvKZZzHpQuXzTqTTrygYIQ7HCP0hT7fYT8fyYRkuXNeHYRhcPPX6LNq5u7vD7e0tl1BaROm2RBLKkY\/4YfzupCWTbiRiY7q\/v8fNzQ1vaFdXV7i4uMD9\/T16vR48z8NkMsF4PMZwOEQURQjDMCEiUTwfUT6u4RQyT8Tzq8gnS0CieJh8fDd6Xt\/lwrIc9Pt9HvGwNsMElCYtojwpZYnoT+S3l09eVJMlG9aIbm9vcXt7i+vra96oLi8vcXR0hMPDQ1xeXqJWq8F13UTtJ4oiBEEwS7kmEy4bESaeX0k+ZeL5FeSTFfmIRebAi3kBehb9uJAkGbVajUe\/Nzc3ibZyc3ODm5sb3l7yZJQXHS27byyblbSNf0fyhCM2FNaAWKolNrjr62ucnZ1hb28Pm5ub2NzcxM7ODmq1Gvr9PsIwnEU64zEXUBAEvLaTx7Ll45luIWVp1keXT5Zwsla1iziWj4Fqoqf0cX5+jrOzM5yenuLs7AwXFxe8TbB2cX19zf8viigtoywJLbtfLJvfWj5l0hEbiigd1qiur69xdXWF8\/NznJyc4ODgANvb21hbW8O3b9+ws7ODk5MTPD4+QlVVeJ6HMAwRBMHs36kRrSI+unyyRLN4+YwqwV6TvYf0cT3sPbu2B9t0MFB1tJsSbq5ucXo8+7I5PDzE6ekpzs\/PcXFxgcvLS1xdXSXIklBeRCS2w2X3j2XzR8inLNoRG4wonru7O1xdXeHs7AwnJyc4OTnB4eEhtre3sbq6ik+fPuHTp09YXV3F6ekpOp0OXNflAmISYWJJ8yvKR5zH89HlkyUd8f27tgfHcmHqFtSehma9hYuzS2yub+Hv\/33Czs4Ojo6OcHl5ydsGEw6LjNMCEiVUFgUtu38sm5V0HeR3IqsomCcfsWFdXl7i4uICZ2dn\/Bvv\/Pwcp6enODo6wt7eHnZ2dngE9PnzZ3z69Anfvn3D4eEhT8dG8RBREMJ3PTiWDcswYZsWXNuB57gJ0WQhTjLMomyjsTK5lJJT32HkHQAoyqdoQuEoHnPS4phHRuy50o9jwmGCdCw3MW1AlKXa03B3c4+9nX2sfl3D6tc1bK5vYXd7D8fHx\/xLh6VerD2wFKwo+ilrf8vuH8uG5JNKt5h8Li8vcX5+nmhsLAI6PDzE\/v4+9vf3sbu7i42NDXz58gV\/\/fUXPn36hLW1Nezs7ODi7ByP9w9Qe32EfoDpeILJaIwoCLmAvNRMZhHxOpMMWzhqDPTM+yaiJbF4rNuwBxYszYSpGjBVY+HyYdIQxSNGQ0wYooTGwwnnn6d\/8X36DyajKUbxGFEQJ9Kk6fgJo3iMwAsTgmGRmmXYcCyXi9B3A1iGDbWnQel0cX56gaODY2xtbOPbl1V8+fQV376sYmNtEztbu4XiEdOvrKiH5EPyeZN8GGJDY9EQi4COj49xdHSEo6OjRC3oy5cv+Pz5M4mfRBsAAAdRSURBVD5\/\/oyvn79gY20dh\/sHuLm6RrPeQE\/pwhjosAwzkWalJWObVqZQRAaqhoGqQdcGfAMxUzdeRD5pCb214Jwmb8tUhiiedAqUTtuyYJGdazs8fY2CkI8Wss9LXMnPIkvf9RKLb3VtAFnq4P72DidHx9jb2cXnvz\/hy6fZ32nt2yq2Njaxt7OLw\/0DHB8ecelkiYfJJ088JJ855JMeDvydmFc+WcVmFgGJ325iSnZ+fs7D8tPTU5ycnPCUbHt7G1tbW9hYW8e3L1\/x9\/\/+wv\/+z\/\/Fl0+fsbO1jfPTM9zf3kGWOujKCvrdHgaqBssw4doOrweVncWeXuOVjpzsgQV7YPFhdSYV3\/LgW96r5vlk8ZrIKEtOYnqVTpVmqdGPulc6+rMME8ZA55Jm97UME1pfRU\/pQpY6aNYbuL2+wcnRMXa2trH2bRVfP3\/B578\/YfXrN2ysrWNnaxsHe\/s4PT7B+ekZLs8vcHXxMvIVpVMknryh97Kh+D8Nkk9G0TldeGaNKz0KJopITMlYTWhnaxvbm1vY2tjE5voG1lfXsPZtFd++fMXXz1+wvbmFvZ1dnBwd4+bqGo1aHV1Zga4NciOjdK0nb0N5yzBhaSYXkCiit0wyfAtZa8JEObHbxPsnT9HIXkTL5SrUulhk83j\/gIuzcxwfHmFvZxdbG5tY\/foNn\/\/+hM9\/f8K3L1+xtbGJ3e0d7O\/u4WBvH0cHhzg5OsbZySkuzs5xeX4x41k2aekU1Xnyiswknwz5lH1AvzPpofa0hMqkxASU\/obkxemDQxwfHuHk6BjHh0c42NvHztY2NtbW+Tfwty9fsb66hs31Dd4h2OMatTqa9QY6bQk9pcujHc9xEXh+IsVixWwRFuGI6RdfOpESUdnC0rdQdjRP2RE+YpQ3UDVofRVqrw+110e\/28Pj\/QNur29wfnqGw\/0DbG9uYX11Datfv3HWvq3yz3dnaxv7u3s8rTo7OU0gRj3Xl1cvvoCyvpDeKh7ijuRThHi\/rGhIjH7Y0DyrNd3c3OD68goXZ+c4OTrG4f5BouGfHp9gf3cPezu72Nnaxub6RiIl+PTX3\/jr\/\/6PpwdbG5s8Nbi6uMTN1TW6soKe0kW\/24PWV6FrAy4k27RgqgYsLRkBiRFPmXzKtuSYByYVdjb8QNWh9QfQ+oNEkdgybH4fdj9dG0Dt9SG12ni4u8fF2Tn2d\/f4Z8VEwz6zL58+49uXr9hYW+eflxjVnJ+e4ezkFKfHJzg5Op4J5pmbq2vcXF3j9voGdze3uLt5+cWT\/hIi8VSD5FMAS92yhuOZbMSGyJZksHrQ1cUl5\/L8Ahdn54kOcHRwiKODQxzuH+Bw\/wAHe\/tcSExKLHXbXN\/Axto6T91Yp1v9+g3rq2s8lTjY2+fR1uN9DbWHOtq1FqRWB\/1OD2pPg6kaMAYmF0zez6owuZi6BV0zoPY09JQ+unIPSqeL+9sH3N3c4\/ryBuenFzg+PMH+7gF2tnaxvbmDr5+\/8OiQyWZjbR2b6xvY2thMRDSsUMw+06ODQ5wen+D0+CQR1VxfXnHBZAnn9vrmx+0ZkW8eJJ7Xs1LWAYm3k64RpBHTNDaNnw3vHh8f4\/DwEAcHBzg4OMD+\/j729vawu7s7qyc9s729zQvcm5ub2NjYwPr6OtbX17GxsYGNjY1ZvWl9fSav9WeBra3N5Lazg72dXezvz6KE4+PjWac9PS0lXe9iI3\/svbKlKOx9rK+vY21tjbO6uorV1VWsra0l3+\/mJra2tjjb27P3ubu7i729Pezt7WF\/fx+Hh4c4PDzE0dFRovjPRqhemzYVpVEfkapfrlWfv+rnR\/JZIGWNP2tiI+vMbHiX\/ZuJKT3Ezzp7npzSghJhHZ3BOvpbYM8pPl\/R\/eaRC\/s9j4+PM+XCPqP00od5PneST\/XnJ\/l8YMoav3jf9DC\/2InSghIjJjFqEgXFIicGE5Uoq3nEVYQolSx5sNdII0YsomDESX0sssqa0Ccu\/M1a0jBv5\/jV5bNsqn6+K1WfgHg7Wd9S7FpRhMQoup6OokRBMcT7sRE6UWDiY7MomwGclkk6WimbR5Me3k6LJu\/2eTtH1cjoT2feCDMPks8Syeog86Ro4uLGoseJ9xWlle7s6dvzrpfdP\/2Y9O15EV3WpL3r6+vS+TVFj32PzrPs9vHRqSyfqk9AVKOoIF31D59136zXyXtcWcE8LbW0cIpeY973Ms\/v99bPqOx3W3bb+OjM0z6KIPl84D9e1ccXiefy8rJyzSpNWed\/beMsk0qZfKp2jmW3j0W3n6rP\/9ovpjQknyU2jry0gjFvCjRP48tqEGJHTl+fJ+1Kvxbr9EVFdPH5yz6XKp\/pPJB8qj1\/Zfm85o9FEATxXpB8CIJYCiQfgiCWwkrWcClBEMSiIfkQBLEUVtKzTQmCIH4GJB+CIJYCyYcgiKWwcn56hjzKFhYSBEG8FZIPQRBLYeXsjORDEMTPZ+X09PTFLv6MebbSJAiCeAskH4IglsL\/B6U4Ans2eYIHAAAAAElFTkSuQmCC\" alt=\"\" \/><\/p>\n<h6>Pude\u0142ko apteczne Typ 16 60ml<\/h6>\n<p>\u00a0<\/p>\n<p><!-- \/wp:paragraph --><\/p><\/div>\n\t\t\t\t<\/div>\n\t\t\t\t<\/div>\n\t\t\t\t\t\t<\/div>\n\t\t\t<\/div>\n\t\t<\/div>\n\t\t\t\t\t\t<\/div>\n\t\t\t<\/div>\n\t\t<\/section>\n\t\t\t\t<section class=\"elementor-element elementor-element-6afc46e elementor-section-boxed elementor-section-height-default elementor-section-height-default elementor-section elementor-top-section\" data-id=\"6afc46e\" data-element_type=\"section\">\n\t\t\t\t\t\t<div class=\"elementor-container elementor-column-gap-default\">\n\t\t\t\t<div class=\"elementor-row\">\n\t\t\t\t<div class=\"elementor-element elementor-element-9672660 elementor-column elementor-col-100 elementor-top-column\" data-id=\"9672660\" data-element_type=\"column\">\n\t\t\t<div class=\"elementor-column-wrap  elementor-element-populated\">\n\t\t\t\t\t<div class=\"elementor-widget-wrap\">\n\t\t\t\t<div class=\"elementor-element elementor-element-7554b56 elementor-widget elementor-widget-text-editor\" data-id=\"7554b56\" data-element_type=\"widget\" data-widget_type=\"text-editor.default\">\n\t\t\t\t<div class=\"elementor-widget-container\">\n\t\t\t\t\t<div class=\"elementor-text-editor elementor-clearfix\"><table>\n<tbody>\n<tr>\n<th colspan=\"2\">Sp\u00f3d<\/th>\n<\/tr>\n<tr>\n<td>Materia\u0142:<\/td>\n<td>PP<\/td>\n<\/tr>\n<tr>\n<td>\u015arednica:<\/td>\n<td>52.80 mm<\/td>\n<\/tr>\n<tr>\n<td>Wysoko\u015b\u0107:<\/td>\n<td>33.90 mm<\/td>\n<\/tr>\n<tr>\n<td>Waga:<\/td>\n<td>8.40 g<\/td>\n<\/tr>\n<tr>\n<th colspan=\"2\">Nakr\u0119tka<\/th>\n<\/tr>\n<tr>\n<td>Materia\u0142:<\/td>\n<td>PP<\/td>\n<\/tr>\n<tr>\n<td>\u015arednica:<\/td>\n<td>56.50 mm<\/td>\n<\/tr>\n<tr>\n<td>Wysoko\u015b\u0107:<\/td>\n<td>10.50 mm<\/td>\n<\/tr>\n<tr>\n<td>Waga:<\/td>\n<td>4.40 g<\/td>\n<\/tr>\n<tr>\n<th colspan=\"2\">Komplet<\/th>\n<\/tr>\n<tr>\n<td>Pojemno\u015b\u0107:<\/td>\n<td>60 ml<\/td>\n<\/tr>\n<tr>\n<td>Pojemno\u015b\u0107 ca\u0142kowita<\/td>\n<td>64 ml<\/td>\n<\/tr>\n<tr>\n<td>Materia\u0142:<\/td>\n<td>PP\/PP<\/td>\n<\/tr>\n<tr>\n<td>Wysoko\u015b\u0107:<\/td>\n<td>35.60 mm<\/td>\n<\/tr>\n<tr>\n<td>\u015arednica:<\/td>\n<td>56.50 mm<\/td>\n<\/tr>\n<tr>\n<td>Waga:<\/td>\n<td>12.80 g<\/td>\n<\/tr>\n<\/tbody>\n<\/table>\n<p>Opakowanie jest przeznaczone m.in. do produkt\u00f3w kosmetycznych.<\/p>\n<h2>Pakowanie:<\/h2>\n<table id=\"_technic_table\">\n<thead>\n<tr>\n<th>Nazwa<\/th>\n<th>Pakowanie <small>szt.<\/small><\/th>\n<th>Wymiar kartonu <small>[mm]<\/small><\/th>\n<th>Masa kartonu<sup>*<\/sup>\u00a0<small>[kg]<\/small><\/th>\n<th>Ilo\u015b\u0107 karton\u00f3w na palecie <small>szt.<\/small><\/th>\n<th>Ilo\u015b\u0107 sztuk na palecie <small>szt.<\/small><\/th>\n<th>Pakowanie zgrzewka <small>szt.<\/small><\/th>\n<th>Ilo\u015b\u0107 na palecie <small>szt.<\/small><\/th>\n<\/tr>\n<\/thead>\n<tbody>\n<tr>\n<td>Sp\u00f3d<\/td>\n<td>600<\/td>\n<td>580x380x360<\/td>\n<td>5.9<\/td>\n<td>20<\/td>\n<td>12000<\/td>\n<td>0<\/td>\n<td>0<\/td>\n<\/tr>\n<tr>\n<td>Nakr\u0119tka<\/td>\n<td>1500<\/td>\n<td>580x380x360<\/td>\n<td>7.5<\/td>\n<td>20<\/td>\n<td>30000<\/td>\n<td>\u00a0<\/td>\n<td>\u00a0<\/td>\n<\/tr>\n<\/tbody>\n<\/table>\n<p><small>*Podane warto\u015bci maj\u0105 charakter orientacyjny i nie mog\u0105 by\u0107 podstaw\u0105 do roszcze\u0144<\/small><\/p>\n<h2>Mo\u017cliwo\u015bci zadruku:<\/h2>\n<div class=\"hidden-lg\">\n<div class=\"_flex_table pl\">\n<div>\n<table>\n<thead>\n<tr>\n<th rowspan=\"2\">Nazwa detalu<\/th>\n<th colspan=\"3\">Pole zadruku &#8211; SITODRUK<\/th>\n<\/tr>\n<tr>\n<th>dno <small>[mm]<\/small><\/th>\n<th>obw\u00f3d <small>[mm]<\/small><\/th>\n<th>g\u00f3ra <small>[mm]<\/small><\/th>\n<\/tr>\n<\/thead>\n<tbody>\n<tr>\n<td>Sp\u00f3d<\/td>\n<td>x<\/td>\n<td>7 x 153<\/td>\n<td>x<\/td>\n<\/tr>\n<\/tbody>\n<\/table>\n<\/div>\n<div>\n<table>\n<thead>\n<tr>\n<th class=\"hidden-lg\" rowspan=\"2\">Nazwa detalu<\/th>\n<th colspan=\"3\">Pole zadruku &#8211; TAMPODRUK<\/th>\n<\/tr>\n<tr>\n<th>dno <small>[mm]<\/small><\/th>\n<th>obw\u00f3d <small>[mm]<\/small><\/th>\n<th>g\u00f3ra <small>[mm]<\/small><\/th>\n<\/tr>\n<\/thead>\n<tbody>\n<tr>\n<td class=\"hidden-lg\">Sp\u00f3d<\/td>\n<td>x<\/td>\n<td>x<\/td>\n<td>x<\/td>\n<\/tr>\n<\/tbody>\n<\/table>\n<\/div>\n<div>\n<table>\n<thead>\n<tr>\n<th class=\"hidden-lg\" rowspan=\"2\">Nazwa detalu<\/th>\n<th colspan=\"2\">Mo\u017cliwo\u015b\u0107 zastosowania HS <small>(wtop)<\/small><\/th>\n<\/tr>\n<tr>\n<th>na obwodzie<\/th>\n<th>na g\u00f3rze<\/th>\n<\/tr>\n<\/thead>\n<tbody>\n<tr>\n<td class=\"hidden-lg\">Sp\u00f3d<\/td>\n<td>**<\/td>\n<td>x<\/td>\n<\/tr>\n<\/tbody>\n<\/table>\n<\/div>\n<div>\n<table>\n<thead>\n<tr>\n<th class=\"hidden-lg\" rowspan=\"2\">Nazwa detalu<\/th>\n<th colspan=\"3\">Pole zadruku &#8211; ETYKIETA<\/th>\n<\/tr>\n<tr>\n<th>dno <small>[mm]<\/small><\/th>\n<th>obw\u00f3d <small>[mm]<\/small><\/th>\n<th>g\u00f3ra <small>[mm]<\/small><\/th>\n<\/tr>\n<\/thead>\n<tbody>\n<tr>\n<td class=\"hidden-lg\">Sp\u00f3d<\/td>\n<td>***<\/td>\n<td>***<\/td>\n<td>x<\/td>\n<\/tr>\n<\/tbody>\n<\/table>\n<\/div>\n<\/div>\n<\/div>\n<p><small>**Do ustalenia po otrzymaniu projektu<\/small><\/p>\n<p><small>x Brak mo\u017cliwo\u015bci zadruku<\/small><\/p>\n<p><small>Podane wymiary zadruku (mm) (wysoko\u015b\u0107 x d\u0142ugo\u015b\u0107)<\/small><\/p>\n<p><small>***Mo\u017cliwo\u015bci etykietowania okre\u015blone przez odbiorc\u0119<\/small><\/p><\/div>\n\t\t\t\t<\/div>\n\t\t\t\t<\/div>\n\t\t\t\t\t\t<\/div>\n\t\t\t<\/div>\n\t\t<\/div>\n\t\t\t\t\t\t<\/div>\n\t\t\t<\/div>\n\t\t<\/section>\n\t\t\t\t\t\t<\/div>\n\t\t\t<\/div>\n\t\t<\/div>\n\t\t","protected":false},"excerpt":{"rendered":"<p>Pude\u0142ko apteczne Typ 16 60ml \u00a0 Sp\u00f3d Materia\u0142: PP \u015arednica: 52.80 mm Wysoko\u015b\u0107: 33.90 mm Waga: 8.40 g Nakr\u0119tka Materia\u0142: PP \u015arednica: 56.50 mm Wysoko\u015b\u0107: 10.50 mm Waga: 4.40 g Komplet Pojemno\u015b\u0107: 60 ml Pojemno\u015b\u0107 ca\u0142kowita 64 ml Materia\u0142: PP\/PP Wysoko\u015b\u0107: 35.60 mm \u015arednica: 56.50 mm Waga: 12.80 g Opakowanie jest przeznaczone m.in. do produkt\u00f3w [&hellip;]<\/p>\n","protected":false},"author":1,"featured_media":0,"parent":446,"menu_order":10,"comment_status":"closed","ping_status":"closed","template":"","meta":[],"_links":{"self":[{"href":"https:\/\/pepsyna.com\/index.php\/wp-json\/wp\/v2\/pages\/1094"}],"collection":[{"href":"https:\/\/pepsyna.com\/index.php\/wp-json\/wp\/v2\/pages"}],"about":[{"href":"https:\/\/pepsyna.com\/index.php\/wp-json\/wp\/v2\/types\/page"}],"author":[{"embeddable":true,"href":"https:\/\/pepsyna.com\/index.php\/wp-json\/wp\/v2\/users\/1"}],"replies":[{"embeddable":true,"href":"https:\/\/pepsyna.com\/index.php\/wp-json\/wp\/v2\/comments?post=1094"}],"version-history":[{"count":2,"href":"https:\/\/pepsyna.com\/index.php\/wp-json\/wp\/v2\/pages\/1094\/revisions"}],"predecessor-version":[{"id":1221,"href":"https:\/\/pepsyna.com\/index.php\/wp-json\/wp\/v2\/pages\/1094\/revisions\/1221"}],"up":[{"embeddable":true,"href":"https:\/\/pepsyna.com\/index.php\/wp-json\/wp\/v2\/pages\/446"}],"wp:attachment":[{"href":"https:\/\/pepsyna.com\/index.php\/wp-json\/wp\/v2\/media?parent=1094"}],"curies":[{"name":"wp","href":"https:\/\/api.w.org\/{rel}","templated":true}]}}