{"id":1092,"date":"2019-12-18T15:52:42","date_gmt":"2019-12-18T15:52:42","guid":{"rendered":"http:\/\/pepsyna.com\/?page_id=1092"},"modified":"2020-01-02T11:57:03","modified_gmt":"2020-01-02T11:57:03","slug":"pudelko-apteczne-typ-11-w-50ml","status":"publish","type":"page","link":"https:\/\/pepsyna.com\/index.php\/pojemniki-plastikowe\/pudelka-apteczne\/pudelko-apteczne-typ-11-w-50ml\/","title":{"rendered":"Pude\u0142ko apteczne Typ 11 W 50ml"},"content":{"rendered":"\t\t<div data-elementor-type=\"wp-page\" data-elementor-id=\"1092\" class=\"elementor elementor-1092\" data-elementor-settings=\"[]\">\n\t\t\t<div class=\"elementor-inner\">\n\t\t\t\t<div class=\"elementor-section-wrap\">\n\t\t\t\t\t\t\t<section class=\"elementor-element elementor-element-22d93705 elementor-section-boxed elementor-section-height-default elementor-section-height-default elementor-section elementor-top-section\" data-id=\"22d93705\" data-element_type=\"section\">\n\t\t\t\t\t\t<div class=\"elementor-container elementor-column-gap-default\">\n\t\t\t\t<div class=\"elementor-row\">\n\t\t\t\t<div class=\"elementor-element elementor-element-279f4ee9 elementor-column elementor-col-100 elementor-top-column\" data-id=\"279f4ee9\" data-element_type=\"column\">\n\t\t\t<div class=\"elementor-column-wrap  elementor-element-populated\">\n\t\t\t\t\t<div class=\"elementor-widget-wrap\">\n\t\t\t\t<div class=\"elementor-element elementor-element-2a52f1ae elementor-widget elementor-widget-text-editor\" data-id=\"2a52f1ae\" data-element_type=\"widget\" data-widget_type=\"text-editor.default\">\n\t\t\t\t<div class=\"elementor-widget-container\">\n\t\t\t\t\t<div class=\"elementor-text-editor elementor-clearfix\"><p><!-- wp:paragraph --><\/p>\n<p><a href=\"blob:http:\/\/pepsyna.com\/ad62f729-af45-4363-ba74-60b1c9687d25\"><img loading=\"lazy\" class=\"aligncenter\" title=\"Pude\u0142ko apteczne Typ 11 W 50ml\" src=\"data:image\/png;base64,iVBORw0KGgoAAAANSUhEUgAAAJcAAADBCAYAAADCSCKTAAAYh0lEQVR4nO2d6VrjSM+GOf9DmpmepiELEEhCFtuxnTibs0Azp6DvR79PfYoou+wsxAn68VzdQOKl6rakUqnKN0mSkEp1Ct2c+wJU16ub6XRKKtUpdHPuC1Bdr27OfQGq69XNuS9Adb26OfcFqK5XN+e+ANX16mY2m5FKdQopXKqT6WY+n5NKdQopXKqTSeFSnUzfDq7FYpGrQ4\/vikNOfX2n\/n6Z4ytcR9a54Ve4FK7vAdepG\/vSVHV4L0kKl+pkulkul\/Sd5GqQQ4\/vsmynvr5Tf7\/M8RUuoVPHfOeGQ+E6I1yTyeQguVIR54bjS+E69GDnkgyil8slpWn66efl8o+rSpKEJpMJjcfjXMVxbP4PYHhdOO8AnJ\/D4zo+PxaqB3gOzNVx5273MrpYuGwNz5++2WxGSZIYYKIoojAMnWUiLpAlbBIUl1uUwPJz2xKttnu7FF0kXGhoWCY0OjpjNpvRZDIxQIVhaCxS0Rl9dDgsHqxeFEVGOCZ3i64VMdKNZoHKLRnuNU3Ts7d9KbjOHQPtKzQ2BwvWSnYeLMpi4Y6pODxSYRhaXV3R70dRVDh2S5JkBzB+v5eii4NLNjIsFSxNHMc0mUzM04+nCG4mjuNCAjTcksjj4bwc6LKWS4rHZvwezt3ue8GFzroUrVYr4x5450KyY2DNEHcVDeht1mO5XNJ6vd65hvl8vnMNLnfrgo1bQ5uLPHf7l9HFwbVerylNUxNX2SwN7zgZ0Lssh8typelnV8zjM5f45\/l3slyjDPjP3f5XDddms6E0TY0L5AE7OoRDJd2ky3LZRpB5Ab8EpUjJjW3QwCHLg\/Pc7X\/VcCHuSpKEhsMh9ft9CoKAwjAk3\/c\/WR7uauI4PnhFiwse6dak5XMdH4DhwYErx6CEpyrgqlerFa1WK2PVq6KLhGuxWNB4PKbhcEiDwYBGoxFFUURBEJDv+wY2HmPZAm4bMC63dih83AVKlz0ajWg0GhlLDEvIA3oZ5KdpauBCLFgVXRxcCOSjKKLhcEjD4dB0BgBDB\/FcVNEM\/KHw2HJk\/Nxw4xym0WhEQRCYa4\/j2MRX6\/XaWCSkUpDsxd+rBtVFw5UkCY1GIxoOhxQEgYmr+PSKrYMlaDwu4\/GZK\/+UJxyH58Y4TBJ+Prrl0Gw2G9putybG5AOYJEloPp8bVwj4eKqmCro4uJbLJY3HY\/I8jzzPM4lNdK4tH8bzXK48lSsJWiQ\/lmcZZWIXMdN6vabNZkPv7+\/0\/v5Ob29vtNlsaLVa0WKxoOl0aq5vMpnQfD6nNE0VrmNqtVpRHMc0HA7J9\/2drDfPxKPht9stvb29fRKsgnQrRaeeXEleblVghXBOCL\/jkmDJhwPWDhUWVY23LhKuzWZDcRzTYDAg3\/c\/WQjERWh4wPX+\/k6\/f\/82lmFf\/f79O1c2kPn3bX\/nksADLgAG6wjXqKPFI2q73Rq4giD4VM6CoTqsCLce6DhYDQ7dx8cH\/ffffwfDJS0UQJGyXcf7+\/uOxYPl4rMAHC6MGnGfiM+qoqPDZWvIMlosFqbB0bCr1cq4iTRNKYoiGgwGZqSIGGS9Xu\/Ahe\/Z3M++4m5tHwGcLHct3Xaa7gbz0+mUoigi3\/dNnm84HFKSJLTdbg9u\/6uGC9Zps9mYOGaz2dDb2xut12taLBamcUej0ad5QDkPx63WMUA7Blz8OiRQ3LJxC5amf1xkGIbkeR71+33q9\/vU6\/VoMBhQHMdHa\/+rhQuNj\/gBcROe4vF4TEEQkOd55knmozDpFmVHVQUu7hL58aXVwkgx+d+kfBAEJnmMETNmJhaLRbXgOvRiji0OAgdtPp\/TeDwm3\/ep1+tRr9ej0Wj0KdOO4NcGVhXhksd9f3+n7XZLaZqaylWewcfPyHchRTGdTk3VRp6+si8rBxcEV7jZbGg2m5mk6Wg0on6\/T91u18RcfPTEp0WkC6pKzCXh4rEYrAdmIqQlRhzKk6gYSVYOLtfFlNWxLowH9XyqZ7FYUBiGJqBHxhv5rryAXrqgc8NlG1HCcq1Wq53cGqwuLBoGMNx9LhYL5\/nLeo5DVDm4pDtMkoQ8z6MgCMyIaDqdmjk5uAw5SQ0XKQE7N1xZwMFiASxUWEgXiJHjZDKhNE0NMLBsCpfDHeJYsFoYDaFzMRyHO+RJVIAGwLgFOwZkp4ALYKVpalIMvV6PXl9fqdfrked5FEWRmUICcEjbZFnEq4PrUC2XS\/P0BkFA3W6XPM+j2WxG6\/XaVESgrIYnFWGpeMyCxCMsnExVcMvmyp6\/vb0VejikqwM4y+Uys6wZ+vj4MOfh1guT377vG9jQVuv1OnMAc05VDi50EKwWhtm8SC6O4x24UM2ATDafY5QTw7xagnccKhZcVQ+uuce8KtfJZJI5DwnJyWz8DqNE1KxJuE5hea4OLjz1qF3ipcfonMlkslOvxas1bZPHRVwiLJNrYtpVFWGrFJXXw+9Vnp9\/DkH9ZDLZGS0rXAfCtVwuTXwBkKIootVqtRN3AC4EvWWSvZvNxszrfXx80MfHh3Nu0RWT2SarbXOPefFbmqbGJcqiwjAMTQ0bZi8A17n77iLgQuCJkeLr6yt5nkfj8ZjW67VZnIF4i8MlF2XIbD0Xj4X4VFOeXPDxe5HnwWiQB+H4O84vCxh5gjRNU1PNqnAdANh6\/Sd4932fXl9fyfd9E9QDLlm6DNcpF0fwDL4t5cHdpuvaXG7TBi6vx+Kbl2SVQiO2422B5CkepvF4\/AkuPtKugioHF6wWfsbocDweG+vD4ULHIPVg61QexLvWJRYdDWYpL9jHbjt5ku4aiVOe30J7AECFqwRcsACIU5AkRCMi5pJw8aVXshoVbgsdwCeF+ajRVebMa+JtwuojzBzwevkoij4F94jTEJvhHnmRIM\/V8Zquq4Pr1Ek4OcKTx95sNmZZGYoFeSLVtvUQj7dk4C2D70OTkK6Av2j74v\/SCs9mM2N9UUePe0R+8KuSpBcHFwcrC7jJZEKe55kqAR6zuOCS55ApimMG9Ps+XHLQIV08BjAyFfFV\/XOxcMkqAQnDarUyq394sWBRuLJqz2zQ7SNXCmRfuHBfPA2zXC53oC5ST1dpuE4tuUgBHY6\/T6dTCoLALNCQi1xdcOVlx4s0\/qHbCrk63\/YgyP3HoigytWy8zYrAq3CxESMPwOfzuannQu6Lr6pGXquI5TrVk3xopa78vG1HnTiOzcCBjzDP3XcHw+VyC8eGi5egRFFkkqqAi5fb2KZeshKoWffk6vxDA\/6ypcKAS+41MRqNTGiA\/N9X9M9Fw8VHVAi2kZnGcjK5AQmsVxHL5QLsUDgO\/b5cLY54C1YLFjr535YGsF688lbhKgAXr0YdjUbU7XYpjmPTqHziGvVO+wT0\/PwuOI5tmWxwcUmXGEWRmdIaj8cm9pJ1a1cJ16FarVY7+ZrtdkuTyWTHUsnthnhClW\/zyOGSgfwx4i4bUIcG\/NIdcrgAWJqmZmSMtMxqtTIhRVVUObjW67VZowjrNR6Pqd\/vk+\/7n7YfcsFV1IXtY7n2AapsrOWCC2kZJFHPDVSl4dpsNjvTNNvtn+X7r6+vpp5JTq\/wESPmCmW1aZbbkoAViakOsVTHggu1Y9iUReEqqN+\/f5v\/b7dbiqKIOp2OsV4Yhmdt8iZ3vLEFyVmA5Vm1rNisTExVxhpmwbVcLk2MiTUGyNafG6iLgAsNBbja7bZJP8itKW3lN9JF2l514oq\/OOCuxRr4zlfBhT0ywjCkfr+vcBXRarXamUDmcGGxBvaJ4LEWn2O0ldJAeYBhOC\/B4hPctg1DOGzHGk3mwbVYLMzUVxAE1Ov1dlYCVUWVg0vGDtJycavFdxTkxYHcWsk3i9k2ccuyYDh\/1sogmwU7NVwoJESpM4opFa4C4jP96Nw4jnfg4ius5Ya4tt3\/eAfZdgnMcl\/8nvPcYlYsZtOhqQgOF1ZHVRauYx9w35wR7xyeithsNhSGoYELdVxyhbUtO88h4ZaDQychc8VcKGDkOwVK0GxpirKjS14azXeIxj5dmLzGNgeTyaR6ea7vAJd0S2Xh4oDJ7SdliZA8T9G9VPOsrcJVIbhcK36KwmUDTMZaLqjkLtJFwZLTPgpXBeCSNfQcMOmabHDlpSRs95l1XG51ZDqkiGyrhFARoXBVAK6sYL0IXHmASbD48bLgkqPVInDZXj6lcJ0ZLvlunDJwFcnO7wuXTI+4ZLNaCtcZ4cqqigAEReByWbA8l2gb7e0jHshzsBSuisBlC6CLwuWKv2xBPD++hEvGUkWtlsJ1ZDixP9V6vd5JonY6HRoOh2anQT79Y8vQ2+KYoknULLjyRqDHdItZcMltnwBXkiSF1l0qXAqXwqVwKVwKl8KlcClcCpfCpXApXAqXwqVwKVxfpzRNzc7Gm82f7b2fnp7o9fWV+v2+WcbOV1vzwsE8uFwVCa5iPw6cBAvnlHDI63JBJctseKUt9kTFKqjBYECDwUCTqNcEl81qKVwK10ngynNrXAqXwpULk6wP49bKFi8hFrStRsqTwvUN4ZLlO1lwZa1MUrgUrlJw2cDgozxpwbKkcH1juGR9GOItwJBV4KdwVURVh8tWFGiDS77+TuE6s5BA5f8uFgtqtVrU7XZLwyULBI8pCe587n5Dhgsu22cAKvbCULiuHC4bWAqXwnUSqODKFC6FqxA8NrmSngqXwnUQXLag2xZ8K1wVuIgqwVV0eqYMUApXRVR1uLKgkvkshUvh2hsuG1gKl4Cr7KLVKsA1GAx2AON7oqJzJGCyQLBM\/FWmauFYskGFez0nXGVYUbgULoVL4VK4FC6FS+FSuBQuhUvhUrgULoVL4aoyXKfWZrMxUC2XS7MR3MvLC7Xb7YPhKqM8oDhUZZKouE7+Wpmsz\/KFsPzdRmEYUhAE5Hke9Xo96vf7NB6Pd16EWgV9C7j2lcL1jeHCO4AkXEmSKFwV0MXBhcaUcPFX4cF6AQ4Oy6nhcknhugC4sPEuf+ciJrCla+RSuBSuTLiwAmg4HO68wYxXR6BC4hxwcRBcUrgqCFev19uBS74xFh0GIDgkCpfC5YRrMBh8gkvu1wXrxaVwfWO4ttstzefznQ3g1us19Xo9enl5oU6ns1M0yOMu+eIDWK8y7rBMSfM+QCE2lC98z4vP+HfwcgPf92k4HJqHLY7j0klOhUvhUrgULoVL4VK4FC6FS+FSuBQuhUvhUrgUrmuCq+zuxacWNrTFv5vNn83gPM+jZrNpXnZgy9KHYeiEy7XotUwxYFaSM0\/7gIgHJ4oiCoKAfN8nz\/NoMBh8guvc\/celcO0JV1ZWXuFSuA6CK2+6R+FSuPaGa1+LpXBVQJcC1z5gKVwKVy5ceW6QFy0qXArXQXBJsBQuhevocPHOV7gYXFkvsjyXOGRpmtJ6vablckm+79PDw8NO0SBfBTQajT6VPI\/Hu0vNbGXPUmWKAW2d71IZ+LLg8jyPhsMhDQYD6na71O12KQzDnXarghQuhUvhUrgUrsrD5ZLCpXApXApX9eCSOyXnSeFSuBQuhUvh+nZwldkM7SuUpinN53Nzgfh\/HMdUr9fp+fmZXl5eTMEgEqlBEJjCQb4Cmy+QLQNUkXlEdDjOWURl4LMdH0WCg8GA+v0+dTod6nQ6NBqNKE1P817JfaVwKVwKl8KlcClcCpfCpXApXAqXwqVwKVwKl8J1TrhcVQOuRaWHXtBisaDpdGp+ns1mtFwuKYoiqtfr1Gq16Pn52RQMIpHq+z75vu+Ei8Pj0j5wIZlbRC7gbMe0JVE7nQ4FQVBqY7uv0EXDxbP0WXDxLH0ZuIqs8jkHXKhCVbhOCBefAoJrdO2RWhSuousSzw0Xd4u+7xfqny+FS\/7CBdeh8BVRHlxPT087cCHugvXinSbhOpbFOjdcMuZqt9sGrirpIuFqtVrUbrd3gnrP88wrW6T1AizHiLPODRd3iZWHq+wXXMV2x4AzD67Hx0dqtVpmxIigHoChQiLLNbrkcoNVgAtvKuv1etRut6ndbpPneYULIr9KFwnX09NTLlwATMJVBDBXfFUVuPr9voHr5eVF4To1XHhlC7dex4CrTB5K4WJwlYXj1Bc0n\/9ZgYP4L0kSWiwWO3DxVATPdbms1jHgKpKHKioJGY4lE684Ll8Mq3AdABfOx+Gq1WpWuLDLIDL1WVbrmHBlWSuFq+JwJUmyA9d8PqcwDKlWq9HDwwO1Wq1PcPFpoFPDlecGFS4Gl5xbc32hTA36PuJAzWYzmkwmVriQ55JvMQNgiGUASta+o1n7kGbBdQyLdUq4Tt0\/ZVQ5uGazGSXJ\/79xjMN1f39PDw8P9PT0ZPJcMu7i1ovHXUUhKwrXoWB9C7ikW3B9oUiu6BABKDTUeDym2WxGo9GI7u\/vqdls5sLFM\/U2uMrIBleeG+TVGeeC69T9U0YXCxffNjwLLsRdXMeES4KlcFUcrul0mgnX3d2dFS5eHSHhkrmpU8AFsBQuAddX++G82C1JEgPTdDo184Kz2YyGw+FOzMULBnkS9dRw2QJ6mwXLkgsuCRSHyvM8c78ot8Ek\/nA4pDiOMx\/YY6nycOVd7Hg8Nr8Pw9D87HkeNRqNT3DJDD0P6g+By5aJLxLQ7wNXnrWScOFeARcsuOd51tSLTL9cNVy2i5SjtSRJKI5jCoKAoiiiJEkoCAJqtVo70z+oRuXW6xhwZYEFuPJGimXgygMsCy48RNiyEgMbz\/Os01RylOwC4qhwlfnwscWH\/jLwxjxaEAQGtG63a+DiNV2wXrbqCNucYFEd02KVtWBF4ULcORwOzXf4seT951m1on1WVGeBi1spdKJ8ahFfYDIaLwtHPRcWaiBTb7NesoHLQHbMOGuf+CsPLgT0KHHmL9ritW1yxoKPnstatL3gKvPhY0qCxUdEKOHlLq\/f79Pr6yu1Wq0duLKsVxZcZZXlqmxg8Vr+LMnPyOMVibnQFihxRuzZ7\/eNbGECwgzpNjlgZZLMLp0FLgkWb0SAhamd19dX84R2Oh0DF6+l543L4eKdBR0CVp7F4tbCBVceYEVGiwALhYIADOJzrkUWsFwNXDzGQt6INyAaD43U7Xap3W4bS\/X8\/PzJetkCe5tL2BcuV5yFji8DF\/9sWbjQJi8vL8Z6S9DkpD4vA5ex2L5zr0649p0a2Vdy1CU7CWafQ8afUg4Xyp153GVzBbCIg8HAWeznUpkkqg2oPGsIV24DSwbxz8\/P9Pj4uFP2bQNLWi7byHlfeCoHF+9Y2xPKR0O9Xm\/HerXbbXp8fKSHhwdqNpvUbDZN48I98oUbtic1K+DF51wlNGUCeg6VzFPZAu4oij6VD6FN0BatVouenp522kCmZmxg4VqvGi4JmMwdyWmOXq+3Y70eHh6o0WhQrVaju7s7ur+\/p3q9bpKrMsDlCdbBYPDJwshRWp7l4cP9LLBsQOW5TJlikFDgVcOwVPf393R\/f2\/uvdFo7Ezky5SMBPiQudbScO2T\/zlEeZBJa8YBgwXDU1ur1ej29pZ+\/vxJt7e3dHd3R7VazRp38JGU7TwcEld+yRXQu4Cygcvhl5YbD9T9\/T3d3t7Sv\/\/+u3PPjUbDFE\/2er1PsVxWviurb47Z15WAKysOAmB4orFO7\/n5eafBoV+\/ftH9\/T3VajVqNpum0WGxRqNRJhDoVFfQXgYsm2SqQLrpTqdDLy8v9PT0RM1mk2q1Gv369Yt+\/vxpoAJYWFPQbrdNKsZmkYvm+PZNNmfCdUgOaB8VuSgJmMzz4IlutVr08PBA9XqdarUa1Wo182T\/\/PnTwIY5ycfHR2v1Kp8qco328twgYOHWhw9QeKITAxYMUp6enozbu7u7+2SV6\/U6NRoNajab5l74hiw8t8fdvKvtT9nXXw5XEeDy0gEyS43RE9IUzWaT6vU63d3d0c+fP+nHjx\/0999\/099\/\/01\/\/fWX6ZisVdsAQsYtRcFC8leOdJE2QAz58vJCj4+PVK\/X6fb2ln78+EH\/\/PPPjmWSZd22PJaEyjZPmdXWttHy1cFVRrY0A09hSLfSaDSoXq8b\/fjxw1g37kYbjQY1Gg1j2eSIywaZzWJxqAA8rNLDw4OxqtzF\/fr1ywjXgiDdVghpG+WifbKqLM4CV5kczyWIWzZYEG49eJ6MdzqG9RxEm5BbypLr+9yt8Ql4zEDwei1bzu7c7VtGVwdXGH6u3LTFP9x18eklnu0+hbKmaLhbttWm5RUWVlVXB1devCaTo7Z0gEs8OLfJ9X2ZxZfQyATvpYIVhiHd2Br+2sRvOG\/qpsjc4KFyXWseeFkPSlV1dXC5ivBcmXU53XNsyWuU11L04bgE3Zy6Mb9aLlNdpPOLwrvP913HO\/T8VdK3gMvWOcewjIfCeU0gfQu4ZMfkxT\/nuL6sQsFrAYrr5tQBrOr7SuFSnUwKl+pkuilTLqJSldH\/AWBofQmLG5s\/AAAAAElFTkSuQmCC\" alt=\"Pude\u0142ko apteczne Typ 11 W 50ml\" width=\"151\" height=\"193\" \/><\/a><\/p>\n<h6>Pude\u0142ko apteczne Typ 11 W 50ml<\/h6>\n<p>\u00a0<\/p>\n<p><!-- \/wp:paragraph --><\/p><\/div>\n\t\t\t\t<\/div>\n\t\t\t\t<\/div>\n\t\t\t\t\t\t<\/div>\n\t\t\t<\/div>\n\t\t<\/div>\n\t\t\t\t\t\t<\/div>\n\t\t\t<\/div>\n\t\t<\/section>\n\t\t\t\t<section class=\"elementor-element elementor-element-dabf34a elementor-section-boxed elementor-section-height-default elementor-section-height-default elementor-section elementor-top-section\" data-id=\"dabf34a\" data-element_type=\"section\">\n\t\t\t\t\t\t<div class=\"elementor-container elementor-column-gap-default\">\n\t\t\t\t<div class=\"elementor-row\">\n\t\t\t\t<div class=\"elementor-element elementor-element-d4f6524 elementor-column elementor-col-100 elementor-top-column\" data-id=\"d4f6524\" data-element_type=\"column\">\n\t\t\t<div class=\"elementor-column-wrap  elementor-element-populated\">\n\t\t\t\t\t<div class=\"elementor-widget-wrap\">\n\t\t\t\t<div class=\"elementor-element elementor-element-2ca0ebb elementor-widget elementor-widget-text-editor\" data-id=\"2ca0ebb\" data-element_type=\"widget\" data-widget_type=\"text-editor.default\">\n\t\t\t\t<div class=\"elementor-widget-container\">\n\t\t\t\t\t<div class=\"elementor-text-editor elementor-clearfix\"><table>\n<tbody>\n<tr>\n<th colspan=\"2\">Sp\u00f3d<\/th>\n<\/tr>\n<tr>\n<td>Materia\u0142:<\/td>\n<td>PE<\/td>\n<\/tr>\n<tr>\n<td>\u015arednica:<\/td>\n<td>36.10 mm<\/td>\n<\/tr>\n<tr>\n<td>Wysoko\u015b\u0107:<\/td>\n<td>72.60 mm<\/td>\n<\/tr>\n<tr>\n<td>Waga:<\/td>\n<td>9.10 g<\/td>\n<\/tr>\n<tr>\n<th colspan=\"2\">Nakr\u0119tka<\/th>\n<\/tr>\n<tr>\n<td>Materia\u0142:<\/td>\n<td>PE<\/td>\n<\/tr>\n<tr>\n<td>\u015arednica:<\/td>\n<td>32.00 mm<\/td>\n<\/tr>\n<tr>\n<td>Wysoko\u015b\u0107:<\/td>\n<td>15.30 mm<\/td>\n<\/tr>\n<tr>\n<td>Waga:<\/td>\n<td>2.90 g<\/td>\n<\/tr>\n<tr>\n<th colspan=\"2\">Komplet<\/th>\n<\/tr>\n<tr>\n<td>Pojemno\u015b\u0107:<\/td>\n<td>50 ml<\/td>\n<\/tr>\n<tr>\n<td>Pojemno\u015b\u0107 ca\u0142kowita<\/td>\n<td>57 ml<\/td>\n<\/tr>\n<tr>\n<td>Materia\u0142:<\/td>\n<td>PE\/PE<\/td>\n<\/tr>\n<tr>\n<td>Wysoko\u015b\u0107:<\/td>\n<td>74.90 mm<\/td>\n<\/tr>\n<tr>\n<td>\u015arednica:<\/td>\n<td>36.10 mm<\/td>\n<\/tr>\n<tr>\n<td>Waga:<\/td>\n<td>12.00 g<\/td>\n<\/tr>\n<\/tbody>\n<\/table>\n<p>Opakowanie mo\u017ce by\u0107 u\u017cywane do produkt\u00f3w spo\u017cywczych.<\/p>\n<h2>Pakowanie:<\/h2>\n<table id=\"_technic_table\">\n<thead>\n<tr>\n<th>Nazwa<\/th>\n<th>Pakowanie <small>szt.<\/small><\/th>\n<th>Wymiar kartonu <small>[mm]<\/small><\/th>\n<th>Masa kartonu<sup>*<\/sup>&nbsp;<small>[kg]<\/small><\/th>\n<th>Ilo\u015b\u0107 karton\u00f3w na palecie <small>szt.<\/small><\/th>\n<th>Ilo\u015b\u0107 sztuk na palecie <small>szt.<\/small><\/th>\n<th>Pakowanie zgrzewka <small>szt.<\/small><\/th>\n<th>Ilo\u015b\u0107 na palecie <small>szt.<\/small><\/th>\n<\/tr>\n<\/thead>\n<tbody>\n<tr>\n<td>Sp\u00f3d<\/td>\n<td>700<\/td>\n<td>580x380x360<\/td>\n<td>7.3<\/td>\n<td>20<\/td>\n<td>14000<\/td>\n<td>0<\/td>\n<td>0<\/td>\n<\/tr>\n<tr>\n<td>Nakr\u0119tka<\/td>\n<td>4000<\/td>\n<td>580x380x360<\/td>\n<td>12.5<\/td>\n<td>20<\/td>\n<td>80000<\/td>\n<td>&nbsp;<\/td>\n<td>&nbsp;<\/td>\n<\/tr>\n<\/tbody>\n<\/table>\n<p><small>*Podane warto\u015bci maj\u0105 charakter orientacyjny i nie mog\u0105 by\u0107 podstaw\u0105 do roszcze\u0144<\/small><\/p>\n<h2>Mo\u017cliwo\u015bci zadruku:<\/h2>\n<div class=\"hidden-lg\">\n<div class=\"_flex_table pl\">\n<div>\n<table>\n<thead>\n<tr>\n<th rowspan=\"2\">Nazwa detalu<\/th>\n<th colspan=\"3\">Pole zadruku &#8211; SITODRUK<\/th>\n<\/tr>\n<tr>\n<th>dno <small>[mm]<\/small><\/th>\n<th>obw\u00f3d <small>[mm]<\/small><\/th>\n<th>g\u00f3ra <small>[mm]<\/small><\/th>\n<\/tr>\n<\/thead>\n<tbody>\n<tr>\n<td>Sp\u00f3d<\/td>\n<td>x<\/td>\n<td>**<\/td>\n<td>x<\/td>\n<\/tr>\n<\/tbody>\n<\/table>\n<\/div>\n<div>\n<table>\n<thead>\n<tr>\n<th class=\"hidden-lg\" rowspan=\"2\">Nazwa detalu<\/th>\n<th colspan=\"3\">Pole zadruku &#8211; TAMPODRUK<\/th>\n<\/tr>\n<tr>\n<th>dno <small>[mm]<\/small><\/th>\n<th>obw\u00f3d <small>[mm]<\/small><\/th>\n<th>g\u00f3ra <small>[mm]<\/small><\/th>\n<\/tr>\n<\/thead>\n<tbody>\n<tr>\n<td class=\"hidden-lg\">Sp\u00f3d<\/td>\n<td>x<\/td>\n<td>x<\/td>\n<td>x<\/td>\n<\/tr>\n<\/tbody>\n<\/table>\n<\/div>\n<div>\n<table>\n<thead>\n<tr>\n<th class=\"hidden-lg\" rowspan=\"2\">Nazwa detalu<\/th>\n<th colspan=\"2\">Mo\u017cliwo\u015b\u0107 zastosowania HS <small>(wtop)<\/small><\/th>\n<\/tr>\n<tr>\n<th>na obwodzie<\/th>\n<th>na g\u00f3rze<\/th>\n<\/tr>\n<\/thead>\n<tbody>\n<tr>\n<td class=\"hidden-lg\">Sp\u00f3d<\/td>\n<td>x<\/td>\n<td>x<\/td>\n<\/tr>\n<\/tbody>\n<\/table>\n<\/div>\n<div>\n<table>\n<thead>\n<tr>\n<th class=\"hidden-lg\" rowspan=\"2\">Nazwa detalu<\/th>\n<th colspan=\"3\">Pole zadruku &#8211; ETYKIETA<\/th>\n<\/tr>\n<tr>\n<th>dno <small>[mm]<\/small><\/th>\n<th>obw\u00f3d <small>[mm]<\/small><\/th>\n<th>g\u00f3ra <small>[mm]<\/small><\/th>\n<\/tr>\n<\/thead>\n<tbody>\n<tr>\n<td class=\"hidden-lg\">Sp\u00f3d<\/td>\n<td>***<\/td>\n<td>50 x 100<\/td>\n<td>x<\/td>\n<\/tr>\n<\/tbody>\n<\/table>\n<\/div>\n<\/div>\n<\/div>\n<p><small>**Do ustalenia po otrzymaniu projektu<\/small><\/p>\n<p><small>x Brak mo\u017cliwo\u015bci zadruku<\/small><\/p>\n<p><small>Podane wymiary zadruku (mm) (wysoko\u015b\u0107 x d\u0142ugo\u015b\u0107)<\/small><\/p>\n<p><small>***Mo\u017cliwo\u015bci etykietowania okre\u015blone przez odbiorc\u0119 <br><\/small><\/p><\/div>\n\t\t\t\t<\/div>\n\t\t\t\t<\/div>\n\t\t\t\t\t\t<\/div>\n\t\t\t<\/div>\n\t\t<\/div>\n\t\t\t\t\t\t<\/div>\n\t\t\t<\/div>\n\t\t<\/section>\n\t\t\t\t\t\t<\/div>\n\t\t\t<\/div>\n\t\t<\/div>\n\t\t","protected":false},"excerpt":{"rendered":"<p>Pude\u0142ko apteczne Typ 11 W 50ml \u00a0 Sp\u00f3d Materia\u0142: PE \u015arednica: 36.10 mm Wysoko\u015b\u0107: 72.60 mm Waga: 9.10 g Nakr\u0119tka Materia\u0142: PE \u015arednica: 32.00 mm Wysoko\u015b\u0107: 15.30 mm Waga: 2.90 g Komplet Pojemno\u015b\u0107: 50 ml Pojemno\u015b\u0107 ca\u0142kowita 57 ml Materia\u0142: PE\/PE Wysoko\u015b\u0107: 74.90 mm \u015arednica: 36.10 mm Waga: 12.00 g Opakowanie mo\u017ce by\u0107 u\u017cywane do [&hellip;]<\/p>\n","protected":false},"author":1,"featured_media":0,"parent":446,"menu_order":9,"comment_status":"closed","ping_status":"closed","template":"","meta":[],"_links":{"self":[{"href":"https:\/\/pepsyna.com\/index.php\/wp-json\/wp\/v2\/pages\/1092"}],"collection":[{"href":"https:\/\/pepsyna.com\/index.php\/wp-json\/wp\/v2\/pages"}],"about":[{"href":"https:\/\/pepsyna.com\/index.php\/wp-json\/wp\/v2\/types\/page"}],"author":[{"embeddable":true,"href":"https:\/\/pepsyna.com\/index.php\/wp-json\/wp\/v2\/users\/1"}],"replies":[{"embeddable":true,"href":"https:\/\/pepsyna.com\/index.php\/wp-json\/wp\/v2\/comments?post=1092"}],"version-history":[{"count":3,"href":"https:\/\/pepsyna.com\/index.php\/wp-json\/wp\/v2\/pages\/1092\/revisions"}],"predecessor-version":[{"id":1219,"href":"https:\/\/pepsyna.com\/index.php\/wp-json\/wp\/v2\/pages\/1092\/revisions\/1219"}],"up":[{"embeddable":true,"href":"https:\/\/pepsyna.com\/index.php\/wp-json\/wp\/v2\/pages\/446"}],"wp:attachment":[{"href":"https:\/\/pepsyna.com\/index.php\/wp-json\/wp\/v2\/media?parent=1092"}],"curies":[{"name":"wp","href":"https:\/\/api.w.org\/{rel}","templated":true}]}}