{"id":1089,"date":"2019-12-18T15:51:35","date_gmt":"2019-12-18T15:51:35","guid":{"rendered":"http:\/\/pepsyna.com\/?page_id=1089"},"modified":"2020-01-02T11:52:07","modified_gmt":"2020-01-02T11:52:07","slug":"pudelko-apteczne-typ-11-n-50ml","status":"publish","type":"page","link":"https:\/\/pepsyna.com\/index.php\/pojemniki-plastikowe\/pudelka-apteczne\/pudelko-apteczne-typ-11-n-50ml\/","title":{"rendered":"Pude\u0142ko apteczne Typ 11 N 50ml"},"content":{"rendered":"\t\t<div data-elementor-type=\"wp-page\" data-elementor-id=\"1089\" class=\"elementor elementor-1089\" data-elementor-settings=\"[]\">\n\t\t\t<div class=\"elementor-inner\">\n\t\t\t\t<div class=\"elementor-section-wrap\">\n\t\t\t\t\t\t\t<section class=\"elementor-element elementor-element-4b2d0cfe elementor-section-boxed elementor-section-height-default elementor-section-height-default elementor-section elementor-top-section\" data-id=\"4b2d0cfe\" data-element_type=\"section\">\n\t\t\t\t\t\t<div class=\"elementor-container elementor-column-gap-default\">\n\t\t\t\t<div class=\"elementor-row\">\n\t\t\t\t<div class=\"elementor-element elementor-element-72916002 elementor-column elementor-col-100 elementor-top-column\" data-id=\"72916002\" data-element_type=\"column\">\n\t\t\t<div class=\"elementor-column-wrap  elementor-element-populated\">\n\t\t\t\t\t<div class=\"elementor-widget-wrap\">\n\t\t\t\t<div class=\"elementor-element elementor-element-4c5886ae elementor-widget elementor-widget-text-editor\" data-id=\"4c5886ae\" data-element_type=\"widget\" data-widget_type=\"text-editor.default\">\n\t\t\t\t<div class=\"elementor-widget-container\">\n\t\t\t\t\t<div class=\"elementor-text-editor elementor-clearfix\"><p><!-- wp:paragraph --><\/p>\n<p><a href=\"blob:http:\/\/pepsyna.com\/478816cb-1d13-405a-957e-52a716ec3614\"><img loading=\"lazy\" class=\"aligncenter\" title=\"Pude\u0142ko apteczne Typ 11 N 50ml\" src=\"data:image\/png;base64,iVBORw0KGgoAAAANSUhEUgAAANkAAACTCAYAAAADfbx8AAAfBUlEQVR4nO2d13bjOLOF+\/1facZZlpUpKpNUzg79zyPUueiz0cUyAmValkThYq\/lbstiwocKKBR\/7XY78vLyOp5+nfoEvLyKLg+Zl9eR5SHz8jqyPGReXkfWSSHbbrdW5f3+\/X5v1anP79i69uvPe3\/y3j\/IQ1bgQXbt15\/3\/njI\/CDz13\/k+1MIyE59E099fv76z\/v+eMi+4Sae+vz89Z\/3\/SkEZMceBHm\/\/9IH6bVff97r85D5Qeav\/8j3x0PmB5m\/\/iPfn2+D7JQ3Me9FZrkJuuvZbre02WwOPr\/X19eU5Pet12tarVa0XC5puVzSarWyar1eW7XZbKzKev7n+nyuRYWHzAaaTEVLkEyDW0LA4VosFrRYLGg+n+eGyPX3rhR73pT7qQdnUXQ1kHF4sl4vBjMsD4dosVh8gmo2m9FsNqPpdJpJ+LxJ\/Fg6uSCUQJtgO\/UgLLquEjKAxn+Gy8fdPW5NOGQmoCaTCU0mExqPxzQejylJEqvwOZNcEOI8TcJEANfVw+Yh+xHI+O\/4TK+zVDqwJFASLA6XC5L5fG6VyxK6\/h4CbDwOhEtqcpu9PGSZIdNdD6wWd9n4YMSAdFmovJbIBYfr77NKwiatm8nCnXpwFkWFhkxey3a7TVkt1yB3QSStmc26feXvvxtCk4UzuZOnHpxF0VVAxq3XarVS7h8HD9ABjiRJaDKZWBMWeZIaWSyZK\/HxVcvG3U2exOGgbTabkw\/OoigXZD8BRx5tt1t6e3ujt7c32mw2qYTAdDql7XZLq9VKwRXHsVKSJLmzgy4tl0va7\/\/Ei8vlMhVnTadTJ2RZYzKXJZzP5woyrL\/hGby\/v9Pb25uapHC+3tJ5yBRkSHis1+tUMmM2m6V+5u6dyYJ9N2SLxULFQAAf1uUnIMM1LJfL1Lobsqp8ktrtdinIfMzmIVOQ7fd\/0vOwYAj0ZdYQcRAGXpbsXl7IAPp6vVbHA2Q4h2MKcd96vVb3DBYf57bf7xVkuJ8eMg\/ZJ61WKzWoMUPrQOPwZEksfIe7Bqj4v7PKZemyWEJYMcRhcJ9xH2DNMFl5yDxkn85vu93SfD5XiQwOmVwf46BlsVTfYU1wTA6b\/PlYkMl7ICedOI5ptVqlFux3u521asbryiBD\/eFkMqHhcEhxHKtKDgT5NtCOPchhYRF\/8cxnlr93VXy4hOvncHENBgNaLBYqrgVkpx60l6ZCQ\/b29kbr9ZriOKZer0fD4ZDm87kazLIq3jTYjgUZrOx0OlVuG4csL0RZJa8f4He7XZrNZp92HZx60F6aCg3Z+\/s7rddriqKIOp0O9ft9NaA5KKZtKceGbL\/fK8hWq5VK0CDz6Noqkxcufhxu1abTKY3HYwrDkKbTqRYy7zJ+E2SXrtVqRe\/v79Tr9ajZbFKv16Ner0fT6ZSSJNECI2d3U30jkga6vWOyet8k1zFdf++Sa5LgKXucDwBLkoT6\/T5FUUS73Y7+97\/\/0W73d+3Rr5N5yBRkb29v1O12U5BNJhO12MyTGCarZioitkGaRbr4SgfhMWMybsFgVcfjMcVxTIPBgEajkYcspwoN2Xq9ptfXV+p0OtRsNqnf71Ov10uVTWFtDKBwqGTBrFyszWvJTLFRVncw76ZOfo6IxTABccg2mw19fHyoe+Eh85ApoUKh3W5Ts9mkwWBAvV7v054uWDQO2WazUdUO7+\/vKb29vRkTAbr2BCbJndCH7mR2Xb\/r76VV1UE2HA6V241zws+nfr6XokJDBuvTbDap2WzScDikbrebqk9EGRUgg4WQkH18fNDHx0cKNC4OIT7rktxIqttYapPr712WjAOGtTEO2XA4TKXxAZaH7DAVGrL9\/o81q9fr1Gw2aTQaUbfbpSiKKI7jVK0i4jLutsG6SKvhsmAA7\/fv31ZJUA+FJG+PEGnJeEyWJImCbD6fq3v5+vqqXMdTP9tLUaEhQ2FwrVZLQTYajSiOY229oi4RYWp6Y3LtcHwJkdR+n3bpJDx5u125JGM\/vkY2mUxoNBqpZQ+cl4fMQ5bS6+srrVYrqlar1Gw2KYqiT5DJEiqeMeSDWUKVZeu+KybSLQ\/wAe+CLK8l0y0p8FIvE2S\/f\/\/2kB2gi4YMs\/9+v1fxEAY6X4gOw5Da7TZ1u13q9\/s0Go1SO5R54iNL1k6XvXMlI6S1ksCaYMtSqXFIFpNPHHLZQqbxkcofjUYqnsUSyKmf\/SXp4iHDwN5sNjQej6nX69FgMKDJZEK9Xo9arRY1m03qdDo0Go2UZEzG0\/jcTSwCZDoXc7PZfFpr4xlG3Jsoimg4HFK\/36dOp0NhGNJoNKLlcnny538pumjI9vu\/5T2LxYI6nQ5VKhUVf4VhSI1Gg+r1OoVhSMPhUCU9eGZRF5cdug517pBxuHjMp8suAjC4i1C321WTFcrCvAoOGV+vms\/n1O\/3KQgC6vf7yu3p9\/vUbDap1WpRp9OhwWBAcRyrASX3kPHZvSiQmRI3OuuF9D2KqjudDvV6PRqNRhRFEUVRRLPZzBcKXwtk7+\/vtNlsaD7\/s8sXrs14PFaDaDQaUbvdpiAI1IAZDoepHh6msqoiQCYtGE948CQH4i8upPBHo1GqHcJms6H39\/eTP\/9L0UVDtt\/\/cROTJKEoimgwGFC\/36c4jmmxWKjZuN1uK7hQ9dHv97WJj0NS45cCma5GEdlUXW9JVMPg39PpVF0vvstX4V8JZAjep9OpAgqB+WKxoPF4rAJ2ZBURxGOGRozGqz6ygnbukEkrBuslC6T5+iC3brBwaEOABXLZ0cqrwJDxwTSbzWgwGFAYhpQkifoMsoxIPwMuAIh\/AzRe9VEkyGDFZrOZsvwAjK+54XOLxYKiKFL3ilsvD9gVQbbdbtVsi4GHrCFm21arpQDrdruUJImKMXQxCazdYDDQxma6ig9T0a78nIyLTP\/PU+qy8oSfg4wjuYXBQvxsNqPRaESdToeCIKB2u60se7vdpjAMlSuN5Q1cPzKK8\/lcrUFyi3bq538pKgRkk8lEDUrEEqjAD4JA7SNDcTCSIzydr1src72FxbUfTHfOGKi6ygyeUsd3SjeOu3K4B8vln93MURRRv9+nMAxVljWOY7VBE1Ums9lMpeg5UBCq7z1kHjLabrdq8CGgBzAYDO12O7XOgy0cMrvIS6owsF397G0lWbLYmFdfABpdWRWHiich4jhWKXRYHFhoNAmaTCapmFK3R05mF1GjiHQ9qmI8ZB4y2u\/3qbUengBBrd3r6yuFYahm516vp2b7KIqcDUt1ZUn8eLJiQgJlawGHNTxuZVFRgTIwuSVHdjd2tU8ADLB03FrjOrgF7Ha7CjLvLnrIaL\/\/Y8kwMyObiIVmbsng\/vR6PZWFxOyNWVsmPnQFtBI4V1W+jNe4q7her+n379+pfWpyu4spHsMx9vu92vwJqPlWFWRMeWKDWzC++Iw1RsCFe+Mhu3LIMOCQyseAmc\/nalAjNoH7E8exsmQI9nWlVlh8NRXX2hIhEN9bxveMAQ5dRpH3DtEtIHNLKusuMTngXHQbMXGd+Ddvw4A4la8lesg8ZGrAzudzBQsg22w21Gq1FGSIxVBapavZw6yODKSuGkSXzs\/SRkCm7KV1k0Bx4HQLx\/zzsglOFEW0Wq3UlhW4grgH3C3GMdDFazQaeXfRQ\/YXMlgGDtlisVCWAl2qANl4PFbuIR9oOiHBEEVRKgOJgekCTAccB0MmIqQlk8kYaVG5BeKTA64VmdUkSWi5XKZ6i+iSLsg6YinDQ\/YDkLk2HeZV3pPnr\/WZTqfK\/VssFqoPRRiG1Gq1UoMPP\/PUPG9BAHeMx3tyAA6Hw1Q2LooiVR0hkyC6hAm+k1sobqV4gkNuOUGSBOtcsFA4B0wErsV0fi46S8gnpu12Sx8fH5\/e8JJHpx4\/HrIMgsu13\/9dL0IFAyxHGIbKmiHljRnfBZlt17G0TLyinW\/fB5AYsFydTudTRpGr1WqpBWSAhOoUWCdbdtNVMeKCDHFZkiQp93a3231LgfCpx4+HLINkoxtd0Wqv11NuE2b9rJDJOMx2LF3cZeo8hc\/KDKYOAH58eb06F1S6nFnajOsqX9Cqod\/vp9Ydce7oUeIhKzhkmE3h\/mCGRUp8vV6rRdbBYKAGDao+skBm69aL3\/GSptfX19Q58PZxupZv\/H7oEiaAiCdCuLWUOuTVTzL+QxYSkxDW8OI4ps1mo9xFnJOH7Mogw0NHUL5arajb7aomOlj7QUlVFshs5U+2AmJdtymTiyYXqnmc5oLItLMb15DFmkloOWTD4ZBarRbV63Xq9XoqoZS1L6SHrACQwX0CcLBe2Kj58PBANzc3VC6XKQgCtQ0G8ZILMtOWEb4+Z+sMJe+hzDK6IHTFXFndQZMkZDLpEUUR1Wo1ur29pYeHB2q1WjQej2m329F\/\/\/3nIbsGyOAiwh3bbDYUxzE1Gg16fHykh4cHur29pXK5rLoIY7Mm1otskMn0uYROptVlZb4LIld2UVoZ2R7AZgWzvNhd\/o3Mno5GI2q1WvT8\/EylUokqlQoFQUBJkvjs4rVAxmOd9XpNSZJQu92mcrlM9\/f31Gg0qFKpUKPRUG5Pp9NRQX2WFL5Nui0qHE5dUa4t6yfhtvUfwTYWuaBsc0dd7qmEjFflo\/MXd789ZBkhOzZIx9RisaD\/\/vuP3t\/fKQxDenx8pFqtlto7BSFNzqXrhy8Hs65+EIC5Nku64DJlFAGICxZdORa3ZK7Eh85V5NUeqPrnbRuw5NBut2n2\/w11kBDBPZGZyGvXRUO23f55V9ZqtaIwDFU7OCzWcqGsCGtlWAOSO6ORdctSs+jamaxz4bhL6HL3dFBw+GRCRH7O9f2yr4fcTgO3lFs2fm+xVsd792Opw0NWEMje399puVzScDhUHamwcAuQOFCACsL\/Icjnleuz\/6\/cMCUdpOuog8yUGOG\/t1k92143lEHJ3\/FzNQEFuTal6qr0+fYcxLWr1So18e12Ow9ZUSD7+Pig4XBI1WqVWq1Wyp3hg0Hu+IUO2fmskws0lyUx\/T+gcMVSpkwhJK9PXqdpaQBw66wcL0\/DfeY70QHaT8T0l6KLhmy3+9PD4+Hhger1emrrPd\/pC8smQbNt2MQgtiUOTAkL\/L0ru+iK2zh8ugEv+yTC1YN0mz11Bcey8sN1XJSLId7FiwJhvTxkBYJsNptRrVaj+\/t7tWAaBIGKy5DgAGwSNN5fEFBxN89W66dLwUt3TFdlz+WydDYrgmvg++E4THAjTaVZcnuNrL3MErd1u10KgoC63S4tFgsFGapfvAoAGVzFUqmkwAqCQLXk5pDpLJncxgLrZBuMro2WfJDy4mBZIIx+kLJImBcKm9w9Pjno3kijWyzXSbf0wC2YjOP4Gh2gR+Z2NpvRfr9X1Ta6XeHXqouGrNPpUK1WU4ukSN1zyLgV47M\/3ysmO1bBCsjyIRxXbv\/H\/+l2MdtKqVzupO7F8dwqmdbb8J2685KL7NKS2gCTkCVJoiYGQMbT+KceH+eii4ZsNBqpt7ZgsRnuC0AzxWVcAE+um\/FMoqyAx6xtqmvMIumKSvfRlXhxfb9pQyjPnuoWvwGXCzJY6jiOablc+sRHESFLkoRarRY1Gg0ViyHjBTdGB5p0HU19PkzpcVsVCB\/kum7BtrYE0sU7BFjboriuGgXXZosrs7iLaOXgISsoZLPZLAUXuuPyDZGmBelut\/spNrO1X+NrUroCXt0gd52\/rpKd\/95V1uXalKlzRXWxo67an1+7rm6Sr5vFcUyr1SoF2anHxjnpoiFbLpcUBIF6yR9vQY1kh026JAjv5iTT+7LCXbdAbFuwPlQuS+VyJ2UsaFqTMy1lmCBDdhFrkWja4yErIGTr9ZparRZVKpVUnSLS97oqD57t44BxyCDXOhqXzsJl3Wry1a0qWavs5XXAUvFz14l\/XreUAI8AkMEy694RcM26aMg2mw01Gg16fn5W\/TBarZayarLSg78tUrega6uI0MkEW1a5\/tYGdZZj2ayVbSsM\/l52w5K98+GGj0YjD1lRIdvtdtRoNKhUKlGr1VLNZ7hFk4XAupS9yVK5Bqnrsy5I5GekBXP9fR7JihVdKt9Wu8gX+yVkPBPrdeGQvb6+KshQHMwh4+tkvBAYkMkZPGtnJx0EugoJlyWUCQYJW16QbK6kDjBdDMbbEWC7i2xJp4PMV30wyFxp5nPWbpe2ZEEQqHUyzLQ8syjXyeDyLZdLVeD69vam+tPbukGZXCw+yG17xbAYrasdxGB3ZQ9NFtA0MegmDn5MmUHk94pXrcANR0\/LOI5pt0sv0mPLi9e22JDJKnwpWDRUVKBuUR5H1vdhULsygLqWdehkxV8yIXvk47hZ3FVbwsRVzcHhQgcvvmdMJobkCyk8ZB4yY90gBgqv9JDFtTZLZHO\/dAXAqM7gb8LkCQIO8qEpeltCRa6JyVS8zL6aMq18I6eHzENmhIzXK\/KZWZZTyQ2LcpsIB8qVctetmdn65ssiZFeBsIwJs9Qb8q0qcme4rHSRlR4yLvOQeci06XsOE4dIVjhgbYhDJz\/nSqHzJQOdJAQSBpe7qAOHW265M1zGVzIu4+thgM4EGQqwPWRXDhmv7NC5hbbYBtk5mRjgC7Lcqug2TupqHrkVc1V5uCwZ3\/3NxS054JN1mbaWc\/zdZboUPn8rqIfsyiHjMYeuPlFubtS5e3y2l4PRtamyXq8rNRoNajQaqv9js9n89Dsp\/lmdTJUrkK3JzmKx+PRqKBmX8glD10zHQ+Yh+1SbKCs+eJZNgmaKtXhig1sfrJtxEHXuGAfTVVnichdd3aqybPrUWTDZZoBPHvL91h6yDJC5ds+eu7rdLj0\/P1O1Wk31WpQt4Hg2UcZEup7yrsVcCZwOTttidRbpukfZuk1l6T7l+i4ZH8qWcIjHsBjdbDYpiiLabv8mb3a73aduXdeswkCG3dGngMxkASVgHrLr1MVD1ul0UpDx3os\/AZltzSoPYB6y4uiiIVuv1ynIeFymaztwKGSHbEU5xIIdOvC\/Kg\/ZeejiIQvDkEqlEr28vJwMskPisK8MfA\/ZZatwkAG074DMJdv+L517eChAugGv2\/\/mITtvXTRkq9UqBVmz2VSg4f3QPwXZIRYsqyXykBVDhYDs6elJvejv1JC54rBD3D0PWTH0K2+zl1OKQ\/YVS8YHKwabbhNlFrkyiN8VZx0LQt13yl0MHDK0eGg0GjQajVIlYYDs1OPjXHRVkPHyKg+Zh8xD9g2QmV40IfdLecg8ZB6ynJDptr3wN0meK2QuiDxkl6HCQyatGS8Y9pB5yDxkOSFzuYznDpltw6fuJYAesvNU4SGzvZ\/MQ+Yh85B9I2QyLvOQecgKAVnWt464Xv1j+\/4gCOjx8ZGen59Tu4nRePOcIXMNchdkOuAOiel0n+XfKbt78QY67XabarUaBUFAcRyrxWfUcuZ97VMRhHF+0ZDJio88kGHQfwUy13YWU0mV7v\/yQsavJytkpmO6IGs0GtRutz9BtlgsUpbtWlUIyDabP\/vJeO3iVyDj1uzQ8qqvAobj2SzPIZDpQMsCme14LsjwXrgo+vNWl+12qwaXh4xB9hMH+apc37\/Z\/N0Z\/RXI+OCULiO3aFnk2s6ig8llwXS9InU6JE4zSTbNQfs3G2RBECjIlsvlJ8jyPv+i6KIhW6\/XuSyZqbzqUMi+AlgWdy0rZHlBMx3TBRnu8XA4pMViQZvN33bmHjIG2SkP\/pXW11J5Eh+yjlEmI\/K0C9Bl8+TAdg123QsLbW3gDs0+ys\/rulO5IMN74GazmXIRMUFmaTNeZBUCstlsRs1mk+7v76lUKqkehogVskCme43tVyA7FDAJgW6wZ4HMBtpXLZju\/QEmyFqtFnW7XRqPx8rDOPXgPhcVArLJZEL1ep3u7u7o6ekpN2Sm2OwQyExrUrqB7YrDskKm6yv5VchML+mwQRaGISVJop6L6d0A1yYF2U8c5KuQuTSZTKhSqdC\/\/\/5LT09Pqe67vD2cruoD215OCZlLLrB078K2uY822SDTLULj1cGNRoPCMKTJZKK8C\/5yDq\/F5UNWq9Xo9vY2E2TcmknIbFnGY7iKlw4ZrBjcRUDG3yPgVQDIptOpNiYDZADNVCgsB6SMy04J2DlCxttzAzZkF2ezmXqm3ooJyFxtz\/LIdfC83z+bzajdblOpVKLn52eq1+squ4iuVZh1JWRy24t0GWWmMWuPDNMi8FdS8+cKGbdovV6P4jim+Tz9oncem127Lhqy+XxOvV6PKpUKlctlqtVqnyCT1oy\/rytrlvEUgJ0bZBw0btGGwyFNp9NP3st3Pd8i6NchRbCHynXwvN+\/XC5pOBxSo9GgSqWiIGu1Wp+smW1vmc6ayYqMLHK5hl\/NHJ4TZPwdaO12m6Lo73vY+MT6Hc+3KLp4yOI4piAIqFKpULVa\/QQZQJOQ4eWAsu+Hzm08R8BOAZkEDcXBcA15VvEnBu+l6KIhW63+vI2y3W5TtVq1QibjMh1kptjsEMgOGcSXCBkHLQgCtT7GIcPPPzGAL0G\/Tu2vflWLxZ9auel0Sr1ej2q1GpVKJSqXy1Sv19VaDncXZeLjGJbskPiLQ3IMuY5vapmHeyGhHQ6H1Ov1KAxDCoJA3avJ5POLFLkLeaxJ9tiT+FVA5rqRcEuiKKIgCKhcLlOpVKJaraYGgi3xobMCX4Hsq0mOvBC5LJ3LeiFpE8efuwTL1wHLtTJs1kySJAVZ1mf3HYPXQ\/ZNkNk0Ho\/Vz4PBgGq1mnrrJhZLAZouJuODSLqMWZMgWQtuzxEym1sZx7E2bc+Fe2DasXDswXsxkJ36BGyybSmZTCapBxxFkdoSX6vVVA2jLcNoA02XbZSw5S3wPba76Dq+qeErrk9aLul283uhW9qQz+uQ\/XlZdOj4OZUuAjJTfSB+xsAeDAYUhqFK6WcFzZTSd8VpWavZjwWZTEhIuY6Pa0D81e\/3U2tgvCCYJ4+QNJLXLS2haVfD1UF26hOwSQcXH9hJktBoNEoB0u\/3qdVqKcgkaLIyX1o1W6ZOguZK0x\/bUrnkchdlBlGWTpk2afJ4TUomT\/IWXtuUdfycWmcPmQRMDmY+QPgiabPZTNUySmtm6jB8SELEZcGODVHemM91D2TVve7+6fpbStebW7bvBM1D9g2yAYZ0MgYETy3jgdfr9dQeMxtkMpXNQdMNFhNkPxlzufaL4fpMwnlzV1H27+DbWqQ4fPg8rJzO7f5u0C4GslOfgE0uyLirw90cud+pXq9TrVZTBcSILQAbAJNJAJ0rxY8jrYCE8pCaR51MMRhfDOYWRkq3vYdfi0xkSPcQC\/y4d9z9lpOW7lg\/Yc0uQWcNmQk0PgMDNgkarBpAQ9aRWzYeZ+gsm8tt5ANTl+rmjX10kilxnTg0HKogCD7FlDJjqrPMuE\/4O\/yM+4V7Va1W6fn5mcrlMr28vKjaUN3u86\/0UDn1uPKQGWAzpc25ZeMDn79ytVarUaVSoZeXFyVXzCYzkdLS6UDnA9eV\/XMBxsGV8U+73dYmbnhMpZs4ZGKj0+lQEARUr9fp5eWFnp6e6OHhge7v7+nh4YEeHx9VJU21WlXeADZr8hI1U+UMB+zU4+gkkB2yZ+qnJSHTuVgcOJMbiW632BLz\/PxMpVJJ7UN7eXlRFfw8puNWRAeBHNR8FkfMaJMr5jLVDAIW6SbKycEFMaxWuVymx8dHuru7o5ubG7q5uaF\/\/\/1XgYaWe7hHOJZ0C23VMrZnWnRdHGQcNg6dhI0DhwFZr9dToD0+PtLT05MCDTM1T5TY4h75\/9LtdA1yV2JC5za64jAubs1lfFqtVunx8ZEeHh7o7u6Obm9v6ebmhm5vb+nu7k7tNi+Xy1SpVKher6umObCatuUN\/oyyPtOi6tehe6Z+UjqwTL83VWEglY3sIx9sCOy5GwkAZTwiAeQlW5DMvrkg0mXsuEzfjZhOun8y3Q5LBTfw\/v6ebm5u6J9\/\/qF\/\/vmH7u7uFFCwWICKXy9\/Bze3XLpKmKzPS\/f7ouqsIbOVNNkeqC1u02UK+UzPY7enpyd6enpSbmW5XFbgyY7FOjiQbDFJQirlSoDosqh80uCWCi4gdHNzo66lWq0qmHi2UPeWUl25WZZnkuV5FlVnDZmudpAr68PEA5XQycoH2ZEJMPCBC9B07qasmXS5cy5LpnMR+e9xXth98Pj4SPf393R7e0u3t7d0f3+vrBTefMNjTxyj0+loy7BM2VVX8TSei+3ZoWLnGvTLtaBZZLnKjmSmUrpj3HWT8Q4AgPiaE1LhLvFMqE66dSxuWWU5mew96br+Uz+foshDlkE8iSLXoGzt0myZP6TO80jX71+el+5d2QDIQ\/Yz8pBZxN1R+Tcy8NeVVunS+rwKIm8Vval0SXd9+D\/pjnvIjq9fWWfza5SM8ThgOsj472Qdo6uYV6csFta20fSQCcXrePKQWaQbnC4wslqfQ3YuZzmW7vc6wA6B2Ot79OsrM2xRlAWyQ9xN2\/fr4PhOS6b7fF53+dTPpyjykH0jZKa\/N4GW9\/wOkYfsdPKQWeRyx1y\/lwNWrkEd45qyJkiy6NTPpyjKBdkh8YeX17XKQ+bldWR5yLy8jqxfef742D0svLyKIA+Zl9eR9SvPH7vKgry8vPr0f1A7GXBwe9nJAAAAAElFTkSuQmCC\" alt=\"Pude\u0142ko apteczne Typ 11 N 50ml\" width=\"217\" height=\"147\" \/><\/a><\/p>\n<h6>Pude\u0142ko apteczne Typ 11 N 50ml<\/h6>\n<p>\u00a0<\/p>\n<p><!-- \/wp:paragraph --><\/p><\/div>\n\t\t\t\t<\/div>\n\t\t\t\t<\/div>\n\t\t\t\t\t\t<\/div>\n\t\t\t<\/div>\n\t\t<\/div>\n\t\t\t\t\t\t<\/div>\n\t\t\t<\/div>\n\t\t<\/section>\n\t\t\t\t<section class=\"elementor-element elementor-element-a0aa5bc elementor-section-boxed elementor-section-height-default elementor-section-height-default elementor-section elementor-top-section\" data-id=\"a0aa5bc\" data-element_type=\"section\">\n\t\t\t\t\t\t<div class=\"elementor-container elementor-column-gap-default\">\n\t\t\t\t<div class=\"elementor-row\">\n\t\t\t\t<div class=\"elementor-element elementor-element-c0ae24e elementor-column elementor-col-100 elementor-top-column\" data-id=\"c0ae24e\" data-element_type=\"column\">\n\t\t\t<div class=\"elementor-column-wrap  elementor-element-populated\">\n\t\t\t\t\t<div class=\"elementor-widget-wrap\">\n\t\t\t\t<div class=\"elementor-element elementor-element-380dad9 elementor-widget elementor-widget-text-editor\" data-id=\"380dad9\" data-element_type=\"widget\" data-widget_type=\"text-editor.default\">\n\t\t\t\t<div class=\"elementor-widget-container\">\n\t\t\t\t\t<div class=\"elementor-text-editor elementor-clearfix\"><table>\n<tbody>\n<tr>\n<th colspan=\"2\">Sp\u00f3d<\/th>\n<\/tr>\n<tr>\n<td>Materia\u0142:<\/td>\n<td>PE<\/td>\n<\/tr>\n<tr>\n<td>\u015arednica:<\/td>\n<td>52.90 mm<\/td>\n<\/tr>\n<tr>\n<td>Wysoko\u015b\u0107:<\/td>\n<td>51.30 mm<\/td>\n<\/tr>\n<tr>\n<td>Waga:<\/td>\n<td>8.60 g<\/td>\n<\/tr>\n<tr>\n<th colspan=\"2\">Nakr\u0119tka<\/th>\n<\/tr>\n<tr>\n<td>Materia\u0142:<\/td>\n<td>PE<\/td>\n<\/tr>\n<tr>\n<td>\u015arednica:<\/td>\n<td>42.60 mm<\/td>\n<\/tr>\n<tr>\n<td>Wysoko\u015b\u0107:<\/td>\n<td>18.20 mm<\/td>\n<\/tr>\n<tr>\n<td>Waga:<\/td>\n<td>5.90 g<\/td>\n<\/tr>\n<tr>\n<th colspan=\"2\">Komplet<\/th>\n<\/tr>\n<tr>\n<td>Pojemno\u015b\u0107:<\/td>\n<td>50 ml<\/td>\n<\/tr>\n<tr>\n<td>Pojemno\u015b\u0107 ca\u0142kowita<\/td>\n<td>79 ml<\/td>\n<\/tr>\n<tr>\n<td>Materia\u0142:<\/td>\n<td>PE\/PE<\/td>\n<\/tr>\n<tr>\n<td>Wysoko\u015b\u0107:<\/td>\n<td>53.80 mm<\/td>\n<\/tr>\n<tr>\n<td>\u015arednica:<\/td>\n<td>52.90 mm<\/td>\n<\/tr>\n<tr>\n<td>Waga:<\/td>\n<td>14.50 g<\/td>\n<\/tr>\n<\/tbody>\n<\/table>\n<div id=\"_detail_spec_table\">\n<p>Opakowanie mo\u017ce by\u0107 u\u017cywane do produkt\u00f3w spo\u017cywczych.<\/p>\n<h2>Pakowanie:<\/h2>\n<table id=\"_technic_table\">\n<thead>\n<tr>\n<th>Nazwa<\/th>\n<th>Pakowanie <small>szt.<\/small><\/th>\n<th>Wymiar kartonu <small>[mm]<\/small><\/th>\n<th>Masa kartonu<sup>*<\/sup>&nbsp;<small>[kg]<\/small><\/th>\n<th>Ilo\u015b\u0107 karton\u00f3w na palecie <small>szt.<\/small><\/th>\n<th>Ilo\u015b\u0107 sztuk na palecie <small>szt.<\/small><\/th>\n<th>Pakowanie zgrzewka <small>szt.<\/small><\/th>\n<th>Ilo\u015b\u0107 na palecie <small>szt.<\/small><\/th>\n<\/tr>\n<\/thead>\n<tbody>\n<tr>\n<td>Sp\u00f3d<\/td>\n<td>500<\/td>\n<td>580x380x360<\/td>\n<td>5.2<\/td>\n<td>20<\/td>\n<td>10000<\/td>\n<td>0<\/td>\n<td>0<\/td>\n<\/tr>\n<tr>\n<td>Nakr\u0119tka<\/td>\n<td>1800<\/td>\n<td>580x380x360<\/td>\n<td>11.5<\/td>\n<td>20<\/td>\n<td>36000<\/td>\n<td>&nbsp;<\/td>\n<td>&nbsp;<\/td>\n<\/tr>\n<\/tbody>\n<\/table>\n<p><small>*Podane warto\u015bci maj\u0105 charakter orientacyjny i nie mog\u0105 by\u0107 podstaw\u0105 do roszcze\u0144<\/small><\/p>\n<h2>Mo\u017cliwo\u015bci zadruku:<\/h2>\n<div class=\"hidden-lg\">\n<div class=\"_flex_table pl\">\n<div>\n<table>\n<thead>\n<tr>\n<th rowspan=\"2\">Nazwa detalu<\/th>\n<th colspan=\"3\">Pole zadruku &#8211; SITODRUK<\/th>\n<\/tr>\n<tr>\n<th>dno <small>[mm]<\/small><\/th>\n<th>obw\u00f3d <small>[mm]<\/small><\/th>\n<th>g\u00f3ra <small>[mm]<\/small><\/th>\n<\/tr>\n<\/thead>\n<tbody>\n<tr>\n<td>Sp\u00f3d<\/td>\n<td>x<\/td>\n<td>**<\/td>\n<td>x<\/td>\n<\/tr>\n<\/tbody>\n<\/table>\n<\/div>\n<div>\n<table>\n<thead>\n<tr>\n<th class=\"hidden-lg\" rowspan=\"2\">Nazwa detalu<\/th>\n<th colspan=\"3\">Pole zadruku &#8211; TAMPODRUK<\/th>\n<\/tr>\n<tr>\n<th>dno <small>[mm]<\/small><\/th>\n<th>obw\u00f3d <small>[mm]<\/small><\/th>\n<th>g\u00f3ra <small>[mm]<\/small><\/th>\n<\/tr>\n<\/thead>\n<tbody>\n<tr>\n<td class=\"hidden-lg\">Sp\u00f3d<\/td>\n<td>x<\/td>\n<td>x<\/td>\n<td>x<\/td>\n<\/tr>\n<\/tbody>\n<\/table>\n<\/div>\n<div>\n<table>\n<thead>\n<tr>\n<th class=\"hidden-lg\" rowspan=\"2\">Nazwa detalu<\/th>\n<th colspan=\"2\">Mo\u017cliwo\u015b\u0107 zastosowania HS <small>(wtop)<\/small><\/th>\n<\/tr>\n<tr>\n<th>na obwodzie<\/th>\n<th>na g\u00f3rze<\/th>\n<\/tr>\n<\/thead>\n<tbody>\n<tr>\n<td class=\"hidden-lg\">Sp\u00f3d<\/td>\n<td>x<\/td>\n<td>x<\/td>\n<\/tr>\n<\/tbody>\n<\/table>\n<\/div>\n<div>\n<table>\n<thead>\n<tr>\n<th class=\"hidden-lg\" rowspan=\"2\">Nazwa detalu<\/th>\n<th colspan=\"3\">Pole zadruku &#8211; ETYKIETA<\/th>\n<\/tr>\n<tr>\n<th>dno <small>[mm]<\/small><\/th>\n<th>obw\u00f3d <small>[mm]<\/small><\/th>\n<th>g\u00f3ra <small>[mm]<\/small><\/th>\n<\/tr>\n<\/thead>\n<tbody>\n<tr>\n<td class=\"hidden-lg\">Sp\u00f3d<\/td>\n<td>***<\/td>\n<td>***<\/td>\n<td>x<\/td>\n<\/tr>\n<\/tbody>\n<\/table>\n<\/div>\n<\/div>\n<\/div>\n<p><small>**Do ustalenia po otrzymaniu projektu<\/small><\/p>\n<p><small>x Brak mo\u017cliwo\u015bci zadruku<\/small><\/p>\n<p><small>Podane wymiary zadruku (mm) (wysoko\u015b\u0107 x d\u0142ugo\u015b\u0107)<\/small><\/p>\n<p><small>***Mo\u017cliwo\u015bci etykietowania okre\u015blone przez odbiorc\u0119<\/small><\/p><p><small><br><\/small><\/p>\n<\/div><\/div>\n\t\t\t\t<\/div>\n\t\t\t\t<\/div>\n\t\t\t\t\t\t<\/div>\n\t\t\t<\/div>\n\t\t<\/div>\n\t\t\t\t\t\t<\/div>\n\t\t\t<\/div>\n\t\t<\/section>\n\t\t\t\t\t\t<\/div>\n\t\t\t<\/div>\n\t\t<\/div>\n\t\t","protected":false},"excerpt":{"rendered":"<p>Pude\u0142ko apteczne Typ 11 N 50ml \u00a0 Sp\u00f3d Materia\u0142: PE \u015arednica: 52.90 mm Wysoko\u015b\u0107: 51.30 mm Waga: 8.60 g Nakr\u0119tka Materia\u0142: PE \u015arednica: 42.60 mm Wysoko\u015b\u0107: 18.20 mm Waga: 5.90 g Komplet Pojemno\u015b\u0107: 50 ml Pojemno\u015b\u0107 ca\u0142kowita 79 ml Materia\u0142: PE\/PE Wysoko\u015b\u0107: 53.80 mm \u015arednica: 52.90 mm Waga: 14.50 g Opakowanie mo\u017ce by\u0107 u\u017cywane do [&hellip;]<\/p>\n","protected":false},"author":1,"featured_media":0,"parent":446,"menu_order":8,"comment_status":"closed","ping_status":"closed","template":"","meta":[],"_links":{"self":[{"href":"https:\/\/pepsyna.com\/index.php\/wp-json\/wp\/v2\/pages\/1089"}],"collection":[{"href":"https:\/\/pepsyna.com\/index.php\/wp-json\/wp\/v2\/pages"}],"about":[{"href":"https:\/\/pepsyna.com\/index.php\/wp-json\/wp\/v2\/types\/page"}],"author":[{"embeddable":true,"href":"https:\/\/pepsyna.com\/index.php\/wp-json\/wp\/v2\/users\/1"}],"replies":[{"embeddable":true,"href":"https:\/\/pepsyna.com\/index.php\/wp-json\/wp\/v2\/comments?post=1089"}],"version-history":[{"count":4,"href":"https:\/\/pepsyna.com\/index.php\/wp-json\/wp\/v2\/pages\/1089\/revisions"}],"predecessor-version":[{"id":1217,"href":"https:\/\/pepsyna.com\/index.php\/wp-json\/wp\/v2\/pages\/1089\/revisions\/1217"}],"up":[{"embeddable":true,"href":"https:\/\/pepsyna.com\/index.php\/wp-json\/wp\/v2\/pages\/446"}],"wp:attachment":[{"href":"https:\/\/pepsyna.com\/index.php\/wp-json\/wp\/v2\/media?parent=1089"}],"curies":[{"name":"wp","href":"https:\/\/api.w.org\/{rel}","templated":true}]}}