{"id":1087,"date":"2019-12-18T15:50:05","date_gmt":"2019-12-18T15:50:05","guid":{"rendered":"http:\/\/pepsyna.com\/?page_id=1087"},"modified":"2020-01-02T10:51:17","modified_gmt":"2020-01-02T10:51:17","slug":"pudelko-apteczne-typ-10-50ml","status":"publish","type":"page","link":"https:\/\/pepsyna.com\/index.php\/pojemniki-plastikowe\/pudelka-apteczne\/pudelko-apteczne-typ-10-50ml\/","title":{"rendered":"Pude\u0142ko apteczne Typ 10 50ml"},"content":{"rendered":"\t\t<div data-elementor-type=\"wp-page\" data-elementor-id=\"1087\" class=\"elementor elementor-1087\" data-elementor-settings=\"[]\">\n\t\t\t<div class=\"elementor-inner\">\n\t\t\t\t<div class=\"elementor-section-wrap\">\n\t\t\t\t\t\t\t<section class=\"elementor-element elementor-element-58ad39fe elementor-section-boxed elementor-section-height-default elementor-section-height-default elementor-section elementor-top-section\" data-id=\"58ad39fe\" data-element_type=\"section\">\n\t\t\t\t\t\t<div class=\"elementor-container elementor-column-gap-default\">\n\t\t\t\t<div class=\"elementor-row\">\n\t\t\t\t<div class=\"elementor-element elementor-element-7c83c591 elementor-column elementor-col-100 elementor-top-column\" data-id=\"7c83c591\" data-element_type=\"column\">\n\t\t\t<div class=\"elementor-column-wrap  elementor-element-populated\">\n\t\t\t\t\t<div class=\"elementor-widget-wrap\">\n\t\t\t\t<div class=\"elementor-element elementor-element-58d04138 elementor-widget elementor-widget-text-editor\" data-id=\"58d04138\" data-element_type=\"widget\" data-widget_type=\"text-editor.default\">\n\t\t\t\t<div class=\"elementor-widget-container\">\n\t\t\t\t\t<div class=\"elementor-text-editor elementor-clearfix\"><p><!-- wp:paragraph --><\/p>\n<h6><a href=\"blob:http:\/\/pepsyna.com\/6afc50d6-a4c3-4832-93c1-6631bff1ec93\"><img loading=\"lazy\" class=\"aligncenter\" title=\"Pude\u0142ko apteczne Typ 10 50ml\" src=\"data:image\/png;base64,iVBORw0KGgoAAAANSUhEUgAAAN4AAADBCAYAAACg5w75AAAgAElEQVR4nO2dZ3vbOBaF\/f9\/0fRsNsVxlyXLKi4qtoprEieTSbK7D\/bDzGGOji8IUpRMysKH++ysFZEUcF\/cCnBjMBi4KFFWWfr9fqqU\/XyWbKzrD48SpUyJ4EWJUoJE8KJEKUE2hsOhKyqhmyziHlGiPCeJ4EWJUoJsXFxcuKISuski7hElynOSCF6UKCVIBC9KlBIkE3gRrNWWsuOZovqz7PtfXl6myjKeL4K3BlI2WBG8CN5aStlgRfDmBC9KlOcsRcGbRyJ4UdZeKgteGQ8WZXESmr+yperPv4zni+CtgZStuBG8CN5aStmKG8EzwMvyj0ajUaosWzFC9y\/6\/aK\/r+jEFn2+ZY\/fsn9f1a+\/jOeL4EXwIngRvAheBK96118KeEUn\/SkGrmwpWzGjPD+J4D3B71v13x9l8bIxHo9dSJb9EEXvX\/bzlw3essevqCz7\/mX\/vnmeL4IXwYvgRfAieFUcv6qDUfbvWxp4qy6WkuvAZL3WZDJx0+nUTadTd3V15a6uriqvOMsGO0p+ieCNHyumfr+oEk4mk1Qp+v2i14\/y9LJW4GVdyfOAuAhXtOyWqaLjG8HPL2sBXgiMNCWxPlegQpsee71eqpyfn6dK6PshCR04XBTMCF5+ieCNRm46nZqKYlmsi4sfO45xbmhRsM7OzlIl9P2i4IYWjhgDLl7WAjyIzwXUz9X9ywORJSGLU9RiFT1CP\/T9oq5w2fNeRVkr8MZjvxWDJYMiMmg+q5PV1Suq+Ms+x7\/o\/UNglj3nVZQI3uXljOUBaKenp+7k5MSdnJzMWB09lv7i4qKwRVq2xVv2whByVcue8yrKRtFU9VMIZyXx4FxPCwXzWS3TvFIUjGW7ksu2iFnBhFuadR6fqtxShqwEeFYQ75sgjtGyZhUjeMsFj5+Tj\/OzYsAIXkXFch0VOCjLU6Xjy1bsqoPH86DPzOda8gIbwauAsCvCkFnp\/X5\/NlY7OztbuoXJe5jpskGpMng++CxXNIJXEfG5kqEa1qKB0xOQs3aIcPZ0lQBc9MLls9K+ODCCV5JofY2Vtt\/vu9PT05lis29lLaJ4qhwMXN7WMYWv6BHkVQcvz71CMWAE7wnFUjJMapa4bBng+Rqu08Sy1hE8P4BZyxFl6+ezBc9SAIYsBOSiFJChy+MOTSaPezwZvucO3rxg4vO1Ba9osTB0fSuYHo1GiXIuY0Wdd\/W14rq8Fi9k9aB0SBKFfu+iAJ5Xis5PloXl8vJyRl+w8Pn0dDIJ1wfXHjy9D0NXJfB8\/Yl5wLMsnu\/vvPJXDbaqgWfpWwQvcP2rq6tkQDV5UhXw0pqC84yFNmHj2mrp8LvUlbR+\/zqAd3FxkXhGOva+5ooIXuD619fXbjKZJH2THJup4pUhPuis\/XyhcVR3E8JQ4Z7j8Tg5YoLrmJrdLRu8RXkUadcfDtNfIGkV3yN4getPp1M3Ho\/dcDic2Q2A1bwq4FkTnRc8y+rpGE+nU3d7e+s+fPjgHh4e3KdPn9zDw4P78OGDu7u7czc3N8mYjUajtQCPPQ8rTmaLCJ0qG67KgwcXs9\/vz9TjsrpRywbPt7piorGyponP6lnXu7q6cjc3N+7+\/t59+PDBvX\/\/3t3f37vb29vEO9A4uMqyCPDYrWbw+BqIA6ts6SoF3nA4TFxMBS\/PivgU4Fk7r7OApy1vvqMjrOK8rvCsiCinVFkWBR7CD4wP9AZ6YoGXRf\/WFjzEdOxmaoKhauCpa5gHPLV62t3CZRSOdS0wFdwqyiLA49IKg8f5gJUCrwomGYOK1i9VtrTG2kVNvPU3K4M5D3g4f9NyOdN2w6+LZJkfzvZirAaDQbJYAzyNu\/MsjE8plQPv9PT0kZuJCdAUdQTveYiOvZYj4AHBzcSYcU4AltBqxigbskqDx8ctAD4MdKjOFcFbbbGg45a\/09NT1+v1krqdWjuAORwOzSxz2ZBVFjysWnzOia5iyGBpI\/QiYrgI3tNaNJ9Y0HE\/rlo6LNAc\/+lxjWUDVmnwut1uEt8xfLB6nDpmixfBWw3JCpxP+JSBfr\/vTk5OXKfTmTmIChCORiN3fX3tptNpZd3MyoB3fHzsut1usnkV8HGiZZ4Jy9OyFMFbnoTmRz0YfI8bDEajkRsMBu7s7Mx1u13X7XYTr2gwGCQhyng8nmkwwLhXTSoBXqPRcJ1OJxl8DC7g42SLFfNF8Kotofnh8hHGnZMk3FxhLcjD4TCBcTweu9vb2wheFjk8PHTtdjuB5Pz8PBlITbZA+Tnmi+BVW\/KChyQKxg5eEEISxP7cZN7pdFyn03Hj8djd3d0l4MHtrJpsLOIiIbBC36\/X6+74+DiJ6\/R9Amz9EGjzLnA+Kt1yRxkmdWOsoyT034eOF7Qgu76+TqQoeFkWjiKSJxbWscuySOjc4Z7IZmNRRWJkOp0mruX5+bnrdDpJZhNgaszfarVcu912l5eX7vr6Osl+VtrilQ3e4eGhazabM+DxYUWwfljxeKImk0nycsiLi4tHbWcMse+0KyvW4HjD1yrGDbkKHsOn4HH3yiqAF\/IirCwkMo3n5+eJ1fPF7zo2cC21qYLnAp0ruL8F3mg0iuClSa1Wc0dHR67T6ZgtYzwJsH5c57u5uZlpHuYJYQXQUkSWID+0M8FyNRU+nny1dqsKXh7hOcC8wQ3k3RZan4NgHrhGx03ivV7Ptdtt12633XA4dNPpj50bZQNWafAODg5co9Fw7XZ7pjYDsHj7CxfbIfD5J5OJu7m5cTc3N4kVxGRaigTQ9O8KXdb9eD74dJysHQpFwCsKZp7v+8bRGjv8Jp2fu7s7d3d3525vb93Nzc3M4sphA1s47UZhi3d+fu7a7bbrdDqu3+\/PeBVlA7Yy4Gk8gMZXVljNcmnyBfeE4lvd\/WwNWZEsdzPPRlgLPh4nn4tZZfBCVlA9FIwTlB+gAbbpdOqGw2ESv6s7ySGE9Y553pmAhRjJFdTyGNSyIasseHA1feBZma7JZJJ8hkCbEzEovLK757M+VksaS8jVTEu26PiotdNrzwNeyNUrCp7lovPnOg6Yo+vr68QDmU6nSQzOTRKnp6eJGzmdTt3NzY27vb1NrOH19bW5e4PnCvOOUAXWFeNdNmSVBa9er7tms5mApxYMq7auhAAJqyJcUXVXcB9WhtvbW3d3d+fu7++TCZ5OpzNgsJVLS66E4GMl8F2\/yuBZLiSPA+DCOOoChzlBzIbFbDKZPJoPWEXMh+Ul6EKJ2B\/dLIPBIJmDCF6KNBqNBDzNXOqmUHYjAB\/+G5OHVbLX682ADCXE6opJ\/\/z5s\/v06ZP7+PHjzE5vXD9UTrD+7gNPFWgVwGPQsIAxLPiNHAZoBrPf7yfpfXwPVk1jPj78il1Wa1PwcDhM7rN24GUB0\/obBvPg4MDV63XXarUeFc25WGrBxwCya8MrKKerORsGpcXzQQnev3\/vPn786D5+\/OgeHh7cw8ND8v\/5KAZenbl0oMDpZwqhry7Gip8mIbC0DIC\/437qIqpHwEdPqJsPF9\/auoNraowHwFR8NU9eeNnV5JeIIt4HfPi93O2iOQAIW9eniglXDjwry6V1MwVPQVGXiN1ItkhQUMs9\/fDhQwKjQqriA4+TRb6CdBaLZmVfWaDsPoXnv+tzTiaTYPePeiHX19czY6XQhcDThctKQCH2ZPeVkyz4m+8lNuw26++N4P0zUJpV1GBe62YcoN\/d3T2yWrBcEJ14towa28B1gXKxsIV4\/\/59cv0vX74k8ueffyauLURB1ef0AQ3h32IJ\/z4LLJ0PTl6wq8o9lLCOV1dXCVj39\/fJ7+eFKSt01rMpeJqZ5iI93E7kCjjWPz8\/TywirCI+yxsaPRvw9vf3k7YxDIqmmDWwZ\/hwTcvdvL29fQSCWivf32ApQ7FrKMvpax+D6Gf6uaWoLJbFZklzYy1XVr8PoHhRYeHPLfFBx+OS1uFjxb+c1Tw\/P08aoi8vL2c2yGLxRuYThXbWM3aLFfpnD97h4WECntWbyTGJWj0Gz7J67HbyigzYdJX2WRYLSlYsn0JZbqxP8vRAZk2OhJI\/liutC5UFGsduaXFcFugsa2eBZ\/3e8\/NzN51O3fv3793t7W1SImKryJut+aQDlDO0VMXe1LMFb29vL+nXRGaTtwRpQkBXZb6+Wj11Oy3wVMlY2e7v72fgYxfx8+fP7vPnz4n7CBdSIcVn\/G9YQgpuWRmWkKvJUFiuYOi6vrHka2ZNoCh0bOV9MXAadCghATzAh35N\/o62rwFGxKmcJefS1dqAx24Ad5ZoK5LVsqVJFgs8a0XXRAlDYMUuFoiWhOKzh4eHoDUJgRUC03L\/+HOFRiEJjaOVPAnFcj7oVDd8tTtejFE+4GdEfRbwWE30nI1FkoV7fpe5n68y4NVqtRnwtJ7H4KnVU\/Asq2et1qrkyFaqhLKXakEVyizZT1\/iJwtYWcGzrJGVJMorIcB8SRSftcsDnpZEEFPjt+O\/b25ukvhPd7qcn58\/T\/BCUqvVZnYonJycJAMDP93qnsCgW7U9hjDkKlkZSVbakGIrWJb1TJNQciIkvljLZ4mygJNHrHjNJ1byKGTxrH2THHqcn5+7yWSSzBV+k3Ynjcdj1\/tnmxm2EUHfLi4uZlxNPNeydL4S4NXrdXd4eJgLPBYroxgCT1uU1H3KE2NF8PJBlwaexnfarcJlDvSPDofDpHWN67S4J38fpQV2NdcWvGaz6er1erJDgV0B3b6TBh5bPZ5Un8vJrUuW1cuq+EVjsBA4ywYrBMwiwPNBx6JuptWho5lKlAMg0+l0ph47Ho8f7fHk5mp0tqwleJ1Oxx0dHblGo5EU0QEeBpk7Dhg+7FywOlpwfUuBVDHV6mW1JuiMyZvc8NW5FhVj5QHDire0KaHI933QWbXRtJ5M3ZGAssBoNEosGWI1zk5qSQHfRV1vbcE7OztzrVbLNRqNR7U8bfVh\/x7ia6JW8HzwMXhW0mXZFmldwEuDzrdzAzEcWyu1WIPBINmdgBa\/6+vZ3Q26c0VPNFhL8AaDget0OskuBW3r0cOMFLy0Pk7uHwy5Tpp0WRQ4RWOoZYMVmp+i31exgLOgw\/zqEY+wfGzFjo+PXavVchcXfx8FAoDwjKPRaKZThzfUri14l5eXrtvtukajkWyIBXhab9GsFrrhfX2cVhO1leL2gffUWb95pCgYvpY4Hb9FgOezcpZ7yRtxedEFeNyJAk8JSRa4mbgvsqO8ORqWcG3BG4\/H7uTkJBN4Vqd81m1DDF8Er1zw1NJpvc5XOsDn2MmOXECr1XInJyduOv37Ndaj0d9n9OBeuPZ4\/OOsTUC31uC1Wi03GAzc8fGxazQartvtuoODg8TKWYfhaD3PBx7fy7J+y46hQhIan0W7emWIlTzx1eY0jOAdExqn9Xo91+l0koOy0MECvbq6ukr0grtcbm9vkwV\/bQvoo9EoOUm63W67ZrOZgIddCmmZTd02pAD6lDiCt1iofKIN4hrDZWkMt3otoQ+tVsu1Wq1H706AtdZC\/HT6946Py8vL5NUBawkeYjw+P6Pb7brDw8NkNdOzNHnF9MEHSVPktGSLVXpYRvJk2VnFEBhFRU8BUwmBZe230xjPt6EVXlK73U62B\/Fidn19PQM9x3jD4dC12+3n2ySdBTwtbiJgbrfbSXsPw+ebOEvSXM4sir3q4IXAKCp5j6bwNUBYPZlYjC3PB3qAI96Hw2ECG4DB7+e+XsDV7\/ddp9N5vtuCQjKZTJLOcVgspIpPTk5mNi\/q7mELPN3\/xquzBV9IsZftaobAKepqLhus0NETIY\/EymZyxxKDZ9VzLegwLtr3iXlHYR0FeNYNn748O\/CgHN1uNwHp7OwssYR8ihRnPLnEENqlnjaYy1b8RSxMRVy90A71PDvY55GsG3513xwkLaM9GAySrCTHzAzeZPLj+AjM\/+XlZXIfHc+n0PdKgAfzfnR0lJyfgdQwLCH35vGBqLxhlpMvaXW9RQ9u2TFUCJyQxcrrKqbFaFkso25oZcgUOA4t9PsAp9lsun6\/P7OIT6c\/Tg+DHqGZGvU75AsU0rUBD4NVq9Vct9tNUsTX19fJyqQTxWdo6P4qhY+VdJ7BLQpGUVk2WE8Bns+N1B5KTaIg1Y9FFNdiPajVajPN0kioIX6eTqfJvbEQ49k5GbN24N3e3rpWq+W2trZcvV6fWeVGo1Hiw0MJNAnj6zoHhDz5bAWn08dxHhYBDq6tyeDYQa+LydfOmrwxjy9mzesKZgHHl+Ln+\/ueD3Ollg2LHiDjBZGL4Pg3+tJJHRseX7iYrVbLHRwcuOPjY9fr9WZKAFkXxTJ0vhLgXV1duWaz6d69e+f29\/eTcxERMOO\/uQiK\/9VWMq71WAe4+uI\/PAfA44A7FNtZ\/aG8Ohe1WEVjLKsrhMcir6uYB\/DBYDDjiVjzxLsLMM8KLz\/ncDhM3hB0dHTkarWaa7Vart\/vz4AUwQvIaDRyzWbTbW1tud3d3WRfXu+fQ2zwIgpMCK\/ImEReSfVvvNpaioTJ1QxYVtfU+jd8rbJdSVZctWTj8XjGsug9reSHLmZYEGHZ8BmsGBZSfI\/fMAT3D3OGBY89FCxk\/N2Tk5Oky6nRaLhOp5OcqKbzEsHzyHA4dK1Wy+3v77v9\/X1Xq9WStrHhcDhj8aAI7GbBnVPXC4qESVZ3CBOJv6vSQTHT3D+1dDzRRbOJapmLpvt9f7cOktIkiGYa9UQAQMYvkkQNjrtDLi9\/ZBMRY8GKXVxczGQdMS9YHBBGoMmi1Wq5ZrOZdK0Mh0NvWJAmaw3eycmJazabrtFouHq9nrxBiM\/Ch5Lw1g6slhcXF6bCI37g3k4GFgrE4PqU1eeqWVaiaLp9kTGeVfNUy8Nxsh6twG6h9Z6EweDHK9LUOwEsVkZxNBolvZR4NoCCsUYMyWUlfikp9tMBbIDEYUIEzyPw8bGKHR8fu2az6Y6OjpLdCnwWfu+fQjsgA1RsfTh+s0BRkAAyr8BY0XE9\/o7GSGohdOtSmoSSH6Hvh4Tf2INr8gs9OHVvvS9ed33r+wt5bxwA4LHkhZLHEYkQy63EggiPRV9C6jt3RYGqQi9rZcFD2QDbO1Ai6HQ67vj42B0dHSXlAgw+JhMTj4mcTrMH1RD9LscT\/X4\/WTUZSHXP2HXVN\/MUBSf00pKQcGreSttzap5ro7BqFngYc3gcGvP5YljLVWcvAWMPuBg8fiZ1kzkZxuBlaUJfW\/Du7+\/deDye2dCIge52uzMvNMGxEOw68opngWell3lyMGn4d1AmrKYMo+VyWeDlsXghcELf59jLEk506Hk2gAXuIoPHrqQPPIDDsAEwHmcr9mZLx64xYkOUB\/i34Jl4zPleKwPesrsusghcjOFwmPRjQuGgCJ1OJ9n+weWG0Wj06P3ZqgDqduC+V1c\/3gVnFVHRpzkajZI6H1wndm1ZEaDgqElxcgDZOMRCbDWQRMLiwmAATm0aAPT8fTSVd7tdNxgMZpT+\/Pw8GUcsXpyc0bgXY8dWiuNsTkpZiZw0S4dxRAlBSwzs6lqxM8OGkgTXYTGHZWUtWSydrwR4eMB+v58kWKC4fJqU1asJV0qzk7wi8kTwxAA8NDrjM0wWwBuPxwl4UHJYSbaimlZHlg7Ky79HFwqFFi4g\/w62WnC3OcHS+6fpF59zfKrJDo6TOZEDq83g8WKGf8Nupd7DSkLpdxhitmjqMXDSjBdTTg5F8OYUKH6v13O1Ws3t7e25Vqv16Dg2KBUyWZzhYqunk69uiAUXbwfRz\/gZoTDswuo+Lk4U8NYcuFEMHSsIQ6uKD2VjcJAFZEXmhYg\/Z8VVF00zpJxwUvCs71t1QhbLUnIySvts1XWEYIzZejebzQjevAJr0uv13MHBgdvZ2UnqeHC7AJfCiDoRu29ak+J6GysawMBWEh940+l0BrzR6MfBqfhf7Xrha+DfwSKyUvOuZ7YM\/Dk\/N9ceAb9aJFZ4gMOJDMv6WBZNwfR9n2G1Msj4bbBusGi8CLH7CMh02xR+S7\/fnymgR\/AKyNXVlRsMBq5er7udnZ3kfXk4BoJ3IWjywbdBkhUIisPxBlskHzS3t7czkEGZGEq2pAw5r9T4Lu5tgcluH3\/O19diMxYDXVjwm3mM1fL4LJoCxIuYJpCsojt\/H5+zS6kJEu6X1T2OvPCwO45Y9fj4OII3r8AlGg6H7ujoaOa1XThdmk8dU7isWhrXeHhlZ1eQJ4UtAxSWwWN3kcFjZdegH58x1AoWJ3wYGAaPr8UWjetgHGuppeffyODCcvP4aJynEDFAsLy6KOj4W\/U2hsw6WVtdd7ik\/DplxPsRvDnl4uJiBrzd3d3ktV1oCVL42LqpUvu6QzQO0QSJWgqAxxYDoGNF1riHs51QRk088L0tKBVMtdYWOFZSiTORljvJiQ\/NWjI0PIaWxeOY2moK4IVgOv17N4rvePu7u7tkQeMyh8b5AK\/VakXwFmHx6vW6297edrVaLTkdGP\/LxXVk\/rCKamwxmfyIn9gdmhc8WDu4aJzltMBT11HdMLaMVmKCweR4iYvGcBUZDHYlcR14CQwXd5uo68fZQk7n+8oJfB4KrCDHwfxGJn6XICDj80xh7UajH7VUflGp1asZwZtT4DJdXFy4RqPhdnd33eHhoQkdv7gSsR+vsJpMwY+34ggcVqQ1Jk5f4\/m06M7Xs2Iadlu140IXAM706f1RQObaoSZS+BAojsXwfgDLOsF1Y9ddu3Hw\/HAdcT09fAhjg4VK3z+hJ7XpOyr4\/XWwcHoP7rzhuu7x8XHyHnM9Icyn9FWQlQBPDzvylRP4+D8efD20SJUAr9KCkrC1UktlCUNmwatZO61L6bshVLhbhNvQNCuoKz3HXFaNExaFO2hYubG48X3ZG4AFs94HyNDBpeSTuTkTjGfU7hhY3AheSeAxcICOywsMoW6ARfYPVopdG8QZ+i47jTnUZUiLKS0wOR7V\/k30I6pVxX0AkJUowXP4Wsu4x9IC2ypaq9W7vLyc8RSsN+eylbPGE8BxZhjgoz3Mei+5r9c0gveE4Cl0HIOwaDMwb8DkEsLt7W2iKKo0eH\/558+f3Z9\/\/pms4r6Vmy0dgwjwfD2YVseGfqa7BPhz7hnVw6DSjsTThULrmgAM42G9OxAgcb3N9\/4JzTjzs6MDRxsf+N9F8EoED\/D5DjblZmOdMKvuxG5Z6GWSag31ZSb6Pj095DZ0hiaewwrK1Qrib2x1tQ6pLi+svZ4Riue0nlvPp2Qg9d9jYbq7u3vUDMBZSV0sMS9s0dlFjuCVDB4nVKzj\/HgidfXUbKa6ef1+f0bx2R3N+r680HvJrVcy428fP3503759c9+\/f3f\/+c9\/Hgn+\/v37d\/ft2zf39etX99dff7kvX764L1++eC1y6P1+1ue+A3r133F8BkXX\/knr5DBd\/ACbzxJbi2gE7wnBQ0aT08o+8DQrx9ZB61ycpNCkDFsIKyvKyhs6dVqtqLq0f\/75p\/vy5Yv766+\/3NevX923b99mhGH7\/Pmz+\/Tpk3t4eJhJZljgWTCpteUCvVpGBpItGSdCsGOCQwFu3dPOF834jsfjR\/GlLo4RvJLAY\/jY3eRuCEu0gM41OrZw7Naxi8QtTpruT3PfNF2uSRtYOkAH2L5\/\/+7++9\/\/uv\/9738zAov39evXxMoBwE+fPnmL0ADNikt5odBeU7ZevV5vpmAN4XnQBJOvM0ebADDOaQviWoOnKXCVog+B4udo9PdpY9y5onU8LaZidbVanHwrbN5nZqXQ3dh8lLx21\/tqiOyewvrBenFSB+4kQwZLx66r9fIUCy7OKLJLyIub1kzb7ba3\/3JRog0AVtuZniKOnQn1et2dnZ250WiUtPVxDL8I\/YzglQSetWL7spZWZpWPm7eKwr50PrdpWcpoZXA1s4kufp9g+5VuPlX3PYIXwXty8KxDbH2\/Q900zcpZouD4hBUPMRVvm9L3SuDfcDJKi+ncQ+qLw9iNXDR0EbwIXi7htL+eZGX9W2s8+Zm0FqgKqX9jK6TX04ZrBcd3Td+YLQO2CF4EL9fvt+Cz7mW1hvkK7HovBcdqSePPref0WSzNGupOAisppfeL4EXwnizGS5OQYioQqnA+S2eBkNV6+bblWItClkywD\/oIXgTvScHLOlZQiLQtI0WVOuRe8lhZnSMh8HyWO4IXwXuSGM9y4zQ5Yd0nj8WynjntszRrFEqG4HNtrlYII3hLAC8E1VPIaDRKNnzi5SU4\/qHRaJhFdN4SpC1jaW1jlrtVdBCz\/L6ssBRR3GXJsp+PQVfosAcQ2V\/u2z0+PnYHBwcztVMd77J12ycRvAheBC+CF8GL4EXwIngRvAheBC+CF8GL4EXwIngRvAheBC+CF8GL4EXwIngh8EJKkUUsJbOUXf+OgR+NfhShu92u29nZcbu7u+7o6Cg52DYNPOtAIKsQzEq0yMmpOli+jcJZZdlgW5tfdWcHv1QT7wjEEf9pC2xe\/Z1nfueRhYLnU7Y06AAeJjiCF8GbF7x54Vtp8LIqmjXgl5eXM+Btb28n4OGtQRG8CJ4PvLR5zgLgyoLnU7IsioBDhgBKp9OJ4EXwcoGnW5v0+qHxXQZYTwpemrIobNqUC1gieBG8ecDz7S981uBlcScVOD6nBCd69ft91263I3gRvFzgqS75dln4pAwwFw6eb0At4LgMgEN\/2u2229raiuBF8DKDp\/sLFcC1As+ydBZ0Cl6r1YrgRfDmAs8HXyXBm1cJrAlSX9t3ErCemoXDUU9PT5ONsNvb225\/fz95KyxvitVXdfl2V1sDPw94RcEqG5xVB0\/fCMtvg221WjMvaNFj4\/no+NCGX59+FF04LckFXpoy+NxJPjjVd+4jjqg7OTlxzWbT7e3tue3tbXdwcOCOjo4ieBG8TOD54PO5oNrhpNavEuBlgc7nSobOfYT72O12XbPZdPv7+25nZyeCF8HLBJ6+pFQBtFzRtBhQ4VsKeEWUwAec7yRl9tHRcwWZogMAAAmiSURBVIcz8DGYR0dHbn9\/3+3u7rqDgwPXaDQieBG8VPBYFxRAzgFYeYCQy7mI+bMkF3hpriUUHgPFlo0h4zP5MXB8oFGj0XAHBwduf3\/f1Wo1V6\/XI3gRvCB4+sYi61Xdvvcq+n7rUsGbZyKyQqdvmWHQWNidbDQarlaruYODgwheBC8TeLyw+wDU91ZkhW9Z458bPCuJYkHHFk5h40zl0dHRjDQaDXd4eOhqtZo7PDx0h4eHEbwIXip4WNh9AOq7+yzw0uCrFHiatWTw2NIxdD7gGo1GIvV6PQEughfBywOeDz7WF32paZZul6WAlzYI+jDqXipwcC8ZOACj8DF4DFmtVktcTYiV2eTXM4fA822OXVQxtCh4RSfRqlHlkacE0\/fMmg1X3dLyU6vVSvTI914\/hXBe8JYhG9agpIFnDY6+PspyL\/OCx\/Dh3yl0EK3bRPBWD7w0a6fQqX5ltXx5wFs2fBs6IGkTacV0msFk8Cz4QuBZ8NXr9QQ8rvkpeOq\/W4MawaseeNbCbpWkFLo8wPmSK74FetnwPYrxLNCsOp0POk2q+BIrDF69Xn8U2zF8OHul2Wya4HHK2HopRwRvNcFTHWu32zPhi4KWltm0dER1e5FjEpIZ8NKgs0oGVidKEfBC8LHV44FOq9VE8FYLvLRaMOI6Bo+TJ6Eygm9hLgO+jTSXUlu\/LJ\/b15HC5j8EHrKZFnyHh4dJTY8tHwPoW9EgEbxqg8d6h5yBVQfWd7enAaftY9q9wuAphEXHM4s8As9n5SzTr3USNfl5wEuDD50s+\/v77uDgILF+GHzLh+cBjuBVGzx1L31JFCuu4\/n39Wta0Cl4Tw2fFzy1dJb5XzR4DB+Dh3M2d3d3Z3o4tU\/P51JE8KoNHuaJ68AMHcpJnNVmCTVJW9BZ4KUlXJYCXpqV823p4VXGAk8Hh2O+LHEfwwirh31629vbbm9vz9VqNddoNLzdCWk+PCtOUbCsf7vIDFhR8KxxmHd1t2ALLWyha\/JGV+gJN1sodLoROo+Vs2TZkC0UvFCMlwc+HWSFD+Dt7e25nZ0dt7Oz4\/b29mbczuPj48TtwMDjmUOKmwWuLOAtslulSuCFFi6f9ePxwZjAwoXqvwqd1bUE0EIbYZ8FeD740gBM25mQpY8TGU7Eent7e48Er25mnx\/PoQG1rsx5LFoWq7hI6KoGnvXvQ8+r0HEch2wl5p69HuiBvorbAs8HXWXBSysbqPjgSwMwiyVkCC1LyHEfAETMxxYQricH4TxpaC\/r9XqJQljWrkiMt8jYbVFghRSvKJj8u\/G8fF\/VGw1PNLRoNBozcR2XjxQ6lTzAZf39y5Bc4IXgmxdCBVKhwURYrufu7u6MFdR9fLpawhXFSpfmHuUFbxnQVQG80LPwZ7gf64iv1IS54Wx2vV6fKRnpfjtrj10R6EoDT29sgRdyPbO4oWnuaMgqsgXUrUNoKavVasnOdWQ+0Wpm9evxxFnxSx5XNM3VWoRbUhQs3yI6ryuWtlj7yk1cHuB5xBxZlg4LZtrG1pBrmWV8ypDM4KXBl9Ua+gBMy45qPYcnjScLMKr1A4A8qVaQntb5Mm88tqh4oGzwrGtZ7qNvDq2Fk0tHVjM9x3O+MkEW6J4FeL6Bz+OKWvBlSdD4Ml6ciMFkcgZ0e3vbvXnzxm1ubiZHBmKy4XpyMdaKIfLUsRYNXRXA80GWtZTEbX+6CAIy3V\/HXkqWeM7XlVJp8PIM\/DziiwWziuWu8CqqxVZ2PXFi2dbWltvc3HRv3751m5ubbmdnJ0nG+Pb5WUG8NcFp7lev1zOBzKMQaQsj4lXfv+\/3+95al0+Bdd7S9kJiXuBC4ugOXvj0GA9ra5dvRwFvdPbJsiEpunBZ31kJ8LQ8oA3YGj9oDIjYb2try719+9a9efPGvX371r17985tbW2ZrWi80loJIhZN3pyezu75so4iyKNY1lj62qQsS6Tf8\/XU+rLKUB4ucrPriMwy4uvd3d2ZUg8sndXkbsX6EbyKgOcDEIoTCt7ZAqr1UxC5NAG3SI+Q15U5LWPXarWCbpK18vvEAsVKYrGEmhZ0L5sqPnsTiKN5HDF+m5ubbmtry+3s7CSLGbwKhY7vEdpd8CzBC100lMV8CvDSVntNzljuqK8XFDvct7a2Hsm7d+8S4USN7pAAWGpNrLKIxqi8sz5NrOuwoKfVSsVbbp2V1EpbuLBA8UL15s0b9\/r1a\/f69esZK4dyDp4H8bS2e4USbWllgyyx3iKl6P2t76wUeL7rpQX77Xbb22DLKzliQ60R7uzsuM3NzUTgnm5tbSV9o7xtidvXoEhW+1NWqKym4CwbQFmRQ+17cMfxW1+9euVevHjhfvvtN\/frr7+aFo0XI84u6\/k4lpXTuUuD7tmCVxSqMsBLs4Ch4r3PIlkpb6zY3KqmruqbN2\/cq1ev3KtXr9zr169n3FaOIbmwr1ZJuzasLg5ValZsy1rxDg8sGm\/fvnWvX792r169ci9fvnT\/+te\/Enn58qX797\/\/\/eh3bG5uzriN1vOHki8MlW\/BnBe6KujvPN9fCfCyxn4+4eewrGLI1fMlbwDk9vZ24p4CxJcvX7oXL164Fy9emAoOJX\/16tWMW2sJXDy2umx5cZ8\/\/vjD\/f777+73339PrNWvv\/7q\/vjjj0TwOcvr16\/d27dvk0WiXq\/PJJgs4H2W2bJsoSRQlaGL4KWILyjH55oix38jMFYwFc48vaVsLXU\/oSYkYH1+++23VPnpp5\/cTz\/95H7++Wf3888\/u19++cX98ssvCViAG1Crxdre3p7Z0cEZRrZYergwxHJ72cXNuhBaLiY3teeJ61YevGVDUQUpOrBZivtZd1z4iv9pEnJFQ9cvmrwJlVPKnt9VlAheRouctbsmzSL6JATOssGyEi8sEbzFSwRvDncjD4S+skIeMENgFAUrVDuM4C1eNkKJiecgiwTTB6CvnJG3KD6P5LnXPGCFpOz5XUWJ4C0YvJOTx\/CFFLcomEWvH8F7etkoOuirIIsAM83VTINuEeAVTX4sG7wo+SWCl9FiWnB1u49PMcbf2FqV7WouO8aLkl8ieCf+Dhf9Pv\/NUkyfsi8bjAje6slG0UldBVk2mGX\/viirJxG8CF6UEmQtwAtJUbeh7OePsnqyUTSwfw5SdBDLfv4oqycRvHYEL8rTy0aWjZjPXYoOYtnPH2X1ZC3AW3YTcdm\/L8rqSQQvghelBNkIKWWUKFEWLxG8KFFKkAhelCglyEbR3c9RokTJLxG8KFFKkI3QQTtRokRZvETwokQpQSJ4UaKUIP8H1vGBKGE7o8QAAAAASUVORK5CYII=\" alt=\"Pude\u0142ko apteczne Typ 10 50ml\" width=\"222\" height=\"193\" \/><\/a>Pude\u0142ko apteczne Typ 10 50ml<\/h6>\n<p>\u00a0<\/p>\n<p>\u00a0<\/p>\n<p><!-- \/wp:paragraph --><\/p><\/div>\n\t\t\t\t<\/div>\n\t\t\t\t<\/div>\n\t\t\t\t\t\t<\/div>\n\t\t\t<\/div>\n\t\t<\/div>\n\t\t\t\t\t\t<\/div>\n\t\t\t<\/div>\n\t\t<\/section>\n\t\t\t\t<section class=\"elementor-element elementor-element-43d7a30 elementor-section-boxed elementor-section-height-default elementor-section-height-default elementor-section elementor-top-section\" data-id=\"43d7a30\" data-element_type=\"section\">\n\t\t\t\t\t\t<div class=\"elementor-container elementor-column-gap-default\">\n\t\t\t\t<div class=\"elementor-row\">\n\t\t\t\t<div class=\"elementor-element elementor-element-c6b458c elementor-column elementor-col-100 elementor-top-column\" data-id=\"c6b458c\" data-element_type=\"column\">\n\t\t\t<div class=\"elementor-column-wrap  elementor-element-populated\">\n\t\t\t\t\t<div class=\"elementor-widget-wrap\">\n\t\t\t\t<div class=\"elementor-element elementor-element-ebcbb54 elementor-widget elementor-widget-text-editor\" data-id=\"ebcbb54\" data-element_type=\"widget\" data-widget_type=\"text-editor.default\">\n\t\t\t\t<div class=\"elementor-widget-container\">\n\t\t\t\t\t<div class=\"elementor-text-editor elementor-clearfix\"><table>\n<tbody>\n<tr>\n<th colspan=\"2\">Sp\u00f3d<\/th>\n<\/tr>\n<tr>\n<td>Materia\u0142:<\/td>\n<td>PP<\/td>\n<\/tr>\n<tr>\n<td>\u015arednica:<\/td>\n<td>55.00 mm<\/td>\n<\/tr>\n<tr>\n<td>Wysoko\u015b\u0107:<\/td>\n<td>31.30 mm<\/td>\n<\/tr>\n<tr>\n<td>Waga:<\/td>\n<td>9.40 g<\/td>\n<\/tr>\n<tr>\n<th colspan=\"2\">Nakr\u0119tka<\/th>\n<\/tr>\n<tr>\n<td>Materia\u0142:<\/td>\n<td>PE<\/td>\n<\/tr>\n<tr>\n<td>\u015arednica:<\/td>\n<td>57.00 mm<\/td>\n<\/tr>\n<tr>\n<td>Wysoko\u015b\u0107:<\/td>\n<td>16.00 mm<\/td>\n<\/tr>\n<tr>\n<td>Waga:<\/td>\n<td>5.80 g<\/td>\n<\/tr>\n<tr>\n<th colspan=\"2\">Komplet<\/th>\n<\/tr>\n<tr>\n<td>Pojemno\u015b\u0107:<\/td>\n<td>50 ml<\/td>\n<\/tr>\n<tr>\n<td>Pojemno\u015b\u0107 ca\u0142kowita<\/td>\n<td>58 ml<\/td>\n<\/tr>\n<tr>\n<td>Materia\u0142:<\/td>\n<td>PP\/PE<\/td>\n<\/tr>\n<tr>\n<td>Wysoko\u015b\u0107:<\/td>\n<td>32.50 mm<\/td>\n<\/tr>\n<tr>\n<td>\u015arednica:<\/td>\n<td>57.00 mm<\/td>\n<\/tr>\n<tr>\n<td>Waga:<\/td>\n<td>15.20 g<\/td>\n<\/tr>\n<\/tbody>\n<\/table>\n<p>Opakowanie jest przeznaczone m.in. do produkt\u00f3w kosmetycznych.<\/p>\n<h2>Pakowanie:<\/h2>\n<table id=\"_technic_table\">\n<thead>\n<tr>\n<th>Nazwa<\/th>\n<th>Pakowanie <small>szt.<\/small><\/th>\n<th>Wymiar kartonu <small>[mm]<\/small><\/th>\n<th>Masa kartonu<sup>*<\/sup>\u00a0<small>[kg]<\/small><\/th>\n<th>Ilo\u015b\u0107 karton\u00f3w na palecie <small>szt.<\/small><\/th>\n<th>Ilo\u015b\u0107 sztuk na palecie <small>szt.<\/small><\/th>\n<th>Pakowanie zgrzewka <small>szt.<\/small><\/th>\n<th>Ilo\u015b\u0107 na palecie <small>szt.<\/small><\/th>\n<\/tr>\n<\/thead>\n<tbody>\n<tr>\n<td>Sp\u00f3d<\/td>\n<td>500<\/td>\n<td>580x380x360<\/td>\n<td>5.6<\/td>\n<td>20<\/td>\n<td>10000<\/td>\n<td>0<\/td>\n<td>0<\/td>\n<\/tr>\n<tr>\n<td>Nakr\u0119tka<\/td>\n<td>1000<\/td>\n<td>580x380x360<\/td>\n<td>6.7<\/td>\n<td>20<\/td>\n<td>20000<\/td>\n<td>\u00a0<\/td>\n<td>\u00a0<\/td>\n<\/tr>\n<\/tbody>\n<\/table>\n<p><small>*Podane warto\u015bci maj\u0105 charakter orientacyjny i nie mog\u0105 by\u0107 podstaw\u0105 do roszcze\u0144<\/small><\/p>\n<h2>Mo\u017cliwo\u015bci zadruku:<\/h2>\n<div class=\"hidden-lg\">\n<div class=\"_flex_table pl\">\n<div>\n<table>\n<thead>\n<tr>\n<th rowspan=\"2\">Nazwa detalu<\/th>\n<th colspan=\"3\">Pole zadruku &#8211; SITODRUK<\/th>\n<\/tr>\n<tr>\n<th>dno <small>[mm]<\/small><\/th>\n<th>obw\u00f3d <small>[mm]<\/small><\/th>\n<th>g\u00f3ra <small>[mm]<\/small><\/th>\n<\/tr>\n<\/thead>\n<tbody>\n<tr>\n<td>Sp\u00f3d<\/td>\n<td>x<\/td>\n<td>9 x 162<\/td>\n<td>x<\/td>\n<\/tr>\n<\/tbody>\n<\/table>\n<\/div>\n<div>\n<table>\n<thead>\n<tr>\n<th class=\"hidden-lg\" rowspan=\"2\">Nazwa detalu<\/th>\n<th colspan=\"3\">Pole zadruku &#8211; TAMPODRUK<\/th>\n<\/tr>\n<tr>\n<th>dno <small>[mm]<\/small><\/th>\n<th>obw\u00f3d <small>[mm]<\/small><\/th>\n<th>g\u00f3ra <small>[mm]<\/small><\/th>\n<\/tr>\n<\/thead>\n<tbody>\n<tr>\n<td class=\"hidden-lg\">Sp\u00f3d<\/td>\n<td>30<\/td>\n<td>x<\/td>\n<td>x<\/td>\n<\/tr>\n<\/tbody>\n<\/table>\n<\/div>\n<div>\n<table>\n<thead>\n<tr>\n<th class=\"hidden-lg\" rowspan=\"2\">Nazwa detalu<\/th>\n<th colspan=\"2\">Mo\u017cliwo\u015b\u0107 zastosowania HS <small>(wtop)<\/small><\/th>\n<\/tr>\n<tr>\n<th>na obwodzie<\/th>\n<th>na g\u00f3rze<\/th>\n<\/tr>\n<\/thead>\n<tbody>\n<tr>\n<td class=\"hidden-lg\">Sp\u00f3d<\/td>\n<td>x<\/td>\n<td>x<\/td>\n<\/tr>\n<\/tbody>\n<\/table>\n<\/div>\n<div>\n<table>\n<thead>\n<tr>\n<th class=\"hidden-lg\" rowspan=\"2\">Nazwa detalu<\/th>\n<th colspan=\"3\">Pole zadruku &#8211; ETYKIETA<\/th>\n<\/tr>\n<tr>\n<th>dno <small>[mm]<\/small><\/th>\n<th>obw\u00f3d <small>[mm]<\/small><\/th>\n<th>g\u00f3ra <small>[mm]<\/small><\/th>\n<\/tr>\n<\/thead>\n<tbody>\n<tr>\n<td class=\"hidden-lg\">Sp\u00f3d<\/td>\n<td>***<\/td>\n<td>9 x 162<\/td>\n<td>x<\/td>\n<\/tr>\n<\/tbody>\n<\/table>\n<\/div>\n<\/div>\n<\/div>\n<p><small>**Do ustalenia po otrzymaniu projektu<\/small><\/p>\n<p><small>x Brak mo\u017cliwo\u015bci zadruku<\/small><\/p>\n<p><small>Podane wymiary zadruku (mm) (wysoko\u015b\u0107 x d\u0142ugo\u015b\u0107)<\/small><\/p>\n<p><small>***Mo\u017cliwo\u015bci etykietowania okre\u015blone przez odbiorc\u0119<\/small><\/p><\/div>\n\t\t\t\t<\/div>\n\t\t\t\t<\/div>\n\t\t\t\t\t\t<\/div>\n\t\t\t<\/div>\n\t\t<\/div>\n\t\t\t\t\t\t<\/div>\n\t\t\t<\/div>\n\t\t<\/section>\n\t\t\t\t\t\t<\/div>\n\t\t\t<\/div>\n\t\t<\/div>\n\t\t","protected":false},"excerpt":{"rendered":"<p>Pude\u0142ko apteczne Typ 10 50ml \u00a0 \u00a0 Sp\u00f3d Materia\u0142: PP \u015arednica: 55.00 mm Wysoko\u015b\u0107: 31.30 mm Waga: 9.40 g Nakr\u0119tka Materia\u0142: PE \u015arednica: 57.00 mm Wysoko\u015b\u0107: 16.00 mm Waga: 5.80 g Komplet Pojemno\u015b\u0107: 50 ml Pojemno\u015b\u0107 ca\u0142kowita 58 ml Materia\u0142: PP\/PE Wysoko\u015b\u0107: 32.50 mm \u015arednica: 57.00 mm Waga: 15.20 g Opakowanie jest przeznaczone m.in. do [&hellip;]<\/p>\n","protected":false},"author":1,"featured_media":0,"parent":446,"menu_order":7,"comment_status":"closed","ping_status":"closed","template":"","meta":[],"_links":{"self":[{"href":"https:\/\/pepsyna.com\/index.php\/wp-json\/wp\/v2\/pages\/1087"}],"collection":[{"href":"https:\/\/pepsyna.com\/index.php\/wp-json\/wp\/v2\/pages"}],"about":[{"href":"https:\/\/pepsyna.com\/index.php\/wp-json\/wp\/v2\/types\/page"}],"author":[{"embeddable":true,"href":"https:\/\/pepsyna.com\/index.php\/wp-json\/wp\/v2\/users\/1"}],"replies":[{"embeddable":true,"href":"https:\/\/pepsyna.com\/index.php\/wp-json\/wp\/v2\/comments?post=1087"}],"version-history":[{"count":2,"href":"https:\/\/pepsyna.com\/index.php\/wp-json\/wp\/v2\/pages\/1087\/revisions"}],"predecessor-version":[{"id":1207,"href":"https:\/\/pepsyna.com\/index.php\/wp-json\/wp\/v2\/pages\/1087\/revisions\/1207"}],"up":[{"embeddable":true,"href":"https:\/\/pepsyna.com\/index.php\/wp-json\/wp\/v2\/pages\/446"}],"wp:attachment":[{"href":"https:\/\/pepsyna.com\/index.php\/wp-json\/wp\/v2\/media?parent=1087"}],"curies":[{"name":"wp","href":"https:\/\/api.w.org\/{rel}","templated":true}]}}