{"id":1078,"date":"2019-12-18T15:41:09","date_gmt":"2019-12-18T15:41:09","guid":{"rendered":"http:\/\/pepsyna.com\/?page_id=1078"},"modified":"2019-12-18T18:45:20","modified_gmt":"2019-12-18T18:45:20","slug":"pudelko-apteczne-typ-11-30ml","status":"publish","type":"page","link":"https:\/\/pepsyna.com\/index.php\/pojemniki-plastikowe\/pudelka-apteczne\/pudelko-apteczne-typ-11-30ml\/","title":{"rendered":"Pude\u0142ko apteczne Typ 11 30ml"},"content":{"rendered":"\t\t<div data-elementor-type=\"wp-page\" data-elementor-id=\"1078\" class=\"elementor elementor-1078\" data-elementor-settings=\"[]\">\n\t\t\t<div class=\"elementor-inner\">\n\t\t\t\t<div class=\"elementor-section-wrap\">\n\t\t\t\t\t\t\t<section class=\"elementor-element elementor-element-68ba2042 elementor-section-boxed elementor-section-height-default elementor-section-height-default elementor-section elementor-top-section\" data-id=\"68ba2042\" data-element_type=\"section\">\n\t\t\t\t\t\t<div class=\"elementor-container elementor-column-gap-default\">\n\t\t\t\t<div class=\"elementor-row\">\n\t\t\t\t<div class=\"elementor-element elementor-element-6e93f994 elementor-column elementor-col-100 elementor-top-column\" data-id=\"6e93f994\" data-element_type=\"column\">\n\t\t\t<div class=\"elementor-column-wrap  elementor-element-populated\">\n\t\t\t\t\t<div class=\"elementor-widget-wrap\">\n\t\t\t\t<div class=\"elementor-element elementor-element-25729eef elementor-widget elementor-widget-text-editor\" data-id=\"25729eef\" data-element_type=\"widget\" data-widget_type=\"text-editor.default\">\n\t\t\t\t<div class=\"elementor-widget-container\">\n\t\t\t\t\t<div class=\"elementor-text-editor elementor-clearfix\"><p><!-- wp:paragraph --><\/p>\n<p><a href=\"blob:http:\/\/pepsyna.com\/2a0fc400-3f33-4c78-8905-1c46de4f6030\"><img loading=\"lazy\" class=\"aligncenter\" title=\" Pude\u0142ko apteczne Typ 11 30ml\" src=\"data:image\/png;base64,iVBORw0KGgoAAAANSUhEUgAAAb8AAACTCAYAAAAeCheLAAAeRUlEQVR4nO2da3ei2BKG8\/\/\/0jmruzO5aLyDqAG84N2Y7vMX6nzoVXvKykYgiCC+H541MyYR2KDP1N5VtR\/2+z0BAAAA98RD2ScAAAAAXBvIDwAAwN0B+QEAALg7ID8AAAB3x8NutyNJ2SdUNno8NIfDIRd5j1\/18cn7\/nUfv7zXn8StX3\/R41P2+Vd9fG7985fl+JBfxsGr+8NT9vnVffzyXj\/kB\/kVOT63\/vmD\/AocvLo\/PGWfX93HL+\/1Q36QX5Hjc+ufv0zyK\/tm3Rr48JU7vmWfX9nXj\/HB+BQ5Pvc0fpDflR+uss+\/6tz7+OH5wviUOT73NH4Pdb64W3x4qv7wFX1+dR+\/qj9\/Vefer7\/qz0\/Z45\/l+JAfHp7CHq4y3r\/q41f156\/q3Pv1V\/35KXv8sxwf8sPDU9jDVcb7V338qv78VZ17v\/6qPz9lj3+W43+RH7htyn64ima73ZqsrbjrPhwOdDwe6fPz0\/Dx8UEfHx90PB7peDzSx8cH7fd\/s8M2mw2t12tar9cURREtl0tDFEW0WCxoPp\/TbDajKIrOslqtzHttNhvabrfmnG3nzefF58Y\/59f42rbbLW02m9LHH4C6APnVjLrLT6Yrp73u3W5n5DGdTmk6ndJsNqP5fE6LxcKIa7lc0nw+N69L+HUpOinJ5XJ5Ir7VakWr1coIlCUq\/5YFKa9JClIL8BKlNgCAv0B+NaPu8pPnwGLg1zm6YtFp+URRZOTHgpPS2mw21muU0RnLjX9fRncSGU3yebBcWagsQRbler02f68FKEUIAMgP5Fcz6i6\/w+HwRQY6ulutVifTlVI4NklJZJTGfyvfwxb5sbz4uDap6eOwFPWxpIxtEix77AGoC5Bfzai7\/OLEx0LR63RSWjzVaBPPbDaj2Wx28t9hGFIQBN8iDEMKw9BMsfI0q4wKbecgz5nPV0oQAHAZIL+aUXf56WvVU5x6rU5PL\/K0p4RFFYahiSClSOXf6zXA2Wx28h7ydf2zIAi+RJM6MtVrkhAgAMUA+dWMustPnoue5tQJKRIWlpSejMhYQCyrIAjI930KguBkjVCuK9oiTbm+x69LWZ47vpQmv84ZpJwxWvb4A1AXIL+acS\/ykwJi8XEpgi5VYOnIyOxcBCb\/O4oiWq\/XtN\/v6ePjw6wVsvgWi8XJFKlNbDICta0pyihRnw8fH5EfAJclc5F70htW\/cuz7pQ9\/kXLdbfb0fF4pMPhYKIsjgB5ncxWo8fyk5GYjrJkZGZLcLGVN+hsUtvP435XR4U8zSl\/JmsHWbocAcp1T3y2AMgG5Fczyh7\/ouXHv7Pdbo04dIG6rrHj6EwmtNgSTHQ9n87klHV8spZPTnXafmb7PV3\/p6ND+ZrMAOUp0MMB8gMgD5BfzSh7\/IuW3+HwN\/qLoshkVbKodOSnpz7PTXXK32XZ6Do+XdMnyxZ07Z+u89Pis0WCNvFJIfLvy2lYOeZlP3sA3BKQX80oe\/yLlh8XmodhSOPxmCaTCU2n01hhxE0vavHZ2pKd23xTF9QnSS+pLVqc\/GyR6XK5PEl+wecLgOxAfjWj7PEvWn7H45GWyyVNJhMaDoc0Go0oCAIzhWmbypTisElSF6LH9Q\/V1yjlx8JLmtaME\/Q5Ccr1SV635KlPPeZlP38A3AqQX80oe\/yLlt\/n5yctFgvyPI9c16XRaETv7+8UhqHJmLT17YxDtzdLkp+O+nT7sjjRxQkvTYKMrCf0fZ9ms9lJk2t8vgDIDuRXM8oe\/2vIbzabkeu65Loujcdjen9\/\/1KPp8V2bv1NJ7Ocm\/bUvTvj6vn0Wt255BnblKmMJDlhZzqdmmleXveT4446QADSA\/nVjLLH\/xrym06n5DgODYdDmkwm9P7+Tr7vm7U\/XR4gsTWb1mLSApRISdm2PNLyi+vtaXv\/\/X7\/5Xe4gJ\/lNx6PKQxDWq1WkB8AObi4\/ADIg+7Zyc8c73e32+0oCAJyHIdc1zXyY+J2a2DktKXeY0\/uq\/f5+Um\/f\/8+4fPz82Q\/QD5n23vGYZOghH9Hy5mjv8lkQkEQ0HK5pI+PD\/r8\/DSfTa5\/BAAkA\/mBSsGS4c1mpVh42tH3fRoMBuQ4jpGB7I6SR378T70ZLqPlp8\/Rtr3RuV0kbJmiuqcob4UkW6\/NZrOTqdP9fk9\/\/vwp\/f4BcCtAfqBS2HZt0GtuOvJjGciMzjj52aIxPX3I58Gik8Ljf+oINW1kl4SM+GRh+0I0vX5\/f6fRaGRKPYIgoPV6Tb9\/\/y79\/gFwK0B+oFLItTB+TU4xLpdLen9\/J9d1yfM8s96nE16S5MeRmBagbRpUyk7vq8fy02uKcSTJTybTSCEuFgsKw5B836fhcEi9Xo+63S71ej1yXZem0yk+nwBkAPIDlYKTVKT85H59LD7HcWg8Hpv983zfN42rk+SnpyK1\/GwC5HOJi\/ouJT95rXKbpjAM6f39nSaTCbmuS4PBwOC6LgVBQKvVqvT7B8CtAPmByiEFs91uKYoi8+U\/GAxMxMMF7rxpbJppT732pksa4iI\/23nqqM9WqpBVfjLSk\/sBvr+\/G9lzko8U\/2w2o\/V6Xfq9A+BWgPxApZBrbYfD30hwOp3SaDSiwWBA4\/GYHMehwWBAnucZEUynU5MYklV+tpo+fS626U4pv7xrfZLlcmnEx0X7+t9570AWJe9uUfb9A+BWgPxApZCR136\/p9VqRWEYkud5NBgMaLlcku\/75HkeDYdDGg6H5Hke+b6fOvKLq7eLE19SecMl5bfdbmm1Wpm6Qb4Wvg7Z35MjTa4nRJ0fAOmB\/EClkLV2h8OBwjCkfr9P4\/HYRDY89ccSHI1G5Ps+jUYjEx2xEGQJAa+J2dbqztX92aY+4yI\/224PcV1l9FQoi09uwyTbtXG5w2QyocViQYfDv2uUn5+fpd87AG4JyA9UCimlKIrMNKfv+0ZSvP7l+75pbzabzczal95FXbY6s9XeXTLbU0tNR5QcQe73ezPFyVLj9Tu+vtFoRJ7nGcHzGudoNKL5fE4fHx\/m\/Y\/HIz6fAGQA8gOVYrP5W4i+Xq9NWv94PDY7GWw2G5pMJifJH7ynn6z140QRXh\/jSNAWfWlJnVvzS1PoLjM2dQs0CUua1\/MYLmSXEmTG4zG5rkuz2eykEQB3vyn7\/gFwK0B+oFJst1vzRc7TmtPp1EwdbjYbIwTf902RN8tPi0ZHfnovP90AW\/f21N1ZbBvZ6p3ceeqSJczR3GQyOcnUZDHL48vdIviauL7v\/f3drH1Op1PID4AcQH6gUmy3W9PeTDZyns\/nFIYhbbdbmkwmZiuj0WhkdjrgpBe93he3\/mbbdUFuPSQbXtv26LNFb7L0giNR+V4yOrS1PNPy4+saj8dmChTyAyA\/kB+oFJvNxnypz+dzs+7FEZNc8+NIiKdAx+OxEQ6v7+mMzHOJKrZ9\/PQan01cUqq6ps\/WReZw+HetUP+93sdP1vjxtWLaE4D8QH6gUkg5RVFEnudRr9cjz\/NosVjQfr83kRBnePK6H29qK6MuWSbA8pMC02KSOzr8+fPnC0kNrmWNYtzaX9zGtjzNqXecl5vZIuEFgMsA+YFKwSn7u92OVqsVjUYj6nQ6NB6P6XA4GPnxWh+XPMzn85NsSb3HH7dNi9u3j59tW7Smk1lk1HiunMGGnnaVYuOm1fK89d+g1AGAywD5gUqx3++NjHgqjyMgnmrkji8c9XECyWw2+xJp6a2AdNSld3JPev5txe26hVmc3MIwPNmNQTbk5ohPRqn6vRaLhZneDcOQDoe\/W0DxGmFcGzYAwFcgP1ApWCr7\/d4kvnAk9ufPH9rv9zSdTk3yh5QIZ3vqDE65pmdbW5PTi3K60YZNcPI9ZEan7\/vm3MIwpDAMz9Yg2nqBavlx5BcEAe12Ozoej+baEP0BkB7ID1QKjqz2+71JNuF\/\/9\/\/\/meyQF3XpeFwaKI+udYn6\/rklGaa9mRyWtSGnKLkaJIlJ5tNx2V72ppcy3IK+Tt8TJ1dysfhRtY8XtjPD4D0QH6gUtgKx\/UWR2EYmq18OMmFOVfDp6c1+Xi6f+c5bI2u5bnGrQ\/qLY+SJGtbG+TsT452V6vVyTlg2hOA9EB+oFJIqcikE1n\/xlsbsfw42tLys2VV6mQXneCSdH5purvo9UA5xarrBfW0qU6QkX0+Z7PZSY3jcrk0Qua10rLvHwC3AuQHKoVtuvP3798m+UXu8DAcDk\/W17hjioz8tOhsU50yErP1\/tTTknodTnaUiZOalputzMGGLnWQ9X6z2Yx2u50ZK+znB0B6ID9QKfjLnCOr4\/Fo1rKiKCLHcajf79NgMDDZnrK5tZSQrPGTU6d6StVW7B5HUuRnyyaVGaVabrZIT4tTb2rreR65rmt6nvLnEpEfAOmB\/ECl4AxGjvT4mVsulzQej6nT6VC32yXHcWg8HptIaDKZmAQTud6nSxlsr6UV37lsUZZuUp2fjgS1BPXPdakEl0vw\/wAEQUDb7RbrfQBk5Iv8qg7knG988lL0+cv1K5723G63FIYhDYdDUycnt\/zh9may16ZtU1u9sa0N2+\/ZElbiCtv1zg2atKUWtqnP+Xxu1vx414fhcGj6fN7C81X25wPjU22uOX6QX824dfnx+pVNfq7rfpEf\/zfX+dnq6OJq6GzoXRxssotrdp0GeX7yHDn6s0lP7vXH3W14pwfIr1pgfG5n\/CC\/mlEX+fH63MfHB202GwqCgBzHMRu7Svlx0bfe+dxW7pAU+cVla2ZZozuHlrOeotX7\/el6QhbhbDajIAhO5HeN+1P156dsMD63M36QX82oq\/x836d+v38iP4blx8XnLBgtP72lkI24vfp0qcR3BWir4ZM\/t7U8Y1HyPzmrVcqP733Vn6+yPx8Yn2oD+eUYnLLPr2xuXX6Hw+Gk5u7j48PU9vV6vZN1P8701PLT0Z9MckmK\/GxNqJOK0G11fGmw7fAeF7nKv+GfB0FAruuaPp+QX\/lgfG5n\/CC\/mlEn+XHJw3q9pslkQp1Ox8iPe2gyvu+bbMhzU59JxJUhnBOejPrkuqMNHZ3q6U\/d3kxLkiM\/bnPmOI6R3y08X2V\/PjA+1QbyyzE4ZZ9f2dy6\/Pb7vVV+4\/GY2u02ua57srmtLHKXbc54alBHT0kJL3Fis01ryrU5Lbc44hJdWKw685SFzMfhiI8bXHO5w608X2V\/PjA+1QbyyzE4ZZ9f2dRRfryvn01+cu8+LT+97rdcLhPX\/M41lI6TnDxuUmQZtxO8jPRskabMFuV1wfF4TP1+H\/KrEBif2xm\/h6K\/LAHIwvF4pNVqRZ+fn+a13W5Hg8GAOp2OyfjkqU6ZIKLXzGzTnWmzPfnY\/EGRLdfkedmaV+uuMbY9\/+KwJdpI+b6\/v5venrzLve\/7F\/vyAOBegPxApUgjP93TU2dH6vWzJOFpSdkK3G2Ss8ntnPTS1hvqtT690zvkB0B+ID9QKZLkxw2tuZ8nR3+8UawWn5ZX1siPOTdFo6dNz3WBSbuFUVxrM8gPgMsA+YFKkVV+cr3PJr9z7clsxK0F8rmcE99ut0vMCE3T+zOuyJ1bmkF+AOQH8gOVIo38eEcDnelpW+\/TvTqT5HduayFZMxhX1J6UGZq2A4zeLR7yA+CyQH6gUiTJr9\/vmx6fXOPHG9rqAvcs9X26zk9LSctLtyGTXWXiyiBkx5Y44jJJIT8ALgvkBypFXvnJGr\/vyE83sE5T82cTWFxJRFIRvK1WUJZSQH4AXAbID1SKNPJzHOdqkV8aocnoLOl30sgvrlge8gPgckB+oFLwVkaS9XpNo9GIGo0G9Xo9U+snG1vb1v1kgXvahBNbooqc\/kzq4HJJ9JQnT3tyc2\/XdanX61EQBLFjBwCwA\/mBSlEV+cUlrkB+ANQDyA9UiirI79wWRZAfAPUA8gOVomz5JZUqQH4A1APID1SKqsjPJj7ID4D6APmBSlG2\/OLq+2w1eJAfALcL5AcqRZXkZ6vdg\/wAqAeQH6gUVZRfls1qIT8AboOHpM09Abgmh8OBVqsVHY9Hs8vC4XAgx3Go2WxSt9s1za1HoxGNRiPT5DoIgrO7uKchr\/xkQbuNNH9vey0IAvJ9P1F+Zd8\/AG4FyA9UCsgP8gPgGkB+oFJAfpAfANcA8gOVAvKD\/AC4BpAfqBSQH+QHwDWA\/EClgPwgPwCuAeQHKgXkB\/kBcA0gP1ApID\/ID4BrkFl+2+02F0W\/P7htdrvdifxYgIPBgJrN5slu7p7nGRFwobvv+2ZjW1nszth2ZJfk7eqSJL+02KTHm\/cOh0PyPI8cx6Fut0u+79Nut6PNZlP6\/QPVBt+\/\/wL5gUoB+UF+oDjw\/fsvkB+oFJAf5AeKA9+\/\/\/JQ9gkAIIH8ID8ArgHkByoF5Af5AXANHvgLJi15D1j0+4PbBvKD\/EBx4Pv3XyA\/UCkgP8gPFAe+f\/8F8gOVAvKD\/EBx4Pv3XzLLL+\/gXfp4VaPoh7PufHx8UBRFtN\/vzXhuNhvqdrv0+vqaW35JJMkvSVpy41kbaeXH0tPi4+L20WhEjuNQu92m8XiM5weAjEB+V77+ex+fJNLIr9frkeu6JgJi+b2\/vxv5hWEI+QEAYoH8rnz99z4+SRwOB1osFrTf72m9Xpsx6XQ69Pr6Su12m3q9HjmOY+TneZ5pcQb5lX8PAbgFLi4\/APLA8tvtdrRer2mz2dB6vY6VHwuQ5ccC5HUzFtm15MfCiiOtHCE\/AIoF8gOV4pz8Xl5eqN1uU7fbJcdxTqY+x+Pxl6lPue6XVoKQHwD3wcXlt16vz1L2BRdN0vXf+\/gksd\/vaT6fm6xPHpd2u00vLy\/UarXMzg6u6xoB8rofC7As+XH0GUeSHCE\/AK4D5Hfl67\/38UmC5bfdbo38VqvVt+TH634SyA8AsNlAfhcH8svHOfk9Pz9Tq9WiTqeTWn4c\/UF+AAAJ1vzACavV6ixFy5ult9vtaLlc0uFwoM1mQ81mkxqNRmLkpxNe9LRnFpKK3G0ZnklyS5KjhIU3Ho9P4Gt3HIdarRa5rktRFOX+Hy+wzv38g9sB8gMnVEl+URSdyO\/19fUk8pNJL3JH93MJL1nFFye\/uPIGyO+2gfzuB8gPnFAV+W2325Nid5bf29ub6fLC8uNuL5eS33fFB\/ndPpDf\/fBQ9gmAapH04S\/6y2Gz2dByuTyR33q9pkajYZUfC1CXO+iEl7ziSypo\/47cipBf3vsHwL0A+YET8j5QeY8v5Sc7vTQaDXp5eaG3tzdqt9vU7\/dPpj5tbc5sCS\/fWedLKz7ID4Db4aHsEwC3xXK5PEve91+v1xRFEW02m5Ni99fXV3p5eaFms2m6vAwGAyNAue7HTa6\/I78sU5w28bGw4ihafkn3B+R7fss+P3A5ID+QibxfHknY5Ldarb4lP173k2SRX1bxQX63T97nH9wOkB\/IRN4vjyTSyK\/VaqWWH0d\/eeQX14rMNtUJ+d02eZ9\/cDtAfjdG0Q9E2cffbDY0nU5pu92a84miiNrtNr2+viZGflIycVOf5yhaflnkaJMfr232+33yPI+63S71ej1ar9e0WCxK\/0IB4FaA\/G6Moh+Iso+\/Xq9P5LdcLimKImq1WqmmPbX8ZMlDFvl9Z8rzkvKTr9nk1+v1jPy63S7kB0BGIL8bo+gHouzj55WfbXeHLNFfHvFdSn5x4mP5eZ5HvV6PhsMhdTodyA+Ab\/BQ9gmAbERRVChlH3+9XlMYhqbkgY+ZVX7n1v3OkaVzS5r1OU0WEcq\/G41GNBqNzBZOWn6r1YoWi0Xh9weAugD53RhFPxBlH3+1Whn58WuLxYLe3t7o+fk5lfx09McyyyK\/74jvkvKziY\/lNxwOqdvtkuu61Ol0qNPp0Gq1ovl8XvoXCgC3wkPZJwCykXZH8u9S9vFZfpz1ycdMK7+kqc+kXRmyTHHaxCdFZSOL9PT7eZ73RX7tdvtEfkXfHwDqAuR3YxT9QJR9\/NVqRUEQmDWsKIpoPp9nkp+tyXWS9L7TucUmrUvKT4vP8zzTyFvLb7lcptqyCQDwF8jvxij6gSj7+Fp+i8XfPfaazWZm+el1v+\/KL0sdXhHyY\/HFya\/dbkN+AGQE8gNXhR+8KIqsa4ly6i6KIpPI4bouPT09mS2NuLcnw1LQa34y+ksjwaLll7QmaFsX5PflMgfXdanX65lxGI1GNJ1OablcWj\/kRdy\/71L0+wOQloeyvwzBfcEPXhRFX8S3WCy+9N+Mor9CdF33S+QnBSh3dpAC+a78vjPleSn5yfOX7yujv16vR91u1xS7h2FIi8XiS8ca\/YG\/1P37LkW\/PwBpeSj7yxDcF\/zg2V7j9mKy5o5fc12XXl9fT7Y1kgLU8tNJL2mnP\/OIryj5SfENh0NyHOeL\/HzfPynStzXy1uOe5\/59l6LfH4C0PJR9AuC+sEUjcishmZXJwvJ9nxzHoWazaWr9tPzi1vzk1KeMAJNalqXp3JK0PmcjSY42QepMT8dxqN\/vm+sfDoc0mUxOrkOWd0gRXuL+5aHo9wcgLZAfuCr84Mn\/lp1VpPBkFMRNnG3yi0t4iYv+0sjvO+K7lPzk+esyB25oLeXnuu7JXoa2Eg+W4KXu33cp+v0BSMtD2ScA7hspviAITIbmZDIxkY7neeQ4DnU6HWo0Gmd3dZCC0dGflGAcWaY4z9XhxfEdOeqobzAYUL\/fP9nQl9\/bJn0pwUvcrzwU\/f4ApAXyA6Uym81O1tr4i3s0Gpkveo52ut3uSban4zhfdnKXEtGJL1nll1V8l5CfTYAy6pMZrhI9DnECvMT9ykPR7w9AWiA\/UBqz2el0p5Sf53lmao8lx+n9\/JrruoY4+cWt\/WWRX1xSim2qsyz5MXwMW6F\/EAQXuWd5KPr9AUjLQ9knAO4TOdVp2w19PB6btP7BYEC9Xs9kOPIedjLqYWzTnTJrMqlm75z8dDKKTX5J0SBP6erpTC1sLT2Ge3lyZxfO+OQ6Rx356SzXsu87AEWStoH9dDqF\/MB1kf93LwWoJciC0Otc3W7XfPm3223qdrvkOA55nkeTycRIkQve9Zf\/d9f54tbi0kR7jJSYlJWUtY4CZcTX7\/fp7e2NWq2Wmf7l6+X3s0152jI\/AagjkB+oLHHTnrrOTgpQS6Db7Zqyh9fXV2q1Wibl3yYViU163201Fie1c+gIUUtO\/3e\/36dOp0Nvb2+mzpGTfrrd7on4+H8A9Fqfrv0DoK5kkl+WXwYgL7b1HfnzOAmyhDzPo8FgQK1Wi56fn+nx8ZEeHx\/p6emJXl5eviSA6OgrKapLSnJJkp9MwpERnl73k8eUYuep3n6\/T+12mxqNBj09PdHj4yP9\/PmTnp+fjfB7vd7JeudoNPpS0qEjvrLvPwBFkraHbxiGkB+4LueSG6ZT+2ayejqUk2G47u+ff\/6hX79+0c+fP+nx8ZH++ecf0wqt0+l8SQTJ04ElLrklbeQn1ytlAgy\/T6\/X+yI9vqanpydqNBr09vZ2Mt0rI1xd6M7jDvmBeyCT\/LL8MgB5SZqmiPs7\/kKXySvD4ZAGg4GZFmw0GkYWUhgvLy\/UaDSo2WzGRoY2odkSWc5Fezri49d0SYJew2y1WtRsNqnRaNDLyws9Pz\/T09PTicS5n6ksbGfx6YxOW5eX73w5AHBrJDWxkEB+oFSy\/p+bTk6RItRrZBwV\/vz5k378+EE\/fvw4WTd7e3s7yZpkscgCcpu0GPm7LCYtNy7P4CQdfr3T6ZhtmnhKk6c1uYsNC89WxG5LaplOp7ECBOAegPxAZUn6Qo770pZyjFsPlNmhvV6PWq3WSTT1\/PxM\/\/nPf+i\/\/\/0v\/fjxg379+mWiK5YiZ5GysGRphYRf5+xTRkqv2+1Su92mt7c3ajab1Gw26devX2aK9tevX\/T4+GiOz7\/DkpQJLJwcw2MgE3c4qWU2m51t41b2vQegaDLJL8sv4wOUbXDB9dFS5AQSjsikrNrtNrVarRM5vby8nOXt7e0sLFGOLnm6VYpN1ufpbM24OkSm7PEFoC5AfpBf7eDox7YlkC4l0NOZOsL7DnFTpyy6uIL0NB1oyh5bAOoC5Af51RZbEbv8me4Ak2Y\/vqRCdtuefLrbjK3Rtj5nyA+AYnlI+rDhw3dK1vEC5ZHmPiZtXZQVPU2pzyfvtGbZYwpAXYD8IL9acU4+534vTl5ZybKLhO3v8PwBcB0esn64yz7hssn75QiKJUli17r\/8m8uKbSyxxeAugD5QX61Iuk+JQnpkvffdiz9fkUeHwAQD+QH+dWKpHW9pGc57\/HPrQH6vn\/2Z3i+ALgeD0kL9uCyZE2YuPbxAQDgHoD8ID8AALg7ID\/IDwAA7o4HvWVL2SdUd5K2zCn7+AAAcA9AfpAfAADcHQ9ZN\/ME+ci7mWrRxwcAgHvg\/6nIl4B9tdnqAAAAAElFTkSuQmCC\" alt=\" Pude\u0142ko apteczne Typ 11 30ml\" width=\"447\" height=\"147\" \/><\/a><\/p>\n<div class=\"row\">\n<div id=\"_title\" class=\"col-xs-12\">\n<h6>Pude\u0142ko apteczne Typ 11 30ml<\/h6>\n<\/div>\n<\/div>\n<p><!-- \/wp:paragraph --><\/p><\/div>\n\t\t\t\t<\/div>\n\t\t\t\t<\/div>\n\t\t\t\t\t\t<\/div>\n\t\t\t<\/div>\n\t\t<\/div>\n\t\t\t\t\t\t<\/div>\n\t\t\t<\/div>\n\t\t<\/section>\n\t\t\t\t<section class=\"elementor-element elementor-element-2694cf1 elementor-section-boxed elementor-section-height-default elementor-section-height-default elementor-section elementor-top-section\" data-id=\"2694cf1\" data-element_type=\"section\">\n\t\t\t\t\t\t<div class=\"elementor-container elementor-column-gap-default\">\n\t\t\t\t<div class=\"elementor-row\">\n\t\t\t\t<div class=\"elementor-element elementor-element-1d769c5 elementor-column elementor-col-100 elementor-top-column\" data-id=\"1d769c5\" data-element_type=\"column\">\n\t\t\t<div class=\"elementor-column-wrap  elementor-element-populated\">\n\t\t\t\t\t<div class=\"elementor-widget-wrap\">\n\t\t\t\t<div class=\"elementor-element elementor-element-ac15c16 elementor-widget elementor-widget-text-editor\" data-id=\"ac15c16\" data-element_type=\"widget\" data-widget_type=\"text-editor.default\">\n\t\t\t\t<div class=\"elementor-widget-container\">\n\t\t\t\t\t<div class=\"elementor-text-editor elementor-clearfix\"><table>\n<tbody>\n<tr>\n<th colspan=\"2\">Sp\u00f3d<\/th>\n<\/tr>\n<tr>\n<td>Materia\u0142:<\/td>\n<td>PE<\/td>\n<\/tr>\n<tr>\n<td>\u015arednica:<\/td>\n<td>36.10 mm<\/td>\n<\/tr>\n<tr>\n<td>Wysoko\u015b\u0107:<\/td>\n<td>51.30 mm<\/td>\n<\/tr>\n<tr>\n<td>Waga:<\/td>\n<td>6.20 g<\/td>\n<\/tr>\n<tr>\n<th colspan=\"2\">Nakr\u0119tka<\/th>\n<\/tr>\n<tr>\n<td>Materia\u0142:<\/td>\n<td>PE<\/td>\n<\/tr>\n<tr>\n<td>\u015arednica:<\/td>\n<td>32.00 mm<\/td>\n<\/tr>\n<tr>\n<td>Wysoko\u015b\u0107:<\/td>\n<td>15.30 mm<\/td>\n<\/tr>\n<tr>\n<td>Waga:<\/td>\n<td>2.90 g<\/td>\n<\/tr>\n<tr>\n<th colspan=\"2\">Komplet<\/th>\n<\/tr>\n<tr>\n<td>Pojemno\u015b\u0107:<\/td>\n<td>30 ml<\/td>\n<\/tr>\n<tr>\n<td>Pojemno\u015b\u0107 ca\u0142kowita<\/td>\n<td>35 ml<\/td>\n<\/tr>\n<tr>\n<td>Materia\u0142:<\/td>\n<td>PE\/PE<\/td>\n<\/tr>\n<tr>\n<td>Wysoko\u015b\u0107:<\/td>\n<td>53.20 mm<\/td>\n<\/tr>\n<tr>\n<td>\u015arednica:<\/td>\n<td>36.10 mm<\/td>\n<\/tr>\n<tr>\n<td>Waga:<\/td>\n<td>9.10 g<\/td>\n<\/tr>\n<\/tbody>\n<\/table>\n<p>Opakowanie mo\u017ce by\u0107 u\u017cywane do produkt\u00f3w spo\u017cywczych.<\/p>\n<h2>Pakowanie:<\/h2>\n<table id=\"_technic_table\">\n<thead>\n<tr>\n<th>Nazwa<\/th>\n<th>Pakowanie <small>szt.<\/small><\/th>\n<th>Wymiar kartonu <small>[mm]<\/small><\/th>\n<th>Masa kartonu<sup>*<\/sup>\u00a0<small>[kg]<\/small><\/th>\n<th>Ilo\u015b\u0107 karton\u00f3w na palecie <small>szt.<\/small><\/th>\n<th>Ilo\u015b\u0107 sztuk na palecie <small>szt.<\/small><\/th>\n<th>Pakowanie zgrzewka <small>szt.<\/small><\/th>\n<th>Ilo\u015b\u0107 na palecie <small>szt.<\/small><\/th>\n<\/tr>\n<\/thead>\n<tbody>\n<tr>\n<td>Sp\u00f3d<\/td>\n<td>1000<\/td>\n<td>580x380x360<\/td>\n<td>7.1<\/td>\n<td>20<\/td>\n<td>20000<\/td>\n<td>0<\/td>\n<td>0<\/td>\n<\/tr>\n<tr>\n<td>Nakr\u0119tka<\/td>\n<td>4000<\/td>\n<td>580x380x360<\/td>\n<td>12.5<\/td>\n<td>20<\/td>\n<td>80000<\/td>\n<td>\u00a0<\/td>\n<td>\u00a0<\/td>\n<\/tr>\n<\/tbody>\n<\/table>\n<p><small>*Podane warto\u015bci maj\u0105 charakter orientacyjny i nie mog\u0105 by\u0107 podstaw\u0105 do roszcze\u0144<\/small><\/p>\n<h2>Mo\u017cliwo\u015bci zadruku:<\/h2>\n<div class=\"hidden-lg\">\n<div class=\"_flex_table pl\">\n<div>\n<table>\n<thead>\n<tr>\n<th rowspan=\"2\">Nazwa detalu<\/th>\n<th colspan=\"3\">Pole zadruku &#8211; SITODRUK<\/th>\n<\/tr>\n<tr>\n<th>dno <small>[mm]<\/small><\/th>\n<th>obw\u00f3d <small>[mm]<\/small><\/th>\n<th>g\u00f3ra <small>[mm]<\/small><\/th>\n<\/tr>\n<\/thead>\n<tbody>\n<tr>\n<td>Sp\u00f3d<\/td>\n<td>x<\/td>\n<td>**<\/td>\n<td>x<\/td>\n<\/tr>\n<\/tbody>\n<\/table>\n<\/div>\n<div>\n<table>\n<thead>\n<tr>\n<th class=\"hidden-lg\" rowspan=\"2\">Nazwa detalu<\/th>\n<th colspan=\"3\">Pole zadruku &#8211; TAMPODRUK<\/th>\n<\/tr>\n<tr>\n<th>dno <small>[mm]<\/small><\/th>\n<th>obw\u00f3d <small>[mm]<\/small><\/th>\n<th>g\u00f3ra <small>[mm]<\/small><\/th>\n<\/tr>\n<\/thead>\n<tbody>\n<tr>\n<td class=\"hidden-lg\">Sp\u00f3d<\/td>\n<td>x<\/td>\n<td>x<\/td>\n<td>x<\/td>\n<\/tr>\n<\/tbody>\n<\/table>\n<\/div>\n<div>\n<table>\n<thead>\n<tr>\n<th class=\"hidden-lg\" rowspan=\"2\">Nazwa detalu<\/th>\n<th colspan=\"2\">Mo\u017cliwo\u015b\u0107 zastosowania HS <small>(wtop)<\/small><\/th>\n<\/tr>\n<tr>\n<th>na obwodzie<\/th>\n<th>na g\u00f3rze<\/th>\n<\/tr>\n<\/thead>\n<tbody>\n<tr>\n<td class=\"hidden-lg\">Sp\u00f3d<\/td>\n<td>x<\/td>\n<td>x<\/td>\n<\/tr>\n<\/tbody>\n<\/table>\n<\/div>\n<div>\n<table>\n<thead>\n<tr>\n<th class=\"hidden-lg\" rowspan=\"2\">Nazwa detalu<\/th>\n<th colspan=\"3\">Pole zadruku &#8211; ETYKIETA<\/th>\n<\/tr>\n<tr>\n<th>dno <small>[mm]<\/small><\/th>\n<th>obw\u00f3d <small>[mm]<\/small><\/th>\n<th>g\u00f3ra <small>[mm]<\/small><\/th>\n<\/tr>\n<\/thead>\n<tbody>\n<tr>\n<td class=\"hidden-lg\">Sp\u00f3d<\/td>\n<td>***<\/td>\n<td>25 x 100<\/td>\n<td>x<\/td>\n<\/tr>\n<\/tbody>\n<\/table>\n<\/div>\n<\/div>\n<\/div>\n<p><small>**Do ustalenia po otrzymaniu projektu<\/small><\/p>\n<p><small>x Brak mo\u017cliwo\u015bci zadruku<\/small><\/p>\n<p><small>Podane wymiary zadruku (mm) (wysoko\u015b\u0107 x d\u0142ugo\u015b\u0107)<\/small><\/p>\n<p><small>***Mo\u017cliwo\u015bci etykietowania okre\u015blone przez odbiorc\u0119<\/small><\/p><\/div>\n\t\t\t\t<\/div>\n\t\t\t\t<\/div>\n\t\t\t\t\t\t<\/div>\n\t\t\t<\/div>\n\t\t<\/div>\n\t\t\t\t\t\t<\/div>\n\t\t\t<\/div>\n\t\t<\/section>\n\t\t\t\t\t\t<\/div>\n\t\t\t<\/div>\n\t\t<\/div>\n\t\t","protected":false},"excerpt":{"rendered":"<p>Pude\u0142ko apteczne Typ 11 30ml Sp\u00f3d Materia\u0142: PE \u015arednica: 36.10 mm Wysoko\u015b\u0107: 51.30 mm Waga: 6.20 g Nakr\u0119tka Materia\u0142: PE \u015arednica: 32.00 mm Wysoko\u015b\u0107: 15.30 mm Waga: 2.90 g Komplet Pojemno\u015b\u0107: 30 ml Pojemno\u015b\u0107 ca\u0142kowita 35 ml Materia\u0142: PE\/PE Wysoko\u015b\u0107: 53.20 mm \u015arednica: 36.10 mm Waga: 9.10 g Opakowanie mo\u017ce by\u0107 u\u017cywane do produkt\u00f3w spo\u017cywczych. [&hellip;]<\/p>\n","protected":false},"author":1,"featured_media":0,"parent":446,"menu_order":4,"comment_status":"closed","ping_status":"closed","template":"","meta":[],"_links":{"self":[{"href":"https:\/\/pepsyna.com\/index.php\/wp-json\/wp\/v2\/pages\/1078"}],"collection":[{"href":"https:\/\/pepsyna.com\/index.php\/wp-json\/wp\/v2\/pages"}],"about":[{"href":"https:\/\/pepsyna.com\/index.php\/wp-json\/wp\/v2\/types\/page"}],"author":[{"embeddable":true,"href":"https:\/\/pepsyna.com\/index.php\/wp-json\/wp\/v2\/users\/1"}],"replies":[{"embeddable":true,"href":"https:\/\/pepsyna.com\/index.php\/wp-json\/wp\/v2\/comments?post=1078"}],"version-history":[{"count":2,"href":"https:\/\/pepsyna.com\/index.php\/wp-json\/wp\/v2\/pages\/1078\/revisions"}],"predecessor-version":[{"id":1199,"href":"https:\/\/pepsyna.com\/index.php\/wp-json\/wp\/v2\/pages\/1078\/revisions\/1199"}],"up":[{"embeddable":true,"href":"https:\/\/pepsyna.com\/index.php\/wp-json\/wp\/v2\/pages\/446"}],"wp:attachment":[{"href":"https:\/\/pepsyna.com\/index.php\/wp-json\/wp\/v2\/media?parent=1078"}],"curies":[{"name":"wp","href":"https:\/\/api.w.org\/{rel}","templated":true}]}}