{"id":1073,"date":"2019-12-18T15:37:50","date_gmt":"2019-12-18T15:37:50","guid":{"rendered":"http:\/\/pepsyna.com\/?page_id=1073"},"modified":"2019-12-18T18:20:13","modified_gmt":"2019-12-18T18:20:13","slug":"pudelko-apteczne-typ-16-15ml","status":"publish","type":"page","link":"https:\/\/pepsyna.com\/index.php\/pojemniki-plastikowe\/pudelka-apteczne\/pudelko-apteczne-typ-16-15ml\/","title":{"rendered":"Pude\u0142ko apteczne Typ 16 15ml"},"content":{"rendered":"\t\t<div data-elementor-type=\"wp-page\" data-elementor-id=\"1073\" class=\"elementor elementor-1073\" data-elementor-settings=\"[]\">\n\t\t\t<div class=\"elementor-inner\">\n\t\t\t\t<div class=\"elementor-section-wrap\">\n\t\t\t\t\t\t\t<section class=\"elementor-element elementor-element-210fbe0c elementor-section-boxed elementor-section-height-default elementor-section-height-default elementor-section elementor-top-section\" data-id=\"210fbe0c\" data-element_type=\"section\">\n\t\t\t\t\t\t<div class=\"elementor-container elementor-column-gap-default\">\n\t\t\t\t<div class=\"elementor-row\">\n\t\t\t\t<div class=\"elementor-element elementor-element-61f057a5 elementor-column elementor-col-100 elementor-top-column\" data-id=\"61f057a5\" data-element_type=\"column\">\n\t\t\t<div class=\"elementor-column-wrap  elementor-element-populated\">\n\t\t\t\t\t<div class=\"elementor-widget-wrap\">\n\t\t\t\t<div class=\"elementor-element elementor-element-654997e7 elementor-widget elementor-widget-text-editor\" data-id=\"654997e7\" data-element_type=\"widget\" data-widget_type=\"text-editor.default\">\n\t\t\t\t<div class=\"elementor-widget-container\">\n\t\t\t\t\t<div class=\"elementor-text-editor elementor-clearfix\"><p><!-- wp:paragraph --><\/p>\n<p><!-- \/wp:paragraph --><\/p>\n<p><a href=\"blob:http:\/\/pepsyna.com\/e307232e-e732-4835-bb6a-0da45f1ec379\"><img loading=\"lazy\" class=\"alignleft\" title=\"Pude\u0142ko apteczne Typ 16 15ml\" src=\"data:image\/png;base64,iVBORw0KGgoAAAANSUhEUgAAAJcAAACDCAYAAACA2In0AAAV\/UlEQVR4nO2dWXfiupqG6\/\/\/l17dd31q73VOV1Um5jFMYTRg8DwPQFL77QsilazYmIRQqSS6eBaEeMJ++D5JluQv\/X4fPL1e7yBp67yn9U8lb\/+CPV\/eoxxCrvfBl8FgAJ68ldLW+Z2cenxvfdLPfXx\/yvURcgm5hFxCrg8il0DwGgi5BGcjVa67u7uDvPVBn3p8eeufm3Mf359yfYRcQi4hl5DrHcr11ida8HERcgnOhpBLcDaEXIKzIeQSnA0hl+BsCLkEZ0PIJTgbbyLXcDg8CNsgx97tJ531RqMRJW19\/v9kv8c2AuYdHyFru2nHxn7\/8Xj8ZBn2\/1nf79jzd+xxf0q52JObRlprMLv+eDxOkLc9npdeKHJMafvN+vGktcrn7UfIdYJcecvmyZC3bl7kyusvlRfB8iIPKxR7XETKvB+akOsEubJOQlpkIMuliZF2EY8hL7JlRcW09fMu6jH75yOxkOsEufgLl\/XLz7rJO51OMZvNMJvNIEkSJEnCfD7HfD7HYrHAer0+iKIoB1kul5TFYkEh+yD7lCSJHsd0OqXw3418p6zI+Np8arnyyiGTyQTT6RSSJGGxWECWZazXa6iqCk3TYBgGxTTNJ1iWdZC0dVjY7eu6Dl3XoWkahRWRlXa1WiWQZZlKSQScTCa5aVfIdYJcJKURkWazGZVotVrRC0pEcRwHnufB930EQQDXdZ\/gOA7lOfKkkSZhmnC8eKqqQlXVxHLkc1ZGNvrNZjNMJpMnRQEh1wvlIulMlvfRyDRtuK6LMIwRRRFc13+Uxn8UxoNt27Bt9\/F1Dy\/BoWj2nMiWJw8fycjnrERZ0W29XieE4yPcfD5\/P3KdO7+nMZlMMBqNqGij0Qiz2QyyLEPXdXiO\/0iY+uraAVzbg2sHcCwXjuXDNh3Ypvf4ejyWYcMybJi69SIMzYShmdBVIxVN0aEpOtS1djRrWTnIarnGci5Dms4xGU0xHIwS8JWYu7v0GupL5Tv2Or+JXOQAJ5MJ5vM5ZFmGoijQdR22bTMipbOXK3iUy3+Uy2N433IpK\/Ugq+Uaq+Ua8mKF5VzGfLbAbCJhMppiPJw8EeBTydXv9zGZTGikIuUm13Xhed5jVDqOfeRynx2x3rNca1mBslITy8uLFZWMb6Z5rhzvWq7xeAxZlmFZFi1w+74P3\/eFXEekRSIZK9daVmgkkySJ1jo\/nVyyLMO2bYRhCM\/bF8aJZLZtf3q5SNrLgk2P8mIFebHCarmm4smyjNlshuFwmFr++tByaZqGMAyx2+3g+34iLVqWxRTo0\/nocuVFLhKtiFxEOE3RYWgmVFWltcp+v\/+55Fqv1wjDEA8PD49NCy5to3IcB77rHcS1HYpj2XAsG7ZpMbxvufIg29QUHbpqwNBMmLoFy7Bhmw50XcdyuaRysfc7P7xckiTB9338\/PkTm80GQRBgs9lgs9nsJfMO89HlytoWu01DM2EZ+yIEG9Edy4VpmpBlOVWuY67PWeV6bheV56JpGjzPQxzvG0WDIEAURYjjeP9ZECIKQoR+gMDzacTyHBee41LJ0qKa57iZ8hARDslFokCaQIRDkqWJxq\/LC05SO0n1JDqlRSWyPFmWF8uxXOi6nmhsZWuOr9HC\/67l2m222MYbbOMNNlGMOIyocEQ6Il6aaHy57FD5jMjFCkaWyyJPLl5Adh+26aQuxy7Dy+Y5Pnw3gO8GCLyQvhLI\/8jyQq4Dct3vNrjfbbDbxthuImw3ETZxiDgKEEcBwsBDGHgIfBeB78L3HPieA8+14TkuPdks7MU4VDFII0vSY2HXZUXhjyv0I4R+hE20PUgcbihRECP0I\/q9hFw5cm3iMCFTFPqpMhGhXMeCY5u\/OPDLfymsBGkQMUI\/yhVot7nHbnOP++0D5WH3MxXyf7LONt5RiGhREMN3A3iOL9Jibpkr9BNCJSLTo0xEKNsyYJk6TEODoaswdDVRzjmUdrJgRYmCGFEQJ6JFmjBkuSiIU4Vj\/88KQqRhZWPF4qXaRNvEe7I\/IhapLQq5jpCLFYzIZVvGE6l0TYGmrqGpayirdeJ2ybHVelKIZoVMK0QfKliz4qWJFQVxIsVliZYmFYlUbGrk5bIMW8iVJ1cYOAgDB4Fvw\/cseK5JcWwdtqXBMlWYhgJDX0NTZajKEqqySsiV1ghJGh4J\/G0V9nNWTiIgGxWJgGwqPpQysyIXmyKzBCPwZS62vCXSYo5c+0hlPUYr8zENGo9lKp2+7qPXYyrUVtDUNVRlBXX9qxWbFYy\/jXLoXh0rFNskwDdXsHKRKJZXYGflSItirGhpvOsC\/akcK9dms0EcxwjDEFEUIYqi\/fsg3EcvP0Dg79u2XMfaN5jaJizD3KdE3diXszR9nxYVFZqiQl8rFG21hrZaQ5VXFGUpU8hnZDlttX4iFi8X26zARiw2NRKx2IjFSsHLlYxmPynb+AHb+AGb6J4ShztKFGwReDE8J6T92jRNo3KNRiM6qOM5DaAfWy6mEdVz3ERrvGXsBTN1A4am7+VSNSEXlcsQcgm5hFxCLiGXkEvIJeQScgm5hFxCLiGXkOszyXUMy+USrutiu91iu91SseI4ftKN5qVyJYRh5MojrxE1rR8WL9Wh+4tpkrEQobKk2sYPVKw43GET3SP0N3AsH7pqYDg8fbKSdy2XJEn7AbCehzAMEQQB7erM9tdiOwmS3qembmSKpa4VGIpKyYtiqTC3evgOe6TfFx+92HuMrFD8vcU8seJwg\/vtP5S06EWile9GlL1YFlbLtZBrPB5jPp9DUZT9oAzPg+d5cBzniVxs9HJth0YuNnrpqvZLsoyIxafCLLL6qPPk9Q7Nug3E3yvkedgBDzsk5GIjFxkYbJseLMOFodlQ1wYW0grT8exzy0Xub41GI0ynUyiKQgfEWpb1pFsz31ee7TOflh7z0iL7eRpZgyAIh6JWWnrkI1la74fkjepfMkXBFqG\/SUQqMrLcMlzoqgVlpWMhrTAeznDXHwq5RqNfcxqQ8hcZZsbLxEYpFj5i7W9YK7A0HZamw1Q1mKqWSJN8qkwlo\/873wc+q8yVlQZJ4Z2Xjcd3o8TUBWS6AstwYRnuE7lWSxWzyQLDwQT97uBzy0UEIxOeSZIEx3EQBMF+hhouKvEi7bvU7FnLK6yWMuTFEvJiieV88aRGuF4sE+SlxSyxsvrJ8zVHNrKxn\/P\/z8LUnQSGZidgBTM0G6uliul4juFggkHv7nPL1e\/3MRrtx9D1ej1Mp1NYlkXHLbJypZWriFSsWMv5Asv5AgtpDlmaYzmTKIvpLMFqvjjMgdHOaX3B+NplVpceAt9BkYeXiZfN1Pcz+jiWD0OzIS8UTMdzjO4eZ7z5zHJ1u11a7up2uxiPxzBNk8pF+sLT3qZc7ZCtGfKirbgCe1oE42XjmY73TEbTVGYTCdJ0Dmk6x3y2wEJaYiEtsZzLWM7lJzId6vl6SC4iEhupiFCH5Xp7sd5Mrru7X3OxDwYDzGYzWJb1OHeEA9cxKKRToGlotCvzSl5AXs6xnC8wn0mQpjNMxxNMRmOMhyPMJlNI09kT5jMJ85lEo1wW7PwLfBRK63TIw4rGzuNAohj7Pm98Yt7wNkMzsVqu91Mn9YcY3f0ZUeuPlWvfndl47IW6F2zfpXnfX56VayHNn8g1HNwdZHQ3zGFMGQ8nGA8nmVGMRLnZRKLwkYwXjG\/152udx0y+wg70XS3XmIymQq5j5Ap8G4FvJfrP\/+rWrNPuzMpqTctcC2lOI9N4OMJ4OKKyDAd3uOsPcNcfYNDr0\/dZDHp3lLv+kEJm7mPFI4KxqZKPVHxKTKtlsqOI8oa5ubaXaNAVcj1Drv3gDPvJIA12OJltGbSwzzdFkLIXKegT8dJSZTq\/ylMEEo34iMSnN101UmuLh0YIkSaLrKYKfsCH5\/h0tLipW1jLipDrWLmi0EUUkleXESw5dpFtB2ML\/GntX2yzBakAZJE1mwzf\/kXKSGltXYduXKfda2RvYKcNwGBF892AjlG0DDshlyjQP1OuX4Ltxy\/S2mRKWxhfm+RrlMeQNpYxbUKRrFb6rMjECsN+xo8A4ofts4KR7bJlLyHXM+QKAydTrsB3n8jFRy4iFRGLh6TNLA41H\/CDZtNqd3zkyrppnTU4NksuPjWS6CXkeqZcYWBnykVTY8r8XJZh0pRIYNMlL1862SnR0MwnzQJ8bS4ravETivA3rMm9RVYuPmr5bkDnoyByKSv1z5TrlEnsXwrfQj+ZTGCaJsIwhO+7ByNXotz1KFfqzWu2lwSTIrOiGUteZ8GsnhBpk5e8pLMgL1da5CLTCpDa4nj4eOtnMPrt1zMLIZeQS8gl5BJyCbmEXEIuIZeQS8gl5BJyCbnelVyukEvI9TLIxPvkva7r2G638P39dJVk6sqs+VHZyXbZKSxNQ3uWXOQzstyepwMzslrks6bzPjR1Ze5szdE94ugeUbhDGGwRBlsE\/ga+H8L3Q3heQB9gahgGFosFBoMBut1u4vnfL+U1ru1gMHh7uciB6LpOn6Ah5HpAHD0IuV4KeQo9ORBN04RcH02u1ziYl5All+d5Qq43luu1eHO5+v0++v0+NE1DHMdCro8kF7m4v5ter0fTY7\/fh6qqQq4\/RK5Tr+0fK5frukIuIdfryNXr9dDr9aCqKn2wp5BLyHXSztkT0ev1sFqtEIbhnhPlyupLfyxZE76lPScxTa68OblOlcv3Q7iun5Cr3++j0+m82g\/\/FMh2hFxCro8vlyzLdBI4Idfz5JrP53+mXKdu6KU773Q6NL8TuYIgEHI9s8xFnvPT6\/WoXKden263exJkO28qFzG82+1iuVzSqSuFXMfJZVkWdF2HJEno9Xq4vb19levzanKduqGX7vz29pb+yohcvu8LuY6Qa58SXViWBU3Tnsh16vXpdDonQbbzpnIRwzudjpDrRLm63a6QS8h1jFyHu9wQuUzTTMjVbrdf5fq8mlynbuglNJtNtNttWmtsNpuYTqd0XlReLB5errQJSg7NU3+qXFkPNjh27vm82ZzjeIs43iKKNgjDGGEYIwiihFyu68OyHCiKhtlsjru7EXq9AXq9wdnlOZY3kYt8QdJC3263IUkSnS5cyHVYLsfxHgv0e7mmUwmDwRCdTg+dTn5afNdy3d7eHmQwGKDT6dDywe3tLSRJotOFC7kOy2VZzmNThAtV1TGdSuj1Bri97aLd\/v3BIlOuPBFeQrvdPkiv10Oj0UCr1aLLz2YzOI4j5DpCLtt2aWrUNAPTqYRut492u4N2O\/\/H\/bt4E7k6nQ5qtRoajQZdnpS54jgWch2RFsl7XTcxnUrodHpotW5xe9tFq9U6yG+TK0+El3DMl6tWq2i1Wuh09gX84XAIx3Gw2+2EXEcU6MnfqqpjOByj1bpFs9nG7e2+gnSIc1zzNM4iV96Xa7VaqFQqVLRyuYxWqwVFUUTkOlIu8irLa3S7fdRqDdTrTbTbHTQajYN8aLlqtRqKxSLq9ToajQYuLy9RKBRouUvIlZ8WPS+AbbuYz5dotzsolSqoVGpotW7\/HLnyUthLIBI1Gg3U63XU63XUajVUq1VUq1WUSiWUy2Uq19XVFf7++29cX19jMBjAsU1EoY+H+y0e7rfYxCECf9+JcBOHVChWLFYufrI3Hn5yuKeTxT19BAvbWTBrmkoiFBnYmjX4lRWOTPp2v33Aw+4nft7\/Q4WK4y2223vsdg\/YbHYIggiu6+Ph4R\/YtovxeIpms41qtY5arYFarYFqtY5yuYxKpULPd61Wo+eaVKR+B28iV7lcxs3NDQqFAkqlEi4uLvCvf\/0LX79+xcXFBXRNgetYiEIfcRQg8F24jgXPtRH4LjZxiDja957wPSchmGMnH0LFRi3SC\/UYudKkItGLj1Z8lEp7Wiw7se4\/D8DP+3\/wsPtJZxJkR1UDwG73QJsdbNuF74dUttVKwWg0QaPRQrFYRqFQQqlUQblcfYxgFSoXEevTyNVoNFAsFnFzc4NKpYJSqYRv377h69ev+Ouvv3Dx4xuajRoW8xlcx0IcBYij4MltIDYdOrZJBcx6ZF6eVIQ0odiUeOhxw+yw+7RpwLfxLrFOHG6w29zTqPXPAxAEUSJybTY7WjNcrRTUag0Ui2VcXl7j4uIK19cFFItllEoVFItlep7fXK688tFLYPM7Kxeh0WigVColyl2lUgmXl5f48eMH\/ue\/\/wt\/ff1flIo3GPS7kJdzWKZOoxaZKyIxbTiTFvlH5\/HkyZUlVdY8qPw8EVn3EMnn99sH5tmKT1Oo43gIgoimRN8PsVyu0Gy2cXl5jaurm4RYpLxVqdRQKv2KWGliNRqNV7\/eWZxVLvLFeMHK5TKKxSIte5XLZRQKBZomi4VrXF3+wLf\/+zf+8++\/cfHjG+q1CibjIZS1DMc2aYokkcxzbfqMoJeUs54jF4lcLGkTkLAFeXZCkayb12yB3nE8yPIag8EQjUYLhUIJP35c4j\/\/+YZCoURTYaVSo+WtSqWGcjkZrd5UrryaxUvgvxgP+8uqVCooFAq4ublBqVTaf14to1wq4Ob6EpcX3\/Hj+\/\/h8uI7rq8uULi5QrfTxqDfxXQywkpeQNcUWKZOIxd5XHFaejwmcuWlxbRRPvw03qR3BCsSkcx3A3iOT+eSJ7PVkErE3d0I7XYHxWIZP35c4vv3C1xeXqNYLNMIRQrx9XoT9XoT1WqdypUl1e\/mTeQieb\/ZbFLZqtVfJ+X66gLFwjXqtQrarQZazToq5SIuL77TSHZ1+YMu07ltYXjXx2w6xmI+o0\/JIEPHNEWFoelHy5VXoD\/m4U9sNCPTHRmaCU3REXghHMuFpuiQpnP0On3UKnXcXBVw8X0v0\/fvF7i4uMLNTRGVSg2NRguNRgv1ejMhFfmbrTG+pVBvLhdb4CRSkXRarVZx226i2dhHsGqlhGqlhFq1jHqtQqmUiygWrnF9dYGryx9UyHKpgFqlikatjttWG\/1uD+PhCPOZBHmxxFpendwUkfYwdX4dQzOhqwaUlYqFtMR4OEGv08dtq4PiTSlBqVBO0Gy2qUj1epO+r1RqKBbLCbFY2ZrN9lGNqL9NrjwR\/kR4OXlubm4OQsp7lUoF9XodrVaL9tLo9\/sYj8cHIQNLSAc98qMol8solUq5+yflzCxOPT+n\/vhfiw8pF2nnyaJYLCYolUoJrq+vD8LLwK+ft\/+84xdyvSFss0Yax6zPikiaRYrFIgqFQu72WSnZ1vBj9v2Z+JJ3Ij8iWSeD\/LLz1s+LAq8h\/0fgQ8qVl3ZIOmMjDnvR+TTHw0dAku7IdvP2n8dbn79Xk+vUE\/ERySuznFqmOnX998K7lOs1C8xpES+vNsfv57mR89xy\/Snyvku58i7+c0g74XkXhyWtxpi3z3Ofnz9Grte8UAIBi5BLcDaEXIKz8SWv2i0QvBQhl+BsfOHvswkEr4WQS3A2hFyCs\/GF9F0XCF4bIZfgbAi5BGfjS16XXIHgpQi5BGfjS15\/cYHgpQi5BGdDyCU4G6lyXV1dCd6QUy\/qW2+f8P8F7nidousQSwAAAABJRU5ErkJggg==\" alt=\"Pude\u0142ko apteczne Typ 16 15ml\" width=\"151\" height=\"131\" \/><\/a><a href=\"blob:http:\/\/pepsyna.com\/11c3b50f-eeae-4510-8048-5243f4a0bccb\"><img loading=\"lazy\" class=\"alignright\" title=\"Pude\u0142ko apteczne Typ 16 15ml\" src=\"data:image\/png;base64,iVBORw0KGgoAAAANSUhEUgAAAI8AAACGCAYAAADkbNlbAAAQwElEQVR4nO2d6XabSBOGff8XNGcSz5ljO7bRDlpAC9a+Wo7juYP6fuQrUipXL4CQkNw\/3pNIFgi6H2pt0E2\/3wdJg8FAK9V2Zdk+r0zf7zSAm7JOvoOn\/HLwOHiyw6P6w3A4PKtMB553+6JV9PGVYX4cPA4eB4+D5wzwnPsgnC5XDh6nzLoZjUYg6dwHpjou2+MzbV+0ij6+MsyPg8fB4+Bx8JQIHicnkxw8Tpnl4HHKLAePU2Y5eJwyy8HjlFkOHqfMcvA4ZVZh8MRxrFXZi4Sm4zep6P3n\/f6LhufS93\/t319qeM595Ra9\/3N\/\/1XDk3f\/Jrf18vKiVdkn38FT4OCbti87POc+vouGx6TxeKzVZDLRyrR93snLG7A7y5NjcEyTO51OtZrNZlqZ4Coanrxy8GiUFw7T9ueGx7SA3XTf2EXAU5TZDMMQhsNhYkVw0ufzOSyXS5jP5zCfzw+AmM\/nsFgsYLFYJH9XKS88kgvLOvgSMBJIFI4wDLXq9XqJwjCEKIqS\/eJ3xvGf2IletOPxODdcNnNcGDyj0QjG43ECBVoLfE3fkyY7r1uylSoOygIPBUUHjo2iKDoACQGKogj6\/X4CEQX\/auCZTqeJlUFLIwF0CstiCrglgNKacJPL4nCYLA8FqNfrQbfbhW63m1gjBEiCx8btlhqe2WwGy+US1us1rNfrA1eFcFBXhZCtVitYrVYHn5ViHRMcaZU1RbYBSGVZqDg8EjgUIHRjFJargWc6ncJisYD1eg2bzQbW63UCxnq9\/gTNcrlMYh0Ej77P46BjwcKhSTN4OoBMd3qqPo9wqaBBsND62MJyUfBMJhOYz+ewWq1gs9kcaLvdwvv7O7y\/v8PPnz\/h7e0NXl9fYbPZJBaKwiYBdKxYR5VhmbIxU4Ctq\/nEcXwACo9vqCRw+v0+dLtdiKLoU9xztfCgFdput\/Dx8QEfHx\/w33\/\/wcfHB\/z69Qve3t5gt9vBZrM5AIdbJZuA2RQzqeIn2yKibYamApJaGgke6tpo0IwAdTodCMNQGTRfNDwqt0VjoPV6DdvtFl5fX2G\/38Pr6ytst9vEAlFoeHaWt05kiqls4ZFcngQND9bp9yG0fF\/ozihAqHa7rYTHZvKPAk+aQUqj6XQKq9UqsSSbzQZeX18TQH79+pXo\/f0d3t7eYL\/fw263SwBaLBafJjKO44MKLE4MtzgcNG5d0Cput1vY7\/ew3+9hu90mwXrWdB9FAZUSAnTPeH6DwQB6vR4EQQCtVutAvu9DEATQbreh3W5Dp9OBbrebxDwcvGP0xkoNz8+fP5N4B2Me\/CxaJ4SHgmFbpzFlPjRjwasNr\/Jer5e7vUAnGiebuh58n9dwUPSz1F2hvjQ8+H8UBQfd23K5TCwIrz5Ts4+DRwNVUx1GslYUSBMcfLK5uPmnrmsymShbGgi3qd3h4CHgoKtCeKgLUcUoNF7gcUKa9oMEnAke1bML6b50rpXGdLPZLDkHBIin7zzu+fLwYKyBwTKFaLfbJfUgHruYCnyqgh1\/YCXPdDANRvelE+9fcUtDX+PxUYD4+\/xcpApzp9NJ3OGXhgehwZiHAoQQrVarJC2ngytlA\/z7de2BKIpE6Ohkpn28G7c0UrOXBszSmiQOj6pF8eUDZgkeChCm61KmZDM4Ojc1Go0OrIjUMrDtZXELQyGnMQ4tH8zn84PSBF4kGGtRy8jrPRSkLwsP\/l9yXbvdLol3EB46+FL6zgGRwFG5GbofCS5JdKIkQGgrBguj2+02OT96kVB4MOuTgKaZVyngybqhDTyLxSKJX+igocWRYh3awsB0nS\/F4Fc4h0gFjZQBcdl246ViI7onzAjRVa3Xa9jtdrDf75MSBX4GzwePF49NysAoQF8aHtrX4lYHYdLBIxUATYE0BYRDxAuMUruCnr\/UCpEq1aqVA5g1Unjo8XB4uPWhvS1do\/ci4cHOuAoerCxTiGjsYwuPrtIrDSLCQ4Nc2jLgjVe6HzqhfAy4dTIdH\/5d1UdTpeq0yEjbEzzOump4EBwVQCZ4VFeZbnmEVM+hQFFLIsVSugXqHCRugThApkVrPEvkdR7e26LwYCngYuFBt4XNTxow0rjn7e3tU5sCg2obeCRodOtqVBVovq0uFddBwy2LJAyOdeuMTF33TqdzsCSDbnvxlgevPr6eh2ccPF3HeMcEj66vpbJEuixMteIPAaLnLLka7rbo+1JspGqw4rFJ65n5Gp+rDZip9cG0laeumIHwQqENPDbgICCS9VC1IVQWip+zNBaqzExaYyS9fnn505+TajwUnDAMYTAYHMCcdklFaeGJ4z8LwuiSUgQIaz3otuiKQptsS7IsKhB4H4p\/LsuASxNFz1+1XkjKxig8uvScwhNFUbIAXmoMlxoem8HFwJkvAqOlerREVNgcpY1Dm+Wjaa48XT\/KZsmFBIwU86gWoKlKAfxiwDst6D1cYRieBI6zwYMDy12XZIUoQPiaw8PTXlOMY3NsqswnTcyggkdyX9RN8ToUD\/LxX74MFdsp5wanUHhosEjvFOUQcevD4aHLT1XwSADlhce2t6Vye\/w1h4x+Tqom80CZ3zV6bnAKhYenjtP\/L+hCWLjroqJWRwWPTbCsk2nRmM0dnbSpytf26LI87qKk+Ey65RjX+ZwbmsLhoRNKU3fs9fAlChQcFTzc7OcBSAqgs9warLo\/XQWNKk7j3y\/dr4VQnioVPxs8XAgPxj\/SGhcqHTh8jU+W3o4qNjK5K5NFUX1\/WrfFb\/j7UvBI5X90XbzrzMHRWR1+31ZWC6QKctPCp0rVbf6ua35KN\/whPOeGpnB4aEqLFWHaZTbBo7pXS7rpL6v74gDRbW3XMOvqRzoXZmo\/0GoyjXm+DDx0IuL4z8MP+BMxqAujT9WQFrzrYh4JDFUdyCTbZahpl6ry\/UsWB3tX+Bpv0cExLQtAVwUP7+84eBw8RngkgBw8Dh4lPKaA2cHj4DHCYwOQg8fB86neY1qC6uBx8CjhsbVADh4HjwiPTfzj4CkInjQDmnbwKUhxHCeNUVxmIT2XkD\/QqSh4TANDP6taD50HHtwvBYg+RsXUGC1q3tLo4uExuS0VELbwSCsTHTxXAE+ae7b48dnAcwxwHDwlhCerxVFNpDSxEjh5lmo4eEoGT5o4R2pWmuDJAo6Dp+TwmOo6KhjoGmGduOuRVhGaHv7k4LkAeNJYHD6hNvCkBcfBc4HwpEm1s8BjC46DJ6dw4RKCNBqNDoqEfFEYf1i3dINcmiBZAkEVk2SBw\/SrNXSBPIVIB47q8bn81udjKO\/8DofD8sNjyrBUqwcdPF8cHhU4\/OGP0rJTB88J4DnWwXDlhSerxaEn5+ApVqWHJ28x0MFTIDx5yu465YVHclO6e8lV4Dh4ZOWd34uBJ6vFcfA4eDLFOQ6eC4cHDxSLZpPJJIFkOv38g2oY4+gWs6cNknXHRwdCBRmFygSMBA+ffBReVP3+5+fvRFF08H\/peI4xP3k0GAyKh2cwGJwMHgpQEfCkAcjBk0NRFJ0MHgkg2+O0cXFZAPoS8OTdiUr0BMPwd18Gn1GIoOSBJ0vgLEEixSGqQU4TExUNzzHmJ4\/6\/X7x8ODg9Pt9GI\/HR4cnbfBM4aHgFAnQ1cKTdye6bAQHB3\/PE5\/Rcwx4TO0Jm\/K6Ch4pbsozOUXAc4z5yaMoioqFB0+Ww4PV47zw2KTvOnjw\/7ZZm4PnjPC8vLwcHR6bwmEeeHRB9JeHJ+9OVIrjOMm0ouh35oUxD38wtyTp8foqZSkiUmikVYiSxUkzOXSypcwO94sTSR\/kxMFBmOiDnoqGw0aFwYPg0Ndoec4FD4910sKTBiDJ2pjg4aKQUHhOYVkKhUc6WSp6wvi4+zj+fcsx\/iziqeCRAEoDTxaAdOBQV6iCBx9iyS0Tfe\/cujFBoBJ\/WicX\/1wY\/v5tqPl8nvzktU6qW4tt1\/jYxEE6ePIGzCpwpN4WvyDDMDywMviauq2s83ZMnQQe\/CnnwWAAs9kMttvtyeDRAWQDT1aAdOCoGqPcslMrQ8ex1\/v98AOdTgKPCQKVTAdPP9tutyEIAgjDECaTSfIQb53SuDUJHhs3poMnbaPV1Pbg0OL7KngQHLRMnU4HgiCAdrsNnU4H2u22VlnnNY0yw2M6eHqSrVYLGo0GBEEAo9HICM6x4DEF0SZ48gCkA4daN5qRcmioW2u32+D7PrRaLfB9H4Ig0Oqi4cET9H0f6vU6VKtVaDab0O\/3YTqdngweXR3IBp40nXoTPPz7ueuiwn1gbxAvwmazCa1WqxzwmNyPSggJAoJXRbPZhGazCZVKBer1Ovi+D41GA+7v7+Hbt2\/w+PgIvV5P\/NESulCMFg1RU\/IEedN962ketSvJ1BujsY0ECf87vk+PYzQafXJbaHWwTtbpdKDZbEKtVoNqtQq1Wg0ajQbU63VoNBrJeHOLlHVe06gweOr1OtRqteTfHz9+wPfv3+H29hYeHh5gPP7zcwL8p5RMNwHSgJpWpKmVMMU8eeExWRwEAd+L4zg559lspuytobrdLgRBcABOtVpNoEFRcK4GnmazCdVqFTzPg2q1CpVKBe7v7+H29hb+\/vtveHh4gHq9DsPhEFarVfL7osvl8sCaICw6t0YhkrIuyR2Z4EkbEHOgdN9PLRE9ZrREYRhCpVKBSqUCnueB53lQqVQO4KHjfDZ4bAJfSdS\/UnhQGOeg+8Ir6OnpCe7u7uCvv\/6Cf\/75BzzPg06nA3H85152LCLSe9npL\/7hgHOXRmWKY\/LCI1kLatk4zPwYEHi0cmEYQhAE0Gg0Ekv9+PgIz8\/PCThoyXE8caw5OJiVFa3c8OCBc4DQN3M1m01oNBrgeR48PDzA7e0tfPv2Df7991+o1+swGo0+xUP4cASEQjf5klvKYnlMbosCQwN0BJn\/jVrR+Xx+AI3v+1Cr1cDzPHh8fIQfP37A8\/NzYrUpNCgKzdngMUXtKvED58LUPAgCqNfrUKlUoFarHVwxaInu7+\/h7u4O7u\/v4fHxETzPS6qrw+HwoCdGfymQFhR5Nz5vwMxjJFOdiFtDuuhtPB5\/antgRtpoNKBSqcDz83Miz\/MSSLiLwotPBc0pVRg8rVYr8Y1oihGcRqORpO7on33fh0qlAnd3d\/D9+3d4enoCz\/OgVquB7\/vQ6\/VgNBolV7DkrnS9MVMVOqtUhUXuktrtduK6MZ7BIJhaFxoEU+mszNXB4\/t+Ag+ePLYrGo1GcuVhZoZ+HGHCDMPzPHh6ekqEV6bv+0kllVoohCtrK0OyXJJ4lsebnLVa7SBLwvgPhbEMuiDV2FJ40B1htfncurGB4BzippoLsxCV8CrGgUfQsGdkCoh5G4bHehQESTxG4co7Pse4uPPqYuGRgnEq7hrQEuDkmeDDQhyKWxJ8rZLp+B08BYr7fFMMoIKPQkAn37Q9h1HKdvIc3zXoxjQIlyqpkEmLmKbti76Kzz0+x9DFwmNyC7rPSelvWh3r+C5ZN3kHsazihUkuU8xA6yzSfkwxl0nnHp9jqLTw5B1801VDU2hJ\/HvotlJMdGp4ygBnaeExpbomUddBg17Mhmzg4hlamSzLub+\/2WzCTd5Jcvq6cvA4ZZaDxymzbkyVUicnlRw8Tpl1Y0pZnZxUcvA4ZZaDxymzbkzrUpycVHLwOGWWg8cps25MK+qcnFRy8Dhl1g29X8jJKY0cPE6Z5eBxyqwbekOd0+mUd+LOvf+npycHj4PHwXNxugZ4\/geez9SycQCNtAAAAABJRU5ErkJggg==\" alt=\"Pude\u0142ko apteczne Typ 16 15ml\" width=\"143\" height=\"134\" \/><\/a><\/p>\n<p>\u00a0<\/p>\n<p>\u00a0<\/p>\n<h6>Pude\u0142ko apteczne Typ 16 15ml<\/h6>\n<p>\u00a0<\/p><\/div>\n\t\t\t\t<\/div>\n\t\t\t\t<\/div>\n\t\t\t\t\t\t<\/div>\n\t\t\t<\/div>\n\t\t<\/div>\n\t\t\t\t\t\t<\/div>\n\t\t\t<\/div>\n\t\t<\/section>\n\t\t\t\t<section class=\"elementor-element elementor-element-f24c850 elementor-section-boxed elementor-section-height-default elementor-section-height-default elementor-section elementor-top-section\" data-id=\"f24c850\" data-element_type=\"section\">\n\t\t\t\t\t\t<div class=\"elementor-container elementor-column-gap-default\">\n\t\t\t\t<div class=\"elementor-row\">\n\t\t\t\t<div class=\"elementor-element elementor-element-b049509 elementor-column elementor-col-100 elementor-top-column\" data-id=\"b049509\" data-element_type=\"column\">\n\t\t\t<div class=\"elementor-column-wrap  elementor-element-populated\">\n\t\t\t\t\t<div class=\"elementor-widget-wrap\">\n\t\t\t\t<div class=\"elementor-element elementor-element-16fb417 elementor-widget elementor-widget-text-editor\" data-id=\"16fb417\" data-element_type=\"widget\" data-widget_type=\"text-editor.default\">\n\t\t\t\t<div class=\"elementor-widget-container\">\n\t\t\t\t\t<div class=\"elementor-text-editor elementor-clearfix\"><table>\n<tbody>\n<tr>\n<th colspan=\"2\">Sp\u00f3d<\/th>\n<\/tr>\n<tr>\n<td>Materia\u0142:<\/td>\n<td>PP<\/td>\n<\/tr>\n<tr>\n<td>\u015arednica:<\/td>\n<td>30.60 mm<\/td>\n<\/tr>\n<tr>\n<td>Wysoko\u015b\u0107:<\/td>\n<td>26.20 mm<\/td>\n<\/tr>\n<tr>\n<td>Waga:<\/td>\n<td>2.80 g<\/td>\n<\/tr>\n<tr>\n<th colspan=\"2\">Nakr\u0119tka<\/th>\n<\/tr>\n<tr>\n<td>Materia\u0142:<\/td>\n<td>PP<\/td>\n<\/tr>\n<tr>\n<td>\u015arednica:<\/td>\n<td>34.40 mm<\/td>\n<\/tr>\n<tr>\n<td>Wysoko\u015b\u0107:<\/td>\n<td>7.20 mm<\/td>\n<\/tr>\n<tr>\n<td>Waga:<\/td>\n<td>1.40 g<\/td>\n<\/tr>\n<tr>\n<th colspan=\"2\">Komplet<\/th>\n<\/tr>\n<tr>\n<td>Pojemno\u015b\u0107:<\/td>\n<td>15 ml<\/td>\n<\/tr>\n<tr>\n<td>Pojemno\u015b\u0107 ca\u0142kowita<\/td>\n<td>17 ml<\/td>\n<\/tr>\n<tr>\n<td>Materia\u0142:<\/td>\n<td>PP\/PP<\/td>\n<\/tr>\n<tr>\n<td>Wysoko\u015b\u0107:<\/td>\n<td>27.50 mm<\/td>\n<\/tr>\n<tr>\n<td>\u015arednica:<\/td>\n<td>34.40 mm<\/td>\n<\/tr>\n<tr>\n<td>Waga:<\/td>\n<td>4.20 g<\/td>\n<\/tr>\n<\/tbody>\n<\/table>\n<p>Opakowanie jest przeznaczone m.in. do produkt\u00f3w kosmetycznych.<\/p>\n<h2>Pakowanie:<\/h2>\n<table id=\"_technic_table\">\n<thead>\n<tr>\n<th>Nazwa<\/th>\n<th>Pakowanie <small>szt.<\/small><\/th>\n<th>Wymiar kartonu <small>[mm]<\/small><\/th>\n<th>Masa kartonu<sup>*<\/sup>\u00a0<small>[kg]<\/small><\/th>\n<th>Ilo\u015b\u0107 karton\u00f3w na palecie <small>szt.<\/small><\/th>\n<th>Ilo\u015b\u0107 sztuk na palecie <small>szt.<\/small><\/th>\n<th>Pakowanie zgrzewka <small>szt.<\/small><\/th>\n<th>Ilo\u015b\u0107 na palecie <small>szt.<\/small><\/th>\n<\/tr>\n<\/thead>\n<tbody>\n<tr>\n<td>Sp\u00f3d<\/td>\n<td>2500<\/td>\n<td>580x380x360<\/td>\n<td>7.9<\/td>\n<td>20<\/td>\n<td>50000<\/td>\n<td>0<\/td>\n<td>0<\/td>\n<\/tr>\n<tr>\n<td>Nakr\u0119tka<\/td>\n<td>3000<\/td>\n<td>580x380x230<\/td>\n<td>5<\/td>\n<td>32<\/td>\n<td>96000<\/td>\n<td>\u00a0<\/td>\n<td>\u00a0<\/td>\n<\/tr>\n<\/tbody>\n<\/table>\n<p><small>*Podane warto\u015bci maj\u0105 charakter orientacyjny i nie mog\u0105 by\u0107 podstaw\u0105 do roszcze\u0144<\/small><\/p>\n<h2>Mo\u017cliwo\u015bci zadruku:<\/h2>\n<div class=\"hidden-lg\">\n<div class=\"_flex_table pl\">\n<div>\n<table>\n<thead>\n<tr>\n<th rowspan=\"2\">Nazwa detalu<\/th>\n<th colspan=\"3\">Pole zadruku &#8211; SITODRUK<\/th>\n<\/tr>\n<tr>\n<th>dno <small>[mm]<\/small><\/th>\n<th>obw\u00f3d <small>[mm]<\/small><\/th>\n<th>g\u00f3ra <small>[mm]<\/small><\/th>\n<\/tr>\n<\/thead>\n<tbody>\n<tr>\n<td>Sp\u00f3d<\/td>\n<td>x<\/td>\n<td>7 x 84<\/td>\n<td>x<\/td>\n<\/tr>\n<\/tbody>\n<\/table>\n<\/div>\n<div>\n<table>\n<thead>\n<tr>\n<th class=\"hidden-lg\" rowspan=\"2\">Nazwa detalu<\/th>\n<th colspan=\"3\">Pole zadruku &#8211; TAMPODRUK<\/th>\n<\/tr>\n<tr>\n<th>dno <small>[mm]<\/small><\/th>\n<th>obw\u00f3d <small>[mm]<\/small><\/th>\n<th>g\u00f3ra <small>[mm]<\/small><\/th>\n<\/tr>\n<\/thead>\n<tbody>\n<tr>\n<td class=\"hidden-lg\">Sp\u00f3d<\/td>\n<td>x<\/td>\n<td>x<\/td>\n<td>x<\/td>\n<\/tr>\n<\/tbody>\n<\/table>\n<\/div>\n<div>\n<table>\n<thead>\n<tr>\n<th class=\"hidden-lg\" rowspan=\"2\">Nazwa detalu<\/th>\n<th colspan=\"2\">Mo\u017cliwo\u015b\u0107 zastosowania HS <small>(wtop)<\/small><\/th>\n<\/tr>\n<tr>\n<th>na obwodzie<\/th>\n<th>na g\u00f3rze<\/th>\n<\/tr>\n<\/thead>\n<tbody>\n<tr>\n<td class=\"hidden-lg\">Sp\u00f3d<\/td>\n<td>**<\/td>\n<td>x<\/td>\n<\/tr>\n<\/tbody>\n<\/table>\n<\/div>\n<div>\n<table>\n<thead>\n<tr>\n<th class=\"hidden-lg\" rowspan=\"2\">Nazwa detalu<\/th>\n<th colspan=\"3\">Pole zadruku &#8211; ETYKIETA<\/th>\n<\/tr>\n<tr>\n<th>dno <small>[mm]<\/small><\/th>\n<th>obw\u00f3d <small>[mm]<\/small><\/th>\n<th>g\u00f3ra <small>[mm]<\/small><\/th>\n<\/tr>\n<\/thead>\n<tbody>\n<tr>\n<td class=\"hidden-lg\">Sp\u00f3d<\/td>\n<td>***<\/td>\n<td>***<\/td>\n<td>x<\/td>\n<\/tr>\n<\/tbody>\n<\/table>\n<\/div>\n<\/div>\n<\/div>\n<p><small>**Do ustalenia po otrzymaniu projektu<\/small><\/p>\n<p><small>x Brak mo\u017cliwo\u015bci zadruku<\/small><\/p>\n<p><small>Podane wymiary zadruku (mm) (wysoko\u015b\u0107 x d\u0142ugo\u015b\u0107)<\/small><\/p>\n<p><small>***Mo\u017cliwo\u015bci etykietowania okre\u015blone przez odbiorc\u0119<\/small><\/p><\/div>\n\t\t\t\t<\/div>\n\t\t\t\t<\/div>\n\t\t\t\t\t\t<\/div>\n\t\t\t<\/div>\n\t\t<\/div>\n\t\t\t\t\t\t<\/div>\n\t\t\t<\/div>\n\t\t<\/section>\n\t\t\t\t\t\t<\/div>\n\t\t\t<\/div>\n\t\t<\/div>\n\t\t","protected":false},"excerpt":{"rendered":"<p>\u00a0 \u00a0 Pude\u0142ko apteczne Typ 16 15ml \u00a0 Sp\u00f3d Materia\u0142: PP \u015arednica: 30.60 mm Wysoko\u015b\u0107: 26.20 mm Waga: 2.80 g Nakr\u0119tka Materia\u0142: PP \u015arednica: 34.40 mm Wysoko\u015b\u0107: 7.20 mm Waga: 1.40 g Komplet Pojemno\u015b\u0107: 15 ml Pojemno\u015b\u0107 ca\u0142kowita 17 ml Materia\u0142: PP\/PP Wysoko\u015b\u0107: 27.50 mm \u015arednica: 34.40 mm Waga: 4.20 g Opakowanie jest przeznaczone m.in. [&hellip;]<\/p>\n","protected":false},"author":1,"featured_media":0,"parent":446,"menu_order":2,"comment_status":"closed","ping_status":"closed","template":"","meta":[],"_links":{"self":[{"href":"https:\/\/pepsyna.com\/index.php\/wp-json\/wp\/v2\/pages\/1073"}],"collection":[{"href":"https:\/\/pepsyna.com\/index.php\/wp-json\/wp\/v2\/pages"}],"about":[{"href":"https:\/\/pepsyna.com\/index.php\/wp-json\/wp\/v2\/types\/page"}],"author":[{"embeddable":true,"href":"https:\/\/pepsyna.com\/index.php\/wp-json\/wp\/v2\/users\/1"}],"replies":[{"embeddable":true,"href":"https:\/\/pepsyna.com\/index.php\/wp-json\/wp\/v2\/comments?post=1073"}],"version-history":[{"count":2,"href":"https:\/\/pepsyna.com\/index.php\/wp-json\/wp\/v2\/pages\/1073\/revisions"}],"predecessor-version":[{"id":1193,"href":"https:\/\/pepsyna.com\/index.php\/wp-json\/wp\/v2\/pages\/1073\/revisions\/1193"}],"up":[{"embeddable":true,"href":"https:\/\/pepsyna.com\/index.php\/wp-json\/wp\/v2\/pages\/446"}],"wp:attachment":[{"href":"https:\/\/pepsyna.com\/index.php\/wp-json\/wp\/v2\/media?parent=1073"}],"curies":[{"name":"wp","href":"https:\/\/api.w.org\/{rel}","templated":true}]}}