{"id":1071,"date":"2019-12-18T15:35:38","date_gmt":"2019-12-18T15:35:38","guid":{"rendered":"http:\/\/pepsyna.com\/?page_id=1071"},"modified":"2020-01-07T19:53:03","modified_gmt":"2020-01-07T19:53:03","slug":"pudelko-apteczne-typ-16-5ml","status":"publish","type":"page","link":"https:\/\/pepsyna.com\/index.php\/pojemniki-plastikowe\/pudelka-apteczne\/pudelko-apteczne-typ-16-5ml\/","title":{"rendered":"Pude\u0142ko apteczne Typ 16 5ml"},"content":{"rendered":"\t\t<div data-elementor-type=\"wp-page\" data-elementor-id=\"1071\" class=\"elementor elementor-1071\" data-elementor-settings=\"[]\">\n\t\t\t<div class=\"elementor-inner\">\n\t\t\t\t<div class=\"elementor-section-wrap\">\n\t\t\t\t\t\t\t<section class=\"elementor-element elementor-element-7dadc39d elementor-section-boxed elementor-section-height-default elementor-section-height-default elementor-section elementor-top-section\" data-id=\"7dadc39d\" data-element_type=\"section\">\n\t\t\t\t\t\t<div class=\"elementor-container elementor-column-gap-default\">\n\t\t\t\t<div class=\"elementor-row\">\n\t\t\t\t<div class=\"elementor-element elementor-element-68b3abae elementor-column elementor-col-100 elementor-top-column\" data-id=\"68b3abae\" data-element_type=\"column\">\n\t\t\t<div class=\"elementor-column-wrap  elementor-element-populated\">\n\t\t\t\t\t<div class=\"elementor-widget-wrap\">\n\t\t\t\t<div class=\"elementor-element elementor-element-514e314e elementor-invisible ha-has-background-overlay elementor-widget elementor-widget-text-editor\" data-id=\"514e314e\" data-element_type=\"widget\" data-settings=\"{&quot;_animation&quot;:&quot;none&quot;}\" data-widget_type=\"text-editor.default\">\n\t\t\t\t<div class=\"elementor-widget-container\">\n\t\t\t\t\t<div class=\"elementor-text-editor elementor-clearfix\"><p><!-- wp:paragraph --><\/p>\n<figure style=\"width: 233px\" class=\"wp-caption alignleft\"><a href=\"blob:http:\/\/pepsyna.com\/dce692cc-354c-418c-abd2-010411c8534c\"><img loading=\"lazy\" title=\"Pude\u0142ko apteczne Typ 16 5ml\" src=\"data:image\/png;base64,iVBORw0KGgoAAAANSUhEUgAAAOkAAACJCAYAAADJwx+5AAAVYElEQVR4nO2dWXeqSreG8\/\/\/zr4443x7pzONMdHYRgU77BBpRTRZ+zsX77lwVa2iBHHFZIE6L54x0ihCVT3OWQ3FhaqqOARFUb6VtD\/\/u8\/v0PL\/7vrLevtIu\/18d\/kqioKLrFdC2p+fdiWRpNluPyTpHyjktM+PJM12\/aRd\/4ryBZISBPG9kKQEkXFIUoLIOCQpQWQckpQgMg5JShAZhyQliIxDkhJExkmUtNPp7CTtCziUQ6\/v3MvnUOj6kiFJSdKjb8Snfn0kKUl69I341K+PJCVJj74Rn\/r1kaQk6dE34lO\/PpKUJD36Rnzq10eSkqRH34hP\/fpIUpL06BvxqV\/fxXefxHcXwrFD5UflkwRJmjJUflQ+SZCkKUPlR+WTBEmaMlR+VD5JkKQpQ+VH5ZMESZoyVH5UPkmQpClD5UflkwRJmjJUflQ+SVx0u13sIu0TTDq\/rEPlQ+3r0PIhSY+8EaZ9fVkvn2MvP5L0BBph2teX9fI59vIjSU+gEaZ9fVkvn2MvP5L0BBph2teX9fI59vIjSU+gEaZ9fVkvn2MvP5L0BBph2teX9fI59vIjSU+gEaZ9fVkvn2Mvv6OQNO1KSPv86fqPu3xI0gxUQtY59+tPu3xI0gxUQtY59+tPu3xI0gxUQtY59+tPu3xI0gxUQtY59+tPu3xI0gxUQtY59+tPu3xI0gxUQtY59+tPu3xI0gxUQtY59+tPu3y+RNK0C4kgiN2QpASRcUhSgsg4JClBZBySlCAyDklKEBmHJCWIjEOSEkTGOXtJe70eer0enzje2nxZ6YZQ250QvU4fXbXHkV8nvpe9ptfpc4aDEYaDEUbaGCNtjPFwgvFwgslo+luw942HE36skTbGoKeh3x1wxM9m5xJ1\/lHXK\/9PvKY40q7fU+DsJW2321AUBZ3OZnWIKG23242UT2mpaDcVjtJSobY76Ko99LsDaP0hF0+fzDizqcEx9DkMfR75f\/Y\/+f+7mI51zi6JRYFH2hhafwitP8Sgp20J3e8OEiUkSb+fs5e01Wqh3W6j09mWtNPpxDY+Fo2YkOPhBNOxDkOfwzQsWHMbtulgPjMxn5kwDYtjzW0O+3\/U60zDCgmbhPglEPXFECW1GIFliYeDUUhiORrvisCcDNTxsXP2korrL1mKqygKhwnJIiSTkUU823RCOJYbQpZQJk64pPfFHUeUUhYzKuKKv4tROEpeJq0o7FbkJEm\/nLOXtN\/vo9vtQlEUtNtttNttqKqKXq+Hfr\/P+4lMTNOwYJsOXNuD5yy4jLbpwJrbMA0rJI4ssRhFrbmdGBV\/N4r+bjoc93cmJ\/u7LKooq9zPDcmagTo+ds5e0k6nw6OnqqrodrsYDoeYTqcwDCM2QjJk6WSi5JRTWhE5QsqRMY44IaNeExc9owagoqIrk1WMrLKw1Cf9Os5eUiZmv9\/HaDSCruuYz+ewLAuO48BzFvCcBVzb4xFTlC4q1XVtjyPLJ0e\/KHk\/I2mcqEmCJkkqp71xabCcCjNZ067fU+DsJe31etA0DdPpFKZpwnEcOI4D27ZhWVZipEyKhFGprvjaqPeKEn9m4ChK1ri+5mdFFV8rDzSJfda06\/cUuEh6SOspwEZtu91uZGqr6zps24bnefA8LySpmNpGpa67JJRHcuNE\/szA0mf6pVHsEyl3IYrK+qps+mk8nKDX26S8bCBOrBf5dyKas5GUoapqaF7UMIytCMpwXTdS0rh09xgl\/cxiCTnKiikvE5S9jyQ9nLOQlAnZ6fwaJGKp7mKxwGKxgOd5sG0bpmlyaReLxdZAkSzlsUsa1UeNY9cAEoOlwmyOliQ9nLORVBRUURQ+WLRer7FarbBcLrmofNDI+zUAFCfqsUuaFEFFmaP6oXJ6ywar2PmTpIdzlpKq6mYedDAYYLVaYb1eY71eIwiCTfT8mfY6jhMaqU0S9RQlTYqkLHKKCzzYgJg1t0nSL+BsJFVVlS9YUNWNpMPhEL7vIwgCvL+\/Y71e84jK+qhs+iVK1Lh+6jFJ+jvpbhTss+VrZZCkh3PykopRVFxR1O\/3MRwO4XkefN\/HarXiaS\/ro3qeF5onTYqoxyjpvnOv4nSQuM44am5YXH1Fkh7O2UnaarWgqipfvOB5HhaLBZbLJZbLBXzfx2Lhwvc9LJcLeI7LcW0Hru3AsWzOsUua9PlRKay4cGPh+vC9JYctlWQ3D5Ckh3MhLiaPIukASe8\/9PiHwtblip\/VbrfR7aoYjTQsFu4vKQMXQeAjWHlYrRdYv\/t4X29Yr5ZYr5ZYBT6C5QJL38PS9wRZrRDW3IQ1N0M\/m8YcpjHHfGZgPjNg6DPObKpjNtWhT6bQJ1NMxxNMx5OdMsYtdpAj4a7Xs7RVn8xiZWQR0nMWXMrlIsByEYQEXbg+j6Tsy0jTNHQ6v24JZOXPMprvbh\/f3T7\/RPsmSZmkSwf+0tmIuvKwWm9Yrzasgg3B0sXSd+AvXPgLFwvPwcJzIiOuHHWjZJalZiL\/knl3dE2KhFERPerOnSgJA3+FdfCOdfCO1XLNCfwVhyQlSQ+GpVpio9hH0mDlblg6CJYOlr7zU04bC8\/aiOnaW5LuElT8HyNObvb+uOmepIX\/DNanZgIymFhMxtVyjXXwjvfVBz7WP\/Dj\/V\/8eP8X\/\/3xf\/j347\/48f4vPtY\/uLCBv6JImhVJjx3WQMRG0Wq10OkoGA4HXNKFb4dEXQYOgpWLpW\/DX1hcTs814TpzuI4FxzZhW3PY1jwUCVk6O58ZPCqK6a9tWjvFFcUWJZNFi5JOlI9JxH5mQjLEqChKykRlsn6sf+B99RGSM+pzv0NSQjl9SVmjaLVaUBSF\/7xL0g02loGDhWdi4ZnwXJML6tgGl9OczzA3dN7HZP1K1qdksL7mbKqH+qKi0DKmMd+KlmL\/ME5gWVhRVFFSJpz4dyarnObKr4\/6DJI0JUlZgcZx6AkkHf9QVFVFq9XaklRV21uSMpik\/tIOScoElSU157NYSUfaEOPhaIvJaByJLLc86CPfOSP3OeVb5uJS3LjIKksqSy2+brVcf7ukh9b\/d7fPP9G+z1LSZrMJVW1D0\/qRkm6wNiRIapnGlqRMsMlovCXnSBuGGA600O\/bEv9a+RM1Xyn+LMtqm05ipI2Tb5ekf3LgiCQ9M0nZ3w6RVE5354aOubFJYVkEZXKOtGEoKorSipKKosqSMjlFQcVoKo\/gRk2bJA0cxUXWqLRYlpIk\/QOSfrckWYEVWrPZRKPRgKq2MR4P4fteqE+6GTRy4S9teAszUVI53RVTXn0yDaWyUdE0KgUOp7x6KIqKokYJKku6j5hR\/dIoZGHFASTxi8C1Pb5\/k67r6Ha7eHt74wtJfqfxsi\/Yz5J2uyNJf6OimaiipKORBs9zNiwsLHw7JGlUn\/QrJBVFPXZJWXSVt5kxDQuzqYHJZBIp6b4CkaRnJCmrMCaporSgaX0uaXjQyMEycLZGdw+VNErUY5d0tVxjuQhC65uZpIY+x2g0QqfTQbPZ3Bq8I0n3lPTQQsg6TMxmsxmStNV6Q7\/fDS0J3ETQ+CmYz0gq9kejRD01ScVoas1taJrGMxgmaavV4vWRVH+s7j5L2u3vKzgLSd\/e3ni6xSRtNhvodBR4noPlcoHVesMycPnA0Veku\/LA0S5Rj1FSNsIrL65gkvZ6Pf7lyCIDqw+SdE9JDy2ErNNut9FoNH5Gz81FNxoNvL3V0W43MZtN4TgWloHLJfUW1mbQaI\/R3SRJd4kqy3oqkrKd+\/XJjI+ui5FzU\/5voSwnDib0Z0m7\/X0FZyNpvV5Hs9nkjaTRqIFF0\/F4CMed83T3qyXdN6Ieq6Rs8IgJOpsa0PpDdJTuVnej1WqhXq+j0WiQpCTpbknr9Sre3uqo1SrodlUYhr5Jcxcsklrwl87PxfTWwZLu0z89dkk9ZwHTsDDSxlBaKmqVOlqtFpeFJP2kpIcWwrHDUuBOp4PpdPxzl8DNAgfPcxAsF\/z+0YXnhBbWW6YRXmTPVh8ZOozZFMbsc5KGRd29mCFuOeDvru0V74gRRfV9H77v\/7wpfokgCBAEAd\/JwrIsmKaJ2WyG0WgEVVV59+JPSHgOnL2kb29vqNVqqNfrUFUVk8kEpmnyXQM91+a4jsVxbBOObYaEnOkTzPQJ9OkY+nSM6WS0VzQVpZRfH7VuVxQzbsWRvKVJ3KqjuGWBfHngz90UgyCA7\/tbm4ebpon5fI7ZbIbhcAhFUVCv13nmQpIezslLyr7V42i326jX6yiXy2g0GtA0DZZlwXXdTUM0DY5tzbmcTFae7v5cHiizq28atQB\/W9xwJI1Kd+OiqZzuRkXRuJSWp7bL5c8tZRZwXReWZXEpdV2HYRj8d03TeHmyL7606\/8UuEhqxMcO+1aPg\/VZK5UK6vU6NE37tTG242Bu6FxEcz4LSWuZRkhI8XWMXX1TOaJG39q2vfWJuPOCfBubnN7uum0tai2uvPEa2yycRUwZ9gQAwzAwGAx4n5OJmnb9nwJnLylrTOVyGdVqFb1eb5PmepsGymQUI6aY3k7GwxDTyShE3C1ov25F0zlR95nG3ZK2ayuUqPtPk7YkFTdLE78EdF2HruuYzWaYzWY8cori2raN+XyOXq8Xyl5qtVoiabePY+Bin0Z8zCQ1kmq1ymWu1WrodDqwLAu+72\/23hUGicz5bDMY9LO\/KQvKGI80TtT9pGL03LWGl90FI47wJm3Juc9ugvJWnbueDB4VPWUcx4FhGFAUBZVKhctXrVYTSbt9HAMnL2lSI6lUKvzbv1wu4+3tDbqu89FM1geNk1QcJJIlHQ0H\/Fa0uPtG+90eBr0+R+sPQkQ9yUx89krcc0bFx0Ts2oU+SXzxAVaWZfHBIjH9tW0b0+kUjUYDLy8vKJfLqNVqqFQqiaTdPo6Bs5f05eUF1WoV5XIZj4+PeH5+Rq\/Xg+M48H1\/a3qFpblMztFwsJFR60Mb9DDod9HvddDrquh11S3xkm\/ylvumv78DvShp3EOE5We9RA1KzWdmSFIG292fRVDLsjAajXgZFotFVKtVvL6+kqRfwMU+\/YZjRoyY5XIZ5XIZr6+vKJVKKJVKKBQKKBQKKJVKeH19xf39PXK5HFqtFoIg4HOhbGdAz7X5zd76dMwjpygoY9DvQmm1d9JVOwn0QrAnaPc6ffS7g9DfBz1t6wFK4kOAo57vErfpNUMc3WW4rsvnRi3LgqIoeHl5QaFQQLFYxMvLC56fn\/H8\/IyXlxcUi0Ve3q+vryiXy1zStNvHMXD2kpZKpVCDur+\/x+XlJR4fH9FsNkOLGMSIyqZk2N\/FVFhMewe9PvrdHvrdHnqdLrpqBx1FhdpWEgXeoEJpqVDbHU5H6XKYoP3ugEsqipn0UCV53S2bO2VbqLiuC9d1+eM42GIG3\/fhui5qtRqenp6Qy+V4FGWisp+ZpExQkpQkDZEkaaVSQaFQwOPjIwqFAvL5PK6urvD333\/j6uoKrWYDva6KmT7B4ucKpKXv8YUM8pSMOAI807e3ThG3TdH6g1B\/NAr5+Z9i35Q9alDe\/0iMjvL0jLyy6H31wfcykm9BWwfvXMyPjw\/8+PEDQRBgNpuh3W6jVCrh6uoK\/\/zzD66vr5HP57ckFb8MSdJPSrrPCNwxI\/Z\/RElFmJysYT08POD6+hpXV1f4z\/\/+D+7vblGvVTDU+rBMg68+YhGURVUWaVkqPJ2MYlcSiVt87iJqN\/qoDcfkeVIWGZM2EhPX4Mp7776vPvDx8YEgCOA4DiaTCU9tLy8v8ddff+Hq6gq3t7d4fHzEy8sLSqUSl5T9zspZFrRSqaTePo6Bs5GUNRBZVJbuig2sUCjg6ekJhUIBd7kb3N5c4eb6ErnbazwX8mi+1TEaDmDOZ6FVSGy6JjTAlLCYIU5eRtQCBllWeY40bu1u3HpeFjmZmOxG7oXrwzA2T+sulUq4ubnhGcbd3R0eHx\/5YBuLlrtSXJL0k5LuM0x+zMgNZJesxWIx1D8tlUqolEt4eX7Cw30ON9eXuLm+xP3dLZ4LebyWXtB8q6PdekO3o2Co9TGdjDA3dC5v1MOa5Ic07SLquS+ipEkbZ+\/aX1fekd6a2xgPJ+goXdSrDbwWy8jn87i7u8P19TWur6+Ry+V41sG+4FgZsgEjNqq7S05if85eUvYaMQqI0pZfN1TKG2FLxWc85R9wl7vBzfUl7nI3eLjP4Sn\/gFLxGfVaBUq7iX6vg6HW51MubJqFrTLaZwd7ecVR1EojeUWRHCnF5X7iIwnZ4oaRNsagp\/Fby14KRdznHnB9eYN\/\/nPJ09mnpye8vr6iVtvMfz4\/P+Ph4YH368vlMu8uVKtV1Go1EvOLOHtJq9XNHClLz6rVKl8tUywWUa28olIuhWStVl5Rr1Xw1qih+FLAcyGPp\/wDHh\/u8HCf4zw+3OH5qYDi8wsqr2U0anUorTb63R6GAw3j4Si0FDCa6CeoxT3rVF5GOB5OoPWH6HX6aDcV1Cp1lF5eUcg\/I\/\/whNzNHW6vc7i+vMHN1S1yN3fIPzyh+FxCubQpQxYxC4UCj6BMwGq1yuej2d\/ZCi4mMHEYF0mNmNiNOHoZxdPTE56enpDP55HP53k\/7uHhgfP4+Ih8Ph+SQJ5PjINFfTZP+fj4iPv7e9zd3SGXy+H29ha5XA53d3e4v78PfR5LW3dxaPkc+iWadb77+kjSLyBJUnlARRSARadCoRDqC4tzjOzvcYjHZMcTvxTE48vH3ue8s96I04YkPQLk6RyZqIqKep08dSFLuw\/yyOpXSEakz0VSIyO+nqhIJYoqLq1LqkB5yV3UlIf4GXGfn\/QeIj1I0m8mKbUUX7tv6pwkWdR5iGm3GK2Tjp92+RGvuPhMwyA+z74S7yuu2PeJEjJO1Kj1tVGkXV5EiSQ9lKRGHtXgd4kjs++3bdw57XrdPuf\/3eWTdv1l\/fqKxSJJeihJgzlJo7dxEU4cvd1F3MBRViQgSQ8\/\/sXvjB4SBPHnIUkJIuOQpASRcS6SVrQQBJEuJClBZJwLNvpIEEQ2IUkJIuOQpASRcS7Y\/Y4EQWQTkpQgMg5JShAZ54LdwU8QRDYhSQki41ywjbEIgsgmJClBZBySlCAyzoW4\/2sUSQc49P2HHp\/4Xr67\/rLePrJwfiQpkWr9Zb19ZOH8SFIi1frLevvIwvld3N\/fYxdJBzj0\/Ycen\/hevrv+st4+snB+JCmRav1lvX1k4fwu7u7usIukAxz6\/kOPT3wv311\/WW8fWTg\/kpRItf6y3j6ycH4kKZFq\/WW9fWTh\/BIlJQgiXUhSgsg4JClBZJyLXC4HgiCyC0lKEBnn4vb2FgRBZJf\/B+q7VBOVfdGxAAAAAElFTkSuQmCC\" alt=\"Pude\u0142ko apteczne Typ 16 5ml\" width=\"233\" height=\"137\" \/><\/a><figcaption class=\"wp-caption-text\">Pude\u0142ko apteczne Typ 16 5ml<\/figcaption><\/figure>\n<p>\u00a0<\/p><\/div>\n\t\t\t\t<\/div>\n\t\t\t\t<\/div>\n\t\t\t\t\t\t<\/div>\n\t\t\t<\/div>\n\t\t<\/div>\n\t\t\t\t\t\t<\/div>\n\t\t\t<\/div>\n\t\t<\/section>\n\t\t\t\t<section class=\"elementor-element elementor-element-4b6e410 elementor-section-boxed elementor-section-height-default elementor-section-height-default elementor-section elementor-top-section\" data-id=\"4b6e410\" data-element_type=\"section\">\n\t\t\t\t\t\t<div class=\"elementor-container elementor-column-gap-default\">\n\t\t\t\t<div class=\"elementor-row\">\n\t\t\t\t<div class=\"elementor-element elementor-element-d60e06a elementor-column elementor-col-100 elementor-top-column\" data-id=\"d60e06a\" data-element_type=\"column\">\n\t\t\t<div class=\"elementor-column-wrap  elementor-element-populated\">\n\t\t\t\t\t<div class=\"elementor-widget-wrap\">\n\t\t\t\t<div class=\"elementor-element elementor-element-0739819 elementor-widget elementor-widget-text-editor\" data-id=\"0739819\" data-element_type=\"widget\" data-widget_type=\"text-editor.default\">\n\t\t\t\t<div class=\"elementor-widget-container\">\n\t\t\t\t\t<div class=\"elementor-text-editor elementor-clearfix\"><table>\n<tbody>\n<tr>\n<th colspan=\"2\">Sp\u00f3d<\/th>\n<\/tr>\n<tr>\n<td>Materia\u0142:<\/td>\n<td>PP<\/td>\n<\/tr>\n<tr>\n<td>\u015arednica:<\/td>\n<td>30.80 mm<\/td>\n<\/tr>\n<tr>\n<td>Wysoko\u015b\u0107:<\/td>\n<td>11.50 mm<\/td>\n<\/tr>\n<tr>\n<td>Waga:<\/td>\n<td>2.10 g<\/td>\n<\/tr>\n<tr>\n<th colspan=\"2\">Nakr\u0119tka<\/th>\n<\/tr>\n<tr>\n<td>Materia\u0142:<\/td>\n<td>PP<\/td>\n<\/tr>\n<tr>\n<td>\u015arednica:<\/td>\n<td>34.40 mm<\/td>\n<\/tr>\n<tr>\n<td>Wysoko\u015b\u0107:<\/td>\n<td>7.20 mm<\/td>\n<\/tr>\n<tr>\n<td>Waga:<\/td>\n<td>1.40 g<\/td>\n<\/tr>\n<tr>\n<th colspan=\"2\">Komplet<\/th>\n<\/tr>\n<tr>\n<td>Pojemno\u015b\u0107:<\/td>\n<td>5 ml<\/td>\n<\/tr>\n<tr>\n<td>Pojemno\u015b\u0107 ca\u0142kowita<\/td>\n<td>6 ml<\/td>\n<\/tr>\n<tr>\n<td>Materia\u0142:<\/td>\n<td>PP\/PP<\/td>\n<\/tr>\n<tr>\n<td>Wysoko\u015b\u0107:<\/td>\n<td>12.70 mm<\/td>\n<\/tr>\n<tr>\n<td>\u015arednica:<\/td>\n<td>34.40 mm<\/td>\n<\/tr>\n<tr>\n<td>Waga:<\/td>\n<td>3.50 g<\/td>\n<\/tr>\n<\/tbody>\n<\/table>\n<p>Opakowanie jest przeznaczone m.in. do produkt\u00f3w kosmetycznych.<\/p>\n<h2>Pakowanie:<\/h2>\n<table id=\"_technic_table\">\n<thead>\n<tr>\n<th>Nazwa<\/th>\n<th>Pakowanie <small>szt.<\/small><\/th>\n<th>Wymiar kartonu <small>[mm]<\/small><\/th>\n<th>Masa kartonu<sup>*<\/sup>\u00a0<small>[kg]<\/small><\/th>\n<th>Ilo\u015b\u0107 karton\u00f3w na palecie <small>szt.<\/small><\/th>\n<th>Ilo\u015b\u0107 sztuk na palecie <small>szt.<\/small><\/th>\n<th>Pakowanie zgrzewka <small>szt.<\/small><\/th>\n<th>Ilo\u015b\u0107 na palecie <small>szt.<\/small><\/th>\n<\/tr>\n<\/thead>\n<tbody>\n<tr>\n<td>Sp\u00f3d<\/td>\n<td>3000<\/td>\n<td>580x380x230<\/td>\n<td>7.1<\/td>\n<td>32<\/td>\n<td>96000<\/td>\n<td>0<\/td>\n<td>0<\/td>\n<\/tr>\n<tr>\n<td>Nakr\u0119tka<\/td>\n<td>3000<\/td>\n<td>580x380x230<\/td>\n<td>5<\/td>\n<td>32<\/td>\n<td>96000<\/td>\n<td>\u00a0<\/td>\n<td>\u00a0<\/td>\n<\/tr>\n<\/tbody>\n<\/table>\n<p><small>*Podane warto\u015bci maj\u0105 charakter orientacyjny i nie mog\u0105 by\u0107 podstaw\u0105 do roszcze\u0144<\/small><\/p>\n<h2>Mo\u017cliwo\u015bci zadruku:<\/h2>\n<div class=\"hidden-lg\">\n<div class=\"_flex_table pl\">\n<div>\n<table>\n<thead>\n<tr>\n<th rowspan=\"2\">Nazwa detalu<\/th>\n<th colspan=\"3\">Pole zadruku &#8211; SITODRUK<\/th>\n<\/tr>\n<tr>\n<th>dno <small>[mm]<\/small><\/th>\n<th>obw\u00f3d <small>[mm]<\/small><\/th>\n<th>g\u00f3ra <small>[mm]<\/small><\/th>\n<\/tr>\n<\/thead>\n<tbody>\n<tr>\n<td>Sp\u00f3d<\/td>\n<td>x<\/td>\n<td>x<\/td>\n<td>x<\/td>\n<\/tr>\n<\/tbody>\n<\/table>\n<\/div>\n<div>\n<table>\n<thead>\n<tr>\n<th class=\"hidden-lg\" rowspan=\"2\">Nazwa detalu<\/th>\n<th colspan=\"3\">Pole zadruku &#8211; TAMPODRUK<\/th>\n<\/tr>\n<tr>\n<th>dno <small>[mm]<\/small><\/th>\n<th>obw\u00f3d <small>[mm]<\/small><\/th>\n<th>g\u00f3ra <small>[mm]<\/small><\/th>\n<\/tr>\n<\/thead>\n<tbody>\n<tr>\n<td class=\"hidden-lg\">Sp\u00f3d<\/td>\n<td>x<\/td>\n<td>x<\/td>\n<td>x<\/td>\n<\/tr>\n<\/tbody>\n<\/table>\n<\/div>\n<div>\n<table>\n<thead>\n<tr>\n<th class=\"hidden-lg\" rowspan=\"2\">Nazwa detalu<\/th>\n<th colspan=\"2\">Mo\u017cliwo\u015b\u0107 zastosowania HS <small>(wtop)<\/small><\/th>\n<\/tr>\n<tr>\n<th>na obwodzie<\/th>\n<th>na g\u00f3rze<\/th>\n<\/tr>\n<\/thead>\n<tbody>\n<tr>\n<td class=\"hidden-lg\">Sp\u00f3d<\/td>\n<td>x<\/td>\n<td>x<\/td>\n<\/tr>\n<\/tbody>\n<\/table>\n<\/div>\n<div>\n<table>\n<thead>\n<tr>\n<th class=\"hidden-lg\" rowspan=\"2\">Nazwa detalu<\/th>\n<th colspan=\"3\">Pole zadruku &#8211; ETYKIETA<\/th>\n<\/tr>\n<tr>\n<th>dno <small>[mm]<\/small><\/th>\n<th>obw\u00f3d <small>[mm]<\/small><\/th>\n<th>g\u00f3ra <small>[mm]<\/small><\/th>\n<\/tr>\n<\/thead>\n<tbody>\n<tr>\n<td class=\"hidden-lg\">Sp\u00f3d<\/td>\n<td>***<\/td>\n<td>x<\/td>\n<td>x<\/td>\n<\/tr>\n<\/tbody>\n<\/table>\n<\/div>\n<\/div>\n<\/div>\n<p><small>**Do ustalenia po otrzymaniu projektu<\/small><\/p>\n<p><small>x Brak mo\u017cliwo\u015bci zadruku<\/small><\/p>\n<p><small>Podane wymiary zadruku (mm) (wysoko\u015b\u0107 x d\u0142ugo\u015b\u0107)<\/small><\/p>\n<p><small>***Mo\u017cliwo\u015bci etykietowania okre\u015blone przez odbiorc\u0119<\/small><\/p><\/div>\n\t\t\t\t<\/div>\n\t\t\t\t<\/div>\n\t\t\t\t\t\t<\/div>\n\t\t\t<\/div>\n\t\t<\/div>\n\t\t\t\t\t\t<\/div>\n\t\t\t<\/div>\n\t\t<\/section>\n\t\t\t\t\t\t<\/div>\n\t\t\t<\/div>\n\t\t<\/div>\n\t\t","protected":false},"excerpt":{"rendered":"<p>\u00a0 Sp\u00f3d Materia\u0142: PP \u015arednica: 30.80 mm Wysoko\u015b\u0107: 11.50 mm Waga: 2.10 g Nakr\u0119tka Materia\u0142: PP \u015arednica: 34.40 mm Wysoko\u015b\u0107: 7.20 mm Waga: 1.40 g Komplet Pojemno\u015b\u0107: 5 ml Pojemno\u015b\u0107 ca\u0142kowita 6 ml Materia\u0142: PP\/PP Wysoko\u015b\u0107: 12.70 mm \u015arednica: 34.40 mm Waga: 3.50 g Opakowanie jest przeznaczone m.in. do produkt\u00f3w kosmetycznych. Pakowanie: Nazwa Pakowanie szt. [&hellip;]<\/p>\n","protected":false},"author":1,"featured_media":0,"parent":446,"menu_order":1,"comment_status":"closed","ping_status":"closed","template":"","meta":[],"_links":{"self":[{"href":"https:\/\/pepsyna.com\/index.php\/wp-json\/wp\/v2\/pages\/1071"}],"collection":[{"href":"https:\/\/pepsyna.com\/index.php\/wp-json\/wp\/v2\/pages"}],"about":[{"href":"https:\/\/pepsyna.com\/index.php\/wp-json\/wp\/v2\/types\/page"}],"author":[{"embeddable":true,"href":"https:\/\/pepsyna.com\/index.php\/wp-json\/wp\/v2\/users\/1"}],"replies":[{"embeddable":true,"href":"https:\/\/pepsyna.com\/index.php\/wp-json\/wp\/v2\/comments?post=1071"}],"version-history":[{"count":4,"href":"https:\/\/pepsyna.com\/index.php\/wp-json\/wp\/v2\/pages\/1071\/revisions"}],"predecessor-version":[{"id":1337,"href":"https:\/\/pepsyna.com\/index.php\/wp-json\/wp\/v2\/pages\/1071\/revisions\/1337"}],"up":[{"embeddable":true,"href":"https:\/\/pepsyna.com\/index.php\/wp-json\/wp\/v2\/pages\/446"}],"wp:attachment":[{"href":"https:\/\/pepsyna.com\/index.php\/wp-json\/wp\/v2\/media?parent=1071"}],"curies":[{"name":"wp","href":"https:\/\/api.w.org\/{rel}","templated":true}]}}