{"id":1028,"date":"2019-12-17T12:13:26","date_gmt":"2019-12-17T12:13:26","guid":{"rendered":"http:\/\/pepsyna.com\/?page_id=1028"},"modified":"2020-01-14T18:26:01","modified_gmt":"2020-01-14T18:26:01","slug":"sloiki","status":"publish","type":"page","link":"https:\/\/pepsyna.com\/index.php\/pojemniki-plastikowe\/sloiki\/","title":{"rendered":"S\u0141OIKI"},"content":{"rendered":"\t\t<div data-elementor-type=\"wp-page\" data-elementor-id=\"1028\" class=\"elementor elementor-1028\" data-elementor-settings=\"[]\">\n\t\t\t<div class=\"elementor-inner\">\n\t\t\t\t<div class=\"elementor-section-wrap\">\n\t\t\t\t\t\t\t<section class=\"elementor-element elementor-element-6c960ff elementor-section-boxed elementor-section-height-default elementor-section-height-default elementor-section elementor-top-section\" data-id=\"6c960ff\" data-element_type=\"section\">\n\t\t\t\t\t\t<div class=\"elementor-container elementor-column-gap-default\">\n\t\t\t\t<div class=\"elementor-row\">\n\t\t\t\t<div class=\"elementor-element elementor-element-4ac6ed2 elementor-column elementor-col-50 elementor-top-column\" data-id=\"4ac6ed2\" data-element_type=\"column\">\n\t\t\t<div class=\"elementor-column-wrap  elementor-element-populated\">\n\t\t\t\t\t<div class=\"elementor-widget-wrap\">\n\t\t\t\t<div class=\"elementor-element elementor-element-44fe31d elementor-widget elementor-widget-text-editor\" data-id=\"44fe31d\" data-element_type=\"widget\" data-widget_type=\"text-editor.default\">\n\t\t\t\t<div class=\"elementor-widget-container\">\n\t\t\t\t\t<div class=\"elementor-text-editor elementor-clearfix\"><ul><li><h6><a href=\"http:\/\/pepsyna.com\/index.php\/pojemniki-plastikowe\/sloiki\/sloik-typ-2pr-5ml\/\">S\u0142oik Typ 2PR 5ml<\/a><\/h6><\/li><li><h6><a href=\"http:\/\/pepsyna.com\/index.php\/pojemniki-plastikowe\/sloiki\/sloik-typ-2a-5ml\/\">S\u0142oik Typ 2A 5ml<\/a><\/h6><\/li><li><h6><a href=\"http:\/\/pepsyna.com\/index.php\/pojemniki-plastikowe\/sloiki\/sloik-typ-4-z-termosem-5ml\/\">S\u0142oik Typ 4 z termosem 5ml<\/a><\/h6><\/li><li><h6><a href=\"http:\/\/pepsyna.com\/index.php\/pojemniki-plastikowe\/sloiki\/sloik-typ-26-z-termosem-5-ml\/\">S\u0142oik Typ 26 z termosem 5 ml<\/a><\/h6><\/li><li><h6><a href=\"http:\/\/pepsyna.com\/index.php\/pojemniki-plastikowe\/sloiki\/sloik-typ-2a-10ml\/\">S\u0142oik Typ 2A 10ml<\/a><\/h6><\/li><li><h6><a href=\"http:\/\/pepsyna.com\/index.php\/pojemniki-plastikowe\/sloiki\/sloik-typ-3-10ml\/\">S\u0142oik Typ 3 10ml<\/a><\/h6><\/li><li><h6><a href=\"http:\/\/pepsyna.com\/index.php\/pojemniki-plastikowe\/sloiki\/sloik-typ-4-z-termosem-10ml\/\">S\u0142oik Typ 4 z termosem 10ml<\/a><\/h6><\/li><li><h6><a href=\"http:\/\/pepsyna.com\/index.php\/pojemniki-plastikowe\/sloiki\/sloik-typ-26-z-termosem-10ml\/\">S\u0142oik Typ 26 z termosem 10ml<\/a><\/h6><\/li><li><h6><a href=\"http:\/\/pepsyna.com\/index.php\/pojemniki-plastikowe\/sloiki\/sloik-typ-4-z-termosem-15ml\/\">S\u0142oik Typ 4 z termosem 15ml<\/a><\/h6><\/li><li><h6><a href=\"http:\/\/pepsyna.com\/index.php\/pojemniki-plastikowe\/sloiki\/sloik-typ-26-z-termosem-15ml\/\">S\u0142oik Typ 26 z termosem 15ml<\/a><\/h6><\/li><li><h6><a href=\"http:\/\/pepsyna.com\/index.php\/pojemniki-plastikowe\/sloiki\/sloik-typ-13a-z-termosem-15ml\/\">S\u0142oik Typ 13A z termosem 15ml<\/a><\/h6><\/li><li><h6><a href=\"http:\/\/pepsyna.com\/index.php\/pojemniki-plastikowe\/sloiki\/sloik-typ-3a-20ml\/\">S\u0142oik Typ 3A 20ml<\/a><\/h6><\/li><li><h6><a href=\"http:\/\/pepsyna.com\/index.php\/pojemniki-plastikowe\/sloiki\/sloik-typ-3a-30ml\/\">S\u0142oik Typ 3A 30ml<\/a><\/h6><\/li><li><h6><a href=\"http:\/\/pepsyna.com\/index.php\/pojemniki-plastikowe\/sloiki\/sloik-typ-12-50ml\/\">S\u0142oik Typ 12 50ml<\/a><\/h6><\/li><li><h6><a href=\"http:\/\/pepsyna.com\/index.php\/pojemniki-plastikowe\/sloiki\/sloik-typ-1-fi-68-50ml\/\">S\u0142oik Typ 1 fi 68 50ml<\/a><\/h6><\/li><li><h6><a href=\"http:\/\/pepsyna.com\/index.php\/pojemniki-plastikowe\/sloiki\/sloik-typ-3a-n-50ml\/\">S\u0142oik Typ 3A N 50ml<\/a><\/h6><\/li><li><h6><a href=\"http:\/\/pepsyna.com\/index.php\/pojemniki-plastikowe\/sloiki\/sloik-typ-3a-w-50ml\/\">S\u0142oik Typ 3A W 50ml<\/a><\/h6><\/li><li><h6><a href=\"http:\/\/pepsyna.com\/index.php\/pojemniki-plastikowe\/sloiki\/sloik-typ-14-50ml\/\">S\u0142oik Typ 14 50ml<\/a><\/h6><\/li><li><h6><a href=\"http:\/\/pepsyna.com\/index.php\/pojemniki-plastikowe\/sloiki\/sloik-typ-15b-z-termosem-50ml\/\">S\u0142oik Typ 15B z termosem 50ml<\/a><\/h6><\/li><li><h6><a href=\"http:\/\/pepsyna.com\/index.php\/pojemniki-plastikowe\/sloiki\/sloik-typ-13-z-termosem-50ml\/\">S\u0142oik Typ 13 z termosem 50ml<\/a><\/h6><\/li><li><h6><a href=\"http:\/\/pepsyna.com\/index.php\/pojemniki-plastikowe\/sloiki\/sloik-typ-18-z-termosem-50ml\/\">S\u0142oik Typ 18 z termosem 50ml<\/a><\/h6><\/li><li><h6><a href=\"http:\/\/pepsyna.com\/index.php\/pojemniki-plastikowe\/sloiki\/sloik-typ-26-z-termosem-50ml\/\">S\u0142oik Typ 26 z termosem 50ml<\/a><\/h6><\/li><\/ul><\/div>\n\t\t\t\t<\/div>\n\t\t\t\t<\/div>\n\t\t\t\t\t\t<\/div>\n\t\t\t<\/div>\n\t\t<\/div>\n\t\t\t\t<div class=\"elementor-element elementor-element-e08ac2a elementor-column elementor-col-50 elementor-top-column\" data-id=\"e08ac2a\" data-element_type=\"column\">\n\t\t\t<div class=\"elementor-column-wrap  elementor-element-populated\">\n\t\t\t\t\t<div class=\"elementor-widget-wrap\">\n\t\t\t\t<div class=\"elementor-element elementor-element-14c812c elementor-widget elementor-widget-text-editor\" data-id=\"14c812c\" data-element_type=\"widget\" data-widget_type=\"text-editor.default\">\n\t\t\t\t<div class=\"elementor-widget-container\">\n\t\t\t\t\t<div class=\"elementor-text-editor elementor-clearfix\"><ul><li><h6><a href=\"http:\/\/pepsyna.com\/index.php\/pojemniki-plastikowe\/sloiki\/sloik-typ-1-fi-68-75ml\/\">S\u0142oik Typ 1 fi 68 75ml<\/a><\/h6><\/li><li><h6><a href=\"http:\/\/pepsyna.com\/index.php\/pojemniki-plastikowe\/sloiki\/sloik-typ-1-fi-68-50ml\/\">S\u0142oik Typ 1 fi 68 50ml<\/a><\/h6><\/li><li><h6><a href=\"http:\/\/pepsyna.com\/index.php\/pojemniki-plastikowe\/sloiki\/sloik-typ-1-fi-68-75ml\/\">S\u0142oik Typ 1 fi 68 75ml<\/a><\/h6><\/li><li><h6><a href=\"http:\/\/pepsyna.com\/index.php\/pojemniki-plastikowe\/sloiki\/sloik-typ-1-fi-68-100ml\/\">S\u0142oik Typ 1 fi 90 100ml<\/a><\/h6><\/li><li><h6><a href=\"http:\/\/pepsyna.com\/index.php\/pojemniki-plastikowe\/sloiki\/sloik-typ-1-fi-68-100ml\/\">S\u0142oik Typ 1 fi 68 100ml<\/a><\/h6><\/li><li><h6><a href=\"http:\/\/pepsyna.com\/index.php\/pojemniki-plastikowe\/sloiki\/sloik-typ-12-100ml\/\">S\u0142oik Typ 12 100ml<\/a><\/h6><\/li><li><h6><a href=\"http:\/\/pepsyna.com\/index.php\/pojemniki-plastikowe\/sloiki\/sloik-typ-14-100ml\/\">S\u0142oik Typ 14 100ml<\/a><\/h6><\/li><li><h6><a href=\"http:\/\/pepsyna.com\/index.php\/pojemniki-plastikowe\/sloiki\/sloik-typ-26-z-termosem-100ml\/\">S\u0142oik Typ 26 z termosem 100ml<\/a><\/h6><\/li><li><h6><a href=\"http:\/\/pepsyna.com\/index.php\/pojemniki-plastikowe\/sloiki\/sloik-typ-19-dwukomorowy-2x125ml\/\">S\u0142oik Typ 19 dwukomorowy 2x125ml<\/a><\/h6><\/li><li><h6><a href=\"http:\/\/pepsyna.com\/index.php\/pojemniki-plastikowe\/sloiki\/sloik-typ-26-z-termosem-150ml\/\">S\u0142oik Typ 26 z termosem 150ml<\/a><\/h6><\/li><li><h6><a href=\"http:\/\/pepsyna.com\/index.php\/pojemniki-plastikowe\/sloiki\/sloik-typ-12-165ml\/\">S\u0142oik Typ 12 165ml<\/a><\/h6><\/li><li><h6><a href=\"http:\/\/pepsyna.com\/index.php\/pojemniki-plastikowe\/sloiki\/sloik-typ-3a-170ml\/\">S\u0142oik Typ 3A 170ml<\/a><\/h6><\/li><li><h6><a href=\"http:\/\/pepsyna.com\/index.php\/pojemniki-plastikowe\/sloiki\/sloik-typ-1-fi-90-200ml\/\">S\u0142oik Typ 1 fi 90 200ml<\/a><\/h6><\/li><li><h6><a href=\"http:\/\/pepsyna.com\/index.php\/pojemniki-plastikowe\/sloiki\/sloik-typ-26-z-termosem-200ml\/\">S\u0142oik Typ 26 z termosem 200ml<\/a><\/h6><\/li><li><h6><a href=\"http:\/\/pepsyna.com\/index.php\/sloik-typ-12-270ml\/\">S\u0142oik Typ 12 270ml<\/a><\/h6><\/li><li><h6><a href=\"http:\/\/pepsyna.com\/index.php\/pojemniki-plastikowe\/sloiki\/sloik-typ-1-fi-90-300ml\/\">S\u0142oik Typ 1 fi 90 300ml<\/a><\/h6><\/li><li><h6><a href=\"http:\/\/pepsyna.com\/index.php\/pojemniki-plastikowe\/sloiki\/sloik-typ-13a-z-termosem-300ml\/\">S\u0142oik Typ 13A z termosem 300ml<\/a><\/h6><\/li><li><h6><a href=\"http:\/\/pepsyna.com\/index.php\/pojemniki-plastikowe\/sloiki\/sloik-typ-26-z-termosem-300ml\/\">S\u0142oik Typ 26 z termosem 300ml<\/a><\/h6><\/li><li><h6><a href=\"http:\/\/pepsyna.com\/index.php\/pojemniki-plastikowe\/sloiki\/sloik-typ-29-z-nakretka-gladka-600ml\/\">S\u0142oik Typ 29 z Nakr\u0119tk\u0105 G\u0142adk\u0105 600ml<\/a><\/h6><\/li><li><h6><a href=\"http:\/\/pepsyna.com\/index.php\/pojemniki-plastikowe\/sloiki\/sloik-typ-29-1000-ml\/\">S\u0142oik Typ 29 1000 ml<\/a><\/h6><\/li><li><h6><a href=\"http:\/\/pepsyna.com\/index.php\/sloik-typ-29-z-nakretka-gladka-1300ml\/\">S\u0142oik Typ 29 z Nakr\u0119tk\u0105 G\u0142adk\u0105 1300ml<\/a><\/h6><\/li><li><h6><a href=\"http:\/\/pepsyna.com\/index.php\/pojemniki-plastikowe\/sloiki\/sloik-typ-29-z-nakretka-ryflowana-1300ml\/\">S\u0142oik Typ 29 z Nakr\u0119tk\u0105 Ryflowan\u0105 1300ml<\/a><\/h6><\/li><\/ul><\/div>\n\t\t\t\t<\/div>\n\t\t\t\t<\/div>\n\t\t\t\t\t\t<\/div>\n\t\t\t<\/div>\n\t\t<\/div>\n\t\t\t\t\t\t<\/div>\n\t\t\t<\/div>\n\t\t<\/section>\n\t\t\t\t\t\t<\/div>\n\t\t\t<\/div>\n\t\t<\/div>\n\t\t","protected":false},"excerpt":{"rendered":"<p>S\u0142oik Typ 2PR 5ml S\u0142oik Typ 2A 5ml S\u0142oik Typ 4 z termosem 5ml S\u0142oik Typ 26 z termosem 5 ml S\u0142oik Typ 2A 10ml S\u0142oik Typ 3 10ml S\u0142oik Typ 4 z termosem 10ml S\u0142oik Typ 26 z termosem 10ml S\u0142oik Typ 4 z termosem 15ml S\u0142oik Typ 26 z termosem 15ml S\u0142oik Typ [&hellip;]<\/p>\n","protected":false},"author":1,"featured_media":0,"parent":32,"menu_order":3,"comment_status":"closed","ping_status":"closed","template":"","meta":[],"_links":{"self":[{"href":"https:\/\/pepsyna.com\/index.php\/wp-json\/wp\/v2\/pages\/1028"}],"collection":[{"href":"https:\/\/pepsyna.com\/index.php\/wp-json\/wp\/v2\/pages"}],"about":[{"href":"https:\/\/pepsyna.com\/index.php\/wp-json\/wp\/v2\/types\/page"}],"author":[{"embeddable":true,"href":"https:\/\/pepsyna.com\/index.php\/wp-json\/wp\/v2\/users\/1"}],"replies":[{"embeddable":true,"href":"https:\/\/pepsyna.com\/index.php\/wp-json\/wp\/v2\/comments?post=1028"}],"version-history":[{"count":7,"href":"https:\/\/pepsyna.com\/index.php\/wp-json\/wp\/v2\/pages\/1028\/revisions"}],"predecessor-version":[{"id":1447,"href":"https:\/\/pepsyna.com\/index.php\/wp-json\/wp\/v2\/pages\/1028\/revisions\/1447"}],"up":[{"embeddable":true,"href":"https:\/\/pepsyna.com\/index.php\/wp-json\/wp\/v2\/pages\/32"}],"wp:attachment":[{"href":"https:\/\/pepsyna.com\/index.php\/wp-json\/wp\/v2\/media?parent=1028"}],"curies":[{"name":"wp","href":"https:\/\/api.w.org\/{rel}","templated":true}]}}